{"id":840,"date":"2018-05-16T13:17:16","date_gmt":"2018-05-16T10:17:16","guid":{"rendered":"https:\/\/shebeauty.ee\/product\/import-placeholder-for-645\/"},"modified":"2025-11-22T14:02:27","modified_gmt":"2025-11-22T12:02:27","slug":"slaavi-juuksepikendused-70-75cm","status":"publish","type":"product","link":"https:\/\/shebeauty.ee\/en\/product\/slaavi-juuksepikendused-70-75cm\/","title":{"rendered":"Slavic hair extensions (70-75cm)"},"content":{"rendered":"<h1 class=\"product_title entry-title\">Slavic hair extensions (70-75cm) \u2013 Standard\/ Lux<\/h1>\n<p>In our selection:<\/p>\n<p><span class=\"pq6dq46d tbxw36s4 knj5qynh kvgmc6g5 ditlmg2l oygrvhab nvdbi5me sf5mxxl7 gl3lb2sf hhz5lgdu\"><img decoding=\"async\" src=\"https:\/\/static.xx.fbcdn.net\/images\/emoji.php\/v9\/tf9\/1\/16\/1f48e.png\" alt=\"\ud83d\udc8e\" width=\"16\" height=\"16\" \/><\/span> Slavic standard, lux, custom locks (1g+), micro, with double drawn ends, children's hair with silky fine hair.<\/p>\n<p><span class=\"pq6dq46d tbxw36s4 knj5qynh kvgmc6g5 ditlmg2l oygrvhab nvdbi5me sf5mxxl7 gl3lb2sf hhz5lgdu\"><img decoding=\"async\" src=\"https:\/\/static.xx.fbcdn.net\/images\/emoji.php\/v9\/tf9\/1\/16\/1f48e.png\" alt=\"\ud83d\udc8e\" width=\"16\" height=\"16\" \/> <\/span>A very wide selection of shades and it is possible to order colored shades according to your wishes.<\/p>\n<p><span class=\"pq6dq46d tbxw36s4 knj5qynh kvgmc6g5 ditlmg2l oygrvhab nvdbi5me sf5mxxl7 gl3lb2sf hhz5lgdu\"><img decoding=\"async\" src=\"https:\/\/static.xx.fbcdn.net\/images\/emoji.php\/v9\/tf9\/1\/16\/1f48e.png\" alt=\"\ud83d\udc8e\" width=\"16\" height=\"16\" \/> <\/span>Straight with fine hair, straight with thicker heavy hair, fluffier wavy hair, lux curly hair and thicker curls.<\/p>\n<p><span class=\"pq6dq46d tbxw36s4 knj5qynh kvgmc6g5 ditlmg2l oygrvhab nvdbi5me sf5mxxl7 gl3lb2sf hhz5lgdu\"><img decoding=\"async\" src=\"https:\/\/static.xx.fbcdn.net\/images\/emoji.php\/v9\/tf9\/1\/16\/1f48e.png\" alt=\"\ud83d\udc8e\" width=\"16\" height=\"16\" \/> <\/span>All braids are fixed with high-quality keratin granules (transparent, brown, black).<\/p>\n<p>NB! It is also possible to buy loose patties!<\/p>\n<p>All our hair is of high quality and from the best factories. The hair has certificates and acquires the Slavic name.<\/p>\n<p>Cooperation partners are subject to a guarantee (for technicians).<\/p>\n<p>We ask private clients to be very precise in finding a suitable structure and to consult us. In addition, we ask that you only use the best professional hair care products available in our online store!<\/p>","protected":false},"excerpt":{"rendered":"<p>Slaavi juuksepikendused (70-75cm) &#8211; Standard\/ Lux Meie valikus: Slaavi standard, lux, eritellimusel salgud (1g+), mikro, double drawn otsaga, laste siidise peene karvaga juuksed. V\u00e4ga lai toonide valik ning v\u00f5imalik tellida vastavalt enda soovidele v\u00e4rvilisi toone. Sirge peene karvaga, sirge paksema raske karvaga, kohevama laines karvaga, lux lokkis juuksed ja kahusemad lokid. K\u00f5ikidele patsidele on kinnitus [&hellip;]<\/p>\n","protected":false},"featured_media":861,"comment_status":"open","ping_status":"closed","template":"","meta":{"site-sidebar-layout":"default","site-content-layout":"","ast-site-content-layout":"default","site-content-style":"default","site-sidebar-style":"default","ast-global-header-display":"","ast-banner-title-visibility":"","ast-main-header-display":"","ast-hfb-above-header-display":"","ast-hfb-below-header-display":"","ast-hfb-mobile-header-display":"","site-post-title":"","ast-breadcrumbs-content":"","ast-featured-img":"","footer-sml-layout":"","ast-disable-related-posts":"","theme-transparent-header-meta":"default","adv-header-id-meta":"","stick-header-meta":"","header-above-stick-meta":"","header-main-stick-meta":"","header-below-stick-meta":"","astra-migrate-meta-layouts":"set","ast-page-background-enabled":"default","ast-page-background-meta":{"desktop":{"background-color":"var(--ast-global-color-4)","background-image":"","background-repeat":"repeat","background-position":"center center","background-size":"auto","background-attachment":"scroll","background-type":"","background-media":"","overlay-type":"","overlay-color":"","overlay-opacity":"","overlay-gradient":""},"tablet":{"background-color":"","background-image":"","background-repeat":"repeat","background-position":"center center","background-size":"auto","background-attachment":"scroll","background-type":"","background-media":"","overlay-type":"","overlay-color":"","overlay-opacity":"","overlay-gradient":""},"mobile":{"background-color":"","background-image":"","background-repeat":"repeat","background-position":"center center","background-size":"auto","background-attachment":"scroll","background-type":"","background-media":"","overlay-type":"","overlay-color":"","overlay-opacity":"","overlay-gradient":""}},"ast-content-background-meta":{"desktop":{"background-color":"var(--ast-global-color-5)","background-image":"","background-repeat":"repeat","background-position":"center center","background-size":"auto","background-attachment":"scroll","background-type":"","background-media":"","overlay-type":"","overlay-color":"","overlay-opacity":"","overlay-gradient":""},"tablet":{"background-color":"var(--ast-global-color-5)","background-image":"","background-repeat":"repeat","background-position":"center center","background-size":"auto","background-attachment":"scroll","background-type":"","background-media":"","overlay-type":"","overlay-color":"","overlay-opacity":"","overlay-gradient":""},"mobile":{"background-color":"var(--ast-global-color-5)","background-image":"","background-repeat":"repeat","background-position":"center center","background-size":"auto","background-attachment":"scroll","background-type":"","background-media":"","overlay-type":"","overlay-color":"","overlay-opacity":"","overlay-gradient":""}}},"product_brand":[],"product_cat":[19],"product_tag":[],"giftcard-category":[],"class_list":{"0":"post-840","1":"product","2":"type-product","3":"status-publish","4":"has-post-thumbnail","6":"product_cat-juuksepikendused","7":"desktop-align-center","8":"tablet-align-left","9":"mobile-align-left","11":"first","12":"instock","13":"purchasable","14":"product-type-variable"},"yoast_head":"<!-- This site is optimized with the Yoast SEO plugin v27.3 - https:\/\/yoast.com\/product\/yoast-seo-wordpress\/ -->\n<title>Slaavi juuksepikendused (70-75cm) - She Beauty Studio<\/title>\n<meta name=\"robots\" content=\"index, follow, max-snippet:-1, max-image-preview:large, max-video-preview:-1\" \/>\n<link rel=\"canonical\" href=\"https:\/\/shebeauty.ee\/en\/product\/slaavi-juuksepikendused-70-75cm\/\" \/>\n<meta property=\"og:locale\" content=\"en_US\" \/>\n<meta property=\"og:type\" content=\"article\" \/>\n<meta property=\"og:title\" content=\"Slaavi juuksepikendused (70-75cm) - She Beauty Studio\" \/>\n<meta property=\"og:description\" content=\"Slaavi juuksepikendused (70-75cm) &#8211; Standard\/ Lux Meie valikus: Slaavi standard, lux, eritellimusel salgud (1g+), mikro, double drawn otsaga, laste siidise peene karvaga juuksed. V\u00e4ga lai toonide valik ning v\u00f5imalik tellida vastavalt enda soovidele v\u00e4rvilisi toone. Sirge peene karvaga, sirge paksema raske karvaga, kohevama laines karvaga, lux lokkis juuksed ja kahusemad lokid. K\u00f5ikidele patsidele on kinnitus [&hellip;]\" \/>\n<meta property=\"og:url\" content=\"https:\/\/shebeauty.ee\/en\/product\/slaavi-juuksepikendused-70-75cm\/\" \/>\n<meta property=\"og:site_name\" content=\"She Beauty Studio\" \/>\n<meta property=\"article:modified_time\" content=\"2025-11-22T12:02:27+00:00\" \/>\n<meta property=\"og:image\" content=\"https:\/\/shebeauty.ee\/wp-content\/uploads\/2018\/05\/juuksepikenduste-pikkused.jpg\" \/>\n\t<meta property=\"og:image:width\" content=\"500\" \/>\n\t<meta property=\"og:image:height\" content=\"500\" \/>\n\t<meta property=\"og:image:type\" content=\"image\/jpeg\" \/>\n<meta name=\"twitter:card\" content=\"summary_large_image\" \/>\n<meta name=\"twitter:label1\" content=\"Est. reading time\" \/>\n\t<meta name=\"twitter:data1\" content=\"2 minutes\" \/>\n<script type=\"application\/ld+json\" class=\"yoast-schema-graph\">{\"@context\":\"https:\\\/\\\/schema.org\",\"@graph\":[{\"@type\":\"WebPage\",\"@id\":\"https:\\\/\\\/shebeauty.ee\\\/toode\\\/slaavi-juuksepikendused-70-75cm\\\/\",\"url\":\"https:\\\/\\\/shebeauty.ee\\\/toode\\\/slaavi-juuksepikendused-70-75cm\\\/\",\"name\":\"Slaavi juuksepikendused (70-75cm) - She Beauty Studio\",\"isPartOf\":{\"@id\":\"https:\\\/\\\/shebeauty.ee\\\/#website\"},\"primaryImageOfPage\":{\"@id\":\"https:\\\/\\\/shebeauty.ee\\\/toode\\\/slaavi-juuksepikendused-70-75cm\\\/#primaryimage\"},\"image\":{\"@id\":\"https:\\\/\\\/shebeauty.ee\\\/toode\\\/slaavi-juuksepikendused-70-75cm\\\/#primaryimage\"},\"thumbnailUrl\":\"https:\\\/\\\/shebeauty.ee\\\/wp-content\\\/uploads\\\/2018\\\/05\\\/juuksepikenduste-pikkused.jpg\",\"datePublished\":\"2018-05-16T10:17:16+00:00\",\"dateModified\":\"2025-11-22T12:02:27+00:00\",\"breadcrumb\":{\"@id\":\"https:\\\/\\\/shebeauty.ee\\\/toode\\\/slaavi-juuksepikendused-70-75cm\\\/#breadcrumb\"},\"inLanguage\":\"en-US\",\"potentialAction\":[{\"@type\":\"ReadAction\",\"target\":[\"https:\\\/\\\/shebeauty.ee\\\/toode\\\/slaavi-juuksepikendused-70-75cm\\\/\"]}]},{\"@type\":\"ImageObject\",\"inLanguage\":\"en-US\",\"@id\":\"https:\\\/\\\/shebeauty.ee\\\/toode\\\/slaavi-juuksepikendused-70-75cm\\\/#primaryimage\",\"url\":\"https:\\\/\\\/shebeauty.ee\\\/wp-content\\\/uploads\\\/2018\\\/05\\\/juuksepikenduste-pikkused.jpg\",\"contentUrl\":\"https:\\\/\\\/shebeauty.ee\\\/wp-content\\\/uploads\\\/2018\\\/05\\\/juuksepikenduste-pikkused.jpg\",\"width\":500,\"height\":500,\"caption\":\"Juuksepikendused\"},{\"@type\":\"BreadcrumbList\",\"@id\":\"https:\\\/\\\/shebeauty.ee\\\/toode\\\/slaavi-juuksepikendused-70-75cm\\\/#breadcrumb\",\"itemListElement\":[{\"@type\":\"ListItem\",\"position\":1,\"name\":\"Home\",\"item\":\"https:\\\/\\\/shebeauty.ee\\\/\"},{\"@type\":\"ListItem\",\"position\":2,\"name\":\"Pood\",\"item\":\"https:\\\/\\\/shebeauty.ee\\\/e-pood\\\/\"},{\"@type\":\"ListItem\",\"position\":3,\"name\":\"Slaavi juuksepikendused (70-75cm)\"}]},{\"@type\":\"WebSite\",\"@id\":\"https:\\\/\\\/shebeauty.ee\\\/#website\",\"url\":\"https:\\\/\\\/shebeauty.ee\\\/\",\"name\":\"She Beauty Studio\",\"description\":\"Juuksestuudio\",\"publisher\":{\"@id\":\"https:\\\/\\\/shebeauty.ee\\\/#organization\"},\"potentialAction\":[{\"@type\":\"SearchAction\",\"target\":{\"@type\":\"EntryPoint\",\"urlTemplate\":\"https:\\\/\\\/shebeauty.ee\\\/?s={search_term_string}\"},\"query-input\":{\"@type\":\"PropertyValueSpecification\",\"valueRequired\":true,\"valueName\":\"search_term_string\"}}],\"inLanguage\":\"en-US\"},{\"@type\":\"Organization\",\"@id\":\"https:\\\/\\\/shebeauty.ee\\\/#organization\",\"name\":\"She Beauty O\u00dc\",\"url\":\"https:\\\/\\\/shebeauty.ee\\\/\",\"logo\":{\"@type\":\"ImageObject\",\"inLanguage\":\"en-US\",\"@id\":\"https:\\\/\\\/shebeauty.ee\\\/#\\\/schema\\\/logo\\\/image\\\/\",\"url\":\"https:\\\/\\\/shebeauty.ee\\\/wp-content\\\/uploads\\\/2023\\\/10\\\/IMG_0585.jpg\",\"contentUrl\":\"https:\\\/\\\/shebeauty.ee\\\/wp-content\\\/uploads\\\/2023\\\/10\\\/IMG_0585.jpg\",\"width\":1284,\"height\":1300,\"caption\":\"She Beauty O\u00dc\"},\"image\":{\"@id\":\"https:\\\/\\\/shebeauty.ee\\\/#\\\/schema\\\/logo\\\/image\\\/\"}}]}<\/script>\n<!-- \/ Yoast SEO plugin. -->","yoast_head_json":{"title":"Slaavi juuksepikendused (70-75cm) - She Beauty Studio","robots":{"index":"index","follow":"follow","max-snippet":"max-snippet:-1","max-image-preview":"max-image-preview:large","max-video-preview":"max-video-preview:-1"},"canonical":"https:\/\/shebeauty.ee\/en\/product\/slaavi-juuksepikendused-70-75cm\/","og_locale":"en_US","og_type":"article","og_title":"Slaavi juuksepikendused (70-75cm) - She Beauty Studio","og_description":"Slaavi juuksepikendused (70-75cm) &#8211; Standard\/ Lux Meie valikus: Slaavi standard, lux, eritellimusel salgud (1g+), mikro, double drawn otsaga, laste siidise peene karvaga juuksed. V\u00e4ga lai toonide valik ning v\u00f5imalik tellida vastavalt enda soovidele v\u00e4rvilisi toone. Sirge peene karvaga, sirge paksema raske karvaga, kohevama laines karvaga, lux lokkis juuksed ja kahusemad lokid. K\u00f5ikidele patsidele on kinnitus [&hellip;]","og_url":"https:\/\/shebeauty.ee\/en\/product\/slaavi-juuksepikendused-70-75cm\/","og_site_name":"She Beauty Studio","article_modified_time":"2025-11-22T12:02:27+00:00","og_image":[{"width":500,"height":500,"url":"https:\/\/shebeauty.ee\/wp-content\/uploads\/2018\/05\/juuksepikenduste-pikkused.jpg","type":"image\/jpeg"}],"twitter_card":"summary_large_image","twitter_misc":{"Est. reading time":"2 minutes"},"schema":{"@context":"https:\/\/schema.org","@graph":[{"@type":"WebPage","@id":"https:\/\/shebeauty.ee\/toode\/slaavi-juuksepikendused-70-75cm\/","url":"https:\/\/shebeauty.ee\/toode\/slaavi-juuksepikendused-70-75cm\/","name":"Slaavi juuksepikendused (70-75cm) - She Beauty Studio","isPartOf":{"@id":"https:\/\/shebeauty.ee\/#website"},"primaryImageOfPage":{"@id":"https:\/\/shebeauty.ee\/toode\/slaavi-juuksepikendused-70-75cm\/#primaryimage"},"image":{"@id":"https:\/\/shebeauty.ee\/toode\/slaavi-juuksepikendused-70-75cm\/#primaryimage"},"thumbnailUrl":"https:\/\/shebeauty.ee\/wp-content\/uploads\/2018\/05\/juuksepikenduste-pikkused.jpg","datePublished":"2018-05-16T10:17:16+00:00","dateModified":"2025-11-22T12:02:27+00:00","breadcrumb":{"@id":"https:\/\/shebeauty.ee\/toode\/slaavi-juuksepikendused-70-75cm\/#breadcrumb"},"inLanguage":"en-US","potentialAction":[{"@type":"ReadAction","target":["https:\/\/shebeauty.ee\/toode\/slaavi-juuksepikendused-70-75cm\/"]}]},{"@type":"ImageObject","inLanguage":"en-US","@id":"https:\/\/shebeauty.ee\/toode\/slaavi-juuksepikendused-70-75cm\/#primaryimage","url":"https:\/\/shebeauty.ee\/wp-content\/uploads\/2018\/05\/juuksepikenduste-pikkused.jpg","contentUrl":"https:\/\/shebeauty.ee\/wp-content\/uploads\/2018\/05\/juuksepikenduste-pikkused.jpg","width":500,"height":500,"caption":"Juuksepikendused"},{"@type":"BreadcrumbList","@id":"https:\/\/shebeauty.ee\/toode\/slaavi-juuksepikendused-70-75cm\/#breadcrumb","itemListElement":[{"@type":"ListItem","position":1,"name":"Home","item":"https:\/\/shebeauty.ee\/"},{"@type":"ListItem","position":2,"name":"Pood","item":"https:\/\/shebeauty.ee\/e-pood\/"},{"@type":"ListItem","position":3,"name":"Slaavi juuksepikendused (70-75cm)"}]},{"@type":"WebSite","@id":"https:\/\/shebeauty.ee\/#website","url":"https:\/\/shebeauty.ee\/","name":"She Beauty Studio","description":"Juuksestuudio","publisher":{"@id":"https:\/\/shebeauty.ee\/#organization"},"potentialAction":[{"@type":"SearchAction","target":{"@type":"EntryPoint","urlTemplate":"https:\/\/shebeauty.ee\/?s={search_term_string}"},"query-input":{"@type":"PropertyValueSpecification","valueRequired":true,"valueName":"search_term_string"}}],"inLanguage":"en-US"},{"@type":"Organization","@id":"https:\/\/shebeauty.ee\/#organization","name":"She Beauty O\u00dc","url":"https:\/\/shebeauty.ee\/","logo":{"@type":"ImageObject","inLanguage":"en-US","@id":"https:\/\/shebeauty.ee\/#\/schema\/logo\/image\/","url":"https:\/\/shebeauty.ee\/wp-content\/uploads\/2023\/10\/IMG_0585.jpg","contentUrl":"https:\/\/shebeauty.ee\/wp-content\/uploads\/2023\/10\/IMG_0585.jpg","width":1284,"height":1300,"caption":"She Beauty O\u00dc"},"image":{"@id":"https:\/\/shebeauty.ee\/#\/schema\/logo\/image\/"}}]}},"_links":{"self":[{"href":"https:\/\/shebeauty.ee\/en\/wp-json\/wp\/v2\/product\/840","targetHints":{"allow":["GET"]}}],"collection":[{"href":"https:\/\/shebeauty.ee\/en\/wp-json\/wp\/v2\/product"}],"about":[{"href":"https:\/\/shebeauty.ee\/en\/wp-json\/wp\/v2\/types\/product"}],"replies":[{"embeddable":true,"href":"https:\/\/shebeauty.ee\/en\/wp-json\/wp\/v2\/comments?post=840"}],"wp:featuredmedia":[{"embeddable":true,"href":"https:\/\/shebeauty.ee\/en\/wp-json\/wp\/v2\/media\/861"}],"wp:attachment":[{"href":"https:\/\/shebeauty.ee\/en\/wp-json\/wp\/v2\/media?parent=840"}],"wp:term":[{"taxonomy":"product_brand","embeddable":true,"href":"https:\/\/shebeauty.ee\/en\/wp-json\/wp\/v2\/product_brand?post=840"},{"taxonomy":"product_cat","embeddable":true,"href":"https:\/\/shebeauty.ee\/en\/wp-json\/wp\/v2\/product_cat?post=840"},{"taxonomy":"product_tag","embeddable":true,"href":"https:\/\/shebeauty.ee\/en\/wp-json\/wp\/v2\/product_tag?post=840"},{"taxonomy":"giftcard-category","embeddable":true,"href":"https:\/\/shebeauty.ee\/en\/wp-json\/wp\/v2\/giftcard-category?post=840"}],"curies":[{"name":"wp","href":"https:\/\/api.w.org\/{rel}","templated":true}]}}