{"id":6602,"date":"2026-04-26T21:42:22","date_gmt":"2026-04-26T18:42:22","guid":{"rendered":"https:\/\/shebeauty.ee\/?post_type=product&#038;p=6602"},"modified":"2026-04-26T22:00:13","modified_gmt":"2026-04-26T19:00:13","slug":"cromya-light-reflecting-colour-mask-200ml","status":"publish","type":"product","link":"https:\/\/shebeauty.ee\/en\/product\/cromya-light-reflecting-colour-mask-200ml\/","title":{"rendered":"Cromya Light-Reflecting Colour Mask 200ml"},"content":{"rendered":"<p data-start=\"292\" data-end=\"594\">Cromya Light-Reflecting Colour Mask on intensiivselt tooniv juuksemask. Tammeekstraktiga rikastatud koostis annab juustele s\u00e4ra ja eluj\u00f5u. Antioks\u00fcdantsed ning tasakaalustavad omadused aitavad kaitsta juukseid ja s\u00e4ilitada nende loomulikku ilu.<\/p>\n<p data-start=\"200\" data-end=\"214\"><strong data-start=\"200\" data-end=\"212\">Eelised:<\/strong><\/p>\n<ul data-start=\"215\" data-end=\"585\">\n<li data-section-id=\"8uj1w3\" data-start=\"215\" data-end=\"259\">Annab juustele loomuliku ja s\u00e4rava l\u00e4ike<\/li>\n<li data-section-id=\"1qw6j8s\" data-start=\"260\" data-end=\"323\">Neutraliseerib soovimatud kollakad toonid blondidel juustel<\/li>\n<li data-section-id=\"1hg3z47\" data-start=\"324\" data-end=\"389\">Pikendab ja v\u00e4rskendab v\u00e4rvitud juuste tooni v\u00e4rvimiste vahel<\/li>\n<li data-section-id=\"1jeka2x\" data-start=\"390\" data-end=\"472\">Aitab korrigeerida soovimatuid varjundeid ja lisab ajutisi intensiivseid toone<\/li>\n<li data-section-id=\"10vfw07\" data-start=\"473\" data-end=\"506\">Katab esimesed hallid juuksed<\/li>\n<li data-section-id=\"14amizb\" data-start=\"507\" data-end=\"548\">Toidab juukseid neid raskeks muutmata<\/li>\n<li data-section-id=\"6dasxj\" data-start=\"549\" data-end=\"585\">Tulemus p\u00fcsib kuni 4\u20136 pesukorda<\/li>\n<\/ul>\n<p data-start=\"587\" data-end=\"769\"><strong data-start=\"587\" data-end=\"602\">Usage:<\/strong><br data-start=\"602\" data-end=\"605\" \/>Kanna kindaid ja jaota mask pestud ning r\u00e4tikukuivade juuste pikkustele ja otstele. Lase m\u00f5juda 5\u201320 minutit vastavalt soovitud intensiivsusele. Loputa hoolikalt.<\/p>\n<p data-start=\"771\" data-end=\"829\"><strong>Toonide segamine (unikaalse tulemuse saavutamiseks):<\/strong><\/p>\n<ul data-start=\"830\" data-end=\"1135\" data-is-last-node=\"\" data-is-only-node=\"\">\n<li data-section-id=\"gnidxc\" data-start=\"830\" data-end=\"882\">Hot Caramel: 1 g Spicy Copper + 5 g Melted Cocoa<\/li>\n<li data-section-id=\"1bw2alu\" data-start=\"883\" data-end=\"973\">Metallic Silver (soovitatav blondeeritud juustele): 10 g Space Silver + 1 g Black Onyx<\/li>\n<li data-section-id=\"1pf7je9\" data-start=\"974\" data-end=\"1029\">Honey Blondie: 5 g Real Blondie + 10 g Space Silver<\/li>\n<li data-section-id=\"1fffs1o\" data-start=\"1030\" data-end=\"1084\">Sand Blondie: 5 g Space Silver + 10 g Real Blondie<\/li>\n<li data-section-id=\"159njdh\" data-start=\"1085\" data-end=\"1135\" data-is-last-node=\"\">Light Cherry: 10 g Melted Cocoa + 3 g Deep Red<\/li>\n<\/ul>\n<p data-start=\"868\" data-end=\"963\"><strong>Ingredients:<br \/>\n<\/strong>AQUA (WATER), CETEARYL ALCOHOL, GLYCERYL STEARATE, CETRIMONIUM CHLORIDE, GLYCERIN, CAPRYLIC\/CAPRIC TRIGLYCERIDE, BASIC BLUE 99, PARFUM (FRAGRANCE), BEHENTRIMONIUM CHLORIDE, QUATERNIUM-87, ACID BLACK 1, HC BLUE NO. 2, HC YELLOW NO. 2, PROPYLENE GLYCOL, ISOPROPYL ALCOHOL, CITRIC ACID, CRAMBE ABYSSINICA SEED OIL, BENZYL SALICYLATE, HEXAMETHYLINDANOPYRAN, BASIC RED 51, CITRUS AURANTIUM (ORANGE) PEEL OIL, LIMONENE, LINALOOL, MAGNESIUM NITRATE, QUERCUS PETRAEA BARK EXTRACT, MAGNESIUM CHLORIDE, HEXADECALACTONE, METHYLCHLOROISOTHIAZOLINONE, METHYLISOTHIAZOLINONE, PHENOXYETHANOL, ETHYLHEXYLGLYCERIN, TETRASODIUM GLUTAMATE DIACETATE.<\/p>\n<p><strong>The list of ingredients could change. Always refer to the product packaging for the most up-to-date ingredient list.<\/strong><br \/>\n<strong>Koostisosade loetelu v\u00f5ib muutuda. K\u00f5ige ajakohasema koostisosade loetelu leiad alati toote pakendilt.<\/strong><span class=\"s1\"><br \/>\n<\/span>V\u00f5ib p\u00f5hjustada allergilisi reaktsioone. V\u00e4ltida silma sattumist ning mitte kasutada \u00e4rritunud v\u00f5i kahjustatud peanahal. Hoida lastele k\u00e4ttesaamatus kohas.<\/p>\n<p><span class=\"s1\">Importer: Beauty Cosmetics O\u00dc, Kaupmehe 6, Tallinn <a href=\"https:\/\/shebeauty.ee\/en\/\"><span class=\"s2\">www.shebeauty.ee<\/span><\/a><\/span><strong><br \/>\n<\/strong><\/p>","protected":false},"excerpt":{"rendered":"<p>(<em>Liitrihind: 155 \u20ac\/l<\/em>)<br \/>\nTooniv ja hooldav juuksemask, mis annab juustele s\u00e4rava l\u00e4ike, v\u00e4rskendab tooni ning aitab neutraliseerida soovimatuid varjundeid. Tammeekstraktiga koostis toidab juukseid, katab esimesed hallid karvad ja j\u00e4tab tulemuse kestma kuni 4\u20136 pesukorda.<br \/>\nSobib kasutamiseks k\u00f5ikidele juukset\u00fc\u00fcpidele.<\/p>","protected":false},"featured_media":6608,"comment_status":"open","ping_status":"closed","template":"","meta":{"site-sidebar-layout":"default","site-content-layout":"","ast-site-content-layout":"default","site-content-style":"default","site-sidebar-style":"default","ast-global-header-display":"","ast-banner-title-visibility":"","ast-main-header-display":"","ast-hfb-above-header-display":"","ast-hfb-below-header-display":"","ast-hfb-mobile-header-display":"","site-post-title":"","ast-breadcrumbs-content":"","ast-featured-img":"","footer-sml-layout":"","ast-disable-related-posts":"","theme-transparent-header-meta":"default","adv-header-id-meta":"","stick-header-meta":"","header-above-stick-meta":"","header-main-stick-meta":"","header-below-stick-meta":"","astra-migrate-meta-layouts":"set","ast-page-background-enabled":"default","ast-page-background-meta":{"desktop":{"background-color":"var(--ast-global-color-4)","background-image":"","background-repeat":"repeat","background-position":"center center","background-size":"auto","background-attachment":"scroll","background-type":"","background-media":"","overlay-type":"","overlay-color":"","overlay-opacity":"","overlay-gradient":""},"tablet":{"background-color":"","background-image":"","background-repeat":"repeat","background-position":"center center","background-size":"auto","background-attachment":"scroll","background-type":"","background-media":"","overlay-type":"","overlay-color":"","overlay-opacity":"","overlay-gradient":""},"mobile":{"background-color":"","background-image":"","background-repeat":"repeat","background-position":"center center","background-size":"auto","background-attachment":"scroll","background-type":"","background-media":"","overlay-type":"","overlay-color":"","overlay-opacity":"","overlay-gradient":""}},"ast-content-background-meta":{"desktop":{"background-color":"var(--ast-global-color-5)","background-image":"","background-repeat":"repeat","background-position":"center center","background-size":"auto","background-attachment":"scroll","background-type":"","background-media":"","overlay-type":"","overlay-color":"","overlay-opacity":"","overlay-gradient":""},"tablet":{"background-color":"var(--ast-global-color-5)","background-image":"","background-repeat":"repeat","background-position":"center center","background-size":"auto","background-attachment":"scroll","background-type":"","background-media":"","overlay-type":"","overlay-color":"","overlay-opacity":"","overlay-gradient":""},"mobile":{"background-color":"var(--ast-global-color-5)","background-image":"","background-repeat":"repeat","background-position":"center center","background-size":"auto","background-attachment":"scroll","background-type":"","background-media":"","overlay-type":"","overlay-color":"","overlay-opacity":"","overlay-gradient":""}}},"product_brand":[],"product_cat":[20],"product_tag":[151,69,358,266],"giftcard-category":[],"class_list":{"0":"post-6602","1":"product","2":"type-product","3":"status-publish","4":"has-post-thumbnail","6":"product_cat-juuksehooldustooted-sampoon-palsam-mask","7":"product_tag-intensiivselt-niisutav","8":"product_tag-juuksemask","9":"product_tag-k-time-cromya-sari","10":"product_tag-varvitud-juustele","11":"desktop-align-center","12":"tablet-align-left","13":"mobile-align-left","15":"first","16":"instock","17":"sale","18":"taxable","19":"shipping-taxable","20":"purchasable","21":"product-type-variable"},"yoast_head":"<!-- This site is optimized with the Yoast SEO plugin v27.4 - https:\/\/yoast.com\/product\/yoast-seo-wordpress\/ -->\n<title>Cromya Light-Reflecting Colour Mask 200ml - She Beauty Studio<\/title>\n<meta name=\"description\" content=\"K-Time Cromya Light-Reflecting Colour Mask on tooniv ja hooldav juuksemask, mis elavdab loomulikku ja v\u00e4rvitud juuksev\u00e4rvi.\" \/>\n<meta name=\"robots\" content=\"index, follow, max-snippet:-1, max-image-preview:large, max-video-preview:-1\" \/>\n<link rel=\"canonical\" href=\"https:\/\/shebeauty.ee\/en\/product\/cromya-light-reflecting-colour-mask-200ml\/\" \/>\n<meta property=\"og:locale\" content=\"en_US\" \/>\n<meta property=\"og:type\" content=\"article\" \/>\n<meta property=\"og:title\" content=\"Cromya Light-Reflecting Colour Mask 200ml - She Beauty Studio\" \/>\n<meta property=\"og:description\" content=\"K-Time Cromya Light-Reflecting Colour Mask on tooniv ja hooldav juuksemask, mis elavdab loomulikku ja v\u00e4rvitud juuksev\u00e4rvi.\" \/>\n<meta property=\"og:url\" content=\"https:\/\/shebeauty.ee\/en\/product\/cromya-light-reflecting-colour-mask-200ml\/\" \/>\n<meta property=\"og:site_name\" content=\"She Beauty Studio\" \/>\n<meta property=\"article:modified_time\" content=\"2026-04-26T19:00:13+00:00\" \/>\n<meta property=\"og:image\" content=\"https:\/\/shebeauty.ee\/wp-content\/uploads\/2026\/04\/17-10_BEHIND-YOUR-HAIR-SPA-TREATMENT_-resized-2.jpg\" \/>\n\t<meta property=\"og:image:width\" content=\"1080\" \/>\n\t<meta property=\"og:image:height\" content=\"1350\" \/>\n\t<meta property=\"og:image:type\" content=\"image\/jpeg\" \/>\n<meta name=\"twitter:card\" content=\"summary_large_image\" \/>\n<meta name=\"twitter:label1\" content=\"Est. reading time\" \/>\n\t<meta name=\"twitter:data1\" content=\"2 minutes\" \/>\n<script type=\"application\/ld+json\" class=\"yoast-schema-graph\">{\"@context\":\"https:\\\/\\\/schema.org\",\"@graph\":[{\"@type\":\"WebPage\",\"@id\":\"https:\\\/\\\/shebeauty.ee\\\/toode\\\/cromya-light-reflecting-colour-mask-200ml\\\/\",\"url\":\"https:\\\/\\\/shebeauty.ee\\\/toode\\\/cromya-light-reflecting-colour-mask-200ml\\\/\",\"name\":\"Cromya Light-Reflecting Colour Mask 200ml - She Beauty Studio\",\"isPartOf\":{\"@id\":\"https:\\\/\\\/shebeauty.ee\\\/#website\"},\"primaryImageOfPage\":{\"@id\":\"https:\\\/\\\/shebeauty.ee\\\/toode\\\/cromya-light-reflecting-colour-mask-200ml\\\/#primaryimage\"},\"image\":{\"@id\":\"https:\\\/\\\/shebeauty.ee\\\/toode\\\/cromya-light-reflecting-colour-mask-200ml\\\/#primaryimage\"},\"thumbnailUrl\":\"https:\\\/\\\/shebeauty.ee\\\/wp-content\\\/uploads\\\/2026\\\/04\\\/17-10_BEHIND-YOUR-HAIR-SPA-TREATMENT_-resized-2.jpg\",\"datePublished\":\"2026-04-26T18:42:22+00:00\",\"dateModified\":\"2026-04-26T19:00:13+00:00\",\"description\":\"K-Time Cromya Light-Reflecting Colour Mask on tooniv ja hooldav juuksemask, mis elavdab loomulikku ja v\u00e4rvitud juuksev\u00e4rvi.\",\"breadcrumb\":{\"@id\":\"https:\\\/\\\/shebeauty.ee\\\/toode\\\/cromya-light-reflecting-colour-mask-200ml\\\/#breadcrumb\"},\"inLanguage\":\"en-US\",\"potentialAction\":[{\"@type\":\"ReadAction\",\"target\":[\"https:\\\/\\\/shebeauty.ee\\\/toode\\\/cromya-light-reflecting-colour-mask-200ml\\\/\"]}]},{\"@type\":\"ImageObject\",\"inLanguage\":\"en-US\",\"@id\":\"https:\\\/\\\/shebeauty.ee\\\/toode\\\/cromya-light-reflecting-colour-mask-200ml\\\/#primaryimage\",\"url\":\"https:\\\/\\\/shebeauty.ee\\\/wp-content\\\/uploads\\\/2026\\\/04\\\/17-10_BEHIND-YOUR-HAIR-SPA-TREATMENT_-resized-2.jpg\",\"contentUrl\":\"https:\\\/\\\/shebeauty.ee\\\/wp-content\\\/uploads\\\/2026\\\/04\\\/17-10_BEHIND-YOUR-HAIR-SPA-TREATMENT_-resized-2.jpg\",\"width\":1080,\"height\":1350},{\"@type\":\"BreadcrumbList\",\"@id\":\"https:\\\/\\\/shebeauty.ee\\\/toode\\\/cromya-light-reflecting-colour-mask-200ml\\\/#breadcrumb\",\"itemListElement\":[{\"@type\":\"ListItem\",\"position\":1,\"name\":\"Home\",\"item\":\"https:\\\/\\\/shebeauty.ee\\\/\"},{\"@type\":\"ListItem\",\"position\":2,\"name\":\"Pood\",\"item\":\"https:\\\/\\\/shebeauty.ee\\\/e-pood\\\/\"},{\"@type\":\"ListItem\",\"position\":3,\"name\":\"Cromya Light-Reflecting Colour Mask 200ml\"}]},{\"@type\":\"WebSite\",\"@id\":\"https:\\\/\\\/shebeauty.ee\\\/#website\",\"url\":\"https:\\\/\\\/shebeauty.ee\\\/\",\"name\":\"She Beauty Studio\",\"description\":\"Juuksestuudio\",\"publisher\":{\"@id\":\"https:\\\/\\\/shebeauty.ee\\\/#organization\"},\"potentialAction\":[{\"@type\":\"SearchAction\",\"target\":{\"@type\":\"EntryPoint\",\"urlTemplate\":\"https:\\\/\\\/shebeauty.ee\\\/?s={search_term_string}\"},\"query-input\":{\"@type\":\"PropertyValueSpecification\",\"valueRequired\":true,\"valueName\":\"search_term_string\"}}],\"inLanguage\":\"en-US\"},{\"@type\":\"Organization\",\"@id\":\"https:\\\/\\\/shebeauty.ee\\\/#organization\",\"name\":\"She Beauty O\u00dc\",\"url\":\"https:\\\/\\\/shebeauty.ee\\\/\",\"logo\":{\"@type\":\"ImageObject\",\"inLanguage\":\"en-US\",\"@id\":\"https:\\\/\\\/shebeauty.ee\\\/#\\\/schema\\\/logo\\\/image\\\/\",\"url\":\"https:\\\/\\\/shebeauty.ee\\\/wp-content\\\/uploads\\\/2023\\\/10\\\/IMG_0585.jpg\",\"contentUrl\":\"https:\\\/\\\/shebeauty.ee\\\/wp-content\\\/uploads\\\/2023\\\/10\\\/IMG_0585.jpg\",\"width\":1284,\"height\":1300,\"caption\":\"She Beauty O\u00dc\"},\"image\":{\"@id\":\"https:\\\/\\\/shebeauty.ee\\\/#\\\/schema\\\/logo\\\/image\\\/\"}}]}<\/script>\n<!-- \/ Yoast SEO plugin. -->","yoast_head_json":{"title":"Cromya Light-Reflecting Colour Mask 200ml - She Beauty Studio","description":"K-Time Cromya Light-Reflecting Colour Mask on tooniv ja hooldav juuksemask, mis elavdab loomulikku ja v\u00e4rvitud juuksev\u00e4rvi.","robots":{"index":"index","follow":"follow","max-snippet":"max-snippet:-1","max-image-preview":"max-image-preview:large","max-video-preview":"max-video-preview:-1"},"canonical":"https:\/\/shebeauty.ee\/en\/product\/cromya-light-reflecting-colour-mask-200ml\/","og_locale":"en_US","og_type":"article","og_title":"Cromya Light-Reflecting Colour Mask 200ml - She Beauty Studio","og_description":"K-Time Cromya Light-Reflecting Colour Mask on tooniv ja hooldav juuksemask, mis elavdab loomulikku ja v\u00e4rvitud juuksev\u00e4rvi.","og_url":"https:\/\/shebeauty.ee\/en\/product\/cromya-light-reflecting-colour-mask-200ml\/","og_site_name":"She Beauty Studio","article_modified_time":"2026-04-26T19:00:13+00:00","og_image":[{"width":1080,"height":1350,"url":"https:\/\/shebeauty.ee\/wp-content\/uploads\/2026\/04\/17-10_BEHIND-YOUR-HAIR-SPA-TREATMENT_-resized-2.jpg","type":"image\/jpeg"}],"twitter_card":"summary_large_image","twitter_misc":{"Est. reading time":"2 minutes"},"schema":{"@context":"https:\/\/schema.org","@graph":[{"@type":"WebPage","@id":"https:\/\/shebeauty.ee\/toode\/cromya-light-reflecting-colour-mask-200ml\/","url":"https:\/\/shebeauty.ee\/toode\/cromya-light-reflecting-colour-mask-200ml\/","name":"Cromya Light-Reflecting Colour Mask 200ml - She Beauty Studio","isPartOf":{"@id":"https:\/\/shebeauty.ee\/#website"},"primaryImageOfPage":{"@id":"https:\/\/shebeauty.ee\/toode\/cromya-light-reflecting-colour-mask-200ml\/#primaryimage"},"image":{"@id":"https:\/\/shebeauty.ee\/toode\/cromya-light-reflecting-colour-mask-200ml\/#primaryimage"},"thumbnailUrl":"https:\/\/shebeauty.ee\/wp-content\/uploads\/2026\/04\/17-10_BEHIND-YOUR-HAIR-SPA-TREATMENT_-resized-2.jpg","datePublished":"2026-04-26T18:42:22+00:00","dateModified":"2026-04-26T19:00:13+00:00","description":"K-Time Cromya Light-Reflecting Colour Mask on tooniv ja hooldav juuksemask, mis elavdab loomulikku ja v\u00e4rvitud juuksev\u00e4rvi.","breadcrumb":{"@id":"https:\/\/shebeauty.ee\/toode\/cromya-light-reflecting-colour-mask-200ml\/#breadcrumb"},"inLanguage":"en-US","potentialAction":[{"@type":"ReadAction","target":["https:\/\/shebeauty.ee\/toode\/cromya-light-reflecting-colour-mask-200ml\/"]}]},{"@type":"ImageObject","inLanguage":"en-US","@id":"https:\/\/shebeauty.ee\/toode\/cromya-light-reflecting-colour-mask-200ml\/#primaryimage","url":"https:\/\/shebeauty.ee\/wp-content\/uploads\/2026\/04\/17-10_BEHIND-YOUR-HAIR-SPA-TREATMENT_-resized-2.jpg","contentUrl":"https:\/\/shebeauty.ee\/wp-content\/uploads\/2026\/04\/17-10_BEHIND-YOUR-HAIR-SPA-TREATMENT_-resized-2.jpg","width":1080,"height":1350},{"@type":"BreadcrumbList","@id":"https:\/\/shebeauty.ee\/toode\/cromya-light-reflecting-colour-mask-200ml\/#breadcrumb","itemListElement":[{"@type":"ListItem","position":1,"name":"Home","item":"https:\/\/shebeauty.ee\/"},{"@type":"ListItem","position":2,"name":"Pood","item":"https:\/\/shebeauty.ee\/e-pood\/"},{"@type":"ListItem","position":3,"name":"Cromya Light-Reflecting Colour Mask 200ml"}]},{"@type":"WebSite","@id":"https:\/\/shebeauty.ee\/#website","url":"https:\/\/shebeauty.ee\/","name":"She Beauty Studio","description":"Juuksestuudio","publisher":{"@id":"https:\/\/shebeauty.ee\/#organization"},"potentialAction":[{"@type":"SearchAction","target":{"@type":"EntryPoint","urlTemplate":"https:\/\/shebeauty.ee\/?s={search_term_string}"},"query-input":{"@type":"PropertyValueSpecification","valueRequired":true,"valueName":"search_term_string"}}],"inLanguage":"en-US"},{"@type":"Organization","@id":"https:\/\/shebeauty.ee\/#organization","name":"She Beauty O\u00dc","url":"https:\/\/shebeauty.ee\/","logo":{"@type":"ImageObject","inLanguage":"en-US","@id":"https:\/\/shebeauty.ee\/#\/schema\/logo\/image\/","url":"https:\/\/shebeauty.ee\/wp-content\/uploads\/2023\/10\/IMG_0585.jpg","contentUrl":"https:\/\/shebeauty.ee\/wp-content\/uploads\/2023\/10\/IMG_0585.jpg","width":1284,"height":1300,"caption":"She Beauty O\u00dc"},"image":{"@id":"https:\/\/shebeauty.ee\/#\/schema\/logo\/image\/"}}]}},"_links":{"self":[{"href":"https:\/\/shebeauty.ee\/en\/wp-json\/wp\/v2\/product\/6602","targetHints":{"allow":["GET"]}}],"collection":[{"href":"https:\/\/shebeauty.ee\/en\/wp-json\/wp\/v2\/product"}],"about":[{"href":"https:\/\/shebeauty.ee\/en\/wp-json\/wp\/v2\/types\/product"}],"replies":[{"embeddable":true,"href":"https:\/\/shebeauty.ee\/en\/wp-json\/wp\/v2\/comments?post=6602"}],"wp:featuredmedia":[{"embeddable":true,"href":"https:\/\/shebeauty.ee\/en\/wp-json\/wp\/v2\/media\/6608"}],"wp:attachment":[{"href":"https:\/\/shebeauty.ee\/en\/wp-json\/wp\/v2\/media?parent=6602"}],"wp:term":[{"taxonomy":"product_brand","embeddable":true,"href":"https:\/\/shebeauty.ee\/en\/wp-json\/wp\/v2\/product_brand?post=6602"},{"taxonomy":"product_cat","embeddable":true,"href":"https:\/\/shebeauty.ee\/en\/wp-json\/wp\/v2\/product_cat?post=6602"},{"taxonomy":"product_tag","embeddable":true,"href":"https:\/\/shebeauty.ee\/en\/wp-json\/wp\/v2\/product_tag?post=6602"},{"taxonomy":"giftcard-category","embeddable":true,"href":"https:\/\/shebeauty.ee\/en\/wp-json\/wp\/v2\/giftcard-category?post=6602"}],"curies":[{"name":"wp","href":"https:\/\/api.w.org\/{rel}","templated":true}]}}