{"id":6470,"date":"2026-03-08T13:39:33","date_gmt":"2026-03-08T11:39:33","guid":{"rendered":"https:\/\/shebeauty.ee\/?post_type=product&#038;p=6470"},"modified":"2026-03-08T13:44:38","modified_gmt":"2026-03-08T11:44:38","slug":"k-time-glam-long-lasting-shine-spray-300ml","status":"publish","type":"product","link":"https:\/\/shebeauty.ee\/en\/product\/k-time-glam-long-lasting-shine-spray-300ml\/","title":{"rendered":"K-Time Glam Long-Lasting Shine Spray 300ml"},"content":{"rendered":"<p data-start=\"221\" data-end=\"400\"><strong>K-Time Glam Long-Lasting Shine Spray \u2013 Shiny Outfit <\/strong>on kerge viimistlussprei, mis annab juustele intensiivse ja kauakestva l\u00e4ike. Selle \u00fclikerge koostis muudab juuksed s\u00e4ravaks ja eluj\u00f5uliseks, ilma et need muutuksid raskeks v\u00f5i rasuseks. Koostises olev puuvilla\u00f5li aitab juukseid siluda ja pusasid lahti harutada, samal ajal neid toites ja pehmendades. See on rikas E-vitamiini poolest ning toimib tugeva antioks\u00fcdandina, aidates s\u00e4ilitada juuste loomulikku s\u00e4ra ja eluj\u00f5udu. Elastiin aitab hoida juukseid niisutatuna ja elastsemana, muutes need paindlikumaks ja siledamaks.<br \/>\nTulemuseks on pehmed, kerged ja peegell\u00e4ikega juuksed, mis n\u00e4evad v\u00e4lja tervemad ja hoolitsetud.<\/p>\n<p class=\"p1\"><span class=\"s1\"><b>Usage:<\/b> Pihusta kuivadesse v\u00f5i kergelt niisketesse juustesse umbes 20\u201330 cm kauguselt. Sobib kasutamiseks viimistluseks, et lisada soengule s\u00e4ra ja sile v\u00e4limus.<br \/>\nSobib igap\u00e4evaseks kasutamiseks k\u00f5ikidele juukset\u00fc\u00fcpidele.<\/span><\/p>\n<p><strong>Ingredients:<\/strong><br \/>\nALCOHOL DENAT., BUTANE, ISOBUTANE, CYCLOPENTASILOXANE, PROPANE, CYCLOHEXASILOXANE, C12-15 ALKYL BENZOATE, PHENYL TRIMETHICONE, PARFUM (FRAGRANCE), GOSSYPIUM HERBACEUM SEED OIL (GOSSYPIUM HERBACEUM COTTON SEED OIL), PROPYLENE GLYCOL, AQUA (WATER), HYDROLYZED ELASTIN, PENTYLENE GLYCOL, HYDROXYCITRONELLAL, LIMONENE.<\/p>\n<p><strong>The list of ingredients could change. Always refer to the product packaging for the most up-to-date ingredient list.<\/strong><br \/>\n<strong>Koostisosade loetelu v\u00f5ib muutuda. K\u00f5ige ajakohasema koostisosade loetelu leiad alati toote pakendilt.<\/strong><\/p>\n<p class=\"p1\"><span class=\"s1\">Importer: Beauty Cosmetics O\u00dc, Kaupmehe 6, Tallinn <a href=\"https:\/\/shebeauty.ee\/en\/\"><span class=\"s2\">www.shebeauty.ee<\/span><\/a><\/span><\/p>","protected":false},"excerpt":{"rendered":"<p>(<em>300 ml liitrihind: 73,33 \u20ac\/l<\/em>)<br \/>\n\u00dclikerge l\u00e4ikesprei, mis annab juustele kauni peegell\u00e4ike ilma neid raskeks v\u00f5i rasuseks muutmata. Sisaldab puuvilla\u00f5li ja elastiini, mis aitavad juukseid toita, niisutada ja muuta need elastsemaks.<\/p>","protected":false},"featured_media":6471,"comment_status":"open","ping_status":"closed","template":"","meta":{"site-sidebar-layout":"default","site-content-layout":"","ast-site-content-layout":"default","site-content-style":"default","site-sidebar-style":"default","ast-global-header-display":"","ast-banner-title-visibility":"","ast-main-header-display":"","ast-hfb-above-header-display":"","ast-hfb-below-header-display":"","ast-hfb-mobile-header-display":"","site-post-title":"","ast-breadcrumbs-content":"","ast-featured-img":"","footer-sml-layout":"","ast-disable-related-posts":"","theme-transparent-header-meta":"default","adv-header-id-meta":"","stick-header-meta":"","header-above-stick-meta":"","header-main-stick-meta":"","header-below-stick-meta":"","astra-migrate-meta-layouts":"set","ast-page-background-enabled":"default","ast-page-background-meta":{"desktop":{"background-color":"var(--ast-global-color-4)","background-image":"","background-repeat":"repeat","background-position":"center center","background-size":"auto","background-attachment":"scroll","background-type":"","background-media":"","overlay-type":"","overlay-color":"","overlay-opacity":"","overlay-gradient":""},"tablet":{"background-color":"","background-image":"","background-repeat":"repeat","background-position":"center center","background-size":"auto","background-attachment":"scroll","background-type":"","background-media":"","overlay-type":"","overlay-color":"","overlay-opacity":"","overlay-gradient":""},"mobile":{"background-color":"","background-image":"","background-repeat":"repeat","background-position":"center center","background-size":"auto","background-attachment":"scroll","background-type":"","background-media":"","overlay-type":"","overlay-color":"","overlay-opacity":"","overlay-gradient":""}},"ast-content-background-meta":{"desktop":{"background-color":"var(--ast-global-color-5)","background-image":"","background-repeat":"repeat","background-position":"center center","background-size":"auto","background-attachment":"scroll","background-type":"","background-media":"","overlay-type":"","overlay-color":"","overlay-opacity":"","overlay-gradient":""},"tablet":{"background-color":"var(--ast-global-color-5)","background-image":"","background-repeat":"repeat","background-position":"center center","background-size":"auto","background-attachment":"scroll","background-type":"","background-media":"","overlay-type":"","overlay-color":"","overlay-opacity":"","overlay-gradient":""},"mobile":{"background-color":"var(--ast-global-color-5)","background-image":"","background-repeat":"repeat","background-position":"center center","background-size":"auto","background-attachment":"scroll","background-type":"","background-media":"","overlay-type":"","overlay-color":"","overlay-opacity":"","overlay-gradient":""}}},"product_brand":[],"product_cat":[20],"product_tag":[151,283,128,314,258],"giftcard-category":[],"class_list":{"0":"post-6470","1":"product","2":"type-product","3":"status-publish","4":"has-post-thumbnail","6":"product_cat-juuksehooldustooted-sampoon-palsam-mask","7":"product_tag-intensiivselt-niisutav","8":"product_tag-juuksesprei","9":"product_tag-k-time","10":"product_tag-k-time-glam-sari","11":"product_tag-koikidele-juuksetuupidele","12":"desktop-align-center","13":"tablet-align-left","14":"mobile-align-left","16":"first","17":"instock","18":"taxable","19":"shipping-taxable","20":"purchasable","21":"product-type-simple"},"yoast_head":"<!-- This site is optimized with the Yoast SEO plugin v27.4 - https:\/\/yoast.com\/product\/yoast-seo-wordpress\/ -->\n<title>K-Time Glam Long-Lasting Shine Spray 300ml - She Beauty Studio<\/title>\n<meta name=\"description\" content=\"\u00dclikerge l\u00e4ikesprei, mis annab juustele kauni peegell\u00e4ike ilma neid raskeks v\u00f5i rasuseks muutmata. Sisaldab puuvilla\u00f5li ja elastiini.\" \/>\n<meta name=\"robots\" content=\"index, follow, max-snippet:-1, max-image-preview:large, max-video-preview:-1\" \/>\n<link rel=\"canonical\" href=\"https:\/\/shebeauty.ee\/en\/product\/k-time-glam-long-lasting-shine-spray-300ml\/\" \/>\n<meta property=\"og:locale\" content=\"en_US\" \/>\n<meta property=\"og:type\" content=\"article\" \/>\n<meta property=\"og:title\" content=\"K-Time Glam Long-Lasting Shine Spray 300ml - She Beauty Studio\" \/>\n<meta property=\"og:description\" content=\"\u00dclikerge l\u00e4ikesprei, mis annab juustele kauni peegell\u00e4ike ilma neid raskeks v\u00f5i rasuseks muutmata. Sisaldab puuvilla\u00f5li ja elastiini.\" \/>\n<meta property=\"og:url\" content=\"https:\/\/shebeauty.ee\/en\/product\/k-time-glam-long-lasting-shine-spray-300ml\/\" \/>\n<meta property=\"og:site_name\" content=\"She Beauty Studio\" \/>\n<meta property=\"article:modified_time\" content=\"2026-03-08T11:44:38+00:00\" \/>\n<meta property=\"og:image\" content=\"https:\/\/shebeauty.ee\/wp-content\/uploads\/2026\/03\/Glam-Shiny-Outfit-Long-Lasting-Shine-Spray.jpg\" \/>\n\t<meta property=\"og:image:width\" content=\"1080\" \/>\n\t<meta property=\"og:image:height\" content=\"1080\" \/>\n\t<meta property=\"og:image:type\" content=\"image\/jpeg\" \/>\n<meta name=\"twitter:card\" content=\"summary_large_image\" \/>\n<meta name=\"twitter:label1\" content=\"Est. reading time\" \/>\n\t<meta name=\"twitter:data1\" content=\"2 minutes\" \/>\n<script type=\"application\/ld+json\" class=\"yoast-schema-graph\">{\"@context\":\"https:\\\/\\\/schema.org\",\"@graph\":[{\"@type\":\"WebPage\",\"@id\":\"https:\\\/\\\/shebeauty.ee\\\/toode\\\/k-time-glam-long-lasting-shine-spray-300ml\\\/\",\"url\":\"https:\\\/\\\/shebeauty.ee\\\/toode\\\/k-time-glam-long-lasting-shine-spray-300ml\\\/\",\"name\":\"K-Time Glam Long-Lasting Shine Spray 300ml - She Beauty Studio\",\"isPartOf\":{\"@id\":\"https:\\\/\\\/shebeauty.ee\\\/#website\"},\"primaryImageOfPage\":{\"@id\":\"https:\\\/\\\/shebeauty.ee\\\/toode\\\/k-time-glam-long-lasting-shine-spray-300ml\\\/#primaryimage\"},\"image\":{\"@id\":\"https:\\\/\\\/shebeauty.ee\\\/toode\\\/k-time-glam-long-lasting-shine-spray-300ml\\\/#primaryimage\"},\"thumbnailUrl\":\"https:\\\/\\\/shebeauty.ee\\\/wp-content\\\/uploads\\\/2026\\\/03\\\/Glam-Shiny-Outfit-Long-Lasting-Shine-Spray.jpg\",\"datePublished\":\"2026-03-08T11:39:33+00:00\",\"dateModified\":\"2026-03-08T11:44:38+00:00\",\"description\":\"\u00dclikerge l\u00e4ikesprei, mis annab juustele kauni peegell\u00e4ike ilma neid raskeks v\u00f5i rasuseks muutmata. Sisaldab puuvilla\u00f5li ja elastiini.\",\"breadcrumb\":{\"@id\":\"https:\\\/\\\/shebeauty.ee\\\/toode\\\/k-time-glam-long-lasting-shine-spray-300ml\\\/#breadcrumb\"},\"inLanguage\":\"en-US\",\"potentialAction\":[{\"@type\":\"ReadAction\",\"target\":[\"https:\\\/\\\/shebeauty.ee\\\/toode\\\/k-time-glam-long-lasting-shine-spray-300ml\\\/\"]}]},{\"@type\":\"ImageObject\",\"inLanguage\":\"en-US\",\"@id\":\"https:\\\/\\\/shebeauty.ee\\\/toode\\\/k-time-glam-long-lasting-shine-spray-300ml\\\/#primaryimage\",\"url\":\"https:\\\/\\\/shebeauty.ee\\\/wp-content\\\/uploads\\\/2026\\\/03\\\/Glam-Shiny-Outfit-Long-Lasting-Shine-Spray.jpg\",\"contentUrl\":\"https:\\\/\\\/shebeauty.ee\\\/wp-content\\\/uploads\\\/2026\\\/03\\\/Glam-Shiny-Outfit-Long-Lasting-Shine-Spray.jpg\",\"width\":1080,\"height\":1080},{\"@type\":\"BreadcrumbList\",\"@id\":\"https:\\\/\\\/shebeauty.ee\\\/toode\\\/k-time-glam-long-lasting-shine-spray-300ml\\\/#breadcrumb\",\"itemListElement\":[{\"@type\":\"ListItem\",\"position\":1,\"name\":\"Home\",\"item\":\"https:\\\/\\\/shebeauty.ee\\\/\"},{\"@type\":\"ListItem\",\"position\":2,\"name\":\"Pood\",\"item\":\"https:\\\/\\\/shebeauty.ee\\\/e-pood\\\/\"},{\"@type\":\"ListItem\",\"position\":3,\"name\":\"K-Time Glam Long-Lasting Shine Spray 300ml\"}]},{\"@type\":\"WebSite\",\"@id\":\"https:\\\/\\\/shebeauty.ee\\\/#website\",\"url\":\"https:\\\/\\\/shebeauty.ee\\\/\",\"name\":\"She Beauty Studio\",\"description\":\"Juuksestuudio\",\"publisher\":{\"@id\":\"https:\\\/\\\/shebeauty.ee\\\/#organization\"},\"potentialAction\":[{\"@type\":\"SearchAction\",\"target\":{\"@type\":\"EntryPoint\",\"urlTemplate\":\"https:\\\/\\\/shebeauty.ee\\\/?s={search_term_string}\"},\"query-input\":{\"@type\":\"PropertyValueSpecification\",\"valueRequired\":true,\"valueName\":\"search_term_string\"}}],\"inLanguage\":\"en-US\"},{\"@type\":\"Organization\",\"@id\":\"https:\\\/\\\/shebeauty.ee\\\/#organization\",\"name\":\"She Beauty O\u00dc\",\"url\":\"https:\\\/\\\/shebeauty.ee\\\/\",\"logo\":{\"@type\":\"ImageObject\",\"inLanguage\":\"en-US\",\"@id\":\"https:\\\/\\\/shebeauty.ee\\\/#\\\/schema\\\/logo\\\/image\\\/\",\"url\":\"https:\\\/\\\/shebeauty.ee\\\/wp-content\\\/uploads\\\/2023\\\/10\\\/IMG_0585.jpg\",\"contentUrl\":\"https:\\\/\\\/shebeauty.ee\\\/wp-content\\\/uploads\\\/2023\\\/10\\\/IMG_0585.jpg\",\"width\":1284,\"height\":1300,\"caption\":\"She Beauty O\u00dc\"},\"image\":{\"@id\":\"https:\\\/\\\/shebeauty.ee\\\/#\\\/schema\\\/logo\\\/image\\\/\"}}]}<\/script>\n<!-- \/ Yoast SEO plugin. -->","yoast_head_json":{"title":"K-Time Glam Long-Lasting Shine Spray 300ml - She Beauty Studio","description":"\u00dclikerge l\u00e4ikesprei, mis annab juustele kauni peegell\u00e4ike ilma neid raskeks v\u00f5i rasuseks muutmata. Sisaldab puuvilla\u00f5li ja elastiini.","robots":{"index":"index","follow":"follow","max-snippet":"max-snippet:-1","max-image-preview":"max-image-preview:large","max-video-preview":"max-video-preview:-1"},"canonical":"https:\/\/shebeauty.ee\/en\/product\/k-time-glam-long-lasting-shine-spray-300ml\/","og_locale":"en_US","og_type":"article","og_title":"K-Time Glam Long-Lasting Shine Spray 300ml - She Beauty Studio","og_description":"\u00dclikerge l\u00e4ikesprei, mis annab juustele kauni peegell\u00e4ike ilma neid raskeks v\u00f5i rasuseks muutmata. Sisaldab puuvilla\u00f5li ja elastiini.","og_url":"https:\/\/shebeauty.ee\/en\/product\/k-time-glam-long-lasting-shine-spray-300ml\/","og_site_name":"She Beauty Studio","article_modified_time":"2026-03-08T11:44:38+00:00","og_image":[{"width":1080,"height":1080,"url":"https:\/\/shebeauty.ee\/wp-content\/uploads\/2026\/03\/Glam-Shiny-Outfit-Long-Lasting-Shine-Spray.jpg","type":"image\/jpeg"}],"twitter_card":"summary_large_image","twitter_misc":{"Est. reading time":"2 minutes"},"schema":{"@context":"https:\/\/schema.org","@graph":[{"@type":"WebPage","@id":"https:\/\/shebeauty.ee\/toode\/k-time-glam-long-lasting-shine-spray-300ml\/","url":"https:\/\/shebeauty.ee\/toode\/k-time-glam-long-lasting-shine-spray-300ml\/","name":"K-Time Glam Long-Lasting Shine Spray 300ml - She Beauty Studio","isPartOf":{"@id":"https:\/\/shebeauty.ee\/#website"},"primaryImageOfPage":{"@id":"https:\/\/shebeauty.ee\/toode\/k-time-glam-long-lasting-shine-spray-300ml\/#primaryimage"},"image":{"@id":"https:\/\/shebeauty.ee\/toode\/k-time-glam-long-lasting-shine-spray-300ml\/#primaryimage"},"thumbnailUrl":"https:\/\/shebeauty.ee\/wp-content\/uploads\/2026\/03\/Glam-Shiny-Outfit-Long-Lasting-Shine-Spray.jpg","datePublished":"2026-03-08T11:39:33+00:00","dateModified":"2026-03-08T11:44:38+00:00","description":"\u00dclikerge l\u00e4ikesprei, mis annab juustele kauni peegell\u00e4ike ilma neid raskeks v\u00f5i rasuseks muutmata. Sisaldab puuvilla\u00f5li ja elastiini.","breadcrumb":{"@id":"https:\/\/shebeauty.ee\/toode\/k-time-glam-long-lasting-shine-spray-300ml\/#breadcrumb"},"inLanguage":"en-US","potentialAction":[{"@type":"ReadAction","target":["https:\/\/shebeauty.ee\/toode\/k-time-glam-long-lasting-shine-spray-300ml\/"]}]},{"@type":"ImageObject","inLanguage":"en-US","@id":"https:\/\/shebeauty.ee\/toode\/k-time-glam-long-lasting-shine-spray-300ml\/#primaryimage","url":"https:\/\/shebeauty.ee\/wp-content\/uploads\/2026\/03\/Glam-Shiny-Outfit-Long-Lasting-Shine-Spray.jpg","contentUrl":"https:\/\/shebeauty.ee\/wp-content\/uploads\/2026\/03\/Glam-Shiny-Outfit-Long-Lasting-Shine-Spray.jpg","width":1080,"height":1080},{"@type":"BreadcrumbList","@id":"https:\/\/shebeauty.ee\/toode\/k-time-glam-long-lasting-shine-spray-300ml\/#breadcrumb","itemListElement":[{"@type":"ListItem","position":1,"name":"Home","item":"https:\/\/shebeauty.ee\/"},{"@type":"ListItem","position":2,"name":"Pood","item":"https:\/\/shebeauty.ee\/e-pood\/"},{"@type":"ListItem","position":3,"name":"K-Time Glam Long-Lasting Shine Spray 300ml"}]},{"@type":"WebSite","@id":"https:\/\/shebeauty.ee\/#website","url":"https:\/\/shebeauty.ee\/","name":"She Beauty Studio","description":"Juuksestuudio","publisher":{"@id":"https:\/\/shebeauty.ee\/#organization"},"potentialAction":[{"@type":"SearchAction","target":{"@type":"EntryPoint","urlTemplate":"https:\/\/shebeauty.ee\/?s={search_term_string}"},"query-input":{"@type":"PropertyValueSpecification","valueRequired":true,"valueName":"search_term_string"}}],"inLanguage":"en-US"},{"@type":"Organization","@id":"https:\/\/shebeauty.ee\/#organization","name":"She Beauty O\u00dc","url":"https:\/\/shebeauty.ee\/","logo":{"@type":"ImageObject","inLanguage":"en-US","@id":"https:\/\/shebeauty.ee\/#\/schema\/logo\/image\/","url":"https:\/\/shebeauty.ee\/wp-content\/uploads\/2023\/10\/IMG_0585.jpg","contentUrl":"https:\/\/shebeauty.ee\/wp-content\/uploads\/2023\/10\/IMG_0585.jpg","width":1284,"height":1300,"caption":"She Beauty O\u00dc"},"image":{"@id":"https:\/\/shebeauty.ee\/#\/schema\/logo\/image\/"}}]}},"_links":{"self":[{"href":"https:\/\/shebeauty.ee\/en\/wp-json\/wp\/v2\/product\/6470","targetHints":{"allow":["GET"]}}],"collection":[{"href":"https:\/\/shebeauty.ee\/en\/wp-json\/wp\/v2\/product"}],"about":[{"href":"https:\/\/shebeauty.ee\/en\/wp-json\/wp\/v2\/types\/product"}],"replies":[{"embeddable":true,"href":"https:\/\/shebeauty.ee\/en\/wp-json\/wp\/v2\/comments?post=6470"}],"wp:featuredmedia":[{"embeddable":true,"href":"https:\/\/shebeauty.ee\/en\/wp-json\/wp\/v2\/media\/6471"}],"wp:attachment":[{"href":"https:\/\/shebeauty.ee\/en\/wp-json\/wp\/v2\/media?parent=6470"}],"wp:term":[{"taxonomy":"product_brand","embeddable":true,"href":"https:\/\/shebeauty.ee\/en\/wp-json\/wp\/v2\/product_brand?post=6470"},{"taxonomy":"product_cat","embeddable":true,"href":"https:\/\/shebeauty.ee\/en\/wp-json\/wp\/v2\/product_cat?post=6470"},{"taxonomy":"product_tag","embeddable":true,"href":"https:\/\/shebeauty.ee\/en\/wp-json\/wp\/v2\/product_tag?post=6470"},{"taxonomy":"giftcard-category","embeddable":true,"href":"https:\/\/shebeauty.ee\/en\/wp-json\/wp\/v2\/giftcard-category?post=6470"}],"curies":[{"name":"wp","href":"https:\/\/api.w.org\/{rel}","templated":true}]}}