{"id":6464,"date":"2026-03-08T09:45:21","date_gmt":"2026-03-08T07:45:21","guid":{"rendered":"https:\/\/shebeauty.ee\/?post_type=product&#038;p=6464"},"modified":"2026-03-08T10:43:39","modified_gmt":"2026-03-08T08:43:39","slug":"k-time-matirya-over-force-hair-loss-prevention-shampoo","status":"publish","type":"product","link":"https:\/\/shebeauty.ee\/en\/product\/k-time-matirya-over-force-hair-loss-prevention-shampoo\/","title":{"rendered":"K-Time Matirya Over Force Hair Loss Prevention Shampoo"},"content":{"rendered":"<p data-start=\"597\" data-end=\"993\"><strong>K-Time Matirya Over Force Hair Loss Prevention Shampoo <\/strong>on spetsiaalselt loodud juuste v\u00e4ljalangemise ennetamiseks ja juuksejuurte tugevdamiseks. Selle toime on \u00f5rn, kuid peanaha vereringet stimuleeriv. Eemaldades peanahalt mustuse ja liigse rasu, s\u00e4ilitades samal ajal peanaha loomuliku f\u00fcsioloogilise tasakaalu.<br \/>\n\u0160ampooni koostis on rikastatud aktiivsete toimeainetega, mis aitavad tugevdada juuksejuuri ja toetada juuste kasvu. Kofeiin aitab ergutada juuksejuuri ja toetades nende normaalset kasvuts\u00fcklit. Arginiin parandab peanaha vereringet, aidates toitainetel paremini juuksejuurteni j\u00f5uda. Ingveri eeterlik \u00f5li toidab juukseid ja aitab taastada nende tugevust, muutes juuksed vastupidavamaks ja tihedamaks.<br \/>\n\u0160ampoon sobib eriti h\u00e4sti kasutamiseks perioodidel, mil juuste v\u00e4ljalangemine on intensiivsem (tavaliselt kevadel ja s\u00fcgisel). Regulaarne kasutamine aitab s\u00e4ilitada juuste tugevust, eluj\u00f5udu ja tihedust.<\/p>\n<p class=\"translation-block\"><strong>Usage<\/strong>:<br>\nApply to wet hair and scalp, massage gently, and leave on for a few minutes. Rinse thoroughly. Repeat if necessary. Suitable for daily use.<\/p>\n<p><strong>Ingredients:<\/strong><br \/>\nAQUA (WATER), SODIUM COCETH SULFATE, SODIUM CHLORIDE, COCAMIDOPROPYL BETAINE, PARFUM (FRAGRANCE), LAURYL LACTATE, CITRIC ACID, GLYCERIN, POLYQUATERNIUM-10, POLYQUATERNIUM-7, MENTHOL, CAFFEINE, DIAMINO PYRIMIDINE OXIDE, EUCALYPTOL, MAGNESIUM NITRATE, ZINGIBER OFFICINALE ROOT OIL (GINGER (ZINGIBER OFFICINALE) ROOT OIL), ROSMARINUS OFFICINALIS LEAF OIL (ROSEMARY (ROSMARINUS OFFICINALIS) LEAF OIL), SODIUM BENZOATE, PANTHENOL, PROPYLENE GLYCOL, MAGNESIUM CHLORIDE, METHYLCHLOROISOTHIAZOLINONE, LYSINE HYDROCHLORIDE, ARGININE, POLYSORBATE 20, METHYLISOTHIAZOLINONE, LINSEED ACID, VITIS VINIFERA FRUIT MERISTEM CELL CULTURE, RIBOFLAVIN.<br \/>\n<strong>The list of ingredients could change. Always refer to the product packaging for the most up-to-date ingredient list.<\/strong><br \/>\n<strong>Koostisosade loetelu v\u00f5ib muutuda. K\u00f5ige ajakohasema koostisosade loetelu leiad alati toote pakendilt.<\/strong><\/p>\n<p class=\"p1\"><span class=\"s1\">Importer: Beauty Cosmetics O\u00dc, Kaupmehe 6, Tallinn <a href=\"https:\/\/shebeauty.ee\/en\/\"><span class=\"s2\">www.shebeauty.ee<\/span><\/a><\/span><\/p>\n<p>&nbsp;<\/p>\n<p>&nbsp;<\/p>","protected":false},"excerpt":{"rendered":"<p>(<em>250ml liitrihind: 92,00 \u20ac\/l<\/em>)<br \/>\n(<em>1000ml liitrihind: 45,00 \u20ac\/l<\/em>)<br data-start=\"396\" data-end=\"399\" \/>Stimuleeriv \u0161ampoon juuste v\u00e4ljalangemise ennetamiseks. Sisaldab kofeiini, arginiini ja ingveri eeterlikku \u00f5li, mis aitavad tugevdada juuksejuuri, parandada peanaha vereringet ja toetada juuste loomulikku kasvu.<br \/>\n\u0160ampoon sobib eriti h\u00e4sti kasutamiseks perioodidel, mil juuste v\u00e4ljalangemine on intensiivsem (tavaliselt kevadel ja s\u00fcgisel). Regulaarne kasutamine aitab s\u00e4ilitada juuste tugevust, eluj\u00f5udu ja tihedust.<\/p>","protected":false},"featured_media":6467,"comment_status":"open","ping_status":"closed","template":"","meta":{"site-sidebar-layout":"default","site-content-layout":"","ast-site-content-layout":"default","site-content-style":"default","site-sidebar-style":"default","ast-global-header-display":"","ast-banner-title-visibility":"","ast-main-header-display":"","ast-hfb-above-header-display":"","ast-hfb-below-header-display":"","ast-hfb-mobile-header-display":"","site-post-title":"","ast-breadcrumbs-content":"","ast-featured-img":"","footer-sml-layout":"","ast-disable-related-posts":"","theme-transparent-header-meta":"default","adv-header-id-meta":"","stick-header-meta":"","header-above-stick-meta":"","header-main-stick-meta":"","header-below-stick-meta":"","astra-migrate-meta-layouts":"set","ast-page-background-enabled":"default","ast-page-background-meta":{"desktop":{"background-color":"var(--ast-global-color-4)","background-image":"","background-repeat":"repeat","background-position":"center center","background-size":"auto","background-attachment":"scroll","background-type":"","background-media":"","overlay-type":"","overlay-color":"","overlay-opacity":"","overlay-gradient":""},"tablet":{"background-color":"","background-image":"","background-repeat":"repeat","background-position":"center center","background-size":"auto","background-attachment":"scroll","background-type":"","background-media":"","overlay-type":"","overlay-color":"","overlay-opacity":"","overlay-gradient":""},"mobile":{"background-color":"","background-image":"","background-repeat":"repeat","background-position":"center center","background-size":"auto","background-attachment":"scroll","background-type":"","background-media":"","overlay-type":"","overlay-color":"","overlay-opacity":"","overlay-gradient":""}},"ast-content-background-meta":{"desktop":{"background-color":"var(--ast-global-color-5)","background-image":"","background-repeat":"repeat","background-position":"center center","background-size":"auto","background-attachment":"scroll","background-type":"","background-media":"","overlay-type":"","overlay-color":"","overlay-opacity":"","overlay-gradient":""},"tablet":{"background-color":"var(--ast-global-color-5)","background-image":"","background-repeat":"repeat","background-position":"center center","background-size":"auto","background-attachment":"scroll","background-type":"","background-media":"","overlay-type":"","overlay-color":"","overlay-opacity":"","overlay-gradient":""},"mobile":{"background-color":"var(--ast-global-color-5)","background-image":"","background-repeat":"repeat","background-position":"center center","background-size":"auto","background-attachment":"scroll","background-type":"","background-media":"","overlay-type":"","overlay-color":"","overlay-opacity":"","overlay-gradient":""}}},"product_brand":[],"product_cat":[20],"product_tag":[307,296,175,160,158],"giftcard-category":[],"class_list":{"0":"post-6464","1":"product","2":"type-product","3":"status-publish","4":"has-post-thumbnail","6":"product_cat-juuksehooldustooted-sampoon-palsam-mask","7":"product_tag-k-time-matirya-over-force-sari","8":"product_tag-k-time-matirya-sari","9":"product_tag-ohukestele-juustele","10":"product_tag-stimuleerib-juuksekasvu","11":"product_tag-valjalangemist-ennetav","12":"desktop-align-center","13":"tablet-align-left","14":"mobile-align-left","16":"first","17":"instock","18":"taxable","19":"shipping-taxable","20":"purchasable","21":"product-type-variable"},"yoast_head":"<!-- This site is optimized with the Yoast SEO plugin v27.4 - https:\/\/yoast.com\/product\/yoast-seo-wordpress\/ -->\n<title>K-Time Matirya Over Force Hair Loss Prevention Shampoo - She Beauty Studio<\/title>\n<meta name=\"description\" content=\"Intensiivne \u0161ampoon loodud juuste v\u00e4ljalangemise ennetamiseks ja juuksejuurte tugevdamiseks. Sisaldab ingveri eeterlikku \u00f5li, kofeiini ja arginiini.\" \/>\n<meta name=\"robots\" content=\"index, follow, max-snippet:-1, max-image-preview:large, max-video-preview:-1\" \/>\n<link rel=\"canonical\" href=\"https:\/\/shebeauty.ee\/en\/product\/k-time-matirya-over-force-hair-loss-prevention-shampoo\/\" \/>\n<meta property=\"og:locale\" content=\"en_US\" \/>\n<meta property=\"og:type\" content=\"article\" \/>\n<meta property=\"og:title\" content=\"K-Time Matirya Over Force Hair Loss Prevention Shampoo - She Beauty Studio\" \/>\n<meta property=\"og:description\" content=\"Intensiivne \u0161ampoon loodud juuste v\u00e4ljalangemise ennetamiseks ja juuksejuurte tugevdamiseks. Sisaldab ingveri eeterlikku \u00f5li, kofeiini ja arginiini.\" \/>\n<meta property=\"og:url\" content=\"https:\/\/shebeauty.ee\/en\/product\/k-time-matirya-over-force-hair-loss-prevention-shampoo\/\" \/>\n<meta property=\"og:site_name\" content=\"She Beauty Studio\" \/>\n<meta property=\"article:modified_time\" content=\"2026-03-08T08:43:39+00:00\" \/>\n<meta property=\"og:image\" content=\"https:\/\/shebeauty.ee\/wp-content\/uploads\/2026\/03\/Over-Force-Preventsion-Matirya.jpg\" \/>\n\t<meta property=\"og:image:width\" content=\"1080\" \/>\n\t<meta property=\"og:image:height\" content=\"1080\" \/>\n\t<meta property=\"og:image:type\" content=\"image\/jpeg\" \/>\n<meta name=\"twitter:card\" content=\"summary_large_image\" \/>\n<meta name=\"twitter:label1\" content=\"Est. reading time\" \/>\n\t<meta name=\"twitter:data1\" content=\"2 minutes\" \/>\n<script type=\"application\/ld+json\" class=\"yoast-schema-graph\">{\"@context\":\"https:\\\/\\\/schema.org\",\"@graph\":[{\"@type\":\"WebPage\",\"@id\":\"https:\\\/\\\/shebeauty.ee\\\/toode\\\/k-time-matirya-over-force-hair-loss-prevention-shampoo\\\/\",\"url\":\"https:\\\/\\\/shebeauty.ee\\\/toode\\\/k-time-matirya-over-force-hair-loss-prevention-shampoo\\\/\",\"name\":\"K-Time Matirya Over Force Hair Loss Prevention Shampoo - She Beauty Studio\",\"isPartOf\":{\"@id\":\"https:\\\/\\\/shebeauty.ee\\\/#website\"},\"primaryImageOfPage\":{\"@id\":\"https:\\\/\\\/shebeauty.ee\\\/toode\\\/k-time-matirya-over-force-hair-loss-prevention-shampoo\\\/#primaryimage\"},\"image\":{\"@id\":\"https:\\\/\\\/shebeauty.ee\\\/toode\\\/k-time-matirya-over-force-hair-loss-prevention-shampoo\\\/#primaryimage\"},\"thumbnailUrl\":\"https:\\\/\\\/shebeauty.ee\\\/wp-content\\\/uploads\\\/2026\\\/03\\\/Over-Force-Preventsion-Matirya.jpg\",\"datePublished\":\"2026-03-08T07:45:21+00:00\",\"dateModified\":\"2026-03-08T08:43:39+00:00\",\"description\":\"Intensiivne \u0161ampoon loodud juuste v\u00e4ljalangemise ennetamiseks ja juuksejuurte tugevdamiseks. Sisaldab ingveri eeterlikku \u00f5li, kofeiini ja arginiini.\",\"breadcrumb\":{\"@id\":\"https:\\\/\\\/shebeauty.ee\\\/toode\\\/k-time-matirya-over-force-hair-loss-prevention-shampoo\\\/#breadcrumb\"},\"inLanguage\":\"en-US\",\"potentialAction\":[{\"@type\":\"ReadAction\",\"target\":[\"https:\\\/\\\/shebeauty.ee\\\/toode\\\/k-time-matirya-over-force-hair-loss-prevention-shampoo\\\/\"]}]},{\"@type\":\"ImageObject\",\"inLanguage\":\"en-US\",\"@id\":\"https:\\\/\\\/shebeauty.ee\\\/toode\\\/k-time-matirya-over-force-hair-loss-prevention-shampoo\\\/#primaryimage\",\"url\":\"https:\\\/\\\/shebeauty.ee\\\/wp-content\\\/uploads\\\/2026\\\/03\\\/Over-Force-Preventsion-Matirya.jpg\",\"contentUrl\":\"https:\\\/\\\/shebeauty.ee\\\/wp-content\\\/uploads\\\/2026\\\/03\\\/Over-Force-Preventsion-Matirya.jpg\",\"width\":1080,\"height\":1080},{\"@type\":\"BreadcrumbList\",\"@id\":\"https:\\\/\\\/shebeauty.ee\\\/toode\\\/k-time-matirya-over-force-hair-loss-prevention-shampoo\\\/#breadcrumb\",\"itemListElement\":[{\"@type\":\"ListItem\",\"position\":1,\"name\":\"Home\",\"item\":\"https:\\\/\\\/shebeauty.ee\\\/\"},{\"@type\":\"ListItem\",\"position\":2,\"name\":\"Pood\",\"item\":\"https:\\\/\\\/shebeauty.ee\\\/e-pood\\\/\"},{\"@type\":\"ListItem\",\"position\":3,\"name\":\"K-Time Matirya Over Force Hair Loss Prevention Shampoo\"}]},{\"@type\":\"WebSite\",\"@id\":\"https:\\\/\\\/shebeauty.ee\\\/#website\",\"url\":\"https:\\\/\\\/shebeauty.ee\\\/\",\"name\":\"She Beauty Studio\",\"description\":\"Juuksestuudio\",\"publisher\":{\"@id\":\"https:\\\/\\\/shebeauty.ee\\\/#organization\"},\"potentialAction\":[{\"@type\":\"SearchAction\",\"target\":{\"@type\":\"EntryPoint\",\"urlTemplate\":\"https:\\\/\\\/shebeauty.ee\\\/?s={search_term_string}\"},\"query-input\":{\"@type\":\"PropertyValueSpecification\",\"valueRequired\":true,\"valueName\":\"search_term_string\"}}],\"inLanguage\":\"en-US\"},{\"@type\":\"Organization\",\"@id\":\"https:\\\/\\\/shebeauty.ee\\\/#organization\",\"name\":\"She Beauty O\u00dc\",\"url\":\"https:\\\/\\\/shebeauty.ee\\\/\",\"logo\":{\"@type\":\"ImageObject\",\"inLanguage\":\"en-US\",\"@id\":\"https:\\\/\\\/shebeauty.ee\\\/#\\\/schema\\\/logo\\\/image\\\/\",\"url\":\"https:\\\/\\\/shebeauty.ee\\\/wp-content\\\/uploads\\\/2023\\\/10\\\/IMG_0585.jpg\",\"contentUrl\":\"https:\\\/\\\/shebeauty.ee\\\/wp-content\\\/uploads\\\/2023\\\/10\\\/IMG_0585.jpg\",\"width\":1284,\"height\":1300,\"caption\":\"She Beauty O\u00dc\"},\"image\":{\"@id\":\"https:\\\/\\\/shebeauty.ee\\\/#\\\/schema\\\/logo\\\/image\\\/\"}}]}<\/script>\n<!-- \/ Yoast SEO plugin. -->","yoast_head_json":{"title":"K-Time Matirya Over Force Hair Loss Prevention Shampoo - She Beauty Studio","description":"Intensiivne \u0161ampoon loodud juuste v\u00e4ljalangemise ennetamiseks ja juuksejuurte tugevdamiseks. Sisaldab ingveri eeterlikku \u00f5li, kofeiini ja arginiini.","robots":{"index":"index","follow":"follow","max-snippet":"max-snippet:-1","max-image-preview":"max-image-preview:large","max-video-preview":"max-video-preview:-1"},"canonical":"https:\/\/shebeauty.ee\/en\/product\/k-time-matirya-over-force-hair-loss-prevention-shampoo\/","og_locale":"en_US","og_type":"article","og_title":"K-Time Matirya Over Force Hair Loss Prevention Shampoo - She Beauty Studio","og_description":"Intensiivne \u0161ampoon loodud juuste v\u00e4ljalangemise ennetamiseks ja juuksejuurte tugevdamiseks. Sisaldab ingveri eeterlikku \u00f5li, kofeiini ja arginiini.","og_url":"https:\/\/shebeauty.ee\/en\/product\/k-time-matirya-over-force-hair-loss-prevention-shampoo\/","og_site_name":"She Beauty Studio","article_modified_time":"2026-03-08T08:43:39+00:00","og_image":[{"width":1080,"height":1080,"url":"https:\/\/shebeauty.ee\/wp-content\/uploads\/2026\/03\/Over-Force-Preventsion-Matirya.jpg","type":"image\/jpeg"}],"twitter_card":"summary_large_image","twitter_misc":{"Est. reading time":"2 minutes"},"schema":{"@context":"https:\/\/schema.org","@graph":[{"@type":"WebPage","@id":"https:\/\/shebeauty.ee\/toode\/k-time-matirya-over-force-hair-loss-prevention-shampoo\/","url":"https:\/\/shebeauty.ee\/toode\/k-time-matirya-over-force-hair-loss-prevention-shampoo\/","name":"K-Time Matirya Over Force Hair Loss Prevention Shampoo - She Beauty Studio","isPartOf":{"@id":"https:\/\/shebeauty.ee\/#website"},"primaryImageOfPage":{"@id":"https:\/\/shebeauty.ee\/toode\/k-time-matirya-over-force-hair-loss-prevention-shampoo\/#primaryimage"},"image":{"@id":"https:\/\/shebeauty.ee\/toode\/k-time-matirya-over-force-hair-loss-prevention-shampoo\/#primaryimage"},"thumbnailUrl":"https:\/\/shebeauty.ee\/wp-content\/uploads\/2026\/03\/Over-Force-Preventsion-Matirya.jpg","datePublished":"2026-03-08T07:45:21+00:00","dateModified":"2026-03-08T08:43:39+00:00","description":"Intensiivne \u0161ampoon loodud juuste v\u00e4ljalangemise ennetamiseks ja juuksejuurte tugevdamiseks. Sisaldab ingveri eeterlikku \u00f5li, kofeiini ja arginiini.","breadcrumb":{"@id":"https:\/\/shebeauty.ee\/toode\/k-time-matirya-over-force-hair-loss-prevention-shampoo\/#breadcrumb"},"inLanguage":"en-US","potentialAction":[{"@type":"ReadAction","target":["https:\/\/shebeauty.ee\/toode\/k-time-matirya-over-force-hair-loss-prevention-shampoo\/"]}]},{"@type":"ImageObject","inLanguage":"en-US","@id":"https:\/\/shebeauty.ee\/toode\/k-time-matirya-over-force-hair-loss-prevention-shampoo\/#primaryimage","url":"https:\/\/shebeauty.ee\/wp-content\/uploads\/2026\/03\/Over-Force-Preventsion-Matirya.jpg","contentUrl":"https:\/\/shebeauty.ee\/wp-content\/uploads\/2026\/03\/Over-Force-Preventsion-Matirya.jpg","width":1080,"height":1080},{"@type":"BreadcrumbList","@id":"https:\/\/shebeauty.ee\/toode\/k-time-matirya-over-force-hair-loss-prevention-shampoo\/#breadcrumb","itemListElement":[{"@type":"ListItem","position":1,"name":"Home","item":"https:\/\/shebeauty.ee\/"},{"@type":"ListItem","position":2,"name":"Pood","item":"https:\/\/shebeauty.ee\/e-pood\/"},{"@type":"ListItem","position":3,"name":"K-Time Matirya Over Force Hair Loss Prevention Shampoo"}]},{"@type":"WebSite","@id":"https:\/\/shebeauty.ee\/#website","url":"https:\/\/shebeauty.ee\/","name":"She Beauty Studio","description":"Juuksestuudio","publisher":{"@id":"https:\/\/shebeauty.ee\/#organization"},"potentialAction":[{"@type":"SearchAction","target":{"@type":"EntryPoint","urlTemplate":"https:\/\/shebeauty.ee\/?s={search_term_string}"},"query-input":{"@type":"PropertyValueSpecification","valueRequired":true,"valueName":"search_term_string"}}],"inLanguage":"en-US"},{"@type":"Organization","@id":"https:\/\/shebeauty.ee\/#organization","name":"She Beauty O\u00dc","url":"https:\/\/shebeauty.ee\/","logo":{"@type":"ImageObject","inLanguage":"en-US","@id":"https:\/\/shebeauty.ee\/#\/schema\/logo\/image\/","url":"https:\/\/shebeauty.ee\/wp-content\/uploads\/2023\/10\/IMG_0585.jpg","contentUrl":"https:\/\/shebeauty.ee\/wp-content\/uploads\/2023\/10\/IMG_0585.jpg","width":1284,"height":1300,"caption":"She Beauty O\u00dc"},"image":{"@id":"https:\/\/shebeauty.ee\/#\/schema\/logo\/image\/"}}]}},"_links":{"self":[{"href":"https:\/\/shebeauty.ee\/en\/wp-json\/wp\/v2\/product\/6464","targetHints":{"allow":["GET"]}}],"collection":[{"href":"https:\/\/shebeauty.ee\/en\/wp-json\/wp\/v2\/product"}],"about":[{"href":"https:\/\/shebeauty.ee\/en\/wp-json\/wp\/v2\/types\/product"}],"replies":[{"embeddable":true,"href":"https:\/\/shebeauty.ee\/en\/wp-json\/wp\/v2\/comments?post=6464"}],"wp:featuredmedia":[{"embeddable":true,"href":"https:\/\/shebeauty.ee\/en\/wp-json\/wp\/v2\/media\/6467"}],"wp:attachment":[{"href":"https:\/\/shebeauty.ee\/en\/wp-json\/wp\/v2\/media?parent=6464"}],"wp:term":[{"taxonomy":"product_brand","embeddable":true,"href":"https:\/\/shebeauty.ee\/en\/wp-json\/wp\/v2\/product_brand?post=6464"},{"taxonomy":"product_cat","embeddable":true,"href":"https:\/\/shebeauty.ee\/en\/wp-json\/wp\/v2\/product_cat?post=6464"},{"taxonomy":"product_tag","embeddable":true,"href":"https:\/\/shebeauty.ee\/en\/wp-json\/wp\/v2\/product_tag?post=6464"},{"taxonomy":"giftcard-category","embeddable":true,"href":"https:\/\/shebeauty.ee\/en\/wp-json\/wp\/v2\/giftcard-category?post=6464"}],"curies":[{"name":"wp","href":"https:\/\/api.w.org\/{rel}","templated":true}]}}