{"id":6381,"date":"2026-02-07T13:00:54","date_gmt":"2026-02-07T11:00:54","guid":{"rendered":"https:\/\/shebeauty.ee\/?post_type=product&#038;p=6381"},"modified":"2026-02-24T12:39:04","modified_gmt":"2026-02-24T10:39:04","slug":"k-time-over-force-advanced-hair-loss-prevention-treatment","status":"publish","type":"product","link":"https:\/\/shebeauty.ee\/en\/product\/k-time-over-force-advanced-hair-loss-prevention-treatment\/","title":{"rendered":"K-Time Over Force Advanced Hair Loss Prevention Treatment"},"content":{"rendered":"<p data-start=\"124\" data-end=\"418\"><strong data-start=\"124\" data-end=\"193\">K-Time Matirya Over Force Advanced Hair Loss Prevention Treatment<\/strong> on t\u00f5hus ja kontsentreeritud juuksehooldus, mis koosneb 12 \u00fchekordsest viaalist (8 ml). Intensiivne hooldus \u00e4rgitab juuste loomulikku kasvu, tugevdab juuksestruktuuri ning aitab v\u00e4hendada juuste h\u00f5renemist ja v\u00e4ljalangemist.<\/p>\n<p data-start=\"420\" data-end=\"713\">Toote toime p\u00f5hineb uuenduslikul aktiivainete kompleksil. Sidrunmelissi eeterlik \u00f5li rahustab peanahka ja ergutab vereringet, aminohapete kompleks tugevdab juuksekiudu ning rohelise tee ekstrakt toimib tugeva antioks\u00fcdandina, kaitstes juukseid ja peanahka v\u00e4liskeskkonna kahjulike m\u00f5jude eest.<\/p>\n<p data-start=\"715\" data-end=\"940\">Regulaarse kasutamise tulemusel muutuvad juuksed eluj\u00f5ulisemaks, tugevamaks ja tihedamaks ning peanahk puhtamaks ja paremini tasakaalustatuks.<br data-start=\"857\" data-end=\"860\" \/>Sobib nii naistele kui meestele, kes m\u00e4rkavad juuste n\u00f5rgenemist v\u00f5i h\u00f5renemist.<\/p>\n<p class=\"p1 translation-block\"><strong>Warning:<\/strong> Keep away from sources of heat and light. Do not dilute or mix with other products. Do not ingest or inject the product. Keep out of reach of children. Avoid contact with eyes. Do not apply to damaged, irritated, or condition-affected scalp (eczema, psoriasis, etc.). Open carefully. For external use only.<\/p>\n<p class=\"p1\"><strong>Kaustamine:\u00a0<\/strong><br \/>\nAmpull: Kanna \u00fcks viaal otse puhtale ja r\u00e4tikukuivale peanahale. Masseeri kuni t\u00e4ieliku imendumiseni. \u00c4ra loputa.<br data-start=\"1572\" data-end=\"1575\" \/>Repeat 2\u20133 times a week or according to the recommended treatment course.<br \/>\nParima tulemuse saavutamiseks kasuta koos sama sarja \u0161ampooniga.<\/p>\n<p><strong>The list of ingredients could change. Always refer to the product packaging for the most up-to-date ingredient list.<\/strong><br \/>\n<strong>Koostisosade loetelu v\u00f5ib muutuda. K\u00f5ige ajakohasema koostisosade loetelu leiad alati toote pakendilt.<\/strong><\/p>\n<p class=\"p1\"><span class=\"s1\">Importer: Beauty Cosmetics O\u00dc, Kaupmehe 6, Tallinn <a href=\"https:\/\/shebeauty.ee\/en\/\"><span class=\"s2\">www.shebeauty.ee<\/span><\/a><\/span><\/p>","protected":false},"excerpt":{"rendered":"<p><span style=\"font-size: 16px;\" data-start=\"188\" data-end=\"298\">(<em>Liitrihind: 667\u20ac \/ l<\/em>)<\/span><br \/>\nIntensiivne juuksehooldus, mis aitab v\u00e4hendada juuste h\u00f5renemist ja v\u00e4ljalangemist. Kontsentreeritud koostis tugevdab juukseid, ergutab loomulikku kasvu ning tasakaalustab peanahka. Tulemuseks on tugevamad, eluj\u00f5ulisemad ja tihedamad juuksed. Sobib nii naistele kui meestele.<\/p>","protected":false},"featured_media":6382,"comment_status":"open","ping_status":"closed","template":"","meta":{"site-sidebar-layout":"default","site-content-layout":"","ast-site-content-layout":"default","site-content-style":"default","site-sidebar-style":"default","ast-global-header-display":"","ast-banner-title-visibility":"","ast-main-header-display":"","ast-hfb-above-header-display":"","ast-hfb-below-header-display":"","ast-hfb-mobile-header-display":"","site-post-title":"","ast-breadcrumbs-content":"","ast-featured-img":"","footer-sml-layout":"","ast-disable-related-posts":"","theme-transparent-header-meta":"default","adv-header-id-meta":"","stick-header-meta":"","header-above-stick-meta":"","header-main-stick-meta":"","header-below-stick-meta":"","astra-migrate-meta-layouts":"set","ast-page-background-enabled":"default","ast-page-background-meta":{"desktop":{"background-color":"var(--ast-global-color-4)","background-image":"","background-repeat":"repeat","background-position":"center center","background-size":"auto","background-attachment":"scroll","background-type":"","background-media":"","overlay-type":"","overlay-color":"","overlay-opacity":"","overlay-gradient":""},"tablet":{"background-color":"","background-image":"","background-repeat":"repeat","background-position":"center center","background-size":"auto","background-attachment":"scroll","background-type":"","background-media":"","overlay-type":"","overlay-color":"","overlay-opacity":"","overlay-gradient":""},"mobile":{"background-color":"","background-image":"","background-repeat":"repeat","background-position":"center center","background-size":"auto","background-attachment":"scroll","background-type":"","background-media":"","overlay-type":"","overlay-color":"","overlay-opacity":"","overlay-gradient":""}},"ast-content-background-meta":{"desktop":{"background-color":"var(--ast-global-color-5)","background-image":"","background-repeat":"repeat","background-position":"center center","background-size":"auto","background-attachment":"scroll","background-type":"","background-media":"","overlay-type":"","overlay-color":"","overlay-opacity":"","overlay-gradient":""},"tablet":{"background-color":"var(--ast-global-color-5)","background-image":"","background-repeat":"repeat","background-position":"center center","background-size":"auto","background-attachment":"scroll","background-type":"","background-media":"","overlay-type":"","overlay-color":"","overlay-opacity":"","overlay-gradient":""},"mobile":{"background-color":"var(--ast-global-color-5)","background-image":"","background-repeat":"repeat","background-position":"center center","background-size":"auto","background-attachment":"scroll","background-type":"","background-media":"","overlay-type":"","overlay-color":"","overlay-opacity":"","overlay-gradient":""}}},"product_brand":[],"product_cat":[20],"product_tag":[347,302,307,296,309,303,160,308],"giftcard-category":[],"class_list":{"0":"post-6381","1":"product","2":"type-product","3":"status-publish","4":"has-post-thumbnail","6":"product_cat-juuksehooldustooted-sampoon-palsam-mask","7":"product_tag-annestiil-ilulemmik-2026","8":"product_tag-horenevatele-juustele","9":"product_tag-k-time-matirya-over-force-sari","10":"product_tag-k-time-matirya-sari","11":"product_tag-rohelise-tee-ekstrakt","12":"product_tag-sidrunimelissi-eeterlik-oli","13":"product_tag-stimuleerib-juuksekasvu","14":"product_tag-stimuleerib-vereringet","15":"desktop-align-center","16":"tablet-align-left","17":"mobile-align-left","19":"first","20":"instock","21":"sale","22":"taxable","23":"shipping-taxable","24":"purchasable","25":"product-type-simple"},"yoast_head":"<!-- This site is optimized with the Yoast SEO plugin v27.4 - https:\/\/yoast.com\/product\/yoast-seo-wordpress\/ -->\n<title>K-Time Over Force Advanced Hair Loss Prevention Treatment - She Beauty Studio<\/title>\n<meta name=\"description\" content=\"Intensiivne juuste v\u00e4ljalangemise vastane kuur, mis aktiveerib juuksekasvu ja tugevdab juuksejuuri. Aidates juustel kasvada ja taastuda.\" \/>\n<meta name=\"robots\" content=\"index, follow, max-snippet:-1, max-image-preview:large, max-video-preview:-1\" \/>\n<link rel=\"canonical\" href=\"https:\/\/shebeauty.ee\/en\/product\/k-time-over-force-advanced-hair-loss-prevention-treatment\/\" \/>\n<meta property=\"og:locale\" content=\"en_US\" \/>\n<meta property=\"og:type\" content=\"article\" \/>\n<meta property=\"og:title\" content=\"K-Time Over Force Advanced Hair Loss Prevention Treatment - She Beauty Studio\" \/>\n<meta property=\"og:description\" content=\"Intensiivne juuste v\u00e4ljalangemise vastane kuur, mis aktiveerib juuksekasvu ja tugevdab juuksejuuri. Aidates juustel kasvada ja taastuda.\" \/>\n<meta property=\"og:url\" content=\"https:\/\/shebeauty.ee\/en\/product\/k-time-over-force-advanced-hair-loss-prevention-treatment\/\" \/>\n<meta property=\"og:site_name\" content=\"She Beauty Studio\" \/>\n<meta property=\"article:modified_time\" content=\"2026-02-24T10:39:04+00:00\" \/>\n<meta property=\"og:image\" content=\"https:\/\/shebeauty.ee\/wp-content\/uploads\/2026\/02\/Over-Force-Advanced-Matirya-ampullid.jpg\" \/>\n\t<meta property=\"og:image:width\" content=\"1080\" \/>\n\t<meta property=\"og:image:height\" content=\"1080\" \/>\n\t<meta property=\"og:image:type\" content=\"image\/jpeg\" \/>\n<meta name=\"twitter:card\" content=\"summary_large_image\" \/>\n<meta name=\"twitter:label1\" content=\"Est. reading time\" \/>\n\t<meta name=\"twitter:data1\" content=\"2 minutes\" \/>\n<script type=\"application\/ld+json\" class=\"yoast-schema-graph\">{\"@context\":\"https:\\\/\\\/schema.org\",\"@graph\":[{\"@type\":\"WebPage\",\"@id\":\"https:\\\/\\\/shebeauty.ee\\\/toode\\\/k-time-over-force-advanced-hair-loss-prevention-treatment\\\/\",\"url\":\"https:\\\/\\\/shebeauty.ee\\\/toode\\\/k-time-over-force-advanced-hair-loss-prevention-treatment\\\/\",\"name\":\"K-Time Over Force Advanced Hair Loss Prevention Treatment - She Beauty Studio\",\"isPartOf\":{\"@id\":\"https:\\\/\\\/shebeauty.ee\\\/#website\"},\"primaryImageOfPage\":{\"@id\":\"https:\\\/\\\/shebeauty.ee\\\/toode\\\/k-time-over-force-advanced-hair-loss-prevention-treatment\\\/#primaryimage\"},\"image\":{\"@id\":\"https:\\\/\\\/shebeauty.ee\\\/toode\\\/k-time-over-force-advanced-hair-loss-prevention-treatment\\\/#primaryimage\"},\"thumbnailUrl\":\"https:\\\/\\\/shebeauty.ee\\\/wp-content\\\/uploads\\\/2026\\\/02\\\/Over-Force-Advanced-Matirya-ampullid.jpg\",\"datePublished\":\"2026-02-07T11:00:54+00:00\",\"dateModified\":\"2026-02-24T10:39:04+00:00\",\"description\":\"Intensiivne juuste v\u00e4ljalangemise vastane kuur, mis aktiveerib juuksekasvu ja tugevdab juuksejuuri. Aidates juustel kasvada ja taastuda.\",\"breadcrumb\":{\"@id\":\"https:\\\/\\\/shebeauty.ee\\\/toode\\\/k-time-over-force-advanced-hair-loss-prevention-treatment\\\/#breadcrumb\"},\"inLanguage\":\"en-US\",\"potentialAction\":[{\"@type\":\"ReadAction\",\"target\":[\"https:\\\/\\\/shebeauty.ee\\\/toode\\\/k-time-over-force-advanced-hair-loss-prevention-treatment\\\/\"]}]},{\"@type\":\"ImageObject\",\"inLanguage\":\"en-US\",\"@id\":\"https:\\\/\\\/shebeauty.ee\\\/toode\\\/k-time-over-force-advanced-hair-loss-prevention-treatment\\\/#primaryimage\",\"url\":\"https:\\\/\\\/shebeauty.ee\\\/wp-content\\\/uploads\\\/2026\\\/02\\\/Over-Force-Advanced-Matirya-ampullid.jpg\",\"contentUrl\":\"https:\\\/\\\/shebeauty.ee\\\/wp-content\\\/uploads\\\/2026\\\/02\\\/Over-Force-Advanced-Matirya-ampullid.jpg\",\"width\":1080,\"height\":1080},{\"@type\":\"BreadcrumbList\",\"@id\":\"https:\\\/\\\/shebeauty.ee\\\/toode\\\/k-time-over-force-advanced-hair-loss-prevention-treatment\\\/#breadcrumb\",\"itemListElement\":[{\"@type\":\"ListItem\",\"position\":1,\"name\":\"Home\",\"item\":\"https:\\\/\\\/shebeauty.ee\\\/\"},{\"@type\":\"ListItem\",\"position\":2,\"name\":\"Pood\",\"item\":\"https:\\\/\\\/shebeauty.ee\\\/e-pood\\\/\"},{\"@type\":\"ListItem\",\"position\":3,\"name\":\"K-Time Over Force Advanced Hair Loss Prevention Treatment\"}]},{\"@type\":\"WebSite\",\"@id\":\"https:\\\/\\\/shebeauty.ee\\\/#website\",\"url\":\"https:\\\/\\\/shebeauty.ee\\\/\",\"name\":\"She Beauty Studio\",\"description\":\"Juuksestuudio\",\"publisher\":{\"@id\":\"https:\\\/\\\/shebeauty.ee\\\/#organization\"},\"potentialAction\":[{\"@type\":\"SearchAction\",\"target\":{\"@type\":\"EntryPoint\",\"urlTemplate\":\"https:\\\/\\\/shebeauty.ee\\\/?s={search_term_string}\"},\"query-input\":{\"@type\":\"PropertyValueSpecification\",\"valueRequired\":true,\"valueName\":\"search_term_string\"}}],\"inLanguage\":\"en-US\"},{\"@type\":\"Organization\",\"@id\":\"https:\\\/\\\/shebeauty.ee\\\/#organization\",\"name\":\"She Beauty O\u00dc\",\"url\":\"https:\\\/\\\/shebeauty.ee\\\/\",\"logo\":{\"@type\":\"ImageObject\",\"inLanguage\":\"en-US\",\"@id\":\"https:\\\/\\\/shebeauty.ee\\\/#\\\/schema\\\/logo\\\/image\\\/\",\"url\":\"https:\\\/\\\/shebeauty.ee\\\/wp-content\\\/uploads\\\/2023\\\/10\\\/IMG_0585.jpg\",\"contentUrl\":\"https:\\\/\\\/shebeauty.ee\\\/wp-content\\\/uploads\\\/2023\\\/10\\\/IMG_0585.jpg\",\"width\":1284,\"height\":1300,\"caption\":\"She Beauty O\u00dc\"},\"image\":{\"@id\":\"https:\\\/\\\/shebeauty.ee\\\/#\\\/schema\\\/logo\\\/image\\\/\"}}]}<\/script>\n<!-- \/ Yoast SEO plugin. -->","yoast_head_json":{"title":"K-Time Over Force Advanced Hair Loss Prevention Treatment - She Beauty Studio","description":"Intensiivne juuste v\u00e4ljalangemise vastane kuur, mis aktiveerib juuksekasvu ja tugevdab juuksejuuri. Aidates juustel kasvada ja taastuda.","robots":{"index":"index","follow":"follow","max-snippet":"max-snippet:-1","max-image-preview":"max-image-preview:large","max-video-preview":"max-video-preview:-1"},"canonical":"https:\/\/shebeauty.ee\/en\/product\/k-time-over-force-advanced-hair-loss-prevention-treatment\/","og_locale":"en_US","og_type":"article","og_title":"K-Time Over Force Advanced Hair Loss Prevention Treatment - She Beauty Studio","og_description":"Intensiivne juuste v\u00e4ljalangemise vastane kuur, mis aktiveerib juuksekasvu ja tugevdab juuksejuuri. Aidates juustel kasvada ja taastuda.","og_url":"https:\/\/shebeauty.ee\/en\/product\/k-time-over-force-advanced-hair-loss-prevention-treatment\/","og_site_name":"She Beauty Studio","article_modified_time":"2026-02-24T10:39:04+00:00","og_image":[{"width":1080,"height":1080,"url":"https:\/\/shebeauty.ee\/wp-content\/uploads\/2026\/02\/Over-Force-Advanced-Matirya-ampullid.jpg","type":"image\/jpeg"}],"twitter_card":"summary_large_image","twitter_misc":{"Est. reading time":"2 minutes"},"schema":{"@context":"https:\/\/schema.org","@graph":[{"@type":"WebPage","@id":"https:\/\/shebeauty.ee\/toode\/k-time-over-force-advanced-hair-loss-prevention-treatment\/","url":"https:\/\/shebeauty.ee\/toode\/k-time-over-force-advanced-hair-loss-prevention-treatment\/","name":"K-Time Over Force Advanced Hair Loss Prevention Treatment - She Beauty Studio","isPartOf":{"@id":"https:\/\/shebeauty.ee\/#website"},"primaryImageOfPage":{"@id":"https:\/\/shebeauty.ee\/toode\/k-time-over-force-advanced-hair-loss-prevention-treatment\/#primaryimage"},"image":{"@id":"https:\/\/shebeauty.ee\/toode\/k-time-over-force-advanced-hair-loss-prevention-treatment\/#primaryimage"},"thumbnailUrl":"https:\/\/shebeauty.ee\/wp-content\/uploads\/2026\/02\/Over-Force-Advanced-Matirya-ampullid.jpg","datePublished":"2026-02-07T11:00:54+00:00","dateModified":"2026-02-24T10:39:04+00:00","description":"Intensiivne juuste v\u00e4ljalangemise vastane kuur, mis aktiveerib juuksekasvu ja tugevdab juuksejuuri. Aidates juustel kasvada ja taastuda.","breadcrumb":{"@id":"https:\/\/shebeauty.ee\/toode\/k-time-over-force-advanced-hair-loss-prevention-treatment\/#breadcrumb"},"inLanguage":"en-US","potentialAction":[{"@type":"ReadAction","target":["https:\/\/shebeauty.ee\/toode\/k-time-over-force-advanced-hair-loss-prevention-treatment\/"]}]},{"@type":"ImageObject","inLanguage":"en-US","@id":"https:\/\/shebeauty.ee\/toode\/k-time-over-force-advanced-hair-loss-prevention-treatment\/#primaryimage","url":"https:\/\/shebeauty.ee\/wp-content\/uploads\/2026\/02\/Over-Force-Advanced-Matirya-ampullid.jpg","contentUrl":"https:\/\/shebeauty.ee\/wp-content\/uploads\/2026\/02\/Over-Force-Advanced-Matirya-ampullid.jpg","width":1080,"height":1080},{"@type":"BreadcrumbList","@id":"https:\/\/shebeauty.ee\/toode\/k-time-over-force-advanced-hair-loss-prevention-treatment\/#breadcrumb","itemListElement":[{"@type":"ListItem","position":1,"name":"Home","item":"https:\/\/shebeauty.ee\/"},{"@type":"ListItem","position":2,"name":"Pood","item":"https:\/\/shebeauty.ee\/e-pood\/"},{"@type":"ListItem","position":3,"name":"K-Time Over Force Advanced Hair Loss Prevention Treatment"}]},{"@type":"WebSite","@id":"https:\/\/shebeauty.ee\/#website","url":"https:\/\/shebeauty.ee\/","name":"She Beauty Studio","description":"Juuksestuudio","publisher":{"@id":"https:\/\/shebeauty.ee\/#organization"},"potentialAction":[{"@type":"SearchAction","target":{"@type":"EntryPoint","urlTemplate":"https:\/\/shebeauty.ee\/?s={search_term_string}"},"query-input":{"@type":"PropertyValueSpecification","valueRequired":true,"valueName":"search_term_string"}}],"inLanguage":"en-US"},{"@type":"Organization","@id":"https:\/\/shebeauty.ee\/#organization","name":"She Beauty O\u00dc","url":"https:\/\/shebeauty.ee\/","logo":{"@type":"ImageObject","inLanguage":"en-US","@id":"https:\/\/shebeauty.ee\/#\/schema\/logo\/image\/","url":"https:\/\/shebeauty.ee\/wp-content\/uploads\/2023\/10\/IMG_0585.jpg","contentUrl":"https:\/\/shebeauty.ee\/wp-content\/uploads\/2023\/10\/IMG_0585.jpg","width":1284,"height":1300,"caption":"She Beauty O\u00dc"},"image":{"@id":"https:\/\/shebeauty.ee\/#\/schema\/logo\/image\/"}}]}},"_links":{"self":[{"href":"https:\/\/shebeauty.ee\/en\/wp-json\/wp\/v2\/product\/6381","targetHints":{"allow":["GET"]}}],"collection":[{"href":"https:\/\/shebeauty.ee\/en\/wp-json\/wp\/v2\/product"}],"about":[{"href":"https:\/\/shebeauty.ee\/en\/wp-json\/wp\/v2\/types\/product"}],"replies":[{"embeddable":true,"href":"https:\/\/shebeauty.ee\/en\/wp-json\/wp\/v2\/comments?post=6381"}],"wp:featuredmedia":[{"embeddable":true,"href":"https:\/\/shebeauty.ee\/en\/wp-json\/wp\/v2\/media\/6382"}],"wp:attachment":[{"href":"https:\/\/shebeauty.ee\/en\/wp-json\/wp\/v2\/media?parent=6381"}],"wp:term":[{"taxonomy":"product_brand","embeddable":true,"href":"https:\/\/shebeauty.ee\/en\/wp-json\/wp\/v2\/product_brand?post=6381"},{"taxonomy":"product_cat","embeddable":true,"href":"https:\/\/shebeauty.ee\/en\/wp-json\/wp\/v2\/product_cat?post=6381"},{"taxonomy":"product_tag","embeddable":true,"href":"https:\/\/shebeauty.ee\/en\/wp-json\/wp\/v2\/product_tag?post=6381"},{"taxonomy":"giftcard-category","embeddable":true,"href":"https:\/\/shebeauty.ee\/en\/wp-json\/wp\/v2\/giftcard-category?post=6381"}],"curies":[{"name":"wp","href":"https:\/\/api.w.org\/{rel}","templated":true}]}}