{"id":6337,"date":"2026-01-25T19:44:21","date_gmt":"2026-01-25T17:44:21","guid":{"rendered":"https:\/\/shebeauty.ee\/?post_type=product&#038;p=6337"},"modified":"2026-01-28T19:44:29","modified_gmt":"2026-01-28T17:44:29","slug":"sweet-candy-sarja-kehahoolduse-komplekt","status":"publish","type":"product","link":"https:\/\/shebeauty.ee\/en\/product\/sweet-candy-sarja-kehahoolduse-komplekt\/","title":{"rendered":"Sweet Candy sarja kehahoolduse komplekt"},"content":{"rendered":"<p data-start=\"577\" data-end=\"798\"><strong data-start=\"577\" data-end=\"611\">\ud83d\udfe2 <\/strong>Kooriv du\u0161ivaht Mojito M\u00fcnt<br data-start=\"611\" data-end=\"614\" \/>V\u00e4rskendava piparm\u00fcndi aroomiga kooriv du\u0161ivaht BHA-happe ja pantenooliga. Puhastab naha s\u00fcgavuti, eemaldab \u00f5rnalt surnud naharakud ning j\u00e4tab naha sileda, v\u00e4rske ja hoolitsetud tunde.<\/p>\n<p data-start=\"800\" data-end=\"978\"><strong data-start=\"800\" data-end=\"823\">\ud83c\udf4a <\/strong>Du\u0161ivaht Apelsin<br data-start=\"823\" data-end=\"826\" \/>Energiline ja v\u00e4rskendav apelsiniaroomiga du\u0161ivaht, rikastatud argaania\u00f5li ja pantenooliga. Niisutab ja hooldab nahka, j\u00e4ttes selle pehmeks ja siledaks.<\/p>\n<p data-start=\"980\" data-end=\"1142\"><strong data-start=\"980\" data-end=\"1004\">\ud83c\udf53<\/strong> Du\u0161ivaht Maasikas<br data-start=\"1004\" data-end=\"1007\" \/>Magusalt l\u00f5hnav maasika du\u0161ivaht argaania\u00f5li ja pantenooliga. Niisutab ja hooldab nahka ning muudab igap\u00e4evase pesu m\u00f5nusaks elamuseks.<\/p>\n<p data-start=\"1144\" data-end=\"1409\"><strong data-start=\"1144\" data-end=\"1187\">\ud83e\udd65 <\/strong>Pruunistav kehavaht Coconut &amp; Sunset<br data-start=\"1187\" data-end=\"1190\" \/>Rikkalik ja siidine pruunistav kehavaht kookosvee ja aaloe veraga. Annab nahale kauni kuldse jume ilma p\u00e4ikese k\u00e4es viibimata. Eksootiline kookose ja sooja p\u00e4ikeseloojangu aroom j\u00e4tab naha pehmeks, siledaks ja s\u00e4ravaks.<\/p>\n<p style=\"font-weight: 400;\"><strong>Hoiatus:<\/strong><br \/>\nMitte kasutada kahjustatud v\u00f5i \u00e4rritunud nahal. V\u00e4ltida silma sattumist. Pakend on r\u00f5hu all \u2013 kaitsta otsese p\u00e4ikesevalguse eest ning mitte hoida temperatuuril \u00fcle 50 \u00b0C. Mitte purustada ega p\u00f5letada, isegi p\u00e4rast t\u00fchjenemist. Mitte pihustada lahtise leegi v\u00f5i h\u00f5\u00f5guva materjali l\u00e4heduses. Hoida lastele k\u00e4ttesaamatus kohas.<\/p>\n<p style=\"font-weight: 400;\"><strong>Importija:<\/strong><br \/>\ninfo@ursus.ee<\/p>","protected":false},"excerpt":{"rendered":"<p data-start=\"276\" data-end=\"485\">Naudi igap\u00e4evast spa-elamust ja suvist s\u00e4ra \u00fche hinnaga. See hoolikalt kokku pandud kehahoolduse komplekt \u00fchendab puhastuse, niisutuse, koorimise ja kauni jume \u2013 <strong>Osta 3, saad 4 toodet<\/strong>!<\/p>\n<p data-start=\"487\" data-end=\"546\">T\u00e4iuslik valik nii enda hellitamiseks kui ka kingituseks \ud83d\udc9b<\/p>","protected":false},"featured_media":6338,"comment_status":"open","ping_status":"closed","template":"","meta":{"site-sidebar-layout":"default","site-content-layout":"","ast-site-content-layout":"default","site-content-style":"default","site-sidebar-style":"default","ast-global-header-display":"","ast-banner-title-visibility":"","ast-main-header-display":"","ast-hfb-above-header-display":"","ast-hfb-below-header-display":"","ast-hfb-mobile-header-display":"","site-post-title":"","ast-breadcrumbs-content":"","ast-featured-img":"","footer-sml-layout":"","ast-disable-related-posts":"","theme-transparent-header-meta":"default","adv-header-id-meta":"","stick-header-meta":"","header-above-stick-meta":"","header-main-stick-meta":"","header-below-stick-meta":"","astra-migrate-meta-layouts":"set","ast-page-background-enabled":"default","ast-page-background-meta":{"desktop":{"background-color":"var(--ast-global-color-4)","background-image":"","background-repeat":"repeat","background-position":"center center","background-size":"auto","background-attachment":"scroll","background-type":"","background-media":"","overlay-type":"","overlay-color":"","overlay-opacity":"","overlay-gradient":""},"tablet":{"background-color":"","background-image":"","background-repeat":"repeat","background-position":"center center","background-size":"auto","background-attachment":"scroll","background-type":"","background-media":"","overlay-type":"","overlay-color":"","overlay-opacity":"","overlay-gradient":""},"mobile":{"background-color":"","background-image":"","background-repeat":"repeat","background-position":"center center","background-size":"auto","background-attachment":"scroll","background-type":"","background-media":"","overlay-type":"","overlay-color":"","overlay-opacity":"","overlay-gradient":""}},"ast-content-background-meta":{"desktop":{"background-color":"var(--ast-global-color-5)","background-image":"","background-repeat":"repeat","background-position":"center center","background-size":"auto","background-attachment":"scroll","background-type":"","background-media":"","overlay-type":"","overlay-color":"","overlay-opacity":"","overlay-gradient":""},"tablet":{"background-color":"var(--ast-global-color-5)","background-image":"","background-repeat":"repeat","background-position":"center center","background-size":"auto","background-attachment":"scroll","background-type":"","background-media":"","overlay-type":"","overlay-color":"","overlay-opacity":"","overlay-gradient":""},"mobile":{"background-color":"var(--ast-global-color-5)","background-image":"","background-repeat":"repeat","background-position":"center center","background-size":"auto","background-attachment":"scroll","background-type":"","background-media":"","overlay-type":"","overlay-color":"","overlay-opacity":"","overlay-gradient":""}}},"product_brand":[],"product_cat":[18],"product_tag":[346],"giftcard-category":[],"class_list":{"0":"post-6337","1":"product","2":"type-product","3":"status-publish","4":"has-post-thumbnail","6":"product_cat-kosmeetika","7":"product_tag-dusivaht","8":"desktop-align-center","9":"tablet-align-left","10":"mobile-align-left","12":"first","13":"instock","14":"sale","15":"taxable","16":"shipping-taxable","17":"purchasable","18":"product-type-simple"},"yoast_head":"<!-- This site is optimized with the Yoast SEO plugin v27.4 - https:\/\/yoast.com\/product\/yoast-seo-wordpress\/ -->\n<title>Sweet Candy sarja kehahoolduse komplekt - She Beauty Studio<\/title>\n<meta name=\"description\" content=\"Du\u0161ivahtude &amp; Kehahoolduse Kombo \u2013 Osta 3, saad 4! Naudi igap\u00e4evast spa-elamust ja suvist s\u00e4ra \u00fche hinnaga. See hoolikalt kokku pandud kehahoolduse komplekt\" \/>\n<meta name=\"robots\" content=\"index, follow, max-snippet:-1, max-image-preview:large, max-video-preview:-1\" \/>\n<link rel=\"canonical\" href=\"https:\/\/shebeauty.ee\/en\/product\/sweet-candy-sarja-kehahoolduse-komplekt\/\" \/>\n<meta property=\"og:locale\" content=\"en_US\" \/>\n<meta property=\"og:type\" content=\"article\" \/>\n<meta property=\"og:title\" content=\"Sweet Candy sarja kehahoolduse komplekt - She Beauty Studio\" \/>\n<meta property=\"og:description\" content=\"Du\u0161ivahtude &amp; Kehahoolduse Kombo \u2013 Osta 3, saad 4! Naudi igap\u00e4evast spa-elamust ja suvist s\u00e4ra \u00fche hinnaga. See hoolikalt kokku pandud kehahoolduse komplekt\" \/>\n<meta property=\"og:url\" content=\"https:\/\/shebeauty.ee\/en\/product\/sweet-candy-sarja-kehahoolduse-komplekt\/\" \/>\n<meta property=\"og:site_name\" content=\"She Beauty Studio\" \/>\n<meta property=\"article:modified_time\" content=\"2026-01-28T17:44:29+00:00\" \/>\n<meta property=\"og:image\" content=\"https:\/\/shebeauty.ee\/wp-content\/uploads\/2026\/01\/vahud.jpg\" \/>\n\t<meta property=\"og:image:width\" content=\"1080\" \/>\n\t<meta property=\"og:image:height\" content=\"1080\" \/>\n\t<meta property=\"og:image:type\" content=\"image\/jpeg\" \/>\n<meta name=\"twitter:card\" content=\"summary_large_image\" \/>\n<meta name=\"twitter:label1\" content=\"Est. reading time\" \/>\n\t<meta name=\"twitter:data1\" content=\"2 minutes\" \/>\n<script type=\"application\/ld+json\" class=\"yoast-schema-graph\">{\"@context\":\"https:\\\/\\\/schema.org\",\"@graph\":[{\"@type\":\"WebPage\",\"@id\":\"https:\\\/\\\/shebeauty.ee\\\/toode\\\/sweet-candy-sarja-kehahoolduse-komplekt\\\/\",\"url\":\"https:\\\/\\\/shebeauty.ee\\\/toode\\\/sweet-candy-sarja-kehahoolduse-komplekt\\\/\",\"name\":\"Sweet Candy sarja kehahoolduse komplekt - She Beauty Studio\",\"isPartOf\":{\"@id\":\"https:\\\/\\\/shebeauty.ee\\\/#website\"},\"primaryImageOfPage\":{\"@id\":\"https:\\\/\\\/shebeauty.ee\\\/toode\\\/sweet-candy-sarja-kehahoolduse-komplekt\\\/#primaryimage\"},\"image\":{\"@id\":\"https:\\\/\\\/shebeauty.ee\\\/toode\\\/sweet-candy-sarja-kehahoolduse-komplekt\\\/#primaryimage\"},\"thumbnailUrl\":\"https:\\\/\\\/shebeauty.ee\\\/wp-content\\\/uploads\\\/2026\\\/01\\\/vahud.jpg\",\"datePublished\":\"2026-01-25T17:44:21+00:00\",\"dateModified\":\"2026-01-28T17:44:29+00:00\",\"description\":\"Du\u0161ivahtude & Kehahoolduse Kombo \u2013 Osta 3, saad 4! Naudi igap\u00e4evast spa-elamust ja suvist s\u00e4ra \u00fche hinnaga. See hoolikalt kokku pandud kehahoolduse komplekt\",\"breadcrumb\":{\"@id\":\"https:\\\/\\\/shebeauty.ee\\\/toode\\\/sweet-candy-sarja-kehahoolduse-komplekt\\\/#breadcrumb\"},\"inLanguage\":\"en-US\",\"potentialAction\":[{\"@type\":\"ReadAction\",\"target\":[\"https:\\\/\\\/shebeauty.ee\\\/toode\\\/sweet-candy-sarja-kehahoolduse-komplekt\\\/\"]}]},{\"@type\":\"ImageObject\",\"inLanguage\":\"en-US\",\"@id\":\"https:\\\/\\\/shebeauty.ee\\\/toode\\\/sweet-candy-sarja-kehahoolduse-komplekt\\\/#primaryimage\",\"url\":\"https:\\\/\\\/shebeauty.ee\\\/wp-content\\\/uploads\\\/2026\\\/01\\\/vahud.jpg\",\"contentUrl\":\"https:\\\/\\\/shebeauty.ee\\\/wp-content\\\/uploads\\\/2026\\\/01\\\/vahud.jpg\",\"width\":1080,\"height\":1080},{\"@type\":\"BreadcrumbList\",\"@id\":\"https:\\\/\\\/shebeauty.ee\\\/toode\\\/sweet-candy-sarja-kehahoolduse-komplekt\\\/#breadcrumb\",\"itemListElement\":[{\"@type\":\"ListItem\",\"position\":1,\"name\":\"Home\",\"item\":\"https:\\\/\\\/shebeauty.ee\\\/\"},{\"@type\":\"ListItem\",\"position\":2,\"name\":\"Pood\",\"item\":\"https:\\\/\\\/shebeauty.ee\\\/e-pood\\\/\"},{\"@type\":\"ListItem\",\"position\":3,\"name\":\"Sweet Candy sarja kehahoolduse komplekt\"}]},{\"@type\":\"WebSite\",\"@id\":\"https:\\\/\\\/shebeauty.ee\\\/#website\",\"url\":\"https:\\\/\\\/shebeauty.ee\\\/\",\"name\":\"She Beauty Studio\",\"description\":\"Juuksestuudio\",\"publisher\":{\"@id\":\"https:\\\/\\\/shebeauty.ee\\\/#organization\"},\"potentialAction\":[{\"@type\":\"SearchAction\",\"target\":{\"@type\":\"EntryPoint\",\"urlTemplate\":\"https:\\\/\\\/shebeauty.ee\\\/?s={search_term_string}\"},\"query-input\":{\"@type\":\"PropertyValueSpecification\",\"valueRequired\":true,\"valueName\":\"search_term_string\"}}],\"inLanguage\":\"en-US\"},{\"@type\":\"Organization\",\"@id\":\"https:\\\/\\\/shebeauty.ee\\\/#organization\",\"name\":\"She Beauty O\u00dc\",\"url\":\"https:\\\/\\\/shebeauty.ee\\\/\",\"logo\":{\"@type\":\"ImageObject\",\"inLanguage\":\"en-US\",\"@id\":\"https:\\\/\\\/shebeauty.ee\\\/#\\\/schema\\\/logo\\\/image\\\/\",\"url\":\"https:\\\/\\\/shebeauty.ee\\\/wp-content\\\/uploads\\\/2023\\\/10\\\/IMG_0585.jpg\",\"contentUrl\":\"https:\\\/\\\/shebeauty.ee\\\/wp-content\\\/uploads\\\/2023\\\/10\\\/IMG_0585.jpg\",\"width\":1284,\"height\":1300,\"caption\":\"She Beauty O\u00dc\"},\"image\":{\"@id\":\"https:\\\/\\\/shebeauty.ee\\\/#\\\/schema\\\/logo\\\/image\\\/\"}}]}<\/script>\n<!-- \/ Yoast SEO plugin. -->","yoast_head_json":{"title":"Sweet Candy sarja kehahoolduse komplekt - She Beauty Studio","description":"Du\u0161ivahtude & Kehahoolduse Kombo \u2013 Osta 3, saad 4! Naudi igap\u00e4evast spa-elamust ja suvist s\u00e4ra \u00fche hinnaga. See hoolikalt kokku pandud kehahoolduse komplekt","robots":{"index":"index","follow":"follow","max-snippet":"max-snippet:-1","max-image-preview":"max-image-preview:large","max-video-preview":"max-video-preview:-1"},"canonical":"https:\/\/shebeauty.ee\/en\/product\/sweet-candy-sarja-kehahoolduse-komplekt\/","og_locale":"en_US","og_type":"article","og_title":"Sweet Candy sarja kehahoolduse komplekt - She Beauty Studio","og_description":"Du\u0161ivahtude & Kehahoolduse Kombo \u2013 Osta 3, saad 4! Naudi igap\u00e4evast spa-elamust ja suvist s\u00e4ra \u00fche hinnaga. See hoolikalt kokku pandud kehahoolduse komplekt","og_url":"https:\/\/shebeauty.ee\/en\/product\/sweet-candy-sarja-kehahoolduse-komplekt\/","og_site_name":"She Beauty Studio","article_modified_time":"2026-01-28T17:44:29+00:00","og_image":[{"width":1080,"height":1080,"url":"https:\/\/shebeauty.ee\/wp-content\/uploads\/2026\/01\/vahud.jpg","type":"image\/jpeg"}],"twitter_card":"summary_large_image","twitter_misc":{"Est. reading time":"2 minutes"},"schema":{"@context":"https:\/\/schema.org","@graph":[{"@type":"WebPage","@id":"https:\/\/shebeauty.ee\/toode\/sweet-candy-sarja-kehahoolduse-komplekt\/","url":"https:\/\/shebeauty.ee\/toode\/sweet-candy-sarja-kehahoolduse-komplekt\/","name":"Sweet Candy sarja kehahoolduse komplekt - She Beauty Studio","isPartOf":{"@id":"https:\/\/shebeauty.ee\/#website"},"primaryImageOfPage":{"@id":"https:\/\/shebeauty.ee\/toode\/sweet-candy-sarja-kehahoolduse-komplekt\/#primaryimage"},"image":{"@id":"https:\/\/shebeauty.ee\/toode\/sweet-candy-sarja-kehahoolduse-komplekt\/#primaryimage"},"thumbnailUrl":"https:\/\/shebeauty.ee\/wp-content\/uploads\/2026\/01\/vahud.jpg","datePublished":"2026-01-25T17:44:21+00:00","dateModified":"2026-01-28T17:44:29+00:00","description":"Du\u0161ivahtude & Kehahoolduse Kombo \u2013 Osta 3, saad 4! Naudi igap\u00e4evast spa-elamust ja suvist s\u00e4ra \u00fche hinnaga. See hoolikalt kokku pandud kehahoolduse komplekt","breadcrumb":{"@id":"https:\/\/shebeauty.ee\/toode\/sweet-candy-sarja-kehahoolduse-komplekt\/#breadcrumb"},"inLanguage":"en-US","potentialAction":[{"@type":"ReadAction","target":["https:\/\/shebeauty.ee\/toode\/sweet-candy-sarja-kehahoolduse-komplekt\/"]}]},{"@type":"ImageObject","inLanguage":"en-US","@id":"https:\/\/shebeauty.ee\/toode\/sweet-candy-sarja-kehahoolduse-komplekt\/#primaryimage","url":"https:\/\/shebeauty.ee\/wp-content\/uploads\/2026\/01\/vahud.jpg","contentUrl":"https:\/\/shebeauty.ee\/wp-content\/uploads\/2026\/01\/vahud.jpg","width":1080,"height":1080},{"@type":"BreadcrumbList","@id":"https:\/\/shebeauty.ee\/toode\/sweet-candy-sarja-kehahoolduse-komplekt\/#breadcrumb","itemListElement":[{"@type":"ListItem","position":1,"name":"Home","item":"https:\/\/shebeauty.ee\/"},{"@type":"ListItem","position":2,"name":"Pood","item":"https:\/\/shebeauty.ee\/e-pood\/"},{"@type":"ListItem","position":3,"name":"Sweet Candy sarja kehahoolduse komplekt"}]},{"@type":"WebSite","@id":"https:\/\/shebeauty.ee\/#website","url":"https:\/\/shebeauty.ee\/","name":"She Beauty Studio","description":"Juuksestuudio","publisher":{"@id":"https:\/\/shebeauty.ee\/#organization"},"potentialAction":[{"@type":"SearchAction","target":{"@type":"EntryPoint","urlTemplate":"https:\/\/shebeauty.ee\/?s={search_term_string}"},"query-input":{"@type":"PropertyValueSpecification","valueRequired":true,"valueName":"search_term_string"}}],"inLanguage":"en-US"},{"@type":"Organization","@id":"https:\/\/shebeauty.ee\/#organization","name":"She Beauty O\u00dc","url":"https:\/\/shebeauty.ee\/","logo":{"@type":"ImageObject","inLanguage":"en-US","@id":"https:\/\/shebeauty.ee\/#\/schema\/logo\/image\/","url":"https:\/\/shebeauty.ee\/wp-content\/uploads\/2023\/10\/IMG_0585.jpg","contentUrl":"https:\/\/shebeauty.ee\/wp-content\/uploads\/2023\/10\/IMG_0585.jpg","width":1284,"height":1300,"caption":"She Beauty O\u00dc"},"image":{"@id":"https:\/\/shebeauty.ee\/#\/schema\/logo\/image\/"}}]}},"_links":{"self":[{"href":"https:\/\/shebeauty.ee\/en\/wp-json\/wp\/v2\/product\/6337","targetHints":{"allow":["GET"]}}],"collection":[{"href":"https:\/\/shebeauty.ee\/en\/wp-json\/wp\/v2\/product"}],"about":[{"href":"https:\/\/shebeauty.ee\/en\/wp-json\/wp\/v2\/types\/product"}],"replies":[{"embeddable":true,"href":"https:\/\/shebeauty.ee\/en\/wp-json\/wp\/v2\/comments?post=6337"}],"wp:featuredmedia":[{"embeddable":true,"href":"https:\/\/shebeauty.ee\/en\/wp-json\/wp\/v2\/media\/6338"}],"wp:attachment":[{"href":"https:\/\/shebeauty.ee\/en\/wp-json\/wp\/v2\/media?parent=6337"}],"wp:term":[{"taxonomy":"product_brand","embeddable":true,"href":"https:\/\/shebeauty.ee\/en\/wp-json\/wp\/v2\/product_brand?post=6337"},{"taxonomy":"product_cat","embeddable":true,"href":"https:\/\/shebeauty.ee\/en\/wp-json\/wp\/v2\/product_cat?post=6337"},{"taxonomy":"product_tag","embeddable":true,"href":"https:\/\/shebeauty.ee\/en\/wp-json\/wp\/v2\/product_tag?post=6337"},{"taxonomy":"giftcard-category","embeddable":true,"href":"https:\/\/shebeauty.ee\/en\/wp-json\/wp\/v2\/giftcard-category?post=6337"}],"curies":[{"name":"wp","href":"https:\/\/api.w.org\/{rel}","templated":true}]}}