{"id":6335,"date":"2026-01-25T19:41:49","date_gmt":"2026-01-25T17:41:49","guid":{"rendered":"https:\/\/shebeauty.ee\/?post_type=product&#038;p=6335"},"modified":"2026-01-28T19:42:20","modified_gmt":"2026-01-28T17:42:20","slug":"kooriv-dusivaht-mojito-munt","status":"publish","type":"product","link":"https:\/\/shebeauty.ee\/en\/product\/kooriv-dusivaht-mojito-munt\/","title":{"rendered":"Sweet Candy Mojito M\u00fcnt"},"content":{"rendered":"<p style=\"font-weight: 400;\">V\u00e4rskendava piparm\u00fcndi aroomiga kooriv du\u0161ivaht, mis sisaldab BHA-hapet ja pantenooli. Puhastab naha s\u00fcgavuti, eemaldab \u00f5rnalt surnud naharakud ning j\u00e4tab naha sileda, v\u00e4rske ja hoolitsetud tunde.<\/p>\n<p style=\"font-weight: 400;\"><strong>Usage:<\/strong><br \/>\nEnne kasutamist loksuta pudelit hoolikalt. Pihusta v\u00e4ike kogus toodet niiskele nahale, masseeri \u00f5rnalt kuni tekib vaht ning loputa seej\u00e4rel rohke veega.<\/p>\n<p style=\"font-weight: 400;\"><strong>Hoiatus:<\/strong><br \/>\nMitte kasutada kahjustatud v\u00f5i \u00e4rritunud nahal. V\u00e4ltida silma sattumist. Pakend on r\u00f5hu all \u2013 kaitsta otsese p\u00e4ikesevalguse eest ning mitte hoida temperatuuril \u00fcle 50 \u00b0C. Mitte purustada ega p\u00f5letada, isegi p\u00e4rast t\u00fchjenemist. Mitte pihustada lahtise leegi v\u00f5i h\u00f5\u00f5guva materjali l\u00e4heduses. Hoida lastele k\u00e4ttesaamatus kohas.<\/p>\n<p style=\"font-weight: 400;\"><strong>Importija:<\/strong><br \/>\ninfo@ursus.ee<\/p>","protected":false},"excerpt":{"rendered":"<p>V\u00e4rskendava piparm\u00fcndi aroomiga kooriv du\u0161ivaht, mis sisaldab BHA-hapet ja pantenooli. Puhastab naha s\u00fcgavuti, eemaldab \u00f5rnalt surnud naharakud ning j\u00e4tab naha sileda, v\u00e4rske ja hoolitsetud tunde.<\/p>","protected":false},"featured_media":6336,"comment_status":"open","ping_status":"closed","template":"","meta":{"site-sidebar-layout":"default","site-content-layout":"","ast-site-content-layout":"default","site-content-style":"default","site-sidebar-style":"default","ast-global-header-display":"","ast-banner-title-visibility":"","ast-main-header-display":"","ast-hfb-above-header-display":"","ast-hfb-below-header-display":"","ast-hfb-mobile-header-display":"","site-post-title":"","ast-breadcrumbs-content":"","ast-featured-img":"","footer-sml-layout":"","ast-disable-related-posts":"","theme-transparent-header-meta":"default","adv-header-id-meta":"","stick-header-meta":"","header-above-stick-meta":"","header-main-stick-meta":"","header-below-stick-meta":"","astra-migrate-meta-layouts":"set","ast-page-background-enabled":"default","ast-page-background-meta":{"desktop":{"background-color":"var(--ast-global-color-4)","background-image":"","background-repeat":"repeat","background-position":"center center","background-size":"auto","background-attachment":"scroll","background-type":"","background-media":"","overlay-type":"","overlay-color":"","overlay-opacity":"","overlay-gradient":""},"tablet":{"background-color":"","background-image":"","background-repeat":"repeat","background-position":"center center","background-size":"auto","background-attachment":"scroll","background-type":"","background-media":"","overlay-type":"","overlay-color":"","overlay-opacity":"","overlay-gradient":""},"mobile":{"background-color":"","background-image":"","background-repeat":"repeat","background-position":"center center","background-size":"auto","background-attachment":"scroll","background-type":"","background-media":"","overlay-type":"","overlay-color":"","overlay-opacity":"","overlay-gradient":""}},"ast-content-background-meta":{"desktop":{"background-color":"var(--ast-global-color-5)","background-image":"","background-repeat":"repeat","background-position":"center center","background-size":"auto","background-attachment":"scroll","background-type":"","background-media":"","overlay-type":"","overlay-color":"","overlay-opacity":"","overlay-gradient":""},"tablet":{"background-color":"var(--ast-global-color-5)","background-image":"","background-repeat":"repeat","background-position":"center center","background-size":"auto","background-attachment":"scroll","background-type":"","background-media":"","overlay-type":"","overlay-color":"","overlay-opacity":"","overlay-gradient":""},"mobile":{"background-color":"var(--ast-global-color-5)","background-image":"","background-repeat":"repeat","background-position":"center center","background-size":"auto","background-attachment":"scroll","background-type":"","background-media":"","overlay-type":"","overlay-color":"","overlay-opacity":"","overlay-gradient":""}}},"product_brand":[],"product_cat":[18],"product_tag":[346],"giftcard-category":[],"class_list":{"0":"post-6335","1":"product","2":"type-product","3":"status-publish","4":"has-post-thumbnail","6":"product_cat-kosmeetika","7":"product_tag-dusivaht","8":"desktop-align-center","9":"tablet-align-left","10":"mobile-align-left","12":"first","13":"instock","14":"taxable","15":"shipping-taxable","16":"purchasable","17":"product-type-simple"},"yoast_head":"<!-- This site is optimized with the Yoast SEO plugin v27.4 - https:\/\/yoast.com\/product\/yoast-seo-wordpress\/ -->\n<title>Sweet Candy Mojito M\u00fcnt - She Beauty Studio<\/title>\n<meta name=\"description\" content=\"V\u00e4rskendava piparm\u00fcndi aroomiga kooriv du\u0161ivaht, mis sisaldab BHA-hapet ja pantenooli. Puhastab naha s\u00fcgavuti, eemaldab \u00f5rnalt surnud naharakud.\" \/>\n<meta name=\"robots\" content=\"index, follow, max-snippet:-1, max-image-preview:large, max-video-preview:-1\" \/>\n<link rel=\"canonical\" href=\"https:\/\/shebeauty.ee\/en\/product\/kooriv-dusivaht-mojito-munt\/\" \/>\n<meta property=\"og:locale\" content=\"en_US\" \/>\n<meta property=\"og:type\" content=\"article\" \/>\n<meta property=\"og:title\" content=\"Sweet Candy Mojito M\u00fcnt - She Beauty Studio\" \/>\n<meta property=\"og:description\" content=\"V\u00e4rskendava piparm\u00fcndi aroomiga kooriv du\u0161ivaht, mis sisaldab BHA-hapet ja pantenooli. Puhastab naha s\u00fcgavuti, eemaldab \u00f5rnalt surnud naharakud.\" \/>\n<meta property=\"og:url\" content=\"https:\/\/shebeauty.ee\/en\/product\/kooriv-dusivaht-mojito-munt\/\" \/>\n<meta property=\"og:site_name\" content=\"She Beauty Studio\" \/>\n<meta property=\"article:modified_time\" content=\"2026-01-28T17:42:20+00:00\" \/>\n<meta property=\"og:image\" content=\"https:\/\/shebeauty.ee\/wp-content\/uploads\/2026\/01\/mundi-vaht.jpg\" \/>\n\t<meta property=\"og:image:width\" content=\"1080\" \/>\n\t<meta property=\"og:image:height\" content=\"1080\" \/>\n\t<meta property=\"og:image:type\" content=\"image\/jpeg\" \/>\n<meta name=\"twitter:card\" content=\"summary_large_image\" \/>\n<meta name=\"twitter:label1\" content=\"Est. reading time\" \/>\n\t<meta name=\"twitter:data1\" content=\"1 minute\" \/>\n<script type=\"application\/ld+json\" class=\"yoast-schema-graph\">{\"@context\":\"https:\\\/\\\/schema.org\",\"@graph\":[{\"@type\":\"WebPage\",\"@id\":\"https:\\\/\\\/shebeauty.ee\\\/toode\\\/kooriv-dusivaht-mojito-munt\\\/\",\"url\":\"https:\\\/\\\/shebeauty.ee\\\/toode\\\/kooriv-dusivaht-mojito-munt\\\/\",\"name\":\"Sweet Candy Mojito M\u00fcnt - She Beauty Studio\",\"isPartOf\":{\"@id\":\"https:\\\/\\\/shebeauty.ee\\\/#website\"},\"primaryImageOfPage\":{\"@id\":\"https:\\\/\\\/shebeauty.ee\\\/toode\\\/kooriv-dusivaht-mojito-munt\\\/#primaryimage\"},\"image\":{\"@id\":\"https:\\\/\\\/shebeauty.ee\\\/toode\\\/kooriv-dusivaht-mojito-munt\\\/#primaryimage\"},\"thumbnailUrl\":\"https:\\\/\\\/shebeauty.ee\\\/wp-content\\\/uploads\\\/2026\\\/01\\\/mundi-vaht.jpg\",\"datePublished\":\"2026-01-25T17:41:49+00:00\",\"dateModified\":\"2026-01-28T17:42:20+00:00\",\"description\":\"V\u00e4rskendava piparm\u00fcndi aroomiga kooriv du\u0161ivaht, mis sisaldab BHA-hapet ja pantenooli. Puhastab naha s\u00fcgavuti, eemaldab \u00f5rnalt surnud naharakud.\",\"breadcrumb\":{\"@id\":\"https:\\\/\\\/shebeauty.ee\\\/toode\\\/kooriv-dusivaht-mojito-munt\\\/#breadcrumb\"},\"inLanguage\":\"en-US\",\"potentialAction\":[{\"@type\":\"ReadAction\",\"target\":[\"https:\\\/\\\/shebeauty.ee\\\/toode\\\/kooriv-dusivaht-mojito-munt\\\/\"]}]},{\"@type\":\"ImageObject\",\"inLanguage\":\"en-US\",\"@id\":\"https:\\\/\\\/shebeauty.ee\\\/toode\\\/kooriv-dusivaht-mojito-munt\\\/#primaryimage\",\"url\":\"https:\\\/\\\/shebeauty.ee\\\/wp-content\\\/uploads\\\/2026\\\/01\\\/mundi-vaht.jpg\",\"contentUrl\":\"https:\\\/\\\/shebeauty.ee\\\/wp-content\\\/uploads\\\/2026\\\/01\\\/mundi-vaht.jpg\",\"width\":1080,\"height\":1080},{\"@type\":\"BreadcrumbList\",\"@id\":\"https:\\\/\\\/shebeauty.ee\\\/toode\\\/kooriv-dusivaht-mojito-munt\\\/#breadcrumb\",\"itemListElement\":[{\"@type\":\"ListItem\",\"position\":1,\"name\":\"Home\",\"item\":\"https:\\\/\\\/shebeauty.ee\\\/\"},{\"@type\":\"ListItem\",\"position\":2,\"name\":\"Pood\",\"item\":\"https:\\\/\\\/shebeauty.ee\\\/e-pood\\\/\"},{\"@type\":\"ListItem\",\"position\":3,\"name\":\"Sweet Candy Mojito M\u00fcnt\"}]},{\"@type\":\"WebSite\",\"@id\":\"https:\\\/\\\/shebeauty.ee\\\/#website\",\"url\":\"https:\\\/\\\/shebeauty.ee\\\/\",\"name\":\"She Beauty Studio\",\"description\":\"Juuksestuudio\",\"publisher\":{\"@id\":\"https:\\\/\\\/shebeauty.ee\\\/#organization\"},\"potentialAction\":[{\"@type\":\"SearchAction\",\"target\":{\"@type\":\"EntryPoint\",\"urlTemplate\":\"https:\\\/\\\/shebeauty.ee\\\/?s={search_term_string}\"},\"query-input\":{\"@type\":\"PropertyValueSpecification\",\"valueRequired\":true,\"valueName\":\"search_term_string\"}}],\"inLanguage\":\"en-US\"},{\"@type\":\"Organization\",\"@id\":\"https:\\\/\\\/shebeauty.ee\\\/#organization\",\"name\":\"She Beauty O\u00dc\",\"url\":\"https:\\\/\\\/shebeauty.ee\\\/\",\"logo\":{\"@type\":\"ImageObject\",\"inLanguage\":\"en-US\",\"@id\":\"https:\\\/\\\/shebeauty.ee\\\/#\\\/schema\\\/logo\\\/image\\\/\",\"url\":\"https:\\\/\\\/shebeauty.ee\\\/wp-content\\\/uploads\\\/2023\\\/10\\\/IMG_0585.jpg\",\"contentUrl\":\"https:\\\/\\\/shebeauty.ee\\\/wp-content\\\/uploads\\\/2023\\\/10\\\/IMG_0585.jpg\",\"width\":1284,\"height\":1300,\"caption\":\"She Beauty O\u00dc\"},\"image\":{\"@id\":\"https:\\\/\\\/shebeauty.ee\\\/#\\\/schema\\\/logo\\\/image\\\/\"}}]}<\/script>\n<!-- \/ Yoast SEO plugin. -->","yoast_head_json":{"title":"Sweet Candy Mojito M\u00fcnt - She Beauty Studio","description":"V\u00e4rskendava piparm\u00fcndi aroomiga kooriv du\u0161ivaht, mis sisaldab BHA-hapet ja pantenooli. Puhastab naha s\u00fcgavuti, eemaldab \u00f5rnalt surnud naharakud.","robots":{"index":"index","follow":"follow","max-snippet":"max-snippet:-1","max-image-preview":"max-image-preview:large","max-video-preview":"max-video-preview:-1"},"canonical":"https:\/\/shebeauty.ee\/en\/product\/kooriv-dusivaht-mojito-munt\/","og_locale":"en_US","og_type":"article","og_title":"Sweet Candy Mojito M\u00fcnt - She Beauty Studio","og_description":"V\u00e4rskendava piparm\u00fcndi aroomiga kooriv du\u0161ivaht, mis sisaldab BHA-hapet ja pantenooli. Puhastab naha s\u00fcgavuti, eemaldab \u00f5rnalt surnud naharakud.","og_url":"https:\/\/shebeauty.ee\/en\/product\/kooriv-dusivaht-mojito-munt\/","og_site_name":"She Beauty Studio","article_modified_time":"2026-01-28T17:42:20+00:00","og_image":[{"width":1080,"height":1080,"url":"https:\/\/shebeauty.ee\/wp-content\/uploads\/2026\/01\/mundi-vaht.jpg","type":"image\/jpeg"}],"twitter_card":"summary_large_image","twitter_misc":{"Est. reading time":"1 minute"},"schema":{"@context":"https:\/\/schema.org","@graph":[{"@type":"WebPage","@id":"https:\/\/shebeauty.ee\/toode\/kooriv-dusivaht-mojito-munt\/","url":"https:\/\/shebeauty.ee\/toode\/kooriv-dusivaht-mojito-munt\/","name":"Sweet Candy Mojito M\u00fcnt - She Beauty Studio","isPartOf":{"@id":"https:\/\/shebeauty.ee\/#website"},"primaryImageOfPage":{"@id":"https:\/\/shebeauty.ee\/toode\/kooriv-dusivaht-mojito-munt\/#primaryimage"},"image":{"@id":"https:\/\/shebeauty.ee\/toode\/kooriv-dusivaht-mojito-munt\/#primaryimage"},"thumbnailUrl":"https:\/\/shebeauty.ee\/wp-content\/uploads\/2026\/01\/mundi-vaht.jpg","datePublished":"2026-01-25T17:41:49+00:00","dateModified":"2026-01-28T17:42:20+00:00","description":"V\u00e4rskendava piparm\u00fcndi aroomiga kooriv du\u0161ivaht, mis sisaldab BHA-hapet ja pantenooli. Puhastab naha s\u00fcgavuti, eemaldab \u00f5rnalt surnud naharakud.","breadcrumb":{"@id":"https:\/\/shebeauty.ee\/toode\/kooriv-dusivaht-mojito-munt\/#breadcrumb"},"inLanguage":"en-US","potentialAction":[{"@type":"ReadAction","target":["https:\/\/shebeauty.ee\/toode\/kooriv-dusivaht-mojito-munt\/"]}]},{"@type":"ImageObject","inLanguage":"en-US","@id":"https:\/\/shebeauty.ee\/toode\/kooriv-dusivaht-mojito-munt\/#primaryimage","url":"https:\/\/shebeauty.ee\/wp-content\/uploads\/2026\/01\/mundi-vaht.jpg","contentUrl":"https:\/\/shebeauty.ee\/wp-content\/uploads\/2026\/01\/mundi-vaht.jpg","width":1080,"height":1080},{"@type":"BreadcrumbList","@id":"https:\/\/shebeauty.ee\/toode\/kooriv-dusivaht-mojito-munt\/#breadcrumb","itemListElement":[{"@type":"ListItem","position":1,"name":"Home","item":"https:\/\/shebeauty.ee\/"},{"@type":"ListItem","position":2,"name":"Pood","item":"https:\/\/shebeauty.ee\/e-pood\/"},{"@type":"ListItem","position":3,"name":"Sweet Candy Mojito M\u00fcnt"}]},{"@type":"WebSite","@id":"https:\/\/shebeauty.ee\/#website","url":"https:\/\/shebeauty.ee\/","name":"She Beauty Studio","description":"Juuksestuudio","publisher":{"@id":"https:\/\/shebeauty.ee\/#organization"},"potentialAction":[{"@type":"SearchAction","target":{"@type":"EntryPoint","urlTemplate":"https:\/\/shebeauty.ee\/?s={search_term_string}"},"query-input":{"@type":"PropertyValueSpecification","valueRequired":true,"valueName":"search_term_string"}}],"inLanguage":"en-US"},{"@type":"Organization","@id":"https:\/\/shebeauty.ee\/#organization","name":"She Beauty O\u00dc","url":"https:\/\/shebeauty.ee\/","logo":{"@type":"ImageObject","inLanguage":"en-US","@id":"https:\/\/shebeauty.ee\/#\/schema\/logo\/image\/","url":"https:\/\/shebeauty.ee\/wp-content\/uploads\/2023\/10\/IMG_0585.jpg","contentUrl":"https:\/\/shebeauty.ee\/wp-content\/uploads\/2023\/10\/IMG_0585.jpg","width":1284,"height":1300,"caption":"She Beauty O\u00dc"},"image":{"@id":"https:\/\/shebeauty.ee\/#\/schema\/logo\/image\/"}}]}},"_links":{"self":[{"href":"https:\/\/shebeauty.ee\/en\/wp-json\/wp\/v2\/product\/6335","targetHints":{"allow":["GET"]}}],"collection":[{"href":"https:\/\/shebeauty.ee\/en\/wp-json\/wp\/v2\/product"}],"about":[{"href":"https:\/\/shebeauty.ee\/en\/wp-json\/wp\/v2\/types\/product"}],"replies":[{"embeddable":true,"href":"https:\/\/shebeauty.ee\/en\/wp-json\/wp\/v2\/comments?post=6335"}],"wp:featuredmedia":[{"embeddable":true,"href":"https:\/\/shebeauty.ee\/en\/wp-json\/wp\/v2\/media\/6336"}],"wp:attachment":[{"href":"https:\/\/shebeauty.ee\/en\/wp-json\/wp\/v2\/media?parent=6335"}],"wp:term":[{"taxonomy":"product_brand","embeddable":true,"href":"https:\/\/shebeauty.ee\/en\/wp-json\/wp\/v2\/product_brand?post=6335"},{"taxonomy":"product_cat","embeddable":true,"href":"https:\/\/shebeauty.ee\/en\/wp-json\/wp\/v2\/product_cat?post=6335"},{"taxonomy":"product_tag","embeddable":true,"href":"https:\/\/shebeauty.ee\/en\/wp-json\/wp\/v2\/product_tag?post=6335"},{"taxonomy":"giftcard-category","embeddable":true,"href":"https:\/\/shebeauty.ee\/en\/wp-json\/wp\/v2\/giftcard-category?post=6335"}],"curies":[{"name":"wp","href":"https:\/\/api.w.org\/{rel}","templated":true}]}}