{"id":6091,"date":"2025-11-23T13:17:54","date_gmt":"2025-11-23T11:17:54","guid":{"rendered":"https:\/\/shebeauty.ee\/?post_type=product&#038;p=6091"},"modified":"2025-11-23T14:14:27","modified_gmt":"2025-11-23T12:14:27","slug":"k-time-stop-stain-barrier-cream-250ml","status":"publish","type":"product","link":"https:\/\/shebeauty.ee\/en\/product\/k-time-stop-stain-barrier-cream-250ml\/","title":{"rendered":"K-Time Stop Stain Barrier Cream 250ml"},"content":{"rendered":"<p data-start=\"258\" data-end=\"467\"><strong>K-Time Stop Stain Barrier Cream<br \/>\n<\/strong>Kaitseb nahka plekkide ja v\u00e4rvimisest tekkivate j\u00e4lgede eest. Toode on m\u00f5eldud kandmiseks n\u00e4o- ja kaelapiirkonda, mis v\u00f5ib kokku puutuda juuksev\u00e4rvi v\u00f5i pleegitusvahenditega. Kreemjas tekstuur muudab pealekandmise lihtsaks ja loob nahale kaitsekihi, mis v\u00e4hendab kemikaalidest tekkivat \u00e4rritust ning naha tundlikkust.<\/p>\n<p data-start=\"648\" data-end=\"669\"><strong data-start=\"652\" data-end=\"667\">Usage:<br \/>\n<\/strong>Enne juuksev\u00e4rvi pealekandmist kanna \u00f5huke kiht kreemi juuste l\u00e4hedale (n\u00e4ole, kaelale) ja k\u00f5rvadele. <span lang=\"SV\">\u00c4ra kanna kreemi juustele, sest see v\u00f5ib m\u00f5jutada v\u00e4rvi \u00fchtlust. <\/span>P\u00e4rast v\u00e4rvi v\u00e4lja pesemist eemalda kreem kantud piirkondadest.<\/p>\n<p><strong>Ingredients:<\/strong><br \/>\nPETROLATUM, AQUA (WATER), PARAFFINUM LIQUIDUM, PEG-40 HYDROGENATED CASTOR OIL, OLETH-20, GLYCOL DISTEARATE, PROPYLENE GLYCOL, COCAMIDOPROPYL BETAINE, LAURETH-4, PARFUM (FRAGRANCE), BENZYL ALCOHOL, ETHYLHEXYLGLYCERIN.<\/p>\n<p><strong>The list of ingredients could change. Always refer to the product packaging for the most up-to-date ingredient list.<\/strong><br \/>\n<strong>Koostisosade loetelu v\u00f5ib muutuda. K\u00f5ige ajakohasema koostisosade loetelu leiad alati toote pakendilt.<\/strong><\/p>\n<p class=\"p1\"><span class=\"s1\">Importer: Beauty Cosmetics O\u00dc, Kaupmehe 6, Tallinn <a href=\"https:\/\/shebeauty.ee\/en\/\"><span class=\"s2\">www.shebeauty.ee<\/span><\/a><\/span><\/p>\n<p class=\"p1\">","protected":false},"excerpt":{"rendered":"<p>(<em>Liitrihind: 72 \u20ac\/l<\/em>)<br data-start=\"864\" data-end=\"867\" \/>Stop Stain kaitseb nahka juuksev\u00e4rvimist\u00f6\u00f6delt tekkivate plekkide ja v\u00e4rvimisj\u00e4lgede eest. Toode on m\u00f5eldud kasutamiseks n\u00e4o- ja kaelapiirkonnas.<\/p>","protected":false},"featured_media":6092,"comment_status":"open","ping_status":"closed","template":"","meta":{"site-sidebar-layout":"default","site-content-layout":"","ast-site-content-layout":"default","site-content-style":"default","site-sidebar-style":"default","ast-global-header-display":"","ast-banner-title-visibility":"","ast-main-header-display":"","ast-hfb-above-header-display":"","ast-hfb-below-header-display":"","ast-hfb-mobile-header-display":"","site-post-title":"","ast-breadcrumbs-content":"","ast-featured-img":"","footer-sml-layout":"","ast-disable-related-posts":"","theme-transparent-header-meta":"default","adv-header-id-meta":"","stick-header-meta":"","header-above-stick-meta":"","header-main-stick-meta":"","header-below-stick-meta":"","astra-migrate-meta-layouts":"set","ast-page-background-enabled":"default","ast-page-background-meta":{"desktop":{"background-color":"var(--ast-global-color-4)","background-image":"","background-repeat":"repeat","background-position":"center center","background-size":"auto","background-attachment":"scroll","background-type":"","background-media":"","overlay-type":"","overlay-color":"","overlay-opacity":"","overlay-gradient":""},"tablet":{"background-color":"","background-image":"","background-repeat":"repeat","background-position":"center center","background-size":"auto","background-attachment":"scroll","background-type":"","background-media":"","overlay-type":"","overlay-color":"","overlay-opacity":"","overlay-gradient":""},"mobile":{"background-color":"","background-image":"","background-repeat":"repeat","background-position":"center center","background-size":"auto","background-attachment":"scroll","background-type":"","background-media":"","overlay-type":"","overlay-color":"","overlay-opacity":"","overlay-gradient":""}},"ast-content-background-meta":{"desktop":{"background-color":"var(--ast-global-color-5)","background-image":"","background-repeat":"repeat","background-position":"center center","background-size":"auto","background-attachment":"scroll","background-type":"","background-media":"","overlay-type":"","overlay-color":"","overlay-opacity":"","overlay-gradient":""},"tablet":{"background-color":"var(--ast-global-color-5)","background-image":"","background-repeat":"repeat","background-position":"center center","background-size":"auto","background-attachment":"scroll","background-type":"","background-media":"","overlay-type":"","overlay-color":"","overlay-opacity":"","overlay-gradient":""},"mobile":{"background-color":"var(--ast-global-color-5)","background-image":"","background-repeat":"repeat","background-position":"center center","background-size":"auto","background-attachment":"scroll","background-type":"","background-media":"","overlay-type":"","overlay-color":"","overlay-opacity":"","overlay-gradient":""}}},"product_brand":[],"product_cat":[20],"product_tag":[339,340],"giftcard-category":[],"class_list":{"0":"post-6091","1":"product","2":"type-product","3":"status-publish","4":"has-post-thumbnail","6":"product_cat-juuksehooldustooted-sampoon-palsam-mask","7":"product_tag-enne-varvimist","8":"product_tag-kaitsev-kreem","9":"desktop-align-center","10":"tablet-align-left","11":"mobile-align-left","13":"first","14":"instock","15":"taxable","16":"shipping-taxable","17":"purchasable","18":"product-type-simple"},"yoast_head":"<!-- This site is optimized with the Yoast SEO plugin v27.3 - https:\/\/yoast.com\/product\/yoast-seo-wordpress\/ -->\n<title>K-Time Stop Stain Barrier Cream 250ml - She Beauty Studio<\/title>\n<meta name=\"description\" content=\"Stop Stain kaitseb nahka juuksev\u00e4rvimist\u00f6\u00f6delt tekkivate plekkide ja v\u00e4rvimisj\u00e4lgede eest. Toode on m\u00f5eldud kasutamiseks n\u00e4o- ja kaelapiirkonnas.\" \/>\n<meta name=\"robots\" content=\"index, follow, max-snippet:-1, max-image-preview:large, max-video-preview:-1\" \/>\n<link rel=\"canonical\" href=\"https:\/\/shebeauty.ee\/en\/product\/k-time-stop-stain-barrier-cream-250ml\/\" \/>\n<meta property=\"og:locale\" content=\"en_US\" \/>\n<meta property=\"og:type\" content=\"article\" \/>\n<meta property=\"og:title\" content=\"K-Time Stop Stain Barrier Cream 250ml - She Beauty Studio\" \/>\n<meta property=\"og:description\" content=\"Stop Stain kaitseb nahka juuksev\u00e4rvimist\u00f6\u00f6delt tekkivate plekkide ja v\u00e4rvimisj\u00e4lgede eest. Toode on m\u00f5eldud kasutamiseks n\u00e4o- ja kaelapiirkonnas.\" \/>\n<meta property=\"og:url\" content=\"https:\/\/shebeauty.ee\/en\/product\/k-time-stop-stain-barrier-cream-250ml\/\" \/>\n<meta property=\"og:site_name\" content=\"She Beauty Studio\" \/>\n<meta property=\"article:modified_time\" content=\"2025-11-23T12:14:27+00:00\" \/>\n<meta property=\"og:image\" content=\"https:\/\/shebeauty.ee\/wp-content\/uploads\/2025\/11\/Stop-Stain-250ml.jpg\" \/>\n\t<meta property=\"og:image:width\" content=\"1080\" \/>\n\t<meta property=\"og:image:height\" content=\"1080\" \/>\n\t<meta property=\"og:image:type\" content=\"image\/jpeg\" \/>\n<meta name=\"twitter:card\" content=\"summary_large_image\" \/>\n<meta name=\"twitter:label1\" content=\"Est. reading time\" \/>\n\t<meta name=\"twitter:data1\" content=\"1 minute\" \/>\n<script type=\"application\/ld+json\" class=\"yoast-schema-graph\">{\"@context\":\"https:\\\/\\\/schema.org\",\"@graph\":[{\"@type\":\"WebPage\",\"@id\":\"https:\\\/\\\/shebeauty.ee\\\/toode\\\/k-time-stop-stain-barrier-cream-250ml\\\/\",\"url\":\"https:\\\/\\\/shebeauty.ee\\\/toode\\\/k-time-stop-stain-barrier-cream-250ml\\\/\",\"name\":\"K-Time Stop Stain Barrier Cream 250ml - She Beauty Studio\",\"isPartOf\":{\"@id\":\"https:\\\/\\\/shebeauty.ee\\\/#website\"},\"primaryImageOfPage\":{\"@id\":\"https:\\\/\\\/shebeauty.ee\\\/toode\\\/k-time-stop-stain-barrier-cream-250ml\\\/#primaryimage\"},\"image\":{\"@id\":\"https:\\\/\\\/shebeauty.ee\\\/toode\\\/k-time-stop-stain-barrier-cream-250ml\\\/#primaryimage\"},\"thumbnailUrl\":\"https:\\\/\\\/shebeauty.ee\\\/wp-content\\\/uploads\\\/2025\\\/11\\\/Stop-Stain-250ml.jpg\",\"datePublished\":\"2025-11-23T11:17:54+00:00\",\"dateModified\":\"2025-11-23T12:14:27+00:00\",\"description\":\"Stop Stain kaitseb nahka juuksev\u00e4rvimist\u00f6\u00f6delt tekkivate plekkide ja v\u00e4rvimisj\u00e4lgede eest. Toode on m\u00f5eldud kasutamiseks n\u00e4o- ja kaelapiirkonnas.\",\"breadcrumb\":{\"@id\":\"https:\\\/\\\/shebeauty.ee\\\/toode\\\/k-time-stop-stain-barrier-cream-250ml\\\/#breadcrumb\"},\"inLanguage\":\"en-US\",\"potentialAction\":[{\"@type\":\"ReadAction\",\"target\":[\"https:\\\/\\\/shebeauty.ee\\\/toode\\\/k-time-stop-stain-barrier-cream-250ml\\\/\"]}]},{\"@type\":\"ImageObject\",\"inLanguage\":\"en-US\",\"@id\":\"https:\\\/\\\/shebeauty.ee\\\/toode\\\/k-time-stop-stain-barrier-cream-250ml\\\/#primaryimage\",\"url\":\"https:\\\/\\\/shebeauty.ee\\\/wp-content\\\/uploads\\\/2025\\\/11\\\/Stop-Stain-250ml.jpg\",\"contentUrl\":\"https:\\\/\\\/shebeauty.ee\\\/wp-content\\\/uploads\\\/2025\\\/11\\\/Stop-Stain-250ml.jpg\",\"width\":1080,\"height\":1080},{\"@type\":\"BreadcrumbList\",\"@id\":\"https:\\\/\\\/shebeauty.ee\\\/toode\\\/k-time-stop-stain-barrier-cream-250ml\\\/#breadcrumb\",\"itemListElement\":[{\"@type\":\"ListItem\",\"position\":1,\"name\":\"Home\",\"item\":\"https:\\\/\\\/shebeauty.ee\\\/\"},{\"@type\":\"ListItem\",\"position\":2,\"name\":\"Pood\",\"item\":\"https:\\\/\\\/shebeauty.ee\\\/e-pood\\\/\"},{\"@type\":\"ListItem\",\"position\":3,\"name\":\"K-Time Stop Stain Barrier Cream 250ml\"}]},{\"@type\":\"WebSite\",\"@id\":\"https:\\\/\\\/shebeauty.ee\\\/#website\",\"url\":\"https:\\\/\\\/shebeauty.ee\\\/\",\"name\":\"She Beauty Studio\",\"description\":\"Juuksestuudio\",\"publisher\":{\"@id\":\"https:\\\/\\\/shebeauty.ee\\\/#organization\"},\"potentialAction\":[{\"@type\":\"SearchAction\",\"target\":{\"@type\":\"EntryPoint\",\"urlTemplate\":\"https:\\\/\\\/shebeauty.ee\\\/?s={search_term_string}\"},\"query-input\":{\"@type\":\"PropertyValueSpecification\",\"valueRequired\":true,\"valueName\":\"search_term_string\"}}],\"inLanguage\":\"en-US\"},{\"@type\":\"Organization\",\"@id\":\"https:\\\/\\\/shebeauty.ee\\\/#organization\",\"name\":\"She Beauty O\u00dc\",\"url\":\"https:\\\/\\\/shebeauty.ee\\\/\",\"logo\":{\"@type\":\"ImageObject\",\"inLanguage\":\"en-US\",\"@id\":\"https:\\\/\\\/shebeauty.ee\\\/#\\\/schema\\\/logo\\\/image\\\/\",\"url\":\"https:\\\/\\\/shebeauty.ee\\\/wp-content\\\/uploads\\\/2023\\\/10\\\/IMG_0585.jpg\",\"contentUrl\":\"https:\\\/\\\/shebeauty.ee\\\/wp-content\\\/uploads\\\/2023\\\/10\\\/IMG_0585.jpg\",\"width\":1284,\"height\":1300,\"caption\":\"She Beauty O\u00dc\"},\"image\":{\"@id\":\"https:\\\/\\\/shebeauty.ee\\\/#\\\/schema\\\/logo\\\/image\\\/\"}}]}<\/script>\n<!-- \/ Yoast SEO plugin. -->","yoast_head_json":{"title":"K-Time Stop Stain Barrier Cream 250ml - She Beauty Studio","description":"Stop Stain kaitseb nahka juuksev\u00e4rvimist\u00f6\u00f6delt tekkivate plekkide ja v\u00e4rvimisj\u00e4lgede eest. Toode on m\u00f5eldud kasutamiseks n\u00e4o- ja kaelapiirkonnas.","robots":{"index":"index","follow":"follow","max-snippet":"max-snippet:-1","max-image-preview":"max-image-preview:large","max-video-preview":"max-video-preview:-1"},"canonical":"https:\/\/shebeauty.ee\/en\/product\/k-time-stop-stain-barrier-cream-250ml\/","og_locale":"en_US","og_type":"article","og_title":"K-Time Stop Stain Barrier Cream 250ml - She Beauty Studio","og_description":"Stop Stain kaitseb nahka juuksev\u00e4rvimist\u00f6\u00f6delt tekkivate plekkide ja v\u00e4rvimisj\u00e4lgede eest. Toode on m\u00f5eldud kasutamiseks n\u00e4o- ja kaelapiirkonnas.","og_url":"https:\/\/shebeauty.ee\/en\/product\/k-time-stop-stain-barrier-cream-250ml\/","og_site_name":"She Beauty Studio","article_modified_time":"2025-11-23T12:14:27+00:00","og_image":[{"width":1080,"height":1080,"url":"https:\/\/shebeauty.ee\/wp-content\/uploads\/2025\/11\/Stop-Stain-250ml.jpg","type":"image\/jpeg"}],"twitter_card":"summary_large_image","twitter_misc":{"Est. reading time":"1 minute"},"schema":{"@context":"https:\/\/schema.org","@graph":[{"@type":"WebPage","@id":"https:\/\/shebeauty.ee\/toode\/k-time-stop-stain-barrier-cream-250ml\/","url":"https:\/\/shebeauty.ee\/toode\/k-time-stop-stain-barrier-cream-250ml\/","name":"K-Time Stop Stain Barrier Cream 250ml - She Beauty Studio","isPartOf":{"@id":"https:\/\/shebeauty.ee\/#website"},"primaryImageOfPage":{"@id":"https:\/\/shebeauty.ee\/toode\/k-time-stop-stain-barrier-cream-250ml\/#primaryimage"},"image":{"@id":"https:\/\/shebeauty.ee\/toode\/k-time-stop-stain-barrier-cream-250ml\/#primaryimage"},"thumbnailUrl":"https:\/\/shebeauty.ee\/wp-content\/uploads\/2025\/11\/Stop-Stain-250ml.jpg","datePublished":"2025-11-23T11:17:54+00:00","dateModified":"2025-11-23T12:14:27+00:00","description":"Stop Stain kaitseb nahka juuksev\u00e4rvimist\u00f6\u00f6delt tekkivate plekkide ja v\u00e4rvimisj\u00e4lgede eest. Toode on m\u00f5eldud kasutamiseks n\u00e4o- ja kaelapiirkonnas.","breadcrumb":{"@id":"https:\/\/shebeauty.ee\/toode\/k-time-stop-stain-barrier-cream-250ml\/#breadcrumb"},"inLanguage":"en-US","potentialAction":[{"@type":"ReadAction","target":["https:\/\/shebeauty.ee\/toode\/k-time-stop-stain-barrier-cream-250ml\/"]}]},{"@type":"ImageObject","inLanguage":"en-US","@id":"https:\/\/shebeauty.ee\/toode\/k-time-stop-stain-barrier-cream-250ml\/#primaryimage","url":"https:\/\/shebeauty.ee\/wp-content\/uploads\/2025\/11\/Stop-Stain-250ml.jpg","contentUrl":"https:\/\/shebeauty.ee\/wp-content\/uploads\/2025\/11\/Stop-Stain-250ml.jpg","width":1080,"height":1080},{"@type":"BreadcrumbList","@id":"https:\/\/shebeauty.ee\/toode\/k-time-stop-stain-barrier-cream-250ml\/#breadcrumb","itemListElement":[{"@type":"ListItem","position":1,"name":"Home","item":"https:\/\/shebeauty.ee\/"},{"@type":"ListItem","position":2,"name":"Pood","item":"https:\/\/shebeauty.ee\/e-pood\/"},{"@type":"ListItem","position":3,"name":"K-Time Stop Stain Barrier Cream 250ml"}]},{"@type":"WebSite","@id":"https:\/\/shebeauty.ee\/#website","url":"https:\/\/shebeauty.ee\/","name":"She Beauty Studio","description":"Juuksestuudio","publisher":{"@id":"https:\/\/shebeauty.ee\/#organization"},"potentialAction":[{"@type":"SearchAction","target":{"@type":"EntryPoint","urlTemplate":"https:\/\/shebeauty.ee\/?s={search_term_string}"},"query-input":{"@type":"PropertyValueSpecification","valueRequired":true,"valueName":"search_term_string"}}],"inLanguage":"en-US"},{"@type":"Organization","@id":"https:\/\/shebeauty.ee\/#organization","name":"She Beauty O\u00dc","url":"https:\/\/shebeauty.ee\/","logo":{"@type":"ImageObject","inLanguage":"en-US","@id":"https:\/\/shebeauty.ee\/#\/schema\/logo\/image\/","url":"https:\/\/shebeauty.ee\/wp-content\/uploads\/2023\/10\/IMG_0585.jpg","contentUrl":"https:\/\/shebeauty.ee\/wp-content\/uploads\/2023\/10\/IMG_0585.jpg","width":1284,"height":1300,"caption":"She Beauty O\u00dc"},"image":{"@id":"https:\/\/shebeauty.ee\/#\/schema\/logo\/image\/"}}]}},"_links":{"self":[{"href":"https:\/\/shebeauty.ee\/en\/wp-json\/wp\/v2\/product\/6091","targetHints":{"allow":["GET"]}}],"collection":[{"href":"https:\/\/shebeauty.ee\/en\/wp-json\/wp\/v2\/product"}],"about":[{"href":"https:\/\/shebeauty.ee\/en\/wp-json\/wp\/v2\/types\/product"}],"replies":[{"embeddable":true,"href":"https:\/\/shebeauty.ee\/en\/wp-json\/wp\/v2\/comments?post=6091"}],"wp:featuredmedia":[{"embeddable":true,"href":"https:\/\/shebeauty.ee\/en\/wp-json\/wp\/v2\/media\/6092"}],"wp:attachment":[{"href":"https:\/\/shebeauty.ee\/en\/wp-json\/wp\/v2\/media?parent=6091"}],"wp:term":[{"taxonomy":"product_brand","embeddable":true,"href":"https:\/\/shebeauty.ee\/en\/wp-json\/wp\/v2\/product_brand?post=6091"},{"taxonomy":"product_cat","embeddable":true,"href":"https:\/\/shebeauty.ee\/en\/wp-json\/wp\/v2\/product_cat?post=6091"},{"taxonomy":"product_tag","embeddable":true,"href":"https:\/\/shebeauty.ee\/en\/wp-json\/wp\/v2\/product_tag?post=6091"},{"taxonomy":"giftcard-category","embeddable":true,"href":"https:\/\/shebeauty.ee\/en\/wp-json\/wp\/v2\/giftcard-category?post=6091"}],"curies":[{"name":"wp","href":"https:\/\/api.w.org\/{rel}","templated":true}]}}