{"id":5831,"date":"2025-09-24T12:44:13","date_gmt":"2025-09-24T09:44:13","guid":{"rendered":"https:\/\/shebeauty.ee\/?post_type=product&#038;p=5831"},"modified":"2025-10-11T20:30:33","modified_gmt":"2025-10-11T17:30:33","slug":"k-time-somnia-hydralux-intensive-treatment","status":"publish","type":"product","link":"https:\/\/shebeauty.ee\/en\/product\/k-time-somnia-hydralux-intensive-treatment\/","title":{"rendered":"K-Time Somnia Hydralux Intensive Treatment"},"content":{"rendered":"<p data-start=\"136\" data-end=\"424\"><strong>K-Time Somnia Hydralux sarja<\/strong> ampullhooldus on loodud tuhmide, elutute v\u00f5i keemiliselt t\u00f6\u00f6deldud juuste elustamiseks. Selles sisalduv k\u00f5rge kontsentratsiooniga professionaalne koostis sisaldab taastavaid mineraale ja pehmendavaid vahasid, mis toidavad juuksekiudu s\u00fcgavuti neid raskeks muutmata.<\/p>\n<p data-start=\"426\" data-end=\"543\">Iga kasutuskorraga muutuvad juuksed pehmemaks, paremini k\u00e4sitsetavaks, n\u00e4htavalt l\u00e4ikivamaks ja siidiselt siledaks.<\/p>\n<p data-start=\"545\" data-end=\"668\">Ideaalne kasutada p\u00e4rast keemilisi hooldusi (v\u00e4rvimne, blondeerimine) viimistlusena \u2013 tulemuste kinnistamiseks ja juuste loomuliku s\u00e4ra esiletoomiseks.<\/p>\n<p data-start=\"670\" data-end=\"699\">Maht: 12 \u00d7 8 ml ampulli<\/p>\n<p data-start=\"670\" data-end=\"699\"><strong data-start=\"823\" data-end=\"838\">Usage:<\/strong><br data-start=\"838\" data-end=\"841\" \/>P\u00e4rast juuste pesu kanna \u00fche ampulli sisu niisketesse juustesse. Masseeri \u00f5rnalt juukse pikkusesse ja otstesse. Lase m\u00f5juda 5\u201310 minutit, seej\u00e4rel loputa hoolikalt.<br data-start=\"1005\" data-end=\"1008\" \/>Soovi korral kasuta kuumust, et t\u00f5hustada toimeaine imendumist. Sobib kasutamiseks 1\u20132 korda n\u00e4dalas v\u00f5i vastavalt vajadusele.<\/p>\n<p><strong>Ingredients:<\/strong><br \/>\nALCOHOL DENAT. (SD ALCOHOL 3-C), PROPYLENE GLYCOL, AQUA (WATER), MYRISTYL ALCOHOL, CETRIMONIUM CHLORIDE, PRUNUS AMYGDALUS DULCIS (SWEET ALMOND) OIL, BUTYROSPERMUM PARKII (SHEA) BUTTER, SACCHAROMYCES\/ZINC FERMENT, PEG-10 OLIVE GLYCERIDES, SACCHAROMYCES\/COPPER FERMENT, LACTIC ACID, SACCHAROMYCES\/MAGNESIUM FERMENT, PARFUM (FRAGRANCE), SACCHAROMYCES\/IRON FERMENT, SACCHAROMYCES\/SILICON FERMENT, LINALOOL, HEXYL CINNAMAL, LINALYL ACETATE, HEXAMETHYLINDANOPYRAN, ALPHA-ISOMETHYL IONONE, LIMONENE, TERPINEOL, CITRONELLOL, TETRAMETHYL ACETYLOCTAHYDRONAPHTHALENES<\/p>\n<p><strong>The list of ingredients could change. Always refer to the product packaging for the most up-to-date ingredient list.<\/strong><br \/>\n<strong>Koostisosade loetelu v\u00f5ib muutuda. K\u00f5ige ajakohasema koostisosade loetelu leiad alati toote pakendilt.<\/strong><\/p>\n<p class=\"p1\"><span class=\"s1\">Importer: Beauty Cosmetics O\u00dc, Kaupmehe 6, Tallinn <a href=\"https:\/\/shebeauty.ee\/en\/\"><span class=\"s2\">www.shebeauty.ee<\/span><\/a><\/span><\/p>","protected":false},"excerpt":{"rendered":"<p>(<em>96ml liitrihind: 427,10 \u20ac\/l<\/em>)<br \/>\nIntensiivselt toitev ja s\u00e4ra andev ampullhooldus tuhmidele v\u00f5i keemiliselt t\u00f6\u00f6deldud juustele. Muudab juuksed siidiselt pehmeks, l\u00e4ikivaks ja kergesti k\u00e4sitletavaks.<\/p>","protected":false},"featured_media":5833,"comment_status":"open","ping_status":"closed","template":"","meta":{"site-sidebar-layout":"default","site-content-layout":"","ast-site-content-layout":"default","site-content-style":"default","site-sidebar-style":"default","ast-global-header-display":"","ast-banner-title-visibility":"","ast-main-header-display":"","ast-hfb-above-header-display":"","ast-hfb-below-header-display":"","ast-hfb-mobile-header-display":"","site-post-title":"","ast-breadcrumbs-content":"","ast-featured-img":"","footer-sml-layout":"","ast-disable-related-posts":"","theme-transparent-header-meta":"default","adv-header-id-meta":"","stick-header-meta":"","header-above-stick-meta":"","header-main-stick-meta":"","header-below-stick-meta":"","astra-migrate-meta-layouts":"set","ast-page-background-enabled":"default","ast-page-background-meta":{"desktop":{"background-color":"var(--ast-global-color-4)","background-image":"","background-repeat":"repeat","background-position":"center center","background-size":"auto","background-attachment":"scroll","background-type":"","background-media":"","overlay-type":"","overlay-color":"","overlay-opacity":"","overlay-gradient":""},"tablet":{"background-color":"","background-image":"","background-repeat":"repeat","background-position":"center center","background-size":"auto","background-attachment":"scroll","background-type":"","background-media":"","overlay-type":"","overlay-color":"","overlay-opacity":"","overlay-gradient":""},"mobile":{"background-color":"","background-image":"","background-repeat":"repeat","background-position":"center center","background-size":"auto","background-attachment":"scroll","background-type":"","background-media":"","overlay-type":"","overlay-color":"","overlay-opacity":"","overlay-gradient":""}},"ast-content-background-meta":{"desktop":{"background-color":"var(--ast-global-color-5)","background-image":"","background-repeat":"repeat","background-position":"center center","background-size":"auto","background-attachment":"scroll","background-type":"","background-media":"","overlay-type":"","overlay-color":"","overlay-opacity":"","overlay-gradient":""},"tablet":{"background-color":"var(--ast-global-color-5)","background-image":"","background-repeat":"repeat","background-position":"center center","background-size":"auto","background-attachment":"scroll","background-type":"","background-media":"","overlay-type":"","overlay-color":"","overlay-opacity":"","overlay-gradient":""},"mobile":{"background-color":"var(--ast-global-color-5)","background-image":"","background-repeat":"repeat","background-position":"center center","background-size":"auto","background-attachment":"scroll","background-type":"","background-media":"","overlay-type":"","overlay-color":"","overlay-opacity":"","overlay-gradient":""}}},"product_brand":[],"product_cat":[20],"product_tag":[252,231,197,326],"giftcard-category":[],"class_list":{"0":"post-5831","1":"product","2":"type-product","3":"status-publish","4":"has-post-thumbnail","6":"product_cat-juuksehooldustooted-sampoon-palsam-mask","7":"product_tag-hydralux-sari","8":"product_tag-k-time-somnia","9":"product_tag-taastab-juuste-elujou-ja-sara","10":"product_tag-tuhmidele-juustele","11":"desktop-align-center","12":"tablet-align-left","13":"mobile-align-left","15":"first","16":"instock","17":"taxable","18":"shipping-taxable","19":"purchasable","20":"product-type-simple"},"yoast_head":"<!-- This site is optimized with the Yoast SEO plugin v27.4 - https:\/\/yoast.com\/product\/yoast-seo-wordpress\/ -->\n<title>K-Time Somnia Hydralux Intensive Treatment - She Beauty Studio<\/title>\n<meta name=\"description\" content=\"Intensiivselt toitev ja s\u00e4ra andev ampullhooldus tuhmidele v\u00f5i keemiliselt t\u00f6\u00f6deldud juustele. Muudab juuksed siidiselt pehmeks ja l\u00e4ikivaks.\" \/>\n<meta name=\"robots\" content=\"index, follow, max-snippet:-1, max-image-preview:large, max-video-preview:-1\" \/>\n<link rel=\"canonical\" href=\"https:\/\/shebeauty.ee\/en\/product\/k-time-somnia-hydralux-intensive-treatment\/\" \/>\n<meta property=\"og:locale\" content=\"en_US\" \/>\n<meta property=\"og:type\" content=\"article\" \/>\n<meta property=\"og:title\" content=\"K-Time Somnia Hydralux Intensive Treatment - She Beauty Studio\" \/>\n<meta property=\"og:description\" content=\"Intensiivselt toitev ja s\u00e4ra andev ampullhooldus tuhmidele v\u00f5i keemiliselt t\u00f6\u00f6deldud juustele. Muudab juuksed siidiselt pehmeks ja l\u00e4ikivaks.\" \/>\n<meta property=\"og:url\" content=\"https:\/\/shebeauty.ee\/en\/product\/k-time-somnia-hydralux-intensive-treatment\/\" \/>\n<meta property=\"og:site_name\" content=\"She Beauty Studio\" \/>\n<meta property=\"article:modified_time\" content=\"2025-10-11T17:30:33+00:00\" \/>\n<meta property=\"og:image\" content=\"https:\/\/shebeauty.ee\/wp-content\/uploads\/2025\/09\/WhatsApp-Image-2025-09-24-at-12.34.29-2.jpeg\" \/>\n\t<meta property=\"og:image:width\" content=\"800\" \/>\n\t<meta property=\"og:image:height\" content=\"800\" \/>\n\t<meta property=\"og:image:type\" content=\"image\/jpeg\" \/>\n<meta name=\"twitter:card\" content=\"summary_large_image\" \/>\n<meta name=\"twitter:label1\" content=\"Est. reading time\" \/>\n\t<meta name=\"twitter:data1\" content=\"2 minutes\" \/>\n<script type=\"application\/ld+json\" class=\"yoast-schema-graph\">{\"@context\":\"https:\\\/\\\/schema.org\",\"@graph\":[{\"@type\":\"WebPage\",\"@id\":\"https:\\\/\\\/shebeauty.ee\\\/toode\\\/k-time-somnia-hydralux-intensive-treatment\\\/\",\"url\":\"https:\\\/\\\/shebeauty.ee\\\/toode\\\/k-time-somnia-hydralux-intensive-treatment\\\/\",\"name\":\"K-Time Somnia Hydralux Intensive Treatment - She Beauty Studio\",\"isPartOf\":{\"@id\":\"https:\\\/\\\/shebeauty.ee\\\/#website\"},\"primaryImageOfPage\":{\"@id\":\"https:\\\/\\\/shebeauty.ee\\\/toode\\\/k-time-somnia-hydralux-intensive-treatment\\\/#primaryimage\"},\"image\":{\"@id\":\"https:\\\/\\\/shebeauty.ee\\\/toode\\\/k-time-somnia-hydralux-intensive-treatment\\\/#primaryimage\"},\"thumbnailUrl\":\"https:\\\/\\\/shebeauty.ee\\\/wp-content\\\/uploads\\\/2025\\\/09\\\/WhatsApp-Image-2025-09-24-at-12.34.29-2.jpeg\",\"datePublished\":\"2025-09-24T09:44:13+00:00\",\"dateModified\":\"2025-10-11T17:30:33+00:00\",\"description\":\"Intensiivselt toitev ja s\u00e4ra andev ampullhooldus tuhmidele v\u00f5i keemiliselt t\u00f6\u00f6deldud juustele. Muudab juuksed siidiselt pehmeks ja l\u00e4ikivaks.\",\"breadcrumb\":{\"@id\":\"https:\\\/\\\/shebeauty.ee\\\/toode\\\/k-time-somnia-hydralux-intensive-treatment\\\/#breadcrumb\"},\"inLanguage\":\"en-US\",\"potentialAction\":[{\"@type\":\"ReadAction\",\"target\":[\"https:\\\/\\\/shebeauty.ee\\\/toode\\\/k-time-somnia-hydralux-intensive-treatment\\\/\"]}]},{\"@type\":\"ImageObject\",\"inLanguage\":\"en-US\",\"@id\":\"https:\\\/\\\/shebeauty.ee\\\/toode\\\/k-time-somnia-hydralux-intensive-treatment\\\/#primaryimage\",\"url\":\"https:\\\/\\\/shebeauty.ee\\\/wp-content\\\/uploads\\\/2025\\\/09\\\/WhatsApp-Image-2025-09-24-at-12.34.29-2.jpeg\",\"contentUrl\":\"https:\\\/\\\/shebeauty.ee\\\/wp-content\\\/uploads\\\/2025\\\/09\\\/WhatsApp-Image-2025-09-24-at-12.34.29-2.jpeg\",\"width\":800,\"height\":800},{\"@type\":\"BreadcrumbList\",\"@id\":\"https:\\\/\\\/shebeauty.ee\\\/toode\\\/k-time-somnia-hydralux-intensive-treatment\\\/#breadcrumb\",\"itemListElement\":[{\"@type\":\"ListItem\",\"position\":1,\"name\":\"Home\",\"item\":\"https:\\\/\\\/shebeauty.ee\\\/\"},{\"@type\":\"ListItem\",\"position\":2,\"name\":\"Pood\",\"item\":\"https:\\\/\\\/shebeauty.ee\\\/e-pood\\\/\"},{\"@type\":\"ListItem\",\"position\":3,\"name\":\"K-Time Somnia Hydralux Intensive Treatment\"}]},{\"@type\":\"WebSite\",\"@id\":\"https:\\\/\\\/shebeauty.ee\\\/#website\",\"url\":\"https:\\\/\\\/shebeauty.ee\\\/\",\"name\":\"She Beauty Studio\",\"description\":\"Juuksestuudio\",\"publisher\":{\"@id\":\"https:\\\/\\\/shebeauty.ee\\\/#organization\"},\"potentialAction\":[{\"@type\":\"SearchAction\",\"target\":{\"@type\":\"EntryPoint\",\"urlTemplate\":\"https:\\\/\\\/shebeauty.ee\\\/?s={search_term_string}\"},\"query-input\":{\"@type\":\"PropertyValueSpecification\",\"valueRequired\":true,\"valueName\":\"search_term_string\"}}],\"inLanguage\":\"en-US\"},{\"@type\":\"Organization\",\"@id\":\"https:\\\/\\\/shebeauty.ee\\\/#organization\",\"name\":\"She Beauty O\u00dc\",\"url\":\"https:\\\/\\\/shebeauty.ee\\\/\",\"logo\":{\"@type\":\"ImageObject\",\"inLanguage\":\"en-US\",\"@id\":\"https:\\\/\\\/shebeauty.ee\\\/#\\\/schema\\\/logo\\\/image\\\/\",\"url\":\"https:\\\/\\\/shebeauty.ee\\\/wp-content\\\/uploads\\\/2023\\\/10\\\/IMG_0585.jpg\",\"contentUrl\":\"https:\\\/\\\/shebeauty.ee\\\/wp-content\\\/uploads\\\/2023\\\/10\\\/IMG_0585.jpg\",\"width\":1284,\"height\":1300,\"caption\":\"She Beauty O\u00dc\"},\"image\":{\"@id\":\"https:\\\/\\\/shebeauty.ee\\\/#\\\/schema\\\/logo\\\/image\\\/\"}}]}<\/script>\n<!-- \/ Yoast SEO plugin. -->","yoast_head_json":{"title":"K-Time Somnia Hydralux Intensive Treatment - She Beauty Studio","description":"Intensiivselt toitev ja s\u00e4ra andev ampullhooldus tuhmidele v\u00f5i keemiliselt t\u00f6\u00f6deldud juustele. Muudab juuksed siidiselt pehmeks ja l\u00e4ikivaks.","robots":{"index":"index","follow":"follow","max-snippet":"max-snippet:-1","max-image-preview":"max-image-preview:large","max-video-preview":"max-video-preview:-1"},"canonical":"https:\/\/shebeauty.ee\/en\/product\/k-time-somnia-hydralux-intensive-treatment\/","og_locale":"en_US","og_type":"article","og_title":"K-Time Somnia Hydralux Intensive Treatment - She Beauty Studio","og_description":"Intensiivselt toitev ja s\u00e4ra andev ampullhooldus tuhmidele v\u00f5i keemiliselt t\u00f6\u00f6deldud juustele. Muudab juuksed siidiselt pehmeks ja l\u00e4ikivaks.","og_url":"https:\/\/shebeauty.ee\/en\/product\/k-time-somnia-hydralux-intensive-treatment\/","og_site_name":"She Beauty Studio","article_modified_time":"2025-10-11T17:30:33+00:00","og_image":[{"width":800,"height":800,"url":"https:\/\/shebeauty.ee\/wp-content\/uploads\/2025\/09\/WhatsApp-Image-2025-09-24-at-12.34.29-2.jpeg","type":"image\/jpeg"}],"twitter_card":"summary_large_image","twitter_misc":{"Est. reading time":"2 minutes"},"schema":{"@context":"https:\/\/schema.org","@graph":[{"@type":"WebPage","@id":"https:\/\/shebeauty.ee\/toode\/k-time-somnia-hydralux-intensive-treatment\/","url":"https:\/\/shebeauty.ee\/toode\/k-time-somnia-hydralux-intensive-treatment\/","name":"K-Time Somnia Hydralux Intensive Treatment - She Beauty Studio","isPartOf":{"@id":"https:\/\/shebeauty.ee\/#website"},"primaryImageOfPage":{"@id":"https:\/\/shebeauty.ee\/toode\/k-time-somnia-hydralux-intensive-treatment\/#primaryimage"},"image":{"@id":"https:\/\/shebeauty.ee\/toode\/k-time-somnia-hydralux-intensive-treatment\/#primaryimage"},"thumbnailUrl":"https:\/\/shebeauty.ee\/wp-content\/uploads\/2025\/09\/WhatsApp-Image-2025-09-24-at-12.34.29-2.jpeg","datePublished":"2025-09-24T09:44:13+00:00","dateModified":"2025-10-11T17:30:33+00:00","description":"Intensiivselt toitev ja s\u00e4ra andev ampullhooldus tuhmidele v\u00f5i keemiliselt t\u00f6\u00f6deldud juustele. Muudab juuksed siidiselt pehmeks ja l\u00e4ikivaks.","breadcrumb":{"@id":"https:\/\/shebeauty.ee\/toode\/k-time-somnia-hydralux-intensive-treatment\/#breadcrumb"},"inLanguage":"en-US","potentialAction":[{"@type":"ReadAction","target":["https:\/\/shebeauty.ee\/toode\/k-time-somnia-hydralux-intensive-treatment\/"]}]},{"@type":"ImageObject","inLanguage":"en-US","@id":"https:\/\/shebeauty.ee\/toode\/k-time-somnia-hydralux-intensive-treatment\/#primaryimage","url":"https:\/\/shebeauty.ee\/wp-content\/uploads\/2025\/09\/WhatsApp-Image-2025-09-24-at-12.34.29-2.jpeg","contentUrl":"https:\/\/shebeauty.ee\/wp-content\/uploads\/2025\/09\/WhatsApp-Image-2025-09-24-at-12.34.29-2.jpeg","width":800,"height":800},{"@type":"BreadcrumbList","@id":"https:\/\/shebeauty.ee\/toode\/k-time-somnia-hydralux-intensive-treatment\/#breadcrumb","itemListElement":[{"@type":"ListItem","position":1,"name":"Home","item":"https:\/\/shebeauty.ee\/"},{"@type":"ListItem","position":2,"name":"Pood","item":"https:\/\/shebeauty.ee\/e-pood\/"},{"@type":"ListItem","position":3,"name":"K-Time Somnia Hydralux Intensive Treatment"}]},{"@type":"WebSite","@id":"https:\/\/shebeauty.ee\/#website","url":"https:\/\/shebeauty.ee\/","name":"She Beauty Studio","description":"Juuksestuudio","publisher":{"@id":"https:\/\/shebeauty.ee\/#organization"},"potentialAction":[{"@type":"SearchAction","target":{"@type":"EntryPoint","urlTemplate":"https:\/\/shebeauty.ee\/?s={search_term_string}"},"query-input":{"@type":"PropertyValueSpecification","valueRequired":true,"valueName":"search_term_string"}}],"inLanguage":"en-US"},{"@type":"Organization","@id":"https:\/\/shebeauty.ee\/#organization","name":"She Beauty O\u00dc","url":"https:\/\/shebeauty.ee\/","logo":{"@type":"ImageObject","inLanguage":"en-US","@id":"https:\/\/shebeauty.ee\/#\/schema\/logo\/image\/","url":"https:\/\/shebeauty.ee\/wp-content\/uploads\/2023\/10\/IMG_0585.jpg","contentUrl":"https:\/\/shebeauty.ee\/wp-content\/uploads\/2023\/10\/IMG_0585.jpg","width":1284,"height":1300,"caption":"She Beauty O\u00dc"},"image":{"@id":"https:\/\/shebeauty.ee\/#\/schema\/logo\/image\/"}}]}},"_links":{"self":[{"href":"https:\/\/shebeauty.ee\/en\/wp-json\/wp\/v2\/product\/5831","targetHints":{"allow":["GET"]}}],"collection":[{"href":"https:\/\/shebeauty.ee\/en\/wp-json\/wp\/v2\/product"}],"about":[{"href":"https:\/\/shebeauty.ee\/en\/wp-json\/wp\/v2\/types\/product"}],"replies":[{"embeddable":true,"href":"https:\/\/shebeauty.ee\/en\/wp-json\/wp\/v2\/comments?post=5831"}],"wp:featuredmedia":[{"embeddable":true,"href":"https:\/\/shebeauty.ee\/en\/wp-json\/wp\/v2\/media\/5833"}],"wp:attachment":[{"href":"https:\/\/shebeauty.ee\/en\/wp-json\/wp\/v2\/media?parent=5831"}],"wp:term":[{"taxonomy":"product_brand","embeddable":true,"href":"https:\/\/shebeauty.ee\/en\/wp-json\/wp\/v2\/product_brand?post=5831"},{"taxonomy":"product_cat","embeddable":true,"href":"https:\/\/shebeauty.ee\/en\/wp-json\/wp\/v2\/product_cat?post=5831"},{"taxonomy":"product_tag","embeddable":true,"href":"https:\/\/shebeauty.ee\/en\/wp-json\/wp\/v2\/product_tag?post=5831"},{"taxonomy":"giftcard-category","embeddable":true,"href":"https:\/\/shebeauty.ee\/en\/wp-json\/wp\/v2\/giftcard-category?post=5831"}],"curies":[{"name":"wp","href":"https:\/\/api.w.org\/{rel}","templated":true}]}}