{"id":5822,"date":"2025-09-23T17:20:01","date_gmt":"2025-09-23T14:20:01","guid":{"rendered":"https:\/\/shebeauty.ee\/?post_type=product&#038;p=5822"},"modified":"2026-03-29T16:42:01","modified_gmt":"2026-03-29T13:42:01","slug":"k-time-phibre-radiance-silk-effect-mask","status":"publish","type":"product","link":"https:\/\/shebeauty.ee\/en\/product\/k-time-phibre-radiance-silk-effect-mask\/","title":{"rendered":"K-Time Phibre Radiance Silk Effect Mask"},"content":{"rendered":"<p data-start=\"394\" data-end=\"635\"><strong>Phibre Radiance Silk Effect Mask<\/strong> on intensiivselt hooldav juuksemask, mis aitab s\u00e4ilitada Phibre salongihoolduse tulemusi. Mask toidab s\u00fcgavuti, silub juuksepinda ja taastab juuste eluj\u00f5u, j\u00e4ttes need siidiselt pehmeks, s\u00e4ravaks ja tugevaks.<\/p>\n<p data-start=\"637\" data-end=\"818\">Sisaldab [KRS]+ kompleksi, mis \u00fchendab f\u00fctokeratiini ja seesamiseemne termoproteiini \u2013 need taastavad juuksekiu struktuuri, kaitsevad kuumuse eest ja tugevdavad juukseid seestpoolt.<\/p>\n<p data-start=\"926\" data-end=\"1100\"><strong data-start=\"926\" data-end=\"941\">Kasutamine:<\/strong> Kanna pestud ja niisketesse juustesse, lase m\u00f5juda 5\u201310 minutit ning loputa hoolikalt. Parima tulemuse saavutamiseks kasuta koos Phibre \u0161ampooni ja seerumiga.<\/p>\n<p data-start=\"369\" data-end=\"607\"><strong style=\"font-size: 16px;\">Koostisosad:<br \/>\n<\/strong>AQUA (WATER), CETEARYL ALCOHOL, BEHENTRIMONIUM CHLORIDE, GLYCERIN, GLYCERYL STEARATE, CAPRYLIC\/CAPRIC TRIGLYCERIDE, DIMETHICONE, PARFUM (FRAGRANCE), ISOPROPYL ALCOHOL, BUTYROSPERMUM PARKII BUTTER (BUTYROSPERMUM PARKII (SHEA BUTTER)), POLYGLYCERYL-4 CAPRATE, CITRIC ACID, AMODIMETHICONE, POLYGLYCERYL-3 RICINOLEATE, HYDROLYZED VEGETABLE PROTEIN PG-PROPYL SILANETRIOL, TOCOPHERYL ACETATE, HYDROLYZED SESAME PROTEIN PG-PROPYL METHYLSILANEDIOL, MAGNESIUM NITRATE, HYDROLYZED RICE PROTEIN, HYDROLYZED WHEAT PROTEIN, TRIDECETH-10, BUTYLENE GLYCOL, CETRIMONIUM CHLORIDE, PHENOXYETHANOL, HYDROLYZED HEMP SEED EXTRACT, MAGNESIUM CHLORIDE, METHYLCHLOROISOTHIAZOLINONE, POTASSIUM SORBATE, DISODIUM EDTA, METHYLISOTHIAZOLINONE, SODIUM BENZOATE, ACETIC ACID.<strong style=\"font-size: 16px;\"><br \/>\n<\/strong><\/p>\n<p><strong>The list of ingredients could change. Always refer to the product packaging for the most up-to-date ingredient list.<\/strong><br \/>\n<strong>Koostisosade loetelu v\u00f5ib muutuda. K\u00f5ige ajakohasema koostisosade loetelu leiad alati toote pakendilt.<\/strong><\/p>\n<p class=\"p1\"><span class=\"s1\">Maaletooja: Beauty Cosmetics O\u00dc, Kaupmehe 6, Tallinn <a href=\"https:\/\/shebeauty.ee\"><span class=\"s2\">www.shebeauty.ee<\/span><\/a><\/span><\/p>\n","protected":false},"excerpt":{"rendered":"<p data-start=\"260\" data-end=\"457\">(<em>500ml liitrihind: 80,00 \u20ac\/l<\/em>)<br \/>\n(<em>250ml liitrihind: 104,00 \u20ac\/l<\/em>)<\/p>\n<p data-start=\"0\" data-end=\"151\">K-Time Phibre sarja s\u00e4ra andev, s\u00fcgavniisutav ja juukseid siluv mask, mis tugevdab ja kaitseb juukseid ning aitab s\u00e4ilitada Phibre hoolduse tulemusi. Sisaldab taastavat [KRS]+ kompleksi.<br \/>\n<strong>Buduaari 2026 aasta ilulemmik<\/strong><\/p>\n","protected":false},"featured_media":6524,"comment_status":"open","ping_status":"closed","template":"","meta":{"site-sidebar-layout":"default","site-content-layout":"","ast-site-content-layout":"default","site-content-style":"default","site-sidebar-style":"default","ast-global-header-display":"","ast-banner-title-visibility":"","ast-main-header-display":"","ast-hfb-above-header-display":"","ast-hfb-below-header-display":"","ast-hfb-mobile-header-display":"","site-post-title":"","ast-breadcrumbs-content":"","ast-featured-img":"","footer-sml-layout":"","ast-disable-related-posts":"","theme-transparent-header-meta":"default","adv-header-id-meta":"","stick-header-meta":"","header-above-stick-meta":"","header-main-stick-meta":"","header-below-stick-meta":"","astra-migrate-meta-layouts":"set","ast-page-background-enabled":"default","ast-page-background-meta":{"desktop":{"background-color":"var(--ast-global-color-4)","background-image":"","background-repeat":"repeat","background-position":"center center","background-size":"auto","background-attachment":"scroll","background-type":"","background-media":"","overlay-type":"","overlay-color":"","overlay-opacity":"","overlay-gradient":""},"tablet":{"background-color":"","background-image":"","background-repeat":"repeat","background-position":"center center","background-size":"auto","background-attachment":"scroll","background-type":"","background-media":"","overlay-type":"","overlay-color":"","overlay-opacity":"","overlay-gradient":""},"mobile":{"background-color":"","background-image":"","background-repeat":"repeat","background-position":"center center","background-size":"auto","background-attachment":"scroll","background-type":"","background-media":"","overlay-type":"","overlay-color":"","overlay-opacity":"","overlay-gradient":""}},"ast-content-background-meta":{"desktop":{"background-color":"var(--ast-global-color-5)","background-image":"","background-repeat":"repeat","background-position":"center center","background-size":"auto","background-attachment":"scroll","background-type":"","background-media":"","overlay-type":"","overlay-color":"","overlay-opacity":"","overlay-gradient":""},"tablet":{"background-color":"var(--ast-global-color-5)","background-image":"","background-repeat":"repeat","background-position":"center center","background-size":"auto","background-attachment":"scroll","background-type":"","background-media":"","overlay-type":"","overlay-color":"","overlay-opacity":"","overlay-gradient":""},"mobile":{"background-color":"var(--ast-global-color-5)","background-image":"","background-repeat":"repeat","background-position":"center center","background-size":"auto","background-attachment":"scroll","background-type":"","background-media":"","overlay-type":"","overlay-color":"","overlay-opacity":"","overlay-gradient":""}}},"product_brand":[],"product_cat":[20],"product_tag":[350,69,323,324,82,255],"giftcard-category":[],"class_list":{"0":"post-5822","1":"product","2":"type-product","3":"status-publish","4":"has-post-thumbnail","6":"product_cat-juuksehooldustooted-sampoon-palsam-mask","7":"product_tag-buduaari-ilulemmik-2026","8":"product_tag-juuksemask","9":"product_tag-k-time-phibre-sari","10":"product_tag-krs-kompleks","11":"product_tag-sampoon","12":"product_tag-sugavuti-niisutav","13":"desktop-align-center","14":"tablet-align-left","15":"mobile-align-left","17":"first","18":"instock","19":"taxable","20":"shipping-taxable","21":"purchasable","22":"product-type-variable"},"yoast_head":"<!-- This site is optimized with the Yoast SEO plugin v27.4 - https:\/\/yoast.com\/product\/yoast-seo-wordpress\/ -->\n<title>K-Time Phibre Radiance Silk Effect Mask - She Beauty Studio<\/title>\n<meta name=\"description\" content=\"S\u00e4ra andev ja siluv juuksemask, mis tugevdab ja kaitseb juukseid, s\u00e4ilitades Phibre hoolduse tulemused. Sisaldab taastavat [KRS]+ kompleksi.\" \/>\n<meta name=\"robots\" content=\"index, follow, max-snippet:-1, max-image-preview:large, max-video-preview:-1\" \/>\n<link rel=\"canonical\" href=\"https:\/\/shebeauty.ee\/en\/product\/k-time-phibre-radiance-silk-effect-mask\/\" \/>\n<meta property=\"og:locale\" content=\"en_US\" \/>\n<meta property=\"og:type\" content=\"article\" \/>\n<meta property=\"og:title\" content=\"K-Time Phibre Radiance Silk Effect Mask - She Beauty Studio\" \/>\n<meta property=\"og:description\" content=\"S\u00e4ra andev ja siluv juuksemask, mis tugevdab ja kaitseb juukseid, s\u00e4ilitades Phibre hoolduse tulemused. Sisaldab taastavat [KRS]+ kompleksi.\" \/>\n<meta property=\"og:url\" content=\"https:\/\/shebeauty.ee\/en\/product\/k-time-phibre-radiance-silk-effect-mask\/\" \/>\n<meta property=\"og:site_name\" content=\"She Beauty Studio\" \/>\n<meta property=\"article:modified_time\" content=\"2026-03-29T13:42:01+00:00\" \/>\n<meta property=\"og:image\" content=\"https:\/\/shebeauty.ee\/wp-content\/uploads\/2025\/09\/phibre-mask-2.jpg\" \/>\n\t<meta property=\"og:image:width\" content=\"1080\" \/>\n\t<meta property=\"og:image:height\" content=\"1080\" \/>\n\t<meta property=\"og:image:type\" content=\"image\/jpeg\" \/>\n<meta name=\"twitter:card\" content=\"summary_large_image\" \/>\n<meta name=\"twitter:label1\" content=\"Est. reading time\" \/>\n\t<meta name=\"twitter:data1\" content=\"2 minutes\" \/>\n<script type=\"application\/ld+json\" class=\"yoast-schema-graph\">{\"@context\":\"https:\\\/\\\/schema.org\",\"@graph\":[{\"@type\":\"WebPage\",\"@id\":\"https:\\\/\\\/shebeauty.ee\\\/toode\\\/k-time-phibre-radiance-silk-effect-mask\\\/\",\"url\":\"https:\\\/\\\/shebeauty.ee\\\/toode\\\/k-time-phibre-radiance-silk-effect-mask\\\/\",\"name\":\"K-Time Phibre Radiance Silk Effect Mask - She Beauty Studio\",\"isPartOf\":{\"@id\":\"https:\\\/\\\/shebeauty.ee\\\/#website\"},\"primaryImageOfPage\":{\"@id\":\"https:\\\/\\\/shebeauty.ee\\\/toode\\\/k-time-phibre-radiance-silk-effect-mask\\\/#primaryimage\"},\"image\":{\"@id\":\"https:\\\/\\\/shebeauty.ee\\\/toode\\\/k-time-phibre-radiance-silk-effect-mask\\\/#primaryimage\"},\"thumbnailUrl\":\"https:\\\/\\\/shebeauty.ee\\\/wp-content\\\/uploads\\\/2025\\\/09\\\/phibre-mask-2.jpg\",\"datePublished\":\"2025-09-23T14:20:01+00:00\",\"dateModified\":\"2026-03-29T13:42:01+00:00\",\"description\":\"S\u00e4ra andev ja siluv juuksemask, mis tugevdab ja kaitseb juukseid, s\u00e4ilitades Phibre hoolduse tulemused. Sisaldab taastavat [KRS]+ kompleksi.\",\"breadcrumb\":{\"@id\":\"https:\\\/\\\/shebeauty.ee\\\/toode\\\/k-time-phibre-radiance-silk-effect-mask\\\/#breadcrumb\"},\"inLanguage\":\"en-US\",\"potentialAction\":[{\"@type\":\"ReadAction\",\"target\":[\"https:\\\/\\\/shebeauty.ee\\\/toode\\\/k-time-phibre-radiance-silk-effect-mask\\\/\"]}]},{\"@type\":\"ImageObject\",\"inLanguage\":\"en-US\",\"@id\":\"https:\\\/\\\/shebeauty.ee\\\/toode\\\/k-time-phibre-radiance-silk-effect-mask\\\/#primaryimage\",\"url\":\"https:\\\/\\\/shebeauty.ee\\\/wp-content\\\/uploads\\\/2025\\\/09\\\/phibre-mask-2.jpg\",\"contentUrl\":\"https:\\\/\\\/shebeauty.ee\\\/wp-content\\\/uploads\\\/2025\\\/09\\\/phibre-mask-2.jpg\",\"width\":1080,\"height\":1080},{\"@type\":\"BreadcrumbList\",\"@id\":\"https:\\\/\\\/shebeauty.ee\\\/toode\\\/k-time-phibre-radiance-silk-effect-mask\\\/#breadcrumb\",\"itemListElement\":[{\"@type\":\"ListItem\",\"position\":1,\"name\":\"Home\",\"item\":\"https:\\\/\\\/shebeauty.ee\\\/\"},{\"@type\":\"ListItem\",\"position\":2,\"name\":\"Pood\",\"item\":\"https:\\\/\\\/shebeauty.ee\\\/e-pood\\\/\"},{\"@type\":\"ListItem\",\"position\":3,\"name\":\"K-Time Phibre Radiance Silk Effect Mask\"}]},{\"@type\":\"WebSite\",\"@id\":\"https:\\\/\\\/shebeauty.ee\\\/#website\",\"url\":\"https:\\\/\\\/shebeauty.ee\\\/\",\"name\":\"She Beauty Studio\",\"description\":\"Juuksestuudio\",\"publisher\":{\"@id\":\"https:\\\/\\\/shebeauty.ee\\\/#organization\"},\"potentialAction\":[{\"@type\":\"SearchAction\",\"target\":{\"@type\":\"EntryPoint\",\"urlTemplate\":\"https:\\\/\\\/shebeauty.ee\\\/?s={search_term_string}\"},\"query-input\":{\"@type\":\"PropertyValueSpecification\",\"valueRequired\":true,\"valueName\":\"search_term_string\"}}],\"inLanguage\":\"en-US\"},{\"@type\":\"Organization\",\"@id\":\"https:\\\/\\\/shebeauty.ee\\\/#organization\",\"name\":\"She Beauty O\u00dc\",\"url\":\"https:\\\/\\\/shebeauty.ee\\\/\",\"logo\":{\"@type\":\"ImageObject\",\"inLanguage\":\"en-US\",\"@id\":\"https:\\\/\\\/shebeauty.ee\\\/#\\\/schema\\\/logo\\\/image\\\/\",\"url\":\"https:\\\/\\\/shebeauty.ee\\\/wp-content\\\/uploads\\\/2023\\\/10\\\/IMG_0585.jpg\",\"contentUrl\":\"https:\\\/\\\/shebeauty.ee\\\/wp-content\\\/uploads\\\/2023\\\/10\\\/IMG_0585.jpg\",\"width\":1284,\"height\":1300,\"caption\":\"She Beauty O\u00dc\"},\"image\":{\"@id\":\"https:\\\/\\\/shebeauty.ee\\\/#\\\/schema\\\/logo\\\/image\\\/\"}}]}<\/script>\n<!-- \/ Yoast SEO plugin. -->","yoast_head_json":{"title":"K-Time Phibre Radiance Silk Effect Mask - She Beauty Studio","description":"S\u00e4ra andev ja siluv juuksemask, mis tugevdab ja kaitseb juukseid, s\u00e4ilitades Phibre hoolduse tulemused. Sisaldab taastavat [KRS]+ kompleksi.","robots":{"index":"index","follow":"follow","max-snippet":"max-snippet:-1","max-image-preview":"max-image-preview:large","max-video-preview":"max-video-preview:-1"},"canonical":"https:\/\/shebeauty.ee\/en\/product\/k-time-phibre-radiance-silk-effect-mask\/","og_locale":"en_US","og_type":"article","og_title":"K-Time Phibre Radiance Silk Effect Mask - She Beauty Studio","og_description":"S\u00e4ra andev ja siluv juuksemask, mis tugevdab ja kaitseb juukseid, s\u00e4ilitades Phibre hoolduse tulemused. Sisaldab taastavat [KRS]+ kompleksi.","og_url":"https:\/\/shebeauty.ee\/en\/product\/k-time-phibre-radiance-silk-effect-mask\/","og_site_name":"She Beauty Studio","article_modified_time":"2026-03-29T13:42:01+00:00","og_image":[{"width":1080,"height":1080,"url":"https:\/\/shebeauty.ee\/wp-content\/uploads\/2025\/09\/phibre-mask-2.jpg","type":"image\/jpeg"}],"twitter_card":"summary_large_image","twitter_misc":{"Est. reading time":"2 minutes"},"schema":{"@context":"https:\/\/schema.org","@graph":[{"@type":"WebPage","@id":"https:\/\/shebeauty.ee\/toode\/k-time-phibre-radiance-silk-effect-mask\/","url":"https:\/\/shebeauty.ee\/toode\/k-time-phibre-radiance-silk-effect-mask\/","name":"K-Time Phibre Radiance Silk Effect Mask - She Beauty Studio","isPartOf":{"@id":"https:\/\/shebeauty.ee\/#website"},"primaryImageOfPage":{"@id":"https:\/\/shebeauty.ee\/toode\/k-time-phibre-radiance-silk-effect-mask\/#primaryimage"},"image":{"@id":"https:\/\/shebeauty.ee\/toode\/k-time-phibre-radiance-silk-effect-mask\/#primaryimage"},"thumbnailUrl":"https:\/\/shebeauty.ee\/wp-content\/uploads\/2025\/09\/phibre-mask-2.jpg","datePublished":"2025-09-23T14:20:01+00:00","dateModified":"2026-03-29T13:42:01+00:00","description":"S\u00e4ra andev ja siluv juuksemask, mis tugevdab ja kaitseb juukseid, s\u00e4ilitades Phibre hoolduse tulemused. Sisaldab taastavat [KRS]+ kompleksi.","breadcrumb":{"@id":"https:\/\/shebeauty.ee\/toode\/k-time-phibre-radiance-silk-effect-mask\/#breadcrumb"},"inLanguage":"en-US","potentialAction":[{"@type":"ReadAction","target":["https:\/\/shebeauty.ee\/toode\/k-time-phibre-radiance-silk-effect-mask\/"]}]},{"@type":"ImageObject","inLanguage":"en-US","@id":"https:\/\/shebeauty.ee\/toode\/k-time-phibre-radiance-silk-effect-mask\/#primaryimage","url":"https:\/\/shebeauty.ee\/wp-content\/uploads\/2025\/09\/phibre-mask-2.jpg","contentUrl":"https:\/\/shebeauty.ee\/wp-content\/uploads\/2025\/09\/phibre-mask-2.jpg","width":1080,"height":1080},{"@type":"BreadcrumbList","@id":"https:\/\/shebeauty.ee\/toode\/k-time-phibre-radiance-silk-effect-mask\/#breadcrumb","itemListElement":[{"@type":"ListItem","position":1,"name":"Home","item":"https:\/\/shebeauty.ee\/"},{"@type":"ListItem","position":2,"name":"Pood","item":"https:\/\/shebeauty.ee\/e-pood\/"},{"@type":"ListItem","position":3,"name":"K-Time Phibre Radiance Silk Effect Mask"}]},{"@type":"WebSite","@id":"https:\/\/shebeauty.ee\/#website","url":"https:\/\/shebeauty.ee\/","name":"She Beauty Studio","description":"Juuksestuudio","publisher":{"@id":"https:\/\/shebeauty.ee\/#organization"},"potentialAction":[{"@type":"SearchAction","target":{"@type":"EntryPoint","urlTemplate":"https:\/\/shebeauty.ee\/?s={search_term_string}"},"query-input":{"@type":"PropertyValueSpecification","valueRequired":true,"valueName":"search_term_string"}}],"inLanguage":"en-US"},{"@type":"Organization","@id":"https:\/\/shebeauty.ee\/#organization","name":"She Beauty O\u00dc","url":"https:\/\/shebeauty.ee\/","logo":{"@type":"ImageObject","inLanguage":"en-US","@id":"https:\/\/shebeauty.ee\/#\/schema\/logo\/image\/","url":"https:\/\/shebeauty.ee\/wp-content\/uploads\/2023\/10\/IMG_0585.jpg","contentUrl":"https:\/\/shebeauty.ee\/wp-content\/uploads\/2023\/10\/IMG_0585.jpg","width":1284,"height":1300,"caption":"She Beauty O\u00dc"},"image":{"@id":"https:\/\/shebeauty.ee\/#\/schema\/logo\/image\/"}}]}},"_links":{"self":[{"href":"https:\/\/shebeauty.ee\/en\/wp-json\/wp\/v2\/product\/5822","targetHints":{"allow":["GET"]}}],"collection":[{"href":"https:\/\/shebeauty.ee\/en\/wp-json\/wp\/v2\/product"}],"about":[{"href":"https:\/\/shebeauty.ee\/en\/wp-json\/wp\/v2\/types\/product"}],"replies":[{"embeddable":true,"href":"https:\/\/shebeauty.ee\/en\/wp-json\/wp\/v2\/comments?post=5822"}],"wp:featuredmedia":[{"embeddable":true,"href":"https:\/\/shebeauty.ee\/en\/wp-json\/wp\/v2\/media\/6524"}],"wp:attachment":[{"href":"https:\/\/shebeauty.ee\/en\/wp-json\/wp\/v2\/media?parent=5822"}],"wp:term":[{"taxonomy":"product_brand","embeddable":true,"href":"https:\/\/shebeauty.ee\/en\/wp-json\/wp\/v2\/product_brand?post=5822"},{"taxonomy":"product_cat","embeddable":true,"href":"https:\/\/shebeauty.ee\/en\/wp-json\/wp\/v2\/product_cat?post=5822"},{"taxonomy":"product_tag","embeddable":true,"href":"https:\/\/shebeauty.ee\/en\/wp-json\/wp\/v2\/product_tag?post=5822"},{"taxonomy":"giftcard-category","embeddable":true,"href":"https:\/\/shebeauty.ee\/en\/wp-json\/wp\/v2\/giftcard-category?post=5822"}],"curies":[{"name":"wp","href":"https:\/\/api.w.org\/{rel}","templated":true}]}}