{"id":5818,"date":"2025-09-23T16:59:59","date_gmt":"2025-09-23T13:59:59","guid":{"rendered":"https:\/\/shebeauty.ee\/?post_type=product&#038;p=5818"},"modified":"2025-11-12T17:21:03","modified_gmt":"2025-11-12T15:21:03","slug":"k-time-phibre-hair-fibre-restructuring-shampoo","status":"publish","type":"product","link":"https:\/\/shebeauty.ee\/en\/product\/k-time-phibre-hair-fibre-restructuring-shampoo\/","title":{"rendered":"K-Time Phibre Hair Fibre Restructuring Shampoo"},"content":{"rendered":"<p data-start=\"369\" data-end=\"607\"><strong>Phibre Restructuring Shampoo<\/strong> on loodud spetsiaalselt selleks, et pikendada ja s\u00e4ilitada Phibre salongihoolduse tulemusi. \u0160ampoon puhastab \u00f5rnalt juuksed ja peanaha, tugevdades samal ajal juuksekiudu ning taastades selle eluj\u00f5u ja l\u00e4ike.<\/p>\n<p data-start=\"609\" data-end=\"799\">Sisaldab [KRS]+ kompleksi, mis on rikastatud k\u00f5rge kontsentratsiooniga taastavate toimeainetega \u2013 need tungivad s\u00fcgavale juuksesse, aidates taastada selle struktuuri ja v\u00e4hendada kahjustusi.<\/p>\n<p data-start=\"877\" data-end=\"1053\"><strong data-start=\"877\" data-end=\"892\">Kasutamine:<\/strong> Kanna m\u00e4rgadesse juustesse, masseeri \u00f5rnalt ja loputa hoolikalt. Vajadusel korda. Parima tulemuse saavutamiseks kasuta koos Phibre sarja maski ja\/v\u00f5i seerumiga.<\/p>\n<p class=\"p1\"><span class=\"s1\"><strong>Koostisosad:<\/strong><br \/>\nAQUA (WATER), SODIUM COCETH SULFATE, COCAMIDOPROPYL BETAINE, GLYCOL STEARATE, SODIUM CHLORIDE, PARFUM (FRAGRANCE), PEG-7 GLYCERYL COCOATE, LAURYL LACTATE, GUAR HYDROXYPROPYLTRIMONIUM CHLORIDE, DISODIUM COCOAMPHODIACETATE, DISODIUM LAURETH SULFOSUCCINATE, CITRIC ACID, POLYGLYCERYL-4 CAPRATE, HYDROLYZED VEGETABLE PROTEIN PG-PROPYL SILANETRIOL, POLYGLYCERYL-3 RICINOLEATE, HYDROLYZED SESAME PROTEIN PG-PROPYL METHYLSILANEDIOL, TOCOPHERYL ACETATE, MAGNESIUM NITRATE, HYDROLYZED RICE PROTEIN, BUTYLENE GLYCOL, PHENOXYETHANOL, HYDROLYZED HEMP SEED EXTRACT, MAGNESIUM CHLORIDE, METHYLCHLOROISOTHIAZOLINONE, POTASSIUM SORBATE, DISODIUM EDTA, METHYLISOTHIAZOLINONE, SODIUM BENZOATE.<br \/>\n<\/span><\/p>\n<p><strong>The list of ingredients could change. Always refer to the product packaging for the most up-to-date ingredient list.<\/strong><br \/>\n<strong>Koostisosade loetelu v\u00f5ib muutuda. K\u00f5ige ajakohasema koostisosade loetelu leiad alati toote pakendilt.<\/strong><\/p>\n<p class=\"p1\"><span class=\"s1\">Maaletooja: Beauty Cosmetics O\u00dc, Kaupmehe 6, Tallinn <a href=\"https:\/\/shebeauty.ee\"><span class=\"s2\">www.shebeauty.ee<\/span><\/a><\/span><\/p>\n","protected":false},"excerpt":{"rendered":"<p data-start=\"260\" data-end=\"457\">(<em>1000ml liitrihind: 45,00 \u20ac\/l<\/em>)<br \/>\n(<em>300ml liitrihind: 70,00 \u20ac\/l<\/em>)<br data-start=\"305\" data-end=\"308\" \/>Taastav \u0161ampoon kahjustatud ja t\u00f6\u00f6deldud juustele. Puhastab \u00f5rnalt, tugevdab juuksekiudu ja aitab s\u00e4ilitada Phibre hoolduse tulemusi.<br \/>\nSisaldab taastavat [KRS]+ kompleksi.<\/p>\n","protected":false},"featured_media":5821,"comment_status":"open","ping_status":"closed","template":"","meta":{"site-sidebar-layout":"default","site-content-layout":"","ast-site-content-layout":"default","site-content-style":"default","site-sidebar-style":"default","ast-global-header-display":"","ast-banner-title-visibility":"","ast-main-header-display":"","ast-hfb-above-header-display":"","ast-hfb-below-header-display":"","ast-hfb-mobile-header-display":"","site-post-title":"","ast-breadcrumbs-content":"","ast-featured-img":"","footer-sml-layout":"","ast-disable-related-posts":"","theme-transparent-header-meta":"default","adv-header-id-meta":"","stick-header-meta":"","header-above-stick-meta":"","header-main-stick-meta":"","header-below-stick-meta":"","astra-migrate-meta-layouts":"set","ast-page-background-enabled":"default","ast-page-background-meta":{"desktop":{"background-color":"var(--ast-global-color-4)","background-image":"","background-repeat":"repeat","background-position":"center center","background-size":"auto","background-attachment":"scroll","background-type":"","background-media":"","overlay-type":"","overlay-color":"","overlay-opacity":"","overlay-gradient":""},"tablet":{"background-color":"","background-image":"","background-repeat":"repeat","background-position":"center center","background-size":"auto","background-attachment":"scroll","background-type":"","background-media":"","overlay-type":"","overlay-color":"","overlay-opacity":"","overlay-gradient":""},"mobile":{"background-color":"","background-image":"","background-repeat":"repeat","background-position":"center center","background-size":"auto","background-attachment":"scroll","background-type":"","background-media":"","overlay-type":"","overlay-color":"","overlay-opacity":"","overlay-gradient":""}},"ast-content-background-meta":{"desktop":{"background-color":"var(--ast-global-color-5)","background-image":"","background-repeat":"repeat","background-position":"center center","background-size":"auto","background-attachment":"scroll","background-type":"","background-media":"","overlay-type":"","overlay-color":"","overlay-opacity":"","overlay-gradient":""},"tablet":{"background-color":"var(--ast-global-color-5)","background-image":"","background-repeat":"repeat","background-position":"center center","background-size":"auto","background-attachment":"scroll","background-type":"","background-media":"","overlay-type":"","overlay-color":"","overlay-opacity":"","overlay-gradient":""},"mobile":{"background-color":"var(--ast-global-color-5)","background-image":"","background-repeat":"repeat","background-position":"center center","background-size":"auto","background-attachment":"scroll","background-type":"","background-media":"","overlay-type":"","overlay-color":"","overlay-opacity":"","overlay-gradient":""}}},"product_brand":[],"product_cat":[20],"product_tag":[323,324,82],"giftcard-category":[],"class_list":{"0":"post-5818","1":"product","2":"type-product","3":"status-publish","4":"has-post-thumbnail","6":"product_cat-juuksehooldustooted-sampoon-palsam-mask","7":"product_tag-k-time-phibre-sari","8":"product_tag-krs-kompleks","9":"product_tag-sampoon","10":"desktop-align-center","11":"tablet-align-left","12":"mobile-align-left","14":"first","15":"instock","16":"taxable","17":"shipping-taxable","18":"purchasable","19":"product-type-variable"},"yoast_head":"<!-- This site is optimized with the Yoast SEO plugin v27.4 - https:\/\/yoast.com\/product\/yoast-seo-wordpress\/ -->\n<title>K-Time Phibre Hair Fibre Restructuring Shampoo - She Beauty Studio<\/title>\n<meta name=\"description\" content=\"Taastav \u0161ampoon kahjustatud ja t\u00f6\u00f6deldud juustele. Puhastab \u00f5rnalt, tugevdab juuksekiudu ja aitab s\u00e4ilitada Phibre hoolduse tulemusi.\" \/>\n<meta name=\"robots\" content=\"index, follow, max-snippet:-1, max-image-preview:large, max-video-preview:-1\" \/>\n<link rel=\"canonical\" href=\"https:\/\/shebeauty.ee\/en\/product\/k-time-phibre-hair-fibre-restructuring-shampoo\/\" \/>\n<meta property=\"og:locale\" content=\"en_US\" \/>\n<meta property=\"og:type\" content=\"article\" \/>\n<meta property=\"og:title\" content=\"K-Time Phibre Hair Fibre Restructuring Shampoo - She Beauty Studio\" \/>\n<meta property=\"og:description\" content=\"Taastav \u0161ampoon kahjustatud ja t\u00f6\u00f6deldud juustele. Puhastab \u00f5rnalt, tugevdab juuksekiudu ja aitab s\u00e4ilitada Phibre hoolduse tulemusi.\" \/>\n<meta property=\"og:url\" content=\"https:\/\/shebeauty.ee\/en\/product\/k-time-phibre-hair-fibre-restructuring-shampoo\/\" \/>\n<meta property=\"og:site_name\" content=\"She Beauty Studio\" \/>\n<meta property=\"article:modified_time\" content=\"2025-11-12T15:21:03+00:00\" \/>\n<meta property=\"og:image\" content=\"https:\/\/shebeauty.ee\/wp-content\/uploads\/2025\/09\/Phibre-shampoo-scaled.jpg\" \/>\n\t<meta property=\"og:image:width\" content=\"2560\" \/>\n\t<meta property=\"og:image:height\" content=\"2560\" \/>\n\t<meta property=\"og:image:type\" content=\"image\/jpeg\" \/>\n<meta name=\"twitter:card\" content=\"summary_large_image\" \/>\n<meta name=\"twitter:label1\" content=\"Est. reading time\" \/>\n\t<meta name=\"twitter:data1\" content=\"2 minutes\" \/>\n<script type=\"application\/ld+json\" class=\"yoast-schema-graph\">{\"@context\":\"https:\\\/\\\/schema.org\",\"@graph\":[{\"@type\":\"WebPage\",\"@id\":\"https:\\\/\\\/shebeauty.ee\\\/toode\\\/k-time-phibre-hair-fibre-restructuring-shampoo\\\/\",\"url\":\"https:\\\/\\\/shebeauty.ee\\\/toode\\\/k-time-phibre-hair-fibre-restructuring-shampoo\\\/\",\"name\":\"K-Time Phibre Hair Fibre Restructuring Shampoo - She Beauty Studio\",\"isPartOf\":{\"@id\":\"https:\\\/\\\/shebeauty.ee\\\/#website\"},\"primaryImageOfPage\":{\"@id\":\"https:\\\/\\\/shebeauty.ee\\\/toode\\\/k-time-phibre-hair-fibre-restructuring-shampoo\\\/#primaryimage\"},\"image\":{\"@id\":\"https:\\\/\\\/shebeauty.ee\\\/toode\\\/k-time-phibre-hair-fibre-restructuring-shampoo\\\/#primaryimage\"},\"thumbnailUrl\":\"https:\\\/\\\/shebeauty.ee\\\/wp-content\\\/uploads\\\/2025\\\/09\\\/Phibre-shampoo-scaled.jpg\",\"datePublished\":\"2025-09-23T13:59:59+00:00\",\"dateModified\":\"2025-11-12T15:21:03+00:00\",\"description\":\"Taastav \u0161ampoon kahjustatud ja t\u00f6\u00f6deldud juustele. Puhastab \u00f5rnalt, tugevdab juuksekiudu ja aitab s\u00e4ilitada Phibre hoolduse tulemusi.\",\"breadcrumb\":{\"@id\":\"https:\\\/\\\/shebeauty.ee\\\/toode\\\/k-time-phibre-hair-fibre-restructuring-shampoo\\\/#breadcrumb\"},\"inLanguage\":\"en-US\",\"potentialAction\":[{\"@type\":\"ReadAction\",\"target\":[\"https:\\\/\\\/shebeauty.ee\\\/toode\\\/k-time-phibre-hair-fibre-restructuring-shampoo\\\/\"]}]},{\"@type\":\"ImageObject\",\"inLanguage\":\"en-US\",\"@id\":\"https:\\\/\\\/shebeauty.ee\\\/toode\\\/k-time-phibre-hair-fibre-restructuring-shampoo\\\/#primaryimage\",\"url\":\"https:\\\/\\\/shebeauty.ee\\\/wp-content\\\/uploads\\\/2025\\\/09\\\/Phibre-shampoo-scaled.jpg\",\"contentUrl\":\"https:\\\/\\\/shebeauty.ee\\\/wp-content\\\/uploads\\\/2025\\\/09\\\/Phibre-shampoo-scaled.jpg\",\"width\":2560,\"height\":2560},{\"@type\":\"BreadcrumbList\",\"@id\":\"https:\\\/\\\/shebeauty.ee\\\/toode\\\/k-time-phibre-hair-fibre-restructuring-shampoo\\\/#breadcrumb\",\"itemListElement\":[{\"@type\":\"ListItem\",\"position\":1,\"name\":\"Home\",\"item\":\"https:\\\/\\\/shebeauty.ee\\\/\"},{\"@type\":\"ListItem\",\"position\":2,\"name\":\"Pood\",\"item\":\"https:\\\/\\\/shebeauty.ee\\\/e-pood\\\/\"},{\"@type\":\"ListItem\",\"position\":3,\"name\":\"K-Time Phibre Hair Fibre Restructuring Shampoo\"}]},{\"@type\":\"WebSite\",\"@id\":\"https:\\\/\\\/shebeauty.ee\\\/#website\",\"url\":\"https:\\\/\\\/shebeauty.ee\\\/\",\"name\":\"She Beauty Studio\",\"description\":\"Juuksestuudio\",\"publisher\":{\"@id\":\"https:\\\/\\\/shebeauty.ee\\\/#organization\"},\"potentialAction\":[{\"@type\":\"SearchAction\",\"target\":{\"@type\":\"EntryPoint\",\"urlTemplate\":\"https:\\\/\\\/shebeauty.ee\\\/?s={search_term_string}\"},\"query-input\":{\"@type\":\"PropertyValueSpecification\",\"valueRequired\":true,\"valueName\":\"search_term_string\"}}],\"inLanguage\":\"en-US\"},{\"@type\":\"Organization\",\"@id\":\"https:\\\/\\\/shebeauty.ee\\\/#organization\",\"name\":\"She Beauty O\u00dc\",\"url\":\"https:\\\/\\\/shebeauty.ee\\\/\",\"logo\":{\"@type\":\"ImageObject\",\"inLanguage\":\"en-US\",\"@id\":\"https:\\\/\\\/shebeauty.ee\\\/#\\\/schema\\\/logo\\\/image\\\/\",\"url\":\"https:\\\/\\\/shebeauty.ee\\\/wp-content\\\/uploads\\\/2023\\\/10\\\/IMG_0585.jpg\",\"contentUrl\":\"https:\\\/\\\/shebeauty.ee\\\/wp-content\\\/uploads\\\/2023\\\/10\\\/IMG_0585.jpg\",\"width\":1284,\"height\":1300,\"caption\":\"She Beauty O\u00dc\"},\"image\":{\"@id\":\"https:\\\/\\\/shebeauty.ee\\\/#\\\/schema\\\/logo\\\/image\\\/\"}}]}<\/script>\n<!-- \/ Yoast SEO plugin. -->","yoast_head_json":{"title":"K-Time Phibre Hair Fibre Restructuring Shampoo - She Beauty Studio","description":"Taastav \u0161ampoon kahjustatud ja t\u00f6\u00f6deldud juustele. Puhastab \u00f5rnalt, tugevdab juuksekiudu ja aitab s\u00e4ilitada Phibre hoolduse tulemusi.","robots":{"index":"index","follow":"follow","max-snippet":"max-snippet:-1","max-image-preview":"max-image-preview:large","max-video-preview":"max-video-preview:-1"},"canonical":"https:\/\/shebeauty.ee\/en\/product\/k-time-phibre-hair-fibre-restructuring-shampoo\/","og_locale":"en_US","og_type":"article","og_title":"K-Time Phibre Hair Fibre Restructuring Shampoo - She Beauty Studio","og_description":"Taastav \u0161ampoon kahjustatud ja t\u00f6\u00f6deldud juustele. Puhastab \u00f5rnalt, tugevdab juuksekiudu ja aitab s\u00e4ilitada Phibre hoolduse tulemusi.","og_url":"https:\/\/shebeauty.ee\/en\/product\/k-time-phibre-hair-fibre-restructuring-shampoo\/","og_site_name":"She Beauty Studio","article_modified_time":"2025-11-12T15:21:03+00:00","og_image":[{"width":2560,"height":2560,"url":"https:\/\/shebeauty.ee\/wp-content\/uploads\/2025\/09\/Phibre-shampoo-scaled.jpg","type":"image\/jpeg"}],"twitter_card":"summary_large_image","twitter_misc":{"Est. reading time":"2 minutes"},"schema":{"@context":"https:\/\/schema.org","@graph":[{"@type":"WebPage","@id":"https:\/\/shebeauty.ee\/toode\/k-time-phibre-hair-fibre-restructuring-shampoo\/","url":"https:\/\/shebeauty.ee\/toode\/k-time-phibre-hair-fibre-restructuring-shampoo\/","name":"K-Time Phibre Hair Fibre Restructuring Shampoo - She Beauty Studio","isPartOf":{"@id":"https:\/\/shebeauty.ee\/#website"},"primaryImageOfPage":{"@id":"https:\/\/shebeauty.ee\/toode\/k-time-phibre-hair-fibre-restructuring-shampoo\/#primaryimage"},"image":{"@id":"https:\/\/shebeauty.ee\/toode\/k-time-phibre-hair-fibre-restructuring-shampoo\/#primaryimage"},"thumbnailUrl":"https:\/\/shebeauty.ee\/wp-content\/uploads\/2025\/09\/Phibre-shampoo-scaled.jpg","datePublished":"2025-09-23T13:59:59+00:00","dateModified":"2025-11-12T15:21:03+00:00","description":"Taastav \u0161ampoon kahjustatud ja t\u00f6\u00f6deldud juustele. Puhastab \u00f5rnalt, tugevdab juuksekiudu ja aitab s\u00e4ilitada Phibre hoolduse tulemusi.","breadcrumb":{"@id":"https:\/\/shebeauty.ee\/toode\/k-time-phibre-hair-fibre-restructuring-shampoo\/#breadcrumb"},"inLanguage":"en-US","potentialAction":[{"@type":"ReadAction","target":["https:\/\/shebeauty.ee\/toode\/k-time-phibre-hair-fibre-restructuring-shampoo\/"]}]},{"@type":"ImageObject","inLanguage":"en-US","@id":"https:\/\/shebeauty.ee\/toode\/k-time-phibre-hair-fibre-restructuring-shampoo\/#primaryimage","url":"https:\/\/shebeauty.ee\/wp-content\/uploads\/2025\/09\/Phibre-shampoo-scaled.jpg","contentUrl":"https:\/\/shebeauty.ee\/wp-content\/uploads\/2025\/09\/Phibre-shampoo-scaled.jpg","width":2560,"height":2560},{"@type":"BreadcrumbList","@id":"https:\/\/shebeauty.ee\/toode\/k-time-phibre-hair-fibre-restructuring-shampoo\/#breadcrumb","itemListElement":[{"@type":"ListItem","position":1,"name":"Home","item":"https:\/\/shebeauty.ee\/"},{"@type":"ListItem","position":2,"name":"Pood","item":"https:\/\/shebeauty.ee\/e-pood\/"},{"@type":"ListItem","position":3,"name":"K-Time Phibre Hair Fibre Restructuring Shampoo"}]},{"@type":"WebSite","@id":"https:\/\/shebeauty.ee\/#website","url":"https:\/\/shebeauty.ee\/","name":"She Beauty Studio","description":"Juuksestuudio","publisher":{"@id":"https:\/\/shebeauty.ee\/#organization"},"potentialAction":[{"@type":"SearchAction","target":{"@type":"EntryPoint","urlTemplate":"https:\/\/shebeauty.ee\/?s={search_term_string}"},"query-input":{"@type":"PropertyValueSpecification","valueRequired":true,"valueName":"search_term_string"}}],"inLanguage":"en-US"},{"@type":"Organization","@id":"https:\/\/shebeauty.ee\/#organization","name":"She Beauty O\u00dc","url":"https:\/\/shebeauty.ee\/","logo":{"@type":"ImageObject","inLanguage":"en-US","@id":"https:\/\/shebeauty.ee\/#\/schema\/logo\/image\/","url":"https:\/\/shebeauty.ee\/wp-content\/uploads\/2023\/10\/IMG_0585.jpg","contentUrl":"https:\/\/shebeauty.ee\/wp-content\/uploads\/2023\/10\/IMG_0585.jpg","width":1284,"height":1300,"caption":"She Beauty O\u00dc"},"image":{"@id":"https:\/\/shebeauty.ee\/#\/schema\/logo\/image\/"}}]}},"_links":{"self":[{"href":"https:\/\/shebeauty.ee\/en\/wp-json\/wp\/v2\/product\/5818","targetHints":{"allow":["GET"]}}],"collection":[{"href":"https:\/\/shebeauty.ee\/en\/wp-json\/wp\/v2\/product"}],"about":[{"href":"https:\/\/shebeauty.ee\/en\/wp-json\/wp\/v2\/types\/product"}],"replies":[{"embeddable":true,"href":"https:\/\/shebeauty.ee\/en\/wp-json\/wp\/v2\/comments?post=5818"}],"wp:featuredmedia":[{"embeddable":true,"href":"https:\/\/shebeauty.ee\/en\/wp-json\/wp\/v2\/media\/5821"}],"wp:attachment":[{"href":"https:\/\/shebeauty.ee\/en\/wp-json\/wp\/v2\/media?parent=5818"}],"wp:term":[{"taxonomy":"product_brand","embeddable":true,"href":"https:\/\/shebeauty.ee\/en\/wp-json\/wp\/v2\/product_brand?post=5818"},{"taxonomy":"product_cat","embeddable":true,"href":"https:\/\/shebeauty.ee\/en\/wp-json\/wp\/v2\/product_cat?post=5818"},{"taxonomy":"product_tag","embeddable":true,"href":"https:\/\/shebeauty.ee\/en\/wp-json\/wp\/v2\/product_tag?post=5818"},{"taxonomy":"giftcard-category","embeddable":true,"href":"https:\/\/shebeauty.ee\/en\/wp-json\/wp\/v2\/giftcard-category?post=5818"}],"curies":[{"name":"wp","href":"https:\/\/api.w.org\/{rel}","templated":true}]}}