{"id":5787,"date":"2025-09-06T11:27:22","date_gmt":"2025-09-06T08:27:22","guid":{"rendered":"https:\/\/shebeauty.ee\/?post_type=product&#038;p=5787"},"modified":"2025-09-06T11:36:58","modified_gmt":"2025-09-06T08:36:58","slug":"k-time-matirya-over-force-intensive-hair-loss-prevention","status":"publish","type":"product","link":"https:\/\/shebeauty.ee\/en\/product\/k-time-matirya-over-force-intensive-hair-loss-prevention\/","title":{"rendered":"K-Time Matirya Over Force Intensive Hair Loss Prevention"},"content":{"rendered":"<p data-start=\"216\" data-end=\"570\"><strong data-start=\"216\" data-end=\"288\">K-Time Matirya Over Force Intensive Hair Loss Prevention Treatment<\/strong>on intensiivne kuur hooajalise juuste v\u00e4ljalangemise vastu. T\u00f5hus koostis aitab ennetada ja pidurdada juuste v\u00e4ljalangemist, tugevdades juuksejuurt ja stimuleerides juuste loomulikku kasvuts\u00fcklit.<\/p>\n<p data-start=\"411\" data-end=\"708\">Toode sisaldab juuksekasvu soodustavaid ja peanaha seisundit parandavaid toimeaineid, nagu arginiin, ingveri eeterlik \u00f5li, kofeiin, pantenool, vitamiin F ja riboflaviin. Need koostisosad toidavad s\u00fcgavuti juuksejuuri, parandavad mikrovereringet ning annavad juustele eluj\u00f5udu ja vastupidavust.<\/p>\n<p data-start=\"710\" data-end=\"827\">Laboratoorsed testid on n\u00e4idanud, et 54% kasutajatest koges juuste v\u00e4ljalangemise v\u00e4henemist p\u00e4rast kuuri kasutamist.<\/p>\n<p data-start=\"829\" data-end=\"924\">Sobib nii meestele kui naistele, kellel esineb hooajalist juuste h\u00f5renemist v\u00f5i v\u00e4ljalangemist.<\/p>\n<p data-start=\"926\" data-end=\"1174\"><strong data-start=\"926\" data-end=\"941\">Usage:<\/strong><br data-start=\"941\" data-end=\"944\" \/>Kanna \u00fche viaali sisu puhtale ja r\u00e4tikukuivale peanahale, keskendudes piirkondadele, kus juuksed on n\u00f5rgenenud v\u00f5i h\u00f5renenud. Masseeri s\u00f5rmeotstega v\u00f5i spetsiaalse massaa\u017eiharjaga, kuni toode on t\u00e4ielikult imendunud. \u00c4ra loputa.<\/p>\n<p data-start=\"1176\" data-end=\"1280\"><strong data-start=\"1176\" data-end=\"1189\">Pakendis:<\/strong> 12 \u00fchekordset 8 ml ampulli \u2013 sobib 12-p\u00e4evaseks v\u00f5i pikemaks kuuriks vastavalt vajadusele.<\/p>\n<p><strong>The list of ingredients could change. Always refer to the product packaging for the most up-to-date ingredient list.<\/strong><br \/>\n<strong>Koostisosade loetelu v\u00f5ib muutuda. K\u00f5ige ajakohasema koostisosade loetelu leiad alati toote pakendilt.<\/strong><\/p>\n<p class=\"p1\"><span class=\"s1\">Importer: Beauty Cosmetics O\u00dc, Kaupmehe 6, Tallinn <a href=\"https:\/\/shebeauty.ee\/en\/\"><span class=\"s2\">www.shebeauty.ee<\/span><\/a><\/span><\/p>","protected":false},"excerpt":{"rendered":"<p>(<em>Liitrihind: 656,25 \u20ac\/l<\/em>)<br data-start=\"358\" data-end=\"361\" \/>Intensiivne kuur hooajaliselt v\u00e4ljalangevatele juustele. Tugevdab juuksejuuri ja stimuleerib juuksekasvu.<br \/>\nParimate tulemuste saavutamiseks soovitame kasutada koos sama sarja toodetega.<\/p>\n<p>Karbis: 12 \u00d7 \u00fcheannuseline viaal (8 ml)<br data-start=\"924\" data-end=\"927\" \/>Kogumaht: 96 ml<\/p>","protected":false},"featured_media":5788,"comment_status":"open","ping_status":"closed","template":"","meta":{"site-sidebar-layout":"default","site-content-layout":"","ast-site-content-layout":"default","site-content-style":"default","site-sidebar-style":"default","ast-global-header-display":"","ast-banner-title-visibility":"","ast-main-header-display":"","ast-hfb-above-header-display":"","ast-hfb-below-header-display":"","ast-hfb-mobile-header-display":"","site-post-title":"","ast-breadcrumbs-content":"","ast-featured-img":"","footer-sml-layout":"","ast-disable-related-posts":"","theme-transparent-header-meta":"default","adv-header-id-meta":"","stick-header-meta":"","header-above-stick-meta":"","header-main-stick-meta":"","header-below-stick-meta":"","astra-migrate-meta-layouts":"set","ast-page-background-enabled":"default","ast-page-background-meta":{"desktop":{"background-color":"var(--ast-global-color-4)","background-image":"","background-repeat":"repeat","background-position":"center center","background-size":"auto","background-attachment":"scroll","background-type":"","background-media":"","overlay-type":"","overlay-color":"","overlay-opacity":"","overlay-gradient":""},"tablet":{"background-color":"","background-image":"","background-repeat":"repeat","background-position":"center center","background-size":"auto","background-attachment":"scroll","background-type":"","background-media":"","overlay-type":"","overlay-color":"","overlay-opacity":"","overlay-gradient":""},"mobile":{"background-color":"","background-image":"","background-repeat":"repeat","background-position":"center center","background-size":"auto","background-attachment":"scroll","background-type":"","background-media":"","overlay-type":"","overlay-color":"","overlay-opacity":"","overlay-gradient":""}},"ast-content-background-meta":{"desktop":{"background-color":"var(--ast-global-color-5)","background-image":"","background-repeat":"repeat","background-position":"center center","background-size":"auto","background-attachment":"scroll","background-type":"","background-media":"","overlay-type":"","overlay-color":"","overlay-opacity":"","overlay-gradient":""},"tablet":{"background-color":"var(--ast-global-color-5)","background-image":"","background-repeat":"repeat","background-position":"center center","background-size":"auto","background-attachment":"scroll","background-type":"","background-media":"","overlay-type":"","overlay-color":"","overlay-opacity":"","overlay-gradient":""},"mobile":{"background-color":"var(--ast-global-color-5)","background-image":"","background-repeat":"repeat","background-position":"center center","background-size":"auto","background-attachment":"scroll","background-type":"","background-media":"","overlay-type":"","overlay-color":"","overlay-opacity":"","overlay-gradient":""}}},"product_brand":[],"product_cat":[20],"product_tag":[319,316,312,318,296,241,317,320,322,321],"giftcard-category":[],"class_list":{"0":"post-5787","1":"product","2":"type-product","3":"status-publish","4":"has-post-thumbnail","6":"product_cat-juuksehooldustooted-sampoon-palsam-mask","7":"product_tag-arginiin","8":"product_tag-hooajaline-valjalangus","9":"product_tag-horenemise-vastu","10":"product_tag-ingveri-eeterlik-oli","11":"product_tag-k-time-matirya-sari","12":"product_tag-kodune-hooldus","13":"product_tag-kofeiin","14":"product_tag-pantenool","15":"product_tag-riboflaviin","16":"product_tag-vitamiin-f","17":"desktop-align-center","18":"tablet-align-left","19":"mobile-align-left","21":"first","22":"instock","23":"taxable","24":"shipping-taxable","25":"purchasable","26":"product-type-simple"},"yoast_head":"<!-- This site is optimized with the Yoast SEO plugin v27.3 - https:\/\/yoast.com\/product\/yoast-seo-wordpress\/ -->\n<title>K-Time Matirya Over Force Intensive Hair Loss Prevention - She Beauty Studio<\/title>\n<meta name=\"description\" content=\"Ampullikuur, mis aitab taasaktiveerida uinunud juuksefolliikuleid ja stimuleerib juuksekasvu h\u00f5renevates piirkondades.T\u00f5hususe on kinnitanud laboriuuringud.\" \/>\n<meta name=\"robots\" content=\"index, follow, max-snippet:-1, max-image-preview:large, max-video-preview:-1\" \/>\n<link rel=\"canonical\" href=\"https:\/\/shebeauty.ee\/en\/product\/k-time-matirya-over-force-intensive-hair-loss-prevention\/\" \/>\n<meta property=\"og:locale\" content=\"en_US\" \/>\n<meta property=\"og:type\" content=\"article\" \/>\n<meta property=\"og:title\" content=\"K-Time Matirya Over Force Intensive Hair Loss Prevention - She Beauty Studio\" \/>\n<meta property=\"og:description\" content=\"Ampullikuur, mis aitab taasaktiveerida uinunud juuksefolliikuleid ja stimuleerib juuksekasvu h\u00f5renevates piirkondades.T\u00f5hususe on kinnitanud laboriuuringud.\" \/>\n<meta property=\"og:url\" content=\"https:\/\/shebeauty.ee\/en\/product\/k-time-matirya-over-force-intensive-hair-loss-prevention\/\" \/>\n<meta property=\"og:site_name\" content=\"She Beauty Studio\" \/>\n<meta property=\"article:modified_time\" content=\"2025-09-06T08:36:58+00:00\" \/>\n<meta property=\"og:image\" content=\"https:\/\/shebeauty.ee\/wp-content\/uploads\/2025\/09\/Punased-ampullid-scaled.jpg\" \/>\n\t<meta property=\"og:image:width\" content=\"2560\" \/>\n\t<meta property=\"og:image:height\" content=\"2560\" \/>\n\t<meta property=\"og:image:type\" content=\"image\/jpeg\" \/>\n<meta name=\"twitter:card\" content=\"summary_large_image\" \/>\n<meta name=\"twitter:label1\" content=\"Est. reading time\" \/>\n\t<meta name=\"twitter:data1\" content=\"2 minutes\" \/>\n<script type=\"application\/ld+json\" class=\"yoast-schema-graph\">{\"@context\":\"https:\\\/\\\/schema.org\",\"@graph\":[{\"@type\":\"WebPage\",\"@id\":\"https:\\\/\\\/shebeauty.ee\\\/toode\\\/k-time-matirya-over-force-intensive-hair-loss-prevention\\\/\",\"url\":\"https:\\\/\\\/shebeauty.ee\\\/toode\\\/k-time-matirya-over-force-intensive-hair-loss-prevention\\\/\",\"name\":\"K-Time Matirya Over Force Intensive Hair Loss Prevention - She Beauty Studio\",\"isPartOf\":{\"@id\":\"https:\\\/\\\/shebeauty.ee\\\/#website\"},\"primaryImageOfPage\":{\"@id\":\"https:\\\/\\\/shebeauty.ee\\\/toode\\\/k-time-matirya-over-force-intensive-hair-loss-prevention\\\/#primaryimage\"},\"image\":{\"@id\":\"https:\\\/\\\/shebeauty.ee\\\/toode\\\/k-time-matirya-over-force-intensive-hair-loss-prevention\\\/#primaryimage\"},\"thumbnailUrl\":\"https:\\\/\\\/shebeauty.ee\\\/wp-content\\\/uploads\\\/2025\\\/09\\\/Punased-ampullid-scaled.jpg\",\"datePublished\":\"2025-09-06T08:27:22+00:00\",\"dateModified\":\"2025-09-06T08:36:58+00:00\",\"description\":\"Ampullikuur, mis aitab taasaktiveerida uinunud juuksefolliikuleid ja stimuleerib juuksekasvu h\u00f5renevates piirkondades.T\u00f5hususe on kinnitanud laboriuuringud.\",\"breadcrumb\":{\"@id\":\"https:\\\/\\\/shebeauty.ee\\\/toode\\\/k-time-matirya-over-force-intensive-hair-loss-prevention\\\/#breadcrumb\"},\"inLanguage\":\"en-US\",\"potentialAction\":[{\"@type\":\"ReadAction\",\"target\":[\"https:\\\/\\\/shebeauty.ee\\\/toode\\\/k-time-matirya-over-force-intensive-hair-loss-prevention\\\/\"]}]},{\"@type\":\"ImageObject\",\"inLanguage\":\"en-US\",\"@id\":\"https:\\\/\\\/shebeauty.ee\\\/toode\\\/k-time-matirya-over-force-intensive-hair-loss-prevention\\\/#primaryimage\",\"url\":\"https:\\\/\\\/shebeauty.ee\\\/wp-content\\\/uploads\\\/2025\\\/09\\\/Punased-ampullid-scaled.jpg\",\"contentUrl\":\"https:\\\/\\\/shebeauty.ee\\\/wp-content\\\/uploads\\\/2025\\\/09\\\/Punased-ampullid-scaled.jpg\",\"width\":2560,\"height\":2560},{\"@type\":\"BreadcrumbList\",\"@id\":\"https:\\\/\\\/shebeauty.ee\\\/toode\\\/k-time-matirya-over-force-intensive-hair-loss-prevention\\\/#breadcrumb\",\"itemListElement\":[{\"@type\":\"ListItem\",\"position\":1,\"name\":\"Home\",\"item\":\"https:\\\/\\\/shebeauty.ee\\\/\"},{\"@type\":\"ListItem\",\"position\":2,\"name\":\"Pood\",\"item\":\"https:\\\/\\\/shebeauty.ee\\\/e-pood\\\/\"},{\"@type\":\"ListItem\",\"position\":3,\"name\":\"K-Time Matirya Over Force Intensive Hair Loss Prevention\"}]},{\"@type\":\"WebSite\",\"@id\":\"https:\\\/\\\/shebeauty.ee\\\/#website\",\"url\":\"https:\\\/\\\/shebeauty.ee\\\/\",\"name\":\"She Beauty Studio\",\"description\":\"Juuksestuudio\",\"publisher\":{\"@id\":\"https:\\\/\\\/shebeauty.ee\\\/#organization\"},\"potentialAction\":[{\"@type\":\"SearchAction\",\"target\":{\"@type\":\"EntryPoint\",\"urlTemplate\":\"https:\\\/\\\/shebeauty.ee\\\/?s={search_term_string}\"},\"query-input\":{\"@type\":\"PropertyValueSpecification\",\"valueRequired\":true,\"valueName\":\"search_term_string\"}}],\"inLanguage\":\"en-US\"},{\"@type\":\"Organization\",\"@id\":\"https:\\\/\\\/shebeauty.ee\\\/#organization\",\"name\":\"She Beauty O\u00dc\",\"url\":\"https:\\\/\\\/shebeauty.ee\\\/\",\"logo\":{\"@type\":\"ImageObject\",\"inLanguage\":\"en-US\",\"@id\":\"https:\\\/\\\/shebeauty.ee\\\/#\\\/schema\\\/logo\\\/image\\\/\",\"url\":\"https:\\\/\\\/shebeauty.ee\\\/wp-content\\\/uploads\\\/2023\\\/10\\\/IMG_0585.jpg\",\"contentUrl\":\"https:\\\/\\\/shebeauty.ee\\\/wp-content\\\/uploads\\\/2023\\\/10\\\/IMG_0585.jpg\",\"width\":1284,\"height\":1300,\"caption\":\"She Beauty O\u00dc\"},\"image\":{\"@id\":\"https:\\\/\\\/shebeauty.ee\\\/#\\\/schema\\\/logo\\\/image\\\/\"}}]}<\/script>\n<!-- \/ Yoast SEO plugin. -->","yoast_head_json":{"title":"K-Time Matirya Over Force Intensive Hair Loss Prevention - She Beauty Studio","description":"Ampullikuur, mis aitab taasaktiveerida uinunud juuksefolliikuleid ja stimuleerib juuksekasvu h\u00f5renevates piirkondades.T\u00f5hususe on kinnitanud laboriuuringud.","robots":{"index":"index","follow":"follow","max-snippet":"max-snippet:-1","max-image-preview":"max-image-preview:large","max-video-preview":"max-video-preview:-1"},"canonical":"https:\/\/shebeauty.ee\/en\/product\/k-time-matirya-over-force-intensive-hair-loss-prevention\/","og_locale":"en_US","og_type":"article","og_title":"K-Time Matirya Over Force Intensive Hair Loss Prevention - She Beauty Studio","og_description":"Ampullikuur, mis aitab taasaktiveerida uinunud juuksefolliikuleid ja stimuleerib juuksekasvu h\u00f5renevates piirkondades.T\u00f5hususe on kinnitanud laboriuuringud.","og_url":"https:\/\/shebeauty.ee\/en\/product\/k-time-matirya-over-force-intensive-hair-loss-prevention\/","og_site_name":"She Beauty Studio","article_modified_time":"2025-09-06T08:36:58+00:00","og_image":[{"width":2560,"height":2560,"url":"https:\/\/shebeauty.ee\/wp-content\/uploads\/2025\/09\/Punased-ampullid-scaled.jpg","type":"image\/jpeg"}],"twitter_card":"summary_large_image","twitter_misc":{"Est. reading time":"2 minutes"},"schema":{"@context":"https:\/\/schema.org","@graph":[{"@type":"WebPage","@id":"https:\/\/shebeauty.ee\/toode\/k-time-matirya-over-force-intensive-hair-loss-prevention\/","url":"https:\/\/shebeauty.ee\/toode\/k-time-matirya-over-force-intensive-hair-loss-prevention\/","name":"K-Time Matirya Over Force Intensive Hair Loss Prevention - She Beauty Studio","isPartOf":{"@id":"https:\/\/shebeauty.ee\/#website"},"primaryImageOfPage":{"@id":"https:\/\/shebeauty.ee\/toode\/k-time-matirya-over-force-intensive-hair-loss-prevention\/#primaryimage"},"image":{"@id":"https:\/\/shebeauty.ee\/toode\/k-time-matirya-over-force-intensive-hair-loss-prevention\/#primaryimage"},"thumbnailUrl":"https:\/\/shebeauty.ee\/wp-content\/uploads\/2025\/09\/Punased-ampullid-scaled.jpg","datePublished":"2025-09-06T08:27:22+00:00","dateModified":"2025-09-06T08:36:58+00:00","description":"Ampullikuur, mis aitab taasaktiveerida uinunud juuksefolliikuleid ja stimuleerib juuksekasvu h\u00f5renevates piirkondades.T\u00f5hususe on kinnitanud laboriuuringud.","breadcrumb":{"@id":"https:\/\/shebeauty.ee\/toode\/k-time-matirya-over-force-intensive-hair-loss-prevention\/#breadcrumb"},"inLanguage":"en-US","potentialAction":[{"@type":"ReadAction","target":["https:\/\/shebeauty.ee\/toode\/k-time-matirya-over-force-intensive-hair-loss-prevention\/"]}]},{"@type":"ImageObject","inLanguage":"en-US","@id":"https:\/\/shebeauty.ee\/toode\/k-time-matirya-over-force-intensive-hair-loss-prevention\/#primaryimage","url":"https:\/\/shebeauty.ee\/wp-content\/uploads\/2025\/09\/Punased-ampullid-scaled.jpg","contentUrl":"https:\/\/shebeauty.ee\/wp-content\/uploads\/2025\/09\/Punased-ampullid-scaled.jpg","width":2560,"height":2560},{"@type":"BreadcrumbList","@id":"https:\/\/shebeauty.ee\/toode\/k-time-matirya-over-force-intensive-hair-loss-prevention\/#breadcrumb","itemListElement":[{"@type":"ListItem","position":1,"name":"Home","item":"https:\/\/shebeauty.ee\/"},{"@type":"ListItem","position":2,"name":"Pood","item":"https:\/\/shebeauty.ee\/e-pood\/"},{"@type":"ListItem","position":3,"name":"K-Time Matirya Over Force Intensive Hair Loss Prevention"}]},{"@type":"WebSite","@id":"https:\/\/shebeauty.ee\/#website","url":"https:\/\/shebeauty.ee\/","name":"She Beauty Studio","description":"Juuksestuudio","publisher":{"@id":"https:\/\/shebeauty.ee\/#organization"},"potentialAction":[{"@type":"SearchAction","target":{"@type":"EntryPoint","urlTemplate":"https:\/\/shebeauty.ee\/?s={search_term_string}"},"query-input":{"@type":"PropertyValueSpecification","valueRequired":true,"valueName":"search_term_string"}}],"inLanguage":"en-US"},{"@type":"Organization","@id":"https:\/\/shebeauty.ee\/#organization","name":"She Beauty O\u00dc","url":"https:\/\/shebeauty.ee\/","logo":{"@type":"ImageObject","inLanguage":"en-US","@id":"https:\/\/shebeauty.ee\/#\/schema\/logo\/image\/","url":"https:\/\/shebeauty.ee\/wp-content\/uploads\/2023\/10\/IMG_0585.jpg","contentUrl":"https:\/\/shebeauty.ee\/wp-content\/uploads\/2023\/10\/IMG_0585.jpg","width":1284,"height":1300,"caption":"She Beauty O\u00dc"},"image":{"@id":"https:\/\/shebeauty.ee\/#\/schema\/logo\/image\/"}}]}},"_links":{"self":[{"href":"https:\/\/shebeauty.ee\/en\/wp-json\/wp\/v2\/product\/5787","targetHints":{"allow":["GET"]}}],"collection":[{"href":"https:\/\/shebeauty.ee\/en\/wp-json\/wp\/v2\/product"}],"about":[{"href":"https:\/\/shebeauty.ee\/en\/wp-json\/wp\/v2\/types\/product"}],"replies":[{"embeddable":true,"href":"https:\/\/shebeauty.ee\/en\/wp-json\/wp\/v2\/comments?post=5787"}],"wp:featuredmedia":[{"embeddable":true,"href":"https:\/\/shebeauty.ee\/en\/wp-json\/wp\/v2\/media\/5788"}],"wp:attachment":[{"href":"https:\/\/shebeauty.ee\/en\/wp-json\/wp\/v2\/media?parent=5787"}],"wp:term":[{"taxonomy":"product_brand","embeddable":true,"href":"https:\/\/shebeauty.ee\/en\/wp-json\/wp\/v2\/product_brand?post=5787"},{"taxonomy":"product_cat","embeddable":true,"href":"https:\/\/shebeauty.ee\/en\/wp-json\/wp\/v2\/product_cat?post=5787"},{"taxonomy":"product_tag","embeddable":true,"href":"https:\/\/shebeauty.ee\/en\/wp-json\/wp\/v2\/product_tag?post=5787"},{"taxonomy":"giftcard-category","embeddable":true,"href":"https:\/\/shebeauty.ee\/en\/wp-json\/wp\/v2\/giftcard-category?post=5787"}],"curies":[{"name":"wp","href":"https:\/\/api.w.org\/{rel}","templated":true}]}}