{"id":5624,"date":"2025-08-18T19:18:29","date_gmt":"2025-08-18T16:18:29","guid":{"rendered":"https:\/\/shebeauty.ee\/?post_type=product&#038;p=5624"},"modified":"2025-08-23T16:27:52","modified_gmt":"2025-08-23T13:27:52","slug":"k-time-somnia-essentialis-ornatoimeline-niisutav-mask","status":"publish","type":"product","link":"https:\/\/shebeauty.ee\/en\/product\/k-time-somnia-essentialis-ornatoimeline-niisutav-mask\/","title":{"rendered":"K-Time Somnia Essentialis Moisturising Mask"},"content":{"rendered":"<p data-start=\"477\" data-end=\"728\"><strong>K-Time Somnia Essentialis Moisturising Mask<\/strong> on \u00f5rn ja niisutav juuksemask, mis sobib k\u00f5ikidele juukset\u00fc\u00fcpidele. Rikastatud siidiproteiinide ja mooniekstraktiga, kaitseb juukseid keskkonnast tulenevate kahjustuste eest ning taastab juuste pehmuse, elastsuse ja loomuliku s\u00e4ra.<\/p>\n<p data-start=\"730\" data-end=\"926\">T\u00e4nu oma uuenduslikule tekstuurile moodustab toode juustele kaitsva kihi, mis aitab s\u00e4ilitada niiskust ning muudab juuksed siledamaks ja kergemini kammitavaks juba p\u00e4rast esimest kasutust.<\/p>\n<p class=\"p1\"><b style=\"font-style: inherit;\">Usage:<\/b><span style=\"font-size: 16px;\"> After washing hair thoroughly, apply a small amount of product to damp hair, from lengths to ends. Then comb your hair and let the product work for 5-10 minutes. Rinse thoroughly.<\/span><\/p>\n<p><strong>Ingredients:<br \/>\n<\/strong>AQUA (WATER), CETEARYL ALCOHOL, BEHENTRIMONIUM CHLORIDE, BEHENAMIDOPROPYL DIMETHYLAMINE, METHOXY PEG\/PPG-7\/3 AMINOPROPYL DIMETHICONE, HYDROLYZED SILK, PAPAVER RHOEAS PETAL EXTRACT, GLYCERIN, POLYQUATERNIUM-37, LACTIC ACID, CAPRYLIC\/CAPRIC TRIGLYCERIDE, GLYCERYL LAURATE, VERONICA OFFICINALIS EXTRACT, HELIANTHUS ANNUUS (SUNFLOWER) SEED OIL, PPG-1 TRIDECETH-6, MALTODEXTRIN, ISOPROPYL ALCOHOL, PROPYLENE GLYCOL DICAPRYLATE\/DICAPRATE, HYDROXYETHYLCELLULOSE, PARFUM (FRAGRANCE), ALPHA-ISOMETHYL IONONE, CITRONELLOL, HEXYL CINNAMAL, LINALOOL.<\/p>\n<p><strong>The list of ingredients could change. Always refer to the product packaging for the most up-to-date ingredient list.<\/strong><br \/>\n<strong>Koostisosade loetelu v\u00f5ib muutuda. K\u00f5ige ajakohasema koostisosade loetelu leiad alati toote pakendilt.<\/strong><\/p>\n<p class=\"p1\"><span class=\"s1\">Importer: Beauty Cosmetics O\u00dc, Kaupmehe 6, Tallinn <a href=\"https:\/\/shebeauty.ee\/en\/\"><span class=\"s2\">www.shebeauty.ee<\/span><\/a><\/span><\/p>\n<p class=\"p1\">","protected":false},"excerpt":{"rendered":"<p>(<em>200ml liitrihind: 120 \u20ac \/ l<\/em>)<br \/>\n(<em>500ml liitrihind: 58 \u20ac \/ l<\/em>)<br \/>\nKerge koostisega niisutav juuksemask. Rikastatud siidiproteiinide ja mooniekstraktiga \u2013 kaitseb, pehmendab ja annab juustele s\u00e4ra.<br \/>\nSobib kasutamiseks k\u00f5ikidele juukset\u00fc\u00fcpidele.<\/p>","protected":false},"featured_media":5625,"comment_status":"open","ping_status":"closed","template":"","meta":{"site-sidebar-layout":"default","site-content-layout":"","ast-site-content-layout":"default","site-content-style":"default","site-sidebar-style":"default","ast-global-header-display":"","ast-banner-title-visibility":"","ast-main-header-display":"","ast-hfb-above-header-display":"","ast-hfb-below-header-display":"","ast-hfb-mobile-header-display":"","site-post-title":"","ast-breadcrumbs-content":"","ast-featured-img":"","footer-sml-layout":"","ast-disable-related-posts":"","theme-transparent-header-meta":"default","adv-header-id-meta":"","stick-header-meta":"","header-above-stick-meta":"","header-main-stick-meta":"","header-below-stick-meta":"","astra-migrate-meta-layouts":"set","ast-page-background-enabled":"default","ast-page-background-meta":{"desktop":{"background-color":"var(--ast-global-color-4)","background-image":"","background-repeat":"repeat","background-position":"center center","background-size":"auto","background-attachment":"scroll","background-type":"","background-media":"","overlay-type":"","overlay-color":"","overlay-opacity":"","overlay-gradient":""},"tablet":{"background-color":"","background-image":"","background-repeat":"repeat","background-position":"center center","background-size":"auto","background-attachment":"scroll","background-type":"","background-media":"","overlay-type":"","overlay-color":"","overlay-opacity":"","overlay-gradient":""},"mobile":{"background-color":"","background-image":"","background-repeat":"repeat","background-position":"center center","background-size":"auto","background-attachment":"scroll","background-type":"","background-media":"","overlay-type":"","overlay-color":"","overlay-opacity":"","overlay-gradient":""}},"ast-content-background-meta":{"desktop":{"background-color":"var(--ast-global-color-5)","background-image":"","background-repeat":"repeat","background-position":"center center","background-size":"auto","background-attachment":"scroll","background-type":"","background-media":"","overlay-type":"","overlay-color":"","overlay-opacity":"","overlay-gradient":""},"tablet":{"background-color":"var(--ast-global-color-5)","background-image":"","background-repeat":"repeat","background-position":"center center","background-size":"auto","background-attachment":"scroll","background-type":"","background-media":"","overlay-type":"","overlay-color":"","overlay-opacity":"","overlay-gradient":""},"mobile":{"background-color":"var(--ast-global-color-5)","background-image":"","background-repeat":"repeat","background-position":"center center","background-size":"auto","background-attachment":"scroll","background-type":"","background-media":"","overlay-type":"","overlay-color":"","overlay-opacity":"","overlay-gradient":""}}},"product_brand":[],"product_cat":[20],"product_tag":[257,231,258,259,130],"giftcard-category":[],"class_list":{"0":"post-5624","1":"product","2":"type-product","3":"status-publish","4":"has-post-thumbnail","6":"product_cat-juuksehooldustooted-sampoon-palsam-mask","7":"product_tag-essentialis-sari","8":"product_tag-k-time-somnia","9":"product_tag-koikidele-juuksetuupidele","10":"product_tag-ornatoimeline-ja-kerge-koostisega","11":"product_tag-treatment","12":"desktop-align-center","13":"tablet-align-left","14":"mobile-align-left","16":"first","17":"instock","18":"taxable","19":"shipping-taxable","20":"purchasable","21":"product-type-variable"},"yoast_head":"<!-- This site is optimized with the Yoast SEO plugin v27.3 - https:\/\/yoast.com\/product\/yoast-seo-wordpress\/ -->\n<title>K-Time Somnia Essentialis Moisturising Mask - She Beauty Studio<\/title>\n<meta name=\"description\" content=\"\u00d5rn ja niisutav juuksehooldus, mis sobib k\u00f5ikidele juukset\u00fc\u00fcpidele. Rikastatud siidiproteiinide ja mooniekstraktiga. Kaitseb juukseid.\" \/>\n<meta name=\"robots\" content=\"index, follow, max-snippet:-1, max-image-preview:large, max-video-preview:-1\" \/>\n<link rel=\"canonical\" href=\"https:\/\/shebeauty.ee\/en\/product\/k-time-somnia-essentialis-ornatoimeline-niisutav-mask\/\" \/>\n<meta property=\"og:locale\" content=\"en_US\" \/>\n<meta property=\"og:type\" content=\"article\" \/>\n<meta property=\"og:title\" content=\"K-Time Somnia Essentialis Moisturising Mask - She Beauty Studio\" \/>\n<meta property=\"og:description\" content=\"\u00d5rn ja niisutav juuksehooldus, mis sobib k\u00f5ikidele juukset\u00fc\u00fcpidele. Rikastatud siidiproteiinide ja mooniekstraktiga. Kaitseb juukseid.\" \/>\n<meta property=\"og:url\" content=\"https:\/\/shebeauty.ee\/en\/product\/k-time-somnia-essentialis-ornatoimeline-niisutav-mask\/\" \/>\n<meta property=\"og:site_name\" content=\"She Beauty Studio\" \/>\n<meta property=\"article:modified_time\" content=\"2025-08-23T13:27:52+00:00\" \/>\n<meta property=\"og:image\" content=\"https:\/\/shebeauty.ee\/wp-content\/uploads\/2025\/08\/Essentials-mask-200ml-scaled.jpg\" \/>\n\t<meta property=\"og:image:width\" content=\"2560\" \/>\n\t<meta property=\"og:image:height\" content=\"2560\" \/>\n\t<meta property=\"og:image:type\" content=\"image\/jpeg\" \/>\n<meta name=\"twitter:card\" content=\"summary_large_image\" \/>\n<meta name=\"twitter:label1\" content=\"Est. reading time\" \/>\n\t<meta name=\"twitter:data1\" content=\"2 minutes\" \/>\n<script type=\"application\/ld+json\" class=\"yoast-schema-graph\">{\"@context\":\"https:\\\/\\\/schema.org\",\"@graph\":[{\"@type\":\"WebPage\",\"@id\":\"https:\\\/\\\/shebeauty.ee\\\/toode\\\/k-time-somnia-essentialis-ornatoimeline-niisutav-mask\\\/\",\"url\":\"https:\\\/\\\/shebeauty.ee\\\/toode\\\/k-time-somnia-essentialis-ornatoimeline-niisutav-mask\\\/\",\"name\":\"K-Time Somnia Essentialis Moisturising Mask - She Beauty Studio\",\"isPartOf\":{\"@id\":\"https:\\\/\\\/shebeauty.ee\\\/#website\"},\"primaryImageOfPage\":{\"@id\":\"https:\\\/\\\/shebeauty.ee\\\/toode\\\/k-time-somnia-essentialis-ornatoimeline-niisutav-mask\\\/#primaryimage\"},\"image\":{\"@id\":\"https:\\\/\\\/shebeauty.ee\\\/toode\\\/k-time-somnia-essentialis-ornatoimeline-niisutav-mask\\\/#primaryimage\"},\"thumbnailUrl\":\"https:\\\/\\\/shebeauty.ee\\\/wp-content\\\/uploads\\\/2025\\\/08\\\/Essentials-mask-200ml-scaled.jpg\",\"datePublished\":\"2025-08-18T16:18:29+00:00\",\"dateModified\":\"2025-08-23T13:27:52+00:00\",\"description\":\"\u00d5rn ja niisutav juuksehooldus, mis sobib k\u00f5ikidele juukset\u00fc\u00fcpidele. Rikastatud siidiproteiinide ja mooniekstraktiga. Kaitseb juukseid.\",\"breadcrumb\":{\"@id\":\"https:\\\/\\\/shebeauty.ee\\\/toode\\\/k-time-somnia-essentialis-ornatoimeline-niisutav-mask\\\/#breadcrumb\"},\"inLanguage\":\"en-US\",\"potentialAction\":[{\"@type\":\"ReadAction\",\"target\":[\"https:\\\/\\\/shebeauty.ee\\\/toode\\\/k-time-somnia-essentialis-ornatoimeline-niisutav-mask\\\/\"]}]},{\"@type\":\"ImageObject\",\"inLanguage\":\"en-US\",\"@id\":\"https:\\\/\\\/shebeauty.ee\\\/toode\\\/k-time-somnia-essentialis-ornatoimeline-niisutav-mask\\\/#primaryimage\",\"url\":\"https:\\\/\\\/shebeauty.ee\\\/wp-content\\\/uploads\\\/2025\\\/08\\\/Essentials-mask-200ml-scaled.jpg\",\"contentUrl\":\"https:\\\/\\\/shebeauty.ee\\\/wp-content\\\/uploads\\\/2025\\\/08\\\/Essentials-mask-200ml-scaled.jpg\",\"width\":2560,\"height\":2560},{\"@type\":\"BreadcrumbList\",\"@id\":\"https:\\\/\\\/shebeauty.ee\\\/toode\\\/k-time-somnia-essentialis-ornatoimeline-niisutav-mask\\\/#breadcrumb\",\"itemListElement\":[{\"@type\":\"ListItem\",\"position\":1,\"name\":\"Home\",\"item\":\"https:\\\/\\\/shebeauty.ee\\\/\"},{\"@type\":\"ListItem\",\"position\":2,\"name\":\"Pood\",\"item\":\"https:\\\/\\\/shebeauty.ee\\\/e-pood\\\/\"},{\"@type\":\"ListItem\",\"position\":3,\"name\":\"K-Time Somnia Essentialis Moisturising Mask\"}]},{\"@type\":\"WebSite\",\"@id\":\"https:\\\/\\\/shebeauty.ee\\\/#website\",\"url\":\"https:\\\/\\\/shebeauty.ee\\\/\",\"name\":\"She Beauty Studio\",\"description\":\"Juuksestuudio\",\"publisher\":{\"@id\":\"https:\\\/\\\/shebeauty.ee\\\/#organization\"},\"potentialAction\":[{\"@type\":\"SearchAction\",\"target\":{\"@type\":\"EntryPoint\",\"urlTemplate\":\"https:\\\/\\\/shebeauty.ee\\\/?s={search_term_string}\"},\"query-input\":{\"@type\":\"PropertyValueSpecification\",\"valueRequired\":true,\"valueName\":\"search_term_string\"}}],\"inLanguage\":\"en-US\"},{\"@type\":\"Organization\",\"@id\":\"https:\\\/\\\/shebeauty.ee\\\/#organization\",\"name\":\"She Beauty O\u00dc\",\"url\":\"https:\\\/\\\/shebeauty.ee\\\/\",\"logo\":{\"@type\":\"ImageObject\",\"inLanguage\":\"en-US\",\"@id\":\"https:\\\/\\\/shebeauty.ee\\\/#\\\/schema\\\/logo\\\/image\\\/\",\"url\":\"https:\\\/\\\/shebeauty.ee\\\/wp-content\\\/uploads\\\/2023\\\/10\\\/IMG_0585.jpg\",\"contentUrl\":\"https:\\\/\\\/shebeauty.ee\\\/wp-content\\\/uploads\\\/2023\\\/10\\\/IMG_0585.jpg\",\"width\":1284,\"height\":1300,\"caption\":\"She Beauty O\u00dc\"},\"image\":{\"@id\":\"https:\\\/\\\/shebeauty.ee\\\/#\\\/schema\\\/logo\\\/image\\\/\"}}]}<\/script>\n<!-- \/ Yoast SEO plugin. -->","yoast_head_json":{"title":"K-Time Somnia Essentialis Moisturising Mask - She Beauty Studio","description":"\u00d5rn ja niisutav juuksehooldus, mis sobib k\u00f5ikidele juukset\u00fc\u00fcpidele. Rikastatud siidiproteiinide ja mooniekstraktiga. Kaitseb juukseid.","robots":{"index":"index","follow":"follow","max-snippet":"max-snippet:-1","max-image-preview":"max-image-preview:large","max-video-preview":"max-video-preview:-1"},"canonical":"https:\/\/shebeauty.ee\/en\/product\/k-time-somnia-essentialis-ornatoimeline-niisutav-mask\/","og_locale":"en_US","og_type":"article","og_title":"K-Time Somnia Essentialis Moisturising Mask - She Beauty Studio","og_description":"\u00d5rn ja niisutav juuksehooldus, mis sobib k\u00f5ikidele juukset\u00fc\u00fcpidele. Rikastatud siidiproteiinide ja mooniekstraktiga. Kaitseb juukseid.","og_url":"https:\/\/shebeauty.ee\/en\/product\/k-time-somnia-essentialis-ornatoimeline-niisutav-mask\/","og_site_name":"She Beauty Studio","article_modified_time":"2025-08-23T13:27:52+00:00","og_image":[{"width":2560,"height":2560,"url":"https:\/\/shebeauty.ee\/wp-content\/uploads\/2025\/08\/Essentials-mask-200ml-scaled.jpg","type":"image\/jpeg"}],"twitter_card":"summary_large_image","twitter_misc":{"Est. reading time":"2 minutes"},"schema":{"@context":"https:\/\/schema.org","@graph":[{"@type":"WebPage","@id":"https:\/\/shebeauty.ee\/toode\/k-time-somnia-essentialis-ornatoimeline-niisutav-mask\/","url":"https:\/\/shebeauty.ee\/toode\/k-time-somnia-essentialis-ornatoimeline-niisutav-mask\/","name":"K-Time Somnia Essentialis Moisturising Mask - She Beauty Studio","isPartOf":{"@id":"https:\/\/shebeauty.ee\/#website"},"primaryImageOfPage":{"@id":"https:\/\/shebeauty.ee\/toode\/k-time-somnia-essentialis-ornatoimeline-niisutav-mask\/#primaryimage"},"image":{"@id":"https:\/\/shebeauty.ee\/toode\/k-time-somnia-essentialis-ornatoimeline-niisutav-mask\/#primaryimage"},"thumbnailUrl":"https:\/\/shebeauty.ee\/wp-content\/uploads\/2025\/08\/Essentials-mask-200ml-scaled.jpg","datePublished":"2025-08-18T16:18:29+00:00","dateModified":"2025-08-23T13:27:52+00:00","description":"\u00d5rn ja niisutav juuksehooldus, mis sobib k\u00f5ikidele juukset\u00fc\u00fcpidele. Rikastatud siidiproteiinide ja mooniekstraktiga. Kaitseb juukseid.","breadcrumb":{"@id":"https:\/\/shebeauty.ee\/toode\/k-time-somnia-essentialis-ornatoimeline-niisutav-mask\/#breadcrumb"},"inLanguage":"en-US","potentialAction":[{"@type":"ReadAction","target":["https:\/\/shebeauty.ee\/toode\/k-time-somnia-essentialis-ornatoimeline-niisutav-mask\/"]}]},{"@type":"ImageObject","inLanguage":"en-US","@id":"https:\/\/shebeauty.ee\/toode\/k-time-somnia-essentialis-ornatoimeline-niisutav-mask\/#primaryimage","url":"https:\/\/shebeauty.ee\/wp-content\/uploads\/2025\/08\/Essentials-mask-200ml-scaled.jpg","contentUrl":"https:\/\/shebeauty.ee\/wp-content\/uploads\/2025\/08\/Essentials-mask-200ml-scaled.jpg","width":2560,"height":2560},{"@type":"BreadcrumbList","@id":"https:\/\/shebeauty.ee\/toode\/k-time-somnia-essentialis-ornatoimeline-niisutav-mask\/#breadcrumb","itemListElement":[{"@type":"ListItem","position":1,"name":"Home","item":"https:\/\/shebeauty.ee\/"},{"@type":"ListItem","position":2,"name":"Pood","item":"https:\/\/shebeauty.ee\/e-pood\/"},{"@type":"ListItem","position":3,"name":"K-Time Somnia Essentialis Moisturising Mask"}]},{"@type":"WebSite","@id":"https:\/\/shebeauty.ee\/#website","url":"https:\/\/shebeauty.ee\/","name":"She Beauty Studio","description":"Juuksestuudio","publisher":{"@id":"https:\/\/shebeauty.ee\/#organization"},"potentialAction":[{"@type":"SearchAction","target":{"@type":"EntryPoint","urlTemplate":"https:\/\/shebeauty.ee\/?s={search_term_string}"},"query-input":{"@type":"PropertyValueSpecification","valueRequired":true,"valueName":"search_term_string"}}],"inLanguage":"en-US"},{"@type":"Organization","@id":"https:\/\/shebeauty.ee\/#organization","name":"She Beauty O\u00dc","url":"https:\/\/shebeauty.ee\/","logo":{"@type":"ImageObject","inLanguage":"en-US","@id":"https:\/\/shebeauty.ee\/#\/schema\/logo\/image\/","url":"https:\/\/shebeauty.ee\/wp-content\/uploads\/2023\/10\/IMG_0585.jpg","contentUrl":"https:\/\/shebeauty.ee\/wp-content\/uploads\/2023\/10\/IMG_0585.jpg","width":1284,"height":1300,"caption":"She Beauty O\u00dc"},"image":{"@id":"https:\/\/shebeauty.ee\/#\/schema\/logo\/image\/"}}]}},"_links":{"self":[{"href":"https:\/\/shebeauty.ee\/en\/wp-json\/wp\/v2\/product\/5624","targetHints":{"allow":["GET"]}}],"collection":[{"href":"https:\/\/shebeauty.ee\/en\/wp-json\/wp\/v2\/product"}],"about":[{"href":"https:\/\/shebeauty.ee\/en\/wp-json\/wp\/v2\/types\/product"}],"replies":[{"embeddable":true,"href":"https:\/\/shebeauty.ee\/en\/wp-json\/wp\/v2\/comments?post=5624"}],"wp:featuredmedia":[{"embeddable":true,"href":"https:\/\/shebeauty.ee\/en\/wp-json\/wp\/v2\/media\/5625"}],"wp:attachment":[{"href":"https:\/\/shebeauty.ee\/en\/wp-json\/wp\/v2\/media?parent=5624"}],"wp:term":[{"taxonomy":"product_brand","embeddable":true,"href":"https:\/\/shebeauty.ee\/en\/wp-json\/wp\/v2\/product_brand?post=5624"},{"taxonomy":"product_cat","embeddable":true,"href":"https:\/\/shebeauty.ee\/en\/wp-json\/wp\/v2\/product_cat?post=5624"},{"taxonomy":"product_tag","embeddable":true,"href":"https:\/\/shebeauty.ee\/en\/wp-json\/wp\/v2\/product_tag?post=5624"},{"taxonomy":"giftcard-category","embeddable":true,"href":"https:\/\/shebeauty.ee\/en\/wp-json\/wp\/v2\/giftcard-category?post=5624"}],"curies":[{"name":"wp","href":"https:\/\/api.w.org\/{rel}","templated":true}]}}