{"id":5601,"date":"2025-08-17T19:12:34","date_gmt":"2025-08-17T16:12:34","guid":{"rendered":"https:\/\/shebeauty.ee\/?post_type=product&#038;p=5601"},"modified":"2025-08-23T16:38:23","modified_gmt":"2025-08-23T13:38:23","slug":"k-time-somnia-avant-curl-mask","status":"publish","type":"product","link":"https:\/\/shebeauty.ee\/en\/product\/k-time-somnia-avant-curl-mask\/","title":{"rendered":"K-Time Somnia Avant Curl Mask"},"content":{"rendered":"<p class=\"p1\"><span class=\"s1\"><strong>K-Time Somnia Avant Curl High Definition<\/strong> juuksemask on m\u00f5eldud lokkis ja kr\u00e4sustele juustele. Rikastatud aaloe vera ekstrakti ja musts\u00f5stra\u00f5liga. Puhastab toode \u00f5rnalt juuksed, ilma neid raskeks tegemata. Muutes juukse siledaks ja kergemini t\u00f6\u00f6deldavaks. <\/span><span class=\"s1\">Aloe Vera deeply nourishes the hair shaft, restoring hair structure and shine. <\/span><span class=\"s1\">Blackcurrant is rich in essential fatty acids, its softening effect leaves the hair perfectly soft.<\/span><\/p>\n<p class=\"p1\"><strong data-start=\"619\" data-end=\"634\">Usage:<\/strong><br data-start=\"634\" data-end=\"637\" \/>P\u00e4rast \u0161ampooniga pesu kanna v\u00e4ike kogus toodet niisketesse juustesse, juuksepikkusest kuni otsteni. Kammige juuksed l\u00e4bi ja laske m\u00f5juda 5\u201310 minutit. Loputa hoolikalt.<\/p>\n<p><strong>Ingredients:<\/strong><br \/>\nAQUA (WATER), CETEARYL ALCOHOL, BEHENTRIMONIUM CHLORIDE, BIS-AMINOPROPYL DIMETHICONE, RIBES NIGRUM (BLACK CURRANT) SEED OIL, ALOE BARBADENSIS LEAF EXTRACT, POLYQUATERNIUM-47, POLYQUATERNIUM-37, CAPRYLIC\/CAPRIC TRIGLYCERIDE, ISOPROPYL ALCOHOL, PROPYLENE GLYCOL DICAPRYLATE\/DICAPRATE, PPG-1 TRIDECETH-6, HYDROXYETHYLCELLULOSE, LACTIC ACID, PARFUM (FRAGRANCE), HEXYL CINNAMAL.<\/p>\n<p><strong>The list of ingredients could change. Always refer to the product packaging for the most up-to-date ingredient list.<\/strong><br \/>\n<strong>Koostisosade loetelu v\u00f5ib muutuda. K\u00f5ige ajakohasema koostisosade loetelu leiad alati toote pakendilt.<\/strong><\/p>\n<p class=\"p1\"><span class=\"s1\">Importer: Beauty Cosmetics O\u00dc, Kaupmehe 6, Tallinn <a href=\"https:\/\/shebeauty.ee\/en\/\"><span class=\"s2\">www.shebeauty.ee<\/span><\/a><\/span><\/p>\n<p class=\"p1\">","protected":false},"excerpt":{"rendered":"<p><span style=\"font-size: 16px;\" data-start=\"188\" data-end=\"298\">(<em>200ml liitrihind: 120\u20ac \/ l<\/em>)<br \/>\n(<em>500ml liitrihind: 58\u20ac \/ l<\/em>)<br \/>\nJ<\/span>uuksemask lokkis juustele, mis aitab neutraliseerida staatilisi elektrilaenguid ning taltsutada kahusust. Mask kaitseb ja toidab juukseid, j\u00e4ttes need kerged ja kerge tekstuuriga, ilma raskust tekitamata. Annab lokkidele intensiivse s\u00e4ra ning aitab saavutada t\u00e4iusliku definitsiooni siledatele, eluj\u00f5ulistele ja vol\u00fc\u00fcmikatele lokkidele.<\/p>\n<p data-start=\"541\" data-end=\"620\">Sobib ideaalselt lokkide kontrollimiseks ja nende loomuliku ilu esiletoomiseks.<\/p>","protected":false},"featured_media":5606,"comment_status":"open","ping_status":"closed","template":"","meta":{"site-sidebar-layout":"default","site-content-layout":"","ast-site-content-layout":"default","site-content-style":"default","site-sidebar-style":"default","ast-global-header-display":"","ast-banner-title-visibility":"","ast-main-header-display":"","ast-hfb-above-header-display":"","ast-hfb-below-header-display":"","ast-hfb-mobile-header-display":"","site-post-title":"","ast-breadcrumbs-content":"","ast-featured-img":"","footer-sml-layout":"","ast-disable-related-posts":"","theme-transparent-header-meta":"default","adv-header-id-meta":"","stick-header-meta":"","header-above-stick-meta":"","header-main-stick-meta":"","header-below-stick-meta":"","astra-migrate-meta-layouts":"set","ast-page-background-enabled":"default","ast-page-background-meta":{"desktop":{"background-color":"var(--ast-global-color-4)","background-image":"","background-repeat":"repeat","background-position":"center center","background-size":"auto","background-attachment":"scroll","background-type":"","background-media":"","overlay-type":"","overlay-color":"","overlay-opacity":"","overlay-gradient":""},"tablet":{"background-color":"","background-image":"","background-repeat":"repeat","background-position":"center center","background-size":"auto","background-attachment":"scroll","background-type":"","background-media":"","overlay-type":"","overlay-color":"","overlay-opacity":"","overlay-gradient":""},"mobile":{"background-color":"","background-image":"","background-repeat":"repeat","background-position":"center center","background-size":"auto","background-attachment":"scroll","background-type":"","background-media":"","overlay-type":"","overlay-color":"","overlay-opacity":"","overlay-gradient":""}},"ast-content-background-meta":{"desktop":{"background-color":"var(--ast-global-color-5)","background-image":"","background-repeat":"repeat","background-position":"center center","background-size":"auto","background-attachment":"scroll","background-type":"","background-media":"","overlay-type":"","overlay-color":"","overlay-opacity":"","overlay-gradient":""},"tablet":{"background-color":"var(--ast-global-color-5)","background-image":"","background-repeat":"repeat","background-position":"center center","background-size":"auto","background-attachment":"scroll","background-type":"","background-media":"","overlay-type":"","overlay-color":"","overlay-opacity":"","overlay-gradient":""},"mobile":{"background-color":"var(--ast-global-color-5)","background-image":"","background-repeat":"repeat","background-position":"center center","background-size":"auto","background-attachment":"scroll","background-type":"","background-media":"","overlay-type":"","overlay-color":"","overlay-opacity":"","overlay-gradient":""}}},"product_brand":[],"product_cat":[20],"product_tag":[262,260,231,139,261],"giftcard-category":[],"class_list":{"0":"post-5601","1":"product","2":"type-product","3":"status-publish","4":"has-post-thumbnail","6":"product_cat-juuksehooldustooted-sampoon-palsam-mask","7":"product_tag-aaloe-vera-ekstrakt","8":"product_tag-avant-curl-sari","9":"product_tag-k-time-somnia","10":"product_tag-lokisari","11":"product_tag-lokkis-juuksed","12":"desktop-align-center","13":"tablet-align-left","14":"mobile-align-left","16":"first","17":"instock","18":"taxable","19":"shipping-taxable","20":"purchasable","21":"product-type-variable"},"yoast_head":"<!-- This site is optimized with the Yoast SEO plugin v27.3 - https:\/\/yoast.com\/product\/yoast-seo-wordpress\/ -->\n<title>K-Time Somnia Avant Curl Mask - She Beauty Studio<\/title>\n<meta name=\"description\" content=\"Avant Curl High Definition mask on m\u00f5eldud lokkis ja kr\u00e4sustele juustele. Rikastatud aaloe vera ekstrakti ja musts\u00f5stra\u00f5liga.\" \/>\n<meta name=\"robots\" content=\"index, follow, max-snippet:-1, max-image-preview:large, max-video-preview:-1\" \/>\n<link rel=\"canonical\" href=\"https:\/\/shebeauty.ee\/en\/product\/k-time-somnia-avant-curl-mask\/\" \/>\n<meta property=\"og:locale\" content=\"en_US\" \/>\n<meta property=\"og:type\" content=\"article\" \/>\n<meta property=\"og:title\" content=\"K-Time Somnia Avant Curl Mask - She Beauty Studio\" \/>\n<meta property=\"og:description\" content=\"Avant Curl High Definition mask on m\u00f5eldud lokkis ja kr\u00e4sustele juustele. Rikastatud aaloe vera ekstrakti ja musts\u00f5stra\u00f5liga.\" \/>\n<meta property=\"og:url\" content=\"https:\/\/shebeauty.ee\/en\/product\/k-time-somnia-avant-curl-mask\/\" \/>\n<meta property=\"og:site_name\" content=\"She Beauty Studio\" \/>\n<meta property=\"article:modified_time\" content=\"2025-08-23T13:38:23+00:00\" \/>\n<meta property=\"og:image\" content=\"https:\/\/shebeauty.ee\/wp-content\/uploads\/2025\/08\/Somnia-Avant-Curl-treatment-500ml-3-scaled.jpg\" \/>\n\t<meta property=\"og:image:width\" content=\"2560\" \/>\n\t<meta property=\"og:image:height\" content=\"2560\" \/>\n\t<meta property=\"og:image:type\" content=\"image\/jpeg\" \/>\n<meta name=\"twitter:card\" content=\"summary_large_image\" \/>\n<meta name=\"twitter:label1\" content=\"Est. reading time\" \/>\n\t<meta name=\"twitter:data1\" content=\"2 minutes\" \/>\n<script type=\"application\/ld+json\" class=\"yoast-schema-graph\">{\"@context\":\"https:\\\/\\\/schema.org\",\"@graph\":[{\"@type\":\"WebPage\",\"@id\":\"https:\\\/\\\/shebeauty.ee\\\/toode\\\/k-time-somnia-avant-curl-mask\\\/\",\"url\":\"https:\\\/\\\/shebeauty.ee\\\/toode\\\/k-time-somnia-avant-curl-mask\\\/\",\"name\":\"K-Time Somnia Avant Curl Mask - She Beauty Studio\",\"isPartOf\":{\"@id\":\"https:\\\/\\\/shebeauty.ee\\\/#website\"},\"primaryImageOfPage\":{\"@id\":\"https:\\\/\\\/shebeauty.ee\\\/toode\\\/k-time-somnia-avant-curl-mask\\\/#primaryimage\"},\"image\":{\"@id\":\"https:\\\/\\\/shebeauty.ee\\\/toode\\\/k-time-somnia-avant-curl-mask\\\/#primaryimage\"},\"thumbnailUrl\":\"https:\\\/\\\/shebeauty.ee\\\/wp-content\\\/uploads\\\/2025\\\/08\\\/Somnia-Avant-Curl-treatment-500ml-3-scaled.jpg\",\"datePublished\":\"2025-08-17T16:12:34+00:00\",\"dateModified\":\"2025-08-23T13:38:23+00:00\",\"description\":\"Avant Curl High Definition mask on m\u00f5eldud lokkis ja kr\u00e4sustele juustele. Rikastatud aaloe vera ekstrakti ja musts\u00f5stra\u00f5liga.\",\"breadcrumb\":{\"@id\":\"https:\\\/\\\/shebeauty.ee\\\/toode\\\/k-time-somnia-avant-curl-mask\\\/#breadcrumb\"},\"inLanguage\":\"en-US\",\"potentialAction\":[{\"@type\":\"ReadAction\",\"target\":[\"https:\\\/\\\/shebeauty.ee\\\/toode\\\/k-time-somnia-avant-curl-mask\\\/\"]}]},{\"@type\":\"ImageObject\",\"inLanguage\":\"en-US\",\"@id\":\"https:\\\/\\\/shebeauty.ee\\\/toode\\\/k-time-somnia-avant-curl-mask\\\/#primaryimage\",\"url\":\"https:\\\/\\\/shebeauty.ee\\\/wp-content\\\/uploads\\\/2025\\\/08\\\/Somnia-Avant-Curl-treatment-500ml-3-scaled.jpg\",\"contentUrl\":\"https:\\\/\\\/shebeauty.ee\\\/wp-content\\\/uploads\\\/2025\\\/08\\\/Somnia-Avant-Curl-treatment-500ml-3-scaled.jpg\",\"width\":2560,\"height\":2560},{\"@type\":\"BreadcrumbList\",\"@id\":\"https:\\\/\\\/shebeauty.ee\\\/toode\\\/k-time-somnia-avant-curl-mask\\\/#breadcrumb\",\"itemListElement\":[{\"@type\":\"ListItem\",\"position\":1,\"name\":\"Home\",\"item\":\"https:\\\/\\\/shebeauty.ee\\\/\"},{\"@type\":\"ListItem\",\"position\":2,\"name\":\"Pood\",\"item\":\"https:\\\/\\\/shebeauty.ee\\\/e-pood\\\/\"},{\"@type\":\"ListItem\",\"position\":3,\"name\":\"K-Time Somnia Avant Curl Mask\"}]},{\"@type\":\"WebSite\",\"@id\":\"https:\\\/\\\/shebeauty.ee\\\/#website\",\"url\":\"https:\\\/\\\/shebeauty.ee\\\/\",\"name\":\"She Beauty Studio\",\"description\":\"Juuksestuudio\",\"publisher\":{\"@id\":\"https:\\\/\\\/shebeauty.ee\\\/#organization\"},\"potentialAction\":[{\"@type\":\"SearchAction\",\"target\":{\"@type\":\"EntryPoint\",\"urlTemplate\":\"https:\\\/\\\/shebeauty.ee\\\/?s={search_term_string}\"},\"query-input\":{\"@type\":\"PropertyValueSpecification\",\"valueRequired\":true,\"valueName\":\"search_term_string\"}}],\"inLanguage\":\"en-US\"},{\"@type\":\"Organization\",\"@id\":\"https:\\\/\\\/shebeauty.ee\\\/#organization\",\"name\":\"She Beauty O\u00dc\",\"url\":\"https:\\\/\\\/shebeauty.ee\\\/\",\"logo\":{\"@type\":\"ImageObject\",\"inLanguage\":\"en-US\",\"@id\":\"https:\\\/\\\/shebeauty.ee\\\/#\\\/schema\\\/logo\\\/image\\\/\",\"url\":\"https:\\\/\\\/shebeauty.ee\\\/wp-content\\\/uploads\\\/2023\\\/10\\\/IMG_0585.jpg\",\"contentUrl\":\"https:\\\/\\\/shebeauty.ee\\\/wp-content\\\/uploads\\\/2023\\\/10\\\/IMG_0585.jpg\",\"width\":1284,\"height\":1300,\"caption\":\"She Beauty O\u00dc\"},\"image\":{\"@id\":\"https:\\\/\\\/shebeauty.ee\\\/#\\\/schema\\\/logo\\\/image\\\/\"}}]}<\/script>\n<!-- \/ Yoast SEO plugin. -->","yoast_head_json":{"title":"K-Time Somnia Avant Curl Mask - She Beauty Studio","description":"Avant Curl High Definition mask on m\u00f5eldud lokkis ja kr\u00e4sustele juustele. Rikastatud aaloe vera ekstrakti ja musts\u00f5stra\u00f5liga.","robots":{"index":"index","follow":"follow","max-snippet":"max-snippet:-1","max-image-preview":"max-image-preview:large","max-video-preview":"max-video-preview:-1"},"canonical":"https:\/\/shebeauty.ee\/en\/product\/k-time-somnia-avant-curl-mask\/","og_locale":"en_US","og_type":"article","og_title":"K-Time Somnia Avant Curl Mask - She Beauty Studio","og_description":"Avant Curl High Definition mask on m\u00f5eldud lokkis ja kr\u00e4sustele juustele. Rikastatud aaloe vera ekstrakti ja musts\u00f5stra\u00f5liga.","og_url":"https:\/\/shebeauty.ee\/en\/product\/k-time-somnia-avant-curl-mask\/","og_site_name":"She Beauty Studio","article_modified_time":"2025-08-23T13:38:23+00:00","og_image":[{"width":2560,"height":2560,"url":"https:\/\/shebeauty.ee\/wp-content\/uploads\/2025\/08\/Somnia-Avant-Curl-treatment-500ml-3-scaled.jpg","type":"image\/jpeg"}],"twitter_card":"summary_large_image","twitter_misc":{"Est. reading time":"2 minutes"},"schema":{"@context":"https:\/\/schema.org","@graph":[{"@type":"WebPage","@id":"https:\/\/shebeauty.ee\/toode\/k-time-somnia-avant-curl-mask\/","url":"https:\/\/shebeauty.ee\/toode\/k-time-somnia-avant-curl-mask\/","name":"K-Time Somnia Avant Curl Mask - She Beauty Studio","isPartOf":{"@id":"https:\/\/shebeauty.ee\/#website"},"primaryImageOfPage":{"@id":"https:\/\/shebeauty.ee\/toode\/k-time-somnia-avant-curl-mask\/#primaryimage"},"image":{"@id":"https:\/\/shebeauty.ee\/toode\/k-time-somnia-avant-curl-mask\/#primaryimage"},"thumbnailUrl":"https:\/\/shebeauty.ee\/wp-content\/uploads\/2025\/08\/Somnia-Avant-Curl-treatment-500ml-3-scaled.jpg","datePublished":"2025-08-17T16:12:34+00:00","dateModified":"2025-08-23T13:38:23+00:00","description":"Avant Curl High Definition mask on m\u00f5eldud lokkis ja kr\u00e4sustele juustele. Rikastatud aaloe vera ekstrakti ja musts\u00f5stra\u00f5liga.","breadcrumb":{"@id":"https:\/\/shebeauty.ee\/toode\/k-time-somnia-avant-curl-mask\/#breadcrumb"},"inLanguage":"en-US","potentialAction":[{"@type":"ReadAction","target":["https:\/\/shebeauty.ee\/toode\/k-time-somnia-avant-curl-mask\/"]}]},{"@type":"ImageObject","inLanguage":"en-US","@id":"https:\/\/shebeauty.ee\/toode\/k-time-somnia-avant-curl-mask\/#primaryimage","url":"https:\/\/shebeauty.ee\/wp-content\/uploads\/2025\/08\/Somnia-Avant-Curl-treatment-500ml-3-scaled.jpg","contentUrl":"https:\/\/shebeauty.ee\/wp-content\/uploads\/2025\/08\/Somnia-Avant-Curl-treatment-500ml-3-scaled.jpg","width":2560,"height":2560},{"@type":"BreadcrumbList","@id":"https:\/\/shebeauty.ee\/toode\/k-time-somnia-avant-curl-mask\/#breadcrumb","itemListElement":[{"@type":"ListItem","position":1,"name":"Home","item":"https:\/\/shebeauty.ee\/"},{"@type":"ListItem","position":2,"name":"Pood","item":"https:\/\/shebeauty.ee\/e-pood\/"},{"@type":"ListItem","position":3,"name":"K-Time Somnia Avant Curl Mask"}]},{"@type":"WebSite","@id":"https:\/\/shebeauty.ee\/#website","url":"https:\/\/shebeauty.ee\/","name":"She Beauty Studio","description":"Juuksestuudio","publisher":{"@id":"https:\/\/shebeauty.ee\/#organization"},"potentialAction":[{"@type":"SearchAction","target":{"@type":"EntryPoint","urlTemplate":"https:\/\/shebeauty.ee\/?s={search_term_string}"},"query-input":{"@type":"PropertyValueSpecification","valueRequired":true,"valueName":"search_term_string"}}],"inLanguage":"en-US"},{"@type":"Organization","@id":"https:\/\/shebeauty.ee\/#organization","name":"She Beauty O\u00dc","url":"https:\/\/shebeauty.ee\/","logo":{"@type":"ImageObject","inLanguage":"en-US","@id":"https:\/\/shebeauty.ee\/#\/schema\/logo\/image\/","url":"https:\/\/shebeauty.ee\/wp-content\/uploads\/2023\/10\/IMG_0585.jpg","contentUrl":"https:\/\/shebeauty.ee\/wp-content\/uploads\/2023\/10\/IMG_0585.jpg","width":1284,"height":1300,"caption":"She Beauty O\u00dc"},"image":{"@id":"https:\/\/shebeauty.ee\/#\/schema\/logo\/image\/"}}]}},"_links":{"self":[{"href":"https:\/\/shebeauty.ee\/en\/wp-json\/wp\/v2\/product\/5601","targetHints":{"allow":["GET"]}}],"collection":[{"href":"https:\/\/shebeauty.ee\/en\/wp-json\/wp\/v2\/product"}],"about":[{"href":"https:\/\/shebeauty.ee\/en\/wp-json\/wp\/v2\/types\/product"}],"replies":[{"embeddable":true,"href":"https:\/\/shebeauty.ee\/en\/wp-json\/wp\/v2\/comments?post=5601"}],"wp:featuredmedia":[{"embeddable":true,"href":"https:\/\/shebeauty.ee\/en\/wp-json\/wp\/v2\/media\/5606"}],"wp:attachment":[{"href":"https:\/\/shebeauty.ee\/en\/wp-json\/wp\/v2\/media?parent=5601"}],"wp:term":[{"taxonomy":"product_brand","embeddable":true,"href":"https:\/\/shebeauty.ee\/en\/wp-json\/wp\/v2\/product_brand?post=5601"},{"taxonomy":"product_cat","embeddable":true,"href":"https:\/\/shebeauty.ee\/en\/wp-json\/wp\/v2\/product_cat?post=5601"},{"taxonomy":"product_tag","embeddable":true,"href":"https:\/\/shebeauty.ee\/en\/wp-json\/wp\/v2\/product_tag?post=5601"},{"taxonomy":"giftcard-category","embeddable":true,"href":"https:\/\/shebeauty.ee\/en\/wp-json\/wp\/v2\/giftcard-category?post=5601"}],"curies":[{"name":"wp","href":"https:\/\/api.w.org\/{rel}","templated":true}]}}