{"id":4721,"date":"2025-03-05T13:45:40","date_gmt":"2025-03-05T11:45:40","guid":{"rendered":"https:\/\/shebeauty.ee\/?post_type=product&#038;p=4721"},"modified":"2025-12-14T03:22:13","modified_gmt":"2025-12-14T01:22:13","slug":"k-time-somnia-color-code-tooniv-juuksevaht-300ml","status":"publish","type":"product","link":"https:\/\/shebeauty.ee\/en\/product\/k-time-somnia-color-code-tooniv-juuksevaht-300ml\/","title":{"rendered":"K-Time Somnia Silver Color Code Anti-Yellow Mousse 300ml"},"content":{"rendered":"<p data-start=\"266\" data-end=\"551\"><strong>K-Time Somnia Silver Color Code Anti-Yellow juuksevaht<\/strong> on spetsiaalselt loodud valgete, hallide ja pleegitatud juuste kaitsmiseks ja toonimiseks. See \u00f5huline, kerge vaht neutraliseerib soovimatud kollakad alatoonid t\u00e4nu lilladele pigmentidele, tuues esile puhta jaheda tooni ning intensiivistades juuksev\u00e4rvi s\u00e4ra.<\/p>\n<p data-start=\"553\" data-end=\"713\">Lisaks toonimisele kaitseb vaht juukseid keskkonnam\u00f5jude, UV-kiirte ning keemiliste ja kuumt\u00f6\u00f6tluste eest, aidates s\u00e4ilitada juuste eluj\u00f5u ja siidise tekstuuri.<\/p>\n<p><strong>T\u00e4helepanu<\/strong> &#8211; soovitav on kanda kaitsekindaid, sest lilla pigment v\u00f5ib m\u00e4\u00e4rida k\u00e4si v\u00f5i riideid.<\/p>\n<p><strong>Ingredients:<br \/>\n<\/strong><span style=\"font-size: 16px;\">AQUA (WATER), CETEARYL ALCOHOL, BUTANE, CETRIMONIUM CHLORIDE, ISOBUTANE, PROPANE, CETEARETH-25, AMODIMETHICONE, PARFUM (FRAGRANCE), ACID VIOLET 43 (EXT. D&amp;C VIOLET NO.2), GLYCERIN, DECYL GLUCOSIDE, GUAR HYDROXYPROPYLTRIMONIUM CHLORIDE, TRIDECETH-12, PROPYLENE GLYCOL, BHT, CITRIC ACID, OCTYLDODECANOL, HELIANTHUS ANNUUS (SUNFLOWER) SEED EXTRACT, TOCOPHERYL ACETATE, HYDROGENATED COCO-GLYCERIDES, PHENOXYETHANOL, METHYLPARABEN, ETHYLPARABEN.<\/span><\/p>\n<p><strong>The list of ingredients could change. Always refer to the product packaging for the most up-to-date ingredient list.<\/strong><br \/>\n<strong>Koostisosade loetelu v\u00f5ib muutuda. K\u00f5ige ajakohasema koostisosade loetelu leiad alati toote pakendilt.<\/strong><\/p>\n<p class=\"p1\"><span class=\"s1\">Importer: Beauty Cosmetics O\u00dc, Kaupmehe 6, Tallinn <a href=\"https:\/\/shebeauty.ee\/en\/\"><span class=\"s2\">www.shebeauty.ee<\/span><\/a><\/span><\/p>","protected":false},"excerpt":{"rendered":"<p data-start=\"215\" data-end=\"456\">(<em>Liitrihind: 96,67 \u20ac \/ l<\/em>)<br \/>\nKergelt tooniv h\u00f5bevaht kollasuse vastu. Kaitseb jahedat tooni ja lisab s\u00e4ra \u2013 ei vaja loputamist.<\/p>","protected":false},"featured_media":5639,"comment_status":"open","ping_status":"closed","template":"","meta":{"site-sidebar-layout":"default","site-content-layout":"","ast-site-content-layout":"default","site-content-style":"default","site-sidebar-style":"default","ast-global-header-display":"","ast-banner-title-visibility":"","ast-main-header-display":"","ast-hfb-above-header-display":"","ast-hfb-below-header-display":"","ast-hfb-mobile-header-display":"","site-post-title":"","ast-breadcrumbs-content":"","ast-featured-img":"","footer-sml-layout":"","ast-disable-related-posts":"","theme-transparent-header-meta":"default","adv-header-id-meta":"","stick-header-meta":"","header-above-stick-meta":"","header-main-stick-meta":"","header-below-stick-meta":"","astra-migrate-meta-layouts":"set","ast-page-background-enabled":"default","ast-page-background-meta":{"desktop":{"background-color":"var(--ast-global-color-4)","background-image":"","background-repeat":"repeat","background-position":"center center","background-size":"auto","background-attachment":"scroll","background-type":"","background-media":"","overlay-type":"","overlay-color":"","overlay-opacity":"","overlay-gradient":""},"tablet":{"background-color":"","background-image":"","background-repeat":"repeat","background-position":"center center","background-size":"auto","background-attachment":"scroll","background-type":"","background-media":"","overlay-type":"","overlay-color":"","overlay-opacity":"","overlay-gradient":""},"mobile":{"background-color":"","background-image":"","background-repeat":"repeat","background-position":"center center","background-size":"auto","background-attachment":"scroll","background-type":"","background-media":"","overlay-type":"","overlay-color":"","overlay-opacity":"","overlay-gradient":""}},"ast-content-background-meta":{"desktop":{"background-color":"var(--ast-global-color-5)","background-image":"","background-repeat":"repeat","background-position":"center center","background-size":"auto","background-attachment":"scroll","background-type":"","background-media":"","overlay-type":"","overlay-color":"","overlay-opacity":"","overlay-gradient":""},"tablet":{"background-color":"var(--ast-global-color-5)","background-image":"","background-repeat":"repeat","background-position":"center center","background-size":"auto","background-attachment":"scroll","background-type":"","background-media":"","overlay-type":"","overlay-color":"","overlay-opacity":"","overlay-gradient":""},"mobile":{"background-color":"var(--ast-global-color-5)","background-image":"","background-repeat":"repeat","background-position":"center center","background-size":"auto","background-attachment":"scroll","background-type":"","background-media":"","overlay-type":"","overlay-color":"","overlay-opacity":"","overlay-gradient":""}}},"product_brand":[],"product_cat":[20],"product_tag":[188,265,187,150,231,202,190,201,189],"giftcard-category":[],"class_list":{"0":"post-4721","1":"product","2":"type-product","3":"status-publish","4":"has-post-thumbnail","6":"product_cat-juuksehooldustooted-sampoon-palsam-mask","7":"product_tag-blondidele-juustele","8":"product_tag-color-code-sari","9":"product_tag-hobemask","10":"product_tag-juuksevaht","11":"product_tag-k-time-somnia","12":"product_tag-kollasusevastane","13":"product_tag-niisutav-mask","14":"product_tag-tooniv-vaht","15":"product_tag-valge-blond","16":"desktop-align-center","17":"tablet-align-left","18":"mobile-align-left","20":"first","21":"instock","22":"taxable","23":"shipping-taxable","24":"purchasable","25":"product-type-simple"},"yoast_head":"<!-- This site is optimized with the Yoast SEO plugin v27.4 - https:\/\/yoast.com\/product\/yoast-seo-wordpress\/ -->\n<title>K-Time Somnia Silver Color Code Anti-Yellow Mousse 300ml - She Beauty Studio<\/title>\n<meta name=\"description\" content=\"Color Code kollasusevastane vaht on m\u00f5eldud valgetele, hallidele ja pleegitatud juustele, et s\u00e4ilitada aja jooksul puhas ja s\u00e4rav l\u00e4ige.\" \/>\n<meta name=\"robots\" content=\"index, follow, max-snippet:-1, max-image-preview:large, max-video-preview:-1\" \/>\n<link rel=\"canonical\" href=\"https:\/\/shebeauty.ee\/en\/product\/k-time-somnia-color-code-tooniv-juuksevaht-300ml\/\" \/>\n<meta property=\"og:locale\" content=\"en_US\" \/>\n<meta property=\"og:type\" content=\"article\" \/>\n<meta property=\"og:title\" content=\"K-Time Somnia Silver Color Code Anti-Yellow Mousse 300ml - She Beauty Studio\" \/>\n<meta property=\"og:description\" content=\"Color Code kollasusevastane vaht on m\u00f5eldud valgetele, hallidele ja pleegitatud juustele, et s\u00e4ilitada aja jooksul puhas ja s\u00e4rav l\u00e4ige.\" \/>\n<meta property=\"og:url\" content=\"https:\/\/shebeauty.ee\/en\/product\/k-time-somnia-color-code-tooniv-juuksevaht-300ml\/\" \/>\n<meta property=\"og:site_name\" content=\"She Beauty Studio\" \/>\n<meta property=\"article:modified_time\" content=\"2025-12-14T01:22:13+00:00\" \/>\n<meta property=\"og:image\" content=\"https:\/\/shebeauty.ee\/wp-content\/uploads\/2025\/03\/Varvi-kaitsev-Color-Code-juuksevaht-300ml-scaled.jpg\" \/>\n\t<meta property=\"og:image:width\" content=\"2560\" \/>\n\t<meta property=\"og:image:height\" content=\"2560\" \/>\n\t<meta property=\"og:image:type\" content=\"image\/jpeg\" \/>\n<meta name=\"twitter:card\" content=\"summary_large_image\" \/>\n<meta name=\"twitter:label1\" content=\"Est. reading time\" \/>\n\t<meta name=\"twitter:data1\" content=\"2 minutes\" \/>\n<script type=\"application\/ld+json\" class=\"yoast-schema-graph\">{\"@context\":\"https:\\\/\\\/schema.org\",\"@graph\":[{\"@type\":\"WebPage\",\"@id\":\"https:\\\/\\\/shebeauty.ee\\\/toode\\\/k-time-somnia-color-code-tooniv-juuksevaht-300ml\\\/\",\"url\":\"https:\\\/\\\/shebeauty.ee\\\/toode\\\/k-time-somnia-color-code-tooniv-juuksevaht-300ml\\\/\",\"name\":\"K-Time Somnia Silver Color Code Anti-Yellow Mousse 300ml - She Beauty Studio\",\"isPartOf\":{\"@id\":\"https:\\\/\\\/shebeauty.ee\\\/#website\"},\"primaryImageOfPage\":{\"@id\":\"https:\\\/\\\/shebeauty.ee\\\/toode\\\/k-time-somnia-color-code-tooniv-juuksevaht-300ml\\\/#primaryimage\"},\"image\":{\"@id\":\"https:\\\/\\\/shebeauty.ee\\\/toode\\\/k-time-somnia-color-code-tooniv-juuksevaht-300ml\\\/#primaryimage\"},\"thumbnailUrl\":\"https:\\\/\\\/shebeauty.ee\\\/wp-content\\\/uploads\\\/2025\\\/03\\\/Varvi-kaitsev-Color-Code-juuksevaht-300ml-scaled.jpg\",\"datePublished\":\"2025-03-05T11:45:40+00:00\",\"dateModified\":\"2025-12-14T01:22:13+00:00\",\"description\":\"Color Code kollasusevastane vaht on m\u00f5eldud valgetele, hallidele ja pleegitatud juustele, et s\u00e4ilitada aja jooksul puhas ja s\u00e4rav l\u00e4ige.\",\"breadcrumb\":{\"@id\":\"https:\\\/\\\/shebeauty.ee\\\/toode\\\/k-time-somnia-color-code-tooniv-juuksevaht-300ml\\\/#breadcrumb\"},\"inLanguage\":\"en-US\",\"potentialAction\":[{\"@type\":\"ReadAction\",\"target\":[\"https:\\\/\\\/shebeauty.ee\\\/toode\\\/k-time-somnia-color-code-tooniv-juuksevaht-300ml\\\/\"]}]},{\"@type\":\"ImageObject\",\"inLanguage\":\"en-US\",\"@id\":\"https:\\\/\\\/shebeauty.ee\\\/toode\\\/k-time-somnia-color-code-tooniv-juuksevaht-300ml\\\/#primaryimage\",\"url\":\"https:\\\/\\\/shebeauty.ee\\\/wp-content\\\/uploads\\\/2025\\\/03\\\/Varvi-kaitsev-Color-Code-juuksevaht-300ml-scaled.jpg\",\"contentUrl\":\"https:\\\/\\\/shebeauty.ee\\\/wp-content\\\/uploads\\\/2025\\\/03\\\/Varvi-kaitsev-Color-Code-juuksevaht-300ml-scaled.jpg\",\"width\":2560,\"height\":2560},{\"@type\":\"BreadcrumbList\",\"@id\":\"https:\\\/\\\/shebeauty.ee\\\/toode\\\/k-time-somnia-color-code-tooniv-juuksevaht-300ml\\\/#breadcrumb\",\"itemListElement\":[{\"@type\":\"ListItem\",\"position\":1,\"name\":\"Home\",\"item\":\"https:\\\/\\\/shebeauty.ee\\\/\"},{\"@type\":\"ListItem\",\"position\":2,\"name\":\"Pood\",\"item\":\"https:\\\/\\\/shebeauty.ee\\\/e-pood\\\/\"},{\"@type\":\"ListItem\",\"position\":3,\"name\":\"K-Time Somnia Silver Color Code Anti-Yellow Mousse 300ml\"}]},{\"@type\":\"WebSite\",\"@id\":\"https:\\\/\\\/shebeauty.ee\\\/#website\",\"url\":\"https:\\\/\\\/shebeauty.ee\\\/\",\"name\":\"She Beauty Studio\",\"description\":\"Juuksestuudio\",\"publisher\":{\"@id\":\"https:\\\/\\\/shebeauty.ee\\\/#organization\"},\"potentialAction\":[{\"@type\":\"SearchAction\",\"target\":{\"@type\":\"EntryPoint\",\"urlTemplate\":\"https:\\\/\\\/shebeauty.ee\\\/?s={search_term_string}\"},\"query-input\":{\"@type\":\"PropertyValueSpecification\",\"valueRequired\":true,\"valueName\":\"search_term_string\"}}],\"inLanguage\":\"en-US\"},{\"@type\":\"Organization\",\"@id\":\"https:\\\/\\\/shebeauty.ee\\\/#organization\",\"name\":\"She Beauty O\u00dc\",\"url\":\"https:\\\/\\\/shebeauty.ee\\\/\",\"logo\":{\"@type\":\"ImageObject\",\"inLanguage\":\"en-US\",\"@id\":\"https:\\\/\\\/shebeauty.ee\\\/#\\\/schema\\\/logo\\\/image\\\/\",\"url\":\"https:\\\/\\\/shebeauty.ee\\\/wp-content\\\/uploads\\\/2023\\\/10\\\/IMG_0585.jpg\",\"contentUrl\":\"https:\\\/\\\/shebeauty.ee\\\/wp-content\\\/uploads\\\/2023\\\/10\\\/IMG_0585.jpg\",\"width\":1284,\"height\":1300,\"caption\":\"She Beauty O\u00dc\"},\"image\":{\"@id\":\"https:\\\/\\\/shebeauty.ee\\\/#\\\/schema\\\/logo\\\/image\\\/\"}}]}<\/script>\n<!-- \/ Yoast SEO plugin. -->","yoast_head_json":{"title":"K-Time Somnia Silver Color Code Anti-Yellow Mousse 300ml - She Beauty Studio","description":"Color Code kollasusevastane vaht on m\u00f5eldud valgetele, hallidele ja pleegitatud juustele, et s\u00e4ilitada aja jooksul puhas ja s\u00e4rav l\u00e4ige.","robots":{"index":"index","follow":"follow","max-snippet":"max-snippet:-1","max-image-preview":"max-image-preview:large","max-video-preview":"max-video-preview:-1"},"canonical":"https:\/\/shebeauty.ee\/en\/product\/k-time-somnia-color-code-tooniv-juuksevaht-300ml\/","og_locale":"en_US","og_type":"article","og_title":"K-Time Somnia Silver Color Code Anti-Yellow Mousse 300ml - She Beauty Studio","og_description":"Color Code kollasusevastane vaht on m\u00f5eldud valgetele, hallidele ja pleegitatud juustele, et s\u00e4ilitada aja jooksul puhas ja s\u00e4rav l\u00e4ige.","og_url":"https:\/\/shebeauty.ee\/en\/product\/k-time-somnia-color-code-tooniv-juuksevaht-300ml\/","og_site_name":"She Beauty Studio","article_modified_time":"2025-12-14T01:22:13+00:00","og_image":[{"width":2560,"height":2560,"url":"https:\/\/shebeauty.ee\/wp-content\/uploads\/2025\/03\/Varvi-kaitsev-Color-Code-juuksevaht-300ml-scaled.jpg","type":"image\/jpeg"}],"twitter_card":"summary_large_image","twitter_misc":{"Est. reading time":"2 minutes"},"schema":{"@context":"https:\/\/schema.org","@graph":[{"@type":"WebPage","@id":"https:\/\/shebeauty.ee\/toode\/k-time-somnia-color-code-tooniv-juuksevaht-300ml\/","url":"https:\/\/shebeauty.ee\/toode\/k-time-somnia-color-code-tooniv-juuksevaht-300ml\/","name":"K-Time Somnia Silver Color Code Anti-Yellow Mousse 300ml - She Beauty Studio","isPartOf":{"@id":"https:\/\/shebeauty.ee\/#website"},"primaryImageOfPage":{"@id":"https:\/\/shebeauty.ee\/toode\/k-time-somnia-color-code-tooniv-juuksevaht-300ml\/#primaryimage"},"image":{"@id":"https:\/\/shebeauty.ee\/toode\/k-time-somnia-color-code-tooniv-juuksevaht-300ml\/#primaryimage"},"thumbnailUrl":"https:\/\/shebeauty.ee\/wp-content\/uploads\/2025\/03\/Varvi-kaitsev-Color-Code-juuksevaht-300ml-scaled.jpg","datePublished":"2025-03-05T11:45:40+00:00","dateModified":"2025-12-14T01:22:13+00:00","description":"Color Code kollasusevastane vaht on m\u00f5eldud valgetele, hallidele ja pleegitatud juustele, et s\u00e4ilitada aja jooksul puhas ja s\u00e4rav l\u00e4ige.","breadcrumb":{"@id":"https:\/\/shebeauty.ee\/toode\/k-time-somnia-color-code-tooniv-juuksevaht-300ml\/#breadcrumb"},"inLanguage":"en-US","potentialAction":[{"@type":"ReadAction","target":["https:\/\/shebeauty.ee\/toode\/k-time-somnia-color-code-tooniv-juuksevaht-300ml\/"]}]},{"@type":"ImageObject","inLanguage":"en-US","@id":"https:\/\/shebeauty.ee\/toode\/k-time-somnia-color-code-tooniv-juuksevaht-300ml\/#primaryimage","url":"https:\/\/shebeauty.ee\/wp-content\/uploads\/2025\/03\/Varvi-kaitsev-Color-Code-juuksevaht-300ml-scaled.jpg","contentUrl":"https:\/\/shebeauty.ee\/wp-content\/uploads\/2025\/03\/Varvi-kaitsev-Color-Code-juuksevaht-300ml-scaled.jpg","width":2560,"height":2560},{"@type":"BreadcrumbList","@id":"https:\/\/shebeauty.ee\/toode\/k-time-somnia-color-code-tooniv-juuksevaht-300ml\/#breadcrumb","itemListElement":[{"@type":"ListItem","position":1,"name":"Home","item":"https:\/\/shebeauty.ee\/"},{"@type":"ListItem","position":2,"name":"Pood","item":"https:\/\/shebeauty.ee\/e-pood\/"},{"@type":"ListItem","position":3,"name":"K-Time Somnia Silver Color Code Anti-Yellow Mousse 300ml"}]},{"@type":"WebSite","@id":"https:\/\/shebeauty.ee\/#website","url":"https:\/\/shebeauty.ee\/","name":"She Beauty Studio","description":"Juuksestuudio","publisher":{"@id":"https:\/\/shebeauty.ee\/#organization"},"potentialAction":[{"@type":"SearchAction","target":{"@type":"EntryPoint","urlTemplate":"https:\/\/shebeauty.ee\/?s={search_term_string}"},"query-input":{"@type":"PropertyValueSpecification","valueRequired":true,"valueName":"search_term_string"}}],"inLanguage":"en-US"},{"@type":"Organization","@id":"https:\/\/shebeauty.ee\/#organization","name":"She Beauty O\u00dc","url":"https:\/\/shebeauty.ee\/","logo":{"@type":"ImageObject","inLanguage":"en-US","@id":"https:\/\/shebeauty.ee\/#\/schema\/logo\/image\/","url":"https:\/\/shebeauty.ee\/wp-content\/uploads\/2023\/10\/IMG_0585.jpg","contentUrl":"https:\/\/shebeauty.ee\/wp-content\/uploads\/2023\/10\/IMG_0585.jpg","width":1284,"height":1300,"caption":"She Beauty O\u00dc"},"image":{"@id":"https:\/\/shebeauty.ee\/#\/schema\/logo\/image\/"}}]}},"_links":{"self":[{"href":"https:\/\/shebeauty.ee\/en\/wp-json\/wp\/v2\/product\/4721","targetHints":{"allow":["GET"]}}],"collection":[{"href":"https:\/\/shebeauty.ee\/en\/wp-json\/wp\/v2\/product"}],"about":[{"href":"https:\/\/shebeauty.ee\/en\/wp-json\/wp\/v2\/types\/product"}],"replies":[{"embeddable":true,"href":"https:\/\/shebeauty.ee\/en\/wp-json\/wp\/v2\/comments?post=4721"}],"wp:featuredmedia":[{"embeddable":true,"href":"https:\/\/shebeauty.ee\/en\/wp-json\/wp\/v2\/media\/5639"}],"wp:attachment":[{"href":"https:\/\/shebeauty.ee\/en\/wp-json\/wp\/v2\/media?parent=4721"}],"wp:term":[{"taxonomy":"product_brand","embeddable":true,"href":"https:\/\/shebeauty.ee\/en\/wp-json\/wp\/v2\/product_brand?post=4721"},{"taxonomy":"product_cat","embeddable":true,"href":"https:\/\/shebeauty.ee\/en\/wp-json\/wp\/v2\/product_cat?post=4721"},{"taxonomy":"product_tag","embeddable":true,"href":"https:\/\/shebeauty.ee\/en\/wp-json\/wp\/v2\/product_tag?post=4721"},{"taxonomy":"giftcard-category","embeddable":true,"href":"https:\/\/shebeauty.ee\/en\/wp-json\/wp\/v2\/giftcard-category?post=4721"}],"curies":[{"name":"wp","href":"https:\/\/api.w.org\/{rel}","templated":true}]}}