{"id":4491,"date":"2025-02-17T18:21:45","date_gmt":"2025-02-17T16:21:45","guid":{"rendered":"https:\/\/shebeauty.ee\/?post_type=product&#038;p=4491"},"modified":"2025-08-22T19:28:55","modified_gmt":"2025-08-22T16:28:55","slug":"k-time-pro-age-densifying-shampoo-with-hyaluronic-acid-250ml","status":"publish","type":"product","link":"https:\/\/shebeauty.ee\/en\/product\/k-time-pro-age-densifying-shampoo-with-hyaluronic-acid-250ml\/","title":{"rendered":"K-Time Pro-Age Densifying Shampoo with Hyaluronic Acid 250ml"},"content":{"rendered":"<p data-start=\"469\" data-end=\"959\"><strong>Pro-Age Densifying Shampoo with Hyaluronic Acid<\/strong> on \u00f5rn, kuid multifunktsionaalne \u0161ampoon, mis puhastab juukseid s\u00fcgavuti ning pakub samal ajal vananemisvastast hooldust.<br data-start=\"662\" data-end=\"665\" \/>Spetsiaalne t\u00e4iteaine tehnoloogia aitab juuksekiudu tihendada ja muuta neid paksemaks. H\u00fcaluroonhape niisutab s\u00fcgavuti ning toimib antioks\u00fcdandina, kaitstes juukseid keskkonnam\u00f5jude eest. Keratiini h\u00fcdrol\u00fcsaadid parandavad juuste struktuuri, lisavad neile s\u00e4ra ning aitavad taastada kahjustusi.<\/p>\n<p data-start=\"961\" data-end=\"1092\">\u0160ampoon sobib ideaalselt vananevate ja hapraks muutuvate juuste hooldamiseks, muutes need tugevamaks, tihedamaks ja eluj\u00f5ulisemaks.<\/p>\n<p><strong>Usage:<\/strong> Kanna m\u00e4rgadesse juustesse, masseeri \u00f5rnalt ning loputa p\u00f5hjalikult. Vajadusel korda pesu. Parima tulemuse saavutamiseks kasuta koos teiste Pro-Age sarja toodetega.<\/p>\n<p><strong>Ingredients:<\/strong><br \/>\nAQUA (WATER), SODIUM LAURETH SULFATE, COCO-GLUCOSIDE, SODIUM CHLORIDE, COCAMIDOPROPYL BETAINE, DISODIUM COCOAMPHODIACETATE, GLYCERYL OLEATE, GLYCOL DISTEARATE, GUAR HYDROXYPROPYLTRIMONIUM CHLORIDE, DICAPRYLYL ETHER, POLYQUATERNIUM-47, SILICONE QUATERNIUM-20, LAURYL ALCOHOL, HYDROXYPROPYL GUAR HYDROXYPROPYLTRIMONIUM CHLORIDE, HYDROLYZED WHEAT PROTEIN, METHICONE, POLYQUATERNIUM-10, CARBOCYSTEINE, SOLUBLE COLLAGEN, TROPOLONE, 1,2-HEXANEDIOL, CAPRYLYL GLYCOL, ETHYLHEXYLGLYCERIN, POLYACRYLAMIDE, C13-14 ISOPARAFFIN, LAURETH-7, HYDROLYZED KERATIN, SODIUM HYALURONATE, CITRIC ACID, PARFUM (FRAGRANCE), METHYLCHLORISOTHIAZOLINONE, METHYLISOTHIAZOLINONE, BENZYL SALICYLATE, HEXYL CINNAMAL, LINALOOL.<\/p>\n<p><strong>The list of ingredients could change. Always refer to the product packaging for the most up-to-date ingredient list.<\/strong><br \/>\n<strong>Koostisosade loetelu v\u00f5ib muutuda. K\u00f5ige ajakohasema koostisosade loetelu leiad alati toote pakendilt.<\/strong><\/p>\n<p class=\"p1\"><span class=\"s1\">Importer: Beauty Cosmetics O\u00dc, Kaupmehe 6, Tallinn <a href=\"https:\/\/shebeauty.ee\/en\/\"><span class=\"s2\">www.shebeauty.ee<\/span><\/a><\/span><\/p>","protected":false},"excerpt":{"rendered":"<p>(<em>Liitrihind: 84,00 \u20ac\/l<\/em>)<br data-start=\"315\" data-end=\"318\" \/>\u00d5rn ja t\u00f5hus tihendav \u0161ampoon h\u00fcaluroonhappe ja keratiini h\u00fcdrol\u00fcsaadiga, mis puhastab s\u00fcgavuti, tugevdab juukseid ning lisab neile kohevust ja s\u00e4ra.<\/p>","protected":false},"featured_media":5689,"comment_status":"open","ping_status":"closed","template":"","meta":{"site-sidebar-layout":"default","site-content-layout":"","ast-site-content-layout":"default","site-content-style":"default","site-sidebar-style":"default","ast-global-header-display":"","ast-banner-title-visibility":"","ast-main-header-display":"","ast-hfb-above-header-display":"","ast-hfb-below-header-display":"","ast-hfb-mobile-header-display":"","site-post-title":"","ast-breadcrumbs-content":"","ast-featured-img":"","footer-sml-layout":"","ast-disable-related-posts":"","theme-transparent-header-meta":"default","adv-header-id-meta":"","stick-header-meta":"","header-above-stick-meta":"","header-main-stick-meta":"","header-below-stick-meta":"","astra-migrate-meta-layouts":"set","ast-page-background-enabled":"default","ast-page-background-meta":{"desktop":{"background-color":"var(--ast-global-color-4)","background-image":"","background-repeat":"repeat","background-position":"center center","background-size":"auto","background-attachment":"scroll","background-type":"","background-media":"","overlay-type":"","overlay-color":"","overlay-opacity":"","overlay-gradient":""},"tablet":{"background-color":"","background-image":"","background-repeat":"repeat","background-position":"center center","background-size":"auto","background-attachment":"scroll","background-type":"","background-media":"","overlay-type":"","overlay-color":"","overlay-opacity":"","overlay-gradient":""},"mobile":{"background-color":"","background-image":"","background-repeat":"repeat","background-position":"center center","background-size":"auto","background-attachment":"scroll","background-type":"","background-media":"","overlay-type":"","overlay-color":"","overlay-opacity":"","overlay-gradient":""}},"ast-content-background-meta":{"desktop":{"background-color":"var(--ast-global-color-5)","background-image":"","background-repeat":"repeat","background-position":"center center","background-size":"auto","background-attachment":"scroll","background-type":"","background-media":"","overlay-type":"","overlay-color":"","overlay-opacity":"","overlay-gradient":""},"tablet":{"background-color":"var(--ast-global-color-5)","background-image":"","background-repeat":"repeat","background-position":"center center","background-size":"auto","background-attachment":"scroll","background-type":"","background-media":"","overlay-type":"","overlay-color":"","overlay-opacity":"","overlay-gradient":""},"mobile":{"background-color":"var(--ast-global-color-5)","background-image":"","background-repeat":"repeat","background-position":"center center","background-size":"auto","background-attachment":"scroll","background-type":"","background-media":"","overlay-type":"","overlay-color":"","overlay-opacity":"","overlay-gradient":""}}},"product_brand":[],"product_cat":[20],"product_tag":[192,193,294,129,191],"giftcard-category":[],"class_list":{"0":"post-4491","1":"product","2":"type-product","3":"status-publish","4":"has-post-thumbnail","6":"product_cat-juuksehooldustooted-sampoon-palsam-mask","7":"product_tag-annab-juustele-taidlust","8":"product_tag-huoluroonhappega","9":"product_tag-k-time-pro-age-sari","10":"product_tag-shampoo","11":"product_tag-spetsiaalne-taitetehnoloogia","12":"desktop-align-center","13":"tablet-align-left","14":"mobile-align-left","16":"first","17":"instock","18":"taxable","19":"shipping-taxable","20":"purchasable","21":"product-type-simple"},"yoast_head":"<!-- This site is optimized with the Yoast SEO plugin v27.3 - https:\/\/yoast.com\/product\/yoast-seo-wordpress\/ -->\n<title>K-Time Pro-Age Densifying Shampoo with Hyaluronic Acid 250ml - She Beauty Studio<\/title>\n<meta name=\"description\" content=\"Pro-Age Densifying Shampoo on \u00f5rn, kuid multifunktsionaalne \u0161ampoon, mis puhastab juukseid s\u00fcgavuti ning pakub samal ajal vananemisvastast hooldust.\" \/>\n<meta name=\"robots\" content=\"index, follow, max-snippet:-1, max-image-preview:large, max-video-preview:-1\" \/>\n<link rel=\"canonical\" href=\"https:\/\/shebeauty.ee\/en\/product\/k-time-pro-age-densifying-shampoo-with-hyaluronic-acid-250ml\/\" \/>\n<meta property=\"og:locale\" content=\"en_US\" \/>\n<meta property=\"og:type\" content=\"article\" \/>\n<meta property=\"og:title\" content=\"K-Time Pro-Age Densifying Shampoo with Hyaluronic Acid 250ml - She Beauty Studio\" \/>\n<meta property=\"og:description\" content=\"Pro-Age Densifying Shampoo on \u00f5rn, kuid multifunktsionaalne \u0161ampoon, mis puhastab juukseid s\u00fcgavuti ning pakub samal ajal vananemisvastast hooldust.\" \/>\n<meta property=\"og:url\" content=\"https:\/\/shebeauty.ee\/en\/product\/k-time-pro-age-densifying-shampoo-with-hyaluronic-acid-250ml\/\" \/>\n<meta property=\"og:site_name\" content=\"She Beauty Studio\" \/>\n<meta property=\"article:modified_time\" content=\"2025-08-22T16:28:55+00:00\" \/>\n<meta property=\"og:image\" content=\"https:\/\/shebeauty.ee\/wp-content\/uploads\/2025\/02\/Pro-Age-DENSIFYING-shampoo-250ml-scaled.jpg\" \/>\n\t<meta property=\"og:image:width\" content=\"2560\" \/>\n\t<meta property=\"og:image:height\" content=\"2560\" \/>\n\t<meta property=\"og:image:type\" content=\"image\/jpeg\" \/>\n<meta name=\"twitter:card\" content=\"summary_large_image\" \/>\n<meta name=\"twitter:label1\" content=\"Est. reading time\" \/>\n\t<meta name=\"twitter:data1\" content=\"2 minutes\" \/>\n<script type=\"application\/ld+json\" class=\"yoast-schema-graph\">{\"@context\":\"https:\\\/\\\/schema.org\",\"@graph\":[{\"@type\":\"WebPage\",\"@id\":\"https:\\\/\\\/shebeauty.ee\\\/toode\\\/k-time-pro-age-densifying-shampoo-with-hyaluronic-acid-250ml\\\/\",\"url\":\"https:\\\/\\\/shebeauty.ee\\\/toode\\\/k-time-pro-age-densifying-shampoo-with-hyaluronic-acid-250ml\\\/\",\"name\":\"K-Time Pro-Age Densifying Shampoo with Hyaluronic Acid 250ml - She Beauty Studio\",\"isPartOf\":{\"@id\":\"https:\\\/\\\/shebeauty.ee\\\/#website\"},\"primaryImageOfPage\":{\"@id\":\"https:\\\/\\\/shebeauty.ee\\\/toode\\\/k-time-pro-age-densifying-shampoo-with-hyaluronic-acid-250ml\\\/#primaryimage\"},\"image\":{\"@id\":\"https:\\\/\\\/shebeauty.ee\\\/toode\\\/k-time-pro-age-densifying-shampoo-with-hyaluronic-acid-250ml\\\/#primaryimage\"},\"thumbnailUrl\":\"https:\\\/\\\/shebeauty.ee\\\/wp-content\\\/uploads\\\/2025\\\/02\\\/Pro-Age-DENSIFYING-shampoo-250ml-scaled.jpg\",\"datePublished\":\"2025-02-17T16:21:45+00:00\",\"dateModified\":\"2025-08-22T16:28:55+00:00\",\"description\":\"Pro-Age Densifying Shampoo on \u00f5rn, kuid multifunktsionaalne \u0161ampoon, mis puhastab juukseid s\u00fcgavuti ning pakub samal ajal vananemisvastast hooldust.\",\"breadcrumb\":{\"@id\":\"https:\\\/\\\/shebeauty.ee\\\/toode\\\/k-time-pro-age-densifying-shampoo-with-hyaluronic-acid-250ml\\\/#breadcrumb\"},\"inLanguage\":\"en-US\",\"potentialAction\":[{\"@type\":\"ReadAction\",\"target\":[\"https:\\\/\\\/shebeauty.ee\\\/toode\\\/k-time-pro-age-densifying-shampoo-with-hyaluronic-acid-250ml\\\/\"]}]},{\"@type\":\"ImageObject\",\"inLanguage\":\"en-US\",\"@id\":\"https:\\\/\\\/shebeauty.ee\\\/toode\\\/k-time-pro-age-densifying-shampoo-with-hyaluronic-acid-250ml\\\/#primaryimage\",\"url\":\"https:\\\/\\\/shebeauty.ee\\\/wp-content\\\/uploads\\\/2025\\\/02\\\/Pro-Age-DENSIFYING-shampoo-250ml-scaled.jpg\",\"contentUrl\":\"https:\\\/\\\/shebeauty.ee\\\/wp-content\\\/uploads\\\/2025\\\/02\\\/Pro-Age-DENSIFYING-shampoo-250ml-scaled.jpg\",\"width\":2560,\"height\":2560},{\"@type\":\"BreadcrumbList\",\"@id\":\"https:\\\/\\\/shebeauty.ee\\\/toode\\\/k-time-pro-age-densifying-shampoo-with-hyaluronic-acid-250ml\\\/#breadcrumb\",\"itemListElement\":[{\"@type\":\"ListItem\",\"position\":1,\"name\":\"Home\",\"item\":\"https:\\\/\\\/shebeauty.ee\\\/\"},{\"@type\":\"ListItem\",\"position\":2,\"name\":\"Pood\",\"item\":\"https:\\\/\\\/shebeauty.ee\\\/e-pood\\\/\"},{\"@type\":\"ListItem\",\"position\":3,\"name\":\"K-Time Pro-Age Densifying Shampoo with Hyaluronic Acid 250ml\"}]},{\"@type\":\"WebSite\",\"@id\":\"https:\\\/\\\/shebeauty.ee\\\/#website\",\"url\":\"https:\\\/\\\/shebeauty.ee\\\/\",\"name\":\"She Beauty Studio\",\"description\":\"Juuksestuudio\",\"publisher\":{\"@id\":\"https:\\\/\\\/shebeauty.ee\\\/#organization\"},\"potentialAction\":[{\"@type\":\"SearchAction\",\"target\":{\"@type\":\"EntryPoint\",\"urlTemplate\":\"https:\\\/\\\/shebeauty.ee\\\/?s={search_term_string}\"},\"query-input\":{\"@type\":\"PropertyValueSpecification\",\"valueRequired\":true,\"valueName\":\"search_term_string\"}}],\"inLanguage\":\"en-US\"},{\"@type\":\"Organization\",\"@id\":\"https:\\\/\\\/shebeauty.ee\\\/#organization\",\"name\":\"She Beauty O\u00dc\",\"url\":\"https:\\\/\\\/shebeauty.ee\\\/\",\"logo\":{\"@type\":\"ImageObject\",\"inLanguage\":\"en-US\",\"@id\":\"https:\\\/\\\/shebeauty.ee\\\/#\\\/schema\\\/logo\\\/image\\\/\",\"url\":\"https:\\\/\\\/shebeauty.ee\\\/wp-content\\\/uploads\\\/2023\\\/10\\\/IMG_0585.jpg\",\"contentUrl\":\"https:\\\/\\\/shebeauty.ee\\\/wp-content\\\/uploads\\\/2023\\\/10\\\/IMG_0585.jpg\",\"width\":1284,\"height\":1300,\"caption\":\"She Beauty O\u00dc\"},\"image\":{\"@id\":\"https:\\\/\\\/shebeauty.ee\\\/#\\\/schema\\\/logo\\\/image\\\/\"}}]}<\/script>\n<!-- \/ Yoast SEO plugin. -->","yoast_head_json":{"title":"K-Time Pro-Age Densifying Shampoo with Hyaluronic Acid 250ml - She Beauty Studio","description":"Pro-Age Densifying Shampoo on \u00f5rn, kuid multifunktsionaalne \u0161ampoon, mis puhastab juukseid s\u00fcgavuti ning pakub samal ajal vananemisvastast hooldust.","robots":{"index":"index","follow":"follow","max-snippet":"max-snippet:-1","max-image-preview":"max-image-preview:large","max-video-preview":"max-video-preview:-1"},"canonical":"https:\/\/shebeauty.ee\/en\/product\/k-time-pro-age-densifying-shampoo-with-hyaluronic-acid-250ml\/","og_locale":"en_US","og_type":"article","og_title":"K-Time Pro-Age Densifying Shampoo with Hyaluronic Acid 250ml - She Beauty Studio","og_description":"Pro-Age Densifying Shampoo on \u00f5rn, kuid multifunktsionaalne \u0161ampoon, mis puhastab juukseid s\u00fcgavuti ning pakub samal ajal vananemisvastast hooldust.","og_url":"https:\/\/shebeauty.ee\/en\/product\/k-time-pro-age-densifying-shampoo-with-hyaluronic-acid-250ml\/","og_site_name":"She Beauty Studio","article_modified_time":"2025-08-22T16:28:55+00:00","og_image":[{"width":2560,"height":2560,"url":"https:\/\/shebeauty.ee\/wp-content\/uploads\/2025\/02\/Pro-Age-DENSIFYING-shampoo-250ml-scaled.jpg","type":"image\/jpeg"}],"twitter_card":"summary_large_image","twitter_misc":{"Est. reading time":"2 minutes"},"schema":{"@context":"https:\/\/schema.org","@graph":[{"@type":"WebPage","@id":"https:\/\/shebeauty.ee\/toode\/k-time-pro-age-densifying-shampoo-with-hyaluronic-acid-250ml\/","url":"https:\/\/shebeauty.ee\/toode\/k-time-pro-age-densifying-shampoo-with-hyaluronic-acid-250ml\/","name":"K-Time Pro-Age Densifying Shampoo with Hyaluronic Acid 250ml - She Beauty Studio","isPartOf":{"@id":"https:\/\/shebeauty.ee\/#website"},"primaryImageOfPage":{"@id":"https:\/\/shebeauty.ee\/toode\/k-time-pro-age-densifying-shampoo-with-hyaluronic-acid-250ml\/#primaryimage"},"image":{"@id":"https:\/\/shebeauty.ee\/toode\/k-time-pro-age-densifying-shampoo-with-hyaluronic-acid-250ml\/#primaryimage"},"thumbnailUrl":"https:\/\/shebeauty.ee\/wp-content\/uploads\/2025\/02\/Pro-Age-DENSIFYING-shampoo-250ml-scaled.jpg","datePublished":"2025-02-17T16:21:45+00:00","dateModified":"2025-08-22T16:28:55+00:00","description":"Pro-Age Densifying Shampoo on \u00f5rn, kuid multifunktsionaalne \u0161ampoon, mis puhastab juukseid s\u00fcgavuti ning pakub samal ajal vananemisvastast hooldust.","breadcrumb":{"@id":"https:\/\/shebeauty.ee\/toode\/k-time-pro-age-densifying-shampoo-with-hyaluronic-acid-250ml\/#breadcrumb"},"inLanguage":"en-US","potentialAction":[{"@type":"ReadAction","target":["https:\/\/shebeauty.ee\/toode\/k-time-pro-age-densifying-shampoo-with-hyaluronic-acid-250ml\/"]}]},{"@type":"ImageObject","inLanguage":"en-US","@id":"https:\/\/shebeauty.ee\/toode\/k-time-pro-age-densifying-shampoo-with-hyaluronic-acid-250ml\/#primaryimage","url":"https:\/\/shebeauty.ee\/wp-content\/uploads\/2025\/02\/Pro-Age-DENSIFYING-shampoo-250ml-scaled.jpg","contentUrl":"https:\/\/shebeauty.ee\/wp-content\/uploads\/2025\/02\/Pro-Age-DENSIFYING-shampoo-250ml-scaled.jpg","width":2560,"height":2560},{"@type":"BreadcrumbList","@id":"https:\/\/shebeauty.ee\/toode\/k-time-pro-age-densifying-shampoo-with-hyaluronic-acid-250ml\/#breadcrumb","itemListElement":[{"@type":"ListItem","position":1,"name":"Home","item":"https:\/\/shebeauty.ee\/"},{"@type":"ListItem","position":2,"name":"Pood","item":"https:\/\/shebeauty.ee\/e-pood\/"},{"@type":"ListItem","position":3,"name":"K-Time Pro-Age Densifying Shampoo with Hyaluronic Acid 250ml"}]},{"@type":"WebSite","@id":"https:\/\/shebeauty.ee\/#website","url":"https:\/\/shebeauty.ee\/","name":"She Beauty Studio","description":"Juuksestuudio","publisher":{"@id":"https:\/\/shebeauty.ee\/#organization"},"potentialAction":[{"@type":"SearchAction","target":{"@type":"EntryPoint","urlTemplate":"https:\/\/shebeauty.ee\/?s={search_term_string}"},"query-input":{"@type":"PropertyValueSpecification","valueRequired":true,"valueName":"search_term_string"}}],"inLanguage":"en-US"},{"@type":"Organization","@id":"https:\/\/shebeauty.ee\/#organization","name":"She Beauty O\u00dc","url":"https:\/\/shebeauty.ee\/","logo":{"@type":"ImageObject","inLanguage":"en-US","@id":"https:\/\/shebeauty.ee\/#\/schema\/logo\/image\/","url":"https:\/\/shebeauty.ee\/wp-content\/uploads\/2023\/10\/IMG_0585.jpg","contentUrl":"https:\/\/shebeauty.ee\/wp-content\/uploads\/2023\/10\/IMG_0585.jpg","width":1284,"height":1300,"caption":"She Beauty O\u00dc"},"image":{"@id":"https:\/\/shebeauty.ee\/#\/schema\/logo\/image\/"}}]}},"_links":{"self":[{"href":"https:\/\/shebeauty.ee\/en\/wp-json\/wp\/v2\/product\/4491","targetHints":{"allow":["GET"]}}],"collection":[{"href":"https:\/\/shebeauty.ee\/en\/wp-json\/wp\/v2\/product"}],"about":[{"href":"https:\/\/shebeauty.ee\/en\/wp-json\/wp\/v2\/types\/product"}],"replies":[{"embeddable":true,"href":"https:\/\/shebeauty.ee\/en\/wp-json\/wp\/v2\/comments?post=4491"}],"wp:featuredmedia":[{"embeddable":true,"href":"https:\/\/shebeauty.ee\/en\/wp-json\/wp\/v2\/media\/5689"}],"wp:attachment":[{"href":"https:\/\/shebeauty.ee\/en\/wp-json\/wp\/v2\/media?parent=4491"}],"wp:term":[{"taxonomy":"product_brand","embeddable":true,"href":"https:\/\/shebeauty.ee\/en\/wp-json\/wp\/v2\/product_brand?post=4491"},{"taxonomy":"product_cat","embeddable":true,"href":"https:\/\/shebeauty.ee\/en\/wp-json\/wp\/v2\/product_cat?post=4491"},{"taxonomy":"product_tag","embeddable":true,"href":"https:\/\/shebeauty.ee\/en\/wp-json\/wp\/v2\/product_tag?post=4491"},{"taxonomy":"giftcard-category","embeddable":true,"href":"https:\/\/shebeauty.ee\/en\/wp-json\/wp\/v2\/giftcard-category?post=4491"}],"curies":[{"name":"wp","href":"https:\/\/api.w.org\/{rel}","templated":true}]}}