{"id":4478,"date":"2025-02-17T17:55:54","date_gmt":"2025-02-17T15:55:54","guid":{"rendered":"https:\/\/shebeauty.ee\/?post_type=product&#038;p=4478"},"modified":"2025-08-23T15:40:19","modified_gmt":"2025-08-23T12:40:19","slug":"k-time-keratin-code-pro-no-rinse-silkifying-serum-150ml","status":"publish","type":"product","link":"https:\/\/shebeauty.ee\/en\/product\/k-time-keratin-code-pro-no-rinse-silkifying-serum-150ml\/","title":{"rendered":"K-Time Keratin Code Pro No-Rinse Silkifying Serum 150ml"},"content":{"rendered":"<p><strong>Keratin Code Pro No-Rinse Silkifying Serum<\/strong> on Keratin Code Pro sirgendava hoolduse viimane samm, mille on v\u00e4lja t\u00f6\u00f6tanud K&amp;C Technology. See spetsiaalse koostisega viimistlusseerum tugevdab ja pikendab salongihoolduse m\u00f5ju, lisades juustele peegeljat l\u00e4iget ja siidist pehmust.<br \/>\nEi koorma juukseid ning sobib suurep\u00e4raselt igap\u00e4evaseks kasutamiseks, et hoida juuksed siledad, niisutatud ja hoolitsetud. Tulemuseks on kerge, loomulikult liikuv ja hoolitsetud juuksepind.<\/p>\n<p><strong>Usage: <\/strong>Kanna v\u00e4ike kogus niisketesse v\u00f5i kuivadesse juustesse, keskendudes juuste keskosale ja otstele. \u00c4ra loputa.<br \/>\nSobib igap\u00e4evaseks kasutamiseks, eriti p\u00e4rast Keratin Code Pro hooldust.<\/p>\n<p><strong>Ingredients:<br \/>\n<\/strong>AQUA (WATER), PROPYLENE GLYCOL, DIMETHICONE, CETEARYL ALCOHOL, ISOPROPYL MYRISTATE, ISODODECANE, PARAFFINUM LIQUIDUM (MINERAL OIL), THEOBROMA CACAO (COCOA) SEED EXTRACT, MACADAMIA TERNIFOLIA SEED OIL, HYDROLYZED KERATIN, SIMMONDSIA CHINENSIS (JOJOBA) SEED OIL, OLEA EUROPAEA (OLIVE) FRUIT OIL, LINUM USITATISSIMUM (LINSEED) SEED OIL, SPIRULINA MAXIMA EXTRACT, HYDROLYZED CORN PROTEIN, HYDROLYZED WHEAT PROTEIN, HYDROLYZED SOY PROTEIN, TOCOPHERYL ACETATE, PANTHENOL, TOCOPHEROL, LEUCONOSTOC\/RADISH ROOT FERMENT FILTRATE, LECITHIN, ASCORBYL PALMITATE, PARFUM (FRAGRANCE), CETRIMONIUM CHLORIDE, ETHYLHEXYLGLYCERIN, CETEARETH-20, POLYSORBATE 20, DIMETHICONOL, BEHENTRIMONIUM CHLORIDE, CITRUS AURANTIUM PEEL OIL, CITRUS LIMON PEEL OIL, CITRIC ACID, DISODIUM EDTA, DEHYDROACETIC ACID, BENZOIC ACID, PHENOXYETHANOL, BENZYL ALCOHOL, CITRAL, GERANYL ACETATE, PINENE, TERPINEOL, LIMONENE, LINALOOL<\/p>\n<p><strong>The list of ingredients could change. Always refer to the product packaging for the most up-to-date ingredient list.<\/strong><br \/>\n<strong>Koostisosade loetelu v\u00f5ib muutuda. K\u00f5ige ajakohasema koostisosade loetelu leiad alati toote pakendilt.<\/strong><\/p>\n<p class=\"p1\"><span class=\"s1\">Importer: Beauty Cosmetics O\u00dc, Kaupmehe 6, Tallinn <a href=\"https:\/\/shebeauty.ee\/en\/\"><span class=\"s2\">www.shebeauty.ee<\/span><\/a><\/span><\/p>","protected":false},"excerpt":{"rendered":"<p>(<em>Liitrihind: 226,67 \u20ac\/l<\/em>)<br data-start=\"362\" data-end=\"365\" \/>Viimistlev siluv seerum, mis tugevdab Keratin Code Pro hoolduse tulemust, lisab juustele siidisust ja s\u00e4ra ilma raskust lisamata.<br \/>\nEi vaja loputamist.<\/p>","protected":false},"featured_media":5695,"comment_status":"open","ping_status":"closed","template":"","meta":{"site-sidebar-layout":"default","site-content-layout":"","ast-site-content-layout":"default","site-content-style":"default","site-sidebar-style":"default","ast-global-header-display":"","ast-banner-title-visibility":"","ast-main-header-display":"","ast-hfb-above-header-display":"","ast-hfb-below-header-display":"","ast-hfb-mobile-header-display":"","site-post-title":"","ast-breadcrumbs-content":"","ast-featured-img":"","footer-sml-layout":"","ast-disable-related-posts":"","theme-transparent-header-meta":"default","adv-header-id-meta":"","stick-header-meta":"","header-above-stick-meta":"","header-main-stick-meta":"","header-below-stick-meta":"","astra-migrate-meta-layouts":"set","ast-page-background-enabled":"default","ast-page-background-meta":{"desktop":{"background-color":"var(--ast-global-color-4)","background-image":"","background-repeat":"repeat","background-position":"center center","background-size":"auto","background-attachment":"scroll","background-type":"","background-media":"","overlay-type":"","overlay-color":"","overlay-opacity":"","overlay-gradient":""},"tablet":{"background-color":"","background-image":"","background-repeat":"repeat","background-position":"center center","background-size":"auto","background-attachment":"scroll","background-type":"","background-media":"","overlay-type":"","overlay-color":"","overlay-opacity":"","overlay-gradient":""},"mobile":{"background-color":"","background-image":"","background-repeat":"repeat","background-position":"center center","background-size":"auto","background-attachment":"scroll","background-type":"","background-media":"","overlay-type":"","overlay-color":"","overlay-opacity":"","overlay-gradient":""}},"ast-content-background-meta":{"desktop":{"background-color":"var(--ast-global-color-5)","background-image":"","background-repeat":"repeat","background-position":"center center","background-size":"auto","background-attachment":"scroll","background-type":"","background-media":"","overlay-type":"","overlay-color":"","overlay-opacity":"","overlay-gradient":""},"tablet":{"background-color":"var(--ast-global-color-5)","background-image":"","background-repeat":"repeat","background-position":"center center","background-size":"auto","background-attachment":"scroll","background-type":"","background-media":"","overlay-type":"","overlay-color":"","overlay-opacity":"","overlay-gradient":""},"mobile":{"background-color":"var(--ast-global-color-5)","background-image":"","background-repeat":"repeat","background-position":"center center","background-size":"auto","background-attachment":"scroll","background-type":"","background-media":"","overlay-type":"","overlay-color":"","overlay-opacity":"","overlay-gradient":""}}},"product_brand":[],"product_cat":[20],"product_tag":[295,181,183],"giftcard-category":[],"class_list":{"0":"post-4478","1":"product","2":"type-product","3":"status-publish","4":"has-post-thumbnail","6":"product_cat-juuksehooldustooted-sampoon-palsam-mask","7":"product_tag-k-time-keratin-code-pro-sari","8":"product_tag-keratiiniga","9":"product_tag-siluv-seerum","10":"desktop-align-center","11":"tablet-align-left","12":"mobile-align-left","14":"first","15":"instock","16":"taxable","17":"shipping-taxable","18":"purchasable","19":"product-type-simple"},"yoast_head":"<!-- This site is optimized with the Yoast SEO plugin v27.4 - https:\/\/yoast.com\/product\/yoast-seo-wordpress\/ -->\n<title>K-Time Keratin Code Pro No-Rinse Silkifying Serum 150ml - She Beauty Studio<\/title>\n<meta name=\"description\" content=\"Keratin Code Pro viimistlusseerum tugevdab ja pikendab salongihoolduse m\u00f5ju, lisades juustele peegeljat l\u00e4iget ja siidist pehmust.\" \/>\n<meta name=\"robots\" content=\"index, follow, max-snippet:-1, max-image-preview:large, max-video-preview:-1\" \/>\n<link rel=\"canonical\" href=\"https:\/\/shebeauty.ee\/en\/product\/k-time-keratin-code-pro-no-rinse-silkifying-serum-150ml\/\" \/>\n<meta property=\"og:locale\" content=\"en_US\" \/>\n<meta property=\"og:type\" content=\"article\" \/>\n<meta property=\"og:title\" content=\"K-Time Keratin Code Pro No-Rinse Silkifying Serum 150ml - She Beauty Studio\" \/>\n<meta property=\"og:description\" content=\"Keratin Code Pro viimistlusseerum tugevdab ja pikendab salongihoolduse m\u00f5ju, lisades juustele peegeljat l\u00e4iget ja siidist pehmust.\" \/>\n<meta property=\"og:url\" content=\"https:\/\/shebeauty.ee\/en\/product\/k-time-keratin-code-pro-no-rinse-silkifying-serum-150ml\/\" \/>\n<meta property=\"og:site_name\" content=\"She Beauty Studio\" \/>\n<meta property=\"article:modified_time\" content=\"2025-08-23T12:40:19+00:00\" \/>\n<meta property=\"og:image\" content=\"https:\/\/shebeauty.ee\/wp-content\/uploads\/2025\/02\/K-Time-Keratin-Code-sprayy-scaled.jpg\" \/>\n\t<meta property=\"og:image:width\" content=\"2560\" \/>\n\t<meta property=\"og:image:height\" content=\"2560\" \/>\n\t<meta property=\"og:image:type\" content=\"image\/jpeg\" \/>\n<meta name=\"twitter:card\" content=\"summary_large_image\" \/>\n<meta name=\"twitter:label1\" content=\"Est. reading time\" \/>\n\t<meta name=\"twitter:data1\" content=\"2 minutes\" \/>\n<script type=\"application\/ld+json\" class=\"yoast-schema-graph\">{\"@context\":\"https:\\\/\\\/schema.org\",\"@graph\":[{\"@type\":\"WebPage\",\"@id\":\"https:\\\/\\\/shebeauty.ee\\\/toode\\\/k-time-keratin-code-pro-no-rinse-silkifying-serum-150ml\\\/\",\"url\":\"https:\\\/\\\/shebeauty.ee\\\/toode\\\/k-time-keratin-code-pro-no-rinse-silkifying-serum-150ml\\\/\",\"name\":\"K-Time Keratin Code Pro No-Rinse Silkifying Serum 150ml - She Beauty Studio\",\"isPartOf\":{\"@id\":\"https:\\\/\\\/shebeauty.ee\\\/#website\"},\"primaryImageOfPage\":{\"@id\":\"https:\\\/\\\/shebeauty.ee\\\/toode\\\/k-time-keratin-code-pro-no-rinse-silkifying-serum-150ml\\\/#primaryimage\"},\"image\":{\"@id\":\"https:\\\/\\\/shebeauty.ee\\\/toode\\\/k-time-keratin-code-pro-no-rinse-silkifying-serum-150ml\\\/#primaryimage\"},\"thumbnailUrl\":\"https:\\\/\\\/shebeauty.ee\\\/wp-content\\\/uploads\\\/2025\\\/02\\\/K-Time-Keratin-Code-sprayy-scaled.jpg\",\"datePublished\":\"2025-02-17T15:55:54+00:00\",\"dateModified\":\"2025-08-23T12:40:19+00:00\",\"description\":\"Keratin Code Pro viimistlusseerum tugevdab ja pikendab salongihoolduse m\u00f5ju, lisades juustele peegeljat l\u00e4iget ja siidist pehmust.\",\"breadcrumb\":{\"@id\":\"https:\\\/\\\/shebeauty.ee\\\/toode\\\/k-time-keratin-code-pro-no-rinse-silkifying-serum-150ml\\\/#breadcrumb\"},\"inLanguage\":\"en-US\",\"potentialAction\":[{\"@type\":\"ReadAction\",\"target\":[\"https:\\\/\\\/shebeauty.ee\\\/toode\\\/k-time-keratin-code-pro-no-rinse-silkifying-serum-150ml\\\/\"]}]},{\"@type\":\"ImageObject\",\"inLanguage\":\"en-US\",\"@id\":\"https:\\\/\\\/shebeauty.ee\\\/toode\\\/k-time-keratin-code-pro-no-rinse-silkifying-serum-150ml\\\/#primaryimage\",\"url\":\"https:\\\/\\\/shebeauty.ee\\\/wp-content\\\/uploads\\\/2025\\\/02\\\/K-Time-Keratin-Code-sprayy-scaled.jpg\",\"contentUrl\":\"https:\\\/\\\/shebeauty.ee\\\/wp-content\\\/uploads\\\/2025\\\/02\\\/K-Time-Keratin-Code-sprayy-scaled.jpg\",\"width\":2560,\"height\":2560},{\"@type\":\"BreadcrumbList\",\"@id\":\"https:\\\/\\\/shebeauty.ee\\\/toode\\\/k-time-keratin-code-pro-no-rinse-silkifying-serum-150ml\\\/#breadcrumb\",\"itemListElement\":[{\"@type\":\"ListItem\",\"position\":1,\"name\":\"Home\",\"item\":\"https:\\\/\\\/shebeauty.ee\\\/\"},{\"@type\":\"ListItem\",\"position\":2,\"name\":\"Pood\",\"item\":\"https:\\\/\\\/shebeauty.ee\\\/e-pood\\\/\"},{\"@type\":\"ListItem\",\"position\":3,\"name\":\"K-Time Keratin Code Pro No-Rinse Silkifying Serum 150ml\"}]},{\"@type\":\"WebSite\",\"@id\":\"https:\\\/\\\/shebeauty.ee\\\/#website\",\"url\":\"https:\\\/\\\/shebeauty.ee\\\/\",\"name\":\"She Beauty Studio\",\"description\":\"Juuksestuudio\",\"publisher\":{\"@id\":\"https:\\\/\\\/shebeauty.ee\\\/#organization\"},\"potentialAction\":[{\"@type\":\"SearchAction\",\"target\":{\"@type\":\"EntryPoint\",\"urlTemplate\":\"https:\\\/\\\/shebeauty.ee\\\/?s={search_term_string}\"},\"query-input\":{\"@type\":\"PropertyValueSpecification\",\"valueRequired\":true,\"valueName\":\"search_term_string\"}}],\"inLanguage\":\"en-US\"},{\"@type\":\"Organization\",\"@id\":\"https:\\\/\\\/shebeauty.ee\\\/#organization\",\"name\":\"She Beauty O\u00dc\",\"url\":\"https:\\\/\\\/shebeauty.ee\\\/\",\"logo\":{\"@type\":\"ImageObject\",\"inLanguage\":\"en-US\",\"@id\":\"https:\\\/\\\/shebeauty.ee\\\/#\\\/schema\\\/logo\\\/image\\\/\",\"url\":\"https:\\\/\\\/shebeauty.ee\\\/wp-content\\\/uploads\\\/2023\\\/10\\\/IMG_0585.jpg\",\"contentUrl\":\"https:\\\/\\\/shebeauty.ee\\\/wp-content\\\/uploads\\\/2023\\\/10\\\/IMG_0585.jpg\",\"width\":1284,\"height\":1300,\"caption\":\"She Beauty O\u00dc\"},\"image\":{\"@id\":\"https:\\\/\\\/shebeauty.ee\\\/#\\\/schema\\\/logo\\\/image\\\/\"}}]}<\/script>\n<!-- \/ Yoast SEO plugin. -->","yoast_head_json":{"title":"K-Time Keratin Code Pro No-Rinse Silkifying Serum 150ml - She Beauty Studio","description":"Keratin Code Pro viimistlusseerum tugevdab ja pikendab salongihoolduse m\u00f5ju, lisades juustele peegeljat l\u00e4iget ja siidist pehmust.","robots":{"index":"index","follow":"follow","max-snippet":"max-snippet:-1","max-image-preview":"max-image-preview:large","max-video-preview":"max-video-preview:-1"},"canonical":"https:\/\/shebeauty.ee\/en\/product\/k-time-keratin-code-pro-no-rinse-silkifying-serum-150ml\/","og_locale":"en_US","og_type":"article","og_title":"K-Time Keratin Code Pro No-Rinse Silkifying Serum 150ml - She Beauty Studio","og_description":"Keratin Code Pro viimistlusseerum tugevdab ja pikendab salongihoolduse m\u00f5ju, lisades juustele peegeljat l\u00e4iget ja siidist pehmust.","og_url":"https:\/\/shebeauty.ee\/en\/product\/k-time-keratin-code-pro-no-rinse-silkifying-serum-150ml\/","og_site_name":"She Beauty Studio","article_modified_time":"2025-08-23T12:40:19+00:00","og_image":[{"width":2560,"height":2560,"url":"https:\/\/shebeauty.ee\/wp-content\/uploads\/2025\/02\/K-Time-Keratin-Code-sprayy-scaled.jpg","type":"image\/jpeg"}],"twitter_card":"summary_large_image","twitter_misc":{"Est. reading time":"2 minutes"},"schema":{"@context":"https:\/\/schema.org","@graph":[{"@type":"WebPage","@id":"https:\/\/shebeauty.ee\/toode\/k-time-keratin-code-pro-no-rinse-silkifying-serum-150ml\/","url":"https:\/\/shebeauty.ee\/toode\/k-time-keratin-code-pro-no-rinse-silkifying-serum-150ml\/","name":"K-Time Keratin Code Pro No-Rinse Silkifying Serum 150ml - She Beauty Studio","isPartOf":{"@id":"https:\/\/shebeauty.ee\/#website"},"primaryImageOfPage":{"@id":"https:\/\/shebeauty.ee\/toode\/k-time-keratin-code-pro-no-rinse-silkifying-serum-150ml\/#primaryimage"},"image":{"@id":"https:\/\/shebeauty.ee\/toode\/k-time-keratin-code-pro-no-rinse-silkifying-serum-150ml\/#primaryimage"},"thumbnailUrl":"https:\/\/shebeauty.ee\/wp-content\/uploads\/2025\/02\/K-Time-Keratin-Code-sprayy-scaled.jpg","datePublished":"2025-02-17T15:55:54+00:00","dateModified":"2025-08-23T12:40:19+00:00","description":"Keratin Code Pro viimistlusseerum tugevdab ja pikendab salongihoolduse m\u00f5ju, lisades juustele peegeljat l\u00e4iget ja siidist pehmust.","breadcrumb":{"@id":"https:\/\/shebeauty.ee\/toode\/k-time-keratin-code-pro-no-rinse-silkifying-serum-150ml\/#breadcrumb"},"inLanguage":"en-US","potentialAction":[{"@type":"ReadAction","target":["https:\/\/shebeauty.ee\/toode\/k-time-keratin-code-pro-no-rinse-silkifying-serum-150ml\/"]}]},{"@type":"ImageObject","inLanguage":"en-US","@id":"https:\/\/shebeauty.ee\/toode\/k-time-keratin-code-pro-no-rinse-silkifying-serum-150ml\/#primaryimage","url":"https:\/\/shebeauty.ee\/wp-content\/uploads\/2025\/02\/K-Time-Keratin-Code-sprayy-scaled.jpg","contentUrl":"https:\/\/shebeauty.ee\/wp-content\/uploads\/2025\/02\/K-Time-Keratin-Code-sprayy-scaled.jpg","width":2560,"height":2560},{"@type":"BreadcrumbList","@id":"https:\/\/shebeauty.ee\/toode\/k-time-keratin-code-pro-no-rinse-silkifying-serum-150ml\/#breadcrumb","itemListElement":[{"@type":"ListItem","position":1,"name":"Home","item":"https:\/\/shebeauty.ee\/"},{"@type":"ListItem","position":2,"name":"Pood","item":"https:\/\/shebeauty.ee\/e-pood\/"},{"@type":"ListItem","position":3,"name":"K-Time Keratin Code Pro No-Rinse Silkifying Serum 150ml"}]},{"@type":"WebSite","@id":"https:\/\/shebeauty.ee\/#website","url":"https:\/\/shebeauty.ee\/","name":"She Beauty Studio","description":"Juuksestuudio","publisher":{"@id":"https:\/\/shebeauty.ee\/#organization"},"potentialAction":[{"@type":"SearchAction","target":{"@type":"EntryPoint","urlTemplate":"https:\/\/shebeauty.ee\/?s={search_term_string}"},"query-input":{"@type":"PropertyValueSpecification","valueRequired":true,"valueName":"search_term_string"}}],"inLanguage":"en-US"},{"@type":"Organization","@id":"https:\/\/shebeauty.ee\/#organization","name":"She Beauty O\u00dc","url":"https:\/\/shebeauty.ee\/","logo":{"@type":"ImageObject","inLanguage":"en-US","@id":"https:\/\/shebeauty.ee\/#\/schema\/logo\/image\/","url":"https:\/\/shebeauty.ee\/wp-content\/uploads\/2023\/10\/IMG_0585.jpg","contentUrl":"https:\/\/shebeauty.ee\/wp-content\/uploads\/2023\/10\/IMG_0585.jpg","width":1284,"height":1300,"caption":"She Beauty O\u00dc"},"image":{"@id":"https:\/\/shebeauty.ee\/#\/schema\/logo\/image\/"}}]}},"_links":{"self":[{"href":"https:\/\/shebeauty.ee\/en\/wp-json\/wp\/v2\/product\/4478","targetHints":{"allow":["GET"]}}],"collection":[{"href":"https:\/\/shebeauty.ee\/en\/wp-json\/wp\/v2\/product"}],"about":[{"href":"https:\/\/shebeauty.ee\/en\/wp-json\/wp\/v2\/types\/product"}],"replies":[{"embeddable":true,"href":"https:\/\/shebeauty.ee\/en\/wp-json\/wp\/v2\/comments?post=4478"}],"wp:featuredmedia":[{"embeddable":true,"href":"https:\/\/shebeauty.ee\/en\/wp-json\/wp\/v2\/media\/5695"}],"wp:attachment":[{"href":"https:\/\/shebeauty.ee\/en\/wp-json\/wp\/v2\/media?parent=4478"}],"wp:term":[{"taxonomy":"product_brand","embeddable":true,"href":"https:\/\/shebeauty.ee\/en\/wp-json\/wp\/v2\/product_brand?post=4478"},{"taxonomy":"product_cat","embeddable":true,"href":"https:\/\/shebeauty.ee\/en\/wp-json\/wp\/v2\/product_cat?post=4478"},{"taxonomy":"product_tag","embeddable":true,"href":"https:\/\/shebeauty.ee\/en\/wp-json\/wp\/v2\/product_tag?post=4478"},{"taxonomy":"giftcard-category","embeddable":true,"href":"https:\/\/shebeauty.ee\/en\/wp-json\/wp\/v2\/giftcard-category?post=4478"}],"curies":[{"name":"wp","href":"https:\/\/api.w.org\/{rel}","templated":true}]}}