{"id":4475,"date":"2025-02-17T17:39:02","date_gmt":"2025-02-17T15:39:02","guid":{"rendered":"https:\/\/shebeauty.ee\/?post_type=product&#038;p=4475"},"modified":"2025-08-23T15:38:02","modified_gmt":"2025-08-23T12:38:02","slug":"k-time-keratin-code-reactivating-hair-mask-250ml","status":"publish","type":"product","link":"https:\/\/shebeauty.ee\/en\/product\/k-time-keratin-code-reactivating-hair-mask-250ml\/","title":{"rendered":"K-Time Keratin Code Reactivating Hair Mask 250ml"},"content":{"rendered":"<p data-start=\"501\" data-end=\"787\"><strong>Keratin Code Reactivating Hair Mask<\/strong> on spetsiaalselt loodud selleks, et tugevdada ja pikendada Keratin Code sirgendava hoolduse efekti. Maski koostises olev keratiin taastab ja tugevdab juuksekiude, samal ajal kui kakaoseemneekstrakt toidab ja niisutab s\u00fcgavuti.<\/p>\n<p data-start=\"789\" data-end=\"974\">Tulemusena on juuksed siledamad, pehmemad, l\u00e4ikivamad ja kergemini k\u00e4sitletavad. Regulaarne kasutamine aitab s\u00e4ilitada salongihoolduse tulemusi kauem ning parandab \u00fcldist juuksetervist.<\/p>\n<p><strong>Usage: <\/strong>Kanna pestud ja r\u00e4tikukuivadesse juustesse. Lase m\u00f5juda 5\u201310 minutit, seej\u00e4rel loputa p\u00f5hjalikult. Soovitatav kasutada 1\u20132 korda n\u00e4dalas v\u00f5i vastavalt vajadusele, eriti p\u00e4rast Keratin Code hooldust.<\/p>\n<p><strong>Ingredients:<\/strong><br \/>\nAQUA (WATER), CETEARYL ALCOHOL, CETYL ALCOHOL, STEARYL ALCOHOL, DIPALMITOYLETHYL HYDROXYETHYLMONIUM METHOSULFATE, BEHENAMIDOPROPYL DIMETHYLAMINE, PHENOXYETHANOL, HYDROLYZED KERATIN, PROPYLENE GLYCOL, CETRIMONIUM CHLORIDE, PARFUM (FRAGRANCE), LACTIC ACID, THEOBROMA CACAO (COCOA) SEED EXTRACT, ETHYLHEXYLGLYCERIN, LIMONENE, CITRUS AURANTIUM PEEL OIL, CITRIC ACID.<\/p>\n<p><strong>The list of ingredients could change. Always refer to the product packaging for the most up-to-date ingredient list.<\/strong><br \/>\n<strong>Koostisosade loetelu v\u00f5ib muutuda. K\u00f5ige ajakohasema koostisosade loetelu leiad alati toote pakendilt.<\/strong><\/p>\n<p class=\"p1\"><span class=\"s1\">Importer: Beauty Cosmetics O\u00dc, Kaupmehe 6, Tallinn <a href=\"https:\/\/shebeauty.ee\/en\/\"><span class=\"s2\">www.shebeauty.ee<\/span><\/a><\/span><\/p>","protected":false},"excerpt":{"rendered":"<p>(<em>Liitrihind: 132,00 \u20ac\/l<\/em>)<br data-start=\"324\" data-end=\"327\" \/>Taastav ja silendav juuksemask keratiini ja kakaoseemneekstraktiga, mis niisutab juukseid s\u00fcgavuti, muutes need kergesti kammitavaks.<br \/>\nLisaks aitab mask pikendada keratiinhoolduse tulemust.<\/p>","protected":false},"featured_media":5694,"comment_status":"open","ping_status":"closed","template":"","meta":{"site-sidebar-layout":"default","site-content-layout":"","ast-site-content-layout":"default","site-content-style":"default","site-sidebar-style":"default","ast-global-header-display":"","ast-banner-title-visibility":"","ast-main-header-display":"","ast-hfb-above-header-display":"","ast-hfb-below-header-display":"","ast-hfb-mobile-header-display":"","site-post-title":"","ast-breadcrumbs-content":"","ast-featured-img":"","footer-sml-layout":"","ast-disable-related-posts":"","theme-transparent-header-meta":"default","adv-header-id-meta":"","stick-header-meta":"","header-above-stick-meta":"","header-main-stick-meta":"","header-below-stick-meta":"","astra-migrate-meta-layouts":"set","ast-page-background-enabled":"default","ast-page-background-meta":{"desktop":{"background-color":"var(--ast-global-color-4)","background-image":"","background-repeat":"repeat","background-position":"center center","background-size":"auto","background-attachment":"scroll","background-type":"","background-media":"","overlay-type":"","overlay-color":"","overlay-opacity":"","overlay-gradient":""},"tablet":{"background-color":"","background-image":"","background-repeat":"repeat","background-position":"center center","background-size":"auto","background-attachment":"scroll","background-type":"","background-media":"","overlay-type":"","overlay-color":"","overlay-opacity":"","overlay-gradient":""},"mobile":{"background-color":"","background-image":"","background-repeat":"repeat","background-position":"center center","background-size":"auto","background-attachment":"scroll","background-type":"","background-media":"","overlay-type":"","overlay-color":"","overlay-opacity":"","overlay-gradient":""}},"ast-content-background-meta":{"desktop":{"background-color":"var(--ast-global-color-5)","background-image":"","background-repeat":"repeat","background-position":"center center","background-size":"auto","background-attachment":"scroll","background-type":"","background-media":"","overlay-type":"","overlay-color":"","overlay-opacity":"","overlay-gradient":""},"tablet":{"background-color":"var(--ast-global-color-5)","background-image":"","background-repeat":"repeat","background-position":"center center","background-size":"auto","background-attachment":"scroll","background-type":"","background-media":"","overlay-type":"","overlay-color":"","overlay-opacity":"","overlay-gradient":""},"mobile":{"background-color":"var(--ast-global-color-5)","background-image":"","background-repeat":"repeat","background-position":"center center","background-size":"auto","background-attachment":"scroll","background-type":"","background-media":"","overlay-type":"","overlay-color":"","overlay-opacity":"","overlay-gradient":""}}},"product_brand":[],"product_cat":[20],"product_tag":[151,69,295,181,182],"giftcard-category":[],"class_list":{"0":"post-4475","1":"product","2":"type-product","3":"status-publish","4":"has-post-thumbnail","6":"product_cat-juuksehooldustooted-sampoon-palsam-mask","7":"product_tag-intensiivselt-niisutav","8":"product_tag-juuksemask","9":"product_tag-k-time-keratin-code-pro-sari","10":"product_tag-keratiiniga","11":"product_tag-peale-keratiinhooldust","12":"desktop-align-center","13":"tablet-align-left","14":"mobile-align-left","16":"first","17":"instock","18":"taxable","19":"shipping-taxable","20":"purchasable","21":"product-type-simple"},"yoast_head":"<!-- This site is optimized with the Yoast SEO plugin v27.3 - https:\/\/yoast.com\/product\/yoast-seo-wordpress\/ -->\n<title>K-Time Keratin Code Reactivating Hair Mask 250ml - She Beauty Studio<\/title>\n<meta name=\"description\" content=\"Keratin Code Reactivating Hair Mask on spetsiaalselt loodud selleks, et tugevdada ja pikendada Keratin Code sirgendava hoolduse efekti.\" \/>\n<meta name=\"robots\" content=\"index, follow, max-snippet:-1, max-image-preview:large, max-video-preview:-1\" \/>\n<link rel=\"canonical\" href=\"https:\/\/shebeauty.ee\/en\/product\/k-time-keratin-code-reactivating-hair-mask-250ml\/\" \/>\n<meta property=\"og:locale\" content=\"en_US\" \/>\n<meta property=\"og:type\" content=\"article\" \/>\n<meta property=\"og:title\" content=\"K-Time Keratin Code Reactivating Hair Mask 250ml - She Beauty Studio\" \/>\n<meta property=\"og:description\" content=\"Keratin Code Reactivating Hair Mask on spetsiaalselt loodud selleks, et tugevdada ja pikendada Keratin Code sirgendava hoolduse efekti.\" \/>\n<meta property=\"og:url\" content=\"https:\/\/shebeauty.ee\/en\/product\/k-time-keratin-code-reactivating-hair-mask-250ml\/\" \/>\n<meta property=\"og:site_name\" content=\"She Beauty Studio\" \/>\n<meta property=\"article:modified_time\" content=\"2025-08-23T12:38:02+00:00\" \/>\n<meta property=\"og:image\" content=\"https:\/\/shebeauty.ee\/wp-content\/uploads\/2025\/02\/K-Time-Keratin-Code-MASK-scaled.jpg\" \/>\n\t<meta property=\"og:image:width\" content=\"2560\" \/>\n\t<meta property=\"og:image:height\" content=\"2560\" \/>\n\t<meta property=\"og:image:type\" content=\"image\/jpeg\" \/>\n<meta name=\"twitter:card\" content=\"summary_large_image\" \/>\n<meta name=\"twitter:label1\" content=\"Est. reading time\" \/>\n\t<meta name=\"twitter:data1\" content=\"2 minutes\" \/>\n<script type=\"application\/ld+json\" class=\"yoast-schema-graph\">{\"@context\":\"https:\\\/\\\/schema.org\",\"@graph\":[{\"@type\":\"WebPage\",\"@id\":\"https:\\\/\\\/shebeauty.ee\\\/toode\\\/k-time-keratin-code-reactivating-hair-mask-250ml\\\/\",\"url\":\"https:\\\/\\\/shebeauty.ee\\\/toode\\\/k-time-keratin-code-reactivating-hair-mask-250ml\\\/\",\"name\":\"K-Time Keratin Code Reactivating Hair Mask 250ml - She Beauty Studio\",\"isPartOf\":{\"@id\":\"https:\\\/\\\/shebeauty.ee\\\/#website\"},\"primaryImageOfPage\":{\"@id\":\"https:\\\/\\\/shebeauty.ee\\\/toode\\\/k-time-keratin-code-reactivating-hair-mask-250ml\\\/#primaryimage\"},\"image\":{\"@id\":\"https:\\\/\\\/shebeauty.ee\\\/toode\\\/k-time-keratin-code-reactivating-hair-mask-250ml\\\/#primaryimage\"},\"thumbnailUrl\":\"https:\\\/\\\/shebeauty.ee\\\/wp-content\\\/uploads\\\/2025\\\/02\\\/K-Time-Keratin-Code-MASK-scaled.jpg\",\"datePublished\":\"2025-02-17T15:39:02+00:00\",\"dateModified\":\"2025-08-23T12:38:02+00:00\",\"description\":\"Keratin Code Reactivating Hair Mask on spetsiaalselt loodud selleks, et tugevdada ja pikendada Keratin Code sirgendava hoolduse efekti.\",\"breadcrumb\":{\"@id\":\"https:\\\/\\\/shebeauty.ee\\\/toode\\\/k-time-keratin-code-reactivating-hair-mask-250ml\\\/#breadcrumb\"},\"inLanguage\":\"en-US\",\"potentialAction\":[{\"@type\":\"ReadAction\",\"target\":[\"https:\\\/\\\/shebeauty.ee\\\/toode\\\/k-time-keratin-code-reactivating-hair-mask-250ml\\\/\"]}]},{\"@type\":\"ImageObject\",\"inLanguage\":\"en-US\",\"@id\":\"https:\\\/\\\/shebeauty.ee\\\/toode\\\/k-time-keratin-code-reactivating-hair-mask-250ml\\\/#primaryimage\",\"url\":\"https:\\\/\\\/shebeauty.ee\\\/wp-content\\\/uploads\\\/2025\\\/02\\\/K-Time-Keratin-Code-MASK-scaled.jpg\",\"contentUrl\":\"https:\\\/\\\/shebeauty.ee\\\/wp-content\\\/uploads\\\/2025\\\/02\\\/K-Time-Keratin-Code-MASK-scaled.jpg\",\"width\":2560,\"height\":2560},{\"@type\":\"BreadcrumbList\",\"@id\":\"https:\\\/\\\/shebeauty.ee\\\/toode\\\/k-time-keratin-code-reactivating-hair-mask-250ml\\\/#breadcrumb\",\"itemListElement\":[{\"@type\":\"ListItem\",\"position\":1,\"name\":\"Home\",\"item\":\"https:\\\/\\\/shebeauty.ee\\\/\"},{\"@type\":\"ListItem\",\"position\":2,\"name\":\"Pood\",\"item\":\"https:\\\/\\\/shebeauty.ee\\\/e-pood\\\/\"},{\"@type\":\"ListItem\",\"position\":3,\"name\":\"K-Time Keratin Code Reactivating Hair Mask 250ml\"}]},{\"@type\":\"WebSite\",\"@id\":\"https:\\\/\\\/shebeauty.ee\\\/#website\",\"url\":\"https:\\\/\\\/shebeauty.ee\\\/\",\"name\":\"She Beauty Studio\",\"description\":\"Juuksestuudio\",\"publisher\":{\"@id\":\"https:\\\/\\\/shebeauty.ee\\\/#organization\"},\"potentialAction\":[{\"@type\":\"SearchAction\",\"target\":{\"@type\":\"EntryPoint\",\"urlTemplate\":\"https:\\\/\\\/shebeauty.ee\\\/?s={search_term_string}\"},\"query-input\":{\"@type\":\"PropertyValueSpecification\",\"valueRequired\":true,\"valueName\":\"search_term_string\"}}],\"inLanguage\":\"en-US\"},{\"@type\":\"Organization\",\"@id\":\"https:\\\/\\\/shebeauty.ee\\\/#organization\",\"name\":\"She Beauty O\u00dc\",\"url\":\"https:\\\/\\\/shebeauty.ee\\\/\",\"logo\":{\"@type\":\"ImageObject\",\"inLanguage\":\"en-US\",\"@id\":\"https:\\\/\\\/shebeauty.ee\\\/#\\\/schema\\\/logo\\\/image\\\/\",\"url\":\"https:\\\/\\\/shebeauty.ee\\\/wp-content\\\/uploads\\\/2023\\\/10\\\/IMG_0585.jpg\",\"contentUrl\":\"https:\\\/\\\/shebeauty.ee\\\/wp-content\\\/uploads\\\/2023\\\/10\\\/IMG_0585.jpg\",\"width\":1284,\"height\":1300,\"caption\":\"She Beauty O\u00dc\"},\"image\":{\"@id\":\"https:\\\/\\\/shebeauty.ee\\\/#\\\/schema\\\/logo\\\/image\\\/\"}}]}<\/script>\n<!-- \/ Yoast SEO plugin. -->","yoast_head_json":{"title":"K-Time Keratin Code Reactivating Hair Mask 250ml - She Beauty Studio","description":"Keratin Code Reactivating Hair Mask on spetsiaalselt loodud selleks, et tugevdada ja pikendada Keratin Code sirgendava hoolduse efekti.","robots":{"index":"index","follow":"follow","max-snippet":"max-snippet:-1","max-image-preview":"max-image-preview:large","max-video-preview":"max-video-preview:-1"},"canonical":"https:\/\/shebeauty.ee\/en\/product\/k-time-keratin-code-reactivating-hair-mask-250ml\/","og_locale":"en_US","og_type":"article","og_title":"K-Time Keratin Code Reactivating Hair Mask 250ml - She Beauty Studio","og_description":"Keratin Code Reactivating Hair Mask on spetsiaalselt loodud selleks, et tugevdada ja pikendada Keratin Code sirgendava hoolduse efekti.","og_url":"https:\/\/shebeauty.ee\/en\/product\/k-time-keratin-code-reactivating-hair-mask-250ml\/","og_site_name":"She Beauty Studio","article_modified_time":"2025-08-23T12:38:02+00:00","og_image":[{"width":2560,"height":2560,"url":"https:\/\/shebeauty.ee\/wp-content\/uploads\/2025\/02\/K-Time-Keratin-Code-MASK-scaled.jpg","type":"image\/jpeg"}],"twitter_card":"summary_large_image","twitter_misc":{"Est. reading time":"2 minutes"},"schema":{"@context":"https:\/\/schema.org","@graph":[{"@type":"WebPage","@id":"https:\/\/shebeauty.ee\/toode\/k-time-keratin-code-reactivating-hair-mask-250ml\/","url":"https:\/\/shebeauty.ee\/toode\/k-time-keratin-code-reactivating-hair-mask-250ml\/","name":"K-Time Keratin Code Reactivating Hair Mask 250ml - She Beauty Studio","isPartOf":{"@id":"https:\/\/shebeauty.ee\/#website"},"primaryImageOfPage":{"@id":"https:\/\/shebeauty.ee\/toode\/k-time-keratin-code-reactivating-hair-mask-250ml\/#primaryimage"},"image":{"@id":"https:\/\/shebeauty.ee\/toode\/k-time-keratin-code-reactivating-hair-mask-250ml\/#primaryimage"},"thumbnailUrl":"https:\/\/shebeauty.ee\/wp-content\/uploads\/2025\/02\/K-Time-Keratin-Code-MASK-scaled.jpg","datePublished":"2025-02-17T15:39:02+00:00","dateModified":"2025-08-23T12:38:02+00:00","description":"Keratin Code Reactivating Hair Mask on spetsiaalselt loodud selleks, et tugevdada ja pikendada Keratin Code sirgendava hoolduse efekti.","breadcrumb":{"@id":"https:\/\/shebeauty.ee\/toode\/k-time-keratin-code-reactivating-hair-mask-250ml\/#breadcrumb"},"inLanguage":"en-US","potentialAction":[{"@type":"ReadAction","target":["https:\/\/shebeauty.ee\/toode\/k-time-keratin-code-reactivating-hair-mask-250ml\/"]}]},{"@type":"ImageObject","inLanguage":"en-US","@id":"https:\/\/shebeauty.ee\/toode\/k-time-keratin-code-reactivating-hair-mask-250ml\/#primaryimage","url":"https:\/\/shebeauty.ee\/wp-content\/uploads\/2025\/02\/K-Time-Keratin-Code-MASK-scaled.jpg","contentUrl":"https:\/\/shebeauty.ee\/wp-content\/uploads\/2025\/02\/K-Time-Keratin-Code-MASK-scaled.jpg","width":2560,"height":2560},{"@type":"BreadcrumbList","@id":"https:\/\/shebeauty.ee\/toode\/k-time-keratin-code-reactivating-hair-mask-250ml\/#breadcrumb","itemListElement":[{"@type":"ListItem","position":1,"name":"Home","item":"https:\/\/shebeauty.ee\/"},{"@type":"ListItem","position":2,"name":"Pood","item":"https:\/\/shebeauty.ee\/e-pood\/"},{"@type":"ListItem","position":3,"name":"K-Time Keratin Code Reactivating Hair Mask 250ml"}]},{"@type":"WebSite","@id":"https:\/\/shebeauty.ee\/#website","url":"https:\/\/shebeauty.ee\/","name":"She Beauty Studio","description":"Juuksestuudio","publisher":{"@id":"https:\/\/shebeauty.ee\/#organization"},"potentialAction":[{"@type":"SearchAction","target":{"@type":"EntryPoint","urlTemplate":"https:\/\/shebeauty.ee\/?s={search_term_string}"},"query-input":{"@type":"PropertyValueSpecification","valueRequired":true,"valueName":"search_term_string"}}],"inLanguage":"en-US"},{"@type":"Organization","@id":"https:\/\/shebeauty.ee\/#organization","name":"She Beauty O\u00dc","url":"https:\/\/shebeauty.ee\/","logo":{"@type":"ImageObject","inLanguage":"en-US","@id":"https:\/\/shebeauty.ee\/#\/schema\/logo\/image\/","url":"https:\/\/shebeauty.ee\/wp-content\/uploads\/2023\/10\/IMG_0585.jpg","contentUrl":"https:\/\/shebeauty.ee\/wp-content\/uploads\/2023\/10\/IMG_0585.jpg","width":1284,"height":1300,"caption":"She Beauty O\u00dc"},"image":{"@id":"https:\/\/shebeauty.ee\/#\/schema\/logo\/image\/"}}]}},"_links":{"self":[{"href":"https:\/\/shebeauty.ee\/en\/wp-json\/wp\/v2\/product\/4475","targetHints":{"allow":["GET"]}}],"collection":[{"href":"https:\/\/shebeauty.ee\/en\/wp-json\/wp\/v2\/product"}],"about":[{"href":"https:\/\/shebeauty.ee\/en\/wp-json\/wp\/v2\/types\/product"}],"replies":[{"embeddable":true,"href":"https:\/\/shebeauty.ee\/en\/wp-json\/wp\/v2\/comments?post=4475"}],"wp:featuredmedia":[{"embeddable":true,"href":"https:\/\/shebeauty.ee\/en\/wp-json\/wp\/v2\/media\/5694"}],"wp:attachment":[{"href":"https:\/\/shebeauty.ee\/en\/wp-json\/wp\/v2\/media?parent=4475"}],"wp:term":[{"taxonomy":"product_brand","embeddable":true,"href":"https:\/\/shebeauty.ee\/en\/wp-json\/wp\/v2\/product_brand?post=4475"},{"taxonomy":"product_cat","embeddable":true,"href":"https:\/\/shebeauty.ee\/en\/wp-json\/wp\/v2\/product_cat?post=4475"},{"taxonomy":"product_tag","embeddable":true,"href":"https:\/\/shebeauty.ee\/en\/wp-json\/wp\/v2\/product_tag?post=4475"},{"taxonomy":"giftcard-category","embeddable":true,"href":"https:\/\/shebeauty.ee\/en\/wp-json\/wp\/v2\/giftcard-category?post=4475"}],"curies":[{"name":"wp","href":"https:\/\/api.w.org\/{rel}","templated":true}]}}