{"id":4381,"date":"2025-01-16T22:08:21","date_gmt":"2025-01-16T20:08:21","guid":{"rendered":"https:\/\/shebeauty.ee\/?post_type=product&#038;p=4381"},"modified":"2025-12-09T17:38:08","modified_gmt":"2025-12-09T15:38:08","slug":"professionaalne-juuksefoon-orpheus-3002","status":"publish","type":"product","link":"https:\/\/shebeauty.ee\/en\/product\/professionaalne-juuksefoon-orpheus-3002\/","title":{"rendered":"Professional Hair Dryer Orpheus 3002"},"content":{"rendered":"<p style=\"font-weight: 400;\" class=\"translation-block\">The hair dryer is made in Italy, combining everything a professional hairstylist needs in daily work \u2013 <strong>cutting-edge technology<\/strong>, <strong>elegance<\/strong>, and <strong>functionality<\/strong>.<\/p>\n<p style=\"font-weight: 400;\" class=\"translation-block\">The hair dryer features <strong>2 speed settings<\/strong>, <strong>4 temperature levels<\/strong>, <strong>2 cold air functions<\/strong>, and <strong>2 directional airflow nozzles<\/strong> to ensure a perfect finish for any hairstyle.<br>\nThe dryer is <strong>lightweight<\/strong> (400g) with an <strong>ergonomic design<\/strong>, making your work smooth and comfortable, allowing you to work quickly and efficiently.<\/p>\n<p style=\"font-weight: 400;\" class=\"translation-block\">The Orpheus 3002 combines <strong>high performance<\/strong>, <strong>comfort<\/strong>, and <strong>durability<\/strong>, making it ideal for everyday use.<\/p>\n<p>&nbsp;<\/p>\n<p>&nbsp;<\/p>","protected":false},"excerpt":{"rendered":"<p>The Orpheus 3002 is a lightweight and ergonomic K-Time hair dryer made in Italy, combining advanced technology, comfort, and durability.<\/p>","protected":false},"featured_media":4382,"comment_status":"open","ping_status":"closed","template":"","meta":{"site-sidebar-layout":"default","site-content-layout":"","ast-site-content-layout":"default","site-content-style":"default","site-sidebar-style":"default","ast-global-header-display":"","ast-banner-title-visibility":"","ast-main-header-display":"","ast-hfb-above-header-display":"","ast-hfb-below-header-display":"","ast-hfb-mobile-header-display":"","site-post-title":"","ast-breadcrumbs-content":"","ast-featured-img":"","footer-sml-layout":"","ast-disable-related-posts":"","theme-transparent-header-meta":"default","adv-header-id-meta":"","stick-header-meta":"","header-above-stick-meta":"","header-main-stick-meta":"","header-below-stick-meta":"","astra-migrate-meta-layouts":"set","ast-page-background-enabled":"default","ast-page-background-meta":{"desktop":{"background-color":"var(--ast-global-color-4)","background-image":"","background-repeat":"repeat","background-position":"center center","background-size":"auto","background-attachment":"scroll","background-type":"","background-media":"","overlay-type":"","overlay-color":"","overlay-opacity":"","overlay-gradient":""},"tablet":{"background-color":"","background-image":"","background-repeat":"repeat","background-position":"center center","background-size":"auto","background-attachment":"scroll","background-type":"","background-media":"","overlay-type":"","overlay-color":"","overlay-opacity":"","overlay-gradient":""},"mobile":{"background-color":"","background-image":"","background-repeat":"repeat","background-position":"center center","background-size":"auto","background-attachment":"scroll","background-type":"","background-media":"","overlay-type":"","overlay-color":"","overlay-opacity":"","overlay-gradient":""}},"ast-content-background-meta":{"desktop":{"background-color":"var(--ast-global-color-5)","background-image":"","background-repeat":"repeat","background-position":"center center","background-size":"auto","background-attachment":"scroll","background-type":"","background-media":"","overlay-type":"","overlay-color":"","overlay-opacity":"","overlay-gradient":""},"tablet":{"background-color":"var(--ast-global-color-5)","background-image":"","background-repeat":"repeat","background-position":"center center","background-size":"auto","background-attachment":"scroll","background-type":"","background-media":"","overlay-type":"","overlay-color":"","overlay-opacity":"","overlay-gradient":""},"mobile":{"background-color":"var(--ast-global-color-5)","background-image":"","background-repeat":"repeat","background-position":"center center","background-size":"auto","background-attachment":"scroll","background-type":"","background-media":"","overlay-type":"","overlay-color":"","overlay-opacity":"","overlay-gradient":""}}},"product_brand":[],"product_cat":[60],"product_tag":[],"giftcard-category":[],"class_list":{"0":"post-4381","1":"product","2":"type-product","3":"status-publish","4":"has-post-thumbnail","6":"product_cat-juuksepikenduste-tarvikud","7":"desktop-align-center","8":"tablet-align-left","9":"mobile-align-left","11":"first","12":"instock","13":"taxable","14":"shipping-taxable","15":"purchasable","16":"product-type-simple"},"yoast_head":"<!-- This site is optimized with the Yoast SEO plugin v27.3 - https:\/\/yoast.com\/product\/yoast-seo-wordpress\/ -->\n<title>Professionaalne juuksef\u00f6\u00f6n Orpheus 3002 - She Beauty Studio<\/title>\n<meta name=\"description\" content=\"Itaalias valmistatud professionaalne f\u00f6\u00f6n, mis pakub 2 kiirusre\u017eiimi, 4 temperatuuri. Kerge (400g) ergonoomilise disainiga.\" \/>\n<meta name=\"robots\" content=\"index, follow, max-snippet:-1, max-image-preview:large, max-video-preview:-1\" \/>\n<link rel=\"canonical\" href=\"https:\/\/shebeauty.ee\/en\/product\/professionaalne-juuksefoon-orpheus-3002\/\" \/>\n<meta property=\"og:locale\" content=\"en_US\" \/>\n<meta property=\"og:type\" content=\"article\" \/>\n<meta property=\"og:title\" content=\"Professionaalne juuksef\u00f6\u00f6n Orpheus 3002 - She Beauty Studio\" \/>\n<meta property=\"og:description\" content=\"Itaalias valmistatud professionaalne f\u00f6\u00f6n, mis pakub 2 kiirusre\u017eiimi, 4 temperatuuri. Kerge (400g) ergonoomilise disainiga.\" \/>\n<meta property=\"og:url\" content=\"https:\/\/shebeauty.ee\/en\/product\/professionaalne-juuksefoon-orpheus-3002\/\" \/>\n<meta property=\"og:site_name\" content=\"She Beauty Studio\" \/>\n<meta property=\"article:modified_time\" content=\"2025-12-09T15:38:08+00:00\" \/>\n<meta property=\"og:image\" content=\"https:\/\/shebeauty.ee\/wp-content\/uploads\/2025\/01\/24007_k-time_orpheus_hair_dryer.png\" \/>\n\t<meta property=\"og:image:width\" content=\"600\" \/>\n\t<meta property=\"og:image:height\" content=\"600\" \/>\n\t<meta property=\"og:image:type\" content=\"image\/png\" \/>\n<meta name=\"twitter:card\" content=\"summary_large_image\" \/>\n<meta name=\"twitter:label1\" content=\"Est. reading time\" \/>\n\t<meta name=\"twitter:data1\" content=\"1 minute\" \/>\n<script type=\"application\/ld+json\" class=\"yoast-schema-graph\">{\"@context\":\"https:\\\/\\\/schema.org\",\"@graph\":[{\"@type\":\"WebPage\",\"@id\":\"https:\\\/\\\/shebeauty.ee\\\/toode\\\/professionaalne-juuksefoon-orpheus-3002\\\/\",\"url\":\"https:\\\/\\\/shebeauty.ee\\\/toode\\\/professionaalne-juuksefoon-orpheus-3002\\\/\",\"name\":\"Professionaalne juuksef\u00f6\u00f6n Orpheus 3002 - She Beauty Studio\",\"isPartOf\":{\"@id\":\"https:\\\/\\\/shebeauty.ee\\\/#website\"},\"primaryImageOfPage\":{\"@id\":\"https:\\\/\\\/shebeauty.ee\\\/toode\\\/professionaalne-juuksefoon-orpheus-3002\\\/#primaryimage\"},\"image\":{\"@id\":\"https:\\\/\\\/shebeauty.ee\\\/toode\\\/professionaalne-juuksefoon-orpheus-3002\\\/#primaryimage\"},\"thumbnailUrl\":\"https:\\\/\\\/shebeauty.ee\\\/wp-content\\\/uploads\\\/2025\\\/01\\\/24007_k-time_orpheus_hair_dryer.png\",\"datePublished\":\"2025-01-16T20:08:21+00:00\",\"dateModified\":\"2025-12-09T15:38:08+00:00\",\"description\":\"Itaalias valmistatud professionaalne f\u00f6\u00f6n, mis pakub 2 kiirusre\u017eiimi, 4 temperatuuri. Kerge (400g) ergonoomilise disainiga.\",\"breadcrumb\":{\"@id\":\"https:\\\/\\\/shebeauty.ee\\\/toode\\\/professionaalne-juuksefoon-orpheus-3002\\\/#breadcrumb\"},\"inLanguage\":\"en-US\",\"potentialAction\":[{\"@type\":\"ReadAction\",\"target\":[\"https:\\\/\\\/shebeauty.ee\\\/toode\\\/professionaalne-juuksefoon-orpheus-3002\\\/\"]}]},{\"@type\":\"ImageObject\",\"inLanguage\":\"en-US\",\"@id\":\"https:\\\/\\\/shebeauty.ee\\\/toode\\\/professionaalne-juuksefoon-orpheus-3002\\\/#primaryimage\",\"url\":\"https:\\\/\\\/shebeauty.ee\\\/wp-content\\\/uploads\\\/2025\\\/01\\\/24007_k-time_orpheus_hair_dryer.png\",\"contentUrl\":\"https:\\\/\\\/shebeauty.ee\\\/wp-content\\\/uploads\\\/2025\\\/01\\\/24007_k-time_orpheus_hair_dryer.png\",\"width\":600,\"height\":600},{\"@type\":\"BreadcrumbList\",\"@id\":\"https:\\\/\\\/shebeauty.ee\\\/toode\\\/professionaalne-juuksefoon-orpheus-3002\\\/#breadcrumb\",\"itemListElement\":[{\"@type\":\"ListItem\",\"position\":1,\"name\":\"Home\",\"item\":\"https:\\\/\\\/shebeauty.ee\\\/\"},{\"@type\":\"ListItem\",\"position\":2,\"name\":\"Pood\",\"item\":\"https:\\\/\\\/shebeauty.ee\\\/e-pood\\\/\"},{\"@type\":\"ListItem\",\"position\":3,\"name\":\"Professionaalne juuksef\u00f6\u00f6n Orpheus 3002\"}]},{\"@type\":\"WebSite\",\"@id\":\"https:\\\/\\\/shebeauty.ee\\\/#website\",\"url\":\"https:\\\/\\\/shebeauty.ee\\\/\",\"name\":\"She Beauty Studio\",\"description\":\"Juuksestuudio\",\"publisher\":{\"@id\":\"https:\\\/\\\/shebeauty.ee\\\/#organization\"},\"potentialAction\":[{\"@type\":\"SearchAction\",\"target\":{\"@type\":\"EntryPoint\",\"urlTemplate\":\"https:\\\/\\\/shebeauty.ee\\\/?s={search_term_string}\"},\"query-input\":{\"@type\":\"PropertyValueSpecification\",\"valueRequired\":true,\"valueName\":\"search_term_string\"}}],\"inLanguage\":\"en-US\"},{\"@type\":\"Organization\",\"@id\":\"https:\\\/\\\/shebeauty.ee\\\/#organization\",\"name\":\"She Beauty O\u00dc\",\"url\":\"https:\\\/\\\/shebeauty.ee\\\/\",\"logo\":{\"@type\":\"ImageObject\",\"inLanguage\":\"en-US\",\"@id\":\"https:\\\/\\\/shebeauty.ee\\\/#\\\/schema\\\/logo\\\/image\\\/\",\"url\":\"https:\\\/\\\/shebeauty.ee\\\/wp-content\\\/uploads\\\/2023\\\/10\\\/IMG_0585.jpg\",\"contentUrl\":\"https:\\\/\\\/shebeauty.ee\\\/wp-content\\\/uploads\\\/2023\\\/10\\\/IMG_0585.jpg\",\"width\":1284,\"height\":1300,\"caption\":\"She Beauty O\u00dc\"},\"image\":{\"@id\":\"https:\\\/\\\/shebeauty.ee\\\/#\\\/schema\\\/logo\\\/image\\\/\"}}]}<\/script>\n<!-- \/ Yoast SEO plugin. -->","yoast_head_json":{"title":"Professionaalne juuksef\u00f6\u00f6n Orpheus 3002 - She Beauty Studio","description":"Itaalias valmistatud professionaalne f\u00f6\u00f6n, mis pakub 2 kiirusre\u017eiimi, 4 temperatuuri. Kerge (400g) ergonoomilise disainiga.","robots":{"index":"index","follow":"follow","max-snippet":"max-snippet:-1","max-image-preview":"max-image-preview:large","max-video-preview":"max-video-preview:-1"},"canonical":"https:\/\/shebeauty.ee\/en\/product\/professionaalne-juuksefoon-orpheus-3002\/","og_locale":"en_US","og_type":"article","og_title":"Professionaalne juuksef\u00f6\u00f6n Orpheus 3002 - She Beauty Studio","og_description":"Itaalias valmistatud professionaalne f\u00f6\u00f6n, mis pakub 2 kiirusre\u017eiimi, 4 temperatuuri. Kerge (400g) ergonoomilise disainiga.","og_url":"https:\/\/shebeauty.ee\/en\/product\/professionaalne-juuksefoon-orpheus-3002\/","og_site_name":"She Beauty Studio","article_modified_time":"2025-12-09T15:38:08+00:00","og_image":[{"width":600,"height":600,"url":"https:\/\/shebeauty.ee\/wp-content\/uploads\/2025\/01\/24007_k-time_orpheus_hair_dryer.png","type":"image\/png"}],"twitter_card":"summary_large_image","twitter_misc":{"Est. reading time":"1 minute"},"schema":{"@context":"https:\/\/schema.org","@graph":[{"@type":"WebPage","@id":"https:\/\/shebeauty.ee\/toode\/professionaalne-juuksefoon-orpheus-3002\/","url":"https:\/\/shebeauty.ee\/toode\/professionaalne-juuksefoon-orpheus-3002\/","name":"Professionaalne juuksef\u00f6\u00f6n Orpheus 3002 - She Beauty Studio","isPartOf":{"@id":"https:\/\/shebeauty.ee\/#website"},"primaryImageOfPage":{"@id":"https:\/\/shebeauty.ee\/toode\/professionaalne-juuksefoon-orpheus-3002\/#primaryimage"},"image":{"@id":"https:\/\/shebeauty.ee\/toode\/professionaalne-juuksefoon-orpheus-3002\/#primaryimage"},"thumbnailUrl":"https:\/\/shebeauty.ee\/wp-content\/uploads\/2025\/01\/24007_k-time_orpheus_hair_dryer.png","datePublished":"2025-01-16T20:08:21+00:00","dateModified":"2025-12-09T15:38:08+00:00","description":"Itaalias valmistatud professionaalne f\u00f6\u00f6n, mis pakub 2 kiirusre\u017eiimi, 4 temperatuuri. Kerge (400g) ergonoomilise disainiga.","breadcrumb":{"@id":"https:\/\/shebeauty.ee\/toode\/professionaalne-juuksefoon-orpheus-3002\/#breadcrumb"},"inLanguage":"en-US","potentialAction":[{"@type":"ReadAction","target":["https:\/\/shebeauty.ee\/toode\/professionaalne-juuksefoon-orpheus-3002\/"]}]},{"@type":"ImageObject","inLanguage":"en-US","@id":"https:\/\/shebeauty.ee\/toode\/professionaalne-juuksefoon-orpheus-3002\/#primaryimage","url":"https:\/\/shebeauty.ee\/wp-content\/uploads\/2025\/01\/24007_k-time_orpheus_hair_dryer.png","contentUrl":"https:\/\/shebeauty.ee\/wp-content\/uploads\/2025\/01\/24007_k-time_orpheus_hair_dryer.png","width":600,"height":600},{"@type":"BreadcrumbList","@id":"https:\/\/shebeauty.ee\/toode\/professionaalne-juuksefoon-orpheus-3002\/#breadcrumb","itemListElement":[{"@type":"ListItem","position":1,"name":"Home","item":"https:\/\/shebeauty.ee\/"},{"@type":"ListItem","position":2,"name":"Pood","item":"https:\/\/shebeauty.ee\/e-pood\/"},{"@type":"ListItem","position":3,"name":"Professionaalne juuksef\u00f6\u00f6n Orpheus 3002"}]},{"@type":"WebSite","@id":"https:\/\/shebeauty.ee\/#website","url":"https:\/\/shebeauty.ee\/","name":"She Beauty Studio","description":"Juuksestuudio","publisher":{"@id":"https:\/\/shebeauty.ee\/#organization"},"potentialAction":[{"@type":"SearchAction","target":{"@type":"EntryPoint","urlTemplate":"https:\/\/shebeauty.ee\/?s={search_term_string}"},"query-input":{"@type":"PropertyValueSpecification","valueRequired":true,"valueName":"search_term_string"}}],"inLanguage":"en-US"},{"@type":"Organization","@id":"https:\/\/shebeauty.ee\/#organization","name":"She Beauty O\u00dc","url":"https:\/\/shebeauty.ee\/","logo":{"@type":"ImageObject","inLanguage":"en-US","@id":"https:\/\/shebeauty.ee\/#\/schema\/logo\/image\/","url":"https:\/\/shebeauty.ee\/wp-content\/uploads\/2023\/10\/IMG_0585.jpg","contentUrl":"https:\/\/shebeauty.ee\/wp-content\/uploads\/2023\/10\/IMG_0585.jpg","width":1284,"height":1300,"caption":"She Beauty O\u00dc"},"image":{"@id":"https:\/\/shebeauty.ee\/#\/schema\/logo\/image\/"}}]}},"_links":{"self":[{"href":"https:\/\/shebeauty.ee\/en\/wp-json\/wp\/v2\/product\/4381","targetHints":{"allow":["GET"]}}],"collection":[{"href":"https:\/\/shebeauty.ee\/en\/wp-json\/wp\/v2\/product"}],"about":[{"href":"https:\/\/shebeauty.ee\/en\/wp-json\/wp\/v2\/types\/product"}],"replies":[{"embeddable":true,"href":"https:\/\/shebeauty.ee\/en\/wp-json\/wp\/v2\/comments?post=4381"}],"wp:featuredmedia":[{"embeddable":true,"href":"https:\/\/shebeauty.ee\/en\/wp-json\/wp\/v2\/media\/4382"}],"wp:attachment":[{"href":"https:\/\/shebeauty.ee\/en\/wp-json\/wp\/v2\/media?parent=4381"}],"wp:term":[{"taxonomy":"product_brand","embeddable":true,"href":"https:\/\/shebeauty.ee\/en\/wp-json\/wp\/v2\/product_brand?post=4381"},{"taxonomy":"product_cat","embeddable":true,"href":"https:\/\/shebeauty.ee\/en\/wp-json\/wp\/v2\/product_cat?post=4381"},{"taxonomy":"product_tag","embeddable":true,"href":"https:\/\/shebeauty.ee\/en\/wp-json\/wp\/v2\/product_tag?post=4381"},{"taxonomy":"giftcard-category","embeddable":true,"href":"https:\/\/shebeauty.ee\/en\/wp-json\/wp\/v2\/giftcard-category?post=4381"}],"curies":[{"name":"wp","href":"https:\/\/api.w.org\/{rel}","templated":true}]}}