{"id":3690,"date":"2024-11-04T10:20:38","date_gmt":"2024-11-04T08:20:38","guid":{"rendered":"https:\/\/shebeauty.ee\/?post_type=product&#038;p=3690"},"modified":"2025-08-23T18:50:19","modified_gmt":"2025-08-23T15:50:19","slug":"k-time-one-man-shampoo-250ml","status":"publish","type":"product","link":"https:\/\/shebeauty.ee\/en\/product\/k-time-one-man-shampoo-250ml\/","title":{"rendered":"K-Time One Man Shampoo 250ml"},"content":{"rendered":"<p>One Man \u0161ampoon 3in1 on m\u00f5eldud spetsiaalselt meestele sagedaseks ja \u00f5rnaks juuksehoolduseks. Sobib kasutamiseks igap\u00e4evaselt. Eemaldab peanahalt rasu ja k\u00f5\u00f5ma ning elustab ja tugevdab juukseid. T\u00e4nu kreatiiniga koostisele toniseerib kolmetoimeline \u0161ampoon peanahka ja annab juustele elastsuse.<\/p>\n<p><strong>Kasutamine<\/strong>: Kandke toodet m\u00e4rgadele juustele, \u00f5rnalt masseerides peanahka kuni \u0161ampoon l\u00e4heb vahule. Probleemse peanaha korral korrake protseduuri ja j\u00e4tke toode m\u00f5juma m\u00f5neks minutiks. Loputage hoolikalt.<\/p>\n<p><strong>Ingredients:<\/strong><br \/>\nAQUA (WATER), SODIUM MYRETH SULFATE, MAGNESIUM LAURETH SULFATE, COCAMIDE MIPA, PPG-1-PEG-9 LAURYL GLYCOL ETHER, COCAMIDOPROPYL BATAINE, PARFUM (FRAGRANCE), PROPYLENE GLYCOL, DISODIUM LAURETH SULFOSUCCINATE, PIROCTONE OLAMINE, CREATINE, TILIA CORDATA FLOWER EXTRACT, GUAR HYDROXYPROPYLTRIMONIUM CHLORIDE, METHOXY PEG\/PPG-7\/3 AMINOPROPYL DIMETHICONE, ACRYLATES\/C10-30 ALKYL ACRYLATE CROSSPOLYMER, STYRENE\/ACRYLATES COPOLYMER, SODIUM HYDROXIDE, DISODIUM EDTA, PHENOXYETHANOL, CHLORPHENESIN, BENZYL ALCOHOL, METHYLCHLOROISOTHIAZOLINONE, METHYLISOTHIAZOLINONE.<\/p>\n<p><strong>The list of ingredients could change. Always refer to the product packaging for the most up-to-date ingredient list.<\/strong><br \/>\n<strong>Koostisosade loetelu v\u00f5ib muutuda. K\u00f5ige ajakohasema koostisosade loetelu leiad alati toote pakendilt.<\/strong><\/p>\n<p class=\"p1\"><span class=\"s1\">Importer: Beauty Cosmetics O\u00dc, Kaupmehe 6, Tallinn <a href=\"https:\/\/shebeauty.ee\/en\/\"><span class=\"s2\">www.shebeauty.ee<\/span><\/a><\/span><\/p>\n<p class=\"p1\">","protected":false},"excerpt":{"rendered":"<p>(<em>Liitrihind: 84\u20ac\/l<\/em>)<br \/>\nOne Man \u0161ampoon 3in1 on m\u00f5eldud spetsiaalselt meestele sagedaseks ja \u00f5rnaks juuksehoolduseks.<\/p>","protected":false},"featured_media":3685,"comment_status":"open","ping_status":"closed","template":"","meta":{"site-sidebar-layout":"default","site-content-layout":"","ast-site-content-layout":"default","site-content-style":"default","site-sidebar-style":"default","ast-global-header-display":"","ast-banner-title-visibility":"","ast-main-header-display":"","ast-hfb-above-header-display":"","ast-hfb-below-header-display":"","ast-hfb-mobile-header-display":"","site-post-title":"","ast-breadcrumbs-content":"","ast-featured-img":"","footer-sml-layout":"","ast-disable-related-posts":"","theme-transparent-header-meta":"default","adv-header-id-meta":"","stick-header-meta":"","header-above-stick-meta":"","header-main-stick-meta":"","header-below-stick-meta":"","astra-migrate-meta-layouts":"set","ast-page-background-enabled":"default","ast-page-background-meta":{"desktop":{"background-color":"var(--ast-global-color-4)","background-image":"","background-repeat":"repeat","background-position":"center center","background-size":"auto","background-attachment":"scroll","background-type":"","background-media":"","overlay-type":"","overlay-color":"","overlay-opacity":"","overlay-gradient":""},"tablet":{"background-color":"","background-image":"","background-repeat":"repeat","background-position":"center center","background-size":"auto","background-attachment":"scroll","background-type":"","background-media":"","overlay-type":"","overlay-color":"","overlay-opacity":"","overlay-gradient":""},"mobile":{"background-color":"","background-image":"","background-repeat":"repeat","background-position":"center center","background-size":"auto","background-attachment":"scroll","background-type":"","background-media":"","overlay-type":"","overlay-color":"","overlay-opacity":"","overlay-gradient":""}},"ast-content-background-meta":{"desktop":{"background-color":"var(--ast-global-color-5)","background-image":"","background-repeat":"repeat","background-position":"center center","background-size":"auto","background-attachment":"scroll","background-type":"","background-media":"","overlay-type":"","overlay-color":"","overlay-opacity":"","overlay-gradient":""},"tablet":{"background-color":"var(--ast-global-color-5)","background-image":"","background-repeat":"repeat","background-position":"center center","background-size":"auto","background-attachment":"scroll","background-type":"","background-media":"","overlay-type":"","overlay-color":"","overlay-opacity":"","overlay-gradient":""},"mobile":{"background-color":"var(--ast-global-color-5)","background-image":"","background-repeat":"repeat","background-position":"center center","background-size":"auto","background-attachment":"scroll","background-type":"","background-media":"","overlay-type":"","overlay-color":"","overlay-opacity":"","overlay-gradient":""}}},"product_brand":[],"product_cat":[162],"product_tag":[164,163,165],"giftcard-category":[],"class_list":{"0":"post-3690","1":"product","2":"type-product","3":"status-publish","4":"has-post-thumbnail","6":"product_cat-meeste-juuksehooldus","7":"product_tag-dusigeel","8":"product_tag-dusisampoon","9":"product_tag-meeste-sampoon","10":"desktop-align-center","11":"tablet-align-left","12":"mobile-align-left","14":"first","15":"instock","16":"taxable","17":"shipping-taxable","18":"purchasable","19":"product-type-simple"},"yoast_head":"<!-- This site is optimized with the Yoast SEO plugin v27.3 - https:\/\/yoast.com\/product\/yoast-seo-wordpress\/ -->\n<title>K-Time One Man Shampoo 250ml - She Beauty Studio<\/title>\n<meta name=\"description\" content=\"One Man \u0161ampoon 3in1 meestele. Sobib igap\u00e4evaseks kasutamiseks. Eemaldab peanahalt rasu ja k\u00f5\u00f5ma ning elustab ja tugevdab juukseid.\" \/>\n<meta name=\"robots\" content=\"index, follow, max-snippet:-1, max-image-preview:large, max-video-preview:-1\" \/>\n<link rel=\"canonical\" href=\"https:\/\/shebeauty.ee\/en\/product\/k-time-one-man-shampoo-250ml\/\" \/>\n<meta property=\"og:locale\" content=\"en_US\" \/>\n<meta property=\"og:type\" content=\"article\" \/>\n<meta property=\"og:title\" content=\"K-Time One Man Shampoo 250ml - She Beauty Studio\" \/>\n<meta property=\"og:description\" content=\"One Man \u0161ampoon 3in1 meestele. Sobib igap\u00e4evaseks kasutamiseks. Eemaldab peanahalt rasu ja k\u00f5\u00f5ma ning elustab ja tugevdab juukseid.\" \/>\n<meta property=\"og:url\" content=\"https:\/\/shebeauty.ee\/en\/product\/k-time-one-man-shampoo-250ml\/\" \/>\n<meta property=\"og:site_name\" content=\"She Beauty Studio\" \/>\n<meta property=\"article:modified_time\" content=\"2025-08-23T15:50:19+00:00\" \/>\n<meta property=\"og:image\" content=\"https:\/\/shebeauty.ee\/wp-content\/uploads\/2024\/11\/IMG_1106.png\" \/>\n\t<meta property=\"og:image:width\" content=\"600\" \/>\n\t<meta property=\"og:image:height\" content=\"600\" \/>\n\t<meta property=\"og:image:type\" content=\"image\/png\" \/>\n<meta name=\"twitter:card\" content=\"summary_large_image\" \/>\n<meta name=\"twitter:label1\" content=\"Est. reading time\" \/>\n\t<meta name=\"twitter:data1\" content=\"2 minutes\" \/>\n<script type=\"application\/ld+json\" class=\"yoast-schema-graph\">{\"@context\":\"https:\\\/\\\/schema.org\",\"@graph\":[{\"@type\":\"WebPage\",\"@id\":\"https:\\\/\\\/shebeauty.ee\\\/toode\\\/k-time-one-man-shampoo-250ml\\\/\",\"url\":\"https:\\\/\\\/shebeauty.ee\\\/toode\\\/k-time-one-man-shampoo-250ml\\\/\",\"name\":\"K-Time One Man Shampoo 250ml - She Beauty Studio\",\"isPartOf\":{\"@id\":\"https:\\\/\\\/shebeauty.ee\\\/#website\"},\"primaryImageOfPage\":{\"@id\":\"https:\\\/\\\/shebeauty.ee\\\/toode\\\/k-time-one-man-shampoo-250ml\\\/#primaryimage\"},\"image\":{\"@id\":\"https:\\\/\\\/shebeauty.ee\\\/toode\\\/k-time-one-man-shampoo-250ml\\\/#primaryimage\"},\"thumbnailUrl\":\"https:\\\/\\\/shebeauty.ee\\\/wp-content\\\/uploads\\\/2024\\\/11\\\/IMG_1106.png\",\"datePublished\":\"2024-11-04T08:20:38+00:00\",\"dateModified\":\"2025-08-23T15:50:19+00:00\",\"description\":\"One Man \u0161ampoon 3in1 meestele. Sobib igap\u00e4evaseks kasutamiseks. Eemaldab peanahalt rasu ja k\u00f5\u00f5ma ning elustab ja tugevdab juukseid.\",\"breadcrumb\":{\"@id\":\"https:\\\/\\\/shebeauty.ee\\\/toode\\\/k-time-one-man-shampoo-250ml\\\/#breadcrumb\"},\"inLanguage\":\"en-US\",\"potentialAction\":[{\"@type\":\"ReadAction\",\"target\":[\"https:\\\/\\\/shebeauty.ee\\\/toode\\\/k-time-one-man-shampoo-250ml\\\/\"]}]},{\"@type\":\"ImageObject\",\"inLanguage\":\"en-US\",\"@id\":\"https:\\\/\\\/shebeauty.ee\\\/toode\\\/k-time-one-man-shampoo-250ml\\\/#primaryimage\",\"url\":\"https:\\\/\\\/shebeauty.ee\\\/wp-content\\\/uploads\\\/2024\\\/11\\\/IMG_1106.png\",\"contentUrl\":\"https:\\\/\\\/shebeauty.ee\\\/wp-content\\\/uploads\\\/2024\\\/11\\\/IMG_1106.png\",\"width\":600,\"height\":600},{\"@type\":\"BreadcrumbList\",\"@id\":\"https:\\\/\\\/shebeauty.ee\\\/toode\\\/k-time-one-man-shampoo-250ml\\\/#breadcrumb\",\"itemListElement\":[{\"@type\":\"ListItem\",\"position\":1,\"name\":\"Home\",\"item\":\"https:\\\/\\\/shebeauty.ee\\\/\"},{\"@type\":\"ListItem\",\"position\":2,\"name\":\"Pood\",\"item\":\"https:\\\/\\\/shebeauty.ee\\\/e-pood\\\/\"},{\"@type\":\"ListItem\",\"position\":3,\"name\":\"K-Time One Man Shampoo 250ml\"}]},{\"@type\":\"WebSite\",\"@id\":\"https:\\\/\\\/shebeauty.ee\\\/#website\",\"url\":\"https:\\\/\\\/shebeauty.ee\\\/\",\"name\":\"She Beauty Studio\",\"description\":\"Juuksestuudio\",\"publisher\":{\"@id\":\"https:\\\/\\\/shebeauty.ee\\\/#organization\"},\"potentialAction\":[{\"@type\":\"SearchAction\",\"target\":{\"@type\":\"EntryPoint\",\"urlTemplate\":\"https:\\\/\\\/shebeauty.ee\\\/?s={search_term_string}\"},\"query-input\":{\"@type\":\"PropertyValueSpecification\",\"valueRequired\":true,\"valueName\":\"search_term_string\"}}],\"inLanguage\":\"en-US\"},{\"@type\":\"Organization\",\"@id\":\"https:\\\/\\\/shebeauty.ee\\\/#organization\",\"name\":\"She Beauty O\u00dc\",\"url\":\"https:\\\/\\\/shebeauty.ee\\\/\",\"logo\":{\"@type\":\"ImageObject\",\"inLanguage\":\"en-US\",\"@id\":\"https:\\\/\\\/shebeauty.ee\\\/#\\\/schema\\\/logo\\\/image\\\/\",\"url\":\"https:\\\/\\\/shebeauty.ee\\\/wp-content\\\/uploads\\\/2023\\\/10\\\/IMG_0585.jpg\",\"contentUrl\":\"https:\\\/\\\/shebeauty.ee\\\/wp-content\\\/uploads\\\/2023\\\/10\\\/IMG_0585.jpg\",\"width\":1284,\"height\":1300,\"caption\":\"She Beauty O\u00dc\"},\"image\":{\"@id\":\"https:\\\/\\\/shebeauty.ee\\\/#\\\/schema\\\/logo\\\/image\\\/\"}}]}<\/script>\n<!-- \/ Yoast SEO plugin. -->","yoast_head_json":{"title":"K-Time One Man Shampoo 250ml - She Beauty Studio","description":"One Man \u0161ampoon 3in1 meestele. Sobib igap\u00e4evaseks kasutamiseks. Eemaldab peanahalt rasu ja k\u00f5\u00f5ma ning elustab ja tugevdab juukseid.","robots":{"index":"index","follow":"follow","max-snippet":"max-snippet:-1","max-image-preview":"max-image-preview:large","max-video-preview":"max-video-preview:-1"},"canonical":"https:\/\/shebeauty.ee\/en\/product\/k-time-one-man-shampoo-250ml\/","og_locale":"en_US","og_type":"article","og_title":"K-Time One Man Shampoo 250ml - She Beauty Studio","og_description":"One Man \u0161ampoon 3in1 meestele. Sobib igap\u00e4evaseks kasutamiseks. Eemaldab peanahalt rasu ja k\u00f5\u00f5ma ning elustab ja tugevdab juukseid.","og_url":"https:\/\/shebeauty.ee\/en\/product\/k-time-one-man-shampoo-250ml\/","og_site_name":"She Beauty Studio","article_modified_time":"2025-08-23T15:50:19+00:00","og_image":[{"width":600,"height":600,"url":"https:\/\/shebeauty.ee\/wp-content\/uploads\/2024\/11\/IMG_1106.png","type":"image\/png"}],"twitter_card":"summary_large_image","twitter_misc":{"Est. reading time":"2 minutes"},"schema":{"@context":"https:\/\/schema.org","@graph":[{"@type":"WebPage","@id":"https:\/\/shebeauty.ee\/toode\/k-time-one-man-shampoo-250ml\/","url":"https:\/\/shebeauty.ee\/toode\/k-time-one-man-shampoo-250ml\/","name":"K-Time One Man Shampoo 250ml - She Beauty Studio","isPartOf":{"@id":"https:\/\/shebeauty.ee\/#website"},"primaryImageOfPage":{"@id":"https:\/\/shebeauty.ee\/toode\/k-time-one-man-shampoo-250ml\/#primaryimage"},"image":{"@id":"https:\/\/shebeauty.ee\/toode\/k-time-one-man-shampoo-250ml\/#primaryimage"},"thumbnailUrl":"https:\/\/shebeauty.ee\/wp-content\/uploads\/2024\/11\/IMG_1106.png","datePublished":"2024-11-04T08:20:38+00:00","dateModified":"2025-08-23T15:50:19+00:00","description":"One Man \u0161ampoon 3in1 meestele. Sobib igap\u00e4evaseks kasutamiseks. Eemaldab peanahalt rasu ja k\u00f5\u00f5ma ning elustab ja tugevdab juukseid.","breadcrumb":{"@id":"https:\/\/shebeauty.ee\/toode\/k-time-one-man-shampoo-250ml\/#breadcrumb"},"inLanguage":"en-US","potentialAction":[{"@type":"ReadAction","target":["https:\/\/shebeauty.ee\/toode\/k-time-one-man-shampoo-250ml\/"]}]},{"@type":"ImageObject","inLanguage":"en-US","@id":"https:\/\/shebeauty.ee\/toode\/k-time-one-man-shampoo-250ml\/#primaryimage","url":"https:\/\/shebeauty.ee\/wp-content\/uploads\/2024\/11\/IMG_1106.png","contentUrl":"https:\/\/shebeauty.ee\/wp-content\/uploads\/2024\/11\/IMG_1106.png","width":600,"height":600},{"@type":"BreadcrumbList","@id":"https:\/\/shebeauty.ee\/toode\/k-time-one-man-shampoo-250ml\/#breadcrumb","itemListElement":[{"@type":"ListItem","position":1,"name":"Home","item":"https:\/\/shebeauty.ee\/"},{"@type":"ListItem","position":2,"name":"Pood","item":"https:\/\/shebeauty.ee\/e-pood\/"},{"@type":"ListItem","position":3,"name":"K-Time One Man Shampoo 250ml"}]},{"@type":"WebSite","@id":"https:\/\/shebeauty.ee\/#website","url":"https:\/\/shebeauty.ee\/","name":"She Beauty Studio","description":"Juuksestuudio","publisher":{"@id":"https:\/\/shebeauty.ee\/#organization"},"potentialAction":[{"@type":"SearchAction","target":{"@type":"EntryPoint","urlTemplate":"https:\/\/shebeauty.ee\/?s={search_term_string}"},"query-input":{"@type":"PropertyValueSpecification","valueRequired":true,"valueName":"search_term_string"}}],"inLanguage":"en-US"},{"@type":"Organization","@id":"https:\/\/shebeauty.ee\/#organization","name":"She Beauty O\u00dc","url":"https:\/\/shebeauty.ee\/","logo":{"@type":"ImageObject","inLanguage":"en-US","@id":"https:\/\/shebeauty.ee\/#\/schema\/logo\/image\/","url":"https:\/\/shebeauty.ee\/wp-content\/uploads\/2023\/10\/IMG_0585.jpg","contentUrl":"https:\/\/shebeauty.ee\/wp-content\/uploads\/2023\/10\/IMG_0585.jpg","width":1284,"height":1300,"caption":"She Beauty O\u00dc"},"image":{"@id":"https:\/\/shebeauty.ee\/#\/schema\/logo\/image\/"}}]}},"_links":{"self":[{"href":"https:\/\/shebeauty.ee\/en\/wp-json\/wp\/v2\/product\/3690","targetHints":{"allow":["GET"]}}],"collection":[{"href":"https:\/\/shebeauty.ee\/en\/wp-json\/wp\/v2\/product"}],"about":[{"href":"https:\/\/shebeauty.ee\/en\/wp-json\/wp\/v2\/types\/product"}],"replies":[{"embeddable":true,"href":"https:\/\/shebeauty.ee\/en\/wp-json\/wp\/v2\/comments?post=3690"}],"wp:featuredmedia":[{"embeddable":true,"href":"https:\/\/shebeauty.ee\/en\/wp-json\/wp\/v2\/media\/3685"}],"wp:attachment":[{"href":"https:\/\/shebeauty.ee\/en\/wp-json\/wp\/v2\/media?parent=3690"}],"wp:term":[{"taxonomy":"product_brand","embeddable":true,"href":"https:\/\/shebeauty.ee\/en\/wp-json\/wp\/v2\/product_brand?post=3690"},{"taxonomy":"product_cat","embeddable":true,"href":"https:\/\/shebeauty.ee\/en\/wp-json\/wp\/v2\/product_cat?post=3690"},{"taxonomy":"product_tag","embeddable":true,"href":"https:\/\/shebeauty.ee\/en\/wp-json\/wp\/v2\/product_tag?post=3690"},{"taxonomy":"giftcard-category","embeddable":true,"href":"https:\/\/shebeauty.ee\/en\/wp-json\/wp\/v2\/giftcard-category?post=3690"}],"curies":[{"name":"wp","href":"https:\/\/api.w.org\/{rel}","templated":true}]}}