{"id":3684,"date":"2024-11-04T10:15:06","date_gmt":"2024-11-04T08:15:06","guid":{"rendered":"https:\/\/shebeauty.ee\/?post_type=product&#038;p=3684"},"modified":"2025-08-23T18:52:42","modified_gmt":"2025-08-23T15:52:42","slug":"k-time-one-man-shower-gel-3in1-250ml","status":"publish","type":"product","link":"https:\/\/shebeauty.ee\/en\/product\/k-time-one-man-shower-gel-3in1-250ml\/","title":{"rendered":"K-Time One Man Shower Gel 3IN1 250ml"},"content":{"rendered":"<p>Kogu peanaha ja juuste heaolu on \u00fches tootes. One Man Shower Gel on du\u0161i\u0161ampoom eklusiivse kolm \u00fches valemiga: energiat andev, niisutav ja toniseeriv.<br \/>\nT\u00e4nu kolmekordsele toimele on toode asendamatu reisikaaslane mehele, kes soovib mugavust ja heaolu oma juustele ja kehale. Mentooli v\u00e4rskendav m\u00f5ju nii peanahale kui ka kehale. Tasakaalustamiseks on tootesse lisatud nisuvalku, mis niisutab ja toidab nahka.<\/p>\n<p><strong>Kasutamine<\/strong>: Kandke toodet m\u00e4rgadele juustele ja kehale. Masseerige \u00f5rnade liigutustega vahule ja loputage m\u00f5ne minuti p\u00e4rast hoolikalt.<\/p>\n<p><strong>Ingredients:<\/strong><br \/>\nAQUA (WATER), SODIUM MYRETH SULFATE, SODIUM LAURETH SULFATE, PEG-200 HYDROGENATED GLYCERYL PALMATE, MAGNESIUM LAURETH SULFATE, SODIUM COCOAMPHOACETATE, SODIUM CHLORIDE, PROPYLENE GLYCOL, PARFUM (FRAGANCE), PEG-30 GLYCERYL COCOATE, DISODIUM LAURETH SULFOSUCCINATE, CREATINE, MENTHA PIPERITA (PEPPERMINT) EXTRACT, HYDROLYZED WHEAT PROTEIN, PANTHENOL, POLYQUATERNIUM-10, PEG-150\/DECYL ALCHOL\/SMDI COPOLYMER, COCETH-7, PPG-1-PEG-9 LAURYL GLYCOL ETHER, PEG-40 HYDROGENATED CASTOR OIL, PEG-7 GLYCERYL COCOATE, CITRIC ACID, MENTHOL, ALCHOLO DENAT., DISODIUM EDTA, METHYLPARABEN, PROPYLPARABEN, CHLORPHENESIN, BENZYL ALCHOL, METHYLCHLOROISOTHIAZOLINONE, METHYLISOTHIAZOLINONE, CI 42090 (FD&amp;C BLUE NO.1), CI 19140(FD&amp;C YELLOW NO.5).<\/p>\n<p><strong>The list of ingredients could change. Always refer to the product packaging for the most up-to-date ingredient list.<\/strong><br \/>\n<strong>Koostisosade loetelu v\u00f5ib muutuda. K\u00f5ige ajakohasema koostisosade loetelu leiad alati toote pakendilt.<\/strong><\/p>\n<p class=\"p1\"><span class=\"s1\">Importer: Beauty Cosmetics O\u00dc, Kaupmehe 6, Tallinn <a href=\"https:\/\/shebeauty.ee\/en\/\"><span class=\"s2\">www.shebeauty.ee<\/span><\/a><\/span><\/p>","protected":false},"excerpt":{"rendered":"<p>(<em>Liitrihind: 84\u20ac\/l<\/em>)<br \/>\nOne Man Shower Gel on du\u0161i\u0161ampoom eklusiivse kolm \u00fches valemiga.<\/p>","protected":false},"featured_media":3689,"comment_status":"open","ping_status":"closed","template":"","meta":{"site-sidebar-layout":"default","site-content-layout":"","ast-site-content-layout":"default","site-content-style":"default","site-sidebar-style":"default","ast-global-header-display":"","ast-banner-title-visibility":"","ast-main-header-display":"","ast-hfb-above-header-display":"","ast-hfb-below-header-display":"","ast-hfb-mobile-header-display":"","site-post-title":"","ast-breadcrumbs-content":"","ast-featured-img":"","footer-sml-layout":"","ast-disable-related-posts":"","theme-transparent-header-meta":"default","adv-header-id-meta":"","stick-header-meta":"","header-above-stick-meta":"","header-main-stick-meta":"","header-below-stick-meta":"","astra-migrate-meta-layouts":"set","ast-page-background-enabled":"default","ast-page-background-meta":{"desktop":{"background-color":"var(--ast-global-color-4)","background-image":"","background-repeat":"repeat","background-position":"center center","background-size":"auto","background-attachment":"scroll","background-type":"","background-media":"","overlay-type":"","overlay-color":"","overlay-opacity":"","overlay-gradient":""},"tablet":{"background-color":"","background-image":"","background-repeat":"repeat","background-position":"center center","background-size":"auto","background-attachment":"scroll","background-type":"","background-media":"","overlay-type":"","overlay-color":"","overlay-opacity":"","overlay-gradient":""},"mobile":{"background-color":"","background-image":"","background-repeat":"repeat","background-position":"center center","background-size":"auto","background-attachment":"scroll","background-type":"","background-media":"","overlay-type":"","overlay-color":"","overlay-opacity":"","overlay-gradient":""}},"ast-content-background-meta":{"desktop":{"background-color":"var(--ast-global-color-5)","background-image":"","background-repeat":"repeat","background-position":"center center","background-size":"auto","background-attachment":"scroll","background-type":"","background-media":"","overlay-type":"","overlay-color":"","overlay-opacity":"","overlay-gradient":""},"tablet":{"background-color":"var(--ast-global-color-5)","background-image":"","background-repeat":"repeat","background-position":"center center","background-size":"auto","background-attachment":"scroll","background-type":"","background-media":"","overlay-type":"","overlay-color":"","overlay-opacity":"","overlay-gradient":""},"mobile":{"background-color":"var(--ast-global-color-5)","background-image":"","background-repeat":"repeat","background-position":"center center","background-size":"auto","background-attachment":"scroll","background-type":"","background-media":"","overlay-type":"","overlay-color":"","overlay-opacity":"","overlay-gradient":""}}},"product_brand":[],"product_cat":[162],"product_tag":[164,163],"giftcard-category":[],"class_list":{"0":"post-3684","1":"product","2":"type-product","3":"status-publish","4":"has-post-thumbnail","6":"product_cat-meeste-juuksehooldus","7":"product_tag-dusigeel","8":"product_tag-dusisampoon","9":"desktop-align-center","10":"tablet-align-left","11":"mobile-align-left","13":"first","14":"instock","15":"taxable","16":"shipping-taxable","17":"purchasable","18":"product-type-simple"},"yoast_head":"<!-- This site is optimized with the Yoast SEO plugin v27.3 - https:\/\/yoast.com\/product\/yoast-seo-wordpress\/ -->\n<title>K-Time One Man Shower Gel 3IN1 250ml - She Beauty Studio<\/title>\n<meta name=\"description\" content=\"One Man du\u0161i\u0161ampoon 3in1 meestele. V\u00e4rskendava mentooliga ja niisutava nisuvalguga sobib ideaalselt \u00f5rnaks hoolduseks juustele ja kehale.\" \/>\n<meta name=\"robots\" content=\"index, follow, max-snippet:-1, max-image-preview:large, max-video-preview:-1\" \/>\n<link rel=\"canonical\" href=\"https:\/\/shebeauty.ee\/en\/product\/k-time-one-man-shower-gel-3in1-250ml\/\" \/>\n<meta property=\"og:locale\" content=\"en_US\" \/>\n<meta property=\"og:type\" content=\"article\" \/>\n<meta property=\"og:title\" content=\"K-Time One Man Shower Gel 3IN1 250ml - She Beauty Studio\" \/>\n<meta property=\"og:description\" content=\"One Man du\u0161i\u0161ampoon 3in1 meestele. V\u00e4rskendava mentooliga ja niisutava nisuvalguga sobib ideaalselt \u00f5rnaks hoolduseks juustele ja kehale.\" \/>\n<meta property=\"og:url\" content=\"https:\/\/shebeauty.ee\/en\/product\/k-time-one-man-shower-gel-3in1-250ml\/\" \/>\n<meta property=\"og:site_name\" content=\"She Beauty Studio\" \/>\n<meta property=\"article:modified_time\" content=\"2025-08-23T15:52:42+00:00\" \/>\n<meta property=\"og:image\" content=\"https:\/\/shebeauty.ee\/wp-content\/uploads\/2024\/11\/IMG_1107.png\" \/>\n\t<meta property=\"og:image:width\" content=\"600\" \/>\n\t<meta property=\"og:image:height\" content=\"600\" \/>\n\t<meta property=\"og:image:type\" content=\"image\/png\" \/>\n<meta name=\"twitter:card\" content=\"summary_large_image\" \/>\n<meta name=\"twitter:label1\" content=\"Est. reading time\" \/>\n\t<meta name=\"twitter:data1\" content=\"2 minutes\" \/>\n<script type=\"application\/ld+json\" class=\"yoast-schema-graph\">{\"@context\":\"https:\\\/\\\/schema.org\",\"@graph\":[{\"@type\":\"WebPage\",\"@id\":\"https:\\\/\\\/shebeauty.ee\\\/toode\\\/k-time-one-man-shower-gel-3in1-250ml\\\/\",\"url\":\"https:\\\/\\\/shebeauty.ee\\\/toode\\\/k-time-one-man-shower-gel-3in1-250ml\\\/\",\"name\":\"K-Time One Man Shower Gel 3IN1 250ml - She Beauty Studio\",\"isPartOf\":{\"@id\":\"https:\\\/\\\/shebeauty.ee\\\/#website\"},\"primaryImageOfPage\":{\"@id\":\"https:\\\/\\\/shebeauty.ee\\\/toode\\\/k-time-one-man-shower-gel-3in1-250ml\\\/#primaryimage\"},\"image\":{\"@id\":\"https:\\\/\\\/shebeauty.ee\\\/toode\\\/k-time-one-man-shower-gel-3in1-250ml\\\/#primaryimage\"},\"thumbnailUrl\":\"https:\\\/\\\/shebeauty.ee\\\/wp-content\\\/uploads\\\/2024\\\/11\\\/IMG_1107.png\",\"datePublished\":\"2024-11-04T08:15:06+00:00\",\"dateModified\":\"2025-08-23T15:52:42+00:00\",\"description\":\"One Man du\u0161i\u0161ampoon 3in1 meestele. V\u00e4rskendava mentooliga ja niisutava nisuvalguga sobib ideaalselt \u00f5rnaks hoolduseks juustele ja kehale.\",\"breadcrumb\":{\"@id\":\"https:\\\/\\\/shebeauty.ee\\\/toode\\\/k-time-one-man-shower-gel-3in1-250ml\\\/#breadcrumb\"},\"inLanguage\":\"en-US\",\"potentialAction\":[{\"@type\":\"ReadAction\",\"target\":[\"https:\\\/\\\/shebeauty.ee\\\/toode\\\/k-time-one-man-shower-gel-3in1-250ml\\\/\"]}]},{\"@type\":\"ImageObject\",\"inLanguage\":\"en-US\",\"@id\":\"https:\\\/\\\/shebeauty.ee\\\/toode\\\/k-time-one-man-shower-gel-3in1-250ml\\\/#primaryimage\",\"url\":\"https:\\\/\\\/shebeauty.ee\\\/wp-content\\\/uploads\\\/2024\\\/11\\\/IMG_1107.png\",\"contentUrl\":\"https:\\\/\\\/shebeauty.ee\\\/wp-content\\\/uploads\\\/2024\\\/11\\\/IMG_1107.png\",\"width\":600,\"height\":600},{\"@type\":\"BreadcrumbList\",\"@id\":\"https:\\\/\\\/shebeauty.ee\\\/toode\\\/k-time-one-man-shower-gel-3in1-250ml\\\/#breadcrumb\",\"itemListElement\":[{\"@type\":\"ListItem\",\"position\":1,\"name\":\"Home\",\"item\":\"https:\\\/\\\/shebeauty.ee\\\/\"},{\"@type\":\"ListItem\",\"position\":2,\"name\":\"Pood\",\"item\":\"https:\\\/\\\/shebeauty.ee\\\/e-pood\\\/\"},{\"@type\":\"ListItem\",\"position\":3,\"name\":\"K-Time One Man Shower Gel 3IN1 250ml\"}]},{\"@type\":\"WebSite\",\"@id\":\"https:\\\/\\\/shebeauty.ee\\\/#website\",\"url\":\"https:\\\/\\\/shebeauty.ee\\\/\",\"name\":\"She Beauty Studio\",\"description\":\"Juuksestuudio\",\"publisher\":{\"@id\":\"https:\\\/\\\/shebeauty.ee\\\/#organization\"},\"potentialAction\":[{\"@type\":\"SearchAction\",\"target\":{\"@type\":\"EntryPoint\",\"urlTemplate\":\"https:\\\/\\\/shebeauty.ee\\\/?s={search_term_string}\"},\"query-input\":{\"@type\":\"PropertyValueSpecification\",\"valueRequired\":true,\"valueName\":\"search_term_string\"}}],\"inLanguage\":\"en-US\"},{\"@type\":\"Organization\",\"@id\":\"https:\\\/\\\/shebeauty.ee\\\/#organization\",\"name\":\"She Beauty O\u00dc\",\"url\":\"https:\\\/\\\/shebeauty.ee\\\/\",\"logo\":{\"@type\":\"ImageObject\",\"inLanguage\":\"en-US\",\"@id\":\"https:\\\/\\\/shebeauty.ee\\\/#\\\/schema\\\/logo\\\/image\\\/\",\"url\":\"https:\\\/\\\/shebeauty.ee\\\/wp-content\\\/uploads\\\/2023\\\/10\\\/IMG_0585.jpg\",\"contentUrl\":\"https:\\\/\\\/shebeauty.ee\\\/wp-content\\\/uploads\\\/2023\\\/10\\\/IMG_0585.jpg\",\"width\":1284,\"height\":1300,\"caption\":\"She Beauty O\u00dc\"},\"image\":{\"@id\":\"https:\\\/\\\/shebeauty.ee\\\/#\\\/schema\\\/logo\\\/image\\\/\"}}]}<\/script>\n<!-- \/ Yoast SEO plugin. -->","yoast_head_json":{"title":"K-Time One Man Shower Gel 3IN1 250ml - She Beauty Studio","description":"One Man du\u0161i\u0161ampoon 3in1 meestele. V\u00e4rskendava mentooliga ja niisutava nisuvalguga sobib ideaalselt \u00f5rnaks hoolduseks juustele ja kehale.","robots":{"index":"index","follow":"follow","max-snippet":"max-snippet:-1","max-image-preview":"max-image-preview:large","max-video-preview":"max-video-preview:-1"},"canonical":"https:\/\/shebeauty.ee\/en\/product\/k-time-one-man-shower-gel-3in1-250ml\/","og_locale":"en_US","og_type":"article","og_title":"K-Time One Man Shower Gel 3IN1 250ml - She Beauty Studio","og_description":"One Man du\u0161i\u0161ampoon 3in1 meestele. V\u00e4rskendava mentooliga ja niisutava nisuvalguga sobib ideaalselt \u00f5rnaks hoolduseks juustele ja kehale.","og_url":"https:\/\/shebeauty.ee\/en\/product\/k-time-one-man-shower-gel-3in1-250ml\/","og_site_name":"She Beauty Studio","article_modified_time":"2025-08-23T15:52:42+00:00","og_image":[{"width":600,"height":600,"url":"https:\/\/shebeauty.ee\/wp-content\/uploads\/2024\/11\/IMG_1107.png","type":"image\/png"}],"twitter_card":"summary_large_image","twitter_misc":{"Est. reading time":"2 minutes"},"schema":{"@context":"https:\/\/schema.org","@graph":[{"@type":"WebPage","@id":"https:\/\/shebeauty.ee\/toode\/k-time-one-man-shower-gel-3in1-250ml\/","url":"https:\/\/shebeauty.ee\/toode\/k-time-one-man-shower-gel-3in1-250ml\/","name":"K-Time One Man Shower Gel 3IN1 250ml - She Beauty Studio","isPartOf":{"@id":"https:\/\/shebeauty.ee\/#website"},"primaryImageOfPage":{"@id":"https:\/\/shebeauty.ee\/toode\/k-time-one-man-shower-gel-3in1-250ml\/#primaryimage"},"image":{"@id":"https:\/\/shebeauty.ee\/toode\/k-time-one-man-shower-gel-3in1-250ml\/#primaryimage"},"thumbnailUrl":"https:\/\/shebeauty.ee\/wp-content\/uploads\/2024\/11\/IMG_1107.png","datePublished":"2024-11-04T08:15:06+00:00","dateModified":"2025-08-23T15:52:42+00:00","description":"One Man du\u0161i\u0161ampoon 3in1 meestele. V\u00e4rskendava mentooliga ja niisutava nisuvalguga sobib ideaalselt \u00f5rnaks hoolduseks juustele ja kehale.","breadcrumb":{"@id":"https:\/\/shebeauty.ee\/toode\/k-time-one-man-shower-gel-3in1-250ml\/#breadcrumb"},"inLanguage":"en-US","potentialAction":[{"@type":"ReadAction","target":["https:\/\/shebeauty.ee\/toode\/k-time-one-man-shower-gel-3in1-250ml\/"]}]},{"@type":"ImageObject","inLanguage":"en-US","@id":"https:\/\/shebeauty.ee\/toode\/k-time-one-man-shower-gel-3in1-250ml\/#primaryimage","url":"https:\/\/shebeauty.ee\/wp-content\/uploads\/2024\/11\/IMG_1107.png","contentUrl":"https:\/\/shebeauty.ee\/wp-content\/uploads\/2024\/11\/IMG_1107.png","width":600,"height":600},{"@type":"BreadcrumbList","@id":"https:\/\/shebeauty.ee\/toode\/k-time-one-man-shower-gel-3in1-250ml\/#breadcrumb","itemListElement":[{"@type":"ListItem","position":1,"name":"Home","item":"https:\/\/shebeauty.ee\/"},{"@type":"ListItem","position":2,"name":"Pood","item":"https:\/\/shebeauty.ee\/e-pood\/"},{"@type":"ListItem","position":3,"name":"K-Time One Man Shower Gel 3IN1 250ml"}]},{"@type":"WebSite","@id":"https:\/\/shebeauty.ee\/#website","url":"https:\/\/shebeauty.ee\/","name":"She Beauty Studio","description":"Juuksestuudio","publisher":{"@id":"https:\/\/shebeauty.ee\/#organization"},"potentialAction":[{"@type":"SearchAction","target":{"@type":"EntryPoint","urlTemplate":"https:\/\/shebeauty.ee\/?s={search_term_string}"},"query-input":{"@type":"PropertyValueSpecification","valueRequired":true,"valueName":"search_term_string"}}],"inLanguage":"en-US"},{"@type":"Organization","@id":"https:\/\/shebeauty.ee\/#organization","name":"She Beauty O\u00dc","url":"https:\/\/shebeauty.ee\/","logo":{"@type":"ImageObject","inLanguage":"en-US","@id":"https:\/\/shebeauty.ee\/#\/schema\/logo\/image\/","url":"https:\/\/shebeauty.ee\/wp-content\/uploads\/2023\/10\/IMG_0585.jpg","contentUrl":"https:\/\/shebeauty.ee\/wp-content\/uploads\/2023\/10\/IMG_0585.jpg","width":1284,"height":1300,"caption":"She Beauty O\u00dc"},"image":{"@id":"https:\/\/shebeauty.ee\/#\/schema\/logo\/image\/"}}]}},"_links":{"self":[{"href":"https:\/\/shebeauty.ee\/en\/wp-json\/wp\/v2\/product\/3684","targetHints":{"allow":["GET"]}}],"collection":[{"href":"https:\/\/shebeauty.ee\/en\/wp-json\/wp\/v2\/product"}],"about":[{"href":"https:\/\/shebeauty.ee\/en\/wp-json\/wp\/v2\/types\/product"}],"replies":[{"embeddable":true,"href":"https:\/\/shebeauty.ee\/en\/wp-json\/wp\/v2\/comments?post=3684"}],"wp:featuredmedia":[{"embeddable":true,"href":"https:\/\/shebeauty.ee\/en\/wp-json\/wp\/v2\/media\/3689"}],"wp:attachment":[{"href":"https:\/\/shebeauty.ee\/en\/wp-json\/wp\/v2\/media?parent=3684"}],"wp:term":[{"taxonomy":"product_brand","embeddable":true,"href":"https:\/\/shebeauty.ee\/en\/wp-json\/wp\/v2\/product_brand?post=3684"},{"taxonomy":"product_cat","embeddable":true,"href":"https:\/\/shebeauty.ee\/en\/wp-json\/wp\/v2\/product_cat?post=3684"},{"taxonomy":"product_tag","embeddable":true,"href":"https:\/\/shebeauty.ee\/en\/wp-json\/wp\/v2\/product_tag?post=3684"},{"taxonomy":"giftcard-category","embeddable":true,"href":"https:\/\/shebeauty.ee\/en\/wp-json\/wp\/v2\/giftcard-category?post=3684"}],"curies":[{"name":"wp","href":"https:\/\/api.w.org\/{rel}","templated":true}]}}