{"id":3660,"date":"2024-10-19T17:36:31","date_gmt":"2024-10-19T14:36:31","guid":{"rendered":"https:\/\/shebeauty.ee\/?post_type=product&#038;p=3660"},"modified":"2025-11-16T20:59:03","modified_gmt":"2025-11-16T18:59:03","slug":"k-time-hydralux-moisturizing-mousse-300ml","status":"publish","type":"product","link":"https:\/\/shebeauty.ee\/en\/product\/k-time-hydralux-moisturizing-mousse-300ml\/","title":{"rendered":"K-Time Somina Hydralux Moisturising Mousse 300ml"},"content":{"rendered":"<p data-start=\"157\" data-end=\"398\">Intensiivselt niisutav vaht kuivadele ja tuhmidele juustele. Rikastatud magusmandli\u00f5li ja sheav\u00f5iga, aitab see toode taastada juuste niiskustasakaalu, andes samal ajal kergust ja elastsust, ilma juukseid raskeks muutmata.<br \/>\nKerge koostis toimib kui niisutav ja siluv hooldus, mis on lihtsalt juustele kantav ja sobib k\u00f5ikidele juukset\u00fc\u00fcpidele.<\/p>\n<p data-start=\"529\" data-end=\"634\"><strong>Usage:<\/strong><br data-start=\"544\" data-end=\"547\" \/>Kanna vaht \u00fchtlaselt r\u00e4tikukuivadesse juustesse. \u00c4ra loputa.<\/p>\n<p><span class=\"s1\"><strong>Ingredients:<br \/>\n<\/strong>AQUA (WATER), DIMETHICONE, GLYCERIN, POLYQUATERNIUM-37, PEG-7 DIMETHICONE, AMODIMETHICONE, PRUNUS AMYGDALUS DULCIS OIL, BUTYROSPERMUM PARKII BUTTER, HYDROGENATED VEGETABLE OIL, TOCOPHEROL, GLYCERYL LAURATE, CETEARYL ALCOHOL, BEHENTRIMONIUM CHLORIDE, CETRIMONIUM CHLORIDE, HYDROXYPROPYLGLUCONAMIDE, HYDROXYPROPYLAMMONIUM GLUCONATE, BIS-PEG\/PPG-14\/14 DIMETHICONE, POLYSORBATE 20, PROPYLENE GLYCOL DICAPRYLATE\/DICAPRATE, ISOPROPYL ALCOHOL, TRIDECETH-3, TRIDECETH-15, LAURETH-7, PPG-1 TRIDECETH-6, PARFUM (FRAGRANCE), SODIUM GLUCONATE, PHENOXYETHANOL, HYDROXYACETOPHENONE, ALPHA ISOMETHYL IONONE, BENZYL SALICYLATE, CITRONELLOL, GERANIOL, HEXYL CINNAMAL, LIMONENE, LINALOOL.<br \/>\n<\/span><strong>The list of ingredients could change. Always refer to the product packaging for the most up-to-date ingredient list.<\/strong><br \/>\n<strong>Koostisosade loetelu v\u00f5ib muutuda. K\u00f5ige ajakohasema koostisosade loetelu leiad alati toote pakendilt.<\/strong><\/p>\n<p class=\"p1\"><span class=\"s1\">Importer: Beauty Cosmetics O\u00dc, Kaupmehe 6, Tallinn <a href=\"https:\/\/shebeauty.ee\/en\/\"><span class=\"s2\">www.shebeauty.ee<\/span><\/a><\/span><\/p>\n<p data-start=\"636\" data-end=\"682\">","protected":false},"excerpt":{"rendered":"<p data-start=\"157\" data-end=\"398\">(<em>Liitrihind: 83,33 \u20ac \/ l<\/em>)<br \/>\nKerge, kuid intensiivselt niisutav juuksevaht kuivadele ja tuhmidele juustele. Rikastatud magusmandli\u00f5li ja sheav\u00f5iga \u2013 annab juustele pehmust, niiskust ja elastsust ilma raskust lisamata.<\/p>\n<p>Sobib k\u00f5ikidele juukset\u00fc\u00fcpidele.<\/p>","protected":false},"featured_media":5865,"comment_status":"open","ping_status":"closed","template":"","meta":{"site-sidebar-layout":"default","site-content-layout":"","ast-site-content-layout":"default","site-content-style":"default","site-sidebar-style":"default","ast-global-header-display":"","ast-banner-title-visibility":"","ast-main-header-display":"","ast-hfb-above-header-display":"","ast-hfb-below-header-display":"","ast-hfb-mobile-header-display":"","site-post-title":"","ast-breadcrumbs-content":"","ast-featured-img":"","footer-sml-layout":"","ast-disable-related-posts":"","theme-transparent-header-meta":"default","adv-header-id-meta":"","stick-header-meta":"","header-above-stick-meta":"","header-main-stick-meta":"","header-below-stick-meta":"","astra-migrate-meta-layouts":"set","ast-page-background-enabled":"default","ast-page-background-meta":{"desktop":{"background-color":"var(--ast-global-color-4)","background-image":"","background-repeat":"repeat","background-position":"center center","background-size":"auto","background-attachment":"scroll","background-type":"","background-media":"","overlay-type":"","overlay-color":"","overlay-opacity":"","overlay-gradient":""},"tablet":{"background-color":"","background-image":"","background-repeat":"repeat","background-position":"center center","background-size":"auto","background-attachment":"scroll","background-type":"","background-media":"","overlay-type":"","overlay-color":"","overlay-opacity":"","overlay-gradient":""},"mobile":{"background-color":"","background-image":"","background-repeat":"repeat","background-position":"center center","background-size":"auto","background-attachment":"scroll","background-type":"","background-media":"","overlay-type":"","overlay-color":"","overlay-opacity":"","overlay-gradient":""}},"ast-content-background-meta":{"desktop":{"background-color":"var(--ast-global-color-5)","background-image":"","background-repeat":"repeat","background-position":"center center","background-size":"auto","background-attachment":"scroll","background-type":"","background-media":"","overlay-type":"","overlay-color":"","overlay-opacity":"","overlay-gradient":""},"tablet":{"background-color":"var(--ast-global-color-5)","background-image":"","background-repeat":"repeat","background-position":"center center","background-size":"auto","background-attachment":"scroll","background-type":"","background-media":"","overlay-type":"","overlay-color":"","overlay-opacity":"","overlay-gradient":""},"mobile":{"background-color":"var(--ast-global-color-5)","background-image":"","background-repeat":"repeat","background-position":"center center","background-size":"auto","background-attachment":"scroll","background-type":"","background-media":"","overlay-type":"","overlay-color":"","overlay-opacity":"","overlay-gradient":""}}},"product_brand":[],"product_cat":[20],"product_tag":[327,252,151,150,231,251,153,250,152],"giftcard-category":[],"class_list":{"0":"post-3660","1":"product","2":"type-product","3":"status-publish","4":"has-post-thumbnail","6":"product_cat-juuksehooldustooted-sampoon-palsam-mask","7":"product_tag-buduaari-ilulemmik-2025","8":"product_tag-hydralux-sari","9":"product_tag-intensiivselt-niisutav","10":"product_tag-juuksevaht","11":"product_tag-k-time-somnia","12":"product_tag-mandlioli","13":"product_tag-modelleerib-lokke","14":"product_tag-sheavoi","15":"product_tag-sugavuti-toitev","16":"desktop-align-center","17":"tablet-align-left","18":"mobile-align-left","20":"first","21":"instock","22":"taxable","23":"shipping-taxable","24":"purchasable","25":"product-type-simple"},"yoast_head":"<!-- This site is optimized with the Yoast SEO plugin v27.4 - https:\/\/yoast.com\/product\/yoast-seo-wordpress\/ -->\n<title>K-Time Somina Hydralux Moisturising Mousse 300ml - She Beauty Studio<\/title>\n<meta name=\"description\" content=\"Intensiivselt niisutav vaht kuivadele ja tuhmidele juustele. Rikastatud magusmandli\u00f5li ja sheav\u00f5iga. Sobib k\u00f5ikidele juukset\u00fc\u00fcpidele.\" \/>\n<meta name=\"robots\" content=\"index, follow, max-snippet:-1, max-image-preview:large, max-video-preview:-1\" \/>\n<link rel=\"canonical\" href=\"https:\/\/shebeauty.ee\/en\/product\/k-time-hydralux-moisturizing-mousse-300ml\/\" \/>\n<meta property=\"og:locale\" content=\"en_US\" \/>\n<meta property=\"og:type\" content=\"article\" \/>\n<meta property=\"og:title\" content=\"K-Time Somina Hydralux Moisturising Mousse 300ml - She Beauty Studio\" \/>\n<meta property=\"og:description\" content=\"Intensiivselt niisutav vaht kuivadele ja tuhmidele juustele. Rikastatud magusmandli\u00f5li ja sheav\u00f5iga. Sobib k\u00f5ikidele juukset\u00fc\u00fcpidele.\" \/>\n<meta property=\"og:url\" content=\"https:\/\/shebeauty.ee\/en\/product\/k-time-hydralux-moisturizing-mousse-300ml\/\" \/>\n<meta property=\"og:site_name\" content=\"She Beauty Studio\" \/>\n<meta property=\"article:modified_time\" content=\"2025-11-16T18:59:03+00:00\" \/>\n<meta property=\"og:image\" content=\"https:\/\/shebeauty.ee\/wp-content\/uploads\/2024\/10\/MOUSSE-ILULEMMIK-scaled.jpg\" \/>\n\t<meta property=\"og:image:width\" content=\"2560\" \/>\n\t<meta property=\"og:image:height\" content=\"2560\" \/>\n\t<meta property=\"og:image:type\" content=\"image\/jpeg\" \/>\n<meta name=\"twitter:card\" content=\"summary_large_image\" \/>\n<meta name=\"twitter:label1\" content=\"Est. reading time\" \/>\n\t<meta name=\"twitter:data1\" content=\"2 minutes\" \/>\n<script type=\"application\/ld+json\" class=\"yoast-schema-graph\">{\"@context\":\"https:\\\/\\\/schema.org\",\"@graph\":[{\"@type\":\"WebPage\",\"@id\":\"https:\\\/\\\/shebeauty.ee\\\/toode\\\/k-time-hydralux-moisturizing-mousse-300ml\\\/\",\"url\":\"https:\\\/\\\/shebeauty.ee\\\/toode\\\/k-time-hydralux-moisturizing-mousse-300ml\\\/\",\"name\":\"K-Time Somina Hydralux Moisturising Mousse 300ml - She Beauty Studio\",\"isPartOf\":{\"@id\":\"https:\\\/\\\/shebeauty.ee\\\/#website\"},\"primaryImageOfPage\":{\"@id\":\"https:\\\/\\\/shebeauty.ee\\\/toode\\\/k-time-hydralux-moisturizing-mousse-300ml\\\/#primaryimage\"},\"image\":{\"@id\":\"https:\\\/\\\/shebeauty.ee\\\/toode\\\/k-time-hydralux-moisturizing-mousse-300ml\\\/#primaryimage\"},\"thumbnailUrl\":\"https:\\\/\\\/shebeauty.ee\\\/wp-content\\\/uploads\\\/2024\\\/10\\\/MOUSSE-ILULEMMIK-scaled.jpg\",\"datePublished\":\"2024-10-19T14:36:31+00:00\",\"dateModified\":\"2025-11-16T18:59:03+00:00\",\"description\":\"Intensiivselt niisutav vaht kuivadele ja tuhmidele juustele. Rikastatud magusmandli\u00f5li ja sheav\u00f5iga. Sobib k\u00f5ikidele juukset\u00fc\u00fcpidele.\",\"breadcrumb\":{\"@id\":\"https:\\\/\\\/shebeauty.ee\\\/toode\\\/k-time-hydralux-moisturizing-mousse-300ml\\\/#breadcrumb\"},\"inLanguage\":\"en-US\",\"potentialAction\":[{\"@type\":\"ReadAction\",\"target\":[\"https:\\\/\\\/shebeauty.ee\\\/toode\\\/k-time-hydralux-moisturizing-mousse-300ml\\\/\"]}]},{\"@type\":\"ImageObject\",\"inLanguage\":\"en-US\",\"@id\":\"https:\\\/\\\/shebeauty.ee\\\/toode\\\/k-time-hydralux-moisturizing-mousse-300ml\\\/#primaryimage\",\"url\":\"https:\\\/\\\/shebeauty.ee\\\/wp-content\\\/uploads\\\/2024\\\/10\\\/MOUSSE-ILULEMMIK-scaled.jpg\",\"contentUrl\":\"https:\\\/\\\/shebeauty.ee\\\/wp-content\\\/uploads\\\/2024\\\/10\\\/MOUSSE-ILULEMMIK-scaled.jpg\",\"width\":2560,\"height\":2560},{\"@type\":\"BreadcrumbList\",\"@id\":\"https:\\\/\\\/shebeauty.ee\\\/toode\\\/k-time-hydralux-moisturizing-mousse-300ml\\\/#breadcrumb\",\"itemListElement\":[{\"@type\":\"ListItem\",\"position\":1,\"name\":\"Home\",\"item\":\"https:\\\/\\\/shebeauty.ee\\\/\"},{\"@type\":\"ListItem\",\"position\":2,\"name\":\"Pood\",\"item\":\"https:\\\/\\\/shebeauty.ee\\\/e-pood\\\/\"},{\"@type\":\"ListItem\",\"position\":3,\"name\":\"K-Time Somina Hydralux Moisturising Mousse 300ml\"}]},{\"@type\":\"WebSite\",\"@id\":\"https:\\\/\\\/shebeauty.ee\\\/#website\",\"url\":\"https:\\\/\\\/shebeauty.ee\\\/\",\"name\":\"She Beauty Studio\",\"description\":\"Juuksestuudio\",\"publisher\":{\"@id\":\"https:\\\/\\\/shebeauty.ee\\\/#organization\"},\"potentialAction\":[{\"@type\":\"SearchAction\",\"target\":{\"@type\":\"EntryPoint\",\"urlTemplate\":\"https:\\\/\\\/shebeauty.ee\\\/?s={search_term_string}\"},\"query-input\":{\"@type\":\"PropertyValueSpecification\",\"valueRequired\":true,\"valueName\":\"search_term_string\"}}],\"inLanguage\":\"en-US\"},{\"@type\":\"Organization\",\"@id\":\"https:\\\/\\\/shebeauty.ee\\\/#organization\",\"name\":\"She Beauty O\u00dc\",\"url\":\"https:\\\/\\\/shebeauty.ee\\\/\",\"logo\":{\"@type\":\"ImageObject\",\"inLanguage\":\"en-US\",\"@id\":\"https:\\\/\\\/shebeauty.ee\\\/#\\\/schema\\\/logo\\\/image\\\/\",\"url\":\"https:\\\/\\\/shebeauty.ee\\\/wp-content\\\/uploads\\\/2023\\\/10\\\/IMG_0585.jpg\",\"contentUrl\":\"https:\\\/\\\/shebeauty.ee\\\/wp-content\\\/uploads\\\/2023\\\/10\\\/IMG_0585.jpg\",\"width\":1284,\"height\":1300,\"caption\":\"She Beauty O\u00dc\"},\"image\":{\"@id\":\"https:\\\/\\\/shebeauty.ee\\\/#\\\/schema\\\/logo\\\/image\\\/\"}}]}<\/script>\n<!-- \/ Yoast SEO plugin. -->","yoast_head_json":{"title":"K-Time Somina Hydralux Moisturising Mousse 300ml - She Beauty Studio","description":"Intensiivselt niisutav vaht kuivadele ja tuhmidele juustele. Rikastatud magusmandli\u00f5li ja sheav\u00f5iga. Sobib k\u00f5ikidele juukset\u00fc\u00fcpidele.","robots":{"index":"index","follow":"follow","max-snippet":"max-snippet:-1","max-image-preview":"max-image-preview:large","max-video-preview":"max-video-preview:-1"},"canonical":"https:\/\/shebeauty.ee\/en\/product\/k-time-hydralux-moisturizing-mousse-300ml\/","og_locale":"en_US","og_type":"article","og_title":"K-Time Somina Hydralux Moisturising Mousse 300ml - She Beauty Studio","og_description":"Intensiivselt niisutav vaht kuivadele ja tuhmidele juustele. Rikastatud magusmandli\u00f5li ja sheav\u00f5iga. Sobib k\u00f5ikidele juukset\u00fc\u00fcpidele.","og_url":"https:\/\/shebeauty.ee\/en\/product\/k-time-hydralux-moisturizing-mousse-300ml\/","og_site_name":"She Beauty Studio","article_modified_time":"2025-11-16T18:59:03+00:00","og_image":[{"width":2560,"height":2560,"url":"https:\/\/shebeauty.ee\/wp-content\/uploads\/2024\/10\/MOUSSE-ILULEMMIK-scaled.jpg","type":"image\/jpeg"}],"twitter_card":"summary_large_image","twitter_misc":{"Est. reading time":"2 minutes"},"schema":{"@context":"https:\/\/schema.org","@graph":[{"@type":"WebPage","@id":"https:\/\/shebeauty.ee\/toode\/k-time-hydralux-moisturizing-mousse-300ml\/","url":"https:\/\/shebeauty.ee\/toode\/k-time-hydralux-moisturizing-mousse-300ml\/","name":"K-Time Somina Hydralux Moisturising Mousse 300ml - She Beauty Studio","isPartOf":{"@id":"https:\/\/shebeauty.ee\/#website"},"primaryImageOfPage":{"@id":"https:\/\/shebeauty.ee\/toode\/k-time-hydralux-moisturizing-mousse-300ml\/#primaryimage"},"image":{"@id":"https:\/\/shebeauty.ee\/toode\/k-time-hydralux-moisturizing-mousse-300ml\/#primaryimage"},"thumbnailUrl":"https:\/\/shebeauty.ee\/wp-content\/uploads\/2024\/10\/MOUSSE-ILULEMMIK-scaled.jpg","datePublished":"2024-10-19T14:36:31+00:00","dateModified":"2025-11-16T18:59:03+00:00","description":"Intensiivselt niisutav vaht kuivadele ja tuhmidele juustele. Rikastatud magusmandli\u00f5li ja sheav\u00f5iga. Sobib k\u00f5ikidele juukset\u00fc\u00fcpidele.","breadcrumb":{"@id":"https:\/\/shebeauty.ee\/toode\/k-time-hydralux-moisturizing-mousse-300ml\/#breadcrumb"},"inLanguage":"en-US","potentialAction":[{"@type":"ReadAction","target":["https:\/\/shebeauty.ee\/toode\/k-time-hydralux-moisturizing-mousse-300ml\/"]}]},{"@type":"ImageObject","inLanguage":"en-US","@id":"https:\/\/shebeauty.ee\/toode\/k-time-hydralux-moisturizing-mousse-300ml\/#primaryimage","url":"https:\/\/shebeauty.ee\/wp-content\/uploads\/2024\/10\/MOUSSE-ILULEMMIK-scaled.jpg","contentUrl":"https:\/\/shebeauty.ee\/wp-content\/uploads\/2024\/10\/MOUSSE-ILULEMMIK-scaled.jpg","width":2560,"height":2560},{"@type":"BreadcrumbList","@id":"https:\/\/shebeauty.ee\/toode\/k-time-hydralux-moisturizing-mousse-300ml\/#breadcrumb","itemListElement":[{"@type":"ListItem","position":1,"name":"Home","item":"https:\/\/shebeauty.ee\/"},{"@type":"ListItem","position":2,"name":"Pood","item":"https:\/\/shebeauty.ee\/e-pood\/"},{"@type":"ListItem","position":3,"name":"K-Time Somina Hydralux Moisturising Mousse 300ml"}]},{"@type":"WebSite","@id":"https:\/\/shebeauty.ee\/#website","url":"https:\/\/shebeauty.ee\/","name":"She Beauty Studio","description":"Juuksestuudio","publisher":{"@id":"https:\/\/shebeauty.ee\/#organization"},"potentialAction":[{"@type":"SearchAction","target":{"@type":"EntryPoint","urlTemplate":"https:\/\/shebeauty.ee\/?s={search_term_string}"},"query-input":{"@type":"PropertyValueSpecification","valueRequired":true,"valueName":"search_term_string"}}],"inLanguage":"en-US"},{"@type":"Organization","@id":"https:\/\/shebeauty.ee\/#organization","name":"She Beauty O\u00dc","url":"https:\/\/shebeauty.ee\/","logo":{"@type":"ImageObject","inLanguage":"en-US","@id":"https:\/\/shebeauty.ee\/#\/schema\/logo\/image\/","url":"https:\/\/shebeauty.ee\/wp-content\/uploads\/2023\/10\/IMG_0585.jpg","contentUrl":"https:\/\/shebeauty.ee\/wp-content\/uploads\/2023\/10\/IMG_0585.jpg","width":1284,"height":1300,"caption":"She Beauty O\u00dc"},"image":{"@id":"https:\/\/shebeauty.ee\/#\/schema\/logo\/image\/"}}]}},"_links":{"self":[{"href":"https:\/\/shebeauty.ee\/en\/wp-json\/wp\/v2\/product\/3660","targetHints":{"allow":["GET"]}}],"collection":[{"href":"https:\/\/shebeauty.ee\/en\/wp-json\/wp\/v2\/product"}],"about":[{"href":"https:\/\/shebeauty.ee\/en\/wp-json\/wp\/v2\/types\/product"}],"replies":[{"embeddable":true,"href":"https:\/\/shebeauty.ee\/en\/wp-json\/wp\/v2\/comments?post=3660"}],"wp:featuredmedia":[{"embeddable":true,"href":"https:\/\/shebeauty.ee\/en\/wp-json\/wp\/v2\/media\/5865"}],"wp:attachment":[{"href":"https:\/\/shebeauty.ee\/en\/wp-json\/wp\/v2\/media?parent=3660"}],"wp:term":[{"taxonomy":"product_brand","embeddable":true,"href":"https:\/\/shebeauty.ee\/en\/wp-json\/wp\/v2\/product_brand?post=3660"},{"taxonomy":"product_cat","embeddable":true,"href":"https:\/\/shebeauty.ee\/en\/wp-json\/wp\/v2\/product_cat?post=3660"},{"taxonomy":"product_tag","embeddable":true,"href":"https:\/\/shebeauty.ee\/en\/wp-json\/wp\/v2\/product_tag?post=3660"},{"taxonomy":"giftcard-category","embeddable":true,"href":"https:\/\/shebeauty.ee\/en\/wp-json\/wp\/v2\/giftcard-category?post=3660"}],"curies":[{"name":"wp","href":"https:\/\/api.w.org\/{rel}","templated":true}]}}