{"id":3653,"date":"2024-10-19T12:11:10","date_gmt":"2024-10-19T09:11:10","guid":{"rendered":"https:\/\/shebeauty.ee\/?post_type=product&#038;p=3653"},"modified":"2026-03-29T16:40:38","modified_gmt":"2026-03-29T13:40:38","slug":"k-time-glam-runaway-queen-extra-strong-hairspray","status":"publish","type":"product","link":"https:\/\/shebeauty.ee\/en\/product\/k-time-glam-runaway-queen-extra-strong-hairspray\/","title":{"rendered":"K-Time Glam Runaway Queen Extra-Strong Hairspray"},"content":{"rendered":"<p><strong>K-Time Glam Runaway Queen Extra-Strong Hairspray<\/strong> on oma omadustelt \u00fclitugeva p\u00fcsivusega juukselakk. Niiskusevastane kaitse ja maksimaalne l\u00e4ige t\u00e4idavad professionaalseks soenguks k\u00f5ik vajalikud tingimused. Keratiin tugevdab ja muudab juuksed elastseks, andes juustele suurema mahu ja h\u00f5lbustades nende kammimist. Kollageen annab juustele tugevuse ja v\u014ditleb vananemises\u00fcmptomitega.<br \/>\nEi sisalda parabeene!<\/p>\n<p><strong>Kasutamine<\/strong>: Enne kasutamist loksutage pudelit hoolikalt. Pihustage toodet umbes 30cm kauguselt kuivadele juustele. V\u00f5ite kaugust v\u00e4hendada soengu tugevamaks fikseerimiseks.<\/p>\n<p><strong>Ingredients:<br \/>\n<\/strong>ALCOHOL DENAT., BUTANE, ISOBUTANE, PROPANE, ACRYLATES COPOLYMER, AMINOMETHYL PROPANOL, PARFUM (FRAGRANCE), AQUA (WATER), HYDROLYZED COLLAGEN, HYDROLYZED KERATIN, PEG-12 DIMETHICONE, CITRONELLOL, LINALOOL, LIMONENE.<\/p>\n<p><strong>The list of ingredients could change. Always refer to the product packaging for the most up-to-date ingredient list.<\/strong><br \/>\n<strong>Koostisosade loetelu v\u00f5ib muutuda. K\u00f5ige ajakohasema koostisosade loetelu leiad alati toote pakendilt.<\/strong><\/p>\n<p class=\"p1\"><span class=\"s1\">Importer: Beauty Cosmetics O\u00dc, Kaupmehe 6, Tallinn <a href=\"https:\/\/shebeauty.ee\/en\/\"><span class=\"s2\">www.shebeauty.ee<\/span><\/a><\/span><\/p>","protected":false},"excerpt":{"rendered":"<p>(<em>100 ml liitrihind: 90,00 \u20ac\/l<\/em>)<br \/>\n(<em>500 ml liitrihind: 38,00 \u20ac\/l<\/em>)<\/p>\n<p>Ekstra tugeva hoidvusega juukselakk rikastatud keratiini ja kollageeniga. Tagab maksimaalse p\u00fcsivuse, l\u00e4ike ja kaitse niiskuse eest, j\u00e4ttes juuksed j\u00e4\u00e4givabaks.<br \/>\nParabeenivaba.<br \/>\n<strong>Buduaari 2026 aasta ilulemmik<\/strong><\/p>\n<p>&nbsp;<\/p>","protected":false},"featured_media":6522,"comment_status":"open","ping_status":"closed","template":"","meta":{"site-sidebar-layout":"default","site-content-layout":"","ast-site-content-layout":"default","site-content-style":"default","site-sidebar-style":"default","ast-global-header-display":"","ast-banner-title-visibility":"","ast-main-header-display":"","ast-hfb-above-header-display":"","ast-hfb-below-header-display":"","ast-hfb-mobile-header-display":"","site-post-title":"","ast-breadcrumbs-content":"","ast-featured-img":"","footer-sml-layout":"","ast-disable-related-posts":"","theme-transparent-header-meta":"default","adv-header-id-meta":"","stick-header-meta":"","header-above-stick-meta":"","header-main-stick-meta":"","header-below-stick-meta":"","astra-migrate-meta-layouts":"set","ast-page-background-enabled":"default","ast-page-background-meta":{"desktop":{"background-color":"var(--ast-global-color-4)","background-image":"","background-repeat":"repeat","background-position":"center center","background-size":"auto","background-attachment":"scroll","background-type":"","background-media":"","overlay-type":"","overlay-color":"","overlay-opacity":"","overlay-gradient":""},"tablet":{"background-color":"","background-image":"","background-repeat":"repeat","background-position":"center center","background-size":"auto","background-attachment":"scroll","background-type":"","background-media":"","overlay-type":"","overlay-color":"","overlay-opacity":"","overlay-gradient":""},"mobile":{"background-color":"","background-image":"","background-repeat":"repeat","background-position":"center center","background-size":"auto","background-attachment":"scroll","background-type":"","background-media":"","overlay-type":"","overlay-color":"","overlay-opacity":"","overlay-gradient":""}},"ast-content-background-meta":{"desktop":{"background-color":"var(--ast-global-color-5)","background-image":"","background-repeat":"repeat","background-position":"center center","background-size":"auto","background-attachment":"scroll","background-type":"","background-media":"","overlay-type":"","overlay-color":"","overlay-opacity":"","overlay-gradient":""},"tablet":{"background-color":"var(--ast-global-color-5)","background-image":"","background-repeat":"repeat","background-position":"center center","background-size":"auto","background-attachment":"scroll","background-type":"","background-media":"","overlay-type":"","overlay-color":"","overlay-opacity":"","overlay-gradient":""},"mobile":{"background-color":"var(--ast-global-color-5)","background-image":"","background-repeat":"repeat","background-position":"center center","background-size":"auto","background-attachment":"scroll","background-type":"","background-media":"","overlay-type":"","overlay-color":"","overlay-opacity":"","overlay-gradient":""}}},"product_brand":[],"product_cat":[20],"product_tag":[350,146,148,145,314,149],"giftcard-category":[],"class_list":{"0":"post-3653","1":"product","2":"type-product","3":"status-publish","4":"has-post-thumbnail","6":"product_cat-juuksehooldustooted-sampoon-palsam-mask","7":"product_tag-buduaari-ilulemmik-2026","8":"product_tag-ekstra-tugev","9":"product_tag-ideaalne-hoidvus","10":"product_tag-juukselakk","11":"product_tag-k-time-glam-sari","12":"product_tag-niiskusevastand-kaitse","13":"desktop-align-center","14":"tablet-align-left","15":"mobile-align-left","17":"first","18":"instock","19":"taxable","20":"shipping-taxable","21":"purchasable","22":"product-type-variable"},"yoast_head":"<!-- This site is optimized with the Yoast SEO plugin v27.4 - https:\/\/yoast.com\/product\/yoast-seo-wordpress\/ -->\n<title>K-Time Glam Runaway Queen Extra-Strong Hairspray - She Beauty Studio<\/title>\n<meta name=\"description\" content=\"Niiskusevastane kaitse ja maksimaalne l\u00e4ige t\u00e4idavad professionaalseks soenguks k\u00f5ik vajalikud tingimused. Keratiin tugevdab ja muudab juuksed elastseks.\" \/>\n<meta name=\"robots\" content=\"index, follow, max-snippet:-1, max-image-preview:large, max-video-preview:-1\" \/>\n<link rel=\"canonical\" href=\"https:\/\/shebeauty.ee\/en\/product\/k-time-glam-runaway-queen-extra-strong-hairspray\/\" \/>\n<meta property=\"og:locale\" content=\"en_US\" \/>\n<meta property=\"og:type\" content=\"article\" \/>\n<meta property=\"og:title\" content=\"K-Time Glam Runaway Queen Extra-Strong Hairspray - She Beauty Studio\" \/>\n<meta property=\"og:description\" content=\"Niiskusevastane kaitse ja maksimaalne l\u00e4ige t\u00e4idavad professionaalseks soenguks k\u00f5ik vajalikud tingimused. Keratiin tugevdab ja muudab juuksed elastseks.\" \/>\n<meta property=\"og:url\" content=\"https:\/\/shebeauty.ee\/en\/product\/k-time-glam-runaway-queen-extra-strong-hairspray\/\" \/>\n<meta property=\"og:site_name\" content=\"She Beauty Studio\" \/>\n<meta property=\"article:modified_time\" content=\"2026-03-29T13:40:38+00:00\" \/>\n<meta property=\"og:image\" content=\"https:\/\/shebeauty.ee\/wp-content\/uploads\/2024\/10\/runaway.jpg\" \/>\n\t<meta property=\"og:image:width\" content=\"1080\" \/>\n\t<meta property=\"og:image:height\" content=\"1080\" \/>\n\t<meta property=\"og:image:type\" content=\"image\/jpeg\" \/>\n<meta name=\"twitter:card\" content=\"summary_large_image\" \/>\n<meta name=\"twitter:label1\" content=\"Est. reading time\" \/>\n\t<meta name=\"twitter:data1\" content=\"1 minute\" \/>\n<script type=\"application\/ld+json\" class=\"yoast-schema-graph\">{\"@context\":\"https:\\\/\\\/schema.org\",\"@graph\":[{\"@type\":\"WebPage\",\"@id\":\"https:\\\/\\\/shebeauty.ee\\\/toode\\\/k-time-glam-runaway-queen-extra-strong-hairspray\\\/\",\"url\":\"https:\\\/\\\/shebeauty.ee\\\/toode\\\/k-time-glam-runaway-queen-extra-strong-hairspray\\\/\",\"name\":\"K-Time Glam Runaway Queen Extra-Strong Hairspray - She Beauty Studio\",\"isPartOf\":{\"@id\":\"https:\\\/\\\/shebeauty.ee\\\/#website\"},\"primaryImageOfPage\":{\"@id\":\"https:\\\/\\\/shebeauty.ee\\\/toode\\\/k-time-glam-runaway-queen-extra-strong-hairspray\\\/#primaryimage\"},\"image\":{\"@id\":\"https:\\\/\\\/shebeauty.ee\\\/toode\\\/k-time-glam-runaway-queen-extra-strong-hairspray\\\/#primaryimage\"},\"thumbnailUrl\":\"https:\\\/\\\/shebeauty.ee\\\/wp-content\\\/uploads\\\/2024\\\/10\\\/runaway.jpg\",\"datePublished\":\"2024-10-19T09:11:10+00:00\",\"dateModified\":\"2026-03-29T13:40:38+00:00\",\"description\":\"Niiskusevastane kaitse ja maksimaalne l\u00e4ige t\u00e4idavad professionaalseks soenguks k\u00f5ik vajalikud tingimused. Keratiin tugevdab ja muudab juuksed elastseks.\",\"breadcrumb\":{\"@id\":\"https:\\\/\\\/shebeauty.ee\\\/toode\\\/k-time-glam-runaway-queen-extra-strong-hairspray\\\/#breadcrumb\"},\"inLanguage\":\"en-US\",\"potentialAction\":[{\"@type\":\"ReadAction\",\"target\":[\"https:\\\/\\\/shebeauty.ee\\\/toode\\\/k-time-glam-runaway-queen-extra-strong-hairspray\\\/\"]}]},{\"@type\":\"ImageObject\",\"inLanguage\":\"en-US\",\"@id\":\"https:\\\/\\\/shebeauty.ee\\\/toode\\\/k-time-glam-runaway-queen-extra-strong-hairspray\\\/#primaryimage\",\"url\":\"https:\\\/\\\/shebeauty.ee\\\/wp-content\\\/uploads\\\/2024\\\/10\\\/runaway.jpg\",\"contentUrl\":\"https:\\\/\\\/shebeauty.ee\\\/wp-content\\\/uploads\\\/2024\\\/10\\\/runaway.jpg\",\"width\":1080,\"height\":1080},{\"@type\":\"BreadcrumbList\",\"@id\":\"https:\\\/\\\/shebeauty.ee\\\/toode\\\/k-time-glam-runaway-queen-extra-strong-hairspray\\\/#breadcrumb\",\"itemListElement\":[{\"@type\":\"ListItem\",\"position\":1,\"name\":\"Home\",\"item\":\"https:\\\/\\\/shebeauty.ee\\\/\"},{\"@type\":\"ListItem\",\"position\":2,\"name\":\"Pood\",\"item\":\"https:\\\/\\\/shebeauty.ee\\\/e-pood\\\/\"},{\"@type\":\"ListItem\",\"position\":3,\"name\":\"K-Time Glam Runaway Queen Extra-Strong Hairspray\"}]},{\"@type\":\"WebSite\",\"@id\":\"https:\\\/\\\/shebeauty.ee\\\/#website\",\"url\":\"https:\\\/\\\/shebeauty.ee\\\/\",\"name\":\"She Beauty Studio\",\"description\":\"Juuksestuudio\",\"publisher\":{\"@id\":\"https:\\\/\\\/shebeauty.ee\\\/#organization\"},\"potentialAction\":[{\"@type\":\"SearchAction\",\"target\":{\"@type\":\"EntryPoint\",\"urlTemplate\":\"https:\\\/\\\/shebeauty.ee\\\/?s={search_term_string}\"},\"query-input\":{\"@type\":\"PropertyValueSpecification\",\"valueRequired\":true,\"valueName\":\"search_term_string\"}}],\"inLanguage\":\"en-US\"},{\"@type\":\"Organization\",\"@id\":\"https:\\\/\\\/shebeauty.ee\\\/#organization\",\"name\":\"She Beauty O\u00dc\",\"url\":\"https:\\\/\\\/shebeauty.ee\\\/\",\"logo\":{\"@type\":\"ImageObject\",\"inLanguage\":\"en-US\",\"@id\":\"https:\\\/\\\/shebeauty.ee\\\/#\\\/schema\\\/logo\\\/image\\\/\",\"url\":\"https:\\\/\\\/shebeauty.ee\\\/wp-content\\\/uploads\\\/2023\\\/10\\\/IMG_0585.jpg\",\"contentUrl\":\"https:\\\/\\\/shebeauty.ee\\\/wp-content\\\/uploads\\\/2023\\\/10\\\/IMG_0585.jpg\",\"width\":1284,\"height\":1300,\"caption\":\"She Beauty O\u00dc\"},\"image\":{\"@id\":\"https:\\\/\\\/shebeauty.ee\\\/#\\\/schema\\\/logo\\\/image\\\/\"}}]}<\/script>\n<!-- \/ Yoast SEO plugin. -->","yoast_head_json":{"title":"K-Time Glam Runaway Queen Extra-Strong Hairspray - She Beauty Studio","description":"Niiskusevastane kaitse ja maksimaalne l\u00e4ige t\u00e4idavad professionaalseks soenguks k\u00f5ik vajalikud tingimused. Keratiin tugevdab ja muudab juuksed elastseks.","robots":{"index":"index","follow":"follow","max-snippet":"max-snippet:-1","max-image-preview":"max-image-preview:large","max-video-preview":"max-video-preview:-1"},"canonical":"https:\/\/shebeauty.ee\/en\/product\/k-time-glam-runaway-queen-extra-strong-hairspray\/","og_locale":"en_US","og_type":"article","og_title":"K-Time Glam Runaway Queen Extra-Strong Hairspray - She Beauty Studio","og_description":"Niiskusevastane kaitse ja maksimaalne l\u00e4ige t\u00e4idavad professionaalseks soenguks k\u00f5ik vajalikud tingimused. Keratiin tugevdab ja muudab juuksed elastseks.","og_url":"https:\/\/shebeauty.ee\/en\/product\/k-time-glam-runaway-queen-extra-strong-hairspray\/","og_site_name":"She Beauty Studio","article_modified_time":"2026-03-29T13:40:38+00:00","og_image":[{"width":1080,"height":1080,"url":"https:\/\/shebeauty.ee\/wp-content\/uploads\/2024\/10\/runaway.jpg","type":"image\/jpeg"}],"twitter_card":"summary_large_image","twitter_misc":{"Est. reading time":"1 minute"},"schema":{"@context":"https:\/\/schema.org","@graph":[{"@type":"WebPage","@id":"https:\/\/shebeauty.ee\/toode\/k-time-glam-runaway-queen-extra-strong-hairspray\/","url":"https:\/\/shebeauty.ee\/toode\/k-time-glam-runaway-queen-extra-strong-hairspray\/","name":"K-Time Glam Runaway Queen Extra-Strong Hairspray - She Beauty Studio","isPartOf":{"@id":"https:\/\/shebeauty.ee\/#website"},"primaryImageOfPage":{"@id":"https:\/\/shebeauty.ee\/toode\/k-time-glam-runaway-queen-extra-strong-hairspray\/#primaryimage"},"image":{"@id":"https:\/\/shebeauty.ee\/toode\/k-time-glam-runaway-queen-extra-strong-hairspray\/#primaryimage"},"thumbnailUrl":"https:\/\/shebeauty.ee\/wp-content\/uploads\/2024\/10\/runaway.jpg","datePublished":"2024-10-19T09:11:10+00:00","dateModified":"2026-03-29T13:40:38+00:00","description":"Niiskusevastane kaitse ja maksimaalne l\u00e4ige t\u00e4idavad professionaalseks soenguks k\u00f5ik vajalikud tingimused. Keratiin tugevdab ja muudab juuksed elastseks.","breadcrumb":{"@id":"https:\/\/shebeauty.ee\/toode\/k-time-glam-runaway-queen-extra-strong-hairspray\/#breadcrumb"},"inLanguage":"en-US","potentialAction":[{"@type":"ReadAction","target":["https:\/\/shebeauty.ee\/toode\/k-time-glam-runaway-queen-extra-strong-hairspray\/"]}]},{"@type":"ImageObject","inLanguage":"en-US","@id":"https:\/\/shebeauty.ee\/toode\/k-time-glam-runaway-queen-extra-strong-hairspray\/#primaryimage","url":"https:\/\/shebeauty.ee\/wp-content\/uploads\/2024\/10\/runaway.jpg","contentUrl":"https:\/\/shebeauty.ee\/wp-content\/uploads\/2024\/10\/runaway.jpg","width":1080,"height":1080},{"@type":"BreadcrumbList","@id":"https:\/\/shebeauty.ee\/toode\/k-time-glam-runaway-queen-extra-strong-hairspray\/#breadcrumb","itemListElement":[{"@type":"ListItem","position":1,"name":"Home","item":"https:\/\/shebeauty.ee\/"},{"@type":"ListItem","position":2,"name":"Pood","item":"https:\/\/shebeauty.ee\/e-pood\/"},{"@type":"ListItem","position":3,"name":"K-Time Glam Runaway Queen Extra-Strong Hairspray"}]},{"@type":"WebSite","@id":"https:\/\/shebeauty.ee\/#website","url":"https:\/\/shebeauty.ee\/","name":"She Beauty Studio","description":"Juuksestuudio","publisher":{"@id":"https:\/\/shebeauty.ee\/#organization"},"potentialAction":[{"@type":"SearchAction","target":{"@type":"EntryPoint","urlTemplate":"https:\/\/shebeauty.ee\/?s={search_term_string}"},"query-input":{"@type":"PropertyValueSpecification","valueRequired":true,"valueName":"search_term_string"}}],"inLanguage":"en-US"},{"@type":"Organization","@id":"https:\/\/shebeauty.ee\/#organization","name":"She Beauty O\u00dc","url":"https:\/\/shebeauty.ee\/","logo":{"@type":"ImageObject","inLanguage":"en-US","@id":"https:\/\/shebeauty.ee\/#\/schema\/logo\/image\/","url":"https:\/\/shebeauty.ee\/wp-content\/uploads\/2023\/10\/IMG_0585.jpg","contentUrl":"https:\/\/shebeauty.ee\/wp-content\/uploads\/2023\/10\/IMG_0585.jpg","width":1284,"height":1300,"caption":"She Beauty O\u00dc"},"image":{"@id":"https:\/\/shebeauty.ee\/#\/schema\/logo\/image\/"}}]}},"_links":{"self":[{"href":"https:\/\/shebeauty.ee\/en\/wp-json\/wp\/v2\/product\/3653","targetHints":{"allow":["GET"]}}],"collection":[{"href":"https:\/\/shebeauty.ee\/en\/wp-json\/wp\/v2\/product"}],"about":[{"href":"https:\/\/shebeauty.ee\/en\/wp-json\/wp\/v2\/types\/product"}],"replies":[{"embeddable":true,"href":"https:\/\/shebeauty.ee\/en\/wp-json\/wp\/v2\/comments?post=3653"}],"wp:featuredmedia":[{"embeddable":true,"href":"https:\/\/shebeauty.ee\/en\/wp-json\/wp\/v2\/media\/6522"}],"wp:attachment":[{"href":"https:\/\/shebeauty.ee\/en\/wp-json\/wp\/v2\/media?parent=3653"}],"wp:term":[{"taxonomy":"product_brand","embeddable":true,"href":"https:\/\/shebeauty.ee\/en\/wp-json\/wp\/v2\/product_brand?post=3653"},{"taxonomy":"product_cat","embeddable":true,"href":"https:\/\/shebeauty.ee\/en\/wp-json\/wp\/v2\/product_cat?post=3653"},{"taxonomy":"product_tag","embeddable":true,"href":"https:\/\/shebeauty.ee\/en\/wp-json\/wp\/v2\/product_tag?post=3653"},{"taxonomy":"giftcard-category","embeddable":true,"href":"https:\/\/shebeauty.ee\/en\/wp-json\/wp\/v2\/giftcard-category?post=3653"}],"curies":[{"name":"wp","href":"https:\/\/api.w.org\/{rel}","templated":true}]}}