{"id":3614,"date":"2024-09-22T19:44:51","date_gmt":"2024-09-22T16:44:51","guid":{"rendered":"https:\/\/shebeauty.ee\/?post_type=product&#038;p=3614"},"modified":"2025-08-23T15:29:27","modified_gmt":"2025-08-23T12:29:27","slug":"k-time-argan-delight-high-lightness-milk-with-argan-oil-200ml","status":"publish","type":"product","link":"https:\/\/shebeauty.ee\/en\/product\/k-time-argan-delight-high-lightness-milk-with-argan-oil-200ml\/","title":{"rendered":"K-time Argan Delight High Lightness Milk with Argan Oil 200ml"},"content":{"rendered":"<p data-start=\"102\" data-end=\"167\"><strong data-start=\"106\" data-end=\"165\">Argan Delight High Lightness juuksepiim <\/strong>on loodud spetsiaalselt tundlikumate ja kuivade juukseosade toitmiseks. Kerge koostis ei koorma juukseid, j\u00e4ttes need pehmeks, s\u00e4ravaks ja eluj\u00f5uliseks.<br \/>\nJuuksepiim sisaldab endas v\u00e4\u00e4rtuslikku argaania\u00f5li, mida tuntakse kui &#8220;Maroko ilueliksiiri&#8221;. Selle koostis taastab juuksekiud s\u00fcgavuti andes neile uut elastsust, pehmust ja l\u00e4iget.<br \/>\nT\u00e4nu oma siluvale ja niisutavale toimele sobib ideaalselt igap\u00e4evaseks kasutamiseks eriti kahjustatud v\u00f5i kuivadele juustele.<\/p>\n<p class=\"p1\"><span class=\"s1\"><b>Usage:<\/b> Kandke \u00fchtlaselt niisketele juustele. J\u00e4tke 3-5 minutiks m\u00f5juma, seej\u00e4rel loputage.<\/span><\/p>\n<p>KOOSTIS: AQUA (WATER), CETEARYL ALCOHOL, GLYCERYL STEARATE, CETRIMONIUM CHLORIDE, DIMETHICONE, GLYCERIN, PARFUM (FRAGRANCE), LAURYL ALCOHOL, MYRISTYL ALCOHOL, CITRIC ACID, ARGANIA SPINOSA OIL (ARGANIA SPINOSA KERNELL OIL), HYDROLYZED KERATIN, HYDROLYZED COLLAGEN, METHYLCHLOROISOTHIAZOLINONE, SODIUM HYALURONATE, SODIUM LAUROYL LACTYLATE, METHYLISOTHIAZOLINONE, CERAMIDE 3, PHENOXYETHANOL, CHOLESTEROL, PHYTOSPHINGOSINE, CERAMIDE 6 II, ETHYLHEXYLGLYCERIN, XANTHAN GUM, CARBOMER, CERAMIDE 1.<\/p>\n<p><strong>The list of ingredients could change. Always refer to the product packaging for the most up-to-date ingredient list.<\/strong><br \/>\n<strong>Koostisosade loetelu v\u00f5ib muutuda. K\u00f5ige ajakohasema koostisosade loetelu leiad alati toote pakendilt.<\/strong><\/p>\n<p class=\"p1\"><span class=\"s1\">Importer: Beauty Cosmetics O\u00dc, Kaupmehe 6, Tallinn <a href=\"https:\/\/shebeauty.ee\/en\/\"><span class=\"s2\">www.shebeauty.ee<\/span><\/a><\/span><b><\/b><\/p>","protected":false},"excerpt":{"rendered":"<p><span style=\"font-size: 16px;\" data-start=\"188\" data-end=\"298\">(<em>Liitrihind: 105\u20ac \/ l<\/em>)<br \/>\n<\/span>M\u00f5nusa ja kerge koostisega juuksepiim. Sisaldab v\u00e4\u00e4rtuslikku argaania\u00f5li, mille toime annab juustele elastsust, pehmust ja l\u00e4iget.<br \/>\nSobib ideaalselt igap\u00e4evaseks kasutamiseks eriti kahjustatud v\u00f5i kuivadele juustele.<\/p>","protected":false},"featured_media":5655,"comment_status":"open","ping_status":"closed","template":"","meta":{"site-sidebar-layout":"default","site-content-layout":"","ast-site-content-layout":"default","site-content-style":"default","site-sidebar-style":"default","ast-global-header-display":"","ast-banner-title-visibility":"","ast-main-header-display":"","ast-hfb-above-header-display":"","ast-hfb-below-header-display":"","ast-hfb-mobile-header-display":"","site-post-title":"","ast-breadcrumbs-content":"","ast-featured-img":"","footer-sml-layout":"","ast-disable-related-posts":"","theme-transparent-header-meta":"default","adv-header-id-meta":"","stick-header-meta":"","header-above-stick-meta":"","header-main-stick-meta":"","header-below-stick-meta":"","astra-migrate-meta-layouts":"set","ast-page-background-enabled":"default","ast-page-background-meta":{"desktop":{"background-color":"var(--ast-global-color-4)","background-image":"","background-repeat":"repeat","background-position":"center center","background-size":"auto","background-attachment":"scroll","background-type":"","background-media":"","overlay-type":"","overlay-color":"","overlay-opacity":"","overlay-gradient":""},"tablet":{"background-color":"","background-image":"","background-repeat":"repeat","background-position":"center center","background-size":"auto","background-attachment":"scroll","background-type":"","background-media":"","overlay-type":"","overlay-color":"","overlay-opacity":"","overlay-gradient":""},"mobile":{"background-color":"","background-image":"","background-repeat":"repeat","background-position":"center center","background-size":"auto","background-attachment":"scroll","background-type":"","background-media":"","overlay-type":"","overlay-color":"","overlay-opacity":"","overlay-gradient":""}},"ast-content-background-meta":{"desktop":{"background-color":"var(--ast-global-color-5)","background-image":"","background-repeat":"repeat","background-position":"center center","background-size":"auto","background-attachment":"scroll","background-type":"","background-media":"","overlay-type":"","overlay-color":"","overlay-opacity":"","overlay-gradient":""},"tablet":{"background-color":"var(--ast-global-color-5)","background-image":"","background-repeat":"repeat","background-position":"center center","background-size":"auto","background-attachment":"scroll","background-type":"","background-media":"","overlay-type":"","overlay-color":"","overlay-opacity":"","overlay-gradient":""},"mobile":{"background-color":"var(--ast-global-color-5)","background-image":"","background-repeat":"repeat","background-position":"center center","background-size":"auto","background-attachment":"scroll","background-type":"","background-media":"","overlay-type":"","overlay-color":"","overlay-opacity":"","overlay-gradient":""}}},"product_brand":[],"product_cat":[20],"product_tag":[141,76,273,272,275,142,83,274],"giftcard-category":[],"class_list":{"0":"post-3614","1":"product","2":"type-product","3":"status-publish","4":"has-post-thumbnail","6":"product_cat-juuksehooldustooted-sampoon-palsam-mask","7":"product_tag-argan-oil","8":"product_tag-juuksehooldus","9":"product_tag-juuksepiim","10":"product_tag-k-time-argan-sari","11":"product_tag-kuivadele-ja-kahjustatud-juustele","12":"product_tag-niisutav","13":"product_tag-palsam","14":"product_tag-ulim-niisutus","15":"desktop-align-center","16":"tablet-align-left","17":"mobile-align-left","19":"first","20":"instock","21":"taxable","22":"shipping-taxable","23":"purchasable","24":"product-type-simple"},"yoast_head":"<!-- This site is optimized with the Yoast SEO plugin v27.4 - https:\/\/yoast.com\/product\/yoast-seo-wordpress\/ -->\n<title>K-time Argan Delight High Lightness Milk with Argan Oil 200ml - She Beauty Studio<\/title>\n<meta name=\"description\" content=\"Argan juuksepiim on loodud tundlikumate ja kuivade juukseosade toitmiseks. Kerge koostis ei koorma juukseid, j\u00e4ttes need pehmeks, s\u00e4ravaks ja eluj\u00f5uliseks.\" \/>\n<meta name=\"robots\" content=\"index, follow, max-snippet:-1, max-image-preview:large, max-video-preview:-1\" \/>\n<link rel=\"canonical\" href=\"https:\/\/shebeauty.ee\/en\/product\/k-time-argan-delight-high-lightness-milk-with-argan-oil-200ml\/\" \/>\n<meta property=\"og:locale\" content=\"en_US\" \/>\n<meta property=\"og:type\" content=\"article\" \/>\n<meta property=\"og:title\" content=\"K-time Argan Delight High Lightness Milk with Argan Oil 200ml - She Beauty Studio\" \/>\n<meta property=\"og:description\" content=\"Argan juuksepiim on loodud tundlikumate ja kuivade juukseosade toitmiseks. Kerge koostis ei koorma juukseid, j\u00e4ttes need pehmeks, s\u00e4ravaks ja eluj\u00f5uliseks.\" \/>\n<meta property=\"og:url\" content=\"https:\/\/shebeauty.ee\/en\/product\/k-time-argan-delight-high-lightness-milk-with-argan-oil-200ml\/\" \/>\n<meta property=\"og:site_name\" content=\"She Beauty Studio\" \/>\n<meta property=\"article:modified_time\" content=\"2025-08-23T12:29:27+00:00\" \/>\n<meta property=\"og:image\" content=\"https:\/\/shebeauty.ee\/wp-content\/uploads\/2024\/09\/Argan-Milk-200ml-2-scaled.jpg\" \/>\n\t<meta property=\"og:image:width\" content=\"2560\" \/>\n\t<meta property=\"og:image:height\" content=\"2560\" \/>\n\t<meta property=\"og:image:type\" content=\"image\/jpeg\" \/>\n<meta name=\"twitter:card\" content=\"summary_large_image\" \/>\n<meta name=\"twitter:label1\" content=\"Est. reading time\" \/>\n\t<meta name=\"twitter:data1\" content=\"2 minutes\" \/>\n<script type=\"application\/ld+json\" class=\"yoast-schema-graph\">{\"@context\":\"https:\\\/\\\/schema.org\",\"@graph\":[{\"@type\":\"WebPage\",\"@id\":\"https:\\\/\\\/shebeauty.ee\\\/toode\\\/k-time-argan-delight-high-lightness-milk-with-argan-oil-200ml\\\/\",\"url\":\"https:\\\/\\\/shebeauty.ee\\\/toode\\\/k-time-argan-delight-high-lightness-milk-with-argan-oil-200ml\\\/\",\"name\":\"K-time Argan Delight High Lightness Milk with Argan Oil 200ml - She Beauty Studio\",\"isPartOf\":{\"@id\":\"https:\\\/\\\/shebeauty.ee\\\/#website\"},\"primaryImageOfPage\":{\"@id\":\"https:\\\/\\\/shebeauty.ee\\\/toode\\\/k-time-argan-delight-high-lightness-milk-with-argan-oil-200ml\\\/#primaryimage\"},\"image\":{\"@id\":\"https:\\\/\\\/shebeauty.ee\\\/toode\\\/k-time-argan-delight-high-lightness-milk-with-argan-oil-200ml\\\/#primaryimage\"},\"thumbnailUrl\":\"https:\\\/\\\/shebeauty.ee\\\/wp-content\\\/uploads\\\/2024\\\/09\\\/Argan-Milk-200ml-2-scaled.jpg\",\"datePublished\":\"2024-09-22T16:44:51+00:00\",\"dateModified\":\"2025-08-23T12:29:27+00:00\",\"description\":\"Argan juuksepiim on loodud tundlikumate ja kuivade juukseosade toitmiseks. Kerge koostis ei koorma juukseid, j\u00e4ttes need pehmeks, s\u00e4ravaks ja eluj\u00f5uliseks.\",\"breadcrumb\":{\"@id\":\"https:\\\/\\\/shebeauty.ee\\\/toode\\\/k-time-argan-delight-high-lightness-milk-with-argan-oil-200ml\\\/#breadcrumb\"},\"inLanguage\":\"en-US\",\"potentialAction\":[{\"@type\":\"ReadAction\",\"target\":[\"https:\\\/\\\/shebeauty.ee\\\/toode\\\/k-time-argan-delight-high-lightness-milk-with-argan-oil-200ml\\\/\"]}]},{\"@type\":\"ImageObject\",\"inLanguage\":\"en-US\",\"@id\":\"https:\\\/\\\/shebeauty.ee\\\/toode\\\/k-time-argan-delight-high-lightness-milk-with-argan-oil-200ml\\\/#primaryimage\",\"url\":\"https:\\\/\\\/shebeauty.ee\\\/wp-content\\\/uploads\\\/2024\\\/09\\\/Argan-Milk-200ml-2-scaled.jpg\",\"contentUrl\":\"https:\\\/\\\/shebeauty.ee\\\/wp-content\\\/uploads\\\/2024\\\/09\\\/Argan-Milk-200ml-2-scaled.jpg\",\"width\":2560,\"height\":2560},{\"@type\":\"BreadcrumbList\",\"@id\":\"https:\\\/\\\/shebeauty.ee\\\/toode\\\/k-time-argan-delight-high-lightness-milk-with-argan-oil-200ml\\\/#breadcrumb\",\"itemListElement\":[{\"@type\":\"ListItem\",\"position\":1,\"name\":\"Home\",\"item\":\"https:\\\/\\\/shebeauty.ee\\\/\"},{\"@type\":\"ListItem\",\"position\":2,\"name\":\"Pood\",\"item\":\"https:\\\/\\\/shebeauty.ee\\\/e-pood\\\/\"},{\"@type\":\"ListItem\",\"position\":3,\"name\":\"K-time Argan Delight High Lightness Milk with Argan Oil 200ml\"}]},{\"@type\":\"WebSite\",\"@id\":\"https:\\\/\\\/shebeauty.ee\\\/#website\",\"url\":\"https:\\\/\\\/shebeauty.ee\\\/\",\"name\":\"She Beauty Studio\",\"description\":\"Juuksestuudio\",\"publisher\":{\"@id\":\"https:\\\/\\\/shebeauty.ee\\\/#organization\"},\"potentialAction\":[{\"@type\":\"SearchAction\",\"target\":{\"@type\":\"EntryPoint\",\"urlTemplate\":\"https:\\\/\\\/shebeauty.ee\\\/?s={search_term_string}\"},\"query-input\":{\"@type\":\"PropertyValueSpecification\",\"valueRequired\":true,\"valueName\":\"search_term_string\"}}],\"inLanguage\":\"en-US\"},{\"@type\":\"Organization\",\"@id\":\"https:\\\/\\\/shebeauty.ee\\\/#organization\",\"name\":\"She Beauty O\u00dc\",\"url\":\"https:\\\/\\\/shebeauty.ee\\\/\",\"logo\":{\"@type\":\"ImageObject\",\"inLanguage\":\"en-US\",\"@id\":\"https:\\\/\\\/shebeauty.ee\\\/#\\\/schema\\\/logo\\\/image\\\/\",\"url\":\"https:\\\/\\\/shebeauty.ee\\\/wp-content\\\/uploads\\\/2023\\\/10\\\/IMG_0585.jpg\",\"contentUrl\":\"https:\\\/\\\/shebeauty.ee\\\/wp-content\\\/uploads\\\/2023\\\/10\\\/IMG_0585.jpg\",\"width\":1284,\"height\":1300,\"caption\":\"She Beauty O\u00dc\"},\"image\":{\"@id\":\"https:\\\/\\\/shebeauty.ee\\\/#\\\/schema\\\/logo\\\/image\\\/\"}}]}<\/script>\n<!-- \/ Yoast SEO plugin. -->","yoast_head_json":{"title":"K-time Argan Delight High Lightness Milk with Argan Oil 200ml - She Beauty Studio","description":"Argan juuksepiim on loodud tundlikumate ja kuivade juukseosade toitmiseks. Kerge koostis ei koorma juukseid, j\u00e4ttes need pehmeks, s\u00e4ravaks ja eluj\u00f5uliseks.","robots":{"index":"index","follow":"follow","max-snippet":"max-snippet:-1","max-image-preview":"max-image-preview:large","max-video-preview":"max-video-preview:-1"},"canonical":"https:\/\/shebeauty.ee\/en\/product\/k-time-argan-delight-high-lightness-milk-with-argan-oil-200ml\/","og_locale":"en_US","og_type":"article","og_title":"K-time Argan Delight High Lightness Milk with Argan Oil 200ml - She Beauty Studio","og_description":"Argan juuksepiim on loodud tundlikumate ja kuivade juukseosade toitmiseks. Kerge koostis ei koorma juukseid, j\u00e4ttes need pehmeks, s\u00e4ravaks ja eluj\u00f5uliseks.","og_url":"https:\/\/shebeauty.ee\/en\/product\/k-time-argan-delight-high-lightness-milk-with-argan-oil-200ml\/","og_site_name":"She Beauty Studio","article_modified_time":"2025-08-23T12:29:27+00:00","og_image":[{"width":2560,"height":2560,"url":"https:\/\/shebeauty.ee\/wp-content\/uploads\/2024\/09\/Argan-Milk-200ml-2-scaled.jpg","type":"image\/jpeg"}],"twitter_card":"summary_large_image","twitter_misc":{"Est. reading time":"2 minutes"},"schema":{"@context":"https:\/\/schema.org","@graph":[{"@type":"WebPage","@id":"https:\/\/shebeauty.ee\/toode\/k-time-argan-delight-high-lightness-milk-with-argan-oil-200ml\/","url":"https:\/\/shebeauty.ee\/toode\/k-time-argan-delight-high-lightness-milk-with-argan-oil-200ml\/","name":"K-time Argan Delight High Lightness Milk with Argan Oil 200ml - She Beauty Studio","isPartOf":{"@id":"https:\/\/shebeauty.ee\/#website"},"primaryImageOfPage":{"@id":"https:\/\/shebeauty.ee\/toode\/k-time-argan-delight-high-lightness-milk-with-argan-oil-200ml\/#primaryimage"},"image":{"@id":"https:\/\/shebeauty.ee\/toode\/k-time-argan-delight-high-lightness-milk-with-argan-oil-200ml\/#primaryimage"},"thumbnailUrl":"https:\/\/shebeauty.ee\/wp-content\/uploads\/2024\/09\/Argan-Milk-200ml-2-scaled.jpg","datePublished":"2024-09-22T16:44:51+00:00","dateModified":"2025-08-23T12:29:27+00:00","description":"Argan juuksepiim on loodud tundlikumate ja kuivade juukseosade toitmiseks. Kerge koostis ei koorma juukseid, j\u00e4ttes need pehmeks, s\u00e4ravaks ja eluj\u00f5uliseks.","breadcrumb":{"@id":"https:\/\/shebeauty.ee\/toode\/k-time-argan-delight-high-lightness-milk-with-argan-oil-200ml\/#breadcrumb"},"inLanguage":"en-US","potentialAction":[{"@type":"ReadAction","target":["https:\/\/shebeauty.ee\/toode\/k-time-argan-delight-high-lightness-milk-with-argan-oil-200ml\/"]}]},{"@type":"ImageObject","inLanguage":"en-US","@id":"https:\/\/shebeauty.ee\/toode\/k-time-argan-delight-high-lightness-milk-with-argan-oil-200ml\/#primaryimage","url":"https:\/\/shebeauty.ee\/wp-content\/uploads\/2024\/09\/Argan-Milk-200ml-2-scaled.jpg","contentUrl":"https:\/\/shebeauty.ee\/wp-content\/uploads\/2024\/09\/Argan-Milk-200ml-2-scaled.jpg","width":2560,"height":2560},{"@type":"BreadcrumbList","@id":"https:\/\/shebeauty.ee\/toode\/k-time-argan-delight-high-lightness-milk-with-argan-oil-200ml\/#breadcrumb","itemListElement":[{"@type":"ListItem","position":1,"name":"Home","item":"https:\/\/shebeauty.ee\/"},{"@type":"ListItem","position":2,"name":"Pood","item":"https:\/\/shebeauty.ee\/e-pood\/"},{"@type":"ListItem","position":3,"name":"K-time Argan Delight High Lightness Milk with Argan Oil 200ml"}]},{"@type":"WebSite","@id":"https:\/\/shebeauty.ee\/#website","url":"https:\/\/shebeauty.ee\/","name":"She Beauty Studio","description":"Juuksestuudio","publisher":{"@id":"https:\/\/shebeauty.ee\/#organization"},"potentialAction":[{"@type":"SearchAction","target":{"@type":"EntryPoint","urlTemplate":"https:\/\/shebeauty.ee\/?s={search_term_string}"},"query-input":{"@type":"PropertyValueSpecification","valueRequired":true,"valueName":"search_term_string"}}],"inLanguage":"en-US"},{"@type":"Organization","@id":"https:\/\/shebeauty.ee\/#organization","name":"She Beauty O\u00dc","url":"https:\/\/shebeauty.ee\/","logo":{"@type":"ImageObject","inLanguage":"en-US","@id":"https:\/\/shebeauty.ee\/#\/schema\/logo\/image\/","url":"https:\/\/shebeauty.ee\/wp-content\/uploads\/2023\/10\/IMG_0585.jpg","contentUrl":"https:\/\/shebeauty.ee\/wp-content\/uploads\/2023\/10\/IMG_0585.jpg","width":1284,"height":1300,"caption":"She Beauty O\u00dc"},"image":{"@id":"https:\/\/shebeauty.ee\/#\/schema\/logo\/image\/"}}]}},"_links":{"self":[{"href":"https:\/\/shebeauty.ee\/en\/wp-json\/wp\/v2\/product\/3614","targetHints":{"allow":["GET"]}}],"collection":[{"href":"https:\/\/shebeauty.ee\/en\/wp-json\/wp\/v2\/product"}],"about":[{"href":"https:\/\/shebeauty.ee\/en\/wp-json\/wp\/v2\/types\/product"}],"replies":[{"embeddable":true,"href":"https:\/\/shebeauty.ee\/en\/wp-json\/wp\/v2\/comments?post=3614"}],"wp:featuredmedia":[{"embeddable":true,"href":"https:\/\/shebeauty.ee\/en\/wp-json\/wp\/v2\/media\/5655"}],"wp:attachment":[{"href":"https:\/\/shebeauty.ee\/en\/wp-json\/wp\/v2\/media?parent=3614"}],"wp:term":[{"taxonomy":"product_brand","embeddable":true,"href":"https:\/\/shebeauty.ee\/en\/wp-json\/wp\/v2\/product_brand?post=3614"},{"taxonomy":"product_cat","embeddable":true,"href":"https:\/\/shebeauty.ee\/en\/wp-json\/wp\/v2\/product_cat?post=3614"},{"taxonomy":"product_tag","embeddable":true,"href":"https:\/\/shebeauty.ee\/en\/wp-json\/wp\/v2\/product_tag?post=3614"},{"taxonomy":"giftcard-category","embeddable":true,"href":"https:\/\/shebeauty.ee\/en\/wp-json\/wp\/v2\/giftcard-category?post=3614"}],"curies":[{"name":"wp","href":"https:\/\/api.w.org\/{rel}","templated":true}]}}