{"id":3585,"date":"2024-09-08T20:10:40","date_gmt":"2024-09-08T17:10:40","guid":{"rendered":"https:\/\/shebeauty.ee\/?post_type=product&#038;p=3585"},"modified":"2026-03-29T16:41:22","modified_gmt":"2026-03-29T13:41:22","slug":"k-time-matirya-over-force-hair-loss-prevention-kit","status":"publish","type":"product","link":"https:\/\/shebeauty.ee\/en\/product\/k-time-matirya-over-force-hair-loss-prevention-kit\/","title":{"rendered":"K-Time Matirya Over Force Advanced Hair Loss Prevention Kit"},"content":{"rendered":"<p data-start=\"613\" data-end=\"1011\" class=\"translation-block\"><strong>K-Time Matirya Over Force Advanced Hair Loss Prevention Kit <\/strong>is an effective and concentrated care kit against thinning and falling hair.<br data-start=\"657\" data-end=\"660\">\nThe kit includes a 250 ml shampoo and 12 single-dose vials (8 ml), whose shock effect activates dormant hair follicles and strengthens the hair structure.<\/p>\n<p data-start=\"825\" data-end=\"1084\">The effect is based on an innovative complex of active ingredients in which lemon balm essential oil soothes the scalp and stimulates blood circulation, an amino acid complex strengthens the hair fiber, and green tea extract acts as a powerful antioxidant, providing protection against environmental damage.<\/p>\n<p data-start=\"1086\" data-end=\"1180\" class=\"translation-block\">The result is more vital, stronger, and denser hair growth, as well as a cleaner, balanced scalp.<br>\nSuitable for both men and women who have noticeable thinning or weakening hair.<\/p>\n<p class=\"p1 translation-block\"><strong>Warning:<\/strong> Keep away from sources of heat and light. Do not dilute or mix with other products. Do not ingest or inject the product. Keep out of reach of children. Avoid contact with eyes. Do not apply to damaged, irritated, or condition-affected scalp (eczema, psoriasis, etc.). Open carefully. For external use only.<\/p>\n<p class=\"p1\"><strong>Usage:\u00a0<\/strong><br \/>\n\u0160ampoon: Kanna m\u00e4rgadesse juustesse, masseeri \u00f5rnalt ja loputa hoolikalt.<br data-start=\"1448\" data-end=\"1451\" \/>Ampull: Kanna \u00fcks viaal otse puhtale ja r\u00e4tikukuivale peanahale. Masseeri kuni t\u00e4ieliku imendumiseni. \u00c4ra loputa.<br data-start=\"1572\" data-end=\"1575\" \/>Repeat 2\u20133 times a week or according to the recommended treatment course.<\/p>\n<p><strong>The list of ingredients could change. Always refer to the product packaging for the most up-to-date ingredient list.<\/strong><br \/>\n<strong>Koostisosade loetelu v\u00f5ib muutuda. K\u00f5ige ajakohasema koostisosade loetelu leiad alati toote pakendilt.<\/strong><\/p>\n<p class=\"p1\"><span class=\"s1\">Importer: Beauty Cosmetics O\u00dc, Kaupmehe 6, Tallinn <a href=\"https:\/\/shebeauty.ee\/en\/\"><span class=\"s2\">www.shebeauty.ee<\/span><\/a><\/span><\/p>","protected":false},"excerpt":{"rendered":"<p><span style=\"font-size: 16px;\" data-start=\"188\" data-end=\"298\">(<em>Liitrihind: 228,32\u20ac \/ l<\/em>)<\/span><\/p>\n<p>K-Time Matirya sarja hoolduskomplekt on loodud h\u00f5renevate juuste ja progresseeruva juuste v\u00e4ljalangemise vastu v\u00f5itlemiseks. Aktiveerib juuksekasvu ning tugevdab juuksejuuri.<br data-start=\"203\" data-end=\"206\" \/><strong>Anne &amp; Stiili 2026 aasta ilulemmik<\/strong><br data-start=\"241\" data-end=\"244\" \/><strong>Buduaari 2026 aasta ilulemmik<\/strong><\/p>\n<p>Kogumaht: 346ml<\/p>","protected":false},"featured_media":6523,"comment_status":"open","ping_status":"closed","template":"","meta":{"site-sidebar-layout":"default","site-content-layout":"","ast-site-content-layout":"default","site-content-style":"default","site-sidebar-style":"default","ast-global-header-display":"","ast-banner-title-visibility":"","ast-main-header-display":"","ast-hfb-above-header-display":"","ast-hfb-below-header-display":"","ast-hfb-mobile-header-display":"","site-post-title":"","ast-breadcrumbs-content":"","ast-featured-img":"","footer-sml-layout":"","ast-disable-related-posts":"","theme-transparent-header-meta":"default","adv-header-id-meta":"","stick-header-meta":"","header-above-stick-meta":"","header-main-stick-meta":"","header-below-stick-meta":"","astra-migrate-meta-layouts":"set","ast-page-background-enabled":"default","ast-page-background-meta":{"desktop":{"background-color":"var(--ast-global-color-4)","background-image":"","background-repeat":"repeat","background-position":"center center","background-size":"auto","background-attachment":"scroll","background-type":"","background-media":"","overlay-type":"","overlay-color":"","overlay-opacity":"","overlay-gradient":""},"tablet":{"background-color":"","background-image":"","background-repeat":"repeat","background-position":"center center","background-size":"auto","background-attachment":"scroll","background-type":"","background-media":"","overlay-type":"","overlay-color":"","overlay-opacity":"","overlay-gradient":""},"mobile":{"background-color":"","background-image":"","background-repeat":"repeat","background-position":"center center","background-size":"auto","background-attachment":"scroll","background-type":"","background-media":"","overlay-type":"","overlay-color":"","overlay-opacity":"","overlay-gradient":""}},"ast-content-background-meta":{"desktop":{"background-color":"var(--ast-global-color-5)","background-image":"","background-repeat":"repeat","background-position":"center center","background-size":"auto","background-attachment":"scroll","background-type":"","background-media":"","overlay-type":"","overlay-color":"","overlay-opacity":"","overlay-gradient":""},"tablet":{"background-color":"var(--ast-global-color-5)","background-image":"","background-repeat":"repeat","background-position":"center center","background-size":"auto","background-attachment":"scroll","background-type":"","background-media":"","overlay-type":"","overlay-color":"","overlay-opacity":"","overlay-gradient":""},"mobile":{"background-color":"var(--ast-global-color-5)","background-image":"","background-repeat":"repeat","background-position":"center center","background-size":"auto","background-attachment":"scroll","background-type":"","background-media":"","overlay-type":"","overlay-color":"","overlay-opacity":"","overlay-gradient":""}}},"product_brand":[],"product_cat":[20],"product_tag":[347,350,302,307,296,309,303,160,308],"giftcard-category":[],"class_list":{"0":"post-3585","1":"product","2":"type-product","3":"status-publish","4":"has-post-thumbnail","6":"product_cat-juuksehooldustooted-sampoon-palsam-mask","7":"product_tag-annestiil-ilulemmik-2026","8":"product_tag-buduaari-ilulemmik-2026","9":"product_tag-horenevatele-juustele","10":"product_tag-k-time-matirya-over-force-sari","11":"product_tag-k-time-matirya-sari","12":"product_tag-rohelise-tee-ekstrakt","13":"product_tag-sidrunimelissi-eeterlik-oli","14":"product_tag-stimuleerib-juuksekasvu","15":"product_tag-stimuleerib-vereringet","16":"desktop-align-center","17":"tablet-align-left","18":"mobile-align-left","20":"first","21":"instock","22":"taxable","23":"shipping-taxable","24":"purchasable","25":"product-type-simple"},"yoast_head":"<!-- This site is optimized with the Yoast SEO plugin v27.4 - https:\/\/yoast.com\/product\/yoast-seo-wordpress\/ -->\n<title>K-Time Matirya Over Force Advanced Hair Loss Prevention Kit - She Beauty Studio<\/title>\n<meta name=\"description\" content=\"Intensiivne juuste v\u00e4ljalangemise vastane kuur, mis aktiveerib juuksekasvu ja tugevdab juuksejuuri. Aidates juustel kasvada ja taastuda.\" \/>\n<meta name=\"robots\" content=\"index, follow, max-snippet:-1, max-image-preview:large, max-video-preview:-1\" \/>\n<link rel=\"canonical\" href=\"https:\/\/shebeauty.ee\/en\/product\/k-time-matirya-over-force-hair-loss-prevention-kit\/\" \/>\n<meta property=\"og:locale\" content=\"en_US\" \/>\n<meta property=\"og:type\" content=\"article\" \/>\n<meta property=\"og:title\" content=\"K-Time Matirya Over Force Advanced Hair Loss Prevention Kit - She Beauty Studio\" \/>\n<meta property=\"og:description\" content=\"Intensiivne juuste v\u00e4ljalangemise vastane kuur, mis aktiveerib juuksekasvu ja tugevdab juuksejuuri. Aidates juustel kasvada ja taastuda.\" \/>\n<meta property=\"og:url\" content=\"https:\/\/shebeauty.ee\/en\/product\/k-time-matirya-over-force-hair-loss-prevention-kit\/\" \/>\n<meta property=\"og:site_name\" content=\"She Beauty Studio\" \/>\n<meta property=\"article:modified_time\" content=\"2026-03-29T13:41:22+00:00\" \/>\n<meta property=\"og:image\" content=\"https:\/\/shebeauty.ee\/wp-content\/uploads\/2024\/09\/matirya-2.jpg\" \/>\n\t<meta property=\"og:image:width\" content=\"1080\" \/>\n\t<meta property=\"og:image:height\" content=\"1080\" \/>\n\t<meta property=\"og:image:type\" content=\"image\/jpeg\" \/>\n<meta name=\"twitter:card\" content=\"summary_large_image\" \/>\n<meta name=\"twitter:label1\" content=\"Est. reading time\" \/>\n\t<meta name=\"twitter:data1\" content=\"2 minutes\" \/>\n<script type=\"application\/ld+json\" class=\"yoast-schema-graph\">{\"@context\":\"https:\\\/\\\/schema.org\",\"@graph\":[{\"@type\":\"WebPage\",\"@id\":\"https:\\\/\\\/shebeauty.ee\\\/toode\\\/k-time-matirya-over-force-hair-loss-prevention-kit\\\/\",\"url\":\"https:\\\/\\\/shebeauty.ee\\\/toode\\\/k-time-matirya-over-force-hair-loss-prevention-kit\\\/\",\"name\":\"K-Time Matirya Over Force Advanced Hair Loss Prevention Kit - She Beauty Studio\",\"isPartOf\":{\"@id\":\"https:\\\/\\\/shebeauty.ee\\\/#website\"},\"primaryImageOfPage\":{\"@id\":\"https:\\\/\\\/shebeauty.ee\\\/toode\\\/k-time-matirya-over-force-hair-loss-prevention-kit\\\/#primaryimage\"},\"image\":{\"@id\":\"https:\\\/\\\/shebeauty.ee\\\/toode\\\/k-time-matirya-over-force-hair-loss-prevention-kit\\\/#primaryimage\"},\"thumbnailUrl\":\"https:\\\/\\\/shebeauty.ee\\\/wp-content\\\/uploads\\\/2024\\\/09\\\/matirya-2.jpg\",\"datePublished\":\"2024-09-08T17:10:40+00:00\",\"dateModified\":\"2026-03-29T13:41:22+00:00\",\"description\":\"Intensiivne juuste v\u00e4ljalangemise vastane kuur, mis aktiveerib juuksekasvu ja tugevdab juuksejuuri. Aidates juustel kasvada ja taastuda.\",\"breadcrumb\":{\"@id\":\"https:\\\/\\\/shebeauty.ee\\\/toode\\\/k-time-matirya-over-force-hair-loss-prevention-kit\\\/#breadcrumb\"},\"inLanguage\":\"en-US\",\"potentialAction\":[{\"@type\":\"ReadAction\",\"target\":[\"https:\\\/\\\/shebeauty.ee\\\/toode\\\/k-time-matirya-over-force-hair-loss-prevention-kit\\\/\"]}]},{\"@type\":\"ImageObject\",\"inLanguage\":\"en-US\",\"@id\":\"https:\\\/\\\/shebeauty.ee\\\/toode\\\/k-time-matirya-over-force-hair-loss-prevention-kit\\\/#primaryimage\",\"url\":\"https:\\\/\\\/shebeauty.ee\\\/wp-content\\\/uploads\\\/2024\\\/09\\\/matirya-2.jpg\",\"contentUrl\":\"https:\\\/\\\/shebeauty.ee\\\/wp-content\\\/uploads\\\/2024\\\/09\\\/matirya-2.jpg\",\"width\":1080,\"height\":1080},{\"@type\":\"BreadcrumbList\",\"@id\":\"https:\\\/\\\/shebeauty.ee\\\/toode\\\/k-time-matirya-over-force-hair-loss-prevention-kit\\\/#breadcrumb\",\"itemListElement\":[{\"@type\":\"ListItem\",\"position\":1,\"name\":\"Home\",\"item\":\"https:\\\/\\\/shebeauty.ee\\\/\"},{\"@type\":\"ListItem\",\"position\":2,\"name\":\"Pood\",\"item\":\"https:\\\/\\\/shebeauty.ee\\\/e-pood\\\/\"},{\"@type\":\"ListItem\",\"position\":3,\"name\":\"K-Time Matirya Over Force Advanced Hair Loss Prevention Kit\"}]},{\"@type\":\"WebSite\",\"@id\":\"https:\\\/\\\/shebeauty.ee\\\/#website\",\"url\":\"https:\\\/\\\/shebeauty.ee\\\/\",\"name\":\"She Beauty Studio\",\"description\":\"Juuksestuudio\",\"publisher\":{\"@id\":\"https:\\\/\\\/shebeauty.ee\\\/#organization\"},\"potentialAction\":[{\"@type\":\"SearchAction\",\"target\":{\"@type\":\"EntryPoint\",\"urlTemplate\":\"https:\\\/\\\/shebeauty.ee\\\/?s={search_term_string}\"},\"query-input\":{\"@type\":\"PropertyValueSpecification\",\"valueRequired\":true,\"valueName\":\"search_term_string\"}}],\"inLanguage\":\"en-US\"},{\"@type\":\"Organization\",\"@id\":\"https:\\\/\\\/shebeauty.ee\\\/#organization\",\"name\":\"She Beauty O\u00dc\",\"url\":\"https:\\\/\\\/shebeauty.ee\\\/\",\"logo\":{\"@type\":\"ImageObject\",\"inLanguage\":\"en-US\",\"@id\":\"https:\\\/\\\/shebeauty.ee\\\/#\\\/schema\\\/logo\\\/image\\\/\",\"url\":\"https:\\\/\\\/shebeauty.ee\\\/wp-content\\\/uploads\\\/2023\\\/10\\\/IMG_0585.jpg\",\"contentUrl\":\"https:\\\/\\\/shebeauty.ee\\\/wp-content\\\/uploads\\\/2023\\\/10\\\/IMG_0585.jpg\",\"width\":1284,\"height\":1300,\"caption\":\"She Beauty O\u00dc\"},\"image\":{\"@id\":\"https:\\\/\\\/shebeauty.ee\\\/#\\\/schema\\\/logo\\\/image\\\/\"}}]}<\/script>\n<!-- \/ Yoast SEO plugin. -->","yoast_head_json":{"title":"K-Time Matirya Over Force Advanced Hair Loss Prevention Kit - She Beauty Studio","description":"Intensiivne juuste v\u00e4ljalangemise vastane kuur, mis aktiveerib juuksekasvu ja tugevdab juuksejuuri. Aidates juustel kasvada ja taastuda.","robots":{"index":"index","follow":"follow","max-snippet":"max-snippet:-1","max-image-preview":"max-image-preview:large","max-video-preview":"max-video-preview:-1"},"canonical":"https:\/\/shebeauty.ee\/en\/product\/k-time-matirya-over-force-hair-loss-prevention-kit\/","og_locale":"en_US","og_type":"article","og_title":"K-Time Matirya Over Force Advanced Hair Loss Prevention Kit - She Beauty Studio","og_description":"Intensiivne juuste v\u00e4ljalangemise vastane kuur, mis aktiveerib juuksekasvu ja tugevdab juuksejuuri. Aidates juustel kasvada ja taastuda.","og_url":"https:\/\/shebeauty.ee\/en\/product\/k-time-matirya-over-force-hair-loss-prevention-kit\/","og_site_name":"She Beauty Studio","article_modified_time":"2026-03-29T13:41:22+00:00","og_image":[{"width":1080,"height":1080,"url":"https:\/\/shebeauty.ee\/wp-content\/uploads\/2024\/09\/matirya-2.jpg","type":"image\/jpeg"}],"twitter_card":"summary_large_image","twitter_misc":{"Est. reading time":"2 minutes"},"schema":{"@context":"https:\/\/schema.org","@graph":[{"@type":"WebPage","@id":"https:\/\/shebeauty.ee\/toode\/k-time-matirya-over-force-hair-loss-prevention-kit\/","url":"https:\/\/shebeauty.ee\/toode\/k-time-matirya-over-force-hair-loss-prevention-kit\/","name":"K-Time Matirya Over Force Advanced Hair Loss Prevention Kit - She Beauty Studio","isPartOf":{"@id":"https:\/\/shebeauty.ee\/#website"},"primaryImageOfPage":{"@id":"https:\/\/shebeauty.ee\/toode\/k-time-matirya-over-force-hair-loss-prevention-kit\/#primaryimage"},"image":{"@id":"https:\/\/shebeauty.ee\/toode\/k-time-matirya-over-force-hair-loss-prevention-kit\/#primaryimage"},"thumbnailUrl":"https:\/\/shebeauty.ee\/wp-content\/uploads\/2024\/09\/matirya-2.jpg","datePublished":"2024-09-08T17:10:40+00:00","dateModified":"2026-03-29T13:41:22+00:00","description":"Intensiivne juuste v\u00e4ljalangemise vastane kuur, mis aktiveerib juuksekasvu ja tugevdab juuksejuuri. Aidates juustel kasvada ja taastuda.","breadcrumb":{"@id":"https:\/\/shebeauty.ee\/toode\/k-time-matirya-over-force-hair-loss-prevention-kit\/#breadcrumb"},"inLanguage":"en-US","potentialAction":[{"@type":"ReadAction","target":["https:\/\/shebeauty.ee\/toode\/k-time-matirya-over-force-hair-loss-prevention-kit\/"]}]},{"@type":"ImageObject","inLanguage":"en-US","@id":"https:\/\/shebeauty.ee\/toode\/k-time-matirya-over-force-hair-loss-prevention-kit\/#primaryimage","url":"https:\/\/shebeauty.ee\/wp-content\/uploads\/2024\/09\/matirya-2.jpg","contentUrl":"https:\/\/shebeauty.ee\/wp-content\/uploads\/2024\/09\/matirya-2.jpg","width":1080,"height":1080},{"@type":"BreadcrumbList","@id":"https:\/\/shebeauty.ee\/toode\/k-time-matirya-over-force-hair-loss-prevention-kit\/#breadcrumb","itemListElement":[{"@type":"ListItem","position":1,"name":"Home","item":"https:\/\/shebeauty.ee\/"},{"@type":"ListItem","position":2,"name":"Pood","item":"https:\/\/shebeauty.ee\/e-pood\/"},{"@type":"ListItem","position":3,"name":"K-Time Matirya Over Force Advanced Hair Loss Prevention Kit"}]},{"@type":"WebSite","@id":"https:\/\/shebeauty.ee\/#website","url":"https:\/\/shebeauty.ee\/","name":"She Beauty Studio","description":"Juuksestuudio","publisher":{"@id":"https:\/\/shebeauty.ee\/#organization"},"potentialAction":[{"@type":"SearchAction","target":{"@type":"EntryPoint","urlTemplate":"https:\/\/shebeauty.ee\/?s={search_term_string}"},"query-input":{"@type":"PropertyValueSpecification","valueRequired":true,"valueName":"search_term_string"}}],"inLanguage":"en-US"},{"@type":"Organization","@id":"https:\/\/shebeauty.ee\/#organization","name":"She Beauty O\u00dc","url":"https:\/\/shebeauty.ee\/","logo":{"@type":"ImageObject","inLanguage":"en-US","@id":"https:\/\/shebeauty.ee\/#\/schema\/logo\/image\/","url":"https:\/\/shebeauty.ee\/wp-content\/uploads\/2023\/10\/IMG_0585.jpg","contentUrl":"https:\/\/shebeauty.ee\/wp-content\/uploads\/2023\/10\/IMG_0585.jpg","width":1284,"height":1300,"caption":"She Beauty O\u00dc"},"image":{"@id":"https:\/\/shebeauty.ee\/#\/schema\/logo\/image\/"}}]}},"_links":{"self":[{"href":"https:\/\/shebeauty.ee\/en\/wp-json\/wp\/v2\/product\/3585","targetHints":{"allow":["GET"]}}],"collection":[{"href":"https:\/\/shebeauty.ee\/en\/wp-json\/wp\/v2\/product"}],"about":[{"href":"https:\/\/shebeauty.ee\/en\/wp-json\/wp\/v2\/types\/product"}],"replies":[{"embeddable":true,"href":"https:\/\/shebeauty.ee\/en\/wp-json\/wp\/v2\/comments?post=3585"}],"wp:featuredmedia":[{"embeddable":true,"href":"https:\/\/shebeauty.ee\/en\/wp-json\/wp\/v2\/media\/6523"}],"wp:attachment":[{"href":"https:\/\/shebeauty.ee\/en\/wp-json\/wp\/v2\/media?parent=3585"}],"wp:term":[{"taxonomy":"product_brand","embeddable":true,"href":"https:\/\/shebeauty.ee\/en\/wp-json\/wp\/v2\/product_brand?post=3585"},{"taxonomy":"product_cat","embeddable":true,"href":"https:\/\/shebeauty.ee\/en\/wp-json\/wp\/v2\/product_cat?post=3585"},{"taxonomy":"product_tag","embeddable":true,"href":"https:\/\/shebeauty.ee\/en\/wp-json\/wp\/v2\/product_tag?post=3585"},{"taxonomy":"giftcard-category","embeddable":true,"href":"https:\/\/shebeauty.ee\/en\/wp-json\/wp\/v2\/giftcard-category?post=3585"}],"curies":[{"name":"wp","href":"https:\/\/api.w.org\/{rel}","templated":true}]}}