{"id":3571,"date":"2024-08-30T15:17:27","date_gmt":"2024-08-30T12:17:27","guid":{"rendered":"https:\/\/shebeauty.ee\/?post_type=product&#038;p=3571"},"modified":"2025-12-08T12:58:09","modified_gmt":"2025-12-08T10:58:09","slug":"k-time-secret-after-sun-hoolduskomplekt","status":"publish","type":"product","link":"https:\/\/shebeauty.ee\/en\/product\/k-time-secret-after-sun-hoolduskomplekt\/","title":{"rendered":"NEW! K-Time Secret After Sun Care Set"},"content":{"rendered":"<p class=\"translation-block\"><strong>The set includes:<\/strong> K-Time Secret Sun After Sun Shampoo 250\u202fml + Hair Mask 200\u202fml.<br>\n<strong><br>\nK-Time Secret After Sun Shampoo 250\u202fml <\/strong>is specially designed for those who love sun and summer. Its gentle yet effective formula cleanses hair and scalp, removing residues of salt, chlorine, and sunscreen. At the same time, it helps prevent dryness, nourishes hair fibers, and keeps hair color vibrant.<\/p>\n<p>Thanks to its rich content of active ingredients, the product restores softness and vitality to hair and scalp, providing a refreshing feeling after sun exposure.<\/p>\n<p class=\"translation-block\"><strong data-start=\"1013\" data-end=\"1028\">Usage: <\/strong>Apply an appropriate amount to wet hair and scalp, gently massage, and rinse thoroughly. Repeat if necessary. Suitable for daily use throughout the summer season.<\/p>\n<p class=\"translation-block\"><strong>K-Time Secret Sun Restorative After Sun Hair Mask 200\u202fml<\/strong> is an intensive treatment that restores hair damaged during summer \u2013 ideal for use after exposure to sun, seawater, or pool chlorine.<br data-start=\"667\" data-end=\"670\">The mask deeply nourishes hair fibers, helps prevent split ends, and strengthens hair structure. The result is instantly soft, smooth, and shiny hair that looks healthy and full of vitality.<\/p>\n<p data-start=\"877\" data-end=\"1018\" class=\"translation-block\"><strong>Usage: <\/strong>Apply to washed, towel-dried hair. Leave the mask on for 5\u201310 minutes, then rinse thoroughly with warm water. Use 1\u20132 times per week or as needed according to your hair\u2019s condition.<\/p>\n<p data-start=\"877\" data-end=\"1018\"><strong>Ingredients:<\/strong><br \/>\nAQUA (WATER), SODIUM COCETH SULFATE, COCAMIDOPROPYL BETAINE, SODIUM CHLORIDE, COCAMIDE DEA, PARFUM (FRAGRANCE), GLYCERIN, CITRIC ACID, POLYQUATERNIUM-10, POLYQUATERNIUM-7, LIMONENE, HEXYL CINNAMAL, LINALOOL, MAGNESIUM NITRATE, ASCORBIC ACID, ETHYLHEXYL METHOXYCINNAMATE, TOCOPHERYL ACETATE, POLYSORBATE 20, HYDROLYZED RICE PROTEIN, MAGNESIUM CHLORIDE, LINSEED ACID, METHYLCHLOROISOTHIAZOLINONE, CRAMBE ABYSSINICA SEED OIL, THEOBROMA CACAO BUTTER (THEOBROMA CACAO (COCOA) SEED BUTTER), ARGANIA SPINOSA OIL (ARGANIA SPINOSA KERNEL OIL), METHYLISOTHIAZOLINONE, SODIUM BENZOATE, SACCHAROMYCES\/SILICON FERMENT, SACCHAROMYCES\/IRON FERMENT, SACCHAROMYCES\/COPPER FERMENT, SACCHAROMYCES\/MAGNESIUM FERMENT, SACCHAROMYCES\/ZINC FERMENT, LEUCONOSTOC\/RADISH ROOT FERMENT FILTRATE.<\/p>\n<p><strong>The list of ingredients could change. Always refer to the product packaging for the most up-to-date ingredient list.<\/strong><br \/>\n<strong>Koostisosade loetelu v\u00f5ib muutuda. K\u00f5ige ajakohasema koostisosade loetelu leiad alati toote pakendilt.<\/strong><\/p>\n<p class=\"p1\"><span class=\"s1\">Importer: Beauty Cosmetics O\u00dc, Kaupmehe 6, Tallinn <a href=\"https:\/\/shebeauty.ee\/en\/\"><span class=\"s2\">www.shebeauty.ee<\/span><\/a><\/span><\/p>","protected":false},"excerpt":{"rendered":"<p class=\"translation-block\">(<em>Regular price per litre: \u20ac95.56\/l<\/em>)<br>\nA hair care set that restores hair after sun exposure and summer, containing a gently cleansing after-sun shampoo and a deeply moisturizing restorative hair mask.<br data-start=\"541\" data-end=\"544\">The products remove residues of sun, seawater, and chlorine from the hair, restore moisture balance, smooth hair, and protect against color fading.<br data-start=\"687\" data-end=\"690\">An ideal summer care set for shiny, healthy hair!<\/p>","protected":false},"featured_media":5683,"comment_status":"open","ping_status":"closed","template":"","meta":{"site-sidebar-layout":"default","site-content-layout":"","ast-site-content-layout":"default","site-content-style":"default","site-sidebar-style":"default","ast-global-header-display":"","ast-banner-title-visibility":"","ast-main-header-display":"","ast-hfb-above-header-display":"","ast-hfb-below-header-display":"","ast-hfb-mobile-header-display":"","site-post-title":"","ast-breadcrumbs-content":"","ast-featured-img":"","footer-sml-layout":"","ast-disable-related-posts":"","theme-transparent-header-meta":"default","adv-header-id-meta":"","stick-header-meta":"","header-above-stick-meta":"","header-main-stick-meta":"","header-below-stick-meta":"","astra-migrate-meta-layouts":"set","ast-page-background-enabled":"default","ast-page-background-meta":{"desktop":{"background-color":"var(--ast-global-color-4)","background-image":"","background-repeat":"repeat","background-position":"center center","background-size":"auto","background-attachment":"scroll","background-type":"","background-media":"","overlay-type":"","overlay-color":"","overlay-opacity":"","overlay-gradient":""},"tablet":{"background-color":"","background-image":"","background-repeat":"repeat","background-position":"center center","background-size":"auto","background-attachment":"scroll","background-type":"","background-media":"","overlay-type":"","overlay-color":"","overlay-opacity":"","overlay-gradient":""},"mobile":{"background-color":"","background-image":"","background-repeat":"repeat","background-position":"center center","background-size":"auto","background-attachment":"scroll","background-type":"","background-media":"","overlay-type":"","overlay-color":"","overlay-opacity":"","overlay-gradient":""}},"ast-content-background-meta":{"desktop":{"background-color":"var(--ast-global-color-5)","background-image":"","background-repeat":"repeat","background-position":"center center","background-size":"auto","background-attachment":"scroll","background-type":"","background-media":"","overlay-type":"","overlay-color":"","overlay-opacity":"","overlay-gradient":""},"tablet":{"background-color":"var(--ast-global-color-5)","background-image":"","background-repeat":"repeat","background-position":"center center","background-size":"auto","background-attachment":"scroll","background-type":"","background-media":"","overlay-type":"","overlay-color":"","overlay-opacity":"","overlay-gradient":""},"mobile":{"background-color":"var(--ast-global-color-5)","background-image":"","background-repeat":"repeat","background-position":"center center","background-size":"auto","background-attachment":"scroll","background-type":"","background-media":"","overlay-type":"","overlay-color":"","overlay-opacity":"","overlay-gradient":""}}},"product_brand":[],"product_cat":[112],"product_tag":[292,293,284,258,142,210,245],"giftcard-category":[],"class_list":{"0":"post-3571","1":"product","2":"type-product","3":"status-publish","4":"has-post-thumbnail","6":"product_cat-kinkekomplektid","7":"product_tag-after-sun-protection","8":"product_tag-hooldav","9":"product_tag-k-time-secret-sari","10":"product_tag-koikidele-juuksetuupidele","11":"product_tag-niisutav","12":"product_tag-siluv","13":"product_tag-toitev","14":"desktop-align-center","15":"tablet-align-left","16":"mobile-align-left","18":"first","19":"instock","20":"sale","21":"taxable","22":"shipping-taxable","23":"purchasable","24":"product-type-simple"},"yoast_head":"<!-- This site is optimized with the Yoast SEO plugin v27.4 - https:\/\/yoast.com\/product\/yoast-seo-wordpress\/ -->\n<title>UUS! K-Time Secret After Sun hoolduskomplekt - She Beauty Studio<\/title>\n<meta name=\"description\" content=\"Intensiivne hooldus, mis taastab suvel kahjustunud juuksed \u2013 ideaalne kasutamiseks p\u00e4rast p\u00e4ikese, merevee v\u00f5i basseinikloori k\u00e4es viibimist.\" \/>\n<meta name=\"robots\" content=\"index, follow, max-snippet:-1, max-image-preview:large, max-video-preview:-1\" \/>\n<link rel=\"canonical\" href=\"https:\/\/shebeauty.ee\/en\/product\/k-time-secret-after-sun-hoolduskomplekt\/\" \/>\n<meta property=\"og:locale\" content=\"en_US\" \/>\n<meta property=\"og:type\" content=\"article\" \/>\n<meta property=\"og:title\" content=\"UUS! K-Time Secret After Sun hoolduskomplekt - She Beauty Studio\" \/>\n<meta property=\"og:description\" content=\"Intensiivne hooldus, mis taastab suvel kahjustunud juuksed \u2013 ideaalne kasutamiseks p\u00e4rast p\u00e4ikese, merevee v\u00f5i basseinikloori k\u00e4es viibimist.\" \/>\n<meta property=\"og:url\" content=\"https:\/\/shebeauty.ee\/en\/product\/k-time-secret-after-sun-hoolduskomplekt\/\" \/>\n<meta property=\"og:site_name\" content=\"She Beauty Studio\" \/>\n<meta property=\"article:modified_time\" content=\"2025-12-08T10:58:09+00:00\" \/>\n<meta property=\"og:image\" content=\"https:\/\/shebeauty.ee\/wp-content\/uploads\/2024\/08\/K-Time-Secret-Sun-sampoon-250ml-mask-200ml-scaled.jpg\" \/>\n\t<meta property=\"og:image:width\" content=\"2560\" \/>\n\t<meta property=\"og:image:height\" content=\"2560\" \/>\n\t<meta property=\"og:image:type\" content=\"image\/jpeg\" \/>\n<meta name=\"twitter:card\" content=\"summary_large_image\" \/>\n<meta name=\"twitter:label1\" content=\"Est. reading time\" \/>\n\t<meta name=\"twitter:data1\" content=\"2 minutes\" \/>\n<script type=\"application\/ld+json\" class=\"yoast-schema-graph\">{\"@context\":\"https:\\\/\\\/schema.org\",\"@graph\":[{\"@type\":\"WebPage\",\"@id\":\"https:\\\/\\\/shebeauty.ee\\\/toode\\\/k-time-secret-after-sun-hoolduskomplekt\\\/\",\"url\":\"https:\\\/\\\/shebeauty.ee\\\/toode\\\/k-time-secret-after-sun-hoolduskomplekt\\\/\",\"name\":\"UUS! K-Time Secret After Sun hoolduskomplekt - She Beauty Studio\",\"isPartOf\":{\"@id\":\"https:\\\/\\\/shebeauty.ee\\\/#website\"},\"primaryImageOfPage\":{\"@id\":\"https:\\\/\\\/shebeauty.ee\\\/toode\\\/k-time-secret-after-sun-hoolduskomplekt\\\/#primaryimage\"},\"image\":{\"@id\":\"https:\\\/\\\/shebeauty.ee\\\/toode\\\/k-time-secret-after-sun-hoolduskomplekt\\\/#primaryimage\"},\"thumbnailUrl\":\"https:\\\/\\\/shebeauty.ee\\\/wp-content\\\/uploads\\\/2024\\\/08\\\/K-Time-Secret-Sun-sampoon-250ml-mask-200ml-scaled.jpg\",\"datePublished\":\"2024-08-30T12:17:27+00:00\",\"dateModified\":\"2025-12-08T10:58:09+00:00\",\"description\":\"Intensiivne hooldus, mis taastab suvel kahjustunud juuksed \u2013 ideaalne kasutamiseks p\u00e4rast p\u00e4ikese, merevee v\u00f5i basseinikloori k\u00e4es viibimist.\",\"breadcrumb\":{\"@id\":\"https:\\\/\\\/shebeauty.ee\\\/toode\\\/k-time-secret-after-sun-hoolduskomplekt\\\/#breadcrumb\"},\"inLanguage\":\"en-US\",\"potentialAction\":[{\"@type\":\"ReadAction\",\"target\":[\"https:\\\/\\\/shebeauty.ee\\\/toode\\\/k-time-secret-after-sun-hoolduskomplekt\\\/\"]}]},{\"@type\":\"ImageObject\",\"inLanguage\":\"en-US\",\"@id\":\"https:\\\/\\\/shebeauty.ee\\\/toode\\\/k-time-secret-after-sun-hoolduskomplekt\\\/#primaryimage\",\"url\":\"https:\\\/\\\/shebeauty.ee\\\/wp-content\\\/uploads\\\/2024\\\/08\\\/K-Time-Secret-Sun-sampoon-250ml-mask-200ml-scaled.jpg\",\"contentUrl\":\"https:\\\/\\\/shebeauty.ee\\\/wp-content\\\/uploads\\\/2024\\\/08\\\/K-Time-Secret-Sun-sampoon-250ml-mask-200ml-scaled.jpg\",\"width\":2560,\"height\":2560},{\"@type\":\"BreadcrumbList\",\"@id\":\"https:\\\/\\\/shebeauty.ee\\\/toode\\\/k-time-secret-after-sun-hoolduskomplekt\\\/#breadcrumb\",\"itemListElement\":[{\"@type\":\"ListItem\",\"position\":1,\"name\":\"Home\",\"item\":\"https:\\\/\\\/shebeauty.ee\\\/\"},{\"@type\":\"ListItem\",\"position\":2,\"name\":\"Pood\",\"item\":\"https:\\\/\\\/shebeauty.ee\\\/e-pood\\\/\"},{\"@type\":\"ListItem\",\"position\":3,\"name\":\"UUS! K-Time Secret After Sun hoolduskomplekt\"}]},{\"@type\":\"WebSite\",\"@id\":\"https:\\\/\\\/shebeauty.ee\\\/#website\",\"url\":\"https:\\\/\\\/shebeauty.ee\\\/\",\"name\":\"She Beauty Studio\",\"description\":\"Juuksestuudio\",\"publisher\":{\"@id\":\"https:\\\/\\\/shebeauty.ee\\\/#organization\"},\"potentialAction\":[{\"@type\":\"SearchAction\",\"target\":{\"@type\":\"EntryPoint\",\"urlTemplate\":\"https:\\\/\\\/shebeauty.ee\\\/?s={search_term_string}\"},\"query-input\":{\"@type\":\"PropertyValueSpecification\",\"valueRequired\":true,\"valueName\":\"search_term_string\"}}],\"inLanguage\":\"en-US\"},{\"@type\":\"Organization\",\"@id\":\"https:\\\/\\\/shebeauty.ee\\\/#organization\",\"name\":\"She Beauty O\u00dc\",\"url\":\"https:\\\/\\\/shebeauty.ee\\\/\",\"logo\":{\"@type\":\"ImageObject\",\"inLanguage\":\"en-US\",\"@id\":\"https:\\\/\\\/shebeauty.ee\\\/#\\\/schema\\\/logo\\\/image\\\/\",\"url\":\"https:\\\/\\\/shebeauty.ee\\\/wp-content\\\/uploads\\\/2023\\\/10\\\/IMG_0585.jpg\",\"contentUrl\":\"https:\\\/\\\/shebeauty.ee\\\/wp-content\\\/uploads\\\/2023\\\/10\\\/IMG_0585.jpg\",\"width\":1284,\"height\":1300,\"caption\":\"She Beauty O\u00dc\"},\"image\":{\"@id\":\"https:\\\/\\\/shebeauty.ee\\\/#\\\/schema\\\/logo\\\/image\\\/\"}}]}<\/script>\n<!-- \/ Yoast SEO plugin. -->","yoast_head_json":{"title":"UUS! K-Time Secret After Sun hoolduskomplekt - She Beauty Studio","description":"Intensiivne hooldus, mis taastab suvel kahjustunud juuksed \u2013 ideaalne kasutamiseks p\u00e4rast p\u00e4ikese, merevee v\u00f5i basseinikloori k\u00e4es viibimist.","robots":{"index":"index","follow":"follow","max-snippet":"max-snippet:-1","max-image-preview":"max-image-preview:large","max-video-preview":"max-video-preview:-1"},"canonical":"https:\/\/shebeauty.ee\/en\/product\/k-time-secret-after-sun-hoolduskomplekt\/","og_locale":"en_US","og_type":"article","og_title":"UUS! K-Time Secret After Sun hoolduskomplekt - She Beauty Studio","og_description":"Intensiivne hooldus, mis taastab suvel kahjustunud juuksed \u2013 ideaalne kasutamiseks p\u00e4rast p\u00e4ikese, merevee v\u00f5i basseinikloori k\u00e4es viibimist.","og_url":"https:\/\/shebeauty.ee\/en\/product\/k-time-secret-after-sun-hoolduskomplekt\/","og_site_name":"She Beauty Studio","article_modified_time":"2025-12-08T10:58:09+00:00","og_image":[{"width":2560,"height":2560,"url":"https:\/\/shebeauty.ee\/wp-content\/uploads\/2024\/08\/K-Time-Secret-Sun-sampoon-250ml-mask-200ml-scaled.jpg","type":"image\/jpeg"}],"twitter_card":"summary_large_image","twitter_misc":{"Est. reading time":"2 minutes"},"schema":{"@context":"https:\/\/schema.org","@graph":[{"@type":"WebPage","@id":"https:\/\/shebeauty.ee\/toode\/k-time-secret-after-sun-hoolduskomplekt\/","url":"https:\/\/shebeauty.ee\/toode\/k-time-secret-after-sun-hoolduskomplekt\/","name":"UUS! K-Time Secret After Sun hoolduskomplekt - She Beauty Studio","isPartOf":{"@id":"https:\/\/shebeauty.ee\/#website"},"primaryImageOfPage":{"@id":"https:\/\/shebeauty.ee\/toode\/k-time-secret-after-sun-hoolduskomplekt\/#primaryimage"},"image":{"@id":"https:\/\/shebeauty.ee\/toode\/k-time-secret-after-sun-hoolduskomplekt\/#primaryimage"},"thumbnailUrl":"https:\/\/shebeauty.ee\/wp-content\/uploads\/2024\/08\/K-Time-Secret-Sun-sampoon-250ml-mask-200ml-scaled.jpg","datePublished":"2024-08-30T12:17:27+00:00","dateModified":"2025-12-08T10:58:09+00:00","description":"Intensiivne hooldus, mis taastab suvel kahjustunud juuksed \u2013 ideaalne kasutamiseks p\u00e4rast p\u00e4ikese, merevee v\u00f5i basseinikloori k\u00e4es viibimist.","breadcrumb":{"@id":"https:\/\/shebeauty.ee\/toode\/k-time-secret-after-sun-hoolduskomplekt\/#breadcrumb"},"inLanguage":"en-US","potentialAction":[{"@type":"ReadAction","target":["https:\/\/shebeauty.ee\/toode\/k-time-secret-after-sun-hoolduskomplekt\/"]}]},{"@type":"ImageObject","inLanguage":"en-US","@id":"https:\/\/shebeauty.ee\/toode\/k-time-secret-after-sun-hoolduskomplekt\/#primaryimage","url":"https:\/\/shebeauty.ee\/wp-content\/uploads\/2024\/08\/K-Time-Secret-Sun-sampoon-250ml-mask-200ml-scaled.jpg","contentUrl":"https:\/\/shebeauty.ee\/wp-content\/uploads\/2024\/08\/K-Time-Secret-Sun-sampoon-250ml-mask-200ml-scaled.jpg","width":2560,"height":2560},{"@type":"BreadcrumbList","@id":"https:\/\/shebeauty.ee\/toode\/k-time-secret-after-sun-hoolduskomplekt\/#breadcrumb","itemListElement":[{"@type":"ListItem","position":1,"name":"Home","item":"https:\/\/shebeauty.ee\/"},{"@type":"ListItem","position":2,"name":"Pood","item":"https:\/\/shebeauty.ee\/e-pood\/"},{"@type":"ListItem","position":3,"name":"UUS! K-Time Secret After Sun hoolduskomplekt"}]},{"@type":"WebSite","@id":"https:\/\/shebeauty.ee\/#website","url":"https:\/\/shebeauty.ee\/","name":"She Beauty Studio","description":"Juuksestuudio","publisher":{"@id":"https:\/\/shebeauty.ee\/#organization"},"potentialAction":[{"@type":"SearchAction","target":{"@type":"EntryPoint","urlTemplate":"https:\/\/shebeauty.ee\/?s={search_term_string}"},"query-input":{"@type":"PropertyValueSpecification","valueRequired":true,"valueName":"search_term_string"}}],"inLanguage":"en-US"},{"@type":"Organization","@id":"https:\/\/shebeauty.ee\/#organization","name":"She Beauty O\u00dc","url":"https:\/\/shebeauty.ee\/","logo":{"@type":"ImageObject","inLanguage":"en-US","@id":"https:\/\/shebeauty.ee\/#\/schema\/logo\/image\/","url":"https:\/\/shebeauty.ee\/wp-content\/uploads\/2023\/10\/IMG_0585.jpg","contentUrl":"https:\/\/shebeauty.ee\/wp-content\/uploads\/2023\/10\/IMG_0585.jpg","width":1284,"height":1300,"caption":"She Beauty O\u00dc"},"image":{"@id":"https:\/\/shebeauty.ee\/#\/schema\/logo\/image\/"}}]}},"_links":{"self":[{"href":"https:\/\/shebeauty.ee\/en\/wp-json\/wp\/v2\/product\/3571","targetHints":{"allow":["GET"]}}],"collection":[{"href":"https:\/\/shebeauty.ee\/en\/wp-json\/wp\/v2\/product"}],"about":[{"href":"https:\/\/shebeauty.ee\/en\/wp-json\/wp\/v2\/types\/product"}],"replies":[{"embeddable":true,"href":"https:\/\/shebeauty.ee\/en\/wp-json\/wp\/v2\/comments?post=3571"}],"wp:featuredmedia":[{"embeddable":true,"href":"https:\/\/shebeauty.ee\/en\/wp-json\/wp\/v2\/media\/5683"}],"wp:attachment":[{"href":"https:\/\/shebeauty.ee\/en\/wp-json\/wp\/v2\/media?parent=3571"}],"wp:term":[{"taxonomy":"product_brand","embeddable":true,"href":"https:\/\/shebeauty.ee\/en\/wp-json\/wp\/v2\/product_brand?post=3571"},{"taxonomy":"product_cat","embeddable":true,"href":"https:\/\/shebeauty.ee\/en\/wp-json\/wp\/v2\/product_cat?post=3571"},{"taxonomy":"product_tag","embeddable":true,"href":"https:\/\/shebeauty.ee\/en\/wp-json\/wp\/v2\/product_tag?post=3571"},{"taxonomy":"giftcard-category","embeddable":true,"href":"https:\/\/shebeauty.ee\/en\/wp-json\/wp\/v2\/giftcard-category?post=3571"}],"curies":[{"name":"wp","href":"https:\/\/api.w.org\/{rel}","templated":true}]}}