{"id":3534,"date":"2024-07-21T12:19:05","date_gmt":"2024-07-21T09:19:05","guid":{"rendered":"https:\/\/shebeauty.ee\/?post_type=product&#038;p=3534"},"modified":"2025-11-16T20:57:08","modified_gmt":"2025-11-16T18:57:08","slug":"k-time-argan-nourishing-mask-with-argan-oil","status":"publish","type":"product","link":"https:\/\/shebeauty.ee\/en\/product\/k-time-argan-nourishing-mask-with-argan-oil\/","title":{"rendered":"K-Time Argan Nourishing Mask with Argan Oil"},"content":{"rendered":"<p data-start=\"192\" data-end=\"422\"><strong>K-Time Argan Nourishing Mask<\/strong> on toitev juuksemask rikastatud argaania\u00f5liga. T\u00e4nu oma koostiosadele taastab see juuste loomuliku s\u00e4ra ja eluj\u00f5u, pakkudes neile kohest kuldset l\u00e4iget ning tugevust. Ideaalne valik juustele, mis vajavad turgutust ja kaitset igap\u00e4evase stressi eest.<\/p>\n<p data-start=\"424\" data-end=\"492\">Maski t\u00f5hus kahe koostisosa kooslus hooldab juukseid s\u00fcgavuti:<br \/>\nArgaania\u00f5li, tuntud oma vananemisvastaste ja toitvate omaduste poolest, sisaldab rohkelt E-vitamiini ning aitab tugevdada ja taastada juuksekiude.<br \/>\nSheav\u00f5i pakub kolmekordset toimet: niisutab, pehmendab ja toidab, aidates ennetada kuivust ja katkiseid juukseotsi.<br \/>\nSaadaval kahes suuruses: 200ml ja 500ml<\/p>\n<p><span class=\"s1\"><b>Usage:<\/b> Apply evenly to damp hair. Leave on for 5-10 minutes, then rinse.<br \/>\n<\/span><\/p>\n<p class=\"p1\"><strong>Ingredients:<\/strong><br \/>\nAQUA (WATER), MYRISTYL ALCOHOL, PROPYLENE GLYCOL, CETRIMONIUM CHLORIDE, CETEARYL ALCOHOL, GLYCERIN, ARGANIA SPINOSA (ARGAN) KERNEL OIL, BUTYROSPERMUM PARKII (SHEA) BUTTER, PHENOXYETHANOL, BENZOIC ACID, PARFUM (FRAGRANCE), PEG-150 DISTEARATE, DEHYDROACETIC ACID, CARAMEL.<\/p>\n<p><strong>The list of ingredients could change. Always refer to the product packaging for the most up-to-date ingredient list.<\/strong><br \/>\n<strong>Koostisosade loetelu v\u00f5ib muutuda. K\u00f5ige ajakohasema koostisosade loetelu leiad alati toote pakendilt.<\/strong><\/p>\n<p class=\"p1\"><span class=\"s1\">Importer: Beauty Cosmetics O\u00dc, Kaupmehe 6, Tallinn <a href=\"https:\/\/shebeauty.ee\/en\/\"><span class=\"s2\">www.shebeauty.ee<\/span><\/a><\/span><\/p>\n<p class=\"p2\">","protected":false},"excerpt":{"rendered":"<p><span style=\"font-size: 16px;\" data-start=\"188\" data-end=\"298\">(<em>2ooml liitrihind: 115\u20ac \/ l<\/em>)<br \/>\n(<em>5ooml liitrihind: 80\u20ac \/ l<\/em>)<\/span><br \/>\nIdeaalne valik juustele, mis vajavad turgutust, niisutust ja kaitset.<br \/>\nRikastatud argaania\u00f5li ja shev\u00f5iga.<\/p>","protected":false},"featured_media":5867,"comment_status":"open","ping_status":"closed","template":"","meta":{"site-sidebar-layout":"default","site-content-layout":"","ast-site-content-layout":"default","site-content-style":"default","site-sidebar-style":"default","ast-global-header-display":"","ast-banner-title-visibility":"","ast-main-header-display":"","ast-hfb-above-header-display":"","ast-hfb-below-header-display":"","ast-hfb-mobile-header-display":"","site-post-title":"","ast-breadcrumbs-content":"","ast-featured-img":"","footer-sml-layout":"","ast-disable-related-posts":"","theme-transparent-header-meta":"default","adv-header-id-meta":"","stick-header-meta":"","header-above-stick-meta":"","header-main-stick-meta":"","header-below-stick-meta":"","astra-migrate-meta-layouts":"set","ast-page-background-enabled":"default","ast-page-background-meta":{"desktop":{"background-color":"var(--ast-global-color-4)","background-image":"","background-repeat":"repeat","background-position":"center center","background-size":"auto","background-attachment":"scroll","background-type":"","background-media":"","overlay-type":"","overlay-color":"","overlay-opacity":"","overlay-gradient":""},"tablet":{"background-color":"","background-image":"","background-repeat":"repeat","background-position":"center center","background-size":"auto","background-attachment":"scroll","background-type":"","background-media":"","overlay-type":"","overlay-color":"","overlay-opacity":"","overlay-gradient":""},"mobile":{"background-color":"","background-image":"","background-repeat":"repeat","background-position":"center center","background-size":"auto","background-attachment":"scroll","background-type":"","background-media":"","overlay-type":"","overlay-color":"","overlay-opacity":"","overlay-gradient":""}},"ast-content-background-meta":{"desktop":{"background-color":"var(--ast-global-color-5)","background-image":"","background-repeat":"repeat","background-position":"center center","background-size":"auto","background-attachment":"scroll","background-type":"","background-media":"","overlay-type":"","overlay-color":"","overlay-opacity":"","overlay-gradient":""},"tablet":{"background-color":"var(--ast-global-color-5)","background-image":"","background-repeat":"repeat","background-position":"center center","background-size":"auto","background-attachment":"scroll","background-type":"","background-media":"","overlay-type":"","overlay-color":"","overlay-opacity":"","overlay-gradient":""},"mobile":{"background-color":"var(--ast-global-color-5)","background-image":"","background-repeat":"repeat","background-position":"center center","background-size":"auto","background-attachment":"scroll","background-type":"","background-media":"","overlay-type":"","overlay-color":"","overlay-opacity":"","overlay-gradient":""}}},"product_brand":[],"product_cat":[20],"product_tag":[276,327,69,272,258,250,255],"giftcard-category":[],"class_list":{"0":"post-3534","1":"product","2":"type-product","3":"status-publish","4":"has-post-thumbnail","6":"product_cat-juuksehooldustooted-sampoon-palsam-mask","7":"product_tag-argaaniaoli","8":"product_tag-buduaari-ilulemmik-2025","9":"product_tag-juuksemask","10":"product_tag-k-time-argan-sari","11":"product_tag-koikidele-juuksetuupidele","12":"product_tag-sheavoi","13":"product_tag-sugavuti-niisutav","14":"desktop-align-center","15":"tablet-align-left","16":"mobile-align-left","18":"first","19":"instock","20":"taxable","21":"shipping-taxable","22":"purchasable","23":"product-type-variable"},"yoast_head":"<!-- This site is optimized with the Yoast SEO plugin v27.4 - https:\/\/yoast.com\/product\/yoast-seo-wordpress\/ -->\n<title>K-Time Argan Nourishing Mask with Argan Oil - She Beauty Studio<\/title>\n<meta name=\"description\" content=\"K-Time Argan Nourishing Mask on toitev mask rikastatud argaania\u00f5liga. T\u00e4nu oma koostiosadele taastab see juuste loomuliku s\u00e4ra ja eluj\u00f5u.\" \/>\n<meta name=\"robots\" content=\"index, follow, max-snippet:-1, max-image-preview:large, max-video-preview:-1\" \/>\n<link rel=\"canonical\" href=\"https:\/\/shebeauty.ee\/en\/product\/k-time-argan-nourishing-mask-with-argan-oil\/\" \/>\n<meta property=\"og:locale\" content=\"en_US\" \/>\n<meta property=\"og:type\" content=\"article\" \/>\n<meta property=\"og:title\" content=\"K-Time Argan Nourishing Mask with Argan Oil - She Beauty Studio\" \/>\n<meta property=\"og:description\" content=\"K-Time Argan Nourishing Mask on toitev mask rikastatud argaania\u00f5liga. T\u00e4nu oma koostiosadele taastab see juuste loomuliku s\u00e4ra ja eluj\u00f5u.\" \/>\n<meta property=\"og:url\" content=\"https:\/\/shebeauty.ee\/en\/product\/k-time-argan-nourishing-mask-with-argan-oil\/\" \/>\n<meta property=\"og:site_name\" content=\"She Beauty Studio\" \/>\n<meta property=\"article:modified_time\" content=\"2025-11-16T18:57:08+00:00\" \/>\n<meta property=\"og:image\" content=\"https:\/\/shebeauty.ee\/wp-content\/uploads\/2024\/07\/ARGAN-MASK-ILULEMMIK-scaled.jpg\" \/>\n\t<meta property=\"og:image:width\" content=\"2560\" \/>\n\t<meta property=\"og:image:height\" content=\"2560\" \/>\n\t<meta property=\"og:image:type\" content=\"image\/jpeg\" \/>\n<meta name=\"twitter:card\" content=\"summary_large_image\" \/>\n<meta name=\"twitter:label1\" content=\"Est. reading time\" \/>\n\t<meta name=\"twitter:data1\" content=\"2 minutes\" \/>\n<script type=\"application\/ld+json\" class=\"yoast-schema-graph\">{\"@context\":\"https:\\\/\\\/schema.org\",\"@graph\":[{\"@type\":\"WebPage\",\"@id\":\"https:\\\/\\\/shebeauty.ee\\\/toode\\\/k-time-argan-nourishing-mask-with-argan-oil\\\/\",\"url\":\"https:\\\/\\\/shebeauty.ee\\\/toode\\\/k-time-argan-nourishing-mask-with-argan-oil\\\/\",\"name\":\"K-Time Argan Nourishing Mask with Argan Oil - She Beauty Studio\",\"isPartOf\":{\"@id\":\"https:\\\/\\\/shebeauty.ee\\\/#website\"},\"primaryImageOfPage\":{\"@id\":\"https:\\\/\\\/shebeauty.ee\\\/toode\\\/k-time-argan-nourishing-mask-with-argan-oil\\\/#primaryimage\"},\"image\":{\"@id\":\"https:\\\/\\\/shebeauty.ee\\\/toode\\\/k-time-argan-nourishing-mask-with-argan-oil\\\/#primaryimage\"},\"thumbnailUrl\":\"https:\\\/\\\/shebeauty.ee\\\/wp-content\\\/uploads\\\/2024\\\/07\\\/ARGAN-MASK-ILULEMMIK-scaled.jpg\",\"datePublished\":\"2024-07-21T09:19:05+00:00\",\"dateModified\":\"2025-11-16T18:57:08+00:00\",\"description\":\"K-Time Argan Nourishing Mask on toitev mask rikastatud argaania\u00f5liga. T\u00e4nu oma koostiosadele taastab see juuste loomuliku s\u00e4ra ja eluj\u00f5u.\",\"breadcrumb\":{\"@id\":\"https:\\\/\\\/shebeauty.ee\\\/toode\\\/k-time-argan-nourishing-mask-with-argan-oil\\\/#breadcrumb\"},\"inLanguage\":\"en-US\",\"potentialAction\":[{\"@type\":\"ReadAction\",\"target\":[\"https:\\\/\\\/shebeauty.ee\\\/toode\\\/k-time-argan-nourishing-mask-with-argan-oil\\\/\"]}]},{\"@type\":\"ImageObject\",\"inLanguage\":\"en-US\",\"@id\":\"https:\\\/\\\/shebeauty.ee\\\/toode\\\/k-time-argan-nourishing-mask-with-argan-oil\\\/#primaryimage\",\"url\":\"https:\\\/\\\/shebeauty.ee\\\/wp-content\\\/uploads\\\/2024\\\/07\\\/ARGAN-MASK-ILULEMMIK-scaled.jpg\",\"contentUrl\":\"https:\\\/\\\/shebeauty.ee\\\/wp-content\\\/uploads\\\/2024\\\/07\\\/ARGAN-MASK-ILULEMMIK-scaled.jpg\",\"width\":2560,\"height\":2560},{\"@type\":\"BreadcrumbList\",\"@id\":\"https:\\\/\\\/shebeauty.ee\\\/toode\\\/k-time-argan-nourishing-mask-with-argan-oil\\\/#breadcrumb\",\"itemListElement\":[{\"@type\":\"ListItem\",\"position\":1,\"name\":\"Home\",\"item\":\"https:\\\/\\\/shebeauty.ee\\\/\"},{\"@type\":\"ListItem\",\"position\":2,\"name\":\"Pood\",\"item\":\"https:\\\/\\\/shebeauty.ee\\\/e-pood\\\/\"},{\"@type\":\"ListItem\",\"position\":3,\"name\":\"K-Time Argan Nourishing Mask with Argan Oil\"}]},{\"@type\":\"WebSite\",\"@id\":\"https:\\\/\\\/shebeauty.ee\\\/#website\",\"url\":\"https:\\\/\\\/shebeauty.ee\\\/\",\"name\":\"She Beauty Studio\",\"description\":\"Juuksestuudio\",\"publisher\":{\"@id\":\"https:\\\/\\\/shebeauty.ee\\\/#organization\"},\"potentialAction\":[{\"@type\":\"SearchAction\",\"target\":{\"@type\":\"EntryPoint\",\"urlTemplate\":\"https:\\\/\\\/shebeauty.ee\\\/?s={search_term_string}\"},\"query-input\":{\"@type\":\"PropertyValueSpecification\",\"valueRequired\":true,\"valueName\":\"search_term_string\"}}],\"inLanguage\":\"en-US\"},{\"@type\":\"Organization\",\"@id\":\"https:\\\/\\\/shebeauty.ee\\\/#organization\",\"name\":\"She Beauty O\u00dc\",\"url\":\"https:\\\/\\\/shebeauty.ee\\\/\",\"logo\":{\"@type\":\"ImageObject\",\"inLanguage\":\"en-US\",\"@id\":\"https:\\\/\\\/shebeauty.ee\\\/#\\\/schema\\\/logo\\\/image\\\/\",\"url\":\"https:\\\/\\\/shebeauty.ee\\\/wp-content\\\/uploads\\\/2023\\\/10\\\/IMG_0585.jpg\",\"contentUrl\":\"https:\\\/\\\/shebeauty.ee\\\/wp-content\\\/uploads\\\/2023\\\/10\\\/IMG_0585.jpg\",\"width\":1284,\"height\":1300,\"caption\":\"She Beauty O\u00dc\"},\"image\":{\"@id\":\"https:\\\/\\\/shebeauty.ee\\\/#\\\/schema\\\/logo\\\/image\\\/\"}}]}<\/script>\n<!-- \/ Yoast SEO plugin. -->","yoast_head_json":{"title":"K-Time Argan Nourishing Mask with Argan Oil - She Beauty Studio","description":"K-Time Argan Nourishing Mask on toitev mask rikastatud argaania\u00f5liga. T\u00e4nu oma koostiosadele taastab see juuste loomuliku s\u00e4ra ja eluj\u00f5u.","robots":{"index":"index","follow":"follow","max-snippet":"max-snippet:-1","max-image-preview":"max-image-preview:large","max-video-preview":"max-video-preview:-1"},"canonical":"https:\/\/shebeauty.ee\/en\/product\/k-time-argan-nourishing-mask-with-argan-oil\/","og_locale":"en_US","og_type":"article","og_title":"K-Time Argan Nourishing Mask with Argan Oil - She Beauty Studio","og_description":"K-Time Argan Nourishing Mask on toitev mask rikastatud argaania\u00f5liga. T\u00e4nu oma koostiosadele taastab see juuste loomuliku s\u00e4ra ja eluj\u00f5u.","og_url":"https:\/\/shebeauty.ee\/en\/product\/k-time-argan-nourishing-mask-with-argan-oil\/","og_site_name":"She Beauty Studio","article_modified_time":"2025-11-16T18:57:08+00:00","og_image":[{"width":2560,"height":2560,"url":"https:\/\/shebeauty.ee\/wp-content\/uploads\/2024\/07\/ARGAN-MASK-ILULEMMIK-scaled.jpg","type":"image\/jpeg"}],"twitter_card":"summary_large_image","twitter_misc":{"Est. reading time":"2 minutes"},"schema":{"@context":"https:\/\/schema.org","@graph":[{"@type":"WebPage","@id":"https:\/\/shebeauty.ee\/toode\/k-time-argan-nourishing-mask-with-argan-oil\/","url":"https:\/\/shebeauty.ee\/toode\/k-time-argan-nourishing-mask-with-argan-oil\/","name":"K-Time Argan Nourishing Mask with Argan Oil - She Beauty Studio","isPartOf":{"@id":"https:\/\/shebeauty.ee\/#website"},"primaryImageOfPage":{"@id":"https:\/\/shebeauty.ee\/toode\/k-time-argan-nourishing-mask-with-argan-oil\/#primaryimage"},"image":{"@id":"https:\/\/shebeauty.ee\/toode\/k-time-argan-nourishing-mask-with-argan-oil\/#primaryimage"},"thumbnailUrl":"https:\/\/shebeauty.ee\/wp-content\/uploads\/2024\/07\/ARGAN-MASK-ILULEMMIK-scaled.jpg","datePublished":"2024-07-21T09:19:05+00:00","dateModified":"2025-11-16T18:57:08+00:00","description":"K-Time Argan Nourishing Mask on toitev mask rikastatud argaania\u00f5liga. T\u00e4nu oma koostiosadele taastab see juuste loomuliku s\u00e4ra ja eluj\u00f5u.","breadcrumb":{"@id":"https:\/\/shebeauty.ee\/toode\/k-time-argan-nourishing-mask-with-argan-oil\/#breadcrumb"},"inLanguage":"en-US","potentialAction":[{"@type":"ReadAction","target":["https:\/\/shebeauty.ee\/toode\/k-time-argan-nourishing-mask-with-argan-oil\/"]}]},{"@type":"ImageObject","inLanguage":"en-US","@id":"https:\/\/shebeauty.ee\/toode\/k-time-argan-nourishing-mask-with-argan-oil\/#primaryimage","url":"https:\/\/shebeauty.ee\/wp-content\/uploads\/2024\/07\/ARGAN-MASK-ILULEMMIK-scaled.jpg","contentUrl":"https:\/\/shebeauty.ee\/wp-content\/uploads\/2024\/07\/ARGAN-MASK-ILULEMMIK-scaled.jpg","width":2560,"height":2560},{"@type":"BreadcrumbList","@id":"https:\/\/shebeauty.ee\/toode\/k-time-argan-nourishing-mask-with-argan-oil\/#breadcrumb","itemListElement":[{"@type":"ListItem","position":1,"name":"Home","item":"https:\/\/shebeauty.ee\/"},{"@type":"ListItem","position":2,"name":"Pood","item":"https:\/\/shebeauty.ee\/e-pood\/"},{"@type":"ListItem","position":3,"name":"K-Time Argan Nourishing Mask with Argan Oil"}]},{"@type":"WebSite","@id":"https:\/\/shebeauty.ee\/#website","url":"https:\/\/shebeauty.ee\/","name":"She Beauty Studio","description":"Juuksestuudio","publisher":{"@id":"https:\/\/shebeauty.ee\/#organization"},"potentialAction":[{"@type":"SearchAction","target":{"@type":"EntryPoint","urlTemplate":"https:\/\/shebeauty.ee\/?s={search_term_string}"},"query-input":{"@type":"PropertyValueSpecification","valueRequired":true,"valueName":"search_term_string"}}],"inLanguage":"en-US"},{"@type":"Organization","@id":"https:\/\/shebeauty.ee\/#organization","name":"She Beauty O\u00dc","url":"https:\/\/shebeauty.ee\/","logo":{"@type":"ImageObject","inLanguage":"en-US","@id":"https:\/\/shebeauty.ee\/#\/schema\/logo\/image\/","url":"https:\/\/shebeauty.ee\/wp-content\/uploads\/2023\/10\/IMG_0585.jpg","contentUrl":"https:\/\/shebeauty.ee\/wp-content\/uploads\/2023\/10\/IMG_0585.jpg","width":1284,"height":1300,"caption":"She Beauty O\u00dc"},"image":{"@id":"https:\/\/shebeauty.ee\/#\/schema\/logo\/image\/"}}]}},"_links":{"self":[{"href":"https:\/\/shebeauty.ee\/en\/wp-json\/wp\/v2\/product\/3534","targetHints":{"allow":["GET"]}}],"collection":[{"href":"https:\/\/shebeauty.ee\/en\/wp-json\/wp\/v2\/product"}],"about":[{"href":"https:\/\/shebeauty.ee\/en\/wp-json\/wp\/v2\/types\/product"}],"replies":[{"embeddable":true,"href":"https:\/\/shebeauty.ee\/en\/wp-json\/wp\/v2\/comments?post=3534"}],"wp:featuredmedia":[{"embeddable":true,"href":"https:\/\/shebeauty.ee\/en\/wp-json\/wp\/v2\/media\/5867"}],"wp:attachment":[{"href":"https:\/\/shebeauty.ee\/en\/wp-json\/wp\/v2\/media?parent=3534"}],"wp:term":[{"taxonomy":"product_brand","embeddable":true,"href":"https:\/\/shebeauty.ee\/en\/wp-json\/wp\/v2\/product_brand?post=3534"},{"taxonomy":"product_cat","embeddable":true,"href":"https:\/\/shebeauty.ee\/en\/wp-json\/wp\/v2\/product_cat?post=3534"},{"taxonomy":"product_tag","embeddable":true,"href":"https:\/\/shebeauty.ee\/en\/wp-json\/wp\/v2\/product_tag?post=3534"},{"taxonomy":"giftcard-category","embeddable":true,"href":"https:\/\/shebeauty.ee\/en\/wp-json\/wp\/v2\/giftcard-category?post=3534"}],"curies":[{"name":"wp","href":"https:\/\/api.w.org\/{rel}","templated":true}]}}