{"id":3529,"date":"2024-07-21T12:09:05","date_gmt":"2024-07-21T09:09:05","guid":{"rendered":"https:\/\/shebeauty.ee\/?post_type=product&#038;p=3529"},"modified":"2025-08-20T19:45:51","modified_gmt":"2025-08-20T16:45:51","slug":"k-time-secret-multi-action-10-in-1-sprei-mask-30-ml","status":"publish","type":"product","link":"https:\/\/shebeauty.ee\/en\/product\/k-time-secret-multi-action-10-in-1-sprei-mask-30-ml\/","title":{"rendered":"K-Time Secret Multi-Action 10 in 1 sprei mask 30 ml"},"content":{"rendered":"<p data-start=\"258\" data-end=\"467\"><strong>K-Time Secret Multi-Action 10 in 1 sprei mask<\/strong> \u00a0on mitmetoimeline hooldussprei, mis \u00fchendab 10 olulist omadust \u00fches tootes. Sobib k\u00f5ikidele juukset\u00fc\u00fcpidele igap\u00e4evaseks kasutamiseks. Rikastatud argaania\u00f5liga, et pakkuda juustele tugevust, pehmust ja vol\u00fc\u00fcmi. Aitab v\u00e4hendada kahusust, muudab juuksed paremini kammitavaks ja ennetab pusade teket. Sisaldab kuumakaitset, mis kaitseb juukseid f\u00f6\u00f6ni, sirgendaja v\u00f5i lokitangide kasutamisel.<\/p>\n<p data-start=\"648\" data-end=\"669\"><strong data-start=\"652\" data-end=\"667\">Usage:<br \/>\n<\/strong>Pihusta puhastesse, r\u00e4tikukuivadesse juustesse. Kammi l\u00e4bi ja kujunda soovi j\u00e4rgi. Ei vaja v\u00e4ljaloputamist.<\/p>\n<p><strong>Ingredients:<\/strong><br \/>\nAQUA (WATER), CETEARYL ALCOHOL, CYCLOPENTASILOXANE, PARFUM (FRAGRANCE), BEHENTRIMONIUM CHLORIDE, ARGANIA SPINOSA KERNEL OIL, SILICONE QUATERNIUM-16, DIMETHYLPABAMIDOPROPYL LAURDIMONIUM TOSYLATE, POLYQUATERNIUM-47, TOCOPHERYL ACETATE, BUTYLOCTANOL, PROPYLENE GLYCOL, UNDECETH-5, UNDECETH-11, ISOPROPYL ALCOHOL, DISODIUM EDTA, METHYLPARABEN, PROPYLPARABEN, CHLORPHENESIN, COUMARIN, ISOEUGENOL, EUGENOL, BENZYL SALICYLATE, CITRONELLOL, LIMONENE, ALPHA ISOMETHYL IONONE, GERANIOL.<\/p>\n<p><strong>The list of ingredients could change. Always refer to the product packaging for the most up-to-date ingredient list.<\/strong><br \/>\n<strong>Koostisosade loetelu v\u00f5ib muutuda. K\u00f5ige ajakohasema koostisosade loetelu leiad alati toote pakendilt.<\/strong><\/p>\n<p class=\"p1\"><span class=\"s1\">Importer: Beauty Cosmetics O\u00dc, Kaupmehe 6, Tallinn <a href=\"https:\/\/shebeauty.ee\/en\/\"><span class=\"s2\">www.shebeauty.ee<\/span><\/a><\/span><\/p>\n<p class=\"p1\">","protected":false},"excerpt":{"rendered":"<p>(<em>Liitrihind: 400,00 \u20ac\/l<\/em>)<br data-start=\"864\" data-end=\"867\" \/>Terviklik hooldussprei, mis niisutab, tugevdab ja kaitseb juukseid. Aitab v\u00e4hendada kahusust, lisab pehmust ja kaitseb kuumt\u00f6\u00f6tlemisel.<br \/>\nAnnab juustele vol\u00fc\u00fcmi ja s\u00e4ra, aitab soengul paremini p\u00fcsida ning kaitseb v\u00e4rvi tuhmumise eest.<br \/>\nSobib k\u00f5ikidele juukset\u00fc\u00fcpidele.<\/p>","protected":false},"featured_media":3530,"comment_status":"open","ping_status":"closed","template":"","meta":{"site-sidebar-layout":"default","site-content-layout":"","ast-site-content-layout":"default","site-content-style":"default","site-sidebar-style":"default","ast-global-header-display":"","ast-banner-title-visibility":"","ast-main-header-display":"","ast-hfb-above-header-display":"","ast-hfb-below-header-display":"","ast-hfb-mobile-header-display":"","site-post-title":"","ast-breadcrumbs-content":"","ast-featured-img":"","footer-sml-layout":"","ast-disable-related-posts":"","theme-transparent-header-meta":"default","adv-header-id-meta":"","stick-header-meta":"","header-above-stick-meta":"","header-main-stick-meta":"","header-below-stick-meta":"","astra-migrate-meta-layouts":"set","ast-page-background-enabled":"default","ast-page-background-meta":{"desktop":{"background-color":"var(--ast-global-color-4)","background-image":"","background-repeat":"repeat","background-position":"center center","background-size":"auto","background-attachment":"scroll","background-type":"","background-media":"","overlay-type":"","overlay-color":"","overlay-opacity":"","overlay-gradient":""},"tablet":{"background-color":"","background-image":"","background-repeat":"repeat","background-position":"center center","background-size":"auto","background-attachment":"scroll","background-type":"","background-media":"","overlay-type":"","overlay-color":"","overlay-opacity":"","overlay-gradient":""},"mobile":{"background-color":"","background-image":"","background-repeat":"repeat","background-position":"center center","background-size":"auto","background-attachment":"scroll","background-type":"","background-media":"","overlay-type":"","overlay-color":"","overlay-opacity":"","overlay-gradient":""}},"ast-content-background-meta":{"desktop":{"background-color":"var(--ast-global-color-5)","background-image":"","background-repeat":"repeat","background-position":"center center","background-size":"auto","background-attachment":"scroll","background-type":"","background-media":"","overlay-type":"","overlay-color":"","overlay-opacity":"","overlay-gradient":""},"tablet":{"background-color":"var(--ast-global-color-5)","background-image":"","background-repeat":"repeat","background-position":"center center","background-size":"auto","background-attachment":"scroll","background-type":"","background-media":"","overlay-type":"","overlay-color":"","overlay-opacity":"","overlay-gradient":""},"mobile":{"background-color":"var(--ast-global-color-5)","background-image":"","background-repeat":"repeat","background-position":"center center","background-size":"auto","background-attachment":"scroll","background-type":"","background-media":"","overlay-type":"","overlay-color":"","overlay-opacity":"","overlay-gradient":""}}},"product_brand":[],"product_cat":[20],"product_tag":[276,285,208,284,154,258,286,287],"giftcard-category":[],"class_list":{"0":"post-3529","1":"product","2":"type-product","3":"status-publish","4":"has-post-thumbnail","6":"product_cat-juuksehooldustooted-sampoon-palsam-mask","7":"product_tag-argaaniaoli","8":"product_tag-hooldussprei","9":"product_tag-juuksehooldustooted","10":"product_tag-k-time-secret-sari","11":"product_tag-kahuvaba-tulemus","12":"product_tag-koikidele-juuksetuupidele","13":"product_tag-kuumakaitse","14":"product_tag-pusavaba","15":"desktop-align-center","16":"tablet-align-left","17":"mobile-align-left","19":"first","20":"instock","21":"taxable","22":"shipping-taxable","23":"purchasable","24":"product-type-simple"},"yoast_head":"<!-- This site is optimized with the Yoast SEO plugin v27.3 - https:\/\/yoast.com\/product\/yoast-seo-wordpress\/ -->\n<title>K-Time Secret Multi-Action 10 in 1 sprei mask 30 ml - She Beauty Studio<\/title>\n<meta name=\"description\" content=\"K-Time Secret Multi-Action 10 in 1 sprei mask \u00a0on mitmetoimeline hooldussprei, mis \u00fchendab 10 olulist omadust \u00fches tootes. Sobib k\u00f5ikidele juukset\u00fc\u00fcpidele.\" \/>\n<meta name=\"robots\" content=\"index, follow, max-snippet:-1, max-image-preview:large, max-video-preview:-1\" \/>\n<link rel=\"canonical\" href=\"https:\/\/shebeauty.ee\/en\/product\/k-time-secret-multi-action-10-in-1-sprei-mask-30-ml\/\" \/>\n<meta property=\"og:locale\" content=\"en_US\" \/>\n<meta property=\"og:type\" content=\"article\" \/>\n<meta property=\"og:title\" content=\"K-Time Secret Multi-Action 10 in 1 sprei mask 30 ml - She Beauty Studio\" \/>\n<meta property=\"og:description\" content=\"K-Time Secret Multi-Action 10 in 1 sprei mask \u00a0on mitmetoimeline hooldussprei, mis \u00fchendab 10 olulist omadust \u00fches tootes. Sobib k\u00f5ikidele juukset\u00fc\u00fcpidele.\" \/>\n<meta property=\"og:url\" content=\"https:\/\/shebeauty.ee\/en\/product\/k-time-secret-multi-action-10-in-1-sprei-mask-30-ml\/\" \/>\n<meta property=\"og:site_name\" content=\"She Beauty Studio\" \/>\n<meta property=\"article:modified_time\" content=\"2025-08-20T16:45:51+00:00\" \/>\n<meta property=\"og:image\" content=\"https:\/\/shebeauty.ee\/wp-content\/uploads\/2024\/07\/IMG_8468.jpeg\" \/>\n\t<meta property=\"og:image:width\" content=\"1284\" \/>\n\t<meta property=\"og:image:height\" content=\"1293\" \/>\n\t<meta property=\"og:image:type\" content=\"image\/jpeg\" \/>\n<meta name=\"twitter:card\" content=\"summary_large_image\" \/>\n<meta name=\"twitter:label1\" content=\"Est. reading time\" \/>\n\t<meta name=\"twitter:data1\" content=\"2 minutes\" \/>\n<script type=\"application\/ld+json\" class=\"yoast-schema-graph\">{\"@context\":\"https:\\\/\\\/schema.org\",\"@graph\":[{\"@type\":\"WebPage\",\"@id\":\"https:\\\/\\\/shebeauty.ee\\\/toode\\\/k-time-secret-multi-action-10-in-1-sprei-mask-30-ml\\\/\",\"url\":\"https:\\\/\\\/shebeauty.ee\\\/toode\\\/k-time-secret-multi-action-10-in-1-sprei-mask-30-ml\\\/\",\"name\":\"K-Time Secret Multi-Action 10 in 1 sprei mask 30 ml - She Beauty Studio\",\"isPartOf\":{\"@id\":\"https:\\\/\\\/shebeauty.ee\\\/#website\"},\"primaryImageOfPage\":{\"@id\":\"https:\\\/\\\/shebeauty.ee\\\/toode\\\/k-time-secret-multi-action-10-in-1-sprei-mask-30-ml\\\/#primaryimage\"},\"image\":{\"@id\":\"https:\\\/\\\/shebeauty.ee\\\/toode\\\/k-time-secret-multi-action-10-in-1-sprei-mask-30-ml\\\/#primaryimage\"},\"thumbnailUrl\":\"https:\\\/\\\/shebeauty.ee\\\/wp-content\\\/uploads\\\/2024\\\/07\\\/IMG_8468.jpeg\",\"datePublished\":\"2024-07-21T09:09:05+00:00\",\"dateModified\":\"2025-08-20T16:45:51+00:00\",\"description\":\"K-Time Secret Multi-Action 10 in 1 sprei mask \u00a0on mitmetoimeline hooldussprei, mis \u00fchendab 10 olulist omadust \u00fches tootes. Sobib k\u00f5ikidele juukset\u00fc\u00fcpidele.\",\"breadcrumb\":{\"@id\":\"https:\\\/\\\/shebeauty.ee\\\/toode\\\/k-time-secret-multi-action-10-in-1-sprei-mask-30-ml\\\/#breadcrumb\"},\"inLanguage\":\"en-US\",\"potentialAction\":[{\"@type\":\"ReadAction\",\"target\":[\"https:\\\/\\\/shebeauty.ee\\\/toode\\\/k-time-secret-multi-action-10-in-1-sprei-mask-30-ml\\\/\"]}]},{\"@type\":\"ImageObject\",\"inLanguage\":\"en-US\",\"@id\":\"https:\\\/\\\/shebeauty.ee\\\/toode\\\/k-time-secret-multi-action-10-in-1-sprei-mask-30-ml\\\/#primaryimage\",\"url\":\"https:\\\/\\\/shebeauty.ee\\\/wp-content\\\/uploads\\\/2024\\\/07\\\/IMG_8468.jpeg\",\"contentUrl\":\"https:\\\/\\\/shebeauty.ee\\\/wp-content\\\/uploads\\\/2024\\\/07\\\/IMG_8468.jpeg\",\"width\":1284,\"height\":1293},{\"@type\":\"BreadcrumbList\",\"@id\":\"https:\\\/\\\/shebeauty.ee\\\/toode\\\/k-time-secret-multi-action-10-in-1-sprei-mask-30-ml\\\/#breadcrumb\",\"itemListElement\":[{\"@type\":\"ListItem\",\"position\":1,\"name\":\"Home\",\"item\":\"https:\\\/\\\/shebeauty.ee\\\/\"},{\"@type\":\"ListItem\",\"position\":2,\"name\":\"Pood\",\"item\":\"https:\\\/\\\/shebeauty.ee\\\/e-pood\\\/\"},{\"@type\":\"ListItem\",\"position\":3,\"name\":\"K-Time Secret Multi-Action 10 in 1 sprei mask 30 ml\"}]},{\"@type\":\"WebSite\",\"@id\":\"https:\\\/\\\/shebeauty.ee\\\/#website\",\"url\":\"https:\\\/\\\/shebeauty.ee\\\/\",\"name\":\"She Beauty Studio\",\"description\":\"Juuksestuudio\",\"publisher\":{\"@id\":\"https:\\\/\\\/shebeauty.ee\\\/#organization\"},\"potentialAction\":[{\"@type\":\"SearchAction\",\"target\":{\"@type\":\"EntryPoint\",\"urlTemplate\":\"https:\\\/\\\/shebeauty.ee\\\/?s={search_term_string}\"},\"query-input\":{\"@type\":\"PropertyValueSpecification\",\"valueRequired\":true,\"valueName\":\"search_term_string\"}}],\"inLanguage\":\"en-US\"},{\"@type\":\"Organization\",\"@id\":\"https:\\\/\\\/shebeauty.ee\\\/#organization\",\"name\":\"She Beauty O\u00dc\",\"url\":\"https:\\\/\\\/shebeauty.ee\\\/\",\"logo\":{\"@type\":\"ImageObject\",\"inLanguage\":\"en-US\",\"@id\":\"https:\\\/\\\/shebeauty.ee\\\/#\\\/schema\\\/logo\\\/image\\\/\",\"url\":\"https:\\\/\\\/shebeauty.ee\\\/wp-content\\\/uploads\\\/2023\\\/10\\\/IMG_0585.jpg\",\"contentUrl\":\"https:\\\/\\\/shebeauty.ee\\\/wp-content\\\/uploads\\\/2023\\\/10\\\/IMG_0585.jpg\",\"width\":1284,\"height\":1300,\"caption\":\"She Beauty O\u00dc\"},\"image\":{\"@id\":\"https:\\\/\\\/shebeauty.ee\\\/#\\\/schema\\\/logo\\\/image\\\/\"}}]}<\/script>\n<!-- \/ Yoast SEO plugin. -->","yoast_head_json":{"title":"K-Time Secret Multi-Action 10 in 1 sprei mask 30 ml - She Beauty Studio","description":"K-Time Secret Multi-Action 10 in 1 sprei mask \u00a0on mitmetoimeline hooldussprei, mis \u00fchendab 10 olulist omadust \u00fches tootes. Sobib k\u00f5ikidele juukset\u00fc\u00fcpidele.","robots":{"index":"index","follow":"follow","max-snippet":"max-snippet:-1","max-image-preview":"max-image-preview:large","max-video-preview":"max-video-preview:-1"},"canonical":"https:\/\/shebeauty.ee\/en\/product\/k-time-secret-multi-action-10-in-1-sprei-mask-30-ml\/","og_locale":"en_US","og_type":"article","og_title":"K-Time Secret Multi-Action 10 in 1 sprei mask 30 ml - She Beauty Studio","og_description":"K-Time Secret Multi-Action 10 in 1 sprei mask \u00a0on mitmetoimeline hooldussprei, mis \u00fchendab 10 olulist omadust \u00fches tootes. Sobib k\u00f5ikidele juukset\u00fc\u00fcpidele.","og_url":"https:\/\/shebeauty.ee\/en\/product\/k-time-secret-multi-action-10-in-1-sprei-mask-30-ml\/","og_site_name":"She Beauty Studio","article_modified_time":"2025-08-20T16:45:51+00:00","og_image":[{"width":1284,"height":1293,"url":"https:\/\/shebeauty.ee\/wp-content\/uploads\/2024\/07\/IMG_8468.jpeg","type":"image\/jpeg"}],"twitter_card":"summary_large_image","twitter_misc":{"Est. reading time":"2 minutes"},"schema":{"@context":"https:\/\/schema.org","@graph":[{"@type":"WebPage","@id":"https:\/\/shebeauty.ee\/toode\/k-time-secret-multi-action-10-in-1-sprei-mask-30-ml\/","url":"https:\/\/shebeauty.ee\/toode\/k-time-secret-multi-action-10-in-1-sprei-mask-30-ml\/","name":"K-Time Secret Multi-Action 10 in 1 sprei mask 30 ml - She Beauty Studio","isPartOf":{"@id":"https:\/\/shebeauty.ee\/#website"},"primaryImageOfPage":{"@id":"https:\/\/shebeauty.ee\/toode\/k-time-secret-multi-action-10-in-1-sprei-mask-30-ml\/#primaryimage"},"image":{"@id":"https:\/\/shebeauty.ee\/toode\/k-time-secret-multi-action-10-in-1-sprei-mask-30-ml\/#primaryimage"},"thumbnailUrl":"https:\/\/shebeauty.ee\/wp-content\/uploads\/2024\/07\/IMG_8468.jpeg","datePublished":"2024-07-21T09:09:05+00:00","dateModified":"2025-08-20T16:45:51+00:00","description":"K-Time Secret Multi-Action 10 in 1 sprei mask \u00a0on mitmetoimeline hooldussprei, mis \u00fchendab 10 olulist omadust \u00fches tootes. Sobib k\u00f5ikidele juukset\u00fc\u00fcpidele.","breadcrumb":{"@id":"https:\/\/shebeauty.ee\/toode\/k-time-secret-multi-action-10-in-1-sprei-mask-30-ml\/#breadcrumb"},"inLanguage":"en-US","potentialAction":[{"@type":"ReadAction","target":["https:\/\/shebeauty.ee\/toode\/k-time-secret-multi-action-10-in-1-sprei-mask-30-ml\/"]}]},{"@type":"ImageObject","inLanguage":"en-US","@id":"https:\/\/shebeauty.ee\/toode\/k-time-secret-multi-action-10-in-1-sprei-mask-30-ml\/#primaryimage","url":"https:\/\/shebeauty.ee\/wp-content\/uploads\/2024\/07\/IMG_8468.jpeg","contentUrl":"https:\/\/shebeauty.ee\/wp-content\/uploads\/2024\/07\/IMG_8468.jpeg","width":1284,"height":1293},{"@type":"BreadcrumbList","@id":"https:\/\/shebeauty.ee\/toode\/k-time-secret-multi-action-10-in-1-sprei-mask-30-ml\/#breadcrumb","itemListElement":[{"@type":"ListItem","position":1,"name":"Home","item":"https:\/\/shebeauty.ee\/"},{"@type":"ListItem","position":2,"name":"Pood","item":"https:\/\/shebeauty.ee\/e-pood\/"},{"@type":"ListItem","position":3,"name":"K-Time Secret Multi-Action 10 in 1 sprei mask 30 ml"}]},{"@type":"WebSite","@id":"https:\/\/shebeauty.ee\/#website","url":"https:\/\/shebeauty.ee\/","name":"She Beauty Studio","description":"Juuksestuudio","publisher":{"@id":"https:\/\/shebeauty.ee\/#organization"},"potentialAction":[{"@type":"SearchAction","target":{"@type":"EntryPoint","urlTemplate":"https:\/\/shebeauty.ee\/?s={search_term_string}"},"query-input":{"@type":"PropertyValueSpecification","valueRequired":true,"valueName":"search_term_string"}}],"inLanguage":"en-US"},{"@type":"Organization","@id":"https:\/\/shebeauty.ee\/#organization","name":"She Beauty O\u00dc","url":"https:\/\/shebeauty.ee\/","logo":{"@type":"ImageObject","inLanguage":"en-US","@id":"https:\/\/shebeauty.ee\/#\/schema\/logo\/image\/","url":"https:\/\/shebeauty.ee\/wp-content\/uploads\/2023\/10\/IMG_0585.jpg","contentUrl":"https:\/\/shebeauty.ee\/wp-content\/uploads\/2023\/10\/IMG_0585.jpg","width":1284,"height":1300,"caption":"She Beauty O\u00dc"},"image":{"@id":"https:\/\/shebeauty.ee\/#\/schema\/logo\/image\/"}}]}},"_links":{"self":[{"href":"https:\/\/shebeauty.ee\/en\/wp-json\/wp\/v2\/product\/3529","targetHints":{"allow":["GET"]}}],"collection":[{"href":"https:\/\/shebeauty.ee\/en\/wp-json\/wp\/v2\/product"}],"about":[{"href":"https:\/\/shebeauty.ee\/en\/wp-json\/wp\/v2\/types\/product"}],"replies":[{"embeddable":true,"href":"https:\/\/shebeauty.ee\/en\/wp-json\/wp\/v2\/comments?post=3529"}],"wp:featuredmedia":[{"embeddable":true,"href":"https:\/\/shebeauty.ee\/en\/wp-json\/wp\/v2\/media\/3530"}],"wp:attachment":[{"href":"https:\/\/shebeauty.ee\/en\/wp-json\/wp\/v2\/media?parent=3529"}],"wp:term":[{"taxonomy":"product_brand","embeddable":true,"href":"https:\/\/shebeauty.ee\/en\/wp-json\/wp\/v2\/product_brand?post=3529"},{"taxonomy":"product_cat","embeddable":true,"href":"https:\/\/shebeauty.ee\/en\/wp-json\/wp\/v2\/product_cat?post=3529"},{"taxonomy":"product_tag","embeddable":true,"href":"https:\/\/shebeauty.ee\/en\/wp-json\/wp\/v2\/product_tag?post=3529"},{"taxonomy":"giftcard-category","embeddable":true,"href":"https:\/\/shebeauty.ee\/en\/wp-json\/wp\/v2\/giftcard-category?post=3529"}],"curies":[{"name":"wp","href":"https:\/\/api.w.org\/{rel}","templated":true}]}}