{"id":3426,"date":"2024-05-10T16:46:00","date_gmt":"2024-05-10T13:46:00","guid":{"rendered":"https:\/\/shebeauty.ee\/?post_type=product&#038;p=3426"},"modified":"2025-12-09T10:48:40","modified_gmt":"2025-12-09T08:48:40","slug":"juuksepikenduste-aparaat-loof-mikro-salkude-paigaldamiseks-kuldne","status":"publish","type":"product","link":"https:\/\/shebeauty.ee\/en\/product\/juuksepikenduste-aparaat-loof-mikro-salkude-paigaldamiseks-kuldne\/","title":{"rendered":"LOOF hair extension tool for applying micro strands, golden"},"content":{"rendered":"<p class=\"translation-block\"><strong data-start=\"53\" data-end=\"119\">High-quality Loof micro pliers for hair extension application.<\/strong> Heats up quickly, operates at high temperatures, and features a 360\u00b0 swivel cord. Mini ceramic 15\u00d75\u202fmm fusion tips ensure even heating of the keratin. Temperature range 100\u2013220\u202f\u00b0C. Ergonomic and heat-resistant handle for comfortable use.<\/p>","protected":false},"excerpt":{"rendered":"<p>Loof micro pliers for quick and precise hair extension application, with adjustable temperature and a swivel cord.<\/p>","protected":false},"featured_media":3427,"comment_status":"open","ping_status":"closed","template":"","meta":{"site-sidebar-layout":"default","site-content-layout":"","ast-site-content-layout":"default","site-content-style":"default","site-sidebar-style":"default","ast-global-header-display":"","ast-banner-title-visibility":"","ast-main-header-display":"","ast-hfb-above-header-display":"","ast-hfb-below-header-display":"","ast-hfb-mobile-header-display":"","site-post-title":"","ast-breadcrumbs-content":"","ast-featured-img":"","footer-sml-layout":"","ast-disable-related-posts":"","theme-transparent-header-meta":"default","adv-header-id-meta":"","stick-header-meta":"","header-above-stick-meta":"","header-main-stick-meta":"","header-below-stick-meta":"","astra-migrate-meta-layouts":"set","ast-page-background-enabled":"default","ast-page-background-meta":{"desktop":{"background-color":"var(--ast-global-color-4)","background-image":"","background-repeat":"repeat","background-position":"center center","background-size":"auto","background-attachment":"scroll","background-type":"","background-media":"","overlay-type":"","overlay-color":"","overlay-opacity":"","overlay-gradient":""},"tablet":{"background-color":"","background-image":"","background-repeat":"repeat","background-position":"center center","background-size":"auto","background-attachment":"scroll","background-type":"","background-media":"","overlay-type":"","overlay-color":"","overlay-opacity":"","overlay-gradient":""},"mobile":{"background-color":"","background-image":"","background-repeat":"repeat","background-position":"center center","background-size":"auto","background-attachment":"scroll","background-type":"","background-media":"","overlay-type":"","overlay-color":"","overlay-opacity":"","overlay-gradient":""}},"ast-content-background-meta":{"desktop":{"background-color":"var(--ast-global-color-5)","background-image":"","background-repeat":"repeat","background-position":"center center","background-size":"auto","background-attachment":"scroll","background-type":"","background-media":"","overlay-type":"","overlay-color":"","overlay-opacity":"","overlay-gradient":""},"tablet":{"background-color":"var(--ast-global-color-5)","background-image":"","background-repeat":"repeat","background-position":"center center","background-size":"auto","background-attachment":"scroll","background-type":"","background-media":"","overlay-type":"","overlay-color":"","overlay-opacity":"","overlay-gradient":""},"mobile":{"background-color":"var(--ast-global-color-5)","background-image":"","background-repeat":"repeat","background-position":"center center","background-size":"auto","background-attachment":"scroll","background-type":"","background-media":"","overlay-type":"","overlay-color":"","overlay-opacity":"","overlay-gradient":""}}},"product_brand":[],"product_cat":[60],"product_tag":[109,111,110],"giftcard-category":[],"class_list":{"0":"post-3426","1":"product","2":"type-product","3":"status-publish","4":"has-post-thumbnail","6":"product_cat-juuksepikenduste-tarvikud","7":"product_tag-juuksepikenduste-tangid","8":"product_tag-kuumutustangid","9":"product_tag-loof","10":"desktop-align-center","11":"tablet-align-left","12":"mobile-align-left","14":"first","15":"instock","16":"taxable","17":"shipping-taxable","18":"purchasable","19":"product-type-simple"},"yoast_head":"<!-- This site is optimized with the Yoast SEO plugin v27.3 - https:\/\/yoast.com\/product\/yoast-seo-wordpress\/ -->\n<title>Juuksepikenduste aparaat LOOF mikro salkude paigaldamiseks kuldne - She Beauty Studio<\/title>\n<meta name=\"description\" content=\"Loof mikrotangid juuksepikenduste kiireks ja t\u00e4pseks paigaldamiseks, reguleeritava temperatuuri ja p\u00f6\u00f6rleva juhtmega. Kerge kasutada.\" \/>\n<meta name=\"robots\" content=\"index, follow, max-snippet:-1, max-image-preview:large, max-video-preview:-1\" \/>\n<link rel=\"canonical\" href=\"https:\/\/shebeauty.ee\/en\/product\/juuksepikenduste-aparaat-loof-mikro-salkude-paigaldamiseks-kuldne\/\" \/>\n<meta property=\"og:locale\" content=\"en_US\" \/>\n<meta property=\"og:type\" content=\"article\" \/>\n<meta property=\"og:title\" content=\"Juuksepikenduste aparaat LOOF mikro salkude paigaldamiseks kuldne - She Beauty Studio\" \/>\n<meta property=\"og:description\" content=\"Loof mikrotangid juuksepikenduste kiireks ja t\u00e4pseks paigaldamiseks, reguleeritava temperatuuri ja p\u00f6\u00f6rleva juhtmega. Kerge kasutada.\" \/>\n<meta property=\"og:url\" content=\"https:\/\/shebeauty.ee\/en\/product\/juuksepikenduste-aparaat-loof-mikro-salkude-paigaldamiseks-kuldne\/\" \/>\n<meta property=\"og:site_name\" content=\"She Beauty Studio\" \/>\n<meta property=\"article:modified_time\" content=\"2025-12-09T08:48:40+00:00\" \/>\n<meta property=\"og:image\" content=\"https:\/\/shebeauty.ee\/wp-content\/uploads\/2024\/05\/IMG_6194-scaled.jpeg\" \/>\n\t<meta property=\"og:image:width\" content=\"1833\" \/>\n\t<meta property=\"og:image:height\" content=\"2560\" \/>\n\t<meta property=\"og:image:type\" content=\"image\/jpeg\" \/>\n<meta name=\"twitter:card\" content=\"summary_large_image\" \/>\n<meta name=\"twitter:label1\" content=\"Est. reading time\" \/>\n\t<meta name=\"twitter:data1\" content=\"1 minute\" \/>\n<script type=\"application\/ld+json\" class=\"yoast-schema-graph\">{\"@context\":\"https:\\\/\\\/schema.org\",\"@graph\":[{\"@type\":\"WebPage\",\"@id\":\"https:\\\/\\\/shebeauty.ee\\\/toode\\\/juuksepikenduste-aparaat-loof-mikro-salkude-paigaldamiseks-kuldne\\\/\",\"url\":\"https:\\\/\\\/shebeauty.ee\\\/toode\\\/juuksepikenduste-aparaat-loof-mikro-salkude-paigaldamiseks-kuldne\\\/\",\"name\":\"Juuksepikenduste aparaat LOOF mikro salkude paigaldamiseks kuldne - She Beauty Studio\",\"isPartOf\":{\"@id\":\"https:\\\/\\\/shebeauty.ee\\\/#website\"},\"primaryImageOfPage\":{\"@id\":\"https:\\\/\\\/shebeauty.ee\\\/toode\\\/juuksepikenduste-aparaat-loof-mikro-salkude-paigaldamiseks-kuldne\\\/#primaryimage\"},\"image\":{\"@id\":\"https:\\\/\\\/shebeauty.ee\\\/toode\\\/juuksepikenduste-aparaat-loof-mikro-salkude-paigaldamiseks-kuldne\\\/#primaryimage\"},\"thumbnailUrl\":\"https:\\\/\\\/shebeauty.ee\\\/wp-content\\\/uploads\\\/2024\\\/05\\\/IMG_6194-scaled.jpeg\",\"datePublished\":\"2024-05-10T13:46:00+00:00\",\"dateModified\":\"2025-12-09T08:48:40+00:00\",\"description\":\"Loof mikrotangid juuksepikenduste kiireks ja t\u00e4pseks paigaldamiseks, reguleeritava temperatuuri ja p\u00f6\u00f6rleva juhtmega. Kerge kasutada.\",\"breadcrumb\":{\"@id\":\"https:\\\/\\\/shebeauty.ee\\\/toode\\\/juuksepikenduste-aparaat-loof-mikro-salkude-paigaldamiseks-kuldne\\\/#breadcrumb\"},\"inLanguage\":\"en-US\",\"potentialAction\":[{\"@type\":\"ReadAction\",\"target\":[\"https:\\\/\\\/shebeauty.ee\\\/toode\\\/juuksepikenduste-aparaat-loof-mikro-salkude-paigaldamiseks-kuldne\\\/\"]}]},{\"@type\":\"ImageObject\",\"inLanguage\":\"en-US\",\"@id\":\"https:\\\/\\\/shebeauty.ee\\\/toode\\\/juuksepikenduste-aparaat-loof-mikro-salkude-paigaldamiseks-kuldne\\\/#primaryimage\",\"url\":\"https:\\\/\\\/shebeauty.ee\\\/wp-content\\\/uploads\\\/2024\\\/05\\\/IMG_6194-scaled.jpeg\",\"contentUrl\":\"https:\\\/\\\/shebeauty.ee\\\/wp-content\\\/uploads\\\/2024\\\/05\\\/IMG_6194-scaled.jpeg\",\"width\":1833,\"height\":2560},{\"@type\":\"BreadcrumbList\",\"@id\":\"https:\\\/\\\/shebeauty.ee\\\/toode\\\/juuksepikenduste-aparaat-loof-mikro-salkude-paigaldamiseks-kuldne\\\/#breadcrumb\",\"itemListElement\":[{\"@type\":\"ListItem\",\"position\":1,\"name\":\"Home\",\"item\":\"https:\\\/\\\/shebeauty.ee\\\/\"},{\"@type\":\"ListItem\",\"position\":2,\"name\":\"Pood\",\"item\":\"https:\\\/\\\/shebeauty.ee\\\/e-pood\\\/\"},{\"@type\":\"ListItem\",\"position\":3,\"name\":\"Juuksepikenduste aparaat LOOF mikro salkude paigaldamiseks kuldne\"}]},{\"@type\":\"WebSite\",\"@id\":\"https:\\\/\\\/shebeauty.ee\\\/#website\",\"url\":\"https:\\\/\\\/shebeauty.ee\\\/\",\"name\":\"She Beauty Studio\",\"description\":\"Juuksestuudio\",\"publisher\":{\"@id\":\"https:\\\/\\\/shebeauty.ee\\\/#organization\"},\"potentialAction\":[{\"@type\":\"SearchAction\",\"target\":{\"@type\":\"EntryPoint\",\"urlTemplate\":\"https:\\\/\\\/shebeauty.ee\\\/?s={search_term_string}\"},\"query-input\":{\"@type\":\"PropertyValueSpecification\",\"valueRequired\":true,\"valueName\":\"search_term_string\"}}],\"inLanguage\":\"en-US\"},{\"@type\":\"Organization\",\"@id\":\"https:\\\/\\\/shebeauty.ee\\\/#organization\",\"name\":\"She Beauty O\u00dc\",\"url\":\"https:\\\/\\\/shebeauty.ee\\\/\",\"logo\":{\"@type\":\"ImageObject\",\"inLanguage\":\"en-US\",\"@id\":\"https:\\\/\\\/shebeauty.ee\\\/#\\\/schema\\\/logo\\\/image\\\/\",\"url\":\"https:\\\/\\\/shebeauty.ee\\\/wp-content\\\/uploads\\\/2023\\\/10\\\/IMG_0585.jpg\",\"contentUrl\":\"https:\\\/\\\/shebeauty.ee\\\/wp-content\\\/uploads\\\/2023\\\/10\\\/IMG_0585.jpg\",\"width\":1284,\"height\":1300,\"caption\":\"She Beauty O\u00dc\"},\"image\":{\"@id\":\"https:\\\/\\\/shebeauty.ee\\\/#\\\/schema\\\/logo\\\/image\\\/\"}}]}<\/script>\n<!-- \/ Yoast SEO plugin. -->","yoast_head_json":{"title":"Juuksepikenduste aparaat LOOF mikro salkude paigaldamiseks kuldne - She Beauty Studio","description":"Loof mikrotangid juuksepikenduste kiireks ja t\u00e4pseks paigaldamiseks, reguleeritava temperatuuri ja p\u00f6\u00f6rleva juhtmega. Kerge kasutada.","robots":{"index":"index","follow":"follow","max-snippet":"max-snippet:-1","max-image-preview":"max-image-preview:large","max-video-preview":"max-video-preview:-1"},"canonical":"https:\/\/shebeauty.ee\/en\/product\/juuksepikenduste-aparaat-loof-mikro-salkude-paigaldamiseks-kuldne\/","og_locale":"en_US","og_type":"article","og_title":"Juuksepikenduste aparaat LOOF mikro salkude paigaldamiseks kuldne - She Beauty Studio","og_description":"Loof mikrotangid juuksepikenduste kiireks ja t\u00e4pseks paigaldamiseks, reguleeritava temperatuuri ja p\u00f6\u00f6rleva juhtmega. Kerge kasutada.","og_url":"https:\/\/shebeauty.ee\/en\/product\/juuksepikenduste-aparaat-loof-mikro-salkude-paigaldamiseks-kuldne\/","og_site_name":"She Beauty Studio","article_modified_time":"2025-12-09T08:48:40+00:00","og_image":[{"width":1833,"height":2560,"url":"https:\/\/shebeauty.ee\/wp-content\/uploads\/2024\/05\/IMG_6194-scaled.jpeg","type":"image\/jpeg"}],"twitter_card":"summary_large_image","twitter_misc":{"Est. reading time":"1 minute"},"schema":{"@context":"https:\/\/schema.org","@graph":[{"@type":"WebPage","@id":"https:\/\/shebeauty.ee\/toode\/juuksepikenduste-aparaat-loof-mikro-salkude-paigaldamiseks-kuldne\/","url":"https:\/\/shebeauty.ee\/toode\/juuksepikenduste-aparaat-loof-mikro-salkude-paigaldamiseks-kuldne\/","name":"Juuksepikenduste aparaat LOOF mikro salkude paigaldamiseks kuldne - She Beauty Studio","isPartOf":{"@id":"https:\/\/shebeauty.ee\/#website"},"primaryImageOfPage":{"@id":"https:\/\/shebeauty.ee\/toode\/juuksepikenduste-aparaat-loof-mikro-salkude-paigaldamiseks-kuldne\/#primaryimage"},"image":{"@id":"https:\/\/shebeauty.ee\/toode\/juuksepikenduste-aparaat-loof-mikro-salkude-paigaldamiseks-kuldne\/#primaryimage"},"thumbnailUrl":"https:\/\/shebeauty.ee\/wp-content\/uploads\/2024\/05\/IMG_6194-scaled.jpeg","datePublished":"2024-05-10T13:46:00+00:00","dateModified":"2025-12-09T08:48:40+00:00","description":"Loof mikrotangid juuksepikenduste kiireks ja t\u00e4pseks paigaldamiseks, reguleeritava temperatuuri ja p\u00f6\u00f6rleva juhtmega. Kerge kasutada.","breadcrumb":{"@id":"https:\/\/shebeauty.ee\/toode\/juuksepikenduste-aparaat-loof-mikro-salkude-paigaldamiseks-kuldne\/#breadcrumb"},"inLanguage":"en-US","potentialAction":[{"@type":"ReadAction","target":["https:\/\/shebeauty.ee\/toode\/juuksepikenduste-aparaat-loof-mikro-salkude-paigaldamiseks-kuldne\/"]}]},{"@type":"ImageObject","inLanguage":"en-US","@id":"https:\/\/shebeauty.ee\/toode\/juuksepikenduste-aparaat-loof-mikro-salkude-paigaldamiseks-kuldne\/#primaryimage","url":"https:\/\/shebeauty.ee\/wp-content\/uploads\/2024\/05\/IMG_6194-scaled.jpeg","contentUrl":"https:\/\/shebeauty.ee\/wp-content\/uploads\/2024\/05\/IMG_6194-scaled.jpeg","width":1833,"height":2560},{"@type":"BreadcrumbList","@id":"https:\/\/shebeauty.ee\/toode\/juuksepikenduste-aparaat-loof-mikro-salkude-paigaldamiseks-kuldne\/#breadcrumb","itemListElement":[{"@type":"ListItem","position":1,"name":"Home","item":"https:\/\/shebeauty.ee\/"},{"@type":"ListItem","position":2,"name":"Pood","item":"https:\/\/shebeauty.ee\/e-pood\/"},{"@type":"ListItem","position":3,"name":"Juuksepikenduste aparaat LOOF mikro salkude paigaldamiseks kuldne"}]},{"@type":"WebSite","@id":"https:\/\/shebeauty.ee\/#website","url":"https:\/\/shebeauty.ee\/","name":"She Beauty Studio","description":"Juuksestuudio","publisher":{"@id":"https:\/\/shebeauty.ee\/#organization"},"potentialAction":[{"@type":"SearchAction","target":{"@type":"EntryPoint","urlTemplate":"https:\/\/shebeauty.ee\/?s={search_term_string}"},"query-input":{"@type":"PropertyValueSpecification","valueRequired":true,"valueName":"search_term_string"}}],"inLanguage":"en-US"},{"@type":"Organization","@id":"https:\/\/shebeauty.ee\/#organization","name":"She Beauty O\u00dc","url":"https:\/\/shebeauty.ee\/","logo":{"@type":"ImageObject","inLanguage":"en-US","@id":"https:\/\/shebeauty.ee\/#\/schema\/logo\/image\/","url":"https:\/\/shebeauty.ee\/wp-content\/uploads\/2023\/10\/IMG_0585.jpg","contentUrl":"https:\/\/shebeauty.ee\/wp-content\/uploads\/2023\/10\/IMG_0585.jpg","width":1284,"height":1300,"caption":"She Beauty O\u00dc"},"image":{"@id":"https:\/\/shebeauty.ee\/#\/schema\/logo\/image\/"}}]}},"_links":{"self":[{"href":"https:\/\/shebeauty.ee\/en\/wp-json\/wp\/v2\/product\/3426","targetHints":{"allow":["GET"]}}],"collection":[{"href":"https:\/\/shebeauty.ee\/en\/wp-json\/wp\/v2\/product"}],"about":[{"href":"https:\/\/shebeauty.ee\/en\/wp-json\/wp\/v2\/types\/product"}],"replies":[{"embeddable":true,"href":"https:\/\/shebeauty.ee\/en\/wp-json\/wp\/v2\/comments?post=3426"}],"wp:featuredmedia":[{"embeddable":true,"href":"https:\/\/shebeauty.ee\/en\/wp-json\/wp\/v2\/media\/3427"}],"wp:attachment":[{"href":"https:\/\/shebeauty.ee\/en\/wp-json\/wp\/v2\/media?parent=3426"}],"wp:term":[{"taxonomy":"product_brand","embeddable":true,"href":"https:\/\/shebeauty.ee\/en\/wp-json\/wp\/v2\/product_brand?post=3426"},{"taxonomy":"product_cat","embeddable":true,"href":"https:\/\/shebeauty.ee\/en\/wp-json\/wp\/v2\/product_cat?post=3426"},{"taxonomy":"product_tag","embeddable":true,"href":"https:\/\/shebeauty.ee\/en\/wp-json\/wp\/v2\/product_tag?post=3426"},{"taxonomy":"giftcard-category","embeddable":true,"href":"https:\/\/shebeauty.ee\/en\/wp-json\/wp\/v2\/giftcard-category?post=3426"}],"curies":[{"name":"wp","href":"https:\/\/api.w.org\/{rel}","templated":true}]}}