{"id":3335,"date":"2024-03-17T19:27:28","date_gmt":"2024-03-17T17:27:28","guid":{"rendered":"https:\/\/shebeauty.ee\/?post_type=product&#038;p=3335"},"modified":"2026-04-20T08:46:34","modified_gmt":"2026-04-20T05:46:34","slug":"k-time-argan-hoolitsuskomplekt","status":"publish","type":"product","link":"https:\/\/shebeauty.ee\/en\/product\/k-time-argan-hoolitsuskomplekt\/","title":{"rendered":"K-Time Argan Series Care Set"},"content":{"rendered":"<p class=\"p1\">K-Time Argan Care Set for Dry and Dull Hair.<\/p>\n<p data-start=\"456\" data-end=\"516\"><strong data-start=\"456\" data-end=\"516\">K-Time Argan Nourishing Shampoo with Argan Oil 250 ml<\/strong><\/p>\n<p data-start=\"518\" data-end=\"812\" class=\"translation-block\">A nourishing shampoo with argan oil, especially suitable for dull and lifeless hair. Argan oil enhances the hair\u2019s natural shine, makes it soft and silky, while protecting against dryness and split ends. The shampoo does not weigh hair down or make it greasy.<br>\n<strong data-start=\"814\" data-end=\"829\">Usage:<\/strong> Apply the shampoo to wet scalp and hair, gently massage. Rinse thoroughly and repeat if necessary.<\/p>\n<p><strong data-start=\"944\" data-end=\"1006\">K-Time Argan Nourishing Hair Mask with Argan Oil 500 ml<\/strong><\/p>\n<p data-start=\"1008\" data-end=\"1269\" class=\"translation-block\">A deeply moisturizing hair mask with argan oil and shea butter that provides hair with strength, shine, and softness. Vitamin E\u2013rich argan oil acts as an antioxidant, protecting hair from environmental damage and signs of aging. Shea butter helps combat dryness and split ends.<br>\n<strong data-start=\"1271\" data-end=\"1286\">Usage: <\/strong>Apply the mask evenly to damp hair. Leave on for 5\u201310 minutes, then rinse thoroughly.<\/p>\n<p data-start=\"1397\" data-end=\"1464\"><strong data-start=\"1397\" data-end=\"1464\">+ GIFT: K-Time Secret Multi-Action 10 in 1 Spray Mask 30 ml<\/strong><\/p>\n<p data-start=\"1466\" data-end=\"1703\" class=\"translation-block\">A multi-purpose care spray combining 10 beneficial effects. Suitable for all hair types for daily use. Enriched with argan oil to strengthen and smooth hair, add softness and volume, and reduce frizz. Additionally, the spray provides heat protection, helping to shield hair from damage caused by blow dryers, straighteners, and other heat styling tools.<br>\n<strong>Usage: <\/strong>Spray onto clean, towel-dried hair. Comb through and style as desired. No rinsing required.<\/p>\n<p><strong>The list of ingredients could change. Always refer to the product packaging for the most up-to-date ingredient list.<\/strong><br \/>\n<strong>Koostisosade loetelu v\u00f5ib muutuda. K\u00f5ige ajakohasema koostisosade loetelu leiad alati toote pakendilt.<\/strong><\/p>\n<p class=\"p1\"><span class=\"s1\">Importer: Beauty Cosmetics O\u00dc, Kaupmehe 6, Tallinn <a href=\"https:\/\/shebeauty.ee\/en\/\"><span class=\"s2\">www.shebeauty.ee<\/span><\/a><\/span><\/p>","protected":false},"excerpt":{"rendered":"<p data-start=\"91\" data-end=\"318\" class=\"translation-block\">(<em>Price per litre: \u20ac77.00 \/ l<\/em>)<br>\nA nourishing hair care set with argan oil that moisturizes, strengthens, and smooths hair without weighing it down.<br>\nThe set includes shampoo, mask, and 10-in-1 spray.<br>\nTotal volume: 780\u202fml<br data-start=\"165\" data-end=\"168\"><br data-start=\"234\" data-end=\"237\"><\/p>\n<p data-start=\"320\" data-end=\"576\">","protected":false},"featured_media":5670,"comment_status":"open","ping_status":"closed","template":"","meta":{"site-sidebar-layout":"default","site-content-layout":"","ast-site-content-layout":"default","site-content-style":"default","site-sidebar-style":"default","ast-global-header-display":"","ast-banner-title-visibility":"","ast-main-header-display":"","ast-hfb-above-header-display":"","ast-hfb-below-header-display":"","ast-hfb-mobile-header-display":"","site-post-title":"","ast-breadcrumbs-content":"","ast-featured-img":"","footer-sml-layout":"","ast-disable-related-posts":"","theme-transparent-header-meta":"default","adv-header-id-meta":"","stick-header-meta":"","header-above-stick-meta":"","header-main-stick-meta":"","header-below-stick-meta":"","astra-migrate-meta-layouts":"set","ast-page-background-enabled":"default","ast-page-background-meta":{"desktop":{"background-color":"var(--ast-global-color-4)","background-image":"","background-repeat":"repeat","background-position":"center center","background-size":"auto","background-attachment":"scroll","background-type":"","background-media":"","overlay-type":"","overlay-color":"","overlay-opacity":"","overlay-gradient":""},"tablet":{"background-color":"","background-image":"","background-repeat":"repeat","background-position":"center center","background-size":"auto","background-attachment":"scroll","background-type":"","background-media":"","overlay-type":"","overlay-color":"","overlay-opacity":"","overlay-gradient":""},"mobile":{"background-color":"","background-image":"","background-repeat":"repeat","background-position":"center center","background-size":"auto","background-attachment":"scroll","background-type":"","background-media":"","overlay-type":"","overlay-color":"","overlay-opacity":"","overlay-gradient":""}},"ast-content-background-meta":{"desktop":{"background-color":"var(--ast-global-color-5)","background-image":"","background-repeat":"repeat","background-position":"center center","background-size":"auto","background-attachment":"scroll","background-type":"","background-media":"","overlay-type":"","overlay-color":"","overlay-opacity":"","overlay-gradient":""},"tablet":{"background-color":"var(--ast-global-color-5)","background-image":"","background-repeat":"repeat","background-position":"center center","background-size":"auto","background-attachment":"scroll","background-type":"","background-media":"","overlay-type":"","overlay-color":"","overlay-opacity":"","overlay-gradient":""},"mobile":{"background-color":"var(--ast-global-color-5)","background-image":"","background-repeat":"repeat","background-position":"center center","background-size":"auto","background-attachment":"scroll","background-type":"","background-media":"","overlay-type":"","overlay-color":"","overlay-opacity":"","overlay-gradient":""}}},"product_brand":[],"product_cat":[112,20],"product_tag":[276,69,283,272,129],"giftcard-category":[],"class_list":{"0":"post-3335","1":"product","2":"type-product","3":"status-publish","4":"has-post-thumbnail","6":"product_cat-kinkekomplektid","7":"product_cat-juuksehooldustooted-sampoon-palsam-mask","8":"product_tag-argaaniaoli","9":"product_tag-juuksemask","10":"product_tag-juuksesprei","11":"product_tag-k-time-argan-sari","12":"product_tag-shampoo","13":"desktop-align-center","14":"tablet-align-left","15":"mobile-align-left","17":"first","18":"instock","19":"taxable","20":"shipping-taxable","21":"purchasable","22":"product-type-simple"},"yoast_head":"<!-- This site is optimized with the Yoast SEO plugin v27.4 - https:\/\/yoast.com\/product\/yoast-seo-wordpress\/ -->\n<title>K-Time Argan sarja hoolitsuskomplekt - She Beauty Studio<\/title>\n<meta name=\"description\" content=\"Toitev hoolduskomplekt argaania\u00f5liga k\u00f5ikidele juukset\u00fc\u00fcpidele. Sisaldab endas rikkalikku argaania\u00f5li. \u00dclim niisutus garanteeritud!\" \/>\n<meta name=\"robots\" content=\"index, follow, max-snippet:-1, max-image-preview:large, max-video-preview:-1\" \/>\n<link rel=\"canonical\" href=\"https:\/\/shebeauty.ee\/en\/product\/k-time-argan-hoolitsuskomplekt\/\" \/>\n<meta property=\"og:locale\" content=\"en_US\" \/>\n<meta property=\"og:type\" content=\"article\" \/>\n<meta property=\"og:title\" content=\"K-Time Argan sarja hoolitsuskomplekt - She Beauty Studio\" \/>\n<meta property=\"og:description\" content=\"Toitev hoolduskomplekt argaania\u00f5liga k\u00f5ikidele juukset\u00fc\u00fcpidele. Sisaldab endas rikkalikku argaania\u00f5li. \u00dclim niisutus garanteeritud!\" \/>\n<meta property=\"og:url\" content=\"https:\/\/shebeauty.ee\/en\/product\/k-time-argan-hoolitsuskomplekt\/\" \/>\n<meta property=\"og:site_name\" content=\"She Beauty Studio\" \/>\n<meta property=\"article:modified_time\" content=\"2026-04-20T05:46:34+00:00\" \/>\n<meta property=\"og:image\" content=\"https:\/\/shebeauty.ee\/wp-content\/uploads\/2024\/03\/K-Time-Argan-hoolduskomplekt-scaled.jpg\" \/>\n\t<meta property=\"og:image:width\" content=\"2560\" \/>\n\t<meta property=\"og:image:height\" content=\"2560\" \/>\n\t<meta property=\"og:image:type\" content=\"image\/jpeg\" \/>\n<meta name=\"twitter:card\" content=\"summary_large_image\" \/>\n<meta name=\"twitter:label1\" content=\"Est. reading time\" \/>\n\t<meta name=\"twitter:data1\" content=\"2 minutes\" \/>\n<script type=\"application\/ld+json\" class=\"yoast-schema-graph\">{\"@context\":\"https:\\\/\\\/schema.org\",\"@graph\":[{\"@type\":\"WebPage\",\"@id\":\"https:\\\/\\\/shebeauty.ee\\\/toode\\\/k-time-argan-hoolitsuskomplekt\\\/\",\"url\":\"https:\\\/\\\/shebeauty.ee\\\/toode\\\/k-time-argan-hoolitsuskomplekt\\\/\",\"name\":\"K-Time Argan sarja hoolitsuskomplekt - She Beauty Studio\",\"isPartOf\":{\"@id\":\"https:\\\/\\\/shebeauty.ee\\\/#website\"},\"primaryImageOfPage\":{\"@id\":\"https:\\\/\\\/shebeauty.ee\\\/toode\\\/k-time-argan-hoolitsuskomplekt\\\/#primaryimage\"},\"image\":{\"@id\":\"https:\\\/\\\/shebeauty.ee\\\/toode\\\/k-time-argan-hoolitsuskomplekt\\\/#primaryimage\"},\"thumbnailUrl\":\"https:\\\/\\\/shebeauty.ee\\\/wp-content\\\/uploads\\\/2024\\\/03\\\/K-Time-Argan-hoolduskomplekt-scaled.jpg\",\"datePublished\":\"2024-03-17T17:27:28+00:00\",\"dateModified\":\"2026-04-20T05:46:34+00:00\",\"description\":\"Toitev hoolduskomplekt argaania\u00f5liga k\u00f5ikidele juukset\u00fc\u00fcpidele. Sisaldab endas rikkalikku argaania\u00f5li. \u00dclim niisutus garanteeritud!\",\"breadcrumb\":{\"@id\":\"https:\\\/\\\/shebeauty.ee\\\/toode\\\/k-time-argan-hoolitsuskomplekt\\\/#breadcrumb\"},\"inLanguage\":\"en-US\",\"potentialAction\":[{\"@type\":\"ReadAction\",\"target\":[\"https:\\\/\\\/shebeauty.ee\\\/toode\\\/k-time-argan-hoolitsuskomplekt\\\/\"]}]},{\"@type\":\"ImageObject\",\"inLanguage\":\"en-US\",\"@id\":\"https:\\\/\\\/shebeauty.ee\\\/toode\\\/k-time-argan-hoolitsuskomplekt\\\/#primaryimage\",\"url\":\"https:\\\/\\\/shebeauty.ee\\\/wp-content\\\/uploads\\\/2024\\\/03\\\/K-Time-Argan-hoolduskomplekt-scaled.jpg\",\"contentUrl\":\"https:\\\/\\\/shebeauty.ee\\\/wp-content\\\/uploads\\\/2024\\\/03\\\/K-Time-Argan-hoolduskomplekt-scaled.jpg\",\"width\":2560,\"height\":2560},{\"@type\":\"BreadcrumbList\",\"@id\":\"https:\\\/\\\/shebeauty.ee\\\/toode\\\/k-time-argan-hoolitsuskomplekt\\\/#breadcrumb\",\"itemListElement\":[{\"@type\":\"ListItem\",\"position\":1,\"name\":\"Home\",\"item\":\"https:\\\/\\\/shebeauty.ee\\\/\"},{\"@type\":\"ListItem\",\"position\":2,\"name\":\"Pood\",\"item\":\"https:\\\/\\\/shebeauty.ee\\\/e-pood\\\/\"},{\"@type\":\"ListItem\",\"position\":3,\"name\":\"K-Time Argan sarja hoolitsuskomplekt\"}]},{\"@type\":\"WebSite\",\"@id\":\"https:\\\/\\\/shebeauty.ee\\\/#website\",\"url\":\"https:\\\/\\\/shebeauty.ee\\\/\",\"name\":\"She Beauty Studio\",\"description\":\"Juuksestuudio\",\"publisher\":{\"@id\":\"https:\\\/\\\/shebeauty.ee\\\/#organization\"},\"potentialAction\":[{\"@type\":\"SearchAction\",\"target\":{\"@type\":\"EntryPoint\",\"urlTemplate\":\"https:\\\/\\\/shebeauty.ee\\\/?s={search_term_string}\"},\"query-input\":{\"@type\":\"PropertyValueSpecification\",\"valueRequired\":true,\"valueName\":\"search_term_string\"}}],\"inLanguage\":\"en-US\"},{\"@type\":\"Organization\",\"@id\":\"https:\\\/\\\/shebeauty.ee\\\/#organization\",\"name\":\"She Beauty O\u00dc\",\"url\":\"https:\\\/\\\/shebeauty.ee\\\/\",\"logo\":{\"@type\":\"ImageObject\",\"inLanguage\":\"en-US\",\"@id\":\"https:\\\/\\\/shebeauty.ee\\\/#\\\/schema\\\/logo\\\/image\\\/\",\"url\":\"https:\\\/\\\/shebeauty.ee\\\/wp-content\\\/uploads\\\/2023\\\/10\\\/IMG_0585.jpg\",\"contentUrl\":\"https:\\\/\\\/shebeauty.ee\\\/wp-content\\\/uploads\\\/2023\\\/10\\\/IMG_0585.jpg\",\"width\":1284,\"height\":1300,\"caption\":\"She Beauty O\u00dc\"},\"image\":{\"@id\":\"https:\\\/\\\/shebeauty.ee\\\/#\\\/schema\\\/logo\\\/image\\\/\"}}]}<\/script>\n<!-- \/ Yoast SEO plugin. -->","yoast_head_json":{"title":"K-Time Argan sarja hoolitsuskomplekt - She Beauty Studio","description":"Toitev hoolduskomplekt argaania\u00f5liga k\u00f5ikidele juukset\u00fc\u00fcpidele. Sisaldab endas rikkalikku argaania\u00f5li. \u00dclim niisutus garanteeritud!","robots":{"index":"index","follow":"follow","max-snippet":"max-snippet:-1","max-image-preview":"max-image-preview:large","max-video-preview":"max-video-preview:-1"},"canonical":"https:\/\/shebeauty.ee\/en\/product\/k-time-argan-hoolitsuskomplekt\/","og_locale":"en_US","og_type":"article","og_title":"K-Time Argan sarja hoolitsuskomplekt - She Beauty Studio","og_description":"Toitev hoolduskomplekt argaania\u00f5liga k\u00f5ikidele juukset\u00fc\u00fcpidele. Sisaldab endas rikkalikku argaania\u00f5li. \u00dclim niisutus garanteeritud!","og_url":"https:\/\/shebeauty.ee\/en\/product\/k-time-argan-hoolitsuskomplekt\/","og_site_name":"She Beauty Studio","article_modified_time":"2026-04-20T05:46:34+00:00","og_image":[{"width":2560,"height":2560,"url":"https:\/\/shebeauty.ee\/wp-content\/uploads\/2024\/03\/K-Time-Argan-hoolduskomplekt-scaled.jpg","type":"image\/jpeg"}],"twitter_card":"summary_large_image","twitter_misc":{"Est. reading time":"2 minutes"},"schema":{"@context":"https:\/\/schema.org","@graph":[{"@type":"WebPage","@id":"https:\/\/shebeauty.ee\/toode\/k-time-argan-hoolitsuskomplekt\/","url":"https:\/\/shebeauty.ee\/toode\/k-time-argan-hoolitsuskomplekt\/","name":"K-Time Argan sarja hoolitsuskomplekt - She Beauty Studio","isPartOf":{"@id":"https:\/\/shebeauty.ee\/#website"},"primaryImageOfPage":{"@id":"https:\/\/shebeauty.ee\/toode\/k-time-argan-hoolitsuskomplekt\/#primaryimage"},"image":{"@id":"https:\/\/shebeauty.ee\/toode\/k-time-argan-hoolitsuskomplekt\/#primaryimage"},"thumbnailUrl":"https:\/\/shebeauty.ee\/wp-content\/uploads\/2024\/03\/K-Time-Argan-hoolduskomplekt-scaled.jpg","datePublished":"2024-03-17T17:27:28+00:00","dateModified":"2026-04-20T05:46:34+00:00","description":"Toitev hoolduskomplekt argaania\u00f5liga k\u00f5ikidele juukset\u00fc\u00fcpidele. Sisaldab endas rikkalikku argaania\u00f5li. \u00dclim niisutus garanteeritud!","breadcrumb":{"@id":"https:\/\/shebeauty.ee\/toode\/k-time-argan-hoolitsuskomplekt\/#breadcrumb"},"inLanguage":"en-US","potentialAction":[{"@type":"ReadAction","target":["https:\/\/shebeauty.ee\/toode\/k-time-argan-hoolitsuskomplekt\/"]}]},{"@type":"ImageObject","inLanguage":"en-US","@id":"https:\/\/shebeauty.ee\/toode\/k-time-argan-hoolitsuskomplekt\/#primaryimage","url":"https:\/\/shebeauty.ee\/wp-content\/uploads\/2024\/03\/K-Time-Argan-hoolduskomplekt-scaled.jpg","contentUrl":"https:\/\/shebeauty.ee\/wp-content\/uploads\/2024\/03\/K-Time-Argan-hoolduskomplekt-scaled.jpg","width":2560,"height":2560},{"@type":"BreadcrumbList","@id":"https:\/\/shebeauty.ee\/toode\/k-time-argan-hoolitsuskomplekt\/#breadcrumb","itemListElement":[{"@type":"ListItem","position":1,"name":"Home","item":"https:\/\/shebeauty.ee\/"},{"@type":"ListItem","position":2,"name":"Pood","item":"https:\/\/shebeauty.ee\/e-pood\/"},{"@type":"ListItem","position":3,"name":"K-Time Argan sarja hoolitsuskomplekt"}]},{"@type":"WebSite","@id":"https:\/\/shebeauty.ee\/#website","url":"https:\/\/shebeauty.ee\/","name":"She Beauty Studio","description":"Juuksestuudio","publisher":{"@id":"https:\/\/shebeauty.ee\/#organization"},"potentialAction":[{"@type":"SearchAction","target":{"@type":"EntryPoint","urlTemplate":"https:\/\/shebeauty.ee\/?s={search_term_string}"},"query-input":{"@type":"PropertyValueSpecification","valueRequired":true,"valueName":"search_term_string"}}],"inLanguage":"en-US"},{"@type":"Organization","@id":"https:\/\/shebeauty.ee\/#organization","name":"She Beauty O\u00dc","url":"https:\/\/shebeauty.ee\/","logo":{"@type":"ImageObject","inLanguage":"en-US","@id":"https:\/\/shebeauty.ee\/#\/schema\/logo\/image\/","url":"https:\/\/shebeauty.ee\/wp-content\/uploads\/2023\/10\/IMG_0585.jpg","contentUrl":"https:\/\/shebeauty.ee\/wp-content\/uploads\/2023\/10\/IMG_0585.jpg","width":1284,"height":1300,"caption":"She Beauty O\u00dc"},"image":{"@id":"https:\/\/shebeauty.ee\/#\/schema\/logo\/image\/"}}]}},"_links":{"self":[{"href":"https:\/\/shebeauty.ee\/en\/wp-json\/wp\/v2\/product\/3335","targetHints":{"allow":["GET"]}}],"collection":[{"href":"https:\/\/shebeauty.ee\/en\/wp-json\/wp\/v2\/product"}],"about":[{"href":"https:\/\/shebeauty.ee\/en\/wp-json\/wp\/v2\/types\/product"}],"replies":[{"embeddable":true,"href":"https:\/\/shebeauty.ee\/en\/wp-json\/wp\/v2\/comments?post=3335"}],"wp:featuredmedia":[{"embeddable":true,"href":"https:\/\/shebeauty.ee\/en\/wp-json\/wp\/v2\/media\/5670"}],"wp:attachment":[{"href":"https:\/\/shebeauty.ee\/en\/wp-json\/wp\/v2\/media?parent=3335"}],"wp:term":[{"taxonomy":"product_brand","embeddable":true,"href":"https:\/\/shebeauty.ee\/en\/wp-json\/wp\/v2\/product_brand?post=3335"},{"taxonomy":"product_cat","embeddable":true,"href":"https:\/\/shebeauty.ee\/en\/wp-json\/wp\/v2\/product_cat?post=3335"},{"taxonomy":"product_tag","embeddable":true,"href":"https:\/\/shebeauty.ee\/en\/wp-json\/wp\/v2\/product_tag?post=3335"},{"taxonomy":"giftcard-category","embeddable":true,"href":"https:\/\/shebeauty.ee\/en\/wp-json\/wp\/v2\/giftcard-category?post=3335"}],"curies":[{"name":"wp","href":"https:\/\/api.w.org\/{rel}","templated":true}]}}