{"id":3329,"date":"2024-03-17T19:17:32","date_gmt":"2024-03-17T17:17:32","guid":{"rendered":"https:\/\/shebeauty.ee\/?post_type=product&#038;p=3329"},"modified":"2025-08-23T15:50:12","modified_gmt":"2025-08-23T12:50:12","slug":"k-time-secret-chic-drops-hair-serum-100-ml","status":"publish","type":"product","link":"https:\/\/shebeauty.ee\/en\/product\/k-time-secret-chic-drops-hair-serum-100-ml\/","title":{"rendered":"K-time Secret Chic Drops Hair Serum 100 ml"},"content":{"rendered":"<p><strong>K-time Secret Chic Drops Hair Serum<\/strong> on mitmek\u00fclgne juukseseerum, mis niisutab juukseotsi, v\u00e4hendades l\u00f5henemist ja pusade teket, muudab juuksed paremini k\u00e4sitletavaks ja kergemini kammitavaks ning lisab neile erakordset l\u00e4iget ja siidist siledust.<\/p>\n<p data-start=\"579\" data-end=\"767\">Sobib kasutamiseks nii m\u00e4rgadel kui ka kuivadel juustel \u2013 piisab vaid m\u00f5nest tilgast, et muuta juuksed pehmeks, s\u00e4ravaks ja eluj\u00f5uliseks. Ei muuda juukseid raskeks ega j\u00e4ta neid rasvaseks.<\/p>\n<p><b>Usage:<\/b> Kandke m\u00f5ned tilgad toodet juuksepikkustele ja j\u00e4tkake soovitud soenguga. V\u00f5ib kanda nii m\u00e4rgadele kui ka kuivadele juustele. Toode ei vaja v\u00e4lja loputamist.<\/p>\n<p><strong>Ingredients:<br \/>\n<\/strong>AQUA (WATER), CYCLOPENTASILOXANE, DIMETHICONOL, POLYACRYLAMIDE, PHENOXYETHANOL, C13-14 ISOPARAFFIN, PARFUM (FRAGRANCE), LAURETH-7, ETHYLHEXYLGLYCERIN, CITRIC ACID, TOCOPHERYL ACETATE, COCOS NUCIFERA SEED OIL (COCOS NUCIFERA (COCONUT) SEED OIL), LINALOOL, CITRONELLOL, GARDENIA TAITENSIS FLOWER EXTRACT (GARDENIA TAHITENSIS (TIARE) FLOWER EXTRACT).<\/p>\n<p><strong>The list of ingredients could change. Always refer to the product packaging for the most up-to-date ingredient list.<\/strong><br \/>\n<strong>Koostisosade loetelu v\u00f5ib muutuda. K\u00f5ige ajakohasema koostisosade loetelu leiad alati toote pakendilt.<\/strong><\/p>\n<p class=\"p1\"><span class=\"s1\">Importer: Beauty Cosmetics O\u00dc, Kaupmehe 6, Tallinn <a href=\"https:\/\/shebeauty.ee\/en\/\"><span class=\"s2\">www.shebeauty.ee<\/span><\/a><\/span><\/p>\n<p data-start=\"579\" data-end=\"767\"><strong>\u00a0<\/strong><\/p>","protected":false},"excerpt":{"rendered":"<p>(<em>Liitrihind: 300,00 \u20ac\/ l<\/em>)<br \/>\nChic Drops on luksuslik juukseseerum, mis niisutab, silub ja lisab juustele s\u00e4rava l\u00f5ppviimistluse \u2013 vaid m\u00f5ne tilgaga.<br data-start=\"317\" data-end=\"320\" \/>Sobib igap\u00e4evaseks kasutamiseks k\u00f5ikidele juukset\u00fc\u00fcpidele.<br \/>\n<strong>MEIE KINDEL KLIENTIDE LEMMIK!<\/strong><\/p>","protected":false},"featured_media":5677,"comment_status":"open","ping_status":"closed","template":"","meta":{"site-sidebar-layout":"default","site-content-layout":"","ast-site-content-layout":"default","site-content-style":"default","site-sidebar-style":"default","ast-global-header-display":"","ast-banner-title-visibility":"","ast-main-header-display":"","ast-hfb-above-header-display":"","ast-hfb-below-header-display":"","ast-hfb-mobile-header-display":"","site-post-title":"","ast-breadcrumbs-content":"","ast-featured-img":"","footer-sml-layout":"","ast-disable-related-posts":"","theme-transparent-header-meta":"default","adv-header-id-meta":"","stick-header-meta":"","header-above-stick-meta":"","header-main-stick-meta":"","header-below-stick-meta":"","astra-migrate-meta-layouts":"set","ast-page-background-enabled":"default","ast-page-background-meta":{"desktop":{"background-color":"var(--ast-global-color-4)","background-image":"","background-repeat":"repeat","background-position":"center center","background-size":"auto","background-attachment":"scroll","background-type":"","background-media":"","overlay-type":"","overlay-color":"","overlay-opacity":"","overlay-gradient":""},"tablet":{"background-color":"","background-image":"","background-repeat":"repeat","background-position":"center center","background-size":"auto","background-attachment":"scroll","background-type":"","background-media":"","overlay-type":"","overlay-color":"","overlay-opacity":"","overlay-gradient":""},"mobile":{"background-color":"","background-image":"","background-repeat":"repeat","background-position":"center center","background-size":"auto","background-attachment":"scroll","background-type":"","background-media":"","overlay-type":"","overlay-color":"","overlay-opacity":"","overlay-gradient":""}},"ast-content-background-meta":{"desktop":{"background-color":"var(--ast-global-color-5)","background-image":"","background-repeat":"repeat","background-position":"center center","background-size":"auto","background-attachment":"scroll","background-type":"","background-media":"","overlay-type":"","overlay-color":"","overlay-opacity":"","overlay-gradient":""},"tablet":{"background-color":"var(--ast-global-color-5)","background-image":"","background-repeat":"repeat","background-position":"center center","background-size":"auto","background-attachment":"scroll","background-type":"","background-media":"","overlay-type":"","overlay-color":"","overlay-opacity":"","overlay-gradient":""},"mobile":{"background-color":"var(--ast-global-color-5)","background-image":"","background-repeat":"repeat","background-position":"center center","background-size":"auto","background-attachment":"scroll","background-type":"","background-media":"","overlay-type":"","overlay-color":"","overlay-opacity":"","overlay-gradient":""}}},"product_brand":[],"product_cat":[20],"product_tag":[135,134,128,284,154,258,287],"giftcard-category":[],"class_list":{"0":"post-3329","1":"product","2":"type-product","3":"status-publish","4":"has-post-thumbnail","6":"product_cat-juuksehooldustooted-sampoon-palsam-mask","7":"product_tag-hair-serum","8":"product_tag-juukseseerum","9":"product_tag-k-time","10":"product_tag-k-time-secret-sari","11":"product_tag-kahuvaba-tulemus","12":"product_tag-koikidele-juuksetuupidele","13":"product_tag-pusavaba","14":"desktop-align-center","15":"tablet-align-left","16":"mobile-align-left","18":"first","19":"instock","20":"taxable","21":"shipping-taxable","22":"purchasable","23":"product-type-simple"},"yoast_head":"<!-- This site is optimized with the Yoast SEO plugin v27.4 - https:\/\/yoast.com\/product\/yoast-seo-wordpress\/ -->\n<title>K-time Secret Chic Drops Hair Serum 100 ml - She Beauty Studio<\/title>\n<meta name=\"description\" content=\"Chic Drops on luksuslik juukseseerum, mis niisutab, silub ja lisab juustele s\u00e4rava l\u00f5ppviimistluse \u2013 vaid m\u00f5ne tilgaga.Sobib igap\u00e4evaseks kasutamiseks.\" \/>\n<meta name=\"robots\" content=\"index, follow, max-snippet:-1, max-image-preview:large, max-video-preview:-1\" \/>\n<link rel=\"canonical\" href=\"https:\/\/shebeauty.ee\/en\/product\/k-time-secret-chic-drops-hair-serum-100-ml\/\" \/>\n<meta property=\"og:locale\" content=\"en_US\" \/>\n<meta property=\"og:type\" content=\"article\" \/>\n<meta property=\"og:title\" content=\"K-time Secret Chic Drops Hair Serum 100 ml - She Beauty Studio\" \/>\n<meta property=\"og:description\" content=\"Chic Drops on luksuslik juukseseerum, mis niisutab, silub ja lisab juustele s\u00e4rava l\u00f5ppviimistluse \u2013 vaid m\u00f5ne tilgaga.Sobib igap\u00e4evaseks kasutamiseks.\" \/>\n<meta property=\"og:url\" content=\"https:\/\/shebeauty.ee\/en\/product\/k-time-secret-chic-drops-hair-serum-100-ml\/\" \/>\n<meta property=\"og:site_name\" content=\"She Beauty Studio\" \/>\n<meta property=\"article:modified_time\" content=\"2025-08-23T12:50:12+00:00\" \/>\n<meta property=\"og:image\" content=\"https:\/\/shebeauty.ee\/wp-content\/uploads\/2024\/03\/K-Time-SECRET-CHIC-DROPS-100ml-scaled.jpg\" \/>\n\t<meta property=\"og:image:width\" content=\"2560\" \/>\n\t<meta property=\"og:image:height\" content=\"2560\" \/>\n\t<meta property=\"og:image:type\" content=\"image\/jpeg\" \/>\n<meta name=\"twitter:card\" content=\"summary_large_image\" \/>\n<meta name=\"twitter:label1\" content=\"Est. reading time\" \/>\n\t<meta name=\"twitter:data1\" content=\"2 minutes\" \/>\n<script type=\"application\/ld+json\" class=\"yoast-schema-graph\">{\"@context\":\"https:\\\/\\\/schema.org\",\"@graph\":[{\"@type\":\"WebPage\",\"@id\":\"https:\\\/\\\/shebeauty.ee\\\/toode\\\/k-time-secret-chic-drops-hair-serum-100-ml\\\/\",\"url\":\"https:\\\/\\\/shebeauty.ee\\\/toode\\\/k-time-secret-chic-drops-hair-serum-100-ml\\\/\",\"name\":\"K-time Secret Chic Drops Hair Serum 100 ml - She Beauty Studio\",\"isPartOf\":{\"@id\":\"https:\\\/\\\/shebeauty.ee\\\/#website\"},\"primaryImageOfPage\":{\"@id\":\"https:\\\/\\\/shebeauty.ee\\\/toode\\\/k-time-secret-chic-drops-hair-serum-100-ml\\\/#primaryimage\"},\"image\":{\"@id\":\"https:\\\/\\\/shebeauty.ee\\\/toode\\\/k-time-secret-chic-drops-hair-serum-100-ml\\\/#primaryimage\"},\"thumbnailUrl\":\"https:\\\/\\\/shebeauty.ee\\\/wp-content\\\/uploads\\\/2024\\\/03\\\/K-Time-SECRET-CHIC-DROPS-100ml-scaled.jpg\",\"datePublished\":\"2024-03-17T17:17:32+00:00\",\"dateModified\":\"2025-08-23T12:50:12+00:00\",\"description\":\"Chic Drops on luksuslik juukseseerum, mis niisutab, silub ja lisab juustele s\u00e4rava l\u00f5ppviimistluse \u2013 vaid m\u00f5ne tilgaga.Sobib igap\u00e4evaseks kasutamiseks.\",\"breadcrumb\":{\"@id\":\"https:\\\/\\\/shebeauty.ee\\\/toode\\\/k-time-secret-chic-drops-hair-serum-100-ml\\\/#breadcrumb\"},\"inLanguage\":\"en-US\",\"potentialAction\":[{\"@type\":\"ReadAction\",\"target\":[\"https:\\\/\\\/shebeauty.ee\\\/toode\\\/k-time-secret-chic-drops-hair-serum-100-ml\\\/\"]}]},{\"@type\":\"ImageObject\",\"inLanguage\":\"en-US\",\"@id\":\"https:\\\/\\\/shebeauty.ee\\\/toode\\\/k-time-secret-chic-drops-hair-serum-100-ml\\\/#primaryimage\",\"url\":\"https:\\\/\\\/shebeauty.ee\\\/wp-content\\\/uploads\\\/2024\\\/03\\\/K-Time-SECRET-CHIC-DROPS-100ml-scaled.jpg\",\"contentUrl\":\"https:\\\/\\\/shebeauty.ee\\\/wp-content\\\/uploads\\\/2024\\\/03\\\/K-Time-SECRET-CHIC-DROPS-100ml-scaled.jpg\",\"width\":2560,\"height\":2560},{\"@type\":\"BreadcrumbList\",\"@id\":\"https:\\\/\\\/shebeauty.ee\\\/toode\\\/k-time-secret-chic-drops-hair-serum-100-ml\\\/#breadcrumb\",\"itemListElement\":[{\"@type\":\"ListItem\",\"position\":1,\"name\":\"Home\",\"item\":\"https:\\\/\\\/shebeauty.ee\\\/\"},{\"@type\":\"ListItem\",\"position\":2,\"name\":\"Pood\",\"item\":\"https:\\\/\\\/shebeauty.ee\\\/e-pood\\\/\"},{\"@type\":\"ListItem\",\"position\":3,\"name\":\"K-time Secret Chic Drops Hair Serum 100 ml\"}]},{\"@type\":\"WebSite\",\"@id\":\"https:\\\/\\\/shebeauty.ee\\\/#website\",\"url\":\"https:\\\/\\\/shebeauty.ee\\\/\",\"name\":\"She Beauty Studio\",\"description\":\"Juuksestuudio\",\"publisher\":{\"@id\":\"https:\\\/\\\/shebeauty.ee\\\/#organization\"},\"potentialAction\":[{\"@type\":\"SearchAction\",\"target\":{\"@type\":\"EntryPoint\",\"urlTemplate\":\"https:\\\/\\\/shebeauty.ee\\\/?s={search_term_string}\"},\"query-input\":{\"@type\":\"PropertyValueSpecification\",\"valueRequired\":true,\"valueName\":\"search_term_string\"}}],\"inLanguage\":\"en-US\"},{\"@type\":\"Organization\",\"@id\":\"https:\\\/\\\/shebeauty.ee\\\/#organization\",\"name\":\"She Beauty O\u00dc\",\"url\":\"https:\\\/\\\/shebeauty.ee\\\/\",\"logo\":{\"@type\":\"ImageObject\",\"inLanguage\":\"en-US\",\"@id\":\"https:\\\/\\\/shebeauty.ee\\\/#\\\/schema\\\/logo\\\/image\\\/\",\"url\":\"https:\\\/\\\/shebeauty.ee\\\/wp-content\\\/uploads\\\/2023\\\/10\\\/IMG_0585.jpg\",\"contentUrl\":\"https:\\\/\\\/shebeauty.ee\\\/wp-content\\\/uploads\\\/2023\\\/10\\\/IMG_0585.jpg\",\"width\":1284,\"height\":1300,\"caption\":\"She Beauty O\u00dc\"},\"image\":{\"@id\":\"https:\\\/\\\/shebeauty.ee\\\/#\\\/schema\\\/logo\\\/image\\\/\"}}]}<\/script>\n<!-- \/ Yoast SEO plugin. -->","yoast_head_json":{"title":"K-time Secret Chic Drops Hair Serum 100 ml - She Beauty Studio","description":"Chic Drops on luksuslik juukseseerum, mis niisutab, silub ja lisab juustele s\u00e4rava l\u00f5ppviimistluse \u2013 vaid m\u00f5ne tilgaga.Sobib igap\u00e4evaseks kasutamiseks.","robots":{"index":"index","follow":"follow","max-snippet":"max-snippet:-1","max-image-preview":"max-image-preview:large","max-video-preview":"max-video-preview:-1"},"canonical":"https:\/\/shebeauty.ee\/en\/product\/k-time-secret-chic-drops-hair-serum-100-ml\/","og_locale":"en_US","og_type":"article","og_title":"K-time Secret Chic Drops Hair Serum 100 ml - She Beauty Studio","og_description":"Chic Drops on luksuslik juukseseerum, mis niisutab, silub ja lisab juustele s\u00e4rava l\u00f5ppviimistluse \u2013 vaid m\u00f5ne tilgaga.Sobib igap\u00e4evaseks kasutamiseks.","og_url":"https:\/\/shebeauty.ee\/en\/product\/k-time-secret-chic-drops-hair-serum-100-ml\/","og_site_name":"She Beauty Studio","article_modified_time":"2025-08-23T12:50:12+00:00","og_image":[{"width":2560,"height":2560,"url":"https:\/\/shebeauty.ee\/wp-content\/uploads\/2024\/03\/K-Time-SECRET-CHIC-DROPS-100ml-scaled.jpg","type":"image\/jpeg"}],"twitter_card":"summary_large_image","twitter_misc":{"Est. reading time":"2 minutes"},"schema":{"@context":"https:\/\/schema.org","@graph":[{"@type":"WebPage","@id":"https:\/\/shebeauty.ee\/toode\/k-time-secret-chic-drops-hair-serum-100-ml\/","url":"https:\/\/shebeauty.ee\/toode\/k-time-secret-chic-drops-hair-serum-100-ml\/","name":"K-time Secret Chic Drops Hair Serum 100 ml - She Beauty Studio","isPartOf":{"@id":"https:\/\/shebeauty.ee\/#website"},"primaryImageOfPage":{"@id":"https:\/\/shebeauty.ee\/toode\/k-time-secret-chic-drops-hair-serum-100-ml\/#primaryimage"},"image":{"@id":"https:\/\/shebeauty.ee\/toode\/k-time-secret-chic-drops-hair-serum-100-ml\/#primaryimage"},"thumbnailUrl":"https:\/\/shebeauty.ee\/wp-content\/uploads\/2024\/03\/K-Time-SECRET-CHIC-DROPS-100ml-scaled.jpg","datePublished":"2024-03-17T17:17:32+00:00","dateModified":"2025-08-23T12:50:12+00:00","description":"Chic Drops on luksuslik juukseseerum, mis niisutab, silub ja lisab juustele s\u00e4rava l\u00f5ppviimistluse \u2013 vaid m\u00f5ne tilgaga.Sobib igap\u00e4evaseks kasutamiseks.","breadcrumb":{"@id":"https:\/\/shebeauty.ee\/toode\/k-time-secret-chic-drops-hair-serum-100-ml\/#breadcrumb"},"inLanguage":"en-US","potentialAction":[{"@type":"ReadAction","target":["https:\/\/shebeauty.ee\/toode\/k-time-secret-chic-drops-hair-serum-100-ml\/"]}]},{"@type":"ImageObject","inLanguage":"en-US","@id":"https:\/\/shebeauty.ee\/toode\/k-time-secret-chic-drops-hair-serum-100-ml\/#primaryimage","url":"https:\/\/shebeauty.ee\/wp-content\/uploads\/2024\/03\/K-Time-SECRET-CHIC-DROPS-100ml-scaled.jpg","contentUrl":"https:\/\/shebeauty.ee\/wp-content\/uploads\/2024\/03\/K-Time-SECRET-CHIC-DROPS-100ml-scaled.jpg","width":2560,"height":2560},{"@type":"BreadcrumbList","@id":"https:\/\/shebeauty.ee\/toode\/k-time-secret-chic-drops-hair-serum-100-ml\/#breadcrumb","itemListElement":[{"@type":"ListItem","position":1,"name":"Home","item":"https:\/\/shebeauty.ee\/"},{"@type":"ListItem","position":2,"name":"Pood","item":"https:\/\/shebeauty.ee\/e-pood\/"},{"@type":"ListItem","position":3,"name":"K-time Secret Chic Drops Hair Serum 100 ml"}]},{"@type":"WebSite","@id":"https:\/\/shebeauty.ee\/#website","url":"https:\/\/shebeauty.ee\/","name":"She Beauty Studio","description":"Juuksestuudio","publisher":{"@id":"https:\/\/shebeauty.ee\/#organization"},"potentialAction":[{"@type":"SearchAction","target":{"@type":"EntryPoint","urlTemplate":"https:\/\/shebeauty.ee\/?s={search_term_string}"},"query-input":{"@type":"PropertyValueSpecification","valueRequired":true,"valueName":"search_term_string"}}],"inLanguage":"en-US"},{"@type":"Organization","@id":"https:\/\/shebeauty.ee\/#organization","name":"She Beauty O\u00dc","url":"https:\/\/shebeauty.ee\/","logo":{"@type":"ImageObject","inLanguage":"en-US","@id":"https:\/\/shebeauty.ee\/#\/schema\/logo\/image\/","url":"https:\/\/shebeauty.ee\/wp-content\/uploads\/2023\/10\/IMG_0585.jpg","contentUrl":"https:\/\/shebeauty.ee\/wp-content\/uploads\/2023\/10\/IMG_0585.jpg","width":1284,"height":1300,"caption":"She Beauty O\u00dc"},"image":{"@id":"https:\/\/shebeauty.ee\/#\/schema\/logo\/image\/"}}]}},"_links":{"self":[{"href":"https:\/\/shebeauty.ee\/en\/wp-json\/wp\/v2\/product\/3329","targetHints":{"allow":["GET"]}}],"collection":[{"href":"https:\/\/shebeauty.ee\/en\/wp-json\/wp\/v2\/product"}],"about":[{"href":"https:\/\/shebeauty.ee\/en\/wp-json\/wp\/v2\/types\/product"}],"replies":[{"embeddable":true,"href":"https:\/\/shebeauty.ee\/en\/wp-json\/wp\/v2\/comments?post=3329"}],"wp:featuredmedia":[{"embeddable":true,"href":"https:\/\/shebeauty.ee\/en\/wp-json\/wp\/v2\/media\/5677"}],"wp:attachment":[{"href":"https:\/\/shebeauty.ee\/en\/wp-json\/wp\/v2\/media?parent=3329"}],"wp:term":[{"taxonomy":"product_brand","embeddable":true,"href":"https:\/\/shebeauty.ee\/en\/wp-json\/wp\/v2\/product_brand?post=3329"},{"taxonomy":"product_cat","embeddable":true,"href":"https:\/\/shebeauty.ee\/en\/wp-json\/wp\/v2\/product_cat?post=3329"},{"taxonomy":"product_tag","embeddable":true,"href":"https:\/\/shebeauty.ee\/en\/wp-json\/wp\/v2\/product_tag?post=3329"},{"taxonomy":"giftcard-category","embeddable":true,"href":"https:\/\/shebeauty.ee\/en\/wp-json\/wp\/v2\/giftcard-category?post=3329"}],"curies":[{"name":"wp","href":"https:\/\/api.w.org\/{rel}","templated":true}]}}