{"id":3325,"date":"2024-03-17T19:11:26","date_gmt":"2024-03-17T17:11:26","guid":{"rendered":"https:\/\/shebeauty.ee\/?post_type=product&#038;p=3325"},"modified":"2025-11-16T20:58:41","modified_gmt":"2025-11-16T18:58:41","slug":"k-time-secret-therm-heat-protection-spray-150-ml","status":"publish","type":"product","link":"https:\/\/shebeauty.ee\/en\/product\/k-time-secret-therm-heat-protection-spray-150-ml\/","title":{"rendered":"K-time Secret Therm Heat Protection Spray 150 ml"},"content":{"rendered":"<p data-start=\"128\" data-end=\"505\"><strong data-start=\"128\" data-end=\"157\">K-time Secret Therm Spray<\/strong> on mitmetoimeline kuumakaitsesprei, mis kaitseb juukseid k\u00f5rgete temperatuuride eest, olgu selleks f\u00f6\u00f6n, sirgendaja v\u00f5i lokitang. Toode silub kahuseid juukseid, v\u00e4hendab staatilist elektrit ning tugevdab juuksestruktuuri, tagades kauakestva viimistluse. Samuti lisab see juustele erakordset s\u00e4ra, hoidvust ja kontrolli isegi niisketes tingimustes.<\/p>\n<p data-start=\"507\" data-end=\"730\"><strong data-start=\"507\" data-end=\"522\">Usage:<\/strong> Enne kasutamist loksuta pudelit. Pihusta spreid \u00fchtlaselt kuivadesse v\u00f5i r\u00e4tikukuivadesse juustesse enne kuumade stiliseerimisvahendite kasutamist. Kammi juuksed l\u00e4bi, et toode jaotuks \u00fchtlaselt. \u00c4ra loputa.<\/p>\n<p><span style=\"font-size: 16px;\"><strong>Ingredients:<\/strong><br \/>\nAQUA (WATER), CYCLOPENTASILOXANE, AMINOPROPYL PHENYL TRIMETHICONE, PHENYLPROPYLDIMETHYLSILOXYSILICATE, BIS-PEG\/PPG-14\/14 DIMETHICONE, HYDROLYZED HYALURONIC ACID, POLYQUATERNIUM 47, KAEMPFEROL, MAGNOLOL, HONOKIOL, POLYGLYCERYL-10 OLEATE, POLYGLYCERYL-6 OLEATE, PROPYLENE GLYCOL, APRICOT KERNEL OIL POLYGLYCERYL-6 ESTERS, SORBITAN PALMITATE, DICETYL PHOSPHATE, CETRIMONIUM CHLORIDE, PARFUM (FRAGRANCE), DISODIUM EDTA, PHENOXYETHANOL, CHLORPHENESIN.<\/span><\/p>\n<p><strong>The list of ingredients could change. Always refer to the product packaging for the most up-to-date ingredient list.<\/strong><br \/>\n<strong>Koostisosade loetelu v\u00f5ib muutuda. K\u00f5ige ajakohasema koostisosade loetelu leiad alati toote pakendilt.<\/strong><\/p>\n<p class=\"p1\"><span class=\"s1\">Importer: Beauty Cosmetics O\u00dc, Kaupmehe 6, Tallinn <a href=\"https:\/\/shebeauty.ee\/en\/\"><span class=\"s2\">www.shebeauty.ee<\/span><\/a><\/span><\/p>\n<p class=\"p1\">","protected":false},"excerpt":{"rendered":"<p>(<em>Liitrihind: 200,00 \u20ac\/l<\/em>)<br data-start=\"291\" data-end=\"294\" \/>Professionaalne kuumakaitsesprei, mis kaitseb juukseid kuumt\u00f6\u00f6tlemisel, v\u00e4hendab kahu ning lisab s\u00e4ra ja hoidvust.<br data-start=\"408\" data-end=\"411\" \/>Ideaalne kasutamiseks f\u00f6\u00f6ni, sirgendaja v\u00f5i lokitangidega.<\/p>","protected":false},"featured_media":5866,"comment_status":"open","ping_status":"closed","template":"","meta":{"site-sidebar-layout":"default","site-content-layout":"","ast-site-content-layout":"default","site-content-style":"default","site-sidebar-style":"default","ast-global-header-display":"","ast-banner-title-visibility":"","ast-main-header-display":"","ast-hfb-above-header-display":"","ast-hfb-below-header-display":"","ast-hfb-mobile-header-display":"","site-post-title":"","ast-breadcrumbs-content":"","ast-featured-img":"","footer-sml-layout":"","ast-disable-related-posts":"","theme-transparent-header-meta":"default","adv-header-id-meta":"","stick-header-meta":"","header-above-stick-meta":"","header-main-stick-meta":"","header-below-stick-meta":"","astra-migrate-meta-layouts":"set","ast-page-background-enabled":"default","ast-page-background-meta":{"desktop":{"background-color":"var(--ast-global-color-4)","background-image":"","background-repeat":"repeat","background-position":"center center","background-size":"auto","background-attachment":"scroll","background-type":"","background-media":"","overlay-type":"","overlay-color":"","overlay-opacity":"","overlay-gradient":""},"tablet":{"background-color":"","background-image":"","background-repeat":"repeat","background-position":"center center","background-size":"auto","background-attachment":"scroll","background-type":"","background-media":"","overlay-type":"","overlay-color":"","overlay-opacity":"","overlay-gradient":""},"mobile":{"background-color":"","background-image":"","background-repeat":"repeat","background-position":"center center","background-size":"auto","background-attachment":"scroll","background-type":"","background-media":"","overlay-type":"","overlay-color":"","overlay-opacity":"","overlay-gradient":""}},"ast-content-background-meta":{"desktop":{"background-color":"var(--ast-global-color-5)","background-image":"","background-repeat":"repeat","background-position":"center center","background-size":"auto","background-attachment":"scroll","background-type":"","background-media":"","overlay-type":"","overlay-color":"","overlay-opacity":"","overlay-gradient":""},"tablet":{"background-color":"var(--ast-global-color-5)","background-image":"","background-repeat":"repeat","background-position":"center center","background-size":"auto","background-attachment":"scroll","background-type":"","background-media":"","overlay-type":"","overlay-color":"","overlay-opacity":"","overlay-gradient":""},"mobile":{"background-color":"var(--ast-global-color-5)","background-image":"","background-repeat":"repeat","background-position":"center center","background-size":"auto","background-attachment":"scroll","background-type":"","background-media":"","overlay-type":"","overlay-color":"","overlay-opacity":"","overlay-gradient":""}}},"product_brand":[],"product_cat":[20],"product_tag":[327,291,284,258,286],"giftcard-category":[],"class_list":{"0":"post-3325","1":"product","2":"type-product","3":"status-publish","4":"has-post-thumbnail","6":"product_cat-juuksehooldustooted-sampoon-palsam-mask","7":"product_tag-buduaari-ilulemmik-2025","8":"product_tag-heat-protection-spray","9":"product_tag-k-time-secret-sari","10":"product_tag-koikidele-juuksetuupidele","11":"product_tag-kuumakaitse","12":"desktop-align-center","13":"tablet-align-left","14":"mobile-align-left","16":"first","17":"instock","18":"taxable","19":"shipping-taxable","20":"purchasable","21":"product-type-simple"},"yoast_head":"<!-- This site is optimized with the Yoast SEO plugin v27.4 - https:\/\/yoast.com\/product\/yoast-seo-wordpress\/ -->\n<title>K-time Secret Therm Heat Protection Spray 150 ml - She Beauty Studio<\/title>\n<meta name=\"description\" content=\"K-time Secret Therm Spray on mitmetoimeline kuumakaitsesprei, mis kaitseb juukseid k\u00f5rgete temperatuuride eest, olgu selleks f\u00f6\u00f6n, sirgendaja v\u00f5i lokitang.\" \/>\n<meta name=\"robots\" content=\"index, follow, max-snippet:-1, max-image-preview:large, max-video-preview:-1\" \/>\n<link rel=\"canonical\" href=\"https:\/\/shebeauty.ee\/en\/product\/k-time-secret-therm-heat-protection-spray-150-ml\/\" \/>\n<meta property=\"og:locale\" content=\"en_US\" \/>\n<meta property=\"og:type\" content=\"article\" \/>\n<meta property=\"og:title\" content=\"K-time Secret Therm Heat Protection Spray 150 ml - She Beauty Studio\" \/>\n<meta property=\"og:description\" content=\"K-time Secret Therm Spray on mitmetoimeline kuumakaitsesprei, mis kaitseb juukseid k\u00f5rgete temperatuuride eest, olgu selleks f\u00f6\u00f6n, sirgendaja v\u00f5i lokitang.\" \/>\n<meta property=\"og:url\" content=\"https:\/\/shebeauty.ee\/en\/product\/k-time-secret-therm-heat-protection-spray-150-ml\/\" \/>\n<meta property=\"og:site_name\" content=\"She Beauty Studio\" \/>\n<meta property=\"article:modified_time\" content=\"2025-11-16T18:58:41+00:00\" \/>\n<meta property=\"og:image\" content=\"https:\/\/shebeauty.ee\/wp-content\/uploads\/2024\/03\/kUUMAKAITSE-ILULEMMIK-scaled.jpg\" \/>\n\t<meta property=\"og:image:width\" content=\"2560\" \/>\n\t<meta property=\"og:image:height\" content=\"2560\" \/>\n\t<meta property=\"og:image:type\" content=\"image\/jpeg\" \/>\n<meta name=\"twitter:card\" content=\"summary_large_image\" \/>\n<meta name=\"twitter:label1\" content=\"Est. reading time\" \/>\n\t<meta name=\"twitter:data1\" content=\"2 minutes\" \/>\n<script type=\"application\/ld+json\" class=\"yoast-schema-graph\">{\"@context\":\"https:\\\/\\\/schema.org\",\"@graph\":[{\"@type\":\"WebPage\",\"@id\":\"https:\\\/\\\/shebeauty.ee\\\/toode\\\/k-time-secret-therm-heat-protection-spray-150-ml\\\/\",\"url\":\"https:\\\/\\\/shebeauty.ee\\\/toode\\\/k-time-secret-therm-heat-protection-spray-150-ml\\\/\",\"name\":\"K-time Secret Therm Heat Protection Spray 150 ml - She Beauty Studio\",\"isPartOf\":{\"@id\":\"https:\\\/\\\/shebeauty.ee\\\/#website\"},\"primaryImageOfPage\":{\"@id\":\"https:\\\/\\\/shebeauty.ee\\\/toode\\\/k-time-secret-therm-heat-protection-spray-150-ml\\\/#primaryimage\"},\"image\":{\"@id\":\"https:\\\/\\\/shebeauty.ee\\\/toode\\\/k-time-secret-therm-heat-protection-spray-150-ml\\\/#primaryimage\"},\"thumbnailUrl\":\"https:\\\/\\\/shebeauty.ee\\\/wp-content\\\/uploads\\\/2024\\\/03\\\/kUUMAKAITSE-ILULEMMIK-scaled.jpg\",\"datePublished\":\"2024-03-17T17:11:26+00:00\",\"dateModified\":\"2025-11-16T18:58:41+00:00\",\"description\":\"K-time Secret Therm Spray on mitmetoimeline kuumakaitsesprei, mis kaitseb juukseid k\u00f5rgete temperatuuride eest, olgu selleks f\u00f6\u00f6n, sirgendaja v\u00f5i lokitang.\",\"breadcrumb\":{\"@id\":\"https:\\\/\\\/shebeauty.ee\\\/toode\\\/k-time-secret-therm-heat-protection-spray-150-ml\\\/#breadcrumb\"},\"inLanguage\":\"en-US\",\"potentialAction\":[{\"@type\":\"ReadAction\",\"target\":[\"https:\\\/\\\/shebeauty.ee\\\/toode\\\/k-time-secret-therm-heat-protection-spray-150-ml\\\/\"]}]},{\"@type\":\"ImageObject\",\"inLanguage\":\"en-US\",\"@id\":\"https:\\\/\\\/shebeauty.ee\\\/toode\\\/k-time-secret-therm-heat-protection-spray-150-ml\\\/#primaryimage\",\"url\":\"https:\\\/\\\/shebeauty.ee\\\/wp-content\\\/uploads\\\/2024\\\/03\\\/kUUMAKAITSE-ILULEMMIK-scaled.jpg\",\"contentUrl\":\"https:\\\/\\\/shebeauty.ee\\\/wp-content\\\/uploads\\\/2024\\\/03\\\/kUUMAKAITSE-ILULEMMIK-scaled.jpg\",\"width\":2560,\"height\":2560},{\"@type\":\"BreadcrumbList\",\"@id\":\"https:\\\/\\\/shebeauty.ee\\\/toode\\\/k-time-secret-therm-heat-protection-spray-150-ml\\\/#breadcrumb\",\"itemListElement\":[{\"@type\":\"ListItem\",\"position\":1,\"name\":\"Home\",\"item\":\"https:\\\/\\\/shebeauty.ee\\\/\"},{\"@type\":\"ListItem\",\"position\":2,\"name\":\"Pood\",\"item\":\"https:\\\/\\\/shebeauty.ee\\\/e-pood\\\/\"},{\"@type\":\"ListItem\",\"position\":3,\"name\":\"K-time Secret Therm Heat Protection Spray 150 ml\"}]},{\"@type\":\"WebSite\",\"@id\":\"https:\\\/\\\/shebeauty.ee\\\/#website\",\"url\":\"https:\\\/\\\/shebeauty.ee\\\/\",\"name\":\"She Beauty Studio\",\"description\":\"Juuksestuudio\",\"publisher\":{\"@id\":\"https:\\\/\\\/shebeauty.ee\\\/#organization\"},\"potentialAction\":[{\"@type\":\"SearchAction\",\"target\":{\"@type\":\"EntryPoint\",\"urlTemplate\":\"https:\\\/\\\/shebeauty.ee\\\/?s={search_term_string}\"},\"query-input\":{\"@type\":\"PropertyValueSpecification\",\"valueRequired\":true,\"valueName\":\"search_term_string\"}}],\"inLanguage\":\"en-US\"},{\"@type\":\"Organization\",\"@id\":\"https:\\\/\\\/shebeauty.ee\\\/#organization\",\"name\":\"She Beauty O\u00dc\",\"url\":\"https:\\\/\\\/shebeauty.ee\\\/\",\"logo\":{\"@type\":\"ImageObject\",\"inLanguage\":\"en-US\",\"@id\":\"https:\\\/\\\/shebeauty.ee\\\/#\\\/schema\\\/logo\\\/image\\\/\",\"url\":\"https:\\\/\\\/shebeauty.ee\\\/wp-content\\\/uploads\\\/2023\\\/10\\\/IMG_0585.jpg\",\"contentUrl\":\"https:\\\/\\\/shebeauty.ee\\\/wp-content\\\/uploads\\\/2023\\\/10\\\/IMG_0585.jpg\",\"width\":1284,\"height\":1300,\"caption\":\"She Beauty O\u00dc\"},\"image\":{\"@id\":\"https:\\\/\\\/shebeauty.ee\\\/#\\\/schema\\\/logo\\\/image\\\/\"}}]}<\/script>\n<!-- \/ Yoast SEO plugin. -->","yoast_head_json":{"title":"K-time Secret Therm Heat Protection Spray 150 ml - She Beauty Studio","description":"K-time Secret Therm Spray on mitmetoimeline kuumakaitsesprei, mis kaitseb juukseid k\u00f5rgete temperatuuride eest, olgu selleks f\u00f6\u00f6n, sirgendaja v\u00f5i lokitang.","robots":{"index":"index","follow":"follow","max-snippet":"max-snippet:-1","max-image-preview":"max-image-preview:large","max-video-preview":"max-video-preview:-1"},"canonical":"https:\/\/shebeauty.ee\/en\/product\/k-time-secret-therm-heat-protection-spray-150-ml\/","og_locale":"en_US","og_type":"article","og_title":"K-time Secret Therm Heat Protection Spray 150 ml - She Beauty Studio","og_description":"K-time Secret Therm Spray on mitmetoimeline kuumakaitsesprei, mis kaitseb juukseid k\u00f5rgete temperatuuride eest, olgu selleks f\u00f6\u00f6n, sirgendaja v\u00f5i lokitang.","og_url":"https:\/\/shebeauty.ee\/en\/product\/k-time-secret-therm-heat-protection-spray-150-ml\/","og_site_name":"She Beauty Studio","article_modified_time":"2025-11-16T18:58:41+00:00","og_image":[{"width":2560,"height":2560,"url":"https:\/\/shebeauty.ee\/wp-content\/uploads\/2024\/03\/kUUMAKAITSE-ILULEMMIK-scaled.jpg","type":"image\/jpeg"}],"twitter_card":"summary_large_image","twitter_misc":{"Est. reading time":"2 minutes"},"schema":{"@context":"https:\/\/schema.org","@graph":[{"@type":"WebPage","@id":"https:\/\/shebeauty.ee\/toode\/k-time-secret-therm-heat-protection-spray-150-ml\/","url":"https:\/\/shebeauty.ee\/toode\/k-time-secret-therm-heat-protection-spray-150-ml\/","name":"K-time Secret Therm Heat Protection Spray 150 ml - She Beauty Studio","isPartOf":{"@id":"https:\/\/shebeauty.ee\/#website"},"primaryImageOfPage":{"@id":"https:\/\/shebeauty.ee\/toode\/k-time-secret-therm-heat-protection-spray-150-ml\/#primaryimage"},"image":{"@id":"https:\/\/shebeauty.ee\/toode\/k-time-secret-therm-heat-protection-spray-150-ml\/#primaryimage"},"thumbnailUrl":"https:\/\/shebeauty.ee\/wp-content\/uploads\/2024\/03\/kUUMAKAITSE-ILULEMMIK-scaled.jpg","datePublished":"2024-03-17T17:11:26+00:00","dateModified":"2025-11-16T18:58:41+00:00","description":"K-time Secret Therm Spray on mitmetoimeline kuumakaitsesprei, mis kaitseb juukseid k\u00f5rgete temperatuuride eest, olgu selleks f\u00f6\u00f6n, sirgendaja v\u00f5i lokitang.","breadcrumb":{"@id":"https:\/\/shebeauty.ee\/toode\/k-time-secret-therm-heat-protection-spray-150-ml\/#breadcrumb"},"inLanguage":"en-US","potentialAction":[{"@type":"ReadAction","target":["https:\/\/shebeauty.ee\/toode\/k-time-secret-therm-heat-protection-spray-150-ml\/"]}]},{"@type":"ImageObject","inLanguage":"en-US","@id":"https:\/\/shebeauty.ee\/toode\/k-time-secret-therm-heat-protection-spray-150-ml\/#primaryimage","url":"https:\/\/shebeauty.ee\/wp-content\/uploads\/2024\/03\/kUUMAKAITSE-ILULEMMIK-scaled.jpg","contentUrl":"https:\/\/shebeauty.ee\/wp-content\/uploads\/2024\/03\/kUUMAKAITSE-ILULEMMIK-scaled.jpg","width":2560,"height":2560},{"@type":"BreadcrumbList","@id":"https:\/\/shebeauty.ee\/toode\/k-time-secret-therm-heat-protection-spray-150-ml\/#breadcrumb","itemListElement":[{"@type":"ListItem","position":1,"name":"Home","item":"https:\/\/shebeauty.ee\/"},{"@type":"ListItem","position":2,"name":"Pood","item":"https:\/\/shebeauty.ee\/e-pood\/"},{"@type":"ListItem","position":3,"name":"K-time Secret Therm Heat Protection Spray 150 ml"}]},{"@type":"WebSite","@id":"https:\/\/shebeauty.ee\/#website","url":"https:\/\/shebeauty.ee\/","name":"She Beauty Studio","description":"Juuksestuudio","publisher":{"@id":"https:\/\/shebeauty.ee\/#organization"},"potentialAction":[{"@type":"SearchAction","target":{"@type":"EntryPoint","urlTemplate":"https:\/\/shebeauty.ee\/?s={search_term_string}"},"query-input":{"@type":"PropertyValueSpecification","valueRequired":true,"valueName":"search_term_string"}}],"inLanguage":"en-US"},{"@type":"Organization","@id":"https:\/\/shebeauty.ee\/#organization","name":"She Beauty O\u00dc","url":"https:\/\/shebeauty.ee\/","logo":{"@type":"ImageObject","inLanguage":"en-US","@id":"https:\/\/shebeauty.ee\/#\/schema\/logo\/image\/","url":"https:\/\/shebeauty.ee\/wp-content\/uploads\/2023\/10\/IMG_0585.jpg","contentUrl":"https:\/\/shebeauty.ee\/wp-content\/uploads\/2023\/10\/IMG_0585.jpg","width":1284,"height":1300,"caption":"She Beauty O\u00dc"},"image":{"@id":"https:\/\/shebeauty.ee\/#\/schema\/logo\/image\/"}}]}},"_links":{"self":[{"href":"https:\/\/shebeauty.ee\/en\/wp-json\/wp\/v2\/product\/3325","targetHints":{"allow":["GET"]}}],"collection":[{"href":"https:\/\/shebeauty.ee\/en\/wp-json\/wp\/v2\/product"}],"about":[{"href":"https:\/\/shebeauty.ee\/en\/wp-json\/wp\/v2\/types\/product"}],"replies":[{"embeddable":true,"href":"https:\/\/shebeauty.ee\/en\/wp-json\/wp\/v2\/comments?post=3325"}],"wp:featuredmedia":[{"embeddable":true,"href":"https:\/\/shebeauty.ee\/en\/wp-json\/wp\/v2\/media\/5866"}],"wp:attachment":[{"href":"https:\/\/shebeauty.ee\/en\/wp-json\/wp\/v2\/media?parent=3325"}],"wp:term":[{"taxonomy":"product_brand","embeddable":true,"href":"https:\/\/shebeauty.ee\/en\/wp-json\/wp\/v2\/product_brand?post=3325"},{"taxonomy":"product_cat","embeddable":true,"href":"https:\/\/shebeauty.ee\/en\/wp-json\/wp\/v2\/product_cat?post=3325"},{"taxonomy":"product_tag","embeddable":true,"href":"https:\/\/shebeauty.ee\/en\/wp-json\/wp\/v2\/product_tag?post=3325"},{"taxonomy":"giftcard-category","embeddable":true,"href":"https:\/\/shebeauty.ee\/en\/wp-json\/wp\/v2\/giftcard-category?post=3325"}],"curies":[{"name":"wp","href":"https:\/\/api.w.org\/{rel}","templated":true}]}}