{"id":3322,"date":"2024-03-17T19:05:02","date_gmt":"2024-03-17T17:05:02","guid":{"rendered":"https:\/\/shebeauty.ee\/?post_type=product&#038;p=3322"},"modified":"2025-08-23T15:31:27","modified_gmt":"2025-08-23T12:31:27","slug":"k-time-glam-backstage-potion-biphase-spray-200-ml","status":"publish","type":"product","link":"https:\/\/shebeauty.ee\/en\/product\/k-time-glam-backstage-potion-biphase-spray-200-ml\/","title":{"rendered":"K-Time Glam Backstage Potion Biphase Spray 200 ml"},"content":{"rendered":"<p data-start=\"221\" data-end=\"400\"><strong>K-Time Glam Backstage Potion Biphase Spray<\/strong> on kaksikfaasiline seerum-sprei, mis \u00fchendab endas roosakibuvitsa\u00f5li ja datliekstrakti, pakkudes juustele niisutust, kaitset ja paremat k\u00e4sitletavust. Roosakibuvitsa\u00f5li aitab taastada, niisutada ja siluda kuivi, kahjustatud ja katkevaid juukseid. Datliekstrakt kaitseb juukseid v\u00e4lism\u00f5jude eest ning annab neile eluj\u00f5u ja s\u00e4ra.<\/p>\n<p class=\"p1\"><span class=\"s1\"><b>Usage:<\/b> Enne kasutamist loksutada. P\u00e4rast juuste hoolikat pesu, pihustada v\u00e4ike kogus toodet niisketesse juustesse. Mitte loputada.<br \/>\nSobib igap\u00e4evaseks kasutamiseks k\u00f5ikidele juukset\u00fc\u00fcpidele.<\/span><\/p>\n<p><strong>Ingredients:<\/strong><br \/>\n<span style=\"font-size: 16px;\">AQUA (WATER), CYCLOPENTASILOXANE, POLYQUATERNIUM-6, AMODIMETHICONE, PEG-40 HYDROGENATED CASTOR OIL, PHENYL TRIMETHICONE, PARFUM (FRAGRANCE), RICE AMINO ACIDS, GLYCERIN, LACTOBACCILLUS\/PHOENIX DACTYLIFERA (DATE) FRUIT FERMENT EXTRACT, SUPEROXIDE DISMUTASE, ROSA MOSCHATA (MUSK ROSE) SEED OIL, TETRASODIUM EDTA, AESCULUS HIPPOCASTANUM (HORSE CHESTNUT) SEED EXTRACT, LACTOBACILLUS\/WASABIA JAPONICA ROOT FERMENT EXTRACT, CITRIC ACID, TRIDECETH-12, POLYPERFLUOROETHOXYMETHOXY DIFLUOROETHYL PEG PHOSPHATE, PANTHENOL, ZEA MAYS (CORN) OIL, CETRIMONIUM CHLORIDE, LIMONENE, TOCOPHERYL ACETATE, ETHYLHEXYL METHOXYCINNAMATE (OCTINOXATE), PEG-20 CASTOR OIL, ALCOHOL DENAT. (SD ALCOHOL 3-C), DMDM HYDANTOIN, CALCIUM PANTOTHENATE, INOSITOL, SILANETRIOL MELANINATE, POLYQUATERNIUM-10, BIOTIN, CITRONELLOL, COUMARIN.<\/span><\/p>\n<p><strong>The list of ingredients could change. Always refer to the product packaging for the most up-to-date ingredient list.<\/strong><br \/>\n<strong>Koostisosade loetelu v\u00f5ib muutuda. K\u00f5ige ajakohasema koostisosade loetelu leiad alati toote pakendilt.<\/strong><\/p>\n<p class=\"p1\"><span class=\"s1\">Importer: Beauty Cosmetics O\u00dc, Kaupmehe 6, Tallinn <a href=\"https:\/\/shebeauty.ee\/en\/\"><span class=\"s2\">www.shebeauty.ee<\/span><\/a><\/span><\/p>","protected":false},"excerpt":{"rendered":"<p>(<em>Liitrihind: 120,00 \u20ac\/l<\/em>)<br \/>\nNiisutav ja kaitsev seerum-sprei roosakibuvitsa\u00f5li ja datliekstraktiga. Taastab kuivad ja kahjustatud juuksed, lisab s\u00e4ra ja kaitseb keskkonnam\u00f5jude eest.<br \/>\nEi vaja v\u00e4ljaloputamist.<\/p>","protected":false},"featured_media":5674,"comment_status":"open","ping_status":"closed","template":"","meta":{"site-sidebar-layout":"default","site-content-layout":"","ast-site-content-layout":"default","site-content-style":"default","site-sidebar-style":"default","ast-global-header-display":"","ast-banner-title-visibility":"","ast-main-header-display":"","ast-hfb-above-header-display":"","ast-hfb-below-header-display":"","ast-hfb-mobile-header-display":"","site-post-title":"","ast-breadcrumbs-content":"","ast-featured-img":"","footer-sml-layout":"","ast-disable-related-posts":"","theme-transparent-header-meta":"default","adv-header-id-meta":"","stick-header-meta":"","header-above-stick-meta":"","header-main-stick-meta":"","header-below-stick-meta":"","astra-migrate-meta-layouts":"set","ast-page-background-enabled":"default","ast-page-background-meta":{"desktop":{"background-color":"var(--ast-global-color-4)","background-image":"","background-repeat":"repeat","background-position":"center center","background-size":"auto","background-attachment":"scroll","background-type":"","background-media":"","overlay-type":"","overlay-color":"","overlay-opacity":"","overlay-gradient":""},"tablet":{"background-color":"","background-image":"","background-repeat":"repeat","background-position":"center center","background-size":"auto","background-attachment":"scroll","background-type":"","background-media":"","overlay-type":"","overlay-color":"","overlay-opacity":"","overlay-gradient":""},"mobile":{"background-color":"","background-image":"","background-repeat":"repeat","background-position":"center center","background-size":"auto","background-attachment":"scroll","background-type":"","background-media":"","overlay-type":"","overlay-color":"","overlay-opacity":"","overlay-gradient":""}},"ast-content-background-meta":{"desktop":{"background-color":"var(--ast-global-color-5)","background-image":"","background-repeat":"repeat","background-position":"center center","background-size":"auto","background-attachment":"scroll","background-type":"","background-media":"","overlay-type":"","overlay-color":"","overlay-opacity":"","overlay-gradient":""},"tablet":{"background-color":"var(--ast-global-color-5)","background-image":"","background-repeat":"repeat","background-position":"center center","background-size":"auto","background-attachment":"scroll","background-type":"","background-media":"","overlay-type":"","overlay-color":"","overlay-opacity":"","overlay-gradient":""},"mobile":{"background-color":"var(--ast-global-color-5)","background-image":"","background-repeat":"repeat","background-position":"center center","background-size":"auto","background-attachment":"scroll","background-type":"","background-media":"","overlay-type":"","overlay-color":"","overlay-opacity":"","overlay-gradient":""}}},"product_brand":[],"product_cat":[20],"product_tag":[289,151,134,283,128,314,258,288],"giftcard-category":[],"class_list":{"0":"post-3322","1":"product","2":"type-product","3":"status-publish","4":"has-post-thumbnail","6":"product_cat-juuksehooldustooted-sampoon-palsam-mask","7":"product_tag-datliekstrakt","8":"product_tag-intensiivselt-niisutav","9":"product_tag-juukseseerum","10":"product_tag-juuksesprei","11":"product_tag-k-time","12":"product_tag-k-time-glam-sari","13":"product_tag-koikidele-juuksetuupidele","14":"product_tag-roosakibuvitsaoli","15":"desktop-align-center","16":"tablet-align-left","17":"mobile-align-left","19":"first","20":"instock","21":"taxable","22":"shipping-taxable","23":"purchasable","24":"product-type-simple"},"yoast_head":"<!-- This site is optimized with the Yoast SEO plugin v27.4 - https:\/\/yoast.com\/product\/yoast-seo-wordpress\/ -->\n<title>K-Time Glam Backstage Potion Biphase Spray 200 ml - She Beauty Studio<\/title>\n<meta name=\"description\" content=\"Backstage Potion on seerum-sprei, mis \u00fchendab endas roosakibuvitsa\u00f5li ja datliekstrakti, pakkudes juustele niisutust, kaitset ja paremat k\u00e4sitletavust.\" \/>\n<meta name=\"robots\" content=\"index, follow, max-snippet:-1, max-image-preview:large, max-video-preview:-1\" \/>\n<link rel=\"canonical\" href=\"https:\/\/shebeauty.ee\/en\/product\/k-time-glam-backstage-potion-biphase-spray-200-ml\/\" \/>\n<meta property=\"og:locale\" content=\"en_US\" \/>\n<meta property=\"og:type\" content=\"article\" \/>\n<meta property=\"og:title\" content=\"K-Time Glam Backstage Potion Biphase Spray 200 ml - She Beauty Studio\" \/>\n<meta property=\"og:description\" content=\"Backstage Potion on seerum-sprei, mis \u00fchendab endas roosakibuvitsa\u00f5li ja datliekstrakti, pakkudes juustele niisutust, kaitset ja paremat k\u00e4sitletavust.\" \/>\n<meta property=\"og:url\" content=\"https:\/\/shebeauty.ee\/en\/product\/k-time-glam-backstage-potion-biphase-spray-200-ml\/\" \/>\n<meta property=\"og:site_name\" content=\"She Beauty Studio\" \/>\n<meta property=\"article:modified_time\" content=\"2025-08-23T12:31:27+00:00\" \/>\n<meta property=\"og:image\" content=\"https:\/\/shebeauty.ee\/wp-content\/uploads\/2024\/03\/K-Time-Backstage-Potion-kaksikfaasiline-juuksesprei-200-ml-scaled.jpg\" \/>\n\t<meta property=\"og:image:width\" content=\"2560\" \/>\n\t<meta property=\"og:image:height\" content=\"2560\" \/>\n\t<meta property=\"og:image:type\" content=\"image\/jpeg\" \/>\n<meta name=\"twitter:card\" content=\"summary_large_image\" \/>\n<meta name=\"twitter:label1\" content=\"Est. reading time\" \/>\n\t<meta name=\"twitter:data1\" content=\"2 minutes\" \/>\n<script type=\"application\/ld+json\" class=\"yoast-schema-graph\">{\"@context\":\"https:\\\/\\\/schema.org\",\"@graph\":[{\"@type\":\"WebPage\",\"@id\":\"https:\\\/\\\/shebeauty.ee\\\/toode\\\/k-time-glam-backstage-potion-biphase-spray-200-ml\\\/\",\"url\":\"https:\\\/\\\/shebeauty.ee\\\/toode\\\/k-time-glam-backstage-potion-biphase-spray-200-ml\\\/\",\"name\":\"K-Time Glam Backstage Potion Biphase Spray 200 ml - She Beauty Studio\",\"isPartOf\":{\"@id\":\"https:\\\/\\\/shebeauty.ee\\\/#website\"},\"primaryImageOfPage\":{\"@id\":\"https:\\\/\\\/shebeauty.ee\\\/toode\\\/k-time-glam-backstage-potion-biphase-spray-200-ml\\\/#primaryimage\"},\"image\":{\"@id\":\"https:\\\/\\\/shebeauty.ee\\\/toode\\\/k-time-glam-backstage-potion-biphase-spray-200-ml\\\/#primaryimage\"},\"thumbnailUrl\":\"https:\\\/\\\/shebeauty.ee\\\/wp-content\\\/uploads\\\/2024\\\/03\\\/K-Time-Backstage-Potion-kaksikfaasiline-juuksesprei-200-ml-scaled.jpg\",\"datePublished\":\"2024-03-17T17:05:02+00:00\",\"dateModified\":\"2025-08-23T12:31:27+00:00\",\"description\":\"Backstage Potion on seerum-sprei, mis \u00fchendab endas roosakibuvitsa\u00f5li ja datliekstrakti, pakkudes juustele niisutust, kaitset ja paremat k\u00e4sitletavust.\",\"breadcrumb\":{\"@id\":\"https:\\\/\\\/shebeauty.ee\\\/toode\\\/k-time-glam-backstage-potion-biphase-spray-200-ml\\\/#breadcrumb\"},\"inLanguage\":\"en-US\",\"potentialAction\":[{\"@type\":\"ReadAction\",\"target\":[\"https:\\\/\\\/shebeauty.ee\\\/toode\\\/k-time-glam-backstage-potion-biphase-spray-200-ml\\\/\"]}]},{\"@type\":\"ImageObject\",\"inLanguage\":\"en-US\",\"@id\":\"https:\\\/\\\/shebeauty.ee\\\/toode\\\/k-time-glam-backstage-potion-biphase-spray-200-ml\\\/#primaryimage\",\"url\":\"https:\\\/\\\/shebeauty.ee\\\/wp-content\\\/uploads\\\/2024\\\/03\\\/K-Time-Backstage-Potion-kaksikfaasiline-juuksesprei-200-ml-scaled.jpg\",\"contentUrl\":\"https:\\\/\\\/shebeauty.ee\\\/wp-content\\\/uploads\\\/2024\\\/03\\\/K-Time-Backstage-Potion-kaksikfaasiline-juuksesprei-200-ml-scaled.jpg\",\"width\":2560,\"height\":2560},{\"@type\":\"BreadcrumbList\",\"@id\":\"https:\\\/\\\/shebeauty.ee\\\/toode\\\/k-time-glam-backstage-potion-biphase-spray-200-ml\\\/#breadcrumb\",\"itemListElement\":[{\"@type\":\"ListItem\",\"position\":1,\"name\":\"Home\",\"item\":\"https:\\\/\\\/shebeauty.ee\\\/\"},{\"@type\":\"ListItem\",\"position\":2,\"name\":\"Pood\",\"item\":\"https:\\\/\\\/shebeauty.ee\\\/e-pood\\\/\"},{\"@type\":\"ListItem\",\"position\":3,\"name\":\"K-Time Glam Backstage Potion Biphase Spray 200 ml\"}]},{\"@type\":\"WebSite\",\"@id\":\"https:\\\/\\\/shebeauty.ee\\\/#website\",\"url\":\"https:\\\/\\\/shebeauty.ee\\\/\",\"name\":\"She Beauty Studio\",\"description\":\"Juuksestuudio\",\"publisher\":{\"@id\":\"https:\\\/\\\/shebeauty.ee\\\/#organization\"},\"potentialAction\":[{\"@type\":\"SearchAction\",\"target\":{\"@type\":\"EntryPoint\",\"urlTemplate\":\"https:\\\/\\\/shebeauty.ee\\\/?s={search_term_string}\"},\"query-input\":{\"@type\":\"PropertyValueSpecification\",\"valueRequired\":true,\"valueName\":\"search_term_string\"}}],\"inLanguage\":\"en-US\"},{\"@type\":\"Organization\",\"@id\":\"https:\\\/\\\/shebeauty.ee\\\/#organization\",\"name\":\"She Beauty O\u00dc\",\"url\":\"https:\\\/\\\/shebeauty.ee\\\/\",\"logo\":{\"@type\":\"ImageObject\",\"inLanguage\":\"en-US\",\"@id\":\"https:\\\/\\\/shebeauty.ee\\\/#\\\/schema\\\/logo\\\/image\\\/\",\"url\":\"https:\\\/\\\/shebeauty.ee\\\/wp-content\\\/uploads\\\/2023\\\/10\\\/IMG_0585.jpg\",\"contentUrl\":\"https:\\\/\\\/shebeauty.ee\\\/wp-content\\\/uploads\\\/2023\\\/10\\\/IMG_0585.jpg\",\"width\":1284,\"height\":1300,\"caption\":\"She Beauty O\u00dc\"},\"image\":{\"@id\":\"https:\\\/\\\/shebeauty.ee\\\/#\\\/schema\\\/logo\\\/image\\\/\"}}]}<\/script>\n<!-- \/ Yoast SEO plugin. -->","yoast_head_json":{"title":"K-Time Glam Backstage Potion Biphase Spray 200 ml - She Beauty Studio","description":"Backstage Potion on seerum-sprei, mis \u00fchendab endas roosakibuvitsa\u00f5li ja datliekstrakti, pakkudes juustele niisutust, kaitset ja paremat k\u00e4sitletavust.","robots":{"index":"index","follow":"follow","max-snippet":"max-snippet:-1","max-image-preview":"max-image-preview:large","max-video-preview":"max-video-preview:-1"},"canonical":"https:\/\/shebeauty.ee\/en\/product\/k-time-glam-backstage-potion-biphase-spray-200-ml\/","og_locale":"en_US","og_type":"article","og_title":"K-Time Glam Backstage Potion Biphase Spray 200 ml - She Beauty Studio","og_description":"Backstage Potion on seerum-sprei, mis \u00fchendab endas roosakibuvitsa\u00f5li ja datliekstrakti, pakkudes juustele niisutust, kaitset ja paremat k\u00e4sitletavust.","og_url":"https:\/\/shebeauty.ee\/en\/product\/k-time-glam-backstage-potion-biphase-spray-200-ml\/","og_site_name":"She Beauty Studio","article_modified_time":"2025-08-23T12:31:27+00:00","og_image":[{"width":2560,"height":2560,"url":"https:\/\/shebeauty.ee\/wp-content\/uploads\/2024\/03\/K-Time-Backstage-Potion-kaksikfaasiline-juuksesprei-200-ml-scaled.jpg","type":"image\/jpeg"}],"twitter_card":"summary_large_image","twitter_misc":{"Est. reading time":"2 minutes"},"schema":{"@context":"https:\/\/schema.org","@graph":[{"@type":"WebPage","@id":"https:\/\/shebeauty.ee\/toode\/k-time-glam-backstage-potion-biphase-spray-200-ml\/","url":"https:\/\/shebeauty.ee\/toode\/k-time-glam-backstage-potion-biphase-spray-200-ml\/","name":"K-Time Glam Backstage Potion Biphase Spray 200 ml - She Beauty Studio","isPartOf":{"@id":"https:\/\/shebeauty.ee\/#website"},"primaryImageOfPage":{"@id":"https:\/\/shebeauty.ee\/toode\/k-time-glam-backstage-potion-biphase-spray-200-ml\/#primaryimage"},"image":{"@id":"https:\/\/shebeauty.ee\/toode\/k-time-glam-backstage-potion-biphase-spray-200-ml\/#primaryimage"},"thumbnailUrl":"https:\/\/shebeauty.ee\/wp-content\/uploads\/2024\/03\/K-Time-Backstage-Potion-kaksikfaasiline-juuksesprei-200-ml-scaled.jpg","datePublished":"2024-03-17T17:05:02+00:00","dateModified":"2025-08-23T12:31:27+00:00","description":"Backstage Potion on seerum-sprei, mis \u00fchendab endas roosakibuvitsa\u00f5li ja datliekstrakti, pakkudes juustele niisutust, kaitset ja paremat k\u00e4sitletavust.","breadcrumb":{"@id":"https:\/\/shebeauty.ee\/toode\/k-time-glam-backstage-potion-biphase-spray-200-ml\/#breadcrumb"},"inLanguage":"en-US","potentialAction":[{"@type":"ReadAction","target":["https:\/\/shebeauty.ee\/toode\/k-time-glam-backstage-potion-biphase-spray-200-ml\/"]}]},{"@type":"ImageObject","inLanguage":"en-US","@id":"https:\/\/shebeauty.ee\/toode\/k-time-glam-backstage-potion-biphase-spray-200-ml\/#primaryimage","url":"https:\/\/shebeauty.ee\/wp-content\/uploads\/2024\/03\/K-Time-Backstage-Potion-kaksikfaasiline-juuksesprei-200-ml-scaled.jpg","contentUrl":"https:\/\/shebeauty.ee\/wp-content\/uploads\/2024\/03\/K-Time-Backstage-Potion-kaksikfaasiline-juuksesprei-200-ml-scaled.jpg","width":2560,"height":2560},{"@type":"BreadcrumbList","@id":"https:\/\/shebeauty.ee\/toode\/k-time-glam-backstage-potion-biphase-spray-200-ml\/#breadcrumb","itemListElement":[{"@type":"ListItem","position":1,"name":"Home","item":"https:\/\/shebeauty.ee\/"},{"@type":"ListItem","position":2,"name":"Pood","item":"https:\/\/shebeauty.ee\/e-pood\/"},{"@type":"ListItem","position":3,"name":"K-Time Glam Backstage Potion Biphase Spray 200 ml"}]},{"@type":"WebSite","@id":"https:\/\/shebeauty.ee\/#website","url":"https:\/\/shebeauty.ee\/","name":"She Beauty Studio","description":"Juuksestuudio","publisher":{"@id":"https:\/\/shebeauty.ee\/#organization"},"potentialAction":[{"@type":"SearchAction","target":{"@type":"EntryPoint","urlTemplate":"https:\/\/shebeauty.ee\/?s={search_term_string}"},"query-input":{"@type":"PropertyValueSpecification","valueRequired":true,"valueName":"search_term_string"}}],"inLanguage":"en-US"},{"@type":"Organization","@id":"https:\/\/shebeauty.ee\/#organization","name":"She Beauty O\u00dc","url":"https:\/\/shebeauty.ee\/","logo":{"@type":"ImageObject","inLanguage":"en-US","@id":"https:\/\/shebeauty.ee\/#\/schema\/logo\/image\/","url":"https:\/\/shebeauty.ee\/wp-content\/uploads\/2023\/10\/IMG_0585.jpg","contentUrl":"https:\/\/shebeauty.ee\/wp-content\/uploads\/2023\/10\/IMG_0585.jpg","width":1284,"height":1300,"caption":"She Beauty O\u00dc"},"image":{"@id":"https:\/\/shebeauty.ee\/#\/schema\/logo\/image\/"}}]}},"_links":{"self":[{"href":"https:\/\/shebeauty.ee\/en\/wp-json\/wp\/v2\/product\/3322","targetHints":{"allow":["GET"]}}],"collection":[{"href":"https:\/\/shebeauty.ee\/en\/wp-json\/wp\/v2\/product"}],"about":[{"href":"https:\/\/shebeauty.ee\/en\/wp-json\/wp\/v2\/types\/product"}],"replies":[{"embeddable":true,"href":"https:\/\/shebeauty.ee\/en\/wp-json\/wp\/v2\/comments?post=3322"}],"wp:featuredmedia":[{"embeddable":true,"href":"https:\/\/shebeauty.ee\/en\/wp-json\/wp\/v2\/media\/5674"}],"wp:attachment":[{"href":"https:\/\/shebeauty.ee\/en\/wp-json\/wp\/v2\/media?parent=3322"}],"wp:term":[{"taxonomy":"product_brand","embeddable":true,"href":"https:\/\/shebeauty.ee\/en\/wp-json\/wp\/v2\/product_brand?post=3322"},{"taxonomy":"product_cat","embeddable":true,"href":"https:\/\/shebeauty.ee\/en\/wp-json\/wp\/v2\/product_cat?post=3322"},{"taxonomy":"product_tag","embeddable":true,"href":"https:\/\/shebeauty.ee\/en\/wp-json\/wp\/v2\/product_tag?post=3322"},{"taxonomy":"giftcard-category","embeddable":true,"href":"https:\/\/shebeauty.ee\/en\/wp-json\/wp\/v2\/giftcard-category?post=3322"}],"curies":[{"name":"wp","href":"https:\/\/api.w.org\/{rel}","templated":true}]}}