{"id":3317,"date":"2024-03-17T18:52:54","date_gmt":"2024-03-17T16:52:54","guid":{"rendered":"https:\/\/shebeauty.ee\/?post_type=product&#038;p=3317"},"modified":"2025-08-23T16:46:48","modified_gmt":"2025-08-23T13:46:48","slug":"k-time-somnia-hydralux-radiance-and-nourishing-shampoo","status":"publish","type":"product","link":"https:\/\/shebeauty.ee\/en\/product\/k-time-somnia-hydralux-radiance-and-nourishing-shampoo\/","title":{"rendered":"K-Time Somnia Hydralux Radiance and Nourishing Shampoo"},"content":{"rendered":"<p class=\"p1\"><span class=\"s1\"><strong>K-Time Somnia Hydralux Radiance and Nourishing Shampoo<\/strong> on s\u00e4ra andev ja toitev \u0161ampoon. M\u00f5eldud kuivadele ja tuhmidele juustele. Rikastatud magusa mandli\u00f5li ja sheav\u00f5iga. <\/span><span class=\"s1\">Sweet almond oil has perfect emollient properties, giving dry and dull hair softness and shine after washing. <\/span><span class=\"s1\">Shea butter restores vitality in them, protecting them from possible damage from the external environment, while giving them a velvety effect. <\/span><span class=\"s1\">Hair remains soft, silky and shiny after washing.<\/span><\/p>\n<p><strong data-start=\"901\" data-end=\"916\">Usage:<\/strong><br data-start=\"916\" data-end=\"919\" \/>Kanna \u0161ampoon m\u00e4rgadesse juustesse, masseeri peanahale ja juustesse, seej\u00e4rel loputa hoolikalt.<br \/>\n<i><\/i><\/p>\n<p><strong>Ingredients:<\/strong><i><br \/>\n<\/i>AQUA (WATER), SODIUM LAURETH SULFATE, COCAMIDOPROPYL BETAINE, PARFUM (FRAGRANCE), PRUNUS AMYGDALUS DULCIS OIL, BUTYROSPERMUM PARKII BUTTER, HYDROGENATED VEGETABLE OIL, HYDROXYPROPYL GUAR, METHOXY PEG\/PPG-7\/3 AMINOPROPYL DIMETHICONE, POLYQUATERNIUM-47, TOCOPHEROL, POLYQUATERNIUM-10, PEG-120 METHYL GLUCOSE TRIOLEATE, GLYCOL DISTEARATE, LAURETH-4, PROPYLENE GLYCOL, SODIUM CHLORIDE, CITRIC ACID, DISODIUM EDTA, PHENOXYETHANOL, CHLORPHENESIN, BENZYL ALCOHOL, METHYLCHLOROISOTHIAZOLINONE, METHYLISOTHIAZOLINONE, ALPHA ISOMETHYL IONONE, BENZYL SALICYLATE, CITRONELLOL, HEXYL CINNAMAL, LIMONENE, LINALOOL.<i><br \/>\n<\/i><\/p>\n<p><strong>The list of ingredients could change. Always refer to the product packaging for the most up-to-date ingredient list.<\/strong><br \/>\n<strong>Koostisosade loetelu v\u00f5ib muutuda. K\u00f5ige ajakohasema koostisosade loetelu leiad alati toote pakendilt.<\/strong><\/p>\n<p class=\"p1\"><span class=\"s1\">Importer: Beauty Cosmetics O\u00dc, Kaupmehe 6, Tallinn <a href=\"https:\/\/shebeauty.ee\/en\/\"><span class=\"s2\">www.shebeauty.ee<\/span><\/a><\/span><\/p>\n<p class=\"p2\">","protected":false},"excerpt":{"rendered":"<p data-start=\"216\" data-end=\"458\">(<em>300ml liitrihind: 66,67\u20ac \/ l<\/em>)<br \/>\n(<em>1000ml liitrihind: 36\u20ac \/ l<\/em>)<br \/>\nHydralux s\u00e4ra ja toitva toimega \u0161ampoon on loodud spetsiaalselt tuhmidele ja kuivadele juustele. Rikastatud magusmandli\u00f5li ja sheav\u00f5iga, puhastab \u0161ampoon juukseid \u00f5rnalt, pakkudes samal ajal rikkalikku niisutust ja toitaineid. Tulemuseks on pehmed, siidised ja kergesti kammitavad juuksed, millel on terve ja loomulik s\u00e4ra.<br \/>\nSobib igap\u00e4evaseks kasutamiseks.<\/p>","protected":false},"featured_media":5578,"comment_status":"open","ping_status":"closed","template":"","meta":{"site-sidebar-layout":"default","site-content-layout":"","ast-site-content-layout":"default","site-content-style":"default","site-sidebar-style":"default","ast-global-header-display":"","ast-banner-title-visibility":"","ast-main-header-display":"","ast-hfb-above-header-display":"","ast-hfb-below-header-display":"","ast-hfb-mobile-header-display":"","site-post-title":"","ast-breadcrumbs-content":"","ast-featured-img":"","footer-sml-layout":"","ast-disable-related-posts":"","theme-transparent-header-meta":"default","adv-header-id-meta":"","stick-header-meta":"","header-above-stick-meta":"","header-main-stick-meta":"","header-below-stick-meta":"","astra-migrate-meta-layouts":"set","ast-page-background-enabled":"default","ast-page-background-meta":{"desktop":{"background-color":"var(--ast-global-color-4)","background-image":"","background-repeat":"repeat","background-position":"center center","background-size":"auto","background-attachment":"scroll","background-type":"","background-media":"","overlay-type":"","overlay-color":"","overlay-opacity":"","overlay-gradient":""},"tablet":{"background-color":"","background-image":"","background-repeat":"repeat","background-position":"center center","background-size":"auto","background-attachment":"scroll","background-type":"","background-media":"","overlay-type":"","overlay-color":"","overlay-opacity":"","overlay-gradient":""},"mobile":{"background-color":"","background-image":"","background-repeat":"repeat","background-position":"center center","background-size":"auto","background-attachment":"scroll","background-type":"","background-media":"","overlay-type":"","overlay-color":"","overlay-opacity":"","overlay-gradient":""}},"ast-content-background-meta":{"desktop":{"background-color":"var(--ast-global-color-5)","background-image":"","background-repeat":"repeat","background-position":"center center","background-size":"auto","background-attachment":"scroll","background-type":"","background-media":"","overlay-type":"","overlay-color":"","overlay-opacity":"","overlay-gradient":""},"tablet":{"background-color":"var(--ast-global-color-5)","background-image":"","background-repeat":"repeat","background-position":"center center","background-size":"auto","background-attachment":"scroll","background-type":"","background-media":"","overlay-type":"","overlay-color":"","overlay-opacity":"","overlay-gradient":""},"mobile":{"background-color":"var(--ast-global-color-5)","background-image":"","background-repeat":"repeat","background-position":"center center","background-size":"auto","background-attachment":"scroll","background-type":"","background-media":"","overlay-type":"","overlay-color":"","overlay-opacity":"","overlay-gradient":""}}},"product_brand":[],"product_cat":[20],"product_tag":[252,231,251,129,250,235,254],"giftcard-category":[],"class_list":{"0":"post-3317","1":"product","2":"type-product","3":"status-publish","4":"has-post-thumbnail","6":"product_cat-juuksehooldustooted-sampoon-palsam-mask","7":"product_tag-hydralux-sari","8":"product_tag-k-time-somnia","9":"product_tag-mandlioli","10":"product_tag-shampoo","11":"product_tag-sheavoi","12":"product_tag-siidised-juuksed","13":"product_tag-toitev-ja-niisutav","14":"desktop-align-center","15":"tablet-align-left","16":"mobile-align-left","18":"first","19":"instock","20":"taxable","21":"shipping-taxable","22":"purchasable","23":"product-type-variable"},"yoast_head":"<!-- This site is optimized with the Yoast SEO plugin v27.4 - https:\/\/yoast.com\/product\/yoast-seo-wordpress\/ -->\n<title>K-Time Somnia Hydralux Radiance and Nourishing Shampoo - She Beauty Studio<\/title>\n<meta name=\"description\" content=\"Hydralux s\u00e4ra ja toitva toimega \u0161ampoon on loodud spetsiaalselt tuhmidele ja kuivadele juustele. Rikastatud magusmandli\u00f5li ja sheav\u00f5iga.\" \/>\n<meta name=\"robots\" content=\"index, follow, max-snippet:-1, max-image-preview:large, max-video-preview:-1\" \/>\n<link rel=\"canonical\" href=\"https:\/\/shebeauty.ee\/en\/product\/k-time-somnia-hydralux-radiance-and-nourishing-shampoo\/\" \/>\n<meta property=\"og:locale\" content=\"en_US\" \/>\n<meta property=\"og:type\" content=\"article\" \/>\n<meta property=\"og:title\" content=\"K-Time Somnia Hydralux Radiance and Nourishing Shampoo - She Beauty Studio\" \/>\n<meta property=\"og:description\" content=\"Hydralux s\u00e4ra ja toitva toimega \u0161ampoon on loodud spetsiaalselt tuhmidele ja kuivadele juustele. Rikastatud magusmandli\u00f5li ja sheav\u00f5iga.\" \/>\n<meta property=\"og:url\" content=\"https:\/\/shebeauty.ee\/en\/product\/k-time-somnia-hydralux-radiance-and-nourishing-shampoo\/\" \/>\n<meta property=\"og:site_name\" content=\"She Beauty Studio\" \/>\n<meta property=\"article:modified_time\" content=\"2025-08-23T13:46:48+00:00\" \/>\n<meta property=\"og:image\" content=\"https:\/\/shebeauty.ee\/wp-content\/uploads\/2024\/03\/Somnia-Hydralux-1000ml-scaled.jpg\" \/>\n\t<meta property=\"og:image:width\" content=\"2560\" \/>\n\t<meta property=\"og:image:height\" content=\"2560\" \/>\n\t<meta property=\"og:image:type\" content=\"image\/jpeg\" \/>\n<meta name=\"twitter:card\" content=\"summary_large_image\" \/>\n<meta name=\"twitter:label1\" content=\"Est. reading time\" \/>\n\t<meta name=\"twitter:data1\" content=\"2 minutes\" \/>\n<script type=\"application\/ld+json\" class=\"yoast-schema-graph\">{\"@context\":\"https:\\\/\\\/schema.org\",\"@graph\":[{\"@type\":\"WebPage\",\"@id\":\"https:\\\/\\\/shebeauty.ee\\\/toode\\\/k-time-somnia-hydralux-radiance-and-nourishing-shampoo\\\/\",\"url\":\"https:\\\/\\\/shebeauty.ee\\\/toode\\\/k-time-somnia-hydralux-radiance-and-nourishing-shampoo\\\/\",\"name\":\"K-Time Somnia Hydralux Radiance and Nourishing Shampoo - She Beauty Studio\",\"isPartOf\":{\"@id\":\"https:\\\/\\\/shebeauty.ee\\\/#website\"},\"primaryImageOfPage\":{\"@id\":\"https:\\\/\\\/shebeauty.ee\\\/toode\\\/k-time-somnia-hydralux-radiance-and-nourishing-shampoo\\\/#primaryimage\"},\"image\":{\"@id\":\"https:\\\/\\\/shebeauty.ee\\\/toode\\\/k-time-somnia-hydralux-radiance-and-nourishing-shampoo\\\/#primaryimage\"},\"thumbnailUrl\":\"https:\\\/\\\/shebeauty.ee\\\/wp-content\\\/uploads\\\/2024\\\/03\\\/Somnia-Hydralux-1000ml-scaled.jpg\",\"datePublished\":\"2024-03-17T16:52:54+00:00\",\"dateModified\":\"2025-08-23T13:46:48+00:00\",\"description\":\"Hydralux s\u00e4ra ja toitva toimega \u0161ampoon on loodud spetsiaalselt tuhmidele ja kuivadele juustele. Rikastatud magusmandli\u00f5li ja sheav\u00f5iga.\",\"breadcrumb\":{\"@id\":\"https:\\\/\\\/shebeauty.ee\\\/toode\\\/k-time-somnia-hydralux-radiance-and-nourishing-shampoo\\\/#breadcrumb\"},\"inLanguage\":\"en-US\",\"potentialAction\":[{\"@type\":\"ReadAction\",\"target\":[\"https:\\\/\\\/shebeauty.ee\\\/toode\\\/k-time-somnia-hydralux-radiance-and-nourishing-shampoo\\\/\"]}]},{\"@type\":\"ImageObject\",\"inLanguage\":\"en-US\",\"@id\":\"https:\\\/\\\/shebeauty.ee\\\/toode\\\/k-time-somnia-hydralux-radiance-and-nourishing-shampoo\\\/#primaryimage\",\"url\":\"https:\\\/\\\/shebeauty.ee\\\/wp-content\\\/uploads\\\/2024\\\/03\\\/Somnia-Hydralux-1000ml-scaled.jpg\",\"contentUrl\":\"https:\\\/\\\/shebeauty.ee\\\/wp-content\\\/uploads\\\/2024\\\/03\\\/Somnia-Hydralux-1000ml-scaled.jpg\",\"width\":2560,\"height\":2560},{\"@type\":\"BreadcrumbList\",\"@id\":\"https:\\\/\\\/shebeauty.ee\\\/toode\\\/k-time-somnia-hydralux-radiance-and-nourishing-shampoo\\\/#breadcrumb\",\"itemListElement\":[{\"@type\":\"ListItem\",\"position\":1,\"name\":\"Home\",\"item\":\"https:\\\/\\\/shebeauty.ee\\\/\"},{\"@type\":\"ListItem\",\"position\":2,\"name\":\"Pood\",\"item\":\"https:\\\/\\\/shebeauty.ee\\\/e-pood\\\/\"},{\"@type\":\"ListItem\",\"position\":3,\"name\":\"K-Time Somnia Hydralux Radiance and Nourishing Shampoo\"}]},{\"@type\":\"WebSite\",\"@id\":\"https:\\\/\\\/shebeauty.ee\\\/#website\",\"url\":\"https:\\\/\\\/shebeauty.ee\\\/\",\"name\":\"She Beauty Studio\",\"description\":\"Juuksestuudio\",\"publisher\":{\"@id\":\"https:\\\/\\\/shebeauty.ee\\\/#organization\"},\"potentialAction\":[{\"@type\":\"SearchAction\",\"target\":{\"@type\":\"EntryPoint\",\"urlTemplate\":\"https:\\\/\\\/shebeauty.ee\\\/?s={search_term_string}\"},\"query-input\":{\"@type\":\"PropertyValueSpecification\",\"valueRequired\":true,\"valueName\":\"search_term_string\"}}],\"inLanguage\":\"en-US\"},{\"@type\":\"Organization\",\"@id\":\"https:\\\/\\\/shebeauty.ee\\\/#organization\",\"name\":\"She Beauty O\u00dc\",\"url\":\"https:\\\/\\\/shebeauty.ee\\\/\",\"logo\":{\"@type\":\"ImageObject\",\"inLanguage\":\"en-US\",\"@id\":\"https:\\\/\\\/shebeauty.ee\\\/#\\\/schema\\\/logo\\\/image\\\/\",\"url\":\"https:\\\/\\\/shebeauty.ee\\\/wp-content\\\/uploads\\\/2023\\\/10\\\/IMG_0585.jpg\",\"contentUrl\":\"https:\\\/\\\/shebeauty.ee\\\/wp-content\\\/uploads\\\/2023\\\/10\\\/IMG_0585.jpg\",\"width\":1284,\"height\":1300,\"caption\":\"She Beauty O\u00dc\"},\"image\":{\"@id\":\"https:\\\/\\\/shebeauty.ee\\\/#\\\/schema\\\/logo\\\/image\\\/\"}}]}<\/script>\n<!-- \/ Yoast SEO plugin. -->","yoast_head_json":{"title":"K-Time Somnia Hydralux Radiance and Nourishing Shampoo - She Beauty Studio","description":"Hydralux s\u00e4ra ja toitva toimega \u0161ampoon on loodud spetsiaalselt tuhmidele ja kuivadele juustele. Rikastatud magusmandli\u00f5li ja sheav\u00f5iga.","robots":{"index":"index","follow":"follow","max-snippet":"max-snippet:-1","max-image-preview":"max-image-preview:large","max-video-preview":"max-video-preview:-1"},"canonical":"https:\/\/shebeauty.ee\/en\/product\/k-time-somnia-hydralux-radiance-and-nourishing-shampoo\/","og_locale":"en_US","og_type":"article","og_title":"K-Time Somnia Hydralux Radiance and Nourishing Shampoo - She Beauty Studio","og_description":"Hydralux s\u00e4ra ja toitva toimega \u0161ampoon on loodud spetsiaalselt tuhmidele ja kuivadele juustele. Rikastatud magusmandli\u00f5li ja sheav\u00f5iga.","og_url":"https:\/\/shebeauty.ee\/en\/product\/k-time-somnia-hydralux-radiance-and-nourishing-shampoo\/","og_site_name":"She Beauty Studio","article_modified_time":"2025-08-23T13:46:48+00:00","og_image":[{"width":2560,"height":2560,"url":"https:\/\/shebeauty.ee\/wp-content\/uploads\/2024\/03\/Somnia-Hydralux-1000ml-scaled.jpg","type":"image\/jpeg"}],"twitter_card":"summary_large_image","twitter_misc":{"Est. reading time":"2 minutes"},"schema":{"@context":"https:\/\/schema.org","@graph":[{"@type":"WebPage","@id":"https:\/\/shebeauty.ee\/toode\/k-time-somnia-hydralux-radiance-and-nourishing-shampoo\/","url":"https:\/\/shebeauty.ee\/toode\/k-time-somnia-hydralux-radiance-and-nourishing-shampoo\/","name":"K-Time Somnia Hydralux Radiance and Nourishing Shampoo - She Beauty Studio","isPartOf":{"@id":"https:\/\/shebeauty.ee\/#website"},"primaryImageOfPage":{"@id":"https:\/\/shebeauty.ee\/toode\/k-time-somnia-hydralux-radiance-and-nourishing-shampoo\/#primaryimage"},"image":{"@id":"https:\/\/shebeauty.ee\/toode\/k-time-somnia-hydralux-radiance-and-nourishing-shampoo\/#primaryimage"},"thumbnailUrl":"https:\/\/shebeauty.ee\/wp-content\/uploads\/2024\/03\/Somnia-Hydralux-1000ml-scaled.jpg","datePublished":"2024-03-17T16:52:54+00:00","dateModified":"2025-08-23T13:46:48+00:00","description":"Hydralux s\u00e4ra ja toitva toimega \u0161ampoon on loodud spetsiaalselt tuhmidele ja kuivadele juustele. Rikastatud magusmandli\u00f5li ja sheav\u00f5iga.","breadcrumb":{"@id":"https:\/\/shebeauty.ee\/toode\/k-time-somnia-hydralux-radiance-and-nourishing-shampoo\/#breadcrumb"},"inLanguage":"en-US","potentialAction":[{"@type":"ReadAction","target":["https:\/\/shebeauty.ee\/toode\/k-time-somnia-hydralux-radiance-and-nourishing-shampoo\/"]}]},{"@type":"ImageObject","inLanguage":"en-US","@id":"https:\/\/shebeauty.ee\/toode\/k-time-somnia-hydralux-radiance-and-nourishing-shampoo\/#primaryimage","url":"https:\/\/shebeauty.ee\/wp-content\/uploads\/2024\/03\/Somnia-Hydralux-1000ml-scaled.jpg","contentUrl":"https:\/\/shebeauty.ee\/wp-content\/uploads\/2024\/03\/Somnia-Hydralux-1000ml-scaled.jpg","width":2560,"height":2560},{"@type":"BreadcrumbList","@id":"https:\/\/shebeauty.ee\/toode\/k-time-somnia-hydralux-radiance-and-nourishing-shampoo\/#breadcrumb","itemListElement":[{"@type":"ListItem","position":1,"name":"Home","item":"https:\/\/shebeauty.ee\/"},{"@type":"ListItem","position":2,"name":"Pood","item":"https:\/\/shebeauty.ee\/e-pood\/"},{"@type":"ListItem","position":3,"name":"K-Time Somnia Hydralux Radiance and Nourishing Shampoo"}]},{"@type":"WebSite","@id":"https:\/\/shebeauty.ee\/#website","url":"https:\/\/shebeauty.ee\/","name":"She Beauty Studio","description":"Juuksestuudio","publisher":{"@id":"https:\/\/shebeauty.ee\/#organization"},"potentialAction":[{"@type":"SearchAction","target":{"@type":"EntryPoint","urlTemplate":"https:\/\/shebeauty.ee\/?s={search_term_string}"},"query-input":{"@type":"PropertyValueSpecification","valueRequired":true,"valueName":"search_term_string"}}],"inLanguage":"en-US"},{"@type":"Organization","@id":"https:\/\/shebeauty.ee\/#organization","name":"She Beauty O\u00dc","url":"https:\/\/shebeauty.ee\/","logo":{"@type":"ImageObject","inLanguage":"en-US","@id":"https:\/\/shebeauty.ee\/#\/schema\/logo\/image\/","url":"https:\/\/shebeauty.ee\/wp-content\/uploads\/2023\/10\/IMG_0585.jpg","contentUrl":"https:\/\/shebeauty.ee\/wp-content\/uploads\/2023\/10\/IMG_0585.jpg","width":1284,"height":1300,"caption":"She Beauty O\u00dc"},"image":{"@id":"https:\/\/shebeauty.ee\/#\/schema\/logo\/image\/"}}]}},"_links":{"self":[{"href":"https:\/\/shebeauty.ee\/en\/wp-json\/wp\/v2\/product\/3317","targetHints":{"allow":["GET"]}}],"collection":[{"href":"https:\/\/shebeauty.ee\/en\/wp-json\/wp\/v2\/product"}],"about":[{"href":"https:\/\/shebeauty.ee\/en\/wp-json\/wp\/v2\/types\/product"}],"replies":[{"embeddable":true,"href":"https:\/\/shebeauty.ee\/en\/wp-json\/wp\/v2\/comments?post=3317"}],"wp:featuredmedia":[{"embeddable":true,"href":"https:\/\/shebeauty.ee\/en\/wp-json\/wp\/v2\/media\/5578"}],"wp:attachment":[{"href":"https:\/\/shebeauty.ee\/en\/wp-json\/wp\/v2\/media?parent=3317"}],"wp:term":[{"taxonomy":"product_brand","embeddable":true,"href":"https:\/\/shebeauty.ee\/en\/wp-json\/wp\/v2\/product_brand?post=3317"},{"taxonomy":"product_cat","embeddable":true,"href":"https:\/\/shebeauty.ee\/en\/wp-json\/wp\/v2\/product_cat?post=3317"},{"taxonomy":"product_tag","embeddable":true,"href":"https:\/\/shebeauty.ee\/en\/wp-json\/wp\/v2\/product_tag?post=3317"},{"taxonomy":"giftcard-category","embeddable":true,"href":"https:\/\/shebeauty.ee\/en\/wp-json\/wp\/v2\/giftcard-category?post=3317"}],"curies":[{"name":"wp","href":"https:\/\/api.w.org\/{rel}","templated":true}]}}