{"id":3255,"date":"2024-02-11T20:52:36","date_gmt":"2024-02-11T18:52:36","guid":{"rendered":"https:\/\/shebeauty.ee\/?post_type=product&#038;p=3255"},"modified":"2026-04-04T08:22:22","modified_gmt":"2026-04-04T05:22:22","slug":"k-time-ad-volume-kinkekomplekt-500ml-maskiga","status":"publish","type":"product","link":"https:\/\/shebeauty.ee\/en\/product\/k-time-ad-volume-kinkekomplekt-500ml-maskiga\/","title":{"rendered":"K\u2011Time Somnia Ad Volume gift set with 500ml hair mask"},"content":{"rendered":"<p data-start=\"228\" data-end=\"494\">Revitalise your hair with the exclusive Ad Volume gift set, specially designed for thin and lifeless hair. Enriched with the power of guarana and blue agave, the products provide visible volume, elasticity, and a shiny finish \u2013 without weighing the hair down.<\/p>\n<p data-start=\"496\" data-end=\"518\"><strong data-start=\"496\" data-end=\"518\">The set includes:<\/strong><\/p>\n<p data-start=\"520\" data-end=\"790\" class=\"translation-block\"><strong data-start=\"523\" data-end=\"574\">Ad Volume Bodifying Volumizing Shampoo (300 ml)<\/strong><br data-start=\"574\" data-end=\"577\">A gently cleansing volumizing shampoo that revitalizes the scalp and hair, giving them lightness and softness. Guarana and blue agave extracts deeply moisturize, while antioxidants energize the hair and add shine.<\/p>\n<p data-start=\"792\" data-end=\"1030\" class=\"translation-block\"><strong data-start=\"795\" data-end=\"848\">Ad Volume Bodifying Volumizing Treatment (500 ml)<\/strong><br data-start=\"848\" data-end=\"851\">A nourishing and restorative treatment that strengthens hair fibers and helps maintain moisture balance. Hair becomes voluminous, elastic, and silky soft \u2013 without becoming greasy.<\/p>\n<p data-start=\"1032\" data-end=\"1294\" class=\"translation-block\"><strong data-start=\"1035\" data-end=\"1087\">Ad Volume Anti-gravity Volumizing Spray (150 ml)<\/strong><br data-start=\"1087\" data-end=\"1090\">Finish your hair care routine with a volumizing spray that provides long-lasting lift and beautiful shine. The anti-gravity formula lifts hair from the roots, making it appear denser and more vibrant.<br>\n<strong data-start=\"1299\" data-end=\"1351\"><br>\nAn ideal gift or a luxurious treat for yourself!<\/strong><\/p>\n<p><strong>The list of ingredients could change. Always refer to the product packaging for the most up-to-date ingredient list.<\/strong><br \/>\n<strong>Koostisosade loetelu v\u00f5ib muutuda. K\u00f5ige ajakohasema koostisosade loetelu leiad alati toote pakendilt.<\/strong><\/p>\n<p class=\"p1\"><span class=\"s1\">Importer: Beauty Cosmetics O\u00dc, Kaupmehe 6, Tallinn <a href=\"https:\/\/shebeauty.ee\/en\/\"><span class=\"s2\">www.shebeauty.ee<\/span><\/a><\/span><\/p>\n<p data-start=\"1032\" data-end=\"1294\"><strong data-start=\"1299\" data-end=\"1351\">\u00a0<\/strong><\/p>","protected":false},"excerpt":{"rendered":"<p class=\"translation-block\">(<em>Price per litre: \u20ac68.42 \/ l<\/em>)<br>\nA volume-boosting gift set for thin and lifeless hair, enriched with guarana and blue agave extracts. The set is specially designed to revitalize limp hair \u2013 providing instant volume, shine, and moisture, leaving the hair light, bouncy, and full of vitality.<\/p>\n<p class=\"translation-block\"><strong>The set includes:<\/strong><br>\nShampoo 300\u202fml<br>\nTreatment mask 500\u202fml<br>\nVolume spray 150\u202fml<\/p>","protected":false},"featured_media":5570,"comment_status":"open","ping_status":"closed","template":"","meta":{"site-sidebar-layout":"default","site-content-layout":"","ast-site-content-layout":"default","site-content-style":"default","site-sidebar-style":"default","ast-global-header-display":"","ast-banner-title-visibility":"","ast-main-header-display":"","ast-hfb-above-header-display":"","ast-hfb-below-header-display":"","ast-hfb-mobile-header-display":"","site-post-title":"","ast-breadcrumbs-content":"","ast-featured-img":"","footer-sml-layout":"","ast-disable-related-posts":"","theme-transparent-header-meta":"default","adv-header-id-meta":"","stick-header-meta":"","header-above-stick-meta":"","header-main-stick-meta":"","header-below-stick-meta":"","astra-migrate-meta-layouts":"set","ast-page-background-enabled":"default","ast-page-background-meta":{"desktop":{"background-color":"var(--ast-global-color-4)","background-image":"","background-repeat":"repeat","background-position":"center center","background-size":"auto","background-attachment":"scroll","background-type":"","background-media":"","overlay-type":"","overlay-color":"","overlay-opacity":"","overlay-gradient":""},"tablet":{"background-color":"","background-image":"","background-repeat":"repeat","background-position":"center center","background-size":"auto","background-attachment":"scroll","background-type":"","background-media":"","overlay-type":"","overlay-color":"","overlay-opacity":"","overlay-gradient":""},"mobile":{"background-color":"","background-image":"","background-repeat":"repeat","background-position":"center center","background-size":"auto","background-attachment":"scroll","background-type":"","background-media":"","overlay-type":"","overlay-color":"","overlay-opacity":"","overlay-gradient":""}},"ast-content-background-meta":{"desktop":{"background-color":"var(--ast-global-color-5)","background-image":"","background-repeat":"repeat","background-position":"center center","background-size":"auto","background-attachment":"scroll","background-type":"","background-media":"","overlay-type":"","overlay-color":"","overlay-opacity":"","overlay-gradient":""},"tablet":{"background-color":"var(--ast-global-color-5)","background-image":"","background-repeat":"repeat","background-position":"center center","background-size":"auto","background-attachment":"scroll","background-type":"","background-media":"","overlay-type":"","overlay-color":"","overlay-opacity":"","overlay-gradient":""},"mobile":{"background-color":"var(--ast-global-color-5)","background-image":"","background-repeat":"repeat","background-position":"center center","background-size":"auto","background-attachment":"scroll","background-type":"","background-media":"","overlay-type":"","overlay-color":"","overlay-opacity":"","overlay-gradient":""}}},"product_brand":[],"product_cat":[112],"product_tag":[230,76,69,231,177,137],"giftcard-category":[],"class_list":{"0":"post-3255","1":"product","2":"type-product","3":"status-publish","4":"has-post-thumbnail","6":"product_cat-kinkekomplektid","7":"product_tag-ad-volume-sari","8":"product_tag-juuksehooldus","9":"product_tag-juuksemask","10":"product_tag-k-time-somnia","11":"product_tag-volume-shampoo","12":"product_tag-voluumiandev","13":"desktop-align-center","14":"tablet-align-left","15":"mobile-align-left","17":"first","18":"instock","19":"taxable","20":"shipping-taxable","21":"purchasable","22":"product-type-simple"},"yoast_head":"<!-- This site is optimized with the Yoast SEO plugin v27.3 - https:\/\/yoast.com\/product\/yoast-seo-wordpress\/ -->\n<title>K-Time Somnia Ad Volume kinkekomplekt 500ml juuksemaskiga - She Beauty Studio<\/title>\n<meta name=\"description\" content=\"Vol\u00fc\u00fcmi andev kinkekomplekt \u00f5hukestele ja elututele juustele, rikastatud guaraana ja sinise agaavi ekstraktidega. T\u00e4iuslik s\u00e4ra.\" \/>\n<meta name=\"robots\" content=\"index, follow, max-snippet:-1, max-image-preview:large, max-video-preview:-1\" \/>\n<link rel=\"canonical\" href=\"https:\/\/shebeauty.ee\/en\/product\/k-time-ad-volume-kinkekomplekt-500ml-maskiga\/\" \/>\n<meta property=\"og:locale\" content=\"en_US\" \/>\n<meta property=\"og:type\" content=\"article\" \/>\n<meta property=\"og:title\" content=\"K-Time Somnia Ad Volume kinkekomplekt 500ml juuksemaskiga - She Beauty Studio\" \/>\n<meta property=\"og:description\" content=\"Vol\u00fc\u00fcmi andev kinkekomplekt \u00f5hukestele ja elututele juustele, rikastatud guaraana ja sinise agaavi ekstraktidega. T\u00e4iuslik s\u00e4ra.\" \/>\n<meta property=\"og:url\" content=\"https:\/\/shebeauty.ee\/en\/product\/k-time-ad-volume-kinkekomplekt-500ml-maskiga\/\" \/>\n<meta property=\"og:site_name\" content=\"She Beauty Studio\" \/>\n<meta property=\"article:modified_time\" content=\"2026-04-04T05:22:22+00:00\" \/>\n<meta property=\"og:image\" content=\"https:\/\/shebeauty.ee\/wp-content\/uploads\/2024\/02\/26\uf02208-1-scaled.jpg\" \/>\n\t<meta property=\"og:image:width\" content=\"2560\" \/>\n\t<meta property=\"og:image:height\" content=\"2560\" \/>\n\t<meta property=\"og:image:type\" content=\"image\/jpeg\" \/>\n<meta name=\"twitter:card\" content=\"summary_large_image\" \/>\n<meta name=\"twitter:label1\" content=\"Est. reading time\" \/>\n\t<meta name=\"twitter:data1\" content=\"2 minutes\" \/>\n<script type=\"application\/ld+json\" class=\"yoast-schema-graph\">{\"@context\":\"https:\\\/\\\/schema.org\",\"@graph\":[{\"@type\":\"WebPage\",\"@id\":\"https:\\\/\\\/shebeauty.ee\\\/toode\\\/k-time-ad-volume-kinkekomplekt-500ml-maskiga\\\/\",\"url\":\"https:\\\/\\\/shebeauty.ee\\\/toode\\\/k-time-ad-volume-kinkekomplekt-500ml-maskiga\\\/\",\"name\":\"K-Time Somnia Ad Volume kinkekomplekt 500ml juuksemaskiga - She Beauty Studio\",\"isPartOf\":{\"@id\":\"https:\\\/\\\/shebeauty.ee\\\/#website\"},\"primaryImageOfPage\":{\"@id\":\"https:\\\/\\\/shebeauty.ee\\\/toode\\\/k-time-ad-volume-kinkekomplekt-500ml-maskiga\\\/#primaryimage\"},\"image\":{\"@id\":\"https:\\\/\\\/shebeauty.ee\\\/toode\\\/k-time-ad-volume-kinkekomplekt-500ml-maskiga\\\/#primaryimage\"},\"thumbnailUrl\":\"https:\\\/\\\/shebeauty.ee\\\/wp-content\\\/uploads\\\/2024\\\/02\\\/26\uf02208-1-scaled.jpg\",\"datePublished\":\"2024-02-11T18:52:36+00:00\",\"dateModified\":\"2026-04-04T05:22:22+00:00\",\"description\":\"Vol\u00fc\u00fcmi andev kinkekomplekt \u00f5hukestele ja elututele juustele, rikastatud guaraana ja sinise agaavi ekstraktidega. T\u00e4iuslik s\u00e4ra.\",\"breadcrumb\":{\"@id\":\"https:\\\/\\\/shebeauty.ee\\\/toode\\\/k-time-ad-volume-kinkekomplekt-500ml-maskiga\\\/#breadcrumb\"},\"inLanguage\":\"en-US\",\"potentialAction\":[{\"@type\":\"ReadAction\",\"target\":[\"https:\\\/\\\/shebeauty.ee\\\/toode\\\/k-time-ad-volume-kinkekomplekt-500ml-maskiga\\\/\"]}]},{\"@type\":\"ImageObject\",\"inLanguage\":\"en-US\",\"@id\":\"https:\\\/\\\/shebeauty.ee\\\/toode\\\/k-time-ad-volume-kinkekomplekt-500ml-maskiga\\\/#primaryimage\",\"url\":\"https:\\\/\\\/shebeauty.ee\\\/wp-content\\\/uploads\\\/2024\\\/02\\\/26\uf02208-1-scaled.jpg\",\"contentUrl\":\"https:\\\/\\\/shebeauty.ee\\\/wp-content\\\/uploads\\\/2024\\\/02\\\/26\uf02208-1-scaled.jpg\",\"width\":2560,\"height\":2560},{\"@type\":\"BreadcrumbList\",\"@id\":\"https:\\\/\\\/shebeauty.ee\\\/toode\\\/k-time-ad-volume-kinkekomplekt-500ml-maskiga\\\/#breadcrumb\",\"itemListElement\":[{\"@type\":\"ListItem\",\"position\":1,\"name\":\"Home\",\"item\":\"https:\\\/\\\/shebeauty.ee\\\/\"},{\"@type\":\"ListItem\",\"position\":2,\"name\":\"Pood\",\"item\":\"https:\\\/\\\/shebeauty.ee\\\/e-pood\\\/\"},{\"@type\":\"ListItem\",\"position\":3,\"name\":\"K-Time Somnia Ad Volume kinkekomplekt 500ml juuksemaskiga\"}]},{\"@type\":\"WebSite\",\"@id\":\"https:\\\/\\\/shebeauty.ee\\\/#website\",\"url\":\"https:\\\/\\\/shebeauty.ee\\\/\",\"name\":\"She Beauty Studio\",\"description\":\"Juuksestuudio\",\"publisher\":{\"@id\":\"https:\\\/\\\/shebeauty.ee\\\/#organization\"},\"potentialAction\":[{\"@type\":\"SearchAction\",\"target\":{\"@type\":\"EntryPoint\",\"urlTemplate\":\"https:\\\/\\\/shebeauty.ee\\\/?s={search_term_string}\"},\"query-input\":{\"@type\":\"PropertyValueSpecification\",\"valueRequired\":true,\"valueName\":\"search_term_string\"}}],\"inLanguage\":\"en-US\"},{\"@type\":\"Organization\",\"@id\":\"https:\\\/\\\/shebeauty.ee\\\/#organization\",\"name\":\"She Beauty O\u00dc\",\"url\":\"https:\\\/\\\/shebeauty.ee\\\/\",\"logo\":{\"@type\":\"ImageObject\",\"inLanguage\":\"en-US\",\"@id\":\"https:\\\/\\\/shebeauty.ee\\\/#\\\/schema\\\/logo\\\/image\\\/\",\"url\":\"https:\\\/\\\/shebeauty.ee\\\/wp-content\\\/uploads\\\/2023\\\/10\\\/IMG_0585.jpg\",\"contentUrl\":\"https:\\\/\\\/shebeauty.ee\\\/wp-content\\\/uploads\\\/2023\\\/10\\\/IMG_0585.jpg\",\"width\":1284,\"height\":1300,\"caption\":\"She Beauty O\u00dc\"},\"image\":{\"@id\":\"https:\\\/\\\/shebeauty.ee\\\/#\\\/schema\\\/logo\\\/image\\\/\"}}]}<\/script>\n<!-- \/ Yoast SEO plugin. -->","yoast_head_json":{"title":"K-Time Somnia Ad Volume kinkekomplekt 500ml juuksemaskiga - She Beauty Studio","description":"Vol\u00fc\u00fcmi andev kinkekomplekt \u00f5hukestele ja elututele juustele, rikastatud guaraana ja sinise agaavi ekstraktidega. T\u00e4iuslik s\u00e4ra.","robots":{"index":"index","follow":"follow","max-snippet":"max-snippet:-1","max-image-preview":"max-image-preview:large","max-video-preview":"max-video-preview:-1"},"canonical":"https:\/\/shebeauty.ee\/en\/product\/k-time-ad-volume-kinkekomplekt-500ml-maskiga\/","og_locale":"en_US","og_type":"article","og_title":"K-Time Somnia Ad Volume kinkekomplekt 500ml juuksemaskiga - She Beauty Studio","og_description":"Vol\u00fc\u00fcmi andev kinkekomplekt \u00f5hukestele ja elututele juustele, rikastatud guaraana ja sinise agaavi ekstraktidega. T\u00e4iuslik s\u00e4ra.","og_url":"https:\/\/shebeauty.ee\/en\/product\/k-time-ad-volume-kinkekomplekt-500ml-maskiga\/","og_site_name":"She Beauty Studio","article_modified_time":"2026-04-04T05:22:22+00:00","og_image":[{"width":2560,"height":2560,"url":"https:\/\/shebeauty.ee\/wp-content\/uploads\/2024\/02\/26\uf02208-1-scaled.jpg","type":"image\/jpeg"}],"twitter_card":"summary_large_image","twitter_misc":{"Est. reading time":"2 minutes"},"schema":{"@context":"https:\/\/schema.org","@graph":[{"@type":"WebPage","@id":"https:\/\/shebeauty.ee\/toode\/k-time-ad-volume-kinkekomplekt-500ml-maskiga\/","url":"https:\/\/shebeauty.ee\/toode\/k-time-ad-volume-kinkekomplekt-500ml-maskiga\/","name":"K-Time Somnia Ad Volume kinkekomplekt 500ml juuksemaskiga - She Beauty Studio","isPartOf":{"@id":"https:\/\/shebeauty.ee\/#website"},"primaryImageOfPage":{"@id":"https:\/\/shebeauty.ee\/toode\/k-time-ad-volume-kinkekomplekt-500ml-maskiga\/#primaryimage"},"image":{"@id":"https:\/\/shebeauty.ee\/toode\/k-time-ad-volume-kinkekomplekt-500ml-maskiga\/#primaryimage"},"thumbnailUrl":"https:\/\/shebeauty.ee\/wp-content\/uploads\/2024\/02\/26\uf02208-1-scaled.jpg","datePublished":"2024-02-11T18:52:36+00:00","dateModified":"2026-04-04T05:22:22+00:00","description":"Vol\u00fc\u00fcmi andev kinkekomplekt \u00f5hukestele ja elututele juustele, rikastatud guaraana ja sinise agaavi ekstraktidega. T\u00e4iuslik s\u00e4ra.","breadcrumb":{"@id":"https:\/\/shebeauty.ee\/toode\/k-time-ad-volume-kinkekomplekt-500ml-maskiga\/#breadcrumb"},"inLanguage":"en-US","potentialAction":[{"@type":"ReadAction","target":["https:\/\/shebeauty.ee\/toode\/k-time-ad-volume-kinkekomplekt-500ml-maskiga\/"]}]},{"@type":"ImageObject","inLanguage":"en-US","@id":"https:\/\/shebeauty.ee\/toode\/k-time-ad-volume-kinkekomplekt-500ml-maskiga\/#primaryimage","url":"https:\/\/shebeauty.ee\/wp-content\/uploads\/2024\/02\/26\uf02208-1-scaled.jpg","contentUrl":"https:\/\/shebeauty.ee\/wp-content\/uploads\/2024\/02\/26\uf02208-1-scaled.jpg","width":2560,"height":2560},{"@type":"BreadcrumbList","@id":"https:\/\/shebeauty.ee\/toode\/k-time-ad-volume-kinkekomplekt-500ml-maskiga\/#breadcrumb","itemListElement":[{"@type":"ListItem","position":1,"name":"Home","item":"https:\/\/shebeauty.ee\/"},{"@type":"ListItem","position":2,"name":"Pood","item":"https:\/\/shebeauty.ee\/e-pood\/"},{"@type":"ListItem","position":3,"name":"K-Time Somnia Ad Volume kinkekomplekt 500ml juuksemaskiga"}]},{"@type":"WebSite","@id":"https:\/\/shebeauty.ee\/#website","url":"https:\/\/shebeauty.ee\/","name":"She Beauty Studio","description":"Juuksestuudio","publisher":{"@id":"https:\/\/shebeauty.ee\/#organization"},"potentialAction":[{"@type":"SearchAction","target":{"@type":"EntryPoint","urlTemplate":"https:\/\/shebeauty.ee\/?s={search_term_string}"},"query-input":{"@type":"PropertyValueSpecification","valueRequired":true,"valueName":"search_term_string"}}],"inLanguage":"en-US"},{"@type":"Organization","@id":"https:\/\/shebeauty.ee\/#organization","name":"She Beauty O\u00dc","url":"https:\/\/shebeauty.ee\/","logo":{"@type":"ImageObject","inLanguage":"en-US","@id":"https:\/\/shebeauty.ee\/#\/schema\/logo\/image\/","url":"https:\/\/shebeauty.ee\/wp-content\/uploads\/2023\/10\/IMG_0585.jpg","contentUrl":"https:\/\/shebeauty.ee\/wp-content\/uploads\/2023\/10\/IMG_0585.jpg","width":1284,"height":1300,"caption":"She Beauty O\u00dc"},"image":{"@id":"https:\/\/shebeauty.ee\/#\/schema\/logo\/image\/"}}]}},"_links":{"self":[{"href":"https:\/\/shebeauty.ee\/en\/wp-json\/wp\/v2\/product\/3255","targetHints":{"allow":["GET"]}}],"collection":[{"href":"https:\/\/shebeauty.ee\/en\/wp-json\/wp\/v2\/product"}],"about":[{"href":"https:\/\/shebeauty.ee\/en\/wp-json\/wp\/v2\/types\/product"}],"replies":[{"embeddable":true,"href":"https:\/\/shebeauty.ee\/en\/wp-json\/wp\/v2\/comments?post=3255"}],"wp:featuredmedia":[{"embeddable":true,"href":"https:\/\/shebeauty.ee\/en\/wp-json\/wp\/v2\/media\/5570"}],"wp:attachment":[{"href":"https:\/\/shebeauty.ee\/en\/wp-json\/wp\/v2\/media?parent=3255"}],"wp:term":[{"taxonomy":"product_brand","embeddable":true,"href":"https:\/\/shebeauty.ee\/en\/wp-json\/wp\/v2\/product_brand?post=3255"},{"taxonomy":"product_cat","embeddable":true,"href":"https:\/\/shebeauty.ee\/en\/wp-json\/wp\/v2\/product_cat?post=3255"},{"taxonomy":"product_tag","embeddable":true,"href":"https:\/\/shebeauty.ee\/en\/wp-json\/wp\/v2\/product_tag?post=3255"},{"taxonomy":"giftcard-category","embeddable":true,"href":"https:\/\/shebeauty.ee\/en\/wp-json\/wp\/v2\/giftcard-category?post=3255"}],"curies":[{"name":"wp","href":"https:\/\/api.w.org\/{rel}","templated":true}]}}