{"id":3157,"date":"2023-12-17T17:04:23","date_gmt":"2023-12-17T15:04:23","guid":{"rendered":"https:\/\/shebeauty.ee\/?post_type=product&#038;p=3157"},"modified":"2025-08-23T16:12:09","modified_gmt":"2025-08-23T13:12:09","slug":"k-time-silver-color-code-anti-yellow-shampoo","status":"publish","type":"product","link":"https:\/\/shebeauty.ee\/en\/product\/k-time-silver-color-code-anti-yellow-shampoo\/","title":{"rendered":"K-Time Silver Color Code Anti-Yellow shampoo"},"content":{"rendered":"<p class=\"p1\"><span class=\"s1\"><strong>K-Time Silver Color Code Anti-Yellow h\u00f5be\u0161ampoon<\/strong> kollasusevastane h\u00f5be\u0161ampoon on m\u00f5eldud valgetele, hallidele ja pleegitatud juustele. <\/span><span class=\"s1\">Containing sunflower seed extract, vitamin E and purple pigment. <\/span><span class=\"s1\">Sunflower extract is rich in valuable minerals, restoring and deeply moisturizing the hair. Vitamin E is an important source of hydration and nutrition with innovative antioxidant properties. <\/span>The purple pigment helps to revive the color and, thanks to its chromatic properties, it also has an anti-yellowing effect.<\/p>\n<p><strong>Usage:<br \/>\n<\/strong>Kanna \u0161ampoon m\u00e4rgadele juustele, masseeri \u00f5rnalt peanahale, kuni tekib vaht. Loputa hoolikalt. Vajadusel korda, j\u00e4ttes teisel korral \u0161ampooni m\u00f5neks sekundiks juustesse enne loputamist.<strong><br \/>\nT\u00e4helepanu \u2013<\/strong> soovitav on kanda kaitsekindaid, sest lilla pigment v\u00f5ib m\u00e4\u00e4rida k\u00e4si v\u00f5i riideid.<\/p>\n<p><strong>Ingredients:<\/strong><br \/>\nAQUA (WATER), SODIUM LAURETH SULFATE, COCAMIDOPROPYL BETAINE, ACRYLATES COPOLYMER, TRIETHANOLAMINE, PEG-6 CAPRYLIC\/CAPRIC GLYCERIDES, PARFUM (FRAGRANCE), PEG-40 HYDROGENATED CASTOR OIL, ACID VIOLET 43 (EXT. D&amp;C VIOLET NO.2), OCTYLDODECANOL, HYDROGENATED COCO-GLYCERIDES, HELIANTHUS ANNUUS (SUNFLOWER) SEED EXTRACT, TOCOPHERYL ACETATE, PHENOXYETHANOL, BENZOIC ACID, DEHYDROACETIC ACID, ETHYLHEXYLGLYCERIN.<\/p>\n<p><strong>The list of ingredients could change. Always refer to the product packaging for the most up-to-date ingredient list.<\/strong><br \/>\n<strong>Koostisosade loetelu v\u00f5ib muutuda. K\u00f5ige ajakohasema koostisosade loetelu leiad alati toote pakendilt.<\/strong><\/p>\n<p class=\"p1\"><span class=\"s1\">Importer: Beauty Cosmetics O\u00dc, Kaupmehe 6, Tallinn <a href=\"https:\/\/shebeauty.ee\/en\/\"><span class=\"s2\">www.shebeauty.ee<\/span><\/a><\/span><\/p>","protected":false},"excerpt":{"rendered":"<p data-start=\"215\" data-end=\"456\">(<em>300ml liitrihind: 70,00 \u20ac \/ l<\/em>)<br \/>\n(<em>1000ml liitrihind: 37,00 \u20ac \/ l<\/em>)<br \/>\nKergelt tooniv violet\u0161ampoon, mis on loodud spetsiaalselt valgete, hallide ja blondeeritud juuste jaoks. Rikastatud p\u00e4evalilleseemneekstrakti ja E-vitamiiniga, mis toidavad juukseid ja kaitsevad neid v\u00e4liste kahjustuste eest.<\/p>\n<p data-start=\"458\" data-end=\"688\">Sobib regulaarseks kasutamiseks.<\/p>","protected":false},"featured_media":5614,"comment_status":"open","ping_status":"closed","template":"","meta":{"site-sidebar-layout":"default","site-content-layout":"","ast-site-content-layout":"default","site-content-style":"default","site-sidebar-style":"default","ast-global-header-display":"","ast-banner-title-visibility":"","ast-main-header-display":"","ast-hfb-above-header-display":"","ast-hfb-below-header-display":"","ast-hfb-mobile-header-display":"","site-post-title":"","ast-breadcrumbs-content":"","ast-featured-img":"","footer-sml-layout":"","ast-disable-related-posts":"","theme-transparent-header-meta":"default","adv-header-id-meta":"","stick-header-meta":"","header-above-stick-meta":"","header-main-stick-meta":"","header-below-stick-meta":"","astra-migrate-meta-layouts":"set","ast-page-background-enabled":"default","ast-page-background-meta":{"desktop":{"background-color":"var(--ast-global-color-4)","background-image":"","background-repeat":"repeat","background-position":"center center","background-size":"auto","background-attachment":"scroll","background-type":"","background-media":"","overlay-type":"","overlay-color":"","overlay-opacity":"","overlay-gradient":""},"tablet":{"background-color":"","background-image":"","background-repeat":"repeat","background-position":"center center","background-size":"auto","background-attachment":"scroll","background-type":"","background-media":"","overlay-type":"","overlay-color":"","overlay-opacity":"","overlay-gradient":""},"mobile":{"background-color":"","background-image":"","background-repeat":"repeat","background-position":"center center","background-size":"auto","background-attachment":"scroll","background-type":"","background-media":"","overlay-type":"","overlay-color":"","overlay-opacity":"","overlay-gradient":""}},"ast-content-background-meta":{"desktop":{"background-color":"var(--ast-global-color-5)","background-image":"","background-repeat":"repeat","background-position":"center center","background-size":"auto","background-attachment":"scroll","background-type":"","background-media":"","overlay-type":"","overlay-color":"","overlay-opacity":"","overlay-gradient":""},"tablet":{"background-color":"var(--ast-global-color-5)","background-image":"","background-repeat":"repeat","background-position":"center center","background-size":"auto","background-attachment":"scroll","background-type":"","background-media":"","overlay-type":"","overlay-color":"","overlay-opacity":"","overlay-gradient":""},"mobile":{"background-color":"var(--ast-global-color-5)","background-image":"","background-repeat":"repeat","background-position":"center center","background-size":"auto","background-attachment":"scroll","background-type":"","background-media":"","overlay-type":"","overlay-color":"","overlay-opacity":"","overlay-gradient":""}}},"product_brand":[],"product_cat":[20],"product_tag":[185,265,184,231,186],"giftcard-category":[],"class_list":{"0":"post-3157","1":"product","2":"type-product","3":"status-publish","4":"has-post-thumbnail","6":"product_cat-juuksehooldustooted-sampoon-palsam-mask","7":"product_tag-blondidele","8":"product_tag-color-code-sari","9":"product_tag-hobesampoon","10":"product_tag-k-time-somnia","11":"product_tag-kulm-blond","12":"desktop-align-center","13":"tablet-align-left","14":"mobile-align-left","16":"first","17":"instock","18":"taxable","19":"shipping-taxable","20":"purchasable","21":"product-type-variable"},"yoast_head":"<!-- This site is optimized with the Yoast SEO plugin v27.3 - https:\/\/yoast.com\/product\/yoast-seo-wordpress\/ -->\n<title>K-Time Silver Color Code Anti-Yellow shampoo - She Beauty Studio<\/title>\n<meta name=\"description\" content=\"Color Code kollasusevastane h\u00f5be\u0161ampoon on m\u00f5eldud valgetele, hallidele ja pleegitatud juustele. Ei kuivata juukseid, m\u00f5eldud igap\u00e4evaseks kasutamiseks.\" \/>\n<meta name=\"robots\" content=\"index, follow, max-snippet:-1, max-image-preview:large, max-video-preview:-1\" \/>\n<link rel=\"canonical\" href=\"https:\/\/shebeauty.ee\/en\/product\/k-time-silver-color-code-anti-yellow-shampoo\/\" \/>\n<meta property=\"og:locale\" content=\"en_US\" \/>\n<meta property=\"og:type\" content=\"article\" \/>\n<meta property=\"og:title\" content=\"K-Time Silver Color Code Anti-Yellow shampoo - She Beauty Studio\" \/>\n<meta property=\"og:description\" content=\"Color Code kollasusevastane h\u00f5be\u0161ampoon on m\u00f5eldud valgetele, hallidele ja pleegitatud juustele. Ei kuivata juukseid, m\u00f5eldud igap\u00e4evaseks kasutamiseks.\" \/>\n<meta property=\"og:url\" content=\"https:\/\/shebeauty.ee\/en\/product\/k-time-silver-color-code-anti-yellow-shampoo\/\" \/>\n<meta property=\"og:site_name\" content=\"She Beauty Studio\" \/>\n<meta property=\"article:modified_time\" content=\"2025-08-23T13:12:09+00:00\" \/>\n<meta property=\"og:image\" content=\"https:\/\/shebeauty.ee\/wp-content\/uploads\/2023\/12\/Color-Code-Anti-Yellow-300ml-shampoo-2-scaled.jpg\" \/>\n\t<meta property=\"og:image:width\" content=\"2560\" \/>\n\t<meta property=\"og:image:height\" content=\"2560\" \/>\n\t<meta property=\"og:image:type\" content=\"image\/jpeg\" \/>\n<meta name=\"twitter:card\" content=\"summary_large_image\" \/>\n<meta name=\"twitter:label1\" content=\"Est. reading time\" \/>\n\t<meta name=\"twitter:data1\" content=\"2 minutes\" \/>\n<script type=\"application\/ld+json\" class=\"yoast-schema-graph\">{\"@context\":\"https:\\\/\\\/schema.org\",\"@graph\":[{\"@type\":\"WebPage\",\"@id\":\"https:\\\/\\\/shebeauty.ee\\\/toode\\\/k-time-silver-color-code-anti-yellow-shampoo\\\/\",\"url\":\"https:\\\/\\\/shebeauty.ee\\\/toode\\\/k-time-silver-color-code-anti-yellow-shampoo\\\/\",\"name\":\"K-Time Silver Color Code Anti-Yellow shampoo - She Beauty Studio\",\"isPartOf\":{\"@id\":\"https:\\\/\\\/shebeauty.ee\\\/#website\"},\"primaryImageOfPage\":{\"@id\":\"https:\\\/\\\/shebeauty.ee\\\/toode\\\/k-time-silver-color-code-anti-yellow-shampoo\\\/#primaryimage\"},\"image\":{\"@id\":\"https:\\\/\\\/shebeauty.ee\\\/toode\\\/k-time-silver-color-code-anti-yellow-shampoo\\\/#primaryimage\"},\"thumbnailUrl\":\"https:\\\/\\\/shebeauty.ee\\\/wp-content\\\/uploads\\\/2023\\\/12\\\/Color-Code-Anti-Yellow-300ml-shampoo-2-scaled.jpg\",\"datePublished\":\"2023-12-17T15:04:23+00:00\",\"dateModified\":\"2025-08-23T13:12:09+00:00\",\"description\":\"Color Code kollasusevastane h\u00f5be\u0161ampoon on m\u00f5eldud valgetele, hallidele ja pleegitatud juustele. Ei kuivata juukseid, m\u00f5eldud igap\u00e4evaseks kasutamiseks.\",\"breadcrumb\":{\"@id\":\"https:\\\/\\\/shebeauty.ee\\\/toode\\\/k-time-silver-color-code-anti-yellow-shampoo\\\/#breadcrumb\"},\"inLanguage\":\"en-US\",\"potentialAction\":[{\"@type\":\"ReadAction\",\"target\":[\"https:\\\/\\\/shebeauty.ee\\\/toode\\\/k-time-silver-color-code-anti-yellow-shampoo\\\/\"]}]},{\"@type\":\"ImageObject\",\"inLanguage\":\"en-US\",\"@id\":\"https:\\\/\\\/shebeauty.ee\\\/toode\\\/k-time-silver-color-code-anti-yellow-shampoo\\\/#primaryimage\",\"url\":\"https:\\\/\\\/shebeauty.ee\\\/wp-content\\\/uploads\\\/2023\\\/12\\\/Color-Code-Anti-Yellow-300ml-shampoo-2-scaled.jpg\",\"contentUrl\":\"https:\\\/\\\/shebeauty.ee\\\/wp-content\\\/uploads\\\/2023\\\/12\\\/Color-Code-Anti-Yellow-300ml-shampoo-2-scaled.jpg\",\"width\":2560,\"height\":2560},{\"@type\":\"BreadcrumbList\",\"@id\":\"https:\\\/\\\/shebeauty.ee\\\/toode\\\/k-time-silver-color-code-anti-yellow-shampoo\\\/#breadcrumb\",\"itemListElement\":[{\"@type\":\"ListItem\",\"position\":1,\"name\":\"Home\",\"item\":\"https:\\\/\\\/shebeauty.ee\\\/\"},{\"@type\":\"ListItem\",\"position\":2,\"name\":\"Pood\",\"item\":\"https:\\\/\\\/shebeauty.ee\\\/e-pood\\\/\"},{\"@type\":\"ListItem\",\"position\":3,\"name\":\"K-Time Silver Color Code Anti-Yellow shampoo\"}]},{\"@type\":\"WebSite\",\"@id\":\"https:\\\/\\\/shebeauty.ee\\\/#website\",\"url\":\"https:\\\/\\\/shebeauty.ee\\\/\",\"name\":\"She Beauty Studio\",\"description\":\"Juuksestuudio\",\"publisher\":{\"@id\":\"https:\\\/\\\/shebeauty.ee\\\/#organization\"},\"potentialAction\":[{\"@type\":\"SearchAction\",\"target\":{\"@type\":\"EntryPoint\",\"urlTemplate\":\"https:\\\/\\\/shebeauty.ee\\\/?s={search_term_string}\"},\"query-input\":{\"@type\":\"PropertyValueSpecification\",\"valueRequired\":true,\"valueName\":\"search_term_string\"}}],\"inLanguage\":\"en-US\"},{\"@type\":\"Organization\",\"@id\":\"https:\\\/\\\/shebeauty.ee\\\/#organization\",\"name\":\"She Beauty O\u00dc\",\"url\":\"https:\\\/\\\/shebeauty.ee\\\/\",\"logo\":{\"@type\":\"ImageObject\",\"inLanguage\":\"en-US\",\"@id\":\"https:\\\/\\\/shebeauty.ee\\\/#\\\/schema\\\/logo\\\/image\\\/\",\"url\":\"https:\\\/\\\/shebeauty.ee\\\/wp-content\\\/uploads\\\/2023\\\/10\\\/IMG_0585.jpg\",\"contentUrl\":\"https:\\\/\\\/shebeauty.ee\\\/wp-content\\\/uploads\\\/2023\\\/10\\\/IMG_0585.jpg\",\"width\":1284,\"height\":1300,\"caption\":\"She Beauty O\u00dc\"},\"image\":{\"@id\":\"https:\\\/\\\/shebeauty.ee\\\/#\\\/schema\\\/logo\\\/image\\\/\"}}]}<\/script>\n<!-- \/ Yoast SEO plugin. -->","yoast_head_json":{"title":"K-Time Silver Color Code Anti-Yellow shampoo - She Beauty Studio","description":"Color Code kollasusevastane h\u00f5be\u0161ampoon on m\u00f5eldud valgetele, hallidele ja pleegitatud juustele. Ei kuivata juukseid, m\u00f5eldud igap\u00e4evaseks kasutamiseks.","robots":{"index":"index","follow":"follow","max-snippet":"max-snippet:-1","max-image-preview":"max-image-preview:large","max-video-preview":"max-video-preview:-1"},"canonical":"https:\/\/shebeauty.ee\/en\/product\/k-time-silver-color-code-anti-yellow-shampoo\/","og_locale":"en_US","og_type":"article","og_title":"K-Time Silver Color Code Anti-Yellow shampoo - She Beauty Studio","og_description":"Color Code kollasusevastane h\u00f5be\u0161ampoon on m\u00f5eldud valgetele, hallidele ja pleegitatud juustele. Ei kuivata juukseid, m\u00f5eldud igap\u00e4evaseks kasutamiseks.","og_url":"https:\/\/shebeauty.ee\/en\/product\/k-time-silver-color-code-anti-yellow-shampoo\/","og_site_name":"She Beauty Studio","article_modified_time":"2025-08-23T13:12:09+00:00","og_image":[{"width":2560,"height":2560,"url":"https:\/\/shebeauty.ee\/wp-content\/uploads\/2023\/12\/Color-Code-Anti-Yellow-300ml-shampoo-2-scaled.jpg","type":"image\/jpeg"}],"twitter_card":"summary_large_image","twitter_misc":{"Est. reading time":"2 minutes"},"schema":{"@context":"https:\/\/schema.org","@graph":[{"@type":"WebPage","@id":"https:\/\/shebeauty.ee\/toode\/k-time-silver-color-code-anti-yellow-shampoo\/","url":"https:\/\/shebeauty.ee\/toode\/k-time-silver-color-code-anti-yellow-shampoo\/","name":"K-Time Silver Color Code Anti-Yellow shampoo - She Beauty Studio","isPartOf":{"@id":"https:\/\/shebeauty.ee\/#website"},"primaryImageOfPage":{"@id":"https:\/\/shebeauty.ee\/toode\/k-time-silver-color-code-anti-yellow-shampoo\/#primaryimage"},"image":{"@id":"https:\/\/shebeauty.ee\/toode\/k-time-silver-color-code-anti-yellow-shampoo\/#primaryimage"},"thumbnailUrl":"https:\/\/shebeauty.ee\/wp-content\/uploads\/2023\/12\/Color-Code-Anti-Yellow-300ml-shampoo-2-scaled.jpg","datePublished":"2023-12-17T15:04:23+00:00","dateModified":"2025-08-23T13:12:09+00:00","description":"Color Code kollasusevastane h\u00f5be\u0161ampoon on m\u00f5eldud valgetele, hallidele ja pleegitatud juustele. Ei kuivata juukseid, m\u00f5eldud igap\u00e4evaseks kasutamiseks.","breadcrumb":{"@id":"https:\/\/shebeauty.ee\/toode\/k-time-silver-color-code-anti-yellow-shampoo\/#breadcrumb"},"inLanguage":"en-US","potentialAction":[{"@type":"ReadAction","target":["https:\/\/shebeauty.ee\/toode\/k-time-silver-color-code-anti-yellow-shampoo\/"]}]},{"@type":"ImageObject","inLanguage":"en-US","@id":"https:\/\/shebeauty.ee\/toode\/k-time-silver-color-code-anti-yellow-shampoo\/#primaryimage","url":"https:\/\/shebeauty.ee\/wp-content\/uploads\/2023\/12\/Color-Code-Anti-Yellow-300ml-shampoo-2-scaled.jpg","contentUrl":"https:\/\/shebeauty.ee\/wp-content\/uploads\/2023\/12\/Color-Code-Anti-Yellow-300ml-shampoo-2-scaled.jpg","width":2560,"height":2560},{"@type":"BreadcrumbList","@id":"https:\/\/shebeauty.ee\/toode\/k-time-silver-color-code-anti-yellow-shampoo\/#breadcrumb","itemListElement":[{"@type":"ListItem","position":1,"name":"Home","item":"https:\/\/shebeauty.ee\/"},{"@type":"ListItem","position":2,"name":"Pood","item":"https:\/\/shebeauty.ee\/e-pood\/"},{"@type":"ListItem","position":3,"name":"K-Time Silver Color Code Anti-Yellow shampoo"}]},{"@type":"WebSite","@id":"https:\/\/shebeauty.ee\/#website","url":"https:\/\/shebeauty.ee\/","name":"She Beauty Studio","description":"Juuksestuudio","publisher":{"@id":"https:\/\/shebeauty.ee\/#organization"},"potentialAction":[{"@type":"SearchAction","target":{"@type":"EntryPoint","urlTemplate":"https:\/\/shebeauty.ee\/?s={search_term_string}"},"query-input":{"@type":"PropertyValueSpecification","valueRequired":true,"valueName":"search_term_string"}}],"inLanguage":"en-US"},{"@type":"Organization","@id":"https:\/\/shebeauty.ee\/#organization","name":"She Beauty O\u00dc","url":"https:\/\/shebeauty.ee\/","logo":{"@type":"ImageObject","inLanguage":"en-US","@id":"https:\/\/shebeauty.ee\/#\/schema\/logo\/image\/","url":"https:\/\/shebeauty.ee\/wp-content\/uploads\/2023\/10\/IMG_0585.jpg","contentUrl":"https:\/\/shebeauty.ee\/wp-content\/uploads\/2023\/10\/IMG_0585.jpg","width":1284,"height":1300,"caption":"She Beauty O\u00dc"},"image":{"@id":"https:\/\/shebeauty.ee\/#\/schema\/logo\/image\/"}}]}},"_links":{"self":[{"href":"https:\/\/shebeauty.ee\/en\/wp-json\/wp\/v2\/product\/3157","targetHints":{"allow":["GET"]}}],"collection":[{"href":"https:\/\/shebeauty.ee\/en\/wp-json\/wp\/v2\/product"}],"about":[{"href":"https:\/\/shebeauty.ee\/en\/wp-json\/wp\/v2\/types\/product"}],"replies":[{"embeddable":true,"href":"https:\/\/shebeauty.ee\/en\/wp-json\/wp\/v2\/comments?post=3157"}],"wp:featuredmedia":[{"embeddable":true,"href":"https:\/\/shebeauty.ee\/en\/wp-json\/wp\/v2\/media\/5614"}],"wp:attachment":[{"href":"https:\/\/shebeauty.ee\/en\/wp-json\/wp\/v2\/media?parent=3157"}],"wp:term":[{"taxonomy":"product_brand","embeddable":true,"href":"https:\/\/shebeauty.ee\/en\/wp-json\/wp\/v2\/product_brand?post=3157"},{"taxonomy":"product_cat","embeddable":true,"href":"https:\/\/shebeauty.ee\/en\/wp-json\/wp\/v2\/product_cat?post=3157"},{"taxonomy":"product_tag","embeddable":true,"href":"https:\/\/shebeauty.ee\/en\/wp-json\/wp\/v2\/product_tag?post=3157"},{"taxonomy":"giftcard-category","embeddable":true,"href":"https:\/\/shebeauty.ee\/en\/wp-json\/wp\/v2\/giftcard-category?post=3157"}],"curies":[{"name":"wp","href":"https:\/\/api.w.org\/{rel}","templated":true}]}}