{"id":3156,"date":"2023-12-17T17:02:52","date_gmt":"2023-12-17T15:02:52","guid":{"rendered":"https:\/\/shebeauty.ee\/?post_type=product&#038;p=3156"},"modified":"2025-08-20T12:47:40","modified_gmt":"2025-08-20T09:47:40","slug":"k-time-color-code-colour-seal-spray-150ml","status":"publish","type":"product","link":"https:\/\/shebeauty.ee\/en\/product\/k-time-color-code-colour-seal-spray-150ml\/","title":{"rendered":"K-Time Somnia Color Code Colour Seal Spray 150ml"},"content":{"rendered":"<p data-start=\"197\" data-end=\"471\"><strong>Somnia Color Code v\u00e4rvikaitsesprei<\/strong>\u00a0on spetsiaalselt loodud v\u00e4rvitud juustele, et tugevdada juuksev\u00e4rvi p\u00fcsimist ja anda juustele kauakestev s\u00e4ra. Selle kaitsev koostis aitab tihendada juuksekiudu, muutes juuksed tugevamaks ja eluj\u00f5ulisemaks juba esimesest kasutuskorrast.<\/p>\n<p data-start=\"884\" data-end=\"1022\">V\u00e4rvi kinnitussprei on ideaalne samm juuksehoolduses p\u00e4rast pesu ja maski, et lukustada v\u00e4rv juustesse ja tagada kauap\u00fcsiv, s\u00e4rav tulemus.<\/p>\n<p><strong>Usage:<br \/>\n<\/strong>Pihusta Color Code Spray pestud ja r\u00e4tikkuivadele juuksepikkustele.<br data-start=\"1274\" data-end=\"1277\" \/>Oota 1\u20132 minutit, seej\u00e4rel loputa hoolikalt.<br data-start=\"1329\" data-end=\"1332\" \/>Parima tulemuse saavutamiseks kasuta seda enne Color Code maski \u2013 see aitab kinnistada v\u00e4rvi ja t\u00e4iustab hooldusprotsessi.<\/p>\n<p><strong>Ingredients:<\/strong><br \/>\nALCOHOL DENAT. (SD ALCOHOL 3-C), PROPYLENE GLYCOL, AQUA (WATER), MYRISTYL ALCOHOL, CETRIMONIUM CHLORIDE, CITRUS AURANTIUM DULCIS (ORANGE) FRUIT EXTRACT, DECYL GLUCOSIDE, HELIANTHUS ANNUUS (SUNFLOWER) SEED EXTRACT, PARFUM (FRAGRANCE), LACTIC ACID, BENZYL SALICYLATE, LIMONENE, HEXYL CINNAMAL, LINALOOL, GLYCERIN.<\/p>\n<p><strong>The list of ingredients could change. Always refer to the product packaging for the most up-to-date ingredient list.<\/strong><br \/>\n<strong>Koostisosade loetelu v\u00f5ib muutuda. K\u00f5ige ajakohasema koostisosade loetelu leiad alati toote pakendilt.<\/strong><\/p>\n<p class=\"p1\"><span class=\"s1\">Importer: Beauty Cosmetics O\u00dc, Kaupmehe 6, Tallinn <a href=\"https:\/\/shebeauty.ee\/en\/\"><span class=\"s2\">www.shebeauty.ee<\/span><\/a><\/span><\/p>","protected":false},"excerpt":{"rendered":"<p>(<em>Liitrihind: 193,33 \u20ac \/ l<\/em>)<br \/>\nV\u00e4rvi kinnitav ja s\u00e4ra andev juuksesprei, mis on m\u00f5eldud v\u00e4rvitud juuste kaitseks.<br \/>\nParima tulemuse saavutamiseks kasuta spreid enne maski \u2013 fotokaitse ja v\u00e4rvi lukustav toime.<\/p>","protected":false},"featured_media":5634,"comment_status":"open","ping_status":"closed","template":"","meta":{"site-sidebar-layout":"default","site-content-layout":"","ast-site-content-layout":"default","site-content-style":"default","site-sidebar-style":"default","ast-global-header-display":"","ast-banner-title-visibility":"","ast-main-header-display":"","ast-hfb-above-header-display":"","ast-hfb-below-header-display":"","ast-hfb-mobile-header-display":"","site-post-title":"","ast-breadcrumbs-content":"","ast-featured-img":"","footer-sml-layout":"","ast-disable-related-posts":"","theme-transparent-header-meta":"default","adv-header-id-meta":"","stick-header-meta":"","header-above-stick-meta":"","header-main-stick-meta":"","header-below-stick-meta":"","astra-migrate-meta-layouts":"set","ast-page-background-enabled":"default","ast-page-background-meta":{"desktop":{"background-color":"var(--ast-global-color-4)","background-image":"","background-repeat":"repeat","background-position":"center center","background-size":"auto","background-attachment":"scroll","background-type":"","background-media":"","overlay-type":"","overlay-color":"","overlay-opacity":"","overlay-gradient":""},"tablet":{"background-color":"","background-image":"","background-repeat":"repeat","background-position":"center center","background-size":"auto","background-attachment":"scroll","background-type":"","background-media":"","overlay-type":"","overlay-color":"","overlay-opacity":"","overlay-gradient":""},"mobile":{"background-color":"","background-image":"","background-repeat":"repeat","background-position":"center center","background-size":"auto","background-attachment":"scroll","background-type":"","background-media":"","overlay-type":"","overlay-color":"","overlay-opacity":"","overlay-gradient":""}},"ast-content-background-meta":{"desktop":{"background-color":"var(--ast-global-color-5)","background-image":"","background-repeat":"repeat","background-position":"center center","background-size":"auto","background-attachment":"scroll","background-type":"","background-media":"","overlay-type":"","overlay-color":"","overlay-opacity":"","overlay-gradient":""},"tablet":{"background-color":"var(--ast-global-color-5)","background-image":"","background-repeat":"repeat","background-position":"center center","background-size":"auto","background-attachment":"scroll","background-type":"","background-media":"","overlay-type":"","overlay-color":"","overlay-opacity":"","overlay-gradient":""},"mobile":{"background-color":"var(--ast-global-color-5)","background-image":"","background-repeat":"repeat","background-position":"center center","background-size":"auto","background-attachment":"scroll","background-type":"","background-media":"","overlay-type":"","overlay-color":"","overlay-opacity":"","overlay-gradient":""}}},"product_brand":[],"product_cat":[20],"product_tag":[265,231,140,268,266],"giftcard-category":[],"class_list":{"0":"post-3156","1":"product","2":"type-product","3":"status-publish","4":"has-post-thumbnail","6":"product_cat-juuksehooldustooted-sampoon-palsam-mask","7":"product_tag-color-code-sari","8":"product_tag-k-time-somnia","9":"product_tag-varvikaitse","10":"product_tag-varvikinnitussprei","11":"product_tag-varvitud-juustele","12":"desktop-align-center","13":"tablet-align-left","14":"mobile-align-left","16":"first","17":"instock","18":"taxable","19":"shipping-taxable","20":"purchasable","21":"product-type-simple"},"yoast_head":"<!-- This site is optimized with the Yoast SEO plugin v27.3 - https:\/\/yoast.com\/product\/yoast-seo-wordpress\/ -->\n<title>K-Time Somnia Color Code Colour Seal Spray 150ml - She Beauty Studio<\/title>\n<meta name=\"description\" content=\"Somnia Color Code Colour Seal Spray on spetsiaalselt loodud v\u00e4rvitud juustele, et tugevdada juuksev\u00e4rvi p\u00fcsimist ja anda juustele kauakestev s\u00e4ra.\" \/>\n<meta name=\"robots\" content=\"index, follow, max-snippet:-1, max-image-preview:large, max-video-preview:-1\" \/>\n<link rel=\"canonical\" href=\"https:\/\/shebeauty.ee\/en\/product\/k-time-color-code-colour-seal-spray-150ml\/\" \/>\n<meta property=\"og:locale\" content=\"en_US\" \/>\n<meta property=\"og:type\" content=\"article\" \/>\n<meta property=\"og:title\" content=\"K-Time Somnia Color Code Colour Seal Spray 150ml - She Beauty Studio\" \/>\n<meta property=\"og:description\" content=\"Somnia Color Code Colour Seal Spray on spetsiaalselt loodud v\u00e4rvitud juustele, et tugevdada juuksev\u00e4rvi p\u00fcsimist ja anda juustele kauakestev s\u00e4ra.\" \/>\n<meta property=\"og:url\" content=\"https:\/\/shebeauty.ee\/en\/product\/k-time-color-code-colour-seal-spray-150ml\/\" \/>\n<meta property=\"og:site_name\" content=\"She Beauty Studio\" \/>\n<meta property=\"article:modified_time\" content=\"2025-08-20T09:47:40+00:00\" \/>\n<meta property=\"og:image\" content=\"https:\/\/shebeauty.ee\/wp-content\/uploads\/2023\/12\/Varvi-kaitsev-Color-Code-sprei-150ml-scaled.jpg\" \/>\n\t<meta property=\"og:image:width\" content=\"2560\" \/>\n\t<meta property=\"og:image:height\" content=\"2560\" \/>\n\t<meta property=\"og:image:type\" content=\"image\/jpeg\" \/>\n<meta name=\"twitter:card\" content=\"summary_large_image\" \/>\n<meta name=\"twitter:label1\" content=\"Est. reading time\" \/>\n\t<meta name=\"twitter:data1\" content=\"2 minutes\" \/>\n<script type=\"application\/ld+json\" class=\"yoast-schema-graph\">{\"@context\":\"https:\\\/\\\/schema.org\",\"@graph\":[{\"@type\":\"WebPage\",\"@id\":\"https:\\\/\\\/shebeauty.ee\\\/toode\\\/k-time-color-code-colour-seal-spray-150ml\\\/\",\"url\":\"https:\\\/\\\/shebeauty.ee\\\/toode\\\/k-time-color-code-colour-seal-spray-150ml\\\/\",\"name\":\"K-Time Somnia Color Code Colour Seal Spray 150ml - She Beauty Studio\",\"isPartOf\":{\"@id\":\"https:\\\/\\\/shebeauty.ee\\\/#website\"},\"primaryImageOfPage\":{\"@id\":\"https:\\\/\\\/shebeauty.ee\\\/toode\\\/k-time-color-code-colour-seal-spray-150ml\\\/#primaryimage\"},\"image\":{\"@id\":\"https:\\\/\\\/shebeauty.ee\\\/toode\\\/k-time-color-code-colour-seal-spray-150ml\\\/#primaryimage\"},\"thumbnailUrl\":\"https:\\\/\\\/shebeauty.ee\\\/wp-content\\\/uploads\\\/2023\\\/12\\\/Varvi-kaitsev-Color-Code-sprei-150ml-scaled.jpg\",\"datePublished\":\"2023-12-17T15:02:52+00:00\",\"dateModified\":\"2025-08-20T09:47:40+00:00\",\"description\":\"Somnia Color Code Colour Seal Spray on spetsiaalselt loodud v\u00e4rvitud juustele, et tugevdada juuksev\u00e4rvi p\u00fcsimist ja anda juustele kauakestev s\u00e4ra.\",\"breadcrumb\":{\"@id\":\"https:\\\/\\\/shebeauty.ee\\\/toode\\\/k-time-color-code-colour-seal-spray-150ml\\\/#breadcrumb\"},\"inLanguage\":\"en-US\",\"potentialAction\":[{\"@type\":\"ReadAction\",\"target\":[\"https:\\\/\\\/shebeauty.ee\\\/toode\\\/k-time-color-code-colour-seal-spray-150ml\\\/\"]}]},{\"@type\":\"ImageObject\",\"inLanguage\":\"en-US\",\"@id\":\"https:\\\/\\\/shebeauty.ee\\\/toode\\\/k-time-color-code-colour-seal-spray-150ml\\\/#primaryimage\",\"url\":\"https:\\\/\\\/shebeauty.ee\\\/wp-content\\\/uploads\\\/2023\\\/12\\\/Varvi-kaitsev-Color-Code-sprei-150ml-scaled.jpg\",\"contentUrl\":\"https:\\\/\\\/shebeauty.ee\\\/wp-content\\\/uploads\\\/2023\\\/12\\\/Varvi-kaitsev-Color-Code-sprei-150ml-scaled.jpg\",\"width\":2560,\"height\":2560},{\"@type\":\"BreadcrumbList\",\"@id\":\"https:\\\/\\\/shebeauty.ee\\\/toode\\\/k-time-color-code-colour-seal-spray-150ml\\\/#breadcrumb\",\"itemListElement\":[{\"@type\":\"ListItem\",\"position\":1,\"name\":\"Home\",\"item\":\"https:\\\/\\\/shebeauty.ee\\\/\"},{\"@type\":\"ListItem\",\"position\":2,\"name\":\"Pood\",\"item\":\"https:\\\/\\\/shebeauty.ee\\\/e-pood\\\/\"},{\"@type\":\"ListItem\",\"position\":3,\"name\":\"K-Time Somnia Color Code Colour Seal Spray 150ml\"}]},{\"@type\":\"WebSite\",\"@id\":\"https:\\\/\\\/shebeauty.ee\\\/#website\",\"url\":\"https:\\\/\\\/shebeauty.ee\\\/\",\"name\":\"She Beauty Studio\",\"description\":\"Juuksestuudio\",\"publisher\":{\"@id\":\"https:\\\/\\\/shebeauty.ee\\\/#organization\"},\"potentialAction\":[{\"@type\":\"SearchAction\",\"target\":{\"@type\":\"EntryPoint\",\"urlTemplate\":\"https:\\\/\\\/shebeauty.ee\\\/?s={search_term_string}\"},\"query-input\":{\"@type\":\"PropertyValueSpecification\",\"valueRequired\":true,\"valueName\":\"search_term_string\"}}],\"inLanguage\":\"en-US\"},{\"@type\":\"Organization\",\"@id\":\"https:\\\/\\\/shebeauty.ee\\\/#organization\",\"name\":\"She Beauty O\u00dc\",\"url\":\"https:\\\/\\\/shebeauty.ee\\\/\",\"logo\":{\"@type\":\"ImageObject\",\"inLanguage\":\"en-US\",\"@id\":\"https:\\\/\\\/shebeauty.ee\\\/#\\\/schema\\\/logo\\\/image\\\/\",\"url\":\"https:\\\/\\\/shebeauty.ee\\\/wp-content\\\/uploads\\\/2023\\\/10\\\/IMG_0585.jpg\",\"contentUrl\":\"https:\\\/\\\/shebeauty.ee\\\/wp-content\\\/uploads\\\/2023\\\/10\\\/IMG_0585.jpg\",\"width\":1284,\"height\":1300,\"caption\":\"She Beauty O\u00dc\"},\"image\":{\"@id\":\"https:\\\/\\\/shebeauty.ee\\\/#\\\/schema\\\/logo\\\/image\\\/\"}}]}<\/script>\n<!-- \/ Yoast SEO plugin. -->","yoast_head_json":{"title":"K-Time Somnia Color Code Colour Seal Spray 150ml - She Beauty Studio","description":"Somnia Color Code Colour Seal Spray on spetsiaalselt loodud v\u00e4rvitud juustele, et tugevdada juuksev\u00e4rvi p\u00fcsimist ja anda juustele kauakestev s\u00e4ra.","robots":{"index":"index","follow":"follow","max-snippet":"max-snippet:-1","max-image-preview":"max-image-preview:large","max-video-preview":"max-video-preview:-1"},"canonical":"https:\/\/shebeauty.ee\/en\/product\/k-time-color-code-colour-seal-spray-150ml\/","og_locale":"en_US","og_type":"article","og_title":"K-Time Somnia Color Code Colour Seal Spray 150ml - She Beauty Studio","og_description":"Somnia Color Code Colour Seal Spray on spetsiaalselt loodud v\u00e4rvitud juustele, et tugevdada juuksev\u00e4rvi p\u00fcsimist ja anda juustele kauakestev s\u00e4ra.","og_url":"https:\/\/shebeauty.ee\/en\/product\/k-time-color-code-colour-seal-spray-150ml\/","og_site_name":"She Beauty Studio","article_modified_time":"2025-08-20T09:47:40+00:00","og_image":[{"width":2560,"height":2560,"url":"https:\/\/shebeauty.ee\/wp-content\/uploads\/2023\/12\/Varvi-kaitsev-Color-Code-sprei-150ml-scaled.jpg","type":"image\/jpeg"}],"twitter_card":"summary_large_image","twitter_misc":{"Est. reading time":"2 minutes"},"schema":{"@context":"https:\/\/schema.org","@graph":[{"@type":"WebPage","@id":"https:\/\/shebeauty.ee\/toode\/k-time-color-code-colour-seal-spray-150ml\/","url":"https:\/\/shebeauty.ee\/toode\/k-time-color-code-colour-seal-spray-150ml\/","name":"K-Time Somnia Color Code Colour Seal Spray 150ml - She Beauty Studio","isPartOf":{"@id":"https:\/\/shebeauty.ee\/#website"},"primaryImageOfPage":{"@id":"https:\/\/shebeauty.ee\/toode\/k-time-color-code-colour-seal-spray-150ml\/#primaryimage"},"image":{"@id":"https:\/\/shebeauty.ee\/toode\/k-time-color-code-colour-seal-spray-150ml\/#primaryimage"},"thumbnailUrl":"https:\/\/shebeauty.ee\/wp-content\/uploads\/2023\/12\/Varvi-kaitsev-Color-Code-sprei-150ml-scaled.jpg","datePublished":"2023-12-17T15:02:52+00:00","dateModified":"2025-08-20T09:47:40+00:00","description":"Somnia Color Code Colour Seal Spray on spetsiaalselt loodud v\u00e4rvitud juustele, et tugevdada juuksev\u00e4rvi p\u00fcsimist ja anda juustele kauakestev s\u00e4ra.","breadcrumb":{"@id":"https:\/\/shebeauty.ee\/toode\/k-time-color-code-colour-seal-spray-150ml\/#breadcrumb"},"inLanguage":"en-US","potentialAction":[{"@type":"ReadAction","target":["https:\/\/shebeauty.ee\/toode\/k-time-color-code-colour-seal-spray-150ml\/"]}]},{"@type":"ImageObject","inLanguage":"en-US","@id":"https:\/\/shebeauty.ee\/toode\/k-time-color-code-colour-seal-spray-150ml\/#primaryimage","url":"https:\/\/shebeauty.ee\/wp-content\/uploads\/2023\/12\/Varvi-kaitsev-Color-Code-sprei-150ml-scaled.jpg","contentUrl":"https:\/\/shebeauty.ee\/wp-content\/uploads\/2023\/12\/Varvi-kaitsev-Color-Code-sprei-150ml-scaled.jpg","width":2560,"height":2560},{"@type":"BreadcrumbList","@id":"https:\/\/shebeauty.ee\/toode\/k-time-color-code-colour-seal-spray-150ml\/#breadcrumb","itemListElement":[{"@type":"ListItem","position":1,"name":"Home","item":"https:\/\/shebeauty.ee\/"},{"@type":"ListItem","position":2,"name":"Pood","item":"https:\/\/shebeauty.ee\/e-pood\/"},{"@type":"ListItem","position":3,"name":"K-Time Somnia Color Code Colour Seal Spray 150ml"}]},{"@type":"WebSite","@id":"https:\/\/shebeauty.ee\/#website","url":"https:\/\/shebeauty.ee\/","name":"She Beauty Studio","description":"Juuksestuudio","publisher":{"@id":"https:\/\/shebeauty.ee\/#organization"},"potentialAction":[{"@type":"SearchAction","target":{"@type":"EntryPoint","urlTemplate":"https:\/\/shebeauty.ee\/?s={search_term_string}"},"query-input":{"@type":"PropertyValueSpecification","valueRequired":true,"valueName":"search_term_string"}}],"inLanguage":"en-US"},{"@type":"Organization","@id":"https:\/\/shebeauty.ee\/#organization","name":"She Beauty O\u00dc","url":"https:\/\/shebeauty.ee\/","logo":{"@type":"ImageObject","inLanguage":"en-US","@id":"https:\/\/shebeauty.ee\/#\/schema\/logo\/image\/","url":"https:\/\/shebeauty.ee\/wp-content\/uploads\/2023\/10\/IMG_0585.jpg","contentUrl":"https:\/\/shebeauty.ee\/wp-content\/uploads\/2023\/10\/IMG_0585.jpg","width":1284,"height":1300,"caption":"She Beauty O\u00dc"},"image":{"@id":"https:\/\/shebeauty.ee\/#\/schema\/logo\/image\/"}}]}},"_links":{"self":[{"href":"https:\/\/shebeauty.ee\/en\/wp-json\/wp\/v2\/product\/3156","targetHints":{"allow":["GET"]}}],"collection":[{"href":"https:\/\/shebeauty.ee\/en\/wp-json\/wp\/v2\/product"}],"about":[{"href":"https:\/\/shebeauty.ee\/en\/wp-json\/wp\/v2\/types\/product"}],"replies":[{"embeddable":true,"href":"https:\/\/shebeauty.ee\/en\/wp-json\/wp\/v2\/comments?post=3156"}],"wp:featuredmedia":[{"embeddable":true,"href":"https:\/\/shebeauty.ee\/en\/wp-json\/wp\/v2\/media\/5634"}],"wp:attachment":[{"href":"https:\/\/shebeauty.ee\/en\/wp-json\/wp\/v2\/media?parent=3156"}],"wp:term":[{"taxonomy":"product_brand","embeddable":true,"href":"https:\/\/shebeauty.ee\/en\/wp-json\/wp\/v2\/product_brand?post=3156"},{"taxonomy":"product_cat","embeddable":true,"href":"https:\/\/shebeauty.ee\/en\/wp-json\/wp\/v2\/product_cat?post=3156"},{"taxonomy":"product_tag","embeddable":true,"href":"https:\/\/shebeauty.ee\/en\/wp-json\/wp\/v2\/product_tag?post=3156"},{"taxonomy":"giftcard-category","embeddable":true,"href":"https:\/\/shebeauty.ee\/en\/wp-json\/wp\/v2\/giftcard-category?post=3156"}],"curies":[{"name":"wp","href":"https:\/\/api.w.org\/{rel}","templated":true}]}}