{"id":3154,"date":"2023-12-17T17:01:18","date_gmt":"2023-12-17T15:01:18","guid":{"rendered":"https:\/\/shebeauty.ee\/?post_type=product&#038;p=3154"},"modified":"2025-08-23T16:08:00","modified_gmt":"2025-08-23T13:08:00","slug":"k-time-somnia-color-code-protective-radiace-mask","status":"publish","type":"product","link":"https:\/\/shebeauty.ee\/en\/product\/k-time-somnia-color-code-protective-radiace-mask\/","title":{"rendered":"K-Time Somnia Color Code Protective-Radiance Mask"},"content":{"rendered":"<p data-start=\"181\" data-end=\"434\"><strong>Color Code Protective-Radiance mask<\/strong> on s\u00fcvahooldav juuksemask, loodud spetsiaalselt v\u00e4rvitud ja keemiliselt t\u00f6\u00f6deldud juustele. Mask aitab s\u00e4ilitada juuksev\u00e4rvi intensiivsust ja eluj\u00f5ulisust, pakkudes samal ajal s\u00fcgavat niisutust ning kaitset v\u00e4lism\u00f5jude eest.<\/p>\n<p data-start=\"812\" data-end=\"1118\">T\u00e4nu oma tasakaalustatud koostisele taastab mask juukse pH ning annab juustele siidise sileduse ja elastsuse.<\/p>\n<p><strong data-start=\"619\" data-end=\"634\">Usage:<\/strong><br data-start=\"634\" data-end=\"637\" \/>P\u00e4rast \u0161ampooniga pesu kanna v\u00e4ike kogus toodet niisketesse juustesse, juuksepikkusest kuni otsteni. Kammige juuksed l\u00e4bi ja laske m\u00f5juda 5\u201310 minutit. Loputa hoolikalt.<\/p>\n<p class=\"p1\"><strong>Ingredients:<br \/>\n<\/strong>AQUA (WATER), CETEARYL ALCOHOL, BEHENTRIMONIUM CHLORIDE, BIS-AMINOPROPYL DIMETHICONE, CITRUS AURANTIUM DULCIS (ORANGE) FRUIT EXTRACT, HELIANTHUS ANNUUS (SUNFLOWER) SEED EXTRACT, OCTYLDODECANOL, BENZOPHENONE-4, HYDROGENATED COCO-GLYCERIDES, CAPRYLIC\/CAPRIC TRIGLYCERIDE, POLYQUATERNIUM-37, ISOPROPYL ALCOHOL, PROPYLENE GLYCOL DICAPRYLATE\/DICAPRATE, PPG-1 TRIDECETH-6, MALTODEXTRIN, HYDROXYETHYLCELLULOSE, LACTIC ACID, PARFUM (FRAGRANCE), BENZYL SALICYLATE, HEXYL CINNAMAL, LIMONENE, LINALOOL.<\/p>\n<p><strong>The list of ingredients could change. Always refer to the product packaging for the most up-to-date ingredient list.<\/strong><br \/>\n<strong>Koostisosade loetelu v\u00f5ib muutuda. K\u00f5ige ajakohasema koostisosade loetelu leiad alati toote pakendilt.<\/strong><\/p>\n<p class=\"p1\"><span class=\"s1\">Importer: Beauty Cosmetics O\u00dc, Kaupmehe 6, Tallinn <a href=\"https:\/\/shebeauty.ee\/en\/\"><span class=\"s2\">www.shebeauty.ee<\/span><\/a><\/span><\/p>","protected":false},"excerpt":{"rendered":"<p>(<em>200ml liitrihind: 120\u20ac \/ l<\/em>)<br \/>\n(<em>500ml liitrihind: 58\u20ac \/ l<\/em>)<br \/>\nJuuksetooni ja s\u00e4ra kaitsev mask, mis on m\u00f5eldud eelk\u00f5ige v\u00e4rvitud ja t\u00f6\u00f6deldud juustele.<br \/>\nS\u00fcgavniisutav, UV-kaitsega ja antistaatilise toimega.<\/p>\n<p>Kasuta 1\u20132 korda n\u00e4dalas v\u00f5i vastavalt vajadusele, et s\u00e4ilitada juuksev\u00e4rvi eluj\u00f5ulisus ja tervislik v\u00e4limus.<\/p>","protected":false},"featured_media":5631,"comment_status":"open","ping_status":"closed","template":"","meta":{"site-sidebar-layout":"default","site-content-layout":"","ast-site-content-layout":"default","site-content-style":"default","site-sidebar-style":"default","ast-global-header-display":"","ast-banner-title-visibility":"","ast-main-header-display":"","ast-hfb-above-header-display":"","ast-hfb-below-header-display":"","ast-hfb-mobile-header-display":"","site-post-title":"","ast-breadcrumbs-content":"","ast-featured-img":"","footer-sml-layout":"","ast-disable-related-posts":"","theme-transparent-header-meta":"default","adv-header-id-meta":"","stick-header-meta":"","header-above-stick-meta":"","header-main-stick-meta":"","header-below-stick-meta":"","astra-migrate-meta-layouts":"set","ast-page-background-enabled":"default","ast-page-background-meta":{"desktop":{"background-color":"var(--ast-global-color-4)","background-image":"","background-repeat":"repeat","background-position":"center center","background-size":"auto","background-attachment":"scroll","background-type":"","background-media":"","overlay-type":"","overlay-color":"","overlay-opacity":"","overlay-gradient":""},"tablet":{"background-color":"","background-image":"","background-repeat":"repeat","background-position":"center center","background-size":"auto","background-attachment":"scroll","background-type":"","background-media":"","overlay-type":"","overlay-color":"","overlay-opacity":"","overlay-gradient":""},"mobile":{"background-color":"","background-image":"","background-repeat":"repeat","background-position":"center center","background-size":"auto","background-attachment":"scroll","background-type":"","background-media":"","overlay-type":"","overlay-color":"","overlay-opacity":"","overlay-gradient":""}},"ast-content-background-meta":{"desktop":{"background-color":"var(--ast-global-color-5)","background-image":"","background-repeat":"repeat","background-position":"center center","background-size":"auto","background-attachment":"scroll","background-type":"","background-media":"","overlay-type":"","overlay-color":"","overlay-opacity":"","overlay-gradient":""},"tablet":{"background-color":"var(--ast-global-color-5)","background-image":"","background-repeat":"repeat","background-position":"center center","background-size":"auto","background-attachment":"scroll","background-type":"","background-media":"","overlay-type":"","overlay-color":"","overlay-opacity":"","overlay-gradient":""},"mobile":{"background-color":"var(--ast-global-color-5)","background-image":"","background-repeat":"repeat","background-position":"center center","background-size":"auto","background-attachment":"scroll","background-type":"","background-media":"","overlay-type":"","overlay-color":"","overlay-opacity":"","overlay-gradient":""}}},"product_brand":[],"product_cat":[20],"product_tag":[265,69,231,83,140,266],"giftcard-category":[],"class_list":{"0":"post-3154","1":"product","2":"type-product","3":"status-publish","4":"has-post-thumbnail","6":"product_cat-juuksehooldustooted-sampoon-palsam-mask","7":"product_tag-color-code-sari","8":"product_tag-juuksemask","9":"product_tag-k-time-somnia","10":"product_tag-palsam","11":"product_tag-varvikaitse","12":"product_tag-varvitud-juustele","13":"desktop-align-center","14":"tablet-align-left","15":"mobile-align-left","17":"first","18":"instock","19":"taxable","20":"shipping-taxable","21":"purchasable","22":"product-type-variable"},"yoast_head":"<!-- This site is optimized with the Yoast SEO plugin v27.4 - https:\/\/yoast.com\/product\/yoast-seo-wordpress\/ -->\n<title>K-Time Somnia Color Code Protective-Radiance Mask - She Beauty Studio<\/title>\n<meta name=\"description\" content=\"Color Code juuksetooni kaitsev mask on s\u00fcvahooldav juuksemask, loodud spetsiaalselt v\u00e4rvitud ja keemiliselt t\u00f6\u00f6deldud juustele.\" \/>\n<meta name=\"robots\" content=\"index, follow, max-snippet:-1, max-image-preview:large, max-video-preview:-1\" \/>\n<link rel=\"canonical\" href=\"https:\/\/shebeauty.ee\/en\/product\/k-time-somnia-color-code-protective-radiace-mask\/\" \/>\n<meta property=\"og:locale\" content=\"en_US\" \/>\n<meta property=\"og:type\" content=\"article\" \/>\n<meta property=\"og:title\" content=\"K-Time Somnia Color Code Protective-Radiance Mask - She Beauty Studio\" \/>\n<meta property=\"og:description\" content=\"Color Code juuksetooni kaitsev mask on s\u00fcvahooldav juuksemask, loodud spetsiaalselt v\u00e4rvitud ja keemiliselt t\u00f6\u00f6deldud juustele.\" \/>\n<meta property=\"og:url\" content=\"https:\/\/shebeauty.ee\/en\/product\/k-time-somnia-color-code-protective-radiace-mask\/\" \/>\n<meta property=\"og:site_name\" content=\"She Beauty Studio\" \/>\n<meta property=\"article:modified_time\" content=\"2025-08-23T13:08:00+00:00\" \/>\n<meta property=\"og:image\" content=\"https:\/\/shebeauty.ee\/wp-content\/uploads\/2023\/12\/Varvi-kaitsev-Color-Code-mask-200ml-scaled.jpg\" \/>\n\t<meta property=\"og:image:width\" content=\"2560\" \/>\n\t<meta property=\"og:image:height\" content=\"2560\" \/>\n\t<meta property=\"og:image:type\" content=\"image\/jpeg\" \/>\n<meta name=\"twitter:card\" content=\"summary_large_image\" \/>\n<meta name=\"twitter:label1\" content=\"Est. reading time\" \/>\n\t<meta name=\"twitter:data1\" content=\"2 minutes\" \/>\n<script type=\"application\/ld+json\" class=\"yoast-schema-graph\">{\"@context\":\"https:\\\/\\\/schema.org\",\"@graph\":[{\"@type\":\"WebPage\",\"@id\":\"https:\\\/\\\/shebeauty.ee\\\/toode\\\/k-time-somnia-color-code-protective-radiace-mask\\\/\",\"url\":\"https:\\\/\\\/shebeauty.ee\\\/toode\\\/k-time-somnia-color-code-protective-radiace-mask\\\/\",\"name\":\"K-Time Somnia Color Code Protective-Radiance Mask - She Beauty Studio\",\"isPartOf\":{\"@id\":\"https:\\\/\\\/shebeauty.ee\\\/#website\"},\"primaryImageOfPage\":{\"@id\":\"https:\\\/\\\/shebeauty.ee\\\/toode\\\/k-time-somnia-color-code-protective-radiace-mask\\\/#primaryimage\"},\"image\":{\"@id\":\"https:\\\/\\\/shebeauty.ee\\\/toode\\\/k-time-somnia-color-code-protective-radiace-mask\\\/#primaryimage\"},\"thumbnailUrl\":\"https:\\\/\\\/shebeauty.ee\\\/wp-content\\\/uploads\\\/2023\\\/12\\\/Varvi-kaitsev-Color-Code-mask-200ml-scaled.jpg\",\"datePublished\":\"2023-12-17T15:01:18+00:00\",\"dateModified\":\"2025-08-23T13:08:00+00:00\",\"description\":\"Color Code juuksetooni kaitsev mask on s\u00fcvahooldav juuksemask, loodud spetsiaalselt v\u00e4rvitud ja keemiliselt t\u00f6\u00f6deldud juustele.\",\"breadcrumb\":{\"@id\":\"https:\\\/\\\/shebeauty.ee\\\/toode\\\/k-time-somnia-color-code-protective-radiace-mask\\\/#breadcrumb\"},\"inLanguage\":\"en-US\",\"potentialAction\":[{\"@type\":\"ReadAction\",\"target\":[\"https:\\\/\\\/shebeauty.ee\\\/toode\\\/k-time-somnia-color-code-protective-radiace-mask\\\/\"]}]},{\"@type\":\"ImageObject\",\"inLanguage\":\"en-US\",\"@id\":\"https:\\\/\\\/shebeauty.ee\\\/toode\\\/k-time-somnia-color-code-protective-radiace-mask\\\/#primaryimage\",\"url\":\"https:\\\/\\\/shebeauty.ee\\\/wp-content\\\/uploads\\\/2023\\\/12\\\/Varvi-kaitsev-Color-Code-mask-200ml-scaled.jpg\",\"contentUrl\":\"https:\\\/\\\/shebeauty.ee\\\/wp-content\\\/uploads\\\/2023\\\/12\\\/Varvi-kaitsev-Color-Code-mask-200ml-scaled.jpg\",\"width\":2560,\"height\":2560},{\"@type\":\"BreadcrumbList\",\"@id\":\"https:\\\/\\\/shebeauty.ee\\\/toode\\\/k-time-somnia-color-code-protective-radiace-mask\\\/#breadcrumb\",\"itemListElement\":[{\"@type\":\"ListItem\",\"position\":1,\"name\":\"Home\",\"item\":\"https:\\\/\\\/shebeauty.ee\\\/\"},{\"@type\":\"ListItem\",\"position\":2,\"name\":\"Pood\",\"item\":\"https:\\\/\\\/shebeauty.ee\\\/e-pood\\\/\"},{\"@type\":\"ListItem\",\"position\":3,\"name\":\"K-Time Somnia Color Code Protective-Radiance Mask\"}]},{\"@type\":\"WebSite\",\"@id\":\"https:\\\/\\\/shebeauty.ee\\\/#website\",\"url\":\"https:\\\/\\\/shebeauty.ee\\\/\",\"name\":\"She Beauty Studio\",\"description\":\"Juuksestuudio\",\"publisher\":{\"@id\":\"https:\\\/\\\/shebeauty.ee\\\/#organization\"},\"potentialAction\":[{\"@type\":\"SearchAction\",\"target\":{\"@type\":\"EntryPoint\",\"urlTemplate\":\"https:\\\/\\\/shebeauty.ee\\\/?s={search_term_string}\"},\"query-input\":{\"@type\":\"PropertyValueSpecification\",\"valueRequired\":true,\"valueName\":\"search_term_string\"}}],\"inLanguage\":\"en-US\"},{\"@type\":\"Organization\",\"@id\":\"https:\\\/\\\/shebeauty.ee\\\/#organization\",\"name\":\"She Beauty O\u00dc\",\"url\":\"https:\\\/\\\/shebeauty.ee\\\/\",\"logo\":{\"@type\":\"ImageObject\",\"inLanguage\":\"en-US\",\"@id\":\"https:\\\/\\\/shebeauty.ee\\\/#\\\/schema\\\/logo\\\/image\\\/\",\"url\":\"https:\\\/\\\/shebeauty.ee\\\/wp-content\\\/uploads\\\/2023\\\/10\\\/IMG_0585.jpg\",\"contentUrl\":\"https:\\\/\\\/shebeauty.ee\\\/wp-content\\\/uploads\\\/2023\\\/10\\\/IMG_0585.jpg\",\"width\":1284,\"height\":1300,\"caption\":\"She Beauty O\u00dc\"},\"image\":{\"@id\":\"https:\\\/\\\/shebeauty.ee\\\/#\\\/schema\\\/logo\\\/image\\\/\"}}]}<\/script>\n<!-- \/ Yoast SEO plugin. -->","yoast_head_json":{"title":"K-Time Somnia Color Code Protective-Radiance Mask - She Beauty Studio","description":"Color Code juuksetooni kaitsev mask on s\u00fcvahooldav juuksemask, loodud spetsiaalselt v\u00e4rvitud ja keemiliselt t\u00f6\u00f6deldud juustele.","robots":{"index":"index","follow":"follow","max-snippet":"max-snippet:-1","max-image-preview":"max-image-preview:large","max-video-preview":"max-video-preview:-1"},"canonical":"https:\/\/shebeauty.ee\/en\/product\/k-time-somnia-color-code-protective-radiace-mask\/","og_locale":"en_US","og_type":"article","og_title":"K-Time Somnia Color Code Protective-Radiance Mask - She Beauty Studio","og_description":"Color Code juuksetooni kaitsev mask on s\u00fcvahooldav juuksemask, loodud spetsiaalselt v\u00e4rvitud ja keemiliselt t\u00f6\u00f6deldud juustele.","og_url":"https:\/\/shebeauty.ee\/en\/product\/k-time-somnia-color-code-protective-radiace-mask\/","og_site_name":"She Beauty Studio","article_modified_time":"2025-08-23T13:08:00+00:00","og_image":[{"width":2560,"height":2560,"url":"https:\/\/shebeauty.ee\/wp-content\/uploads\/2023\/12\/Varvi-kaitsev-Color-Code-mask-200ml-scaled.jpg","type":"image\/jpeg"}],"twitter_card":"summary_large_image","twitter_misc":{"Est. reading time":"2 minutes"},"schema":{"@context":"https:\/\/schema.org","@graph":[{"@type":"WebPage","@id":"https:\/\/shebeauty.ee\/toode\/k-time-somnia-color-code-protective-radiace-mask\/","url":"https:\/\/shebeauty.ee\/toode\/k-time-somnia-color-code-protective-radiace-mask\/","name":"K-Time Somnia Color Code Protective-Radiance Mask - She Beauty Studio","isPartOf":{"@id":"https:\/\/shebeauty.ee\/#website"},"primaryImageOfPage":{"@id":"https:\/\/shebeauty.ee\/toode\/k-time-somnia-color-code-protective-radiace-mask\/#primaryimage"},"image":{"@id":"https:\/\/shebeauty.ee\/toode\/k-time-somnia-color-code-protective-radiace-mask\/#primaryimage"},"thumbnailUrl":"https:\/\/shebeauty.ee\/wp-content\/uploads\/2023\/12\/Varvi-kaitsev-Color-Code-mask-200ml-scaled.jpg","datePublished":"2023-12-17T15:01:18+00:00","dateModified":"2025-08-23T13:08:00+00:00","description":"Color Code juuksetooni kaitsev mask on s\u00fcvahooldav juuksemask, loodud spetsiaalselt v\u00e4rvitud ja keemiliselt t\u00f6\u00f6deldud juustele.","breadcrumb":{"@id":"https:\/\/shebeauty.ee\/toode\/k-time-somnia-color-code-protective-radiace-mask\/#breadcrumb"},"inLanguage":"en-US","potentialAction":[{"@type":"ReadAction","target":["https:\/\/shebeauty.ee\/toode\/k-time-somnia-color-code-protective-radiace-mask\/"]}]},{"@type":"ImageObject","inLanguage":"en-US","@id":"https:\/\/shebeauty.ee\/toode\/k-time-somnia-color-code-protective-radiace-mask\/#primaryimage","url":"https:\/\/shebeauty.ee\/wp-content\/uploads\/2023\/12\/Varvi-kaitsev-Color-Code-mask-200ml-scaled.jpg","contentUrl":"https:\/\/shebeauty.ee\/wp-content\/uploads\/2023\/12\/Varvi-kaitsev-Color-Code-mask-200ml-scaled.jpg","width":2560,"height":2560},{"@type":"BreadcrumbList","@id":"https:\/\/shebeauty.ee\/toode\/k-time-somnia-color-code-protective-radiace-mask\/#breadcrumb","itemListElement":[{"@type":"ListItem","position":1,"name":"Home","item":"https:\/\/shebeauty.ee\/"},{"@type":"ListItem","position":2,"name":"Pood","item":"https:\/\/shebeauty.ee\/e-pood\/"},{"@type":"ListItem","position":3,"name":"K-Time Somnia Color Code Protective-Radiance Mask"}]},{"@type":"WebSite","@id":"https:\/\/shebeauty.ee\/#website","url":"https:\/\/shebeauty.ee\/","name":"She Beauty Studio","description":"Juuksestuudio","publisher":{"@id":"https:\/\/shebeauty.ee\/#organization"},"potentialAction":[{"@type":"SearchAction","target":{"@type":"EntryPoint","urlTemplate":"https:\/\/shebeauty.ee\/?s={search_term_string}"},"query-input":{"@type":"PropertyValueSpecification","valueRequired":true,"valueName":"search_term_string"}}],"inLanguage":"en-US"},{"@type":"Organization","@id":"https:\/\/shebeauty.ee\/#organization","name":"She Beauty O\u00dc","url":"https:\/\/shebeauty.ee\/","logo":{"@type":"ImageObject","inLanguage":"en-US","@id":"https:\/\/shebeauty.ee\/#\/schema\/logo\/image\/","url":"https:\/\/shebeauty.ee\/wp-content\/uploads\/2023\/10\/IMG_0585.jpg","contentUrl":"https:\/\/shebeauty.ee\/wp-content\/uploads\/2023\/10\/IMG_0585.jpg","width":1284,"height":1300,"caption":"She Beauty O\u00dc"},"image":{"@id":"https:\/\/shebeauty.ee\/#\/schema\/logo\/image\/"}}]}},"_links":{"self":[{"href":"https:\/\/shebeauty.ee\/en\/wp-json\/wp\/v2\/product\/3154","targetHints":{"allow":["GET"]}}],"collection":[{"href":"https:\/\/shebeauty.ee\/en\/wp-json\/wp\/v2\/product"}],"about":[{"href":"https:\/\/shebeauty.ee\/en\/wp-json\/wp\/v2\/types\/product"}],"replies":[{"embeddable":true,"href":"https:\/\/shebeauty.ee\/en\/wp-json\/wp\/v2\/comments?post=3154"}],"wp:featuredmedia":[{"embeddable":true,"href":"https:\/\/shebeauty.ee\/en\/wp-json\/wp\/v2\/media\/5631"}],"wp:attachment":[{"href":"https:\/\/shebeauty.ee\/en\/wp-json\/wp\/v2\/media?parent=3154"}],"wp:term":[{"taxonomy":"product_brand","embeddable":true,"href":"https:\/\/shebeauty.ee\/en\/wp-json\/wp\/v2\/product_brand?post=3154"},{"taxonomy":"product_cat","embeddable":true,"href":"https:\/\/shebeauty.ee\/en\/wp-json\/wp\/v2\/product_cat?post=3154"},{"taxonomy":"product_tag","embeddable":true,"href":"https:\/\/shebeauty.ee\/en\/wp-json\/wp\/v2\/product_tag?post=3154"},{"taxonomy":"giftcard-category","embeddable":true,"href":"https:\/\/shebeauty.ee\/en\/wp-json\/wp\/v2\/giftcard-category?post=3154"}],"curies":[{"name":"wp","href":"https:\/\/api.w.org\/{rel}","templated":true}]}}