{"id":3147,"date":"2023-12-17T16:59:50","date_gmt":"2023-12-17T14:59:50","guid":{"rendered":"https:\/\/shebeauty.ee\/?post_type=product&#038;p=3147"},"modified":"2025-08-23T16:02:18","modified_gmt":"2025-08-23T13:02:18","slug":"k-time-somnia-color-code-protective-radiance-shampoo","status":"publish","type":"product","link":"https:\/\/shebeauty.ee\/en\/product\/k-time-somnia-color-code-protective-radiance-shampoo\/","title":{"rendered":"K-Time Somnia Color Code Protective-Radiance Shampoo"},"content":{"rendered":"<p data-start=\"143\" data-end=\"410\"><strong>Color Code Protective-Radiance \u0161ampoon<\/strong> on ideaalne v\u00e4rvitud ja keemiliselt t\u00f6\u00f6deldud juustele, et s\u00e4ilitada juuksev\u00e4rvi intensiivsus ja eluj\u00f5ud. Selle t\u00f5hus koostis kaitseb juukseid keskkonnam\u00f5jude ja UV-kiirguse eest ning aitab s\u00e4ilitada juuste loomulikku niiskustasakaalu.<\/p>\n<p data-start=\"770\" data-end=\"906\">T\u00e4nu hoolikalt valitud aktiivainetele taastab \u0161ampoon juukse pH-tasakaalu ning muudab juuksed p\u00e4rast pesu siidiselt pehmeks ja s\u00e4ravaks.<\/p>\n<p><strong>Usage:<\/strong> Apply the product to wet hair, gently massaging the scalp until the shampoo lathers. Rinse thoroughly. If necessary, repeat the application, leaving the shampoo on for a few seconds longer before rinsing.<\/p>\n<p><strong>Ingredients:<\/strong><br \/>\nAQUA (WATER), SODIUM LAURETH SULFATE, COCAMIDOPROPYL BETAINE, METHOXY PEG\/PPG-7\/3 AMINOPROPYL DIMETHICONE, CITRUS AURANTIUM DULCIS (ORANGE) FRUIT EXTRACT, HELIANTHUS ANNUUS (SUNFLOWER) SEED EXTRACT, OCTYLDODECANOL, BENZOPHENONE-4, HYDROGENATED COCO-GLYCERIDES, PEG-8 DIMETHICONE, POLYQUATERNIUM-10, POLYQUATERNIUM-47, PEG-120 METHYL GLUCOSE TRIOLEATE, GLYCOL DISTEARATE, LAURETH-4, PROPYLENE GLYCOL, MALTODEXTRIN, SODIUM CHLORIDE, CITRIC ACID, PARFUM (FRAGRANCE), DISODIUM EDTA, PHENOXYETHANOL, CHLORPHENESIN, BENZYL ALCOHOL, METHYLCHLOROISOTHIAZOLINONE, METHYLISOTHIAZOLINONE, BENZYL SALICYLATE, HEXYL CINNAMAL, LIMONENE, LINALOOL.<\/p>\n<p><strong>The list of ingredients could change. Always refer to the product packaging for the most up-to-date ingredient list.<\/strong><br \/>\n<strong>Koostisosade loetelu v\u00f5ib muutuda. K\u00f5ige ajakohasema koostisosade loetelu leiad alati toote pakendilt.<\/strong><\/p>\n<p class=\"p1\"><span class=\"s1\">Importer: Beauty Cosmetics O\u00dc, Kaupmehe 6, Tallinn <a href=\"https:\/\/shebeauty.ee\/en\/\"><span class=\"s2\">www.shebeauty.ee<\/span><\/a><\/span><\/p>","protected":false},"excerpt":{"rendered":"<p>(<em>200ml liitrihind: 66,67 \u20ac \/ l<\/em>)<br \/>\n(<em>1000ml liitrihind: 36 \u20ac \/ l<\/em>)<br \/>\nJuuksev\u00e4rvi kaitsev \u0161ampoon, mis on m\u00f5eldud v\u00e4rvitud ja t\u00f6\u00f6deldud juustele.<br \/>\nSisaldab endas taimseid keramiide, veriapelsini pol\u00fcfenoole ja UV-kaitset.<br \/>\nSobib igap\u00e4evaseks kasutamiseks.<\/p>","protected":false},"featured_media":5623,"comment_status":"open","ping_status":"closed","template":"","meta":{"site-sidebar-layout":"default","site-content-layout":"","ast-site-content-layout":"default","site-content-style":"default","site-sidebar-style":"default","ast-global-header-display":"","ast-banner-title-visibility":"","ast-main-header-display":"","ast-hfb-above-header-display":"","ast-hfb-below-header-display":"","ast-hfb-mobile-header-display":"","site-post-title":"","ast-breadcrumbs-content":"","ast-featured-img":"","footer-sml-layout":"","ast-disable-related-posts":"","theme-transparent-header-meta":"default","adv-header-id-meta":"","stick-header-meta":"","header-above-stick-meta":"","header-main-stick-meta":"","header-below-stick-meta":"","astra-migrate-meta-layouts":"set","ast-page-background-enabled":"default","ast-page-background-meta":{"desktop":{"background-color":"var(--ast-global-color-4)","background-image":"","background-repeat":"repeat","background-position":"center center","background-size":"auto","background-attachment":"scroll","background-type":"","background-media":"","overlay-type":"","overlay-color":"","overlay-opacity":"","overlay-gradient":""},"tablet":{"background-color":"","background-image":"","background-repeat":"repeat","background-position":"center center","background-size":"auto","background-attachment":"scroll","background-type":"","background-media":"","overlay-type":"","overlay-color":"","overlay-opacity":"","overlay-gradient":""},"mobile":{"background-color":"","background-image":"","background-repeat":"repeat","background-position":"center center","background-size":"auto","background-attachment":"scroll","background-type":"","background-media":"","overlay-type":"","overlay-color":"","overlay-opacity":"","overlay-gradient":""}},"ast-content-background-meta":{"desktop":{"background-color":"var(--ast-global-color-5)","background-image":"","background-repeat":"repeat","background-position":"center center","background-size":"auto","background-attachment":"scroll","background-type":"","background-media":"","overlay-type":"","overlay-color":"","overlay-opacity":"","overlay-gradient":""},"tablet":{"background-color":"var(--ast-global-color-5)","background-image":"","background-repeat":"repeat","background-position":"center center","background-size":"auto","background-attachment":"scroll","background-type":"","background-media":"","overlay-type":"","overlay-color":"","overlay-opacity":"","overlay-gradient":""},"mobile":{"background-color":"var(--ast-global-color-5)","background-image":"","background-repeat":"repeat","background-position":"center center","background-size":"auto","background-attachment":"scroll","background-type":"","background-media":"","overlay-type":"","overlay-color":"","overlay-opacity":"","overlay-gradient":""}}},"product_brand":[],"product_cat":[20],"product_tag":[265,231,129,267,266],"giftcard-category":[],"class_list":{"0":"post-3147","1":"product","2":"type-product","3":"status-publish","4":"has-post-thumbnail","6":"product_cat-juuksehooldustooted-sampoon-palsam-mask","7":"product_tag-color-code-sari","8":"product_tag-k-time-somnia","9":"product_tag-shampoo","10":"product_tag-taastab-ph-tasakaalu","11":"product_tag-varvitud-juustele","12":"desktop-align-center","13":"tablet-align-left","14":"mobile-align-left","16":"first","17":"instock","18":"taxable","19":"shipping-taxable","20":"purchasable","21":"product-type-variable"},"yoast_head":"<!-- This site is optimized with the Yoast SEO plugin v27.3 - https:\/\/yoast.com\/product\/yoast-seo-wordpress\/ -->\n<title>K-Time Somnia Color Code Protective-Radiance Shampoo - She Beauty Studio<\/title>\n<meta name=\"description\" content=\"Color Code juuksetooni kaitsev \u0161ampoon on ideaalne v\u00e4rvitud ja keemiliselt t\u00f6\u00f6deldud juustele, et s\u00e4ilitada juuksev\u00e4rvi intensiivsus ja eluj\u00f5ud.\" \/>\n<meta name=\"robots\" content=\"index, follow, max-snippet:-1, max-image-preview:large, max-video-preview:-1\" \/>\n<link rel=\"canonical\" href=\"https:\/\/shebeauty.ee\/en\/product\/k-time-somnia-color-code-protective-radiance-shampoo\/\" \/>\n<meta property=\"og:locale\" content=\"en_US\" \/>\n<meta property=\"og:type\" content=\"article\" \/>\n<meta property=\"og:title\" content=\"K-Time Somnia Color Code Protective-Radiance Shampoo - She Beauty Studio\" \/>\n<meta property=\"og:description\" content=\"Color Code juuksetooni kaitsev \u0161ampoon on ideaalne v\u00e4rvitud ja keemiliselt t\u00f6\u00f6deldud juustele, et s\u00e4ilitada juuksev\u00e4rvi intensiivsus ja eluj\u00f5ud.\" \/>\n<meta property=\"og:url\" content=\"https:\/\/shebeauty.ee\/en\/product\/k-time-somnia-color-code-protective-radiance-shampoo\/\" \/>\n<meta property=\"og:site_name\" content=\"She Beauty Studio\" \/>\n<meta property=\"article:modified_time\" content=\"2025-08-23T13:02:18+00:00\" \/>\n<meta property=\"og:image\" content=\"https:\/\/shebeauty.ee\/wp-content\/uploads\/2023\/12\/Color-Code-Protective-shampoo-300ml-2-scaled.jpg\" \/>\n\t<meta property=\"og:image:width\" content=\"2560\" \/>\n\t<meta property=\"og:image:height\" content=\"2560\" \/>\n\t<meta property=\"og:image:type\" content=\"image\/jpeg\" \/>\n<meta name=\"twitter:card\" content=\"summary_large_image\" \/>\n<meta name=\"twitter:label1\" content=\"Est. reading time\" \/>\n\t<meta name=\"twitter:data1\" content=\"2 minutes\" \/>\n<script type=\"application\/ld+json\" class=\"yoast-schema-graph\">{\"@context\":\"https:\\\/\\\/schema.org\",\"@graph\":[{\"@type\":\"WebPage\",\"@id\":\"https:\\\/\\\/shebeauty.ee\\\/toode\\\/k-time-somnia-color-code-protective-radiance-shampoo\\\/\",\"url\":\"https:\\\/\\\/shebeauty.ee\\\/toode\\\/k-time-somnia-color-code-protective-radiance-shampoo\\\/\",\"name\":\"K-Time Somnia Color Code Protective-Radiance Shampoo - She Beauty Studio\",\"isPartOf\":{\"@id\":\"https:\\\/\\\/shebeauty.ee\\\/#website\"},\"primaryImageOfPage\":{\"@id\":\"https:\\\/\\\/shebeauty.ee\\\/toode\\\/k-time-somnia-color-code-protective-radiance-shampoo\\\/#primaryimage\"},\"image\":{\"@id\":\"https:\\\/\\\/shebeauty.ee\\\/toode\\\/k-time-somnia-color-code-protective-radiance-shampoo\\\/#primaryimage\"},\"thumbnailUrl\":\"https:\\\/\\\/shebeauty.ee\\\/wp-content\\\/uploads\\\/2023\\\/12\\\/Color-Code-Protective-shampoo-300ml-2-scaled.jpg\",\"datePublished\":\"2023-12-17T14:59:50+00:00\",\"dateModified\":\"2025-08-23T13:02:18+00:00\",\"description\":\"Color Code juuksetooni kaitsev \u0161ampoon on ideaalne v\u00e4rvitud ja keemiliselt t\u00f6\u00f6deldud juustele, et s\u00e4ilitada juuksev\u00e4rvi intensiivsus ja eluj\u00f5ud.\",\"breadcrumb\":{\"@id\":\"https:\\\/\\\/shebeauty.ee\\\/toode\\\/k-time-somnia-color-code-protective-radiance-shampoo\\\/#breadcrumb\"},\"inLanguage\":\"en-US\",\"potentialAction\":[{\"@type\":\"ReadAction\",\"target\":[\"https:\\\/\\\/shebeauty.ee\\\/toode\\\/k-time-somnia-color-code-protective-radiance-shampoo\\\/\"]}]},{\"@type\":\"ImageObject\",\"inLanguage\":\"en-US\",\"@id\":\"https:\\\/\\\/shebeauty.ee\\\/toode\\\/k-time-somnia-color-code-protective-radiance-shampoo\\\/#primaryimage\",\"url\":\"https:\\\/\\\/shebeauty.ee\\\/wp-content\\\/uploads\\\/2023\\\/12\\\/Color-Code-Protective-shampoo-300ml-2-scaled.jpg\",\"contentUrl\":\"https:\\\/\\\/shebeauty.ee\\\/wp-content\\\/uploads\\\/2023\\\/12\\\/Color-Code-Protective-shampoo-300ml-2-scaled.jpg\",\"width\":2560,\"height\":2560},{\"@type\":\"BreadcrumbList\",\"@id\":\"https:\\\/\\\/shebeauty.ee\\\/toode\\\/k-time-somnia-color-code-protective-radiance-shampoo\\\/#breadcrumb\",\"itemListElement\":[{\"@type\":\"ListItem\",\"position\":1,\"name\":\"Home\",\"item\":\"https:\\\/\\\/shebeauty.ee\\\/\"},{\"@type\":\"ListItem\",\"position\":2,\"name\":\"Pood\",\"item\":\"https:\\\/\\\/shebeauty.ee\\\/e-pood\\\/\"},{\"@type\":\"ListItem\",\"position\":3,\"name\":\"K-Time Somnia Color Code Protective-Radiance Shampoo\"}]},{\"@type\":\"WebSite\",\"@id\":\"https:\\\/\\\/shebeauty.ee\\\/#website\",\"url\":\"https:\\\/\\\/shebeauty.ee\\\/\",\"name\":\"She Beauty Studio\",\"description\":\"Juuksestuudio\",\"publisher\":{\"@id\":\"https:\\\/\\\/shebeauty.ee\\\/#organization\"},\"potentialAction\":[{\"@type\":\"SearchAction\",\"target\":{\"@type\":\"EntryPoint\",\"urlTemplate\":\"https:\\\/\\\/shebeauty.ee\\\/?s={search_term_string}\"},\"query-input\":{\"@type\":\"PropertyValueSpecification\",\"valueRequired\":true,\"valueName\":\"search_term_string\"}}],\"inLanguage\":\"en-US\"},{\"@type\":\"Organization\",\"@id\":\"https:\\\/\\\/shebeauty.ee\\\/#organization\",\"name\":\"She Beauty O\u00dc\",\"url\":\"https:\\\/\\\/shebeauty.ee\\\/\",\"logo\":{\"@type\":\"ImageObject\",\"inLanguage\":\"en-US\",\"@id\":\"https:\\\/\\\/shebeauty.ee\\\/#\\\/schema\\\/logo\\\/image\\\/\",\"url\":\"https:\\\/\\\/shebeauty.ee\\\/wp-content\\\/uploads\\\/2023\\\/10\\\/IMG_0585.jpg\",\"contentUrl\":\"https:\\\/\\\/shebeauty.ee\\\/wp-content\\\/uploads\\\/2023\\\/10\\\/IMG_0585.jpg\",\"width\":1284,\"height\":1300,\"caption\":\"She Beauty O\u00dc\"},\"image\":{\"@id\":\"https:\\\/\\\/shebeauty.ee\\\/#\\\/schema\\\/logo\\\/image\\\/\"}}]}<\/script>\n<!-- \/ Yoast SEO plugin. -->","yoast_head_json":{"title":"K-Time Somnia Color Code Protective-Radiance Shampoo - She Beauty Studio","description":"Color Code juuksetooni kaitsev \u0161ampoon on ideaalne v\u00e4rvitud ja keemiliselt t\u00f6\u00f6deldud juustele, et s\u00e4ilitada juuksev\u00e4rvi intensiivsus ja eluj\u00f5ud.","robots":{"index":"index","follow":"follow","max-snippet":"max-snippet:-1","max-image-preview":"max-image-preview:large","max-video-preview":"max-video-preview:-1"},"canonical":"https:\/\/shebeauty.ee\/en\/product\/k-time-somnia-color-code-protective-radiance-shampoo\/","og_locale":"en_US","og_type":"article","og_title":"K-Time Somnia Color Code Protective-Radiance Shampoo - She Beauty Studio","og_description":"Color Code juuksetooni kaitsev \u0161ampoon on ideaalne v\u00e4rvitud ja keemiliselt t\u00f6\u00f6deldud juustele, et s\u00e4ilitada juuksev\u00e4rvi intensiivsus ja eluj\u00f5ud.","og_url":"https:\/\/shebeauty.ee\/en\/product\/k-time-somnia-color-code-protective-radiance-shampoo\/","og_site_name":"She Beauty Studio","article_modified_time":"2025-08-23T13:02:18+00:00","og_image":[{"width":2560,"height":2560,"url":"https:\/\/shebeauty.ee\/wp-content\/uploads\/2023\/12\/Color-Code-Protective-shampoo-300ml-2-scaled.jpg","type":"image\/jpeg"}],"twitter_card":"summary_large_image","twitter_misc":{"Est. reading time":"2 minutes"},"schema":{"@context":"https:\/\/schema.org","@graph":[{"@type":"WebPage","@id":"https:\/\/shebeauty.ee\/toode\/k-time-somnia-color-code-protective-radiance-shampoo\/","url":"https:\/\/shebeauty.ee\/toode\/k-time-somnia-color-code-protective-radiance-shampoo\/","name":"K-Time Somnia Color Code Protective-Radiance Shampoo - She Beauty Studio","isPartOf":{"@id":"https:\/\/shebeauty.ee\/#website"},"primaryImageOfPage":{"@id":"https:\/\/shebeauty.ee\/toode\/k-time-somnia-color-code-protective-radiance-shampoo\/#primaryimage"},"image":{"@id":"https:\/\/shebeauty.ee\/toode\/k-time-somnia-color-code-protective-radiance-shampoo\/#primaryimage"},"thumbnailUrl":"https:\/\/shebeauty.ee\/wp-content\/uploads\/2023\/12\/Color-Code-Protective-shampoo-300ml-2-scaled.jpg","datePublished":"2023-12-17T14:59:50+00:00","dateModified":"2025-08-23T13:02:18+00:00","description":"Color Code juuksetooni kaitsev \u0161ampoon on ideaalne v\u00e4rvitud ja keemiliselt t\u00f6\u00f6deldud juustele, et s\u00e4ilitada juuksev\u00e4rvi intensiivsus ja eluj\u00f5ud.","breadcrumb":{"@id":"https:\/\/shebeauty.ee\/toode\/k-time-somnia-color-code-protective-radiance-shampoo\/#breadcrumb"},"inLanguage":"en-US","potentialAction":[{"@type":"ReadAction","target":["https:\/\/shebeauty.ee\/toode\/k-time-somnia-color-code-protective-radiance-shampoo\/"]}]},{"@type":"ImageObject","inLanguage":"en-US","@id":"https:\/\/shebeauty.ee\/toode\/k-time-somnia-color-code-protective-radiance-shampoo\/#primaryimage","url":"https:\/\/shebeauty.ee\/wp-content\/uploads\/2023\/12\/Color-Code-Protective-shampoo-300ml-2-scaled.jpg","contentUrl":"https:\/\/shebeauty.ee\/wp-content\/uploads\/2023\/12\/Color-Code-Protective-shampoo-300ml-2-scaled.jpg","width":2560,"height":2560},{"@type":"BreadcrumbList","@id":"https:\/\/shebeauty.ee\/toode\/k-time-somnia-color-code-protective-radiance-shampoo\/#breadcrumb","itemListElement":[{"@type":"ListItem","position":1,"name":"Home","item":"https:\/\/shebeauty.ee\/"},{"@type":"ListItem","position":2,"name":"Pood","item":"https:\/\/shebeauty.ee\/e-pood\/"},{"@type":"ListItem","position":3,"name":"K-Time Somnia Color Code Protective-Radiance Shampoo"}]},{"@type":"WebSite","@id":"https:\/\/shebeauty.ee\/#website","url":"https:\/\/shebeauty.ee\/","name":"She Beauty Studio","description":"Juuksestuudio","publisher":{"@id":"https:\/\/shebeauty.ee\/#organization"},"potentialAction":[{"@type":"SearchAction","target":{"@type":"EntryPoint","urlTemplate":"https:\/\/shebeauty.ee\/?s={search_term_string}"},"query-input":{"@type":"PropertyValueSpecification","valueRequired":true,"valueName":"search_term_string"}}],"inLanguage":"en-US"},{"@type":"Organization","@id":"https:\/\/shebeauty.ee\/#organization","name":"She Beauty O\u00dc","url":"https:\/\/shebeauty.ee\/","logo":{"@type":"ImageObject","inLanguage":"en-US","@id":"https:\/\/shebeauty.ee\/#\/schema\/logo\/image\/","url":"https:\/\/shebeauty.ee\/wp-content\/uploads\/2023\/10\/IMG_0585.jpg","contentUrl":"https:\/\/shebeauty.ee\/wp-content\/uploads\/2023\/10\/IMG_0585.jpg","width":1284,"height":1300,"caption":"She Beauty O\u00dc"},"image":{"@id":"https:\/\/shebeauty.ee\/#\/schema\/logo\/image\/"}}]}},"_links":{"self":[{"href":"https:\/\/shebeauty.ee\/en\/wp-json\/wp\/v2\/product\/3147","targetHints":{"allow":["GET"]}}],"collection":[{"href":"https:\/\/shebeauty.ee\/en\/wp-json\/wp\/v2\/product"}],"about":[{"href":"https:\/\/shebeauty.ee\/en\/wp-json\/wp\/v2\/types\/product"}],"replies":[{"embeddable":true,"href":"https:\/\/shebeauty.ee\/en\/wp-json\/wp\/v2\/comments?post=3147"}],"wp:featuredmedia":[{"embeddable":true,"href":"https:\/\/shebeauty.ee\/en\/wp-json\/wp\/v2\/media\/5623"}],"wp:attachment":[{"href":"https:\/\/shebeauty.ee\/en\/wp-json\/wp\/v2\/media?parent=3147"}],"wp:term":[{"taxonomy":"product_brand","embeddable":true,"href":"https:\/\/shebeauty.ee\/en\/wp-json\/wp\/v2\/product_brand?post=3147"},{"taxonomy":"product_cat","embeddable":true,"href":"https:\/\/shebeauty.ee\/en\/wp-json\/wp\/v2\/product_cat?post=3147"},{"taxonomy":"product_tag","embeddable":true,"href":"https:\/\/shebeauty.ee\/en\/wp-json\/wp\/v2\/product_tag?post=3147"},{"taxonomy":"giftcard-category","embeddable":true,"href":"https:\/\/shebeauty.ee\/en\/wp-json\/wp\/v2\/giftcard-category?post=3147"}],"curies":[{"name":"wp","href":"https:\/\/api.w.org\/{rel}","templated":true}]}}