{"id":3140,"date":"2023-12-17T16:47:43","date_gmt":"2023-12-17T14:47:43","guid":{"rendered":"https:\/\/shebeauty.ee\/?post_type=product&#038;p=3140"},"modified":"2025-08-23T16:19:25","modified_gmt":"2025-08-23T13:19:25","slug":"k-time-somnia-essentialis-sampoo-300-ml","status":"publish","type":"product","link":"https:\/\/shebeauty.ee\/en\/product\/k-time-somnia-essentialis-sampoo-300-ml\/","title":{"rendered":"K-Time Somnia Essentialis Moisturising Shampoo 300 ml"},"content":{"rendered":"<p class=\"p1\"><span class=\"s1\"><strong>K-Time Somnia\u00a0Essentialis Moisturising Shampoo<\/strong> on niisutav \u0161ampoon kasutamiseks k\u00f5ikidele juukset\u00fc\u00fcpidele. Rikastatud siidiproteiinide ja mooniekstraktiga. \u00d5rn, kuid p\u00f5hjalikult efektiivne \u0161ampoon puhastab juuksekiud, tagades neis s\u00e4ra ning pehmuse. <\/span><span class=\"s1\">Silk proteins create a protective film for the hair. Making them easier to work with and silky soft. <\/span><span class=\"s1\">Poppy plant extracts have valuable antioxidants that protect hair from photo-oxidation.<\/span><\/p>\n<p><b>Usage: <\/b>Apply the product to wet hair, gently massaging the scalp until the shampoo lathers. Rinse thoroughly. If necessary, repeat the application, leaving the shampoo on for a few seconds longer before rinsing.<i><br \/>\n<\/i><\/p>\n<p data-start=\"396\" data-end=\"514\"><strong>Ingredients:\u00a0<\/strong><br \/>\nAQUA (WATER), SODIUM LAURETH SULFATE, COCAMIDOPROPYL BETAINE, HYDROLYZED SILK, PAPAVER RHOEAS PETAL EXTRACT, POLYQUATERNIUM-10, METHOXY PEG\/PPG-7\/3 AMINOPROPYL DIMETHICONE, POLYQUATERNIUM-47, VERONICA OFFICINALIS EXTRACT, HELIANTHUS ANNUUS (SUNFLOWER) SEED OIL, MALTODEXTRIN, PROPYLENE GLYCOL, ACRYLATES\/C10-30 ALKYL ACRYLATE CROSSPOLYMER, STYRENE\/ACRYLATES COPOLYMER, SODIUM HYDROXIDE, DISODIUM EDTA, PARFUM (FRAGRANCE), PHENOXYETHANOL, CHLORPHENESIN, BENZYL ALCOHOL, METHYLCHLOROISOTHIAZOLINONE, METHYLISOTHIAZOLINONE, ALPHA-ISOMETHYL IONONE, CITRONELLOL, HEXYL CINNAMAL, LINALOOL.<\/p>\n<p><strong>The list of ingredients could change. Always refer to the product packaging for the most up-to-date ingredient list.<\/strong><br \/>\n<strong>Koostisosade loetelu v\u00f5ib muutuda. K\u00f5ige ajakohasema koostisosade loetelu leiad alati toote pakendilt.<\/strong><\/p>\n<p class=\"p1\"><span class=\"s1\">Importer: Beauty Cosmetics O\u00dc, Kaupmehe 6, Tallinn <a href=\"https:\/\/shebeauty.ee\/en\/\"><span class=\"s2\">www.shebeauty.ee<\/span><\/a><\/span><\/p>","protected":false},"excerpt":{"rendered":"<p data-start=\"174\" data-end=\"394\">(<em>Liitrihind: 66,67 \u20ac \/ l<\/em>)<br \/>\n\u00d5rnatoimeline niisutav \u0161ampoon, mis sobib k\u00f5igile juukset\u00fc\u00fcpidele. Rikastatud mooniekstrakti ja siidiproteiinidega, puhastab see \u0161ampoon juuksed \u00f5rnalt, taastades nende loomuliku pehmuse, l\u00e4ike ja eluj\u00f5u.<\/p>\n<p data-start=\"396\" data-end=\"514\">Regulaarne kasutamine aitab hoida juuksed siledad, pusavabad ja kergesti k\u00e4sitletavad, ilma neid raskeks muutmata.<\/p>","protected":false},"featured_media":5592,"comment_status":"open","ping_status":"closed","template":"","meta":{"site-sidebar-layout":"default","site-content-layout":"","ast-site-content-layout":"default","site-content-style":"default","site-sidebar-style":"default","ast-global-header-display":"","ast-banner-title-visibility":"","ast-main-header-display":"","ast-hfb-above-header-display":"","ast-hfb-below-header-display":"","ast-hfb-mobile-header-display":"","site-post-title":"","ast-breadcrumbs-content":"","ast-featured-img":"","footer-sml-layout":"","ast-disable-related-posts":"","theme-transparent-header-meta":"default","adv-header-id-meta":"","stick-header-meta":"","header-above-stick-meta":"","header-main-stick-meta":"","header-below-stick-meta":"","astra-migrate-meta-layouts":"set","ast-page-background-enabled":"default","ast-page-background-meta":{"desktop":{"background-color":"var(--ast-global-color-4)","background-image":"","background-repeat":"repeat","background-position":"center center","background-size":"auto","background-attachment":"scroll","background-type":"","background-media":"","overlay-type":"","overlay-color":"","overlay-opacity":"","overlay-gradient":""},"tablet":{"background-color":"","background-image":"","background-repeat":"repeat","background-position":"center center","background-size":"auto","background-attachment":"scroll","background-type":"","background-media":"","overlay-type":"","overlay-color":"","overlay-opacity":"","overlay-gradient":""},"mobile":{"background-color":"","background-image":"","background-repeat":"repeat","background-position":"center center","background-size":"auto","background-attachment":"scroll","background-type":"","background-media":"","overlay-type":"","overlay-color":"","overlay-opacity":"","overlay-gradient":""}},"ast-content-background-meta":{"desktop":{"background-color":"var(--ast-global-color-5)","background-image":"","background-repeat":"repeat","background-position":"center center","background-size":"auto","background-attachment":"scroll","background-type":"","background-media":"","overlay-type":"","overlay-color":"","overlay-opacity":"","overlay-gradient":""},"tablet":{"background-color":"var(--ast-global-color-5)","background-image":"","background-repeat":"repeat","background-position":"center center","background-size":"auto","background-attachment":"scroll","background-type":"","background-media":"","overlay-type":"","overlay-color":"","overlay-opacity":"","overlay-gradient":""},"mobile":{"background-color":"var(--ast-global-color-5)","background-image":"","background-repeat":"repeat","background-position":"center center","background-size":"auto","background-attachment":"scroll","background-type":"","background-media":"","overlay-type":"","overlay-color":"","overlay-opacity":"","overlay-gradient":""}}},"product_brand":[],"product_cat":[20],"product_tag":[257,231,258,259,82],"giftcard-category":[],"class_list":{"0":"post-3140","1":"product","2":"type-product","3":"status-publish","4":"has-post-thumbnail","6":"product_cat-juuksehooldustooted-sampoon-palsam-mask","7":"product_tag-essentialis-sari","8":"product_tag-k-time-somnia","9":"product_tag-koikidele-juuksetuupidele","10":"product_tag-ornatoimeline-ja-kerge-koostisega","11":"product_tag-sampoon","12":"desktop-align-center","13":"tablet-align-left","14":"mobile-align-left","16":"first","17":"instock","18":"taxable","19":"shipping-taxable","20":"purchasable","21":"product-type-simple"},"yoast_head":"<!-- This site is optimized with the Yoast SEO plugin v27.4 - https:\/\/yoast.com\/product\/yoast-seo-wordpress\/ -->\n<title>K-Time Somnia Essentialis Moisturising Shampoo 300 ml - She Beauty Studio<\/title>\n<meta name=\"description\" content=\"\u00d5rnatoimeline niisutav \u0161ampoon, mis sobib k\u00f5igile juukset\u00fc\u00fcpidele. Rikastatud mooniekstrakti ja siidiproteiinidega, puhastab see \u0161ampoon juuksed \u00f5rnalt.\" \/>\n<meta name=\"robots\" content=\"index, follow, max-snippet:-1, max-image-preview:large, max-video-preview:-1\" \/>\n<link rel=\"canonical\" href=\"https:\/\/shebeauty.ee\/en\/product\/k-time-somnia-essentialis-sampoo-300-ml\/\" \/>\n<meta property=\"og:locale\" content=\"en_US\" \/>\n<meta property=\"og:type\" content=\"article\" \/>\n<meta property=\"og:title\" content=\"K-Time Somnia Essentialis Moisturising Shampoo 300 ml - She Beauty Studio\" \/>\n<meta property=\"og:description\" content=\"\u00d5rnatoimeline niisutav \u0161ampoon, mis sobib k\u00f5igile juukset\u00fc\u00fcpidele. Rikastatud mooniekstrakti ja siidiproteiinidega, puhastab see \u0161ampoon juuksed \u00f5rnalt.\" \/>\n<meta property=\"og:url\" content=\"https:\/\/shebeauty.ee\/en\/product\/k-time-somnia-essentialis-sampoo-300-ml\/\" \/>\n<meta property=\"og:site_name\" content=\"She Beauty Studio\" \/>\n<meta property=\"article:modified_time\" content=\"2025-08-23T13:19:25+00:00\" \/>\n<meta property=\"og:image\" content=\"https:\/\/shebeauty.ee\/wp-content\/uploads\/2023\/12\/Somnia-Essentials-shampoo-300ml-scaled.jpg\" \/>\n\t<meta property=\"og:image:width\" content=\"2560\" \/>\n\t<meta property=\"og:image:height\" content=\"2560\" \/>\n\t<meta property=\"og:image:type\" content=\"image\/jpeg\" \/>\n<meta name=\"twitter:card\" content=\"summary_large_image\" \/>\n<meta name=\"twitter:label1\" content=\"Est. reading time\" \/>\n\t<meta name=\"twitter:data1\" content=\"2 minutes\" \/>\n<script type=\"application\/ld+json\" class=\"yoast-schema-graph\">{\"@context\":\"https:\\\/\\\/schema.org\",\"@graph\":[{\"@type\":\"WebPage\",\"@id\":\"https:\\\/\\\/shebeauty.ee\\\/toode\\\/k-time-somnia-essentialis-sampoo-300-ml\\\/\",\"url\":\"https:\\\/\\\/shebeauty.ee\\\/toode\\\/k-time-somnia-essentialis-sampoo-300-ml\\\/\",\"name\":\"K-Time Somnia Essentialis Moisturising Shampoo 300 ml - She Beauty Studio\",\"isPartOf\":{\"@id\":\"https:\\\/\\\/shebeauty.ee\\\/#website\"},\"primaryImageOfPage\":{\"@id\":\"https:\\\/\\\/shebeauty.ee\\\/toode\\\/k-time-somnia-essentialis-sampoo-300-ml\\\/#primaryimage\"},\"image\":{\"@id\":\"https:\\\/\\\/shebeauty.ee\\\/toode\\\/k-time-somnia-essentialis-sampoo-300-ml\\\/#primaryimage\"},\"thumbnailUrl\":\"https:\\\/\\\/shebeauty.ee\\\/wp-content\\\/uploads\\\/2023\\\/12\\\/Somnia-Essentials-shampoo-300ml-scaled.jpg\",\"datePublished\":\"2023-12-17T14:47:43+00:00\",\"dateModified\":\"2025-08-23T13:19:25+00:00\",\"description\":\"\u00d5rnatoimeline niisutav \u0161ampoon, mis sobib k\u00f5igile juukset\u00fc\u00fcpidele. Rikastatud mooniekstrakti ja siidiproteiinidega, puhastab see \u0161ampoon juuksed \u00f5rnalt.\",\"breadcrumb\":{\"@id\":\"https:\\\/\\\/shebeauty.ee\\\/toode\\\/k-time-somnia-essentialis-sampoo-300-ml\\\/#breadcrumb\"},\"inLanguage\":\"en-US\",\"potentialAction\":[{\"@type\":\"ReadAction\",\"target\":[\"https:\\\/\\\/shebeauty.ee\\\/toode\\\/k-time-somnia-essentialis-sampoo-300-ml\\\/\"]}]},{\"@type\":\"ImageObject\",\"inLanguage\":\"en-US\",\"@id\":\"https:\\\/\\\/shebeauty.ee\\\/toode\\\/k-time-somnia-essentialis-sampoo-300-ml\\\/#primaryimage\",\"url\":\"https:\\\/\\\/shebeauty.ee\\\/wp-content\\\/uploads\\\/2023\\\/12\\\/Somnia-Essentials-shampoo-300ml-scaled.jpg\",\"contentUrl\":\"https:\\\/\\\/shebeauty.ee\\\/wp-content\\\/uploads\\\/2023\\\/12\\\/Somnia-Essentials-shampoo-300ml-scaled.jpg\",\"width\":2560,\"height\":2560},{\"@type\":\"BreadcrumbList\",\"@id\":\"https:\\\/\\\/shebeauty.ee\\\/toode\\\/k-time-somnia-essentialis-sampoo-300-ml\\\/#breadcrumb\",\"itemListElement\":[{\"@type\":\"ListItem\",\"position\":1,\"name\":\"Home\",\"item\":\"https:\\\/\\\/shebeauty.ee\\\/\"},{\"@type\":\"ListItem\",\"position\":2,\"name\":\"Pood\",\"item\":\"https:\\\/\\\/shebeauty.ee\\\/e-pood\\\/\"},{\"@type\":\"ListItem\",\"position\":3,\"name\":\"K-Time Somnia Essentialis Moisturising Shampoo 300 ml\"}]},{\"@type\":\"WebSite\",\"@id\":\"https:\\\/\\\/shebeauty.ee\\\/#website\",\"url\":\"https:\\\/\\\/shebeauty.ee\\\/\",\"name\":\"She Beauty Studio\",\"description\":\"Juuksestuudio\",\"publisher\":{\"@id\":\"https:\\\/\\\/shebeauty.ee\\\/#organization\"},\"potentialAction\":[{\"@type\":\"SearchAction\",\"target\":{\"@type\":\"EntryPoint\",\"urlTemplate\":\"https:\\\/\\\/shebeauty.ee\\\/?s={search_term_string}\"},\"query-input\":{\"@type\":\"PropertyValueSpecification\",\"valueRequired\":true,\"valueName\":\"search_term_string\"}}],\"inLanguage\":\"en-US\"},{\"@type\":\"Organization\",\"@id\":\"https:\\\/\\\/shebeauty.ee\\\/#organization\",\"name\":\"She Beauty O\u00dc\",\"url\":\"https:\\\/\\\/shebeauty.ee\\\/\",\"logo\":{\"@type\":\"ImageObject\",\"inLanguage\":\"en-US\",\"@id\":\"https:\\\/\\\/shebeauty.ee\\\/#\\\/schema\\\/logo\\\/image\\\/\",\"url\":\"https:\\\/\\\/shebeauty.ee\\\/wp-content\\\/uploads\\\/2023\\\/10\\\/IMG_0585.jpg\",\"contentUrl\":\"https:\\\/\\\/shebeauty.ee\\\/wp-content\\\/uploads\\\/2023\\\/10\\\/IMG_0585.jpg\",\"width\":1284,\"height\":1300,\"caption\":\"She Beauty O\u00dc\"},\"image\":{\"@id\":\"https:\\\/\\\/shebeauty.ee\\\/#\\\/schema\\\/logo\\\/image\\\/\"}}]}<\/script>\n<!-- \/ Yoast SEO plugin. -->","yoast_head_json":{"title":"K-Time Somnia Essentialis Moisturising Shampoo 300 ml - She Beauty Studio","description":"\u00d5rnatoimeline niisutav \u0161ampoon, mis sobib k\u00f5igile juukset\u00fc\u00fcpidele. Rikastatud mooniekstrakti ja siidiproteiinidega, puhastab see \u0161ampoon juuksed \u00f5rnalt.","robots":{"index":"index","follow":"follow","max-snippet":"max-snippet:-1","max-image-preview":"max-image-preview:large","max-video-preview":"max-video-preview:-1"},"canonical":"https:\/\/shebeauty.ee\/en\/product\/k-time-somnia-essentialis-sampoo-300-ml\/","og_locale":"en_US","og_type":"article","og_title":"K-Time Somnia Essentialis Moisturising Shampoo 300 ml - She Beauty Studio","og_description":"\u00d5rnatoimeline niisutav \u0161ampoon, mis sobib k\u00f5igile juukset\u00fc\u00fcpidele. Rikastatud mooniekstrakti ja siidiproteiinidega, puhastab see \u0161ampoon juuksed \u00f5rnalt.","og_url":"https:\/\/shebeauty.ee\/en\/product\/k-time-somnia-essentialis-sampoo-300-ml\/","og_site_name":"She Beauty Studio","article_modified_time":"2025-08-23T13:19:25+00:00","og_image":[{"width":2560,"height":2560,"url":"https:\/\/shebeauty.ee\/wp-content\/uploads\/2023\/12\/Somnia-Essentials-shampoo-300ml-scaled.jpg","type":"image\/jpeg"}],"twitter_card":"summary_large_image","twitter_misc":{"Est. reading time":"2 minutes"},"schema":{"@context":"https:\/\/schema.org","@graph":[{"@type":"WebPage","@id":"https:\/\/shebeauty.ee\/toode\/k-time-somnia-essentialis-sampoo-300-ml\/","url":"https:\/\/shebeauty.ee\/toode\/k-time-somnia-essentialis-sampoo-300-ml\/","name":"K-Time Somnia Essentialis Moisturising Shampoo 300 ml - She Beauty Studio","isPartOf":{"@id":"https:\/\/shebeauty.ee\/#website"},"primaryImageOfPage":{"@id":"https:\/\/shebeauty.ee\/toode\/k-time-somnia-essentialis-sampoo-300-ml\/#primaryimage"},"image":{"@id":"https:\/\/shebeauty.ee\/toode\/k-time-somnia-essentialis-sampoo-300-ml\/#primaryimage"},"thumbnailUrl":"https:\/\/shebeauty.ee\/wp-content\/uploads\/2023\/12\/Somnia-Essentials-shampoo-300ml-scaled.jpg","datePublished":"2023-12-17T14:47:43+00:00","dateModified":"2025-08-23T13:19:25+00:00","description":"\u00d5rnatoimeline niisutav \u0161ampoon, mis sobib k\u00f5igile juukset\u00fc\u00fcpidele. Rikastatud mooniekstrakti ja siidiproteiinidega, puhastab see \u0161ampoon juuksed \u00f5rnalt.","breadcrumb":{"@id":"https:\/\/shebeauty.ee\/toode\/k-time-somnia-essentialis-sampoo-300-ml\/#breadcrumb"},"inLanguage":"en-US","potentialAction":[{"@type":"ReadAction","target":["https:\/\/shebeauty.ee\/toode\/k-time-somnia-essentialis-sampoo-300-ml\/"]}]},{"@type":"ImageObject","inLanguage":"en-US","@id":"https:\/\/shebeauty.ee\/toode\/k-time-somnia-essentialis-sampoo-300-ml\/#primaryimage","url":"https:\/\/shebeauty.ee\/wp-content\/uploads\/2023\/12\/Somnia-Essentials-shampoo-300ml-scaled.jpg","contentUrl":"https:\/\/shebeauty.ee\/wp-content\/uploads\/2023\/12\/Somnia-Essentials-shampoo-300ml-scaled.jpg","width":2560,"height":2560},{"@type":"BreadcrumbList","@id":"https:\/\/shebeauty.ee\/toode\/k-time-somnia-essentialis-sampoo-300-ml\/#breadcrumb","itemListElement":[{"@type":"ListItem","position":1,"name":"Home","item":"https:\/\/shebeauty.ee\/"},{"@type":"ListItem","position":2,"name":"Pood","item":"https:\/\/shebeauty.ee\/e-pood\/"},{"@type":"ListItem","position":3,"name":"K-Time Somnia Essentialis Moisturising Shampoo 300 ml"}]},{"@type":"WebSite","@id":"https:\/\/shebeauty.ee\/#website","url":"https:\/\/shebeauty.ee\/","name":"She Beauty Studio","description":"Juuksestuudio","publisher":{"@id":"https:\/\/shebeauty.ee\/#organization"},"potentialAction":[{"@type":"SearchAction","target":{"@type":"EntryPoint","urlTemplate":"https:\/\/shebeauty.ee\/?s={search_term_string}"},"query-input":{"@type":"PropertyValueSpecification","valueRequired":true,"valueName":"search_term_string"}}],"inLanguage":"en-US"},{"@type":"Organization","@id":"https:\/\/shebeauty.ee\/#organization","name":"She Beauty O\u00dc","url":"https:\/\/shebeauty.ee\/","logo":{"@type":"ImageObject","inLanguage":"en-US","@id":"https:\/\/shebeauty.ee\/#\/schema\/logo\/image\/","url":"https:\/\/shebeauty.ee\/wp-content\/uploads\/2023\/10\/IMG_0585.jpg","contentUrl":"https:\/\/shebeauty.ee\/wp-content\/uploads\/2023\/10\/IMG_0585.jpg","width":1284,"height":1300,"caption":"She Beauty O\u00dc"},"image":{"@id":"https:\/\/shebeauty.ee\/#\/schema\/logo\/image\/"}}]}},"_links":{"self":[{"href":"https:\/\/shebeauty.ee\/en\/wp-json\/wp\/v2\/product\/3140","targetHints":{"allow":["GET"]}}],"collection":[{"href":"https:\/\/shebeauty.ee\/en\/wp-json\/wp\/v2\/product"}],"about":[{"href":"https:\/\/shebeauty.ee\/en\/wp-json\/wp\/v2\/types\/product"}],"replies":[{"embeddable":true,"href":"https:\/\/shebeauty.ee\/en\/wp-json\/wp\/v2\/comments?post=3140"}],"wp:featuredmedia":[{"embeddable":true,"href":"https:\/\/shebeauty.ee\/en\/wp-json\/wp\/v2\/media\/5592"}],"wp:attachment":[{"href":"https:\/\/shebeauty.ee\/en\/wp-json\/wp\/v2\/media?parent=3140"}],"wp:term":[{"taxonomy":"product_brand","embeddable":true,"href":"https:\/\/shebeauty.ee\/en\/wp-json\/wp\/v2\/product_brand?post=3140"},{"taxonomy":"product_cat","embeddable":true,"href":"https:\/\/shebeauty.ee\/en\/wp-json\/wp\/v2\/product_cat?post=3140"},{"taxonomy":"product_tag","embeddable":true,"href":"https:\/\/shebeauty.ee\/en\/wp-json\/wp\/v2\/product_tag?post=3140"},{"taxonomy":"giftcard-category","embeddable":true,"href":"https:\/\/shebeauty.ee\/en\/wp-json\/wp\/v2\/giftcard-category?post=3140"}],"curies":[{"name":"wp","href":"https:\/\/api.w.org\/{rel}","templated":true}]}}