{"id":3139,"date":"2023-12-17T16:42:45","date_gmt":"2023-12-17T14:42:45","guid":{"rendered":"https:\/\/shebeauty.ee\/?post_type=product&#038;p=3139"},"modified":"2025-08-17T17:25:30","modified_gmt":"2025-08-17T14:25:30","slug":"k-time-somnia-hydralux-juukseeliksiir-100ml","status":"publish","type":"product","link":"https:\/\/shebeauty.ee\/en\/product\/k-time-somnia-hydralux-juukseeliksiir-100ml\/","title":{"rendered":"K-Time Somnia Hydralux juukseeliksiir 100ml"},"content":{"rendered":"<p data-start=\"212\" data-end=\"453\">S\u00e4ra taastav eliksiir kuivadele ja tuhmidele juustele. Rikastatud magusmandli\u00f5liga, mis toidab, niisutab ja kaitseb juukseid, aidates taastada nende loomuliku s\u00e4ra. Tulemuseks on siidiselt pehmed, l\u00e4ikivad ja eluj\u00f5ulised juuksed.<\/p>\n<p data-start=\"455\" data-end=\"537\">Kerge koostis ei vaja loputamist ning sobib kasutamiseks nii p\u00e4eval kui \u00f6\u00f6sel.<\/p>\n<p data-start=\"539\" data-end=\"556\">Usage:<strong data-start=\"539\" data-end=\"554\"><br \/>\n<\/strong>P\u00e4evasel ajal: kanna toodet niisketesse v\u00f5i kuivadesse juustesse kui igap\u00e4evast kaitsvat ja toitvat hooldust.<br \/>\n\u00d6\u00f6sel: kanna toodet kuivadele juustele enne magamaminekut, et juuksed saaksid \u00f6\u00f6 jooksul taastuda. Hommikul on juuksed siidiselt siledad ja pehmed.<\/p>\n<p data-start=\"836\" data-end=\"883\">Maht: 100 ml<\/p>\n<p><span class=\"s1\"><i><\/i><strong>Ingredients:<br \/>\n<\/strong>AQUA (WATER), DIMETHICONE, GLYCERIN, POLYQUATERNIUM-37, PEG-7 DIMETHICONE, AMODIMETHICONE, PRUNUS AMYGDALUS DULCIS OIL, BUTYROSPERMUM PARKII BUTTER, HYDROGENATED VEGETABLE OIL, TOCOPHEROL, GLYCERYL LAURATE, CETEARYL ALCOHOL, BEHENTRIMONIUM CHLORIDE, CETRIMONIUM CHLORIDE, HYDROXYPROPYLGLUCONAMIDE, HYDROXYPROPYLAMMONIUM GLUCONATE, BIS-PEG\/PPG-14\/14 DIMETHICONE, POLYSORBATE 20, PROPYLENE GLYCOL DICAPRYLATE\/DICAPRATE, ISOPROPYL ALCOHOL, TRIDECETH-3, TRIDECETH-15, LAURETH-7, PPG-1 TRIDECETH-6, PARFUM (FRAGRANCE), SODIUM GLUCONATE, PHENOXYETHANOL, HYDROXYACETOPHENONE, ALPHA ISOMETHYL IONONE, BENZYL SALICYLATE, CITRONELLOL, GERANIOL, HEXYL CINNAMAL, LIMONENE, LINALOOL.<br \/>\n<\/span><strong>The list of ingredients could change. Always refer to the product packaging for the most up-to-date ingredient list.<\/strong><br \/>\n<strong>Koostisosade loetelu v\u00f5ib muutuda. K\u00f5ige ajakohasema koostisosade loetelu leiad alati toote pakendilt.<\/strong><\/p>\n<p class=\"p1\"><span class=\"s1\">Importer: Beauty Cosmetics O\u00dc, Kaupmehe 6, Tallinn <a href=\"https:\/\/shebeauty.ee\/en\/\"><span class=\"s2\">www.shebeauty.ee<\/span><\/a><\/span><\/p>\n<p><span class=\"s1\"><strong>\u00a0<\/strong><\/span><\/p>","protected":false},"excerpt":{"rendered":"<p data-start=\"210\" data-end=\"474\">(<em>Liitrihind: 270,00 \u20ac \/ l<\/em>)<br \/>\nHydralux Radiance Elixir on niisutav ja taastav hooldus kuivadele ning tuhmidele juustele. Rikastatud magusmandli\u00f5liga, mis toidab ja kaitseb juukseid, taastab see eliksiir juuste loodusliku s\u00e4ra, j\u00e4ttes need pehmeks, siidiseks ja eluj\u00f5uliseks.<\/p>\n<p data-start=\"476\" data-end=\"617\">Kerge koostis ei vaja loputamist ning sobib suurep\u00e4raselt igap\u00e4evaseks kasutamiseks, andes juustele hetkega hooldatud ja s\u00e4rava v\u00e4limuse.<\/p>","protected":false},"featured_media":5587,"comment_status":"open","ping_status":"closed","template":"","meta":{"site-sidebar-layout":"default","site-content-layout":"","ast-site-content-layout":"default","site-content-style":"default","site-sidebar-style":"default","ast-global-header-display":"","ast-banner-title-visibility":"","ast-main-header-display":"","ast-hfb-above-header-display":"","ast-hfb-below-header-display":"","ast-hfb-mobile-header-display":"","site-post-title":"","ast-breadcrumbs-content":"","ast-featured-img":"","footer-sml-layout":"","ast-disable-related-posts":"","theme-transparent-header-meta":"default","adv-header-id-meta":"","stick-header-meta":"","header-above-stick-meta":"","header-main-stick-meta":"","header-below-stick-meta":"","astra-migrate-meta-layouts":"set","ast-page-background-enabled":"default","ast-page-background-meta":{"desktop":{"background-color":"var(--ast-global-color-4)","background-image":"","background-repeat":"repeat","background-position":"center center","background-size":"auto","background-attachment":"scroll","background-type":"","background-media":"","overlay-type":"","overlay-color":"","overlay-opacity":"","overlay-gradient":""},"tablet":{"background-color":"","background-image":"","background-repeat":"repeat","background-position":"center center","background-size":"auto","background-attachment":"scroll","background-type":"","background-media":"","overlay-type":"","overlay-color":"","overlay-opacity":"","overlay-gradient":""},"mobile":{"background-color":"","background-image":"","background-repeat":"repeat","background-position":"center center","background-size":"auto","background-attachment":"scroll","background-type":"","background-media":"","overlay-type":"","overlay-color":"","overlay-opacity":"","overlay-gradient":""}},"ast-content-background-meta":{"desktop":{"background-color":"var(--ast-global-color-5)","background-image":"","background-repeat":"repeat","background-position":"center center","background-size":"auto","background-attachment":"scroll","background-type":"","background-media":"","overlay-type":"","overlay-color":"","overlay-opacity":"","overlay-gradient":""},"tablet":{"background-color":"var(--ast-global-color-5)","background-image":"","background-repeat":"repeat","background-position":"center center","background-size":"auto","background-attachment":"scroll","background-type":"","background-media":"","overlay-type":"","overlay-color":"","overlay-opacity":"","overlay-gradient":""},"mobile":{"background-color":"var(--ast-global-color-5)","background-image":"","background-repeat":"repeat","background-position":"center center","background-size":"auto","background-attachment":"scroll","background-type":"","background-media":"","overlay-type":"","overlay-color":"","overlay-opacity":"","overlay-gradient":""}}},"product_brand":[],"product_cat":[20],"product_tag":[240,252,256,231,251,250,255],"giftcard-category":[],"class_list":{"0":"post-3139","1":"product","2":"type-product","3":"status-publish","4":"has-post-thumbnail","6":"product_cat-juuksehooldustooted-sampoon-palsam-mask","7":"product_tag-hooldustoode","8":"product_tag-hydralux-sari","9":"product_tag-juukseeliksiir","10":"product_tag-k-time-somnia","11":"product_tag-mandlioli","12":"product_tag-sheavoi","13":"product_tag-sugavuti-niisutav","14":"desktop-align-center","15":"tablet-align-left","16":"mobile-align-left","18":"first","19":"instock","20":"taxable","21":"shipping-taxable","22":"purchasable","23":"product-type-simple"},"yoast_head":"<!-- This site is optimized with the Yoast SEO plugin v27.4 - https:\/\/yoast.com\/product\/yoast-seo-wordpress\/ -->\n<title>K-Time Somnia Hydralux juukseeliksiir 100ml - She Beauty Studio<\/title>\n<meta name=\"description\" content=\"Eliksiir taastab kuivade ja tuhmide juuste loomuliku s\u00e4ra. T\u00e4nu magusate mandlite taastavale ja toitvale toimele, kaitseb ja niisutab see juukseid s\u00fcgavuti.\" \/>\n<meta name=\"robots\" content=\"index, follow, max-snippet:-1, max-image-preview:large, max-video-preview:-1\" \/>\n<link rel=\"canonical\" href=\"https:\/\/shebeauty.ee\/en\/product\/k-time-somnia-hydralux-juukseeliksiir-100ml\/\" \/>\n<meta property=\"og:locale\" content=\"en_US\" \/>\n<meta property=\"og:type\" content=\"article\" \/>\n<meta property=\"og:title\" content=\"K-Time Somnia Hydralux juukseeliksiir 100ml - She Beauty Studio\" \/>\n<meta property=\"og:description\" content=\"Eliksiir taastab kuivade ja tuhmide juuste loomuliku s\u00e4ra. T\u00e4nu magusate mandlite taastavale ja toitvale toimele, kaitseb ja niisutab see juukseid s\u00fcgavuti.\" \/>\n<meta property=\"og:url\" content=\"https:\/\/shebeauty.ee\/en\/product\/k-time-somnia-hydralux-juukseeliksiir-100ml\/\" \/>\n<meta property=\"og:site_name\" content=\"She Beauty Studio\" \/>\n<meta property=\"article:modified_time\" content=\"2025-08-17T14:25:30+00:00\" \/>\n<meta property=\"og:image\" content=\"https:\/\/shebeauty.ee\/wp-content\/uploads\/2023\/12\/Somnia-Hydralux-juukseeliksiir-100ml-scaled.jpg\" \/>\n\t<meta property=\"og:image:width\" content=\"2560\" \/>\n\t<meta property=\"og:image:height\" content=\"2560\" \/>\n\t<meta property=\"og:image:type\" content=\"image\/jpeg\" \/>\n<meta name=\"twitter:card\" content=\"summary_large_image\" \/>\n<meta name=\"twitter:label1\" content=\"Est. reading time\" \/>\n\t<meta name=\"twitter:data1\" content=\"2 minutes\" \/>\n<script type=\"application\/ld+json\" class=\"yoast-schema-graph\">{\"@context\":\"https:\\\/\\\/schema.org\",\"@graph\":[{\"@type\":\"WebPage\",\"@id\":\"https:\\\/\\\/shebeauty.ee\\\/toode\\\/k-time-somnia-hydralux-juukseeliksiir-100ml\\\/\",\"url\":\"https:\\\/\\\/shebeauty.ee\\\/toode\\\/k-time-somnia-hydralux-juukseeliksiir-100ml\\\/\",\"name\":\"K-Time Somnia Hydralux juukseeliksiir 100ml - She Beauty Studio\",\"isPartOf\":{\"@id\":\"https:\\\/\\\/shebeauty.ee\\\/#website\"},\"primaryImageOfPage\":{\"@id\":\"https:\\\/\\\/shebeauty.ee\\\/toode\\\/k-time-somnia-hydralux-juukseeliksiir-100ml\\\/#primaryimage\"},\"image\":{\"@id\":\"https:\\\/\\\/shebeauty.ee\\\/toode\\\/k-time-somnia-hydralux-juukseeliksiir-100ml\\\/#primaryimage\"},\"thumbnailUrl\":\"https:\\\/\\\/shebeauty.ee\\\/wp-content\\\/uploads\\\/2023\\\/12\\\/Somnia-Hydralux-juukseeliksiir-100ml-scaled.jpg\",\"datePublished\":\"2023-12-17T14:42:45+00:00\",\"dateModified\":\"2025-08-17T14:25:30+00:00\",\"description\":\"Eliksiir taastab kuivade ja tuhmide juuste loomuliku s\u00e4ra. T\u00e4nu magusate mandlite taastavale ja toitvale toimele, kaitseb ja niisutab see juukseid s\u00fcgavuti.\",\"breadcrumb\":{\"@id\":\"https:\\\/\\\/shebeauty.ee\\\/toode\\\/k-time-somnia-hydralux-juukseeliksiir-100ml\\\/#breadcrumb\"},\"inLanguage\":\"en-US\",\"potentialAction\":[{\"@type\":\"ReadAction\",\"target\":[\"https:\\\/\\\/shebeauty.ee\\\/toode\\\/k-time-somnia-hydralux-juukseeliksiir-100ml\\\/\"]}]},{\"@type\":\"ImageObject\",\"inLanguage\":\"en-US\",\"@id\":\"https:\\\/\\\/shebeauty.ee\\\/toode\\\/k-time-somnia-hydralux-juukseeliksiir-100ml\\\/#primaryimage\",\"url\":\"https:\\\/\\\/shebeauty.ee\\\/wp-content\\\/uploads\\\/2023\\\/12\\\/Somnia-Hydralux-juukseeliksiir-100ml-scaled.jpg\",\"contentUrl\":\"https:\\\/\\\/shebeauty.ee\\\/wp-content\\\/uploads\\\/2023\\\/12\\\/Somnia-Hydralux-juukseeliksiir-100ml-scaled.jpg\",\"width\":2560,\"height\":2560},{\"@type\":\"BreadcrumbList\",\"@id\":\"https:\\\/\\\/shebeauty.ee\\\/toode\\\/k-time-somnia-hydralux-juukseeliksiir-100ml\\\/#breadcrumb\",\"itemListElement\":[{\"@type\":\"ListItem\",\"position\":1,\"name\":\"Home\",\"item\":\"https:\\\/\\\/shebeauty.ee\\\/\"},{\"@type\":\"ListItem\",\"position\":2,\"name\":\"Pood\",\"item\":\"https:\\\/\\\/shebeauty.ee\\\/e-pood\\\/\"},{\"@type\":\"ListItem\",\"position\":3,\"name\":\"K-Time Somnia Hydralux juukseeliksiir 100ml\"}]},{\"@type\":\"WebSite\",\"@id\":\"https:\\\/\\\/shebeauty.ee\\\/#website\",\"url\":\"https:\\\/\\\/shebeauty.ee\\\/\",\"name\":\"She Beauty Studio\",\"description\":\"Juuksestuudio\",\"publisher\":{\"@id\":\"https:\\\/\\\/shebeauty.ee\\\/#organization\"},\"potentialAction\":[{\"@type\":\"SearchAction\",\"target\":{\"@type\":\"EntryPoint\",\"urlTemplate\":\"https:\\\/\\\/shebeauty.ee\\\/?s={search_term_string}\"},\"query-input\":{\"@type\":\"PropertyValueSpecification\",\"valueRequired\":true,\"valueName\":\"search_term_string\"}}],\"inLanguage\":\"en-US\"},{\"@type\":\"Organization\",\"@id\":\"https:\\\/\\\/shebeauty.ee\\\/#organization\",\"name\":\"She Beauty O\u00dc\",\"url\":\"https:\\\/\\\/shebeauty.ee\\\/\",\"logo\":{\"@type\":\"ImageObject\",\"inLanguage\":\"en-US\",\"@id\":\"https:\\\/\\\/shebeauty.ee\\\/#\\\/schema\\\/logo\\\/image\\\/\",\"url\":\"https:\\\/\\\/shebeauty.ee\\\/wp-content\\\/uploads\\\/2023\\\/10\\\/IMG_0585.jpg\",\"contentUrl\":\"https:\\\/\\\/shebeauty.ee\\\/wp-content\\\/uploads\\\/2023\\\/10\\\/IMG_0585.jpg\",\"width\":1284,\"height\":1300,\"caption\":\"She Beauty O\u00dc\"},\"image\":{\"@id\":\"https:\\\/\\\/shebeauty.ee\\\/#\\\/schema\\\/logo\\\/image\\\/\"}}]}<\/script>\n<!-- \/ Yoast SEO plugin. -->","yoast_head_json":{"title":"K-Time Somnia Hydralux juukseeliksiir 100ml - She Beauty Studio","description":"Eliksiir taastab kuivade ja tuhmide juuste loomuliku s\u00e4ra. T\u00e4nu magusate mandlite taastavale ja toitvale toimele, kaitseb ja niisutab see juukseid s\u00fcgavuti.","robots":{"index":"index","follow":"follow","max-snippet":"max-snippet:-1","max-image-preview":"max-image-preview:large","max-video-preview":"max-video-preview:-1"},"canonical":"https:\/\/shebeauty.ee\/en\/product\/k-time-somnia-hydralux-juukseeliksiir-100ml\/","og_locale":"en_US","og_type":"article","og_title":"K-Time Somnia Hydralux juukseeliksiir 100ml - She Beauty Studio","og_description":"Eliksiir taastab kuivade ja tuhmide juuste loomuliku s\u00e4ra. T\u00e4nu magusate mandlite taastavale ja toitvale toimele, kaitseb ja niisutab see juukseid s\u00fcgavuti.","og_url":"https:\/\/shebeauty.ee\/en\/product\/k-time-somnia-hydralux-juukseeliksiir-100ml\/","og_site_name":"She Beauty Studio","article_modified_time":"2025-08-17T14:25:30+00:00","og_image":[{"width":2560,"height":2560,"url":"https:\/\/shebeauty.ee\/wp-content\/uploads\/2023\/12\/Somnia-Hydralux-juukseeliksiir-100ml-scaled.jpg","type":"image\/jpeg"}],"twitter_card":"summary_large_image","twitter_misc":{"Est. reading time":"2 minutes"},"schema":{"@context":"https:\/\/schema.org","@graph":[{"@type":"WebPage","@id":"https:\/\/shebeauty.ee\/toode\/k-time-somnia-hydralux-juukseeliksiir-100ml\/","url":"https:\/\/shebeauty.ee\/toode\/k-time-somnia-hydralux-juukseeliksiir-100ml\/","name":"K-Time Somnia Hydralux juukseeliksiir 100ml - She Beauty Studio","isPartOf":{"@id":"https:\/\/shebeauty.ee\/#website"},"primaryImageOfPage":{"@id":"https:\/\/shebeauty.ee\/toode\/k-time-somnia-hydralux-juukseeliksiir-100ml\/#primaryimage"},"image":{"@id":"https:\/\/shebeauty.ee\/toode\/k-time-somnia-hydralux-juukseeliksiir-100ml\/#primaryimage"},"thumbnailUrl":"https:\/\/shebeauty.ee\/wp-content\/uploads\/2023\/12\/Somnia-Hydralux-juukseeliksiir-100ml-scaled.jpg","datePublished":"2023-12-17T14:42:45+00:00","dateModified":"2025-08-17T14:25:30+00:00","description":"Eliksiir taastab kuivade ja tuhmide juuste loomuliku s\u00e4ra. T\u00e4nu magusate mandlite taastavale ja toitvale toimele, kaitseb ja niisutab see juukseid s\u00fcgavuti.","breadcrumb":{"@id":"https:\/\/shebeauty.ee\/toode\/k-time-somnia-hydralux-juukseeliksiir-100ml\/#breadcrumb"},"inLanguage":"en-US","potentialAction":[{"@type":"ReadAction","target":["https:\/\/shebeauty.ee\/toode\/k-time-somnia-hydralux-juukseeliksiir-100ml\/"]}]},{"@type":"ImageObject","inLanguage":"en-US","@id":"https:\/\/shebeauty.ee\/toode\/k-time-somnia-hydralux-juukseeliksiir-100ml\/#primaryimage","url":"https:\/\/shebeauty.ee\/wp-content\/uploads\/2023\/12\/Somnia-Hydralux-juukseeliksiir-100ml-scaled.jpg","contentUrl":"https:\/\/shebeauty.ee\/wp-content\/uploads\/2023\/12\/Somnia-Hydralux-juukseeliksiir-100ml-scaled.jpg","width":2560,"height":2560},{"@type":"BreadcrumbList","@id":"https:\/\/shebeauty.ee\/toode\/k-time-somnia-hydralux-juukseeliksiir-100ml\/#breadcrumb","itemListElement":[{"@type":"ListItem","position":1,"name":"Home","item":"https:\/\/shebeauty.ee\/"},{"@type":"ListItem","position":2,"name":"Pood","item":"https:\/\/shebeauty.ee\/e-pood\/"},{"@type":"ListItem","position":3,"name":"K-Time Somnia Hydralux juukseeliksiir 100ml"}]},{"@type":"WebSite","@id":"https:\/\/shebeauty.ee\/#website","url":"https:\/\/shebeauty.ee\/","name":"She Beauty Studio","description":"Juuksestuudio","publisher":{"@id":"https:\/\/shebeauty.ee\/#organization"},"potentialAction":[{"@type":"SearchAction","target":{"@type":"EntryPoint","urlTemplate":"https:\/\/shebeauty.ee\/?s={search_term_string}"},"query-input":{"@type":"PropertyValueSpecification","valueRequired":true,"valueName":"search_term_string"}}],"inLanguage":"en-US"},{"@type":"Organization","@id":"https:\/\/shebeauty.ee\/#organization","name":"She Beauty O\u00dc","url":"https:\/\/shebeauty.ee\/","logo":{"@type":"ImageObject","inLanguage":"en-US","@id":"https:\/\/shebeauty.ee\/#\/schema\/logo\/image\/","url":"https:\/\/shebeauty.ee\/wp-content\/uploads\/2023\/10\/IMG_0585.jpg","contentUrl":"https:\/\/shebeauty.ee\/wp-content\/uploads\/2023\/10\/IMG_0585.jpg","width":1284,"height":1300,"caption":"She Beauty O\u00dc"},"image":{"@id":"https:\/\/shebeauty.ee\/#\/schema\/logo\/image\/"}}]}},"_links":{"self":[{"href":"https:\/\/shebeauty.ee\/en\/wp-json\/wp\/v2\/product\/3139","targetHints":{"allow":["GET"]}}],"collection":[{"href":"https:\/\/shebeauty.ee\/en\/wp-json\/wp\/v2\/product"}],"about":[{"href":"https:\/\/shebeauty.ee\/en\/wp-json\/wp\/v2\/types\/product"}],"replies":[{"embeddable":true,"href":"https:\/\/shebeauty.ee\/en\/wp-json\/wp\/v2\/comments?post=3139"}],"wp:featuredmedia":[{"embeddable":true,"href":"https:\/\/shebeauty.ee\/en\/wp-json\/wp\/v2\/media\/5587"}],"wp:attachment":[{"href":"https:\/\/shebeauty.ee\/en\/wp-json\/wp\/v2\/media?parent=3139"}],"wp:term":[{"taxonomy":"product_brand","embeddable":true,"href":"https:\/\/shebeauty.ee\/en\/wp-json\/wp\/v2\/product_brand?post=3139"},{"taxonomy":"product_cat","embeddable":true,"href":"https:\/\/shebeauty.ee\/en\/wp-json\/wp\/v2\/product_cat?post=3139"},{"taxonomy":"product_tag","embeddable":true,"href":"https:\/\/shebeauty.ee\/en\/wp-json\/wp\/v2\/product_tag?post=3139"},{"taxonomy":"giftcard-category","embeddable":true,"href":"https:\/\/shebeauty.ee\/en\/wp-json\/wp\/v2\/giftcard-category?post=3139"}],"curies":[{"name":"wp","href":"https:\/\/api.w.org\/{rel}","templated":true}]}}