{"id":3125,"date":"2023-12-17T16:22:13","date_gmt":"2023-12-17T14:22:13","guid":{"rendered":"https:\/\/shebeauty.ee\/?post_type=product&#038;p=3125"},"modified":"2025-08-17T12:57:33","modified_gmt":"2025-08-17T09:57:33","slug":"k-time-ad-volume-voluumisprei-150ml","status":"publish","type":"product","link":"https:\/\/shebeauty.ee\/en\/product\/k-time-ad-volume-voluumisprei-150ml\/","title":{"rendered":"K-Time Somnia Ad Volume vol\u00fc\u00fcmisprei 150ml"},"content":{"rendered":"<p class=\"p1\"><b>Ad Volume | Anti-gravity volumizing spray 150ml<\/b><\/p>\n<p class=\"p1\"><span class=\"s1\"><i>Ad Volume Anti-Gravity Volumizing Spray is specially formulated for thin, lifeless hair. Enriched with guarana and blue agave. <\/i><\/span><span class=\"s1\"><i>Guarana is considered thanks<\/i><\/span><b><\/b><span class=\"s1\"><i>to its energizing, stimulating and tonic properties as an elixir of life, because it has a lot of antioxidant inside, which has a revitalizing effect. The innovative extract of blue agave has the power to moisturize the hair by keeping the right amount of water inside the hair fiber. <\/i><\/span><span class=\"s1\"><i>The product increases the volume in the hair without weighing it down, giving it a wonderful shine with a mirror effect after use.<\/i><\/span><\/p>\n<p><strong>Ingredients:<br \/>\n<\/strong><span style=\"font-size: 16px;\">AQUA (WATER), PROPYLENE GLYCOL, SORBITOL, POLYQUATERNIUM-4, SODIUM POLYSTYRENE SULFONATE, PAULLINIA CUPANA SEED EXTRACT, FAEX (YEAST) EXTRACT, PPG-1-PEG-9 LAURYL GLYCOL ETHER, LACTIC ACID, PARFUM (FRAGRANCE), PHENOXYETHANOL, CHLORPHENESIN, CITRONELLOL, HEXYL CINNAMAL, LIMONENE, LINALOOL<\/span><\/p>\n<p><strong>The list of ingredients could change. Always refer to the product packaging for the most up-to-date ingredient list.<\/strong><br \/>\n<strong>Koostisosade loetelu v\u00f5ib muutuda. K\u00f5ige ajakohasema koostisosade loetelu leiad alati toote pakendilt.<\/strong><\/p>\n<p class=\"p1\"><span class=\"s1\">Importer: Beauty Cosmetics O\u00dc, Kaupmehe 6, Tallinn <a href=\"https:\/\/shebeauty.ee\/en\/\"><span class=\"s2\">www.shebeauty.ee<\/span><\/a><\/span><\/p>\n<p><span style=\"font-size: 16px;\">\u00a0<\/span><\/p>","protected":false},"excerpt":{"rendered":"<p>(<em>liitrihind 140,00 \u20ac \/ l<\/em>)<\/p>\n<p>Somnia Ad Volume gravitatsioonivastane vol\u00fc\u00fcmisprei on spetsiaalselt loodud \u00f5hukestele ja elututele juustele. Rikastatud energiat andva guaraana ja niisutava sinise agaavi ekstraktiga, mis aitavad juukseid tugevdada ning s\u00e4ilitada \u00f5iget niiskust juuksekius.<\/p>\n<p>Toode suurendab juustes vol\u00fc\u00fcmi, j\u00e4ttes need kerged ja eluj\u00f5ulised ilma raskuseta ning lisab peale kasutust peegliefektiga s\u00e4rava l\u00e4ike.<\/p>","protected":false},"featured_media":5522,"comment_status":"open","ping_status":"closed","template":"","meta":{"site-sidebar-layout":"default","site-content-layout":"","ast-site-content-layout":"default","site-content-style":"default","site-sidebar-style":"default","ast-global-header-display":"","ast-banner-title-visibility":"","ast-main-header-display":"","ast-hfb-above-header-display":"","ast-hfb-below-header-display":"","ast-hfb-mobile-header-display":"","site-post-title":"","ast-breadcrumbs-content":"","ast-featured-img":"","footer-sml-layout":"","ast-disable-related-posts":"","theme-transparent-header-meta":"default","adv-header-id-meta":"","stick-header-meta":"","header-above-stick-meta":"","header-main-stick-meta":"","header-below-stick-meta":"","astra-migrate-meta-layouts":"set","ast-page-background-enabled":"default","ast-page-background-meta":{"desktop":{"background-color":"var(--ast-global-color-4)","background-image":"","background-repeat":"repeat","background-position":"center center","background-size":"auto","background-attachment":"scroll","background-type":"","background-media":"","overlay-type":"","overlay-color":"","overlay-opacity":"","overlay-gradient":""},"tablet":{"background-color":"","background-image":"","background-repeat":"repeat","background-position":"center center","background-size":"auto","background-attachment":"scroll","background-type":"","background-media":"","overlay-type":"","overlay-color":"","overlay-opacity":"","overlay-gradient":""},"mobile":{"background-color":"","background-image":"","background-repeat":"repeat","background-position":"center center","background-size":"auto","background-attachment":"scroll","background-type":"","background-media":"","overlay-type":"","overlay-color":"","overlay-opacity":"","overlay-gradient":""}},"ast-content-background-meta":{"desktop":{"background-color":"var(--ast-global-color-5)","background-image":"","background-repeat":"repeat","background-position":"center center","background-size":"auto","background-attachment":"scroll","background-type":"","background-media":"","overlay-type":"","overlay-color":"","overlay-opacity":"","overlay-gradient":""},"tablet":{"background-color":"var(--ast-global-color-5)","background-image":"","background-repeat":"repeat","background-position":"center center","background-size":"auto","background-attachment":"scroll","background-type":"","background-media":"","overlay-type":"","overlay-color":"","overlay-opacity":"","overlay-gradient":""},"mobile":{"background-color":"var(--ast-global-color-5)","background-image":"","background-repeat":"repeat","background-position":"center center","background-size":"auto","background-attachment":"scroll","background-type":"","background-media":"","overlay-type":"","overlay-color":"","overlay-opacity":"","overlay-gradient":""}}},"product_brand":[],"product_cat":[20],"product_tag":[230,231,233,232,137],"giftcard-category":[],"class_list":{"0":"post-3125","1":"product","2":"type-product","3":"status-publish","4":"has-post-thumbnail","6":"product_cat-juuksehooldustooted-sampoon-palsam-mask","7":"product_tag-ad-volume-sari","8":"product_tag-k-time-somnia","9":"product_tag-kohevad-juuksed","10":"product_tag-sprei","11":"product_tag-voluumiandev","12":"desktop-align-center","13":"tablet-align-left","14":"mobile-align-left","16":"first","17":"instock","18":"taxable","19":"shipping-taxable","20":"purchasable","21":"product-type-simple"},"yoast_head":"<!-- This site is optimized with the Yoast SEO plugin v27.5 - https:\/\/yoast.com\/product\/yoast-seo-wordpress\/ -->\n<title>K-Time Somnia Ad Volume vol\u00fc\u00fcmisprei 150ml - She Beauty Studio<\/title>\n<meta name=\"description\" content=\"Ad Volume gravitatsioonivastane vol\u00fc\u00fcmisprei on spetsiaalselt v\u00e4lja t\u00f6\u00f6tatud \u00f5hukestele, elututele juustele. Rikastatud guaraana ja sinise agaaviga.\" \/>\n<meta name=\"robots\" content=\"index, follow, max-snippet:-1, max-image-preview:large, max-video-preview:-1\" \/>\n<link rel=\"canonical\" href=\"https:\/\/shebeauty.ee\/en\/product\/k-time-ad-volume-voluumisprei-150ml\/\" \/>\n<meta property=\"og:locale\" content=\"en_US\" \/>\n<meta property=\"og:type\" content=\"article\" \/>\n<meta property=\"og:title\" content=\"K-Time Somnia Ad Volume vol\u00fc\u00fcmisprei 150ml - She Beauty Studio\" \/>\n<meta property=\"og:description\" content=\"Ad Volume gravitatsioonivastane vol\u00fc\u00fcmisprei on spetsiaalselt v\u00e4lja t\u00f6\u00f6tatud \u00f5hukestele, elututele juustele. Rikastatud guaraana ja sinise agaaviga.\" \/>\n<meta property=\"og:url\" content=\"https:\/\/shebeauty.ee\/en\/product\/k-time-ad-volume-voluumisprei-150ml\/\" \/>\n<meta property=\"og:site_name\" content=\"She Beauty Studio\" \/>\n<meta property=\"article:modified_time\" content=\"2025-08-17T09:57:33+00:00\" \/>\n<meta property=\"og:image\" content=\"https:\/\/shebeauty.ee\/wp-content\/uploads\/2023\/12\/26\uf02208-3-scaled.jpg\" \/>\n\t<meta property=\"og:image:width\" content=\"2560\" \/>\n\t<meta property=\"og:image:height\" content=\"2560\" \/>\n\t<meta property=\"og:image:type\" content=\"image\/jpeg\" \/>\n<meta name=\"twitter:card\" content=\"summary_large_image\" \/>\n<meta name=\"twitter:label1\" content=\"Est. reading time\" \/>\n\t<meta name=\"twitter:data1\" content=\"1 minute\" \/>\n<script type=\"application\/ld+json\" class=\"yoast-schema-graph\">{\"@context\":\"https:\\\/\\\/schema.org\",\"@graph\":[{\"@type\":\"WebPage\",\"@id\":\"https:\\\/\\\/shebeauty.ee\\\/toode\\\/k-time-ad-volume-voluumisprei-150ml\\\/\",\"url\":\"https:\\\/\\\/shebeauty.ee\\\/toode\\\/k-time-ad-volume-voluumisprei-150ml\\\/\",\"name\":\"K-Time Somnia Ad Volume vol\u00fc\u00fcmisprei 150ml - She Beauty Studio\",\"isPartOf\":{\"@id\":\"https:\\\/\\\/shebeauty.ee\\\/#website\"},\"primaryImageOfPage\":{\"@id\":\"https:\\\/\\\/shebeauty.ee\\\/toode\\\/k-time-ad-volume-voluumisprei-150ml\\\/#primaryimage\"},\"image\":{\"@id\":\"https:\\\/\\\/shebeauty.ee\\\/toode\\\/k-time-ad-volume-voluumisprei-150ml\\\/#primaryimage\"},\"thumbnailUrl\":\"https:\\\/\\\/shebeauty.ee\\\/wp-content\\\/uploads\\\/2023\\\/12\\\/26\uf02208-3-scaled.jpg\",\"datePublished\":\"2023-12-17T14:22:13+00:00\",\"dateModified\":\"2025-08-17T09:57:33+00:00\",\"description\":\"Ad Volume gravitatsioonivastane vol\u00fc\u00fcmisprei on spetsiaalselt v\u00e4lja t\u00f6\u00f6tatud \u00f5hukestele, elututele juustele. Rikastatud guaraana ja sinise agaaviga.\",\"breadcrumb\":{\"@id\":\"https:\\\/\\\/shebeauty.ee\\\/toode\\\/k-time-ad-volume-voluumisprei-150ml\\\/#breadcrumb\"},\"inLanguage\":\"en-US\",\"potentialAction\":[{\"@type\":\"ReadAction\",\"target\":[\"https:\\\/\\\/shebeauty.ee\\\/toode\\\/k-time-ad-volume-voluumisprei-150ml\\\/\"]}]},{\"@type\":\"ImageObject\",\"inLanguage\":\"en-US\",\"@id\":\"https:\\\/\\\/shebeauty.ee\\\/toode\\\/k-time-ad-volume-voluumisprei-150ml\\\/#primaryimage\",\"url\":\"https:\\\/\\\/shebeauty.ee\\\/wp-content\\\/uploads\\\/2023\\\/12\\\/26\uf02208-3-scaled.jpg\",\"contentUrl\":\"https:\\\/\\\/shebeauty.ee\\\/wp-content\\\/uploads\\\/2023\\\/12\\\/26\uf02208-3-scaled.jpg\",\"width\":2560,\"height\":2560},{\"@type\":\"BreadcrumbList\",\"@id\":\"https:\\\/\\\/shebeauty.ee\\\/toode\\\/k-time-ad-volume-voluumisprei-150ml\\\/#breadcrumb\",\"itemListElement\":[{\"@type\":\"ListItem\",\"position\":1,\"name\":\"Home\",\"item\":\"https:\\\/\\\/shebeauty.ee\\\/\"},{\"@type\":\"ListItem\",\"position\":2,\"name\":\"Pood\",\"item\":\"https:\\\/\\\/shebeauty.ee\\\/e-pood\\\/\"},{\"@type\":\"ListItem\",\"position\":3,\"name\":\"K-Time Somnia Ad Volume vol\u00fc\u00fcmisprei 150ml\"}]},{\"@type\":\"WebSite\",\"@id\":\"https:\\\/\\\/shebeauty.ee\\\/#website\",\"url\":\"https:\\\/\\\/shebeauty.ee\\\/\",\"name\":\"She Beauty Studio\",\"description\":\"Juuksestuudio\",\"publisher\":{\"@id\":\"https:\\\/\\\/shebeauty.ee\\\/#organization\"},\"potentialAction\":[{\"@type\":\"SearchAction\",\"target\":{\"@type\":\"EntryPoint\",\"urlTemplate\":\"https:\\\/\\\/shebeauty.ee\\\/?s={search_term_string}\"},\"query-input\":{\"@type\":\"PropertyValueSpecification\",\"valueRequired\":true,\"valueName\":\"search_term_string\"}}],\"inLanguage\":\"en-US\"},{\"@type\":\"Organization\",\"@id\":\"https:\\\/\\\/shebeauty.ee\\\/#organization\",\"name\":\"She Beauty O\u00dc\",\"url\":\"https:\\\/\\\/shebeauty.ee\\\/\",\"logo\":{\"@type\":\"ImageObject\",\"inLanguage\":\"en-US\",\"@id\":\"https:\\\/\\\/shebeauty.ee\\\/#\\\/schema\\\/logo\\\/image\\\/\",\"url\":\"https:\\\/\\\/shebeauty.ee\\\/wp-content\\\/uploads\\\/2023\\\/10\\\/IMG_0585.jpg\",\"contentUrl\":\"https:\\\/\\\/shebeauty.ee\\\/wp-content\\\/uploads\\\/2023\\\/10\\\/IMG_0585.jpg\",\"width\":1284,\"height\":1300,\"caption\":\"She Beauty O\u00dc\"},\"image\":{\"@id\":\"https:\\\/\\\/shebeauty.ee\\\/#\\\/schema\\\/logo\\\/image\\\/\"}}]}<\/script>\n<!-- \/ Yoast SEO plugin. -->","yoast_head_json":{"title":"K-Time Somnia Ad Volume vol\u00fc\u00fcmisprei 150ml - She Beauty Studio","description":"Ad Volume Anti-Gravity Volumizing Spray is specially formulated for thin, lifeless hair. Enriched with guarana and blue agave.","robots":{"index":"index","follow":"follow","max-snippet":"max-snippet:-1","max-image-preview":"max-image-preview:large","max-video-preview":"max-video-preview:-1"},"canonical":"https:\/\/shebeauty.ee\/en\/product\/k-time-ad-volume-voluumisprei-150ml\/","og_locale":"en_US","og_type":"article","og_title":"K-Time Somnia Ad Volume vol\u00fc\u00fcmisprei 150ml - She Beauty Studio","og_description":"Ad Volume gravitatsioonivastane vol\u00fc\u00fcmisprei on spetsiaalselt v\u00e4lja t\u00f6\u00f6tatud \u00f5hukestele, elututele juustele. Rikastatud guaraana ja sinise agaaviga.","og_url":"https:\/\/shebeauty.ee\/en\/product\/k-time-ad-volume-voluumisprei-150ml\/","og_site_name":"She Beauty Studio","article_modified_time":"2025-08-17T09:57:33+00:00","og_image":[{"width":2560,"height":2560,"url":"https:\/\/shebeauty.ee\/wp-content\/uploads\/2023\/12\/26\uf02208-3-scaled.jpg","type":"image\/jpeg"}],"twitter_card":"summary_large_image","twitter_misc":{"Est. reading time":"1 minute"},"schema":{"@context":"https:\/\/schema.org","@graph":[{"@type":"WebPage","@id":"https:\/\/shebeauty.ee\/toode\/k-time-ad-volume-voluumisprei-150ml\/","url":"https:\/\/shebeauty.ee\/toode\/k-time-ad-volume-voluumisprei-150ml\/","name":"K-Time Somnia Ad Volume vol\u00fc\u00fcmisprei 150ml - She Beauty Studio","isPartOf":{"@id":"https:\/\/shebeauty.ee\/#website"},"primaryImageOfPage":{"@id":"https:\/\/shebeauty.ee\/toode\/k-time-ad-volume-voluumisprei-150ml\/#primaryimage"},"image":{"@id":"https:\/\/shebeauty.ee\/toode\/k-time-ad-volume-voluumisprei-150ml\/#primaryimage"},"thumbnailUrl":"https:\/\/shebeauty.ee\/wp-content\/uploads\/2023\/12\/26\uf02208-3-scaled.jpg","datePublished":"2023-12-17T14:22:13+00:00","dateModified":"2025-08-17T09:57:33+00:00","description":"Ad Volume Anti-Gravity Volumizing Spray is specially formulated for thin, lifeless hair. Enriched with guarana and blue agave.","breadcrumb":{"@id":"https:\/\/shebeauty.ee\/toode\/k-time-ad-volume-voluumisprei-150ml\/#breadcrumb"},"inLanguage":"en-US","potentialAction":[{"@type":"ReadAction","target":["https:\/\/shebeauty.ee\/toode\/k-time-ad-volume-voluumisprei-150ml\/"]}]},{"@type":"ImageObject","inLanguage":"en-US","@id":"https:\/\/shebeauty.ee\/toode\/k-time-ad-volume-voluumisprei-150ml\/#primaryimage","url":"https:\/\/shebeauty.ee\/wp-content\/uploads\/2023\/12\/26\uf02208-3-scaled.jpg","contentUrl":"https:\/\/shebeauty.ee\/wp-content\/uploads\/2023\/12\/26\uf02208-3-scaled.jpg","width":2560,"height":2560},{"@type":"BreadcrumbList","@id":"https:\/\/shebeauty.ee\/toode\/k-time-ad-volume-voluumisprei-150ml\/#breadcrumb","itemListElement":[{"@type":"ListItem","position":1,"name":"Home","item":"https:\/\/shebeauty.ee\/"},{"@type":"ListItem","position":2,"name":"Pood","item":"https:\/\/shebeauty.ee\/e-pood\/"},{"@type":"ListItem","position":3,"name":"K-Time Somnia Ad Volume vol\u00fc\u00fcmisprei 150ml"}]},{"@type":"WebSite","@id":"https:\/\/shebeauty.ee\/#website","url":"https:\/\/shebeauty.ee\/","name":"She Beauty Studio","description":"Juuksestuudio","publisher":{"@id":"https:\/\/shebeauty.ee\/#organization"},"potentialAction":[{"@type":"SearchAction","target":{"@type":"EntryPoint","urlTemplate":"https:\/\/shebeauty.ee\/?s={search_term_string}"},"query-input":{"@type":"PropertyValueSpecification","valueRequired":true,"valueName":"search_term_string"}}],"inLanguage":"en-US"},{"@type":"Organization","@id":"https:\/\/shebeauty.ee\/#organization","name":"She Beauty O\u00dc","url":"https:\/\/shebeauty.ee\/","logo":{"@type":"ImageObject","inLanguage":"en-US","@id":"https:\/\/shebeauty.ee\/#\/schema\/logo\/image\/","url":"https:\/\/shebeauty.ee\/wp-content\/uploads\/2023\/10\/IMG_0585.jpg","contentUrl":"https:\/\/shebeauty.ee\/wp-content\/uploads\/2023\/10\/IMG_0585.jpg","width":1284,"height":1300,"caption":"She Beauty O\u00dc"},"image":{"@id":"https:\/\/shebeauty.ee\/#\/schema\/logo\/image\/"}}]}},"_links":{"self":[{"href":"https:\/\/shebeauty.ee\/en\/wp-json\/wp\/v2\/product\/3125","targetHints":{"allow":["GET"]}}],"collection":[{"href":"https:\/\/shebeauty.ee\/en\/wp-json\/wp\/v2\/product"}],"about":[{"href":"https:\/\/shebeauty.ee\/en\/wp-json\/wp\/v2\/types\/product"}],"replies":[{"embeddable":true,"href":"https:\/\/shebeauty.ee\/en\/wp-json\/wp\/v2\/comments?post=3125"}],"wp:featuredmedia":[{"embeddable":true,"href":"https:\/\/shebeauty.ee\/en\/wp-json\/wp\/v2\/media\/5522"}],"wp:attachment":[{"href":"https:\/\/shebeauty.ee\/en\/wp-json\/wp\/v2\/media?parent=3125"}],"wp:term":[{"taxonomy":"product_brand","embeddable":true,"href":"https:\/\/shebeauty.ee\/en\/wp-json\/wp\/v2\/product_brand?post=3125"},{"taxonomy":"product_cat","embeddable":true,"href":"https:\/\/shebeauty.ee\/en\/wp-json\/wp\/v2\/product_cat?post=3125"},{"taxonomy":"product_tag","embeddable":true,"href":"https:\/\/shebeauty.ee\/en\/wp-json\/wp\/v2\/product_tag?post=3125"},{"taxonomy":"giftcard-category","embeddable":true,"href":"https:\/\/shebeauty.ee\/en\/wp-json\/wp\/v2\/giftcard-category?post=3125"}],"curies":[{"name":"wp","href":"https:\/\/api.w.org\/{rel}","templated":true}]}}