{"id":3123,"date":"2023-12-17T16:18:57","date_gmt":"2023-12-17T14:18:57","guid":{"rendered":"https:\/\/shebeauty.ee\/?post_type=product&#038;p=3123"},"modified":"2025-08-23T17:27:32","modified_gmt":"2025-08-23T14:27:32","slug":"k-time-somnia-ad-volume-mask","status":"publish","type":"product","link":"https:\/\/shebeauty.ee\/en\/product\/k-time-somnia-ad-volume-mask\/","title":{"rendered":"K-Time Somina Ad Volume Mask"},"content":{"rendered":"<p class=\"p1\"><span class=\"s1\" style=\"font-size: 16px;\"><strong>K-Time Somina Ad Volume Mask <\/strong>on rikastatud guraana ja sinise agaaviga. Guaraanat peetakse t\u00e4nu energiat andvatele, stimuleerivatele ja toniseerivatele omadustele elueliksiiriks, sest sellel on sees palju antioks\u00fcdantne, mis on elustava toimega. Sinise agaavi uuenduslikul ekstraktil on v\u00e4gi juukseid niisutada, s\u00e4ilitades juuksekiu sees \u00f5ige koguse vett. <\/span><span class=\"s1\" style=\"font-size: 16px;\">Mask on spetsiaalselt loodud \u00f5hukestele elututele juustele. Toites juukseid, annab see neile elastsuse ja s\u00e4ra, j\u00e4ttes nad samal ajal kergeks ning t\u00e4iuslikult niisutatuks.<\/span><\/p>\n<p class=\"p1\"><strong data-start=\"619\" data-end=\"634\">Usage:<\/strong><br data-start=\"634\" data-end=\"637\" \/>P\u00e4rast \u0161ampooniga pesu kanna v\u00e4ike kogus toodet niisketesse juustesse, juuksepikkusest kuni otsteni. Kammige juuksed l\u00e4bi ja laske m\u00f5juda 5\u201310 minutit. Loputa hoolikalt.<\/p>\n<p><strong>Ingredients:<\/strong><br \/>\nAQUA (WATER), CETEARYL ALCOHOL, BEHENAMIDOPROPYL DIMETHYLAMINE, BEHENTRIMONIUM CHLORIDE, METHOXY PEG\/PPG-7\/3 AMINOPROPYL DIMETHICONE, PAULLINIA CUPANA SEED EXTRACT, FAEX (YEAST) EXTRACT, GLYCERIN, POLYQUATERNIUM-37, LACTIC ACID, GLYCERYL LAURATE, CAPRYLIC\/CAPRIC TRIGLYCERIDE, PPG-1 TRIDECETH-6, ISOPROPYL ALCOHOL, PROPYLENE GLYCOL, PROPYLENE GLYCOL DICAPRYLATE\/DICAPRATE, HYDROXYETHYLCELLULOSE, PARFUM (FRAGRANCE), CITRONELLOL, HEXYL CINNAMAL, LIMONENE, LINALOOL<\/p>\n<p><strong>The list of ingredients could change. Always refer to the product packaging for the most up-to-date ingredient list.<\/strong><br \/>\n<strong>Koostisosade loetelu v\u00f5ib muutuda. K\u00f5ige ajakohasema koostisosade loetelu leiad alati toote pakendilt.<\/strong><\/p>\n<p class=\"p1\"><span class=\"s1\">Importer: Beauty Cosmetics O\u00dc, Kaupmehe 6, Tallinn <a href=\"https:\/\/shebeauty.ee\/en\/\"><span class=\"s2\">www.shebeauty.ee<\/span><\/a><\/span><\/p>","protected":false},"excerpt":{"rendered":"<p>(<em>200ml liitrihind: 120,00 \u20ac \/ l<\/em>)<br \/>\n(<em>500ml liitrihind: 58,00 \u20ac \/ l<\/em>)<\/p>\n<p>Toitev ja kerge vol\u00fc\u00fcmi andev juuksemask guaraana ja sinise agaavi ekstraktiga. Loodud spetsiaalselt \u00f5hukestele ja elututele juustele \u2013 tugevdab, niisutab ja annab kohevust ilma raskust lisamata.<\/p>","protected":false},"featured_media":5536,"comment_status":"open","ping_status":"closed","template":"","meta":{"site-sidebar-layout":"default","site-content-layout":"","ast-site-content-layout":"default","site-content-style":"default","site-sidebar-style":"default","ast-global-header-display":"","ast-banner-title-visibility":"","ast-main-header-display":"","ast-hfb-above-header-display":"","ast-hfb-below-header-display":"","ast-hfb-mobile-header-display":"","site-post-title":"","ast-breadcrumbs-content":"","ast-featured-img":"","footer-sml-layout":"","ast-disable-related-posts":"","theme-transparent-header-meta":"default","adv-header-id-meta":"","stick-header-meta":"","header-above-stick-meta":"","header-main-stick-meta":"","header-below-stick-meta":"","astra-migrate-meta-layouts":"set","ast-page-background-enabled":"default","ast-page-background-meta":{"desktop":{"background-color":"var(--ast-global-color-4)","background-image":"","background-repeat":"repeat","background-position":"center center","background-size":"auto","background-attachment":"scroll","background-type":"","background-media":"","overlay-type":"","overlay-color":"","overlay-opacity":"","overlay-gradient":""},"tablet":{"background-color":"","background-image":"","background-repeat":"repeat","background-position":"center center","background-size":"auto","background-attachment":"scroll","background-type":"","background-media":"","overlay-type":"","overlay-color":"","overlay-opacity":"","overlay-gradient":""},"mobile":{"background-color":"","background-image":"","background-repeat":"repeat","background-position":"center center","background-size":"auto","background-attachment":"scroll","background-type":"","background-media":"","overlay-type":"","overlay-color":"","overlay-opacity":"","overlay-gradient":""}},"ast-content-background-meta":{"desktop":{"background-color":"var(--ast-global-color-5)","background-image":"","background-repeat":"repeat","background-position":"center center","background-size":"auto","background-attachment":"scroll","background-type":"","background-media":"","overlay-type":"","overlay-color":"","overlay-opacity":"","overlay-gradient":""},"tablet":{"background-color":"var(--ast-global-color-5)","background-image":"","background-repeat":"repeat","background-position":"center center","background-size":"auto","background-attachment":"scroll","background-type":"","background-media":"","overlay-type":"","overlay-color":"","overlay-opacity":"","overlay-gradient":""},"mobile":{"background-color":"var(--ast-global-color-5)","background-image":"","background-repeat":"repeat","background-position":"center center","background-size":"auto","background-attachment":"scroll","background-type":"","background-media":"","overlay-type":"","overlay-color":"","overlay-opacity":"","overlay-gradient":""}}},"product_brand":[],"product_cat":[20],"product_tag":[230,231,233,177],"giftcard-category":[],"class_list":{"0":"post-3123","1":"product","2":"type-product","3":"status-publish","4":"has-post-thumbnail","6":"product_cat-juuksehooldustooted-sampoon-palsam-mask","7":"product_tag-ad-volume-sari","8":"product_tag-k-time-somnia","9":"product_tag-kohevad-juuksed","10":"product_tag-volume-shampoo","11":"desktop-align-center","12":"tablet-align-left","13":"mobile-align-left","15":"first","16":"instock","17":"taxable","18":"shipping-taxable","19":"purchasable","20":"product-type-variable"},"yoast_head":"<!-- This site is optimized with the Yoast SEO plugin v27.4 - https:\/\/yoast.com\/product\/yoast-seo-wordpress\/ -->\n<title>K-Time Somina Ad Volume Mask - She Beauty Studio<\/title>\n<meta name=\"description\" content=\"Toitev ja kerge vol\u00fc\u00fcmi andev juuksemask guaraana ja sinise agaavi ekstraktiga. Loodud spetsiaalselt \u00f5hukestele ja elututele juustele.\" \/>\n<meta name=\"robots\" content=\"index, follow, max-snippet:-1, max-image-preview:large, max-video-preview:-1\" \/>\n<link rel=\"canonical\" href=\"https:\/\/shebeauty.ee\/en\/product\/k-time-somnia-ad-volume-mask\/\" \/>\n<meta property=\"og:locale\" content=\"en_US\" \/>\n<meta property=\"og:type\" content=\"article\" \/>\n<meta property=\"og:title\" content=\"K-Time Somina Ad Volume Mask - She Beauty Studio\" \/>\n<meta property=\"og:description\" content=\"Toitev ja kerge vol\u00fc\u00fcmi andev juuksemask guaraana ja sinise agaavi ekstraktiga. Loodud spetsiaalselt \u00f5hukestele ja elututele juustele.\" \/>\n<meta property=\"og:url\" content=\"https:\/\/shebeauty.ee\/en\/product\/k-time-somnia-ad-volume-mask\/\" \/>\n<meta property=\"og:site_name\" content=\"She Beauty Studio\" \/>\n<meta property=\"article:modified_time\" content=\"2025-08-23T14:27:32+00:00\" \/>\n<meta property=\"og:image\" content=\"https:\/\/shebeauty.ee\/wp-content\/uploads\/2023\/12\/Somnia-Ad-Volume-500ml-treatment-scaled.png\" \/>\n\t<meta property=\"og:image:width\" content=\"2560\" \/>\n\t<meta property=\"og:image:height\" content=\"2560\" \/>\n\t<meta property=\"og:image:type\" content=\"image\/png\" \/>\n<meta name=\"twitter:card\" content=\"summary_large_image\" \/>\n<meta name=\"twitter:label1\" content=\"Est. reading time\" \/>\n\t<meta name=\"twitter:data1\" content=\"2 minutes\" \/>\n<script type=\"application\/ld+json\" class=\"yoast-schema-graph\">{\"@context\":\"https:\\\/\\\/schema.org\",\"@graph\":[{\"@type\":\"WebPage\",\"@id\":\"https:\\\/\\\/shebeauty.ee\\\/toode\\\/k-time-somnia-ad-volume-mask\\\/\",\"url\":\"https:\\\/\\\/shebeauty.ee\\\/toode\\\/k-time-somnia-ad-volume-mask\\\/\",\"name\":\"K-Time Somina Ad Volume Mask - She Beauty Studio\",\"isPartOf\":{\"@id\":\"https:\\\/\\\/shebeauty.ee\\\/#website\"},\"primaryImageOfPage\":{\"@id\":\"https:\\\/\\\/shebeauty.ee\\\/toode\\\/k-time-somnia-ad-volume-mask\\\/#primaryimage\"},\"image\":{\"@id\":\"https:\\\/\\\/shebeauty.ee\\\/toode\\\/k-time-somnia-ad-volume-mask\\\/#primaryimage\"},\"thumbnailUrl\":\"https:\\\/\\\/shebeauty.ee\\\/wp-content\\\/uploads\\\/2023\\\/12\\\/Somnia-Ad-Volume-500ml-treatment-scaled.png\",\"datePublished\":\"2023-12-17T14:18:57+00:00\",\"dateModified\":\"2025-08-23T14:27:32+00:00\",\"description\":\"Toitev ja kerge vol\u00fc\u00fcmi andev juuksemask guaraana ja sinise agaavi ekstraktiga. Loodud spetsiaalselt \u00f5hukestele ja elututele juustele.\",\"breadcrumb\":{\"@id\":\"https:\\\/\\\/shebeauty.ee\\\/toode\\\/k-time-somnia-ad-volume-mask\\\/#breadcrumb\"},\"inLanguage\":\"en-US\",\"potentialAction\":[{\"@type\":\"ReadAction\",\"target\":[\"https:\\\/\\\/shebeauty.ee\\\/toode\\\/k-time-somnia-ad-volume-mask\\\/\"]}]},{\"@type\":\"ImageObject\",\"inLanguage\":\"en-US\",\"@id\":\"https:\\\/\\\/shebeauty.ee\\\/toode\\\/k-time-somnia-ad-volume-mask\\\/#primaryimage\",\"url\":\"https:\\\/\\\/shebeauty.ee\\\/wp-content\\\/uploads\\\/2023\\\/12\\\/Somnia-Ad-Volume-500ml-treatment-scaled.png\",\"contentUrl\":\"https:\\\/\\\/shebeauty.ee\\\/wp-content\\\/uploads\\\/2023\\\/12\\\/Somnia-Ad-Volume-500ml-treatment-scaled.png\",\"width\":2560,\"height\":2560},{\"@type\":\"BreadcrumbList\",\"@id\":\"https:\\\/\\\/shebeauty.ee\\\/toode\\\/k-time-somnia-ad-volume-mask\\\/#breadcrumb\",\"itemListElement\":[{\"@type\":\"ListItem\",\"position\":1,\"name\":\"Home\",\"item\":\"https:\\\/\\\/shebeauty.ee\\\/\"},{\"@type\":\"ListItem\",\"position\":2,\"name\":\"Pood\",\"item\":\"https:\\\/\\\/shebeauty.ee\\\/e-pood\\\/\"},{\"@type\":\"ListItem\",\"position\":3,\"name\":\"K-Time Somina Ad Volume Mask\"}]},{\"@type\":\"WebSite\",\"@id\":\"https:\\\/\\\/shebeauty.ee\\\/#website\",\"url\":\"https:\\\/\\\/shebeauty.ee\\\/\",\"name\":\"She Beauty Studio\",\"description\":\"Juuksestuudio\",\"publisher\":{\"@id\":\"https:\\\/\\\/shebeauty.ee\\\/#organization\"},\"potentialAction\":[{\"@type\":\"SearchAction\",\"target\":{\"@type\":\"EntryPoint\",\"urlTemplate\":\"https:\\\/\\\/shebeauty.ee\\\/?s={search_term_string}\"},\"query-input\":{\"@type\":\"PropertyValueSpecification\",\"valueRequired\":true,\"valueName\":\"search_term_string\"}}],\"inLanguage\":\"en-US\"},{\"@type\":\"Organization\",\"@id\":\"https:\\\/\\\/shebeauty.ee\\\/#organization\",\"name\":\"She Beauty O\u00dc\",\"url\":\"https:\\\/\\\/shebeauty.ee\\\/\",\"logo\":{\"@type\":\"ImageObject\",\"inLanguage\":\"en-US\",\"@id\":\"https:\\\/\\\/shebeauty.ee\\\/#\\\/schema\\\/logo\\\/image\\\/\",\"url\":\"https:\\\/\\\/shebeauty.ee\\\/wp-content\\\/uploads\\\/2023\\\/10\\\/IMG_0585.jpg\",\"contentUrl\":\"https:\\\/\\\/shebeauty.ee\\\/wp-content\\\/uploads\\\/2023\\\/10\\\/IMG_0585.jpg\",\"width\":1284,\"height\":1300,\"caption\":\"She Beauty O\u00dc\"},\"image\":{\"@id\":\"https:\\\/\\\/shebeauty.ee\\\/#\\\/schema\\\/logo\\\/image\\\/\"}}]}<\/script>\n<!-- \/ Yoast SEO plugin. -->","yoast_head_json":{"title":"K-Time Somina Ad Volume Mask - She Beauty Studio","description":"Toitev ja kerge vol\u00fc\u00fcmi andev juuksemask guaraana ja sinise agaavi ekstraktiga. Loodud spetsiaalselt \u00f5hukestele ja elututele juustele.","robots":{"index":"index","follow":"follow","max-snippet":"max-snippet:-1","max-image-preview":"max-image-preview:large","max-video-preview":"max-video-preview:-1"},"canonical":"https:\/\/shebeauty.ee\/en\/product\/k-time-somnia-ad-volume-mask\/","og_locale":"en_US","og_type":"article","og_title":"K-Time Somina Ad Volume Mask - She Beauty Studio","og_description":"Toitev ja kerge vol\u00fc\u00fcmi andev juuksemask guaraana ja sinise agaavi ekstraktiga. Loodud spetsiaalselt \u00f5hukestele ja elututele juustele.","og_url":"https:\/\/shebeauty.ee\/en\/product\/k-time-somnia-ad-volume-mask\/","og_site_name":"She Beauty Studio","article_modified_time":"2025-08-23T14:27:32+00:00","og_image":[{"width":2560,"height":2560,"url":"https:\/\/shebeauty.ee\/wp-content\/uploads\/2023\/12\/Somnia-Ad-Volume-500ml-treatment-scaled.png","type":"image\/png"}],"twitter_card":"summary_large_image","twitter_misc":{"Est. reading time":"2 minutes"},"schema":{"@context":"https:\/\/schema.org","@graph":[{"@type":"WebPage","@id":"https:\/\/shebeauty.ee\/toode\/k-time-somnia-ad-volume-mask\/","url":"https:\/\/shebeauty.ee\/toode\/k-time-somnia-ad-volume-mask\/","name":"K-Time Somina Ad Volume Mask - She Beauty Studio","isPartOf":{"@id":"https:\/\/shebeauty.ee\/#website"},"primaryImageOfPage":{"@id":"https:\/\/shebeauty.ee\/toode\/k-time-somnia-ad-volume-mask\/#primaryimage"},"image":{"@id":"https:\/\/shebeauty.ee\/toode\/k-time-somnia-ad-volume-mask\/#primaryimage"},"thumbnailUrl":"https:\/\/shebeauty.ee\/wp-content\/uploads\/2023\/12\/Somnia-Ad-Volume-500ml-treatment-scaled.png","datePublished":"2023-12-17T14:18:57+00:00","dateModified":"2025-08-23T14:27:32+00:00","description":"Toitev ja kerge vol\u00fc\u00fcmi andev juuksemask guaraana ja sinise agaavi ekstraktiga. Loodud spetsiaalselt \u00f5hukestele ja elututele juustele.","breadcrumb":{"@id":"https:\/\/shebeauty.ee\/toode\/k-time-somnia-ad-volume-mask\/#breadcrumb"},"inLanguage":"en-US","potentialAction":[{"@type":"ReadAction","target":["https:\/\/shebeauty.ee\/toode\/k-time-somnia-ad-volume-mask\/"]}]},{"@type":"ImageObject","inLanguage":"en-US","@id":"https:\/\/shebeauty.ee\/toode\/k-time-somnia-ad-volume-mask\/#primaryimage","url":"https:\/\/shebeauty.ee\/wp-content\/uploads\/2023\/12\/Somnia-Ad-Volume-500ml-treatment-scaled.png","contentUrl":"https:\/\/shebeauty.ee\/wp-content\/uploads\/2023\/12\/Somnia-Ad-Volume-500ml-treatment-scaled.png","width":2560,"height":2560},{"@type":"BreadcrumbList","@id":"https:\/\/shebeauty.ee\/toode\/k-time-somnia-ad-volume-mask\/#breadcrumb","itemListElement":[{"@type":"ListItem","position":1,"name":"Home","item":"https:\/\/shebeauty.ee\/"},{"@type":"ListItem","position":2,"name":"Pood","item":"https:\/\/shebeauty.ee\/e-pood\/"},{"@type":"ListItem","position":3,"name":"K-Time Somina Ad Volume Mask"}]},{"@type":"WebSite","@id":"https:\/\/shebeauty.ee\/#website","url":"https:\/\/shebeauty.ee\/","name":"She Beauty Studio","description":"Juuksestuudio","publisher":{"@id":"https:\/\/shebeauty.ee\/#organization"},"potentialAction":[{"@type":"SearchAction","target":{"@type":"EntryPoint","urlTemplate":"https:\/\/shebeauty.ee\/?s={search_term_string}"},"query-input":{"@type":"PropertyValueSpecification","valueRequired":true,"valueName":"search_term_string"}}],"inLanguage":"en-US"},{"@type":"Organization","@id":"https:\/\/shebeauty.ee\/#organization","name":"She Beauty O\u00dc","url":"https:\/\/shebeauty.ee\/","logo":{"@type":"ImageObject","inLanguage":"en-US","@id":"https:\/\/shebeauty.ee\/#\/schema\/logo\/image\/","url":"https:\/\/shebeauty.ee\/wp-content\/uploads\/2023\/10\/IMG_0585.jpg","contentUrl":"https:\/\/shebeauty.ee\/wp-content\/uploads\/2023\/10\/IMG_0585.jpg","width":1284,"height":1300,"caption":"She Beauty O\u00dc"},"image":{"@id":"https:\/\/shebeauty.ee\/#\/schema\/logo\/image\/"}}]}},"_links":{"self":[{"href":"https:\/\/shebeauty.ee\/en\/wp-json\/wp\/v2\/product\/3123","targetHints":{"allow":["GET"]}}],"collection":[{"href":"https:\/\/shebeauty.ee\/en\/wp-json\/wp\/v2\/product"}],"about":[{"href":"https:\/\/shebeauty.ee\/en\/wp-json\/wp\/v2\/types\/product"}],"replies":[{"embeddable":true,"href":"https:\/\/shebeauty.ee\/en\/wp-json\/wp\/v2\/comments?post=3123"}],"wp:featuredmedia":[{"embeddable":true,"href":"https:\/\/shebeauty.ee\/en\/wp-json\/wp\/v2\/media\/5536"}],"wp:attachment":[{"href":"https:\/\/shebeauty.ee\/en\/wp-json\/wp\/v2\/media?parent=3123"}],"wp:term":[{"taxonomy":"product_brand","embeddable":true,"href":"https:\/\/shebeauty.ee\/en\/wp-json\/wp\/v2\/product_brand?post=3123"},{"taxonomy":"product_cat","embeddable":true,"href":"https:\/\/shebeauty.ee\/en\/wp-json\/wp\/v2\/product_cat?post=3123"},{"taxonomy":"product_tag","embeddable":true,"href":"https:\/\/shebeauty.ee\/en\/wp-json\/wp\/v2\/product_tag?post=3123"},{"taxonomy":"giftcard-category","embeddable":true,"href":"https:\/\/shebeauty.ee\/en\/wp-json\/wp\/v2\/giftcard-category?post=3123"}],"curies":[{"name":"wp","href":"https:\/\/api.w.org\/{rel}","templated":true}]}}