{"id":3116,"date":"2023-12-17T16:15:41","date_gmt":"2023-12-17T14:15:41","guid":{"rendered":"https:\/\/shebeauty.ee\/?post_type=product&#038;p=3116"},"modified":"2025-11-16T20:59:41","modified_gmt":"2025-11-16T18:59:41","slug":"k-time-somnia-volume-ad-shampoo","status":"publish","type":"product","link":"https:\/\/shebeauty.ee\/en\/product\/k-time-somnia-volume-ad-shampoo\/","title":{"rendered":"K-Time Somnia Ad Volume shampoo"},"content":{"rendered":"<p class=\"p1\"><span class=\"s1\"><strong>K-Time Somnia Ad Volume<\/strong> vol\u00fc\u00fcmi andev \u0161ampoon on rikastatud guraana ja sinise agaaviga. Toode on spetsiaalselt loodud \u00f5hukestele elututele juustele, puhastades \u00f5rnalt peanahka ning andes juustele elastsuse ja s\u00e4ra, j\u00e4ttes juuksed samal ajal kergeks ning t\u00e4iuslikult niisutatuks.\u00a0 <\/span><span class=\"s1\">Due to its energizing, stimulating and tonic properties, guarana is considered the elixir of life because it contains a lot of antioxidants that have a revitalizing effect. <\/span><span class=\"s1\">The innovative extract of blue agave has the power to moisturize the hair by keeping the right amount of water inside the hair fiber.<br \/>\n<\/span><\/p>\n<p class=\"p1\"><strong>Ingredients:<br \/>\n<\/strong><span style=\"font-size: 16px;\">AQUA (WATER), SODIUM LAURETH SULFATE, COCAMIDOPROPYL BETAINE, PAULLINIA CUPANA SEED EXTRACT, POLYQUATERNIUM-10, FAEX (YEAST) EXTRACT, METHOXY PEG\/PPG-7\/3 AMINOPROPYL DIMETHICONE, PEG-120 METHYL GLUCOSE TRIOLEATE, PROPYLENE GLYCOL, SODIUM CHLORIDE, CITRIC ACID, DISODIUM EDTA, PARFUM (FRAGRANCE), PHENOXYETHANOL, CHLORPHENESIN, BENZYL ALCOHOL, METHYLCHLOROISOTHIAZOLINONE, METHYLISOTHIAZOLINONE, CITRONELLOL, HEXYL CINNAMAL, LIMONENE, LINALOOL<\/span><\/p>\n<p><strong>The list of ingredients could change. Always refer to the product packaging for the most up-to-date ingredient list.<\/strong><br \/>\n<strong>Koostisosade loetelu v\u00f5ib muutuda. K\u00f5ige ajakohasema koostisosade loetelu leiad alati toote pakendilt.<\/strong><\/p>\n<p class=\"p1\"><span class=\"s1\">Importer: Beauty Cosmetics O\u00dc, Kaupmehe 6, Tallinn <a href=\"https:\/\/shebeauty.ee\/en\/\"><span class=\"s2\">www.shebeauty.ee<\/span><\/a><\/span><\/p>\n<p class=\"p1\"><span style=\"font-size: 16px;\">\u00a0<\/span><\/p>","protected":false},"excerpt":{"rendered":"<p>(<em>300ml liitrihind: 66,67 \u20ac \/ l<\/em>)<br \/>\n(<em>1000ml liitrihind: 36\u20ac \/ l<\/em>)<br \/>\nAd Volume vol\u00fc\u00fcmi andev \u0161ampoon on rikastatud guraana ja sinise agaaviga ning loodud spetsiaalselt \u00f5hukestele ja elututele juustele. \u0160ampoon puhastab \u00f5rnalt peanahka, andes juustele elastsuse ja s\u00e4ra, samal ajal neid raskeks muutmata.<\/p>\n<p>\u0160ampoon sobib igap\u00e4evaseks kasutamiseks.<\/p>","protected":false},"featured_media":5864,"comment_status":"open","ping_status":"closed","template":"","meta":{"site-sidebar-layout":"default","site-content-layout":"","ast-site-content-layout":"default","site-content-style":"default","site-sidebar-style":"default","ast-global-header-display":"","ast-banner-title-visibility":"","ast-main-header-display":"","ast-hfb-above-header-display":"","ast-hfb-below-header-display":"","ast-hfb-mobile-header-display":"","site-post-title":"","ast-breadcrumbs-content":"","ast-featured-img":"","footer-sml-layout":"","ast-disable-related-posts":"","theme-transparent-header-meta":"default","adv-header-id-meta":"","stick-header-meta":"","header-above-stick-meta":"","header-main-stick-meta":"","header-below-stick-meta":"","astra-migrate-meta-layouts":"set","ast-page-background-enabled":"default","ast-page-background-meta":{"desktop":{"background-color":"var(--ast-global-color-4)","background-image":"","background-repeat":"repeat","background-position":"center center","background-size":"auto","background-attachment":"scroll","background-type":"","background-media":"","overlay-type":"","overlay-color":"","overlay-opacity":"","overlay-gradient":""},"tablet":{"background-color":"","background-image":"","background-repeat":"repeat","background-position":"center center","background-size":"auto","background-attachment":"scroll","background-type":"","background-media":"","overlay-type":"","overlay-color":"","overlay-opacity":"","overlay-gradient":""},"mobile":{"background-color":"","background-image":"","background-repeat":"repeat","background-position":"center center","background-size":"auto","background-attachment":"scroll","background-type":"","background-media":"","overlay-type":"","overlay-color":"","overlay-opacity":"","overlay-gradient":""}},"ast-content-background-meta":{"desktop":{"background-color":"var(--ast-global-color-5)","background-image":"","background-repeat":"repeat","background-position":"center center","background-size":"auto","background-attachment":"scroll","background-type":"","background-media":"","overlay-type":"","overlay-color":"","overlay-opacity":"","overlay-gradient":""},"tablet":{"background-color":"var(--ast-global-color-5)","background-image":"","background-repeat":"repeat","background-position":"center center","background-size":"auto","background-attachment":"scroll","background-type":"","background-media":"","overlay-type":"","overlay-color":"","overlay-opacity":"","overlay-gradient":""},"mobile":{"background-color":"var(--ast-global-color-5)","background-image":"","background-repeat":"repeat","background-position":"center center","background-size":"auto","background-attachment":"scroll","background-type":"","background-media":"","overlay-type":"","overlay-color":"","overlay-opacity":"","overlay-gradient":""}}},"product_brand":[],"product_cat":[20],"product_tag":[230,327,231,233,177,137],"giftcard-category":[],"class_list":{"0":"post-3116","1":"product","2":"type-product","3":"status-publish","4":"has-post-thumbnail","6":"product_cat-juuksehooldustooted-sampoon-palsam-mask","7":"product_tag-ad-volume-sari","8":"product_tag-buduaari-ilulemmik-2025","9":"product_tag-k-time-somnia","10":"product_tag-kohevad-juuksed","11":"product_tag-volume-shampoo","12":"product_tag-voluumiandev","13":"desktop-align-center","14":"tablet-align-left","15":"mobile-align-left","17":"first","18":"instock","19":"taxable","20":"shipping-taxable","21":"purchasable","22":"product-type-variable"},"yoast_head":"<!-- This site is optimized with the Yoast SEO plugin v27.4 - https:\/\/yoast.com\/product\/yoast-seo-wordpress\/ -->\n<title>K-Time Somnia Ad Volume shampoo - She Beauty Studio<\/title>\n<meta name=\"description\" content=\"Ad Volume vol\u00fc\u00fcmi andev \u0161ampoon on rikastatud guraana ja sinise agaaviga. Toode on spetsiaalselt loodud \u00f5hukestele elututele juustele.\" \/>\n<meta name=\"robots\" content=\"index, follow, max-snippet:-1, max-image-preview:large, max-video-preview:-1\" \/>\n<link rel=\"canonical\" href=\"https:\/\/shebeauty.ee\/en\/product\/k-time-somnia-volume-ad-shampoo\/\" \/>\n<meta property=\"og:locale\" content=\"en_US\" \/>\n<meta property=\"og:type\" content=\"article\" \/>\n<meta property=\"og:title\" content=\"K-Time Somnia Ad Volume shampoo - She Beauty Studio\" \/>\n<meta property=\"og:description\" content=\"Ad Volume vol\u00fc\u00fcmi andev \u0161ampoon on rikastatud guraana ja sinise agaaviga. Toode on spetsiaalselt loodud \u00f5hukestele elututele juustele.\" \/>\n<meta property=\"og:url\" content=\"https:\/\/shebeauty.ee\/en\/product\/k-time-somnia-volume-ad-shampoo\/\" \/>\n<meta property=\"og:site_name\" content=\"She Beauty Studio\" \/>\n<meta property=\"article:modified_time\" content=\"2025-11-16T18:59:41+00:00\" \/>\n<meta property=\"og:image\" content=\"https:\/\/shebeauty.ee\/wp-content\/uploads\/2023\/12\/AD-VOLUME-ILULEMMIK-scaled.jpg\" \/>\n\t<meta property=\"og:image:width\" content=\"2560\" \/>\n\t<meta property=\"og:image:height\" content=\"2560\" \/>\n\t<meta property=\"og:image:type\" content=\"image\/jpeg\" \/>\n<meta name=\"twitter:card\" content=\"summary_large_image\" \/>\n<meta name=\"twitter:label1\" content=\"Est. reading time\" \/>\n\t<meta name=\"twitter:data1\" content=\"2 minutes\" \/>\n<script type=\"application\/ld+json\" class=\"yoast-schema-graph\">{\"@context\":\"https:\\\/\\\/schema.org\",\"@graph\":[{\"@type\":\"WebPage\",\"@id\":\"https:\\\/\\\/shebeauty.ee\\\/toode\\\/k-time-somnia-volume-ad-shampoo\\\/\",\"url\":\"https:\\\/\\\/shebeauty.ee\\\/toode\\\/k-time-somnia-volume-ad-shampoo\\\/\",\"name\":\"K-Time Somnia Ad Volume shampoo - She Beauty Studio\",\"isPartOf\":{\"@id\":\"https:\\\/\\\/shebeauty.ee\\\/#website\"},\"primaryImageOfPage\":{\"@id\":\"https:\\\/\\\/shebeauty.ee\\\/toode\\\/k-time-somnia-volume-ad-shampoo\\\/#primaryimage\"},\"image\":{\"@id\":\"https:\\\/\\\/shebeauty.ee\\\/toode\\\/k-time-somnia-volume-ad-shampoo\\\/#primaryimage\"},\"thumbnailUrl\":\"https:\\\/\\\/shebeauty.ee\\\/wp-content\\\/uploads\\\/2023\\\/12\\\/AD-VOLUME-ILULEMMIK-scaled.jpg\",\"datePublished\":\"2023-12-17T14:15:41+00:00\",\"dateModified\":\"2025-11-16T18:59:41+00:00\",\"description\":\"Ad Volume vol\u00fc\u00fcmi andev \u0161ampoon on rikastatud guraana ja sinise agaaviga. Toode on spetsiaalselt loodud \u00f5hukestele elututele juustele.\",\"breadcrumb\":{\"@id\":\"https:\\\/\\\/shebeauty.ee\\\/toode\\\/k-time-somnia-volume-ad-shampoo\\\/#breadcrumb\"},\"inLanguage\":\"en-US\",\"potentialAction\":[{\"@type\":\"ReadAction\",\"target\":[\"https:\\\/\\\/shebeauty.ee\\\/toode\\\/k-time-somnia-volume-ad-shampoo\\\/\"]}]},{\"@type\":\"ImageObject\",\"inLanguage\":\"en-US\",\"@id\":\"https:\\\/\\\/shebeauty.ee\\\/toode\\\/k-time-somnia-volume-ad-shampoo\\\/#primaryimage\",\"url\":\"https:\\\/\\\/shebeauty.ee\\\/wp-content\\\/uploads\\\/2023\\\/12\\\/AD-VOLUME-ILULEMMIK-scaled.jpg\",\"contentUrl\":\"https:\\\/\\\/shebeauty.ee\\\/wp-content\\\/uploads\\\/2023\\\/12\\\/AD-VOLUME-ILULEMMIK-scaled.jpg\",\"width\":2560,\"height\":2560},{\"@type\":\"BreadcrumbList\",\"@id\":\"https:\\\/\\\/shebeauty.ee\\\/toode\\\/k-time-somnia-volume-ad-shampoo\\\/#breadcrumb\",\"itemListElement\":[{\"@type\":\"ListItem\",\"position\":1,\"name\":\"Home\",\"item\":\"https:\\\/\\\/shebeauty.ee\\\/\"},{\"@type\":\"ListItem\",\"position\":2,\"name\":\"Pood\",\"item\":\"https:\\\/\\\/shebeauty.ee\\\/e-pood\\\/\"},{\"@type\":\"ListItem\",\"position\":3,\"name\":\"K-Time Somnia Ad Volume shampoo\"}]},{\"@type\":\"WebSite\",\"@id\":\"https:\\\/\\\/shebeauty.ee\\\/#website\",\"url\":\"https:\\\/\\\/shebeauty.ee\\\/\",\"name\":\"She Beauty Studio\",\"description\":\"Juuksestuudio\",\"publisher\":{\"@id\":\"https:\\\/\\\/shebeauty.ee\\\/#organization\"},\"potentialAction\":[{\"@type\":\"SearchAction\",\"target\":{\"@type\":\"EntryPoint\",\"urlTemplate\":\"https:\\\/\\\/shebeauty.ee\\\/?s={search_term_string}\"},\"query-input\":{\"@type\":\"PropertyValueSpecification\",\"valueRequired\":true,\"valueName\":\"search_term_string\"}}],\"inLanguage\":\"en-US\"},{\"@type\":\"Organization\",\"@id\":\"https:\\\/\\\/shebeauty.ee\\\/#organization\",\"name\":\"She Beauty O\u00dc\",\"url\":\"https:\\\/\\\/shebeauty.ee\\\/\",\"logo\":{\"@type\":\"ImageObject\",\"inLanguage\":\"en-US\",\"@id\":\"https:\\\/\\\/shebeauty.ee\\\/#\\\/schema\\\/logo\\\/image\\\/\",\"url\":\"https:\\\/\\\/shebeauty.ee\\\/wp-content\\\/uploads\\\/2023\\\/10\\\/IMG_0585.jpg\",\"contentUrl\":\"https:\\\/\\\/shebeauty.ee\\\/wp-content\\\/uploads\\\/2023\\\/10\\\/IMG_0585.jpg\",\"width\":1284,\"height\":1300,\"caption\":\"She Beauty O\u00dc\"},\"image\":{\"@id\":\"https:\\\/\\\/shebeauty.ee\\\/#\\\/schema\\\/logo\\\/image\\\/\"}}]}<\/script>\n<!-- \/ Yoast SEO plugin. -->","yoast_head_json":{"title":"K-Time Somnia Ad Volume shampoo - She Beauty Studio","description":"Ad Volume vol\u00fc\u00fcmi andev \u0161ampoon on rikastatud guraana ja sinise agaaviga. Toode on spetsiaalselt loodud \u00f5hukestele elututele juustele.","robots":{"index":"index","follow":"follow","max-snippet":"max-snippet:-1","max-image-preview":"max-image-preview:large","max-video-preview":"max-video-preview:-1"},"canonical":"https:\/\/shebeauty.ee\/en\/product\/k-time-somnia-volume-ad-shampoo\/","og_locale":"en_US","og_type":"article","og_title":"K-Time Somnia Ad Volume shampoo - She Beauty Studio","og_description":"Ad Volume vol\u00fc\u00fcmi andev \u0161ampoon on rikastatud guraana ja sinise agaaviga. Toode on spetsiaalselt loodud \u00f5hukestele elututele juustele.","og_url":"https:\/\/shebeauty.ee\/en\/product\/k-time-somnia-volume-ad-shampoo\/","og_site_name":"She Beauty Studio","article_modified_time":"2025-11-16T18:59:41+00:00","og_image":[{"width":2560,"height":2560,"url":"https:\/\/shebeauty.ee\/wp-content\/uploads\/2023\/12\/AD-VOLUME-ILULEMMIK-scaled.jpg","type":"image\/jpeg"}],"twitter_card":"summary_large_image","twitter_misc":{"Est. reading time":"2 minutes"},"schema":{"@context":"https:\/\/schema.org","@graph":[{"@type":"WebPage","@id":"https:\/\/shebeauty.ee\/toode\/k-time-somnia-volume-ad-shampoo\/","url":"https:\/\/shebeauty.ee\/toode\/k-time-somnia-volume-ad-shampoo\/","name":"K-Time Somnia Ad Volume shampoo - She Beauty Studio","isPartOf":{"@id":"https:\/\/shebeauty.ee\/#website"},"primaryImageOfPage":{"@id":"https:\/\/shebeauty.ee\/toode\/k-time-somnia-volume-ad-shampoo\/#primaryimage"},"image":{"@id":"https:\/\/shebeauty.ee\/toode\/k-time-somnia-volume-ad-shampoo\/#primaryimage"},"thumbnailUrl":"https:\/\/shebeauty.ee\/wp-content\/uploads\/2023\/12\/AD-VOLUME-ILULEMMIK-scaled.jpg","datePublished":"2023-12-17T14:15:41+00:00","dateModified":"2025-11-16T18:59:41+00:00","description":"Ad Volume vol\u00fc\u00fcmi andev \u0161ampoon on rikastatud guraana ja sinise agaaviga. Toode on spetsiaalselt loodud \u00f5hukestele elututele juustele.","breadcrumb":{"@id":"https:\/\/shebeauty.ee\/toode\/k-time-somnia-volume-ad-shampoo\/#breadcrumb"},"inLanguage":"en-US","potentialAction":[{"@type":"ReadAction","target":["https:\/\/shebeauty.ee\/toode\/k-time-somnia-volume-ad-shampoo\/"]}]},{"@type":"ImageObject","inLanguage":"en-US","@id":"https:\/\/shebeauty.ee\/toode\/k-time-somnia-volume-ad-shampoo\/#primaryimage","url":"https:\/\/shebeauty.ee\/wp-content\/uploads\/2023\/12\/AD-VOLUME-ILULEMMIK-scaled.jpg","contentUrl":"https:\/\/shebeauty.ee\/wp-content\/uploads\/2023\/12\/AD-VOLUME-ILULEMMIK-scaled.jpg","width":2560,"height":2560},{"@type":"BreadcrumbList","@id":"https:\/\/shebeauty.ee\/toode\/k-time-somnia-volume-ad-shampoo\/#breadcrumb","itemListElement":[{"@type":"ListItem","position":1,"name":"Home","item":"https:\/\/shebeauty.ee\/"},{"@type":"ListItem","position":2,"name":"Pood","item":"https:\/\/shebeauty.ee\/e-pood\/"},{"@type":"ListItem","position":3,"name":"K-Time Somnia Ad Volume shampoo"}]},{"@type":"WebSite","@id":"https:\/\/shebeauty.ee\/#website","url":"https:\/\/shebeauty.ee\/","name":"She Beauty Studio","description":"Juuksestuudio","publisher":{"@id":"https:\/\/shebeauty.ee\/#organization"},"potentialAction":[{"@type":"SearchAction","target":{"@type":"EntryPoint","urlTemplate":"https:\/\/shebeauty.ee\/?s={search_term_string}"},"query-input":{"@type":"PropertyValueSpecification","valueRequired":true,"valueName":"search_term_string"}}],"inLanguage":"en-US"},{"@type":"Organization","@id":"https:\/\/shebeauty.ee\/#organization","name":"She Beauty O\u00dc","url":"https:\/\/shebeauty.ee\/","logo":{"@type":"ImageObject","inLanguage":"en-US","@id":"https:\/\/shebeauty.ee\/#\/schema\/logo\/image\/","url":"https:\/\/shebeauty.ee\/wp-content\/uploads\/2023\/10\/IMG_0585.jpg","contentUrl":"https:\/\/shebeauty.ee\/wp-content\/uploads\/2023\/10\/IMG_0585.jpg","width":1284,"height":1300,"caption":"She Beauty O\u00dc"},"image":{"@id":"https:\/\/shebeauty.ee\/#\/schema\/logo\/image\/"}}]}},"_links":{"self":[{"href":"https:\/\/shebeauty.ee\/en\/wp-json\/wp\/v2\/product\/3116","targetHints":{"allow":["GET"]}}],"collection":[{"href":"https:\/\/shebeauty.ee\/en\/wp-json\/wp\/v2\/product"}],"about":[{"href":"https:\/\/shebeauty.ee\/en\/wp-json\/wp\/v2\/types\/product"}],"replies":[{"embeddable":true,"href":"https:\/\/shebeauty.ee\/en\/wp-json\/wp\/v2\/comments?post=3116"}],"wp:featuredmedia":[{"embeddable":true,"href":"https:\/\/shebeauty.ee\/en\/wp-json\/wp\/v2\/media\/5864"}],"wp:attachment":[{"href":"https:\/\/shebeauty.ee\/en\/wp-json\/wp\/v2\/media?parent=3116"}],"wp:term":[{"taxonomy":"product_brand","embeddable":true,"href":"https:\/\/shebeauty.ee\/en\/wp-json\/wp\/v2\/product_brand?post=3116"},{"taxonomy":"product_cat","embeddable":true,"href":"https:\/\/shebeauty.ee\/en\/wp-json\/wp\/v2\/product_cat?post=3116"},{"taxonomy":"product_tag","embeddable":true,"href":"https:\/\/shebeauty.ee\/en\/wp-json\/wp\/v2\/product_tag?post=3116"},{"taxonomy":"giftcard-category","embeddable":true,"href":"https:\/\/shebeauty.ee\/en\/wp-json\/wp\/v2\/giftcard-category?post=3116"}],"curies":[{"name":"wp","href":"https:\/\/api.w.org\/{rel}","templated":true}]}}