{"id":3114,"date":"2023-12-17T16:11:40","date_gmt":"2023-12-17T14:11:40","guid":{"rendered":"https:\/\/shebeauty.ee\/?post_type=product&#038;p=3114"},"modified":"2025-08-20T12:40:20","modified_gmt":"2025-08-20T09:40:20","slug":"k-time-proliss-smoothing-juuksekreem-150ml","status":"publish","type":"product","link":"https:\/\/shebeauty.ee\/en\/product\/k-time-proliss-smoothing-juuksekreem-150ml\/","title":{"rendered":"K-Time Somina Proliss Smoothing juuksekreem 150ml"},"content":{"rendered":"<p data-start=\"229\" data-end=\"552\"><strong>K-Time Somnia Proliss siluv juuksekreem<\/strong> on intensiivselt niisutav ja pigem m\u00f5eldud kahustele ning raskesti k\u00e4sitletavatele juustele. Keratiiniga rikastatud koostis aitab taastada juuste niiskustasakaalu, siludes juuksepinda kaitseb toode kuumuse eest f\u00f6\u00f6nitamisel v\u00f5i sirgendamisel.<\/p>\n<p data-start=\"554\" data-end=\"744\">Kreem eemaldab soovimatu kahususe, pakub juustele paindlikku hoidvust &#8211; j\u00e4ttes need siledaks, pehmeks ning s\u00e4ravaks \u2013 ilma neid raskeks muutmata.<\/p>\n<p data-start=\"771\" data-end=\"971\"><strong data-start=\"771\" data-end=\"786\">Usage:<\/strong><br data-start=\"786\" data-end=\"789\" \/>Kanna v\u00e4ike kogus toodet niisketesse v\u00f5i r\u00e4tikukuivadesse juustesse, eriti juukseotstele ja kahustele piirkondadele. \u00c4ra loputa. Soovi korral j\u00e4tka kuumt\u00f6\u00f6tlusega.<\/p>\n<p><strong>Ingredients:<br \/>\n<\/strong>AQUA (WATER), DIMETHICONE, GLYCERIN, AMODIMETHICONE, CETEARYL ALCOHOL, POLYQUATERNIUM-37, GLYCERYL LAURATE, BEHENTRIMONIUM CHLORIDE, HYDROLYZED KERATIN, CYMBIDIUM GREAT FLOWER EXTRACT, DIMETHICONE\/VINYL DIMETHICONE CROSSPOLYMER, BIS-PEG\/PPG-14\/14 DIMETHICONE, HYDROLYZED WHEAT PROTEIN, PROPYLENE GLYCOL DICAPRYLATE\/DICAPRATE, HYDROLYZED WHEAT STARCH, ISOPROPYL MYRISTATE, TOCOPHERYL ACETATE, ISOPROPYL ALCOHOL, TRIDECETH-3, TRIDECETH-12, TRIDECETH-15, CETRIMONIUM CHLORIDE, PPG-1 TRIDECETH-6, PROPYLENE GLYCOL, PARFUM (FRAGRANCE), SODIUM GLUCONATE, PHENOXYETHANOL, HYDROXYACETOPHENONE, ALPHA ISOMETHYL IONONE, BENZYL SALICYLATE, CITRONELLOL, COUMARIN, EUGENOL, GERANIOL, ISOEUGENOL, LIMONENE<\/p>\n<p><strong>The list of ingredients could change. Always refer to the product packaging for the most up-to-date ingredient list.<\/strong><br \/>\n<strong>Koostisosade loetelu v\u00f5ib muutuda. K\u00f5ige ajakohasema koostisosade loetelu leiad alati toote pakendilt.<\/strong><\/p>\n<p class=\"p1\"><span class=\"s1\">Importer: Beauty Cosmetics O\u00dc, Kaupmehe 6, Tallinn <a href=\"https:\/\/shebeauty.ee\/en\/\"><span class=\"s2\">www.shebeauty.ee<\/span><\/a><\/span><\/p>","protected":false},"excerpt":{"rendered":"<p>(<em>Liitrihind: 220,00\u202f\u20ac \/ l<\/em>)<\/p>\n<p>Proliss siluv juuksekreem on intensiivne niisutaja, mis on m\u00f5eldud kahustele ja raskesti k\u00e4sitletavatele juustele.<br \/>\nSobib igap\u00e4evaseks kasutamiseks.<\/p>","protected":false},"featured_media":5565,"comment_status":"open","ping_status":"closed","template":"","meta":{"site-sidebar-layout":"default","site-content-layout":"","ast-site-content-layout":"default","site-content-style":"default","site-sidebar-style":"default","ast-global-header-display":"","ast-banner-title-visibility":"","ast-main-header-display":"","ast-hfb-above-header-display":"","ast-hfb-below-header-display":"","ast-hfb-mobile-header-display":"","site-post-title":"","ast-breadcrumbs-content":"","ast-featured-img":"","footer-sml-layout":"","ast-disable-related-posts":"","theme-transparent-header-meta":"default","adv-header-id-meta":"","stick-header-meta":"","header-above-stick-meta":"","header-main-stick-meta":"","header-below-stick-meta":"","astra-migrate-meta-layouts":"set","ast-page-background-enabled":"default","ast-page-background-meta":{"desktop":{"background-color":"var(--ast-global-color-4)","background-image":"","background-repeat":"repeat","background-position":"center center","background-size":"auto","background-attachment":"scroll","background-type":"","background-media":"","overlay-type":"","overlay-color":"","overlay-opacity":"","overlay-gradient":""},"tablet":{"background-color":"","background-image":"","background-repeat":"repeat","background-position":"center center","background-size":"auto","background-attachment":"scroll","background-type":"","background-media":"","overlay-type":"","overlay-color":"","overlay-opacity":"","overlay-gradient":""},"mobile":{"background-color":"","background-image":"","background-repeat":"repeat","background-position":"center center","background-size":"auto","background-attachment":"scroll","background-type":"","background-media":"","overlay-type":"","overlay-color":"","overlay-opacity":"","overlay-gradient":""}},"ast-content-background-meta":{"desktop":{"background-color":"var(--ast-global-color-5)","background-image":"","background-repeat":"repeat","background-position":"center center","background-size":"auto","background-attachment":"scroll","background-type":"","background-media":"","overlay-type":"","overlay-color":"","overlay-opacity":"","overlay-gradient":""},"tablet":{"background-color":"var(--ast-global-color-5)","background-image":"","background-repeat":"repeat","background-position":"center center","background-size":"auto","background-attachment":"scroll","background-type":"","background-media":"","overlay-type":"","overlay-color":"","overlay-opacity":"","overlay-gradient":""},"mobile":{"background-color":"var(--ast-global-color-5)","background-image":"","background-repeat":"repeat","background-position":"center center","background-size":"auto","background-attachment":"scroll","background-type":"","background-media":"","overlay-type":"","overlay-color":"","overlay-opacity":"","overlay-gradient":""}}},"product_brand":[],"product_cat":[20],"product_tag":[239,231,154,249],"giftcard-category":[],"class_list":{"0":"post-3114","1":"product","2":"type-product","3":"status-publish","4":"has-post-thumbnail","6":"product_cat-juuksehooldustooted-sampoon-palsam-mask","7":"product_tag-juuksekreem","8":"product_tag-k-time-somnia","9":"product_tag-kahuvaba-tulemus","10":"product_tag-proliss-sari","11":"desktop-align-center","12":"tablet-align-left","13":"mobile-align-left","15":"first","16":"instock","17":"taxable","18":"shipping-taxable","19":"purchasable","20":"product-type-simple"},"yoast_head":"<!-- This site is optimized with the Yoast SEO plugin v27.3 - https:\/\/yoast.com\/product\/yoast-seo-wordpress\/ -->\n<title>K-Time Somina Proliss Smoothing juuksekreem 150ml - She Beauty Studio<\/title>\n<meta name=\"description\" content=\"Proliss siluv juuksekreem on intensiivselt niisutav hooldustoode, mis on m\u00f5eldud kahustele ja raskesti k\u00e4sitletavatele juustele.\" \/>\n<meta name=\"robots\" content=\"index, follow, max-snippet:-1, max-image-preview:large, max-video-preview:-1\" \/>\n<link rel=\"canonical\" href=\"https:\/\/shebeauty.ee\/en\/product\/k-time-proliss-smoothing-juuksekreem-150ml\/\" \/>\n<meta property=\"og:locale\" content=\"en_US\" \/>\n<meta property=\"og:type\" content=\"article\" \/>\n<meta property=\"og:title\" content=\"K-Time Somina Proliss Smoothing juuksekreem 150ml - She Beauty Studio\" \/>\n<meta property=\"og:description\" content=\"Proliss siluv juuksekreem on intensiivselt niisutav hooldustoode, mis on m\u00f5eldud kahustele ja raskesti k\u00e4sitletavatele juustele.\" \/>\n<meta property=\"og:url\" content=\"https:\/\/shebeauty.ee\/en\/product\/k-time-proliss-smoothing-juuksekreem-150ml\/\" \/>\n<meta property=\"og:site_name\" content=\"She Beauty Studio\" \/>\n<meta property=\"article:modified_time\" content=\"2025-08-20T09:40:20+00:00\" \/>\n<meta property=\"og:image\" content=\"https:\/\/shebeauty.ee\/wp-content\/uploads\/2023\/12\/Somnia-Proliss-150ml-cream-2-scaled.jpg\" \/>\n\t<meta property=\"og:image:width\" content=\"2560\" \/>\n\t<meta property=\"og:image:height\" content=\"2560\" \/>\n\t<meta property=\"og:image:type\" content=\"image\/jpeg\" \/>\n<meta name=\"twitter:card\" content=\"summary_large_image\" \/>\n<meta name=\"twitter:label1\" content=\"Est. reading time\" \/>\n\t<meta name=\"twitter:data1\" content=\"2 minutes\" \/>\n<script type=\"application\/ld+json\" class=\"yoast-schema-graph\">{\"@context\":\"https:\\\/\\\/schema.org\",\"@graph\":[{\"@type\":\"WebPage\",\"@id\":\"https:\\\/\\\/shebeauty.ee\\\/toode\\\/k-time-proliss-smoothing-juuksekreem-150ml\\\/\",\"url\":\"https:\\\/\\\/shebeauty.ee\\\/toode\\\/k-time-proliss-smoothing-juuksekreem-150ml\\\/\",\"name\":\"K-Time Somina Proliss Smoothing juuksekreem 150ml - She Beauty Studio\",\"isPartOf\":{\"@id\":\"https:\\\/\\\/shebeauty.ee\\\/#website\"},\"primaryImageOfPage\":{\"@id\":\"https:\\\/\\\/shebeauty.ee\\\/toode\\\/k-time-proliss-smoothing-juuksekreem-150ml\\\/#primaryimage\"},\"image\":{\"@id\":\"https:\\\/\\\/shebeauty.ee\\\/toode\\\/k-time-proliss-smoothing-juuksekreem-150ml\\\/#primaryimage\"},\"thumbnailUrl\":\"https:\\\/\\\/shebeauty.ee\\\/wp-content\\\/uploads\\\/2023\\\/12\\\/Somnia-Proliss-150ml-cream-2-scaled.jpg\",\"datePublished\":\"2023-12-17T14:11:40+00:00\",\"dateModified\":\"2025-08-20T09:40:20+00:00\",\"description\":\"Proliss siluv juuksekreem on intensiivselt niisutav hooldustoode, mis on m\u00f5eldud kahustele ja raskesti k\u00e4sitletavatele juustele.\",\"breadcrumb\":{\"@id\":\"https:\\\/\\\/shebeauty.ee\\\/toode\\\/k-time-proliss-smoothing-juuksekreem-150ml\\\/#breadcrumb\"},\"inLanguage\":\"en-US\",\"potentialAction\":[{\"@type\":\"ReadAction\",\"target\":[\"https:\\\/\\\/shebeauty.ee\\\/toode\\\/k-time-proliss-smoothing-juuksekreem-150ml\\\/\"]}]},{\"@type\":\"ImageObject\",\"inLanguage\":\"en-US\",\"@id\":\"https:\\\/\\\/shebeauty.ee\\\/toode\\\/k-time-proliss-smoothing-juuksekreem-150ml\\\/#primaryimage\",\"url\":\"https:\\\/\\\/shebeauty.ee\\\/wp-content\\\/uploads\\\/2023\\\/12\\\/Somnia-Proliss-150ml-cream-2-scaled.jpg\",\"contentUrl\":\"https:\\\/\\\/shebeauty.ee\\\/wp-content\\\/uploads\\\/2023\\\/12\\\/Somnia-Proliss-150ml-cream-2-scaled.jpg\",\"width\":2560,\"height\":2560},{\"@type\":\"BreadcrumbList\",\"@id\":\"https:\\\/\\\/shebeauty.ee\\\/toode\\\/k-time-proliss-smoothing-juuksekreem-150ml\\\/#breadcrumb\",\"itemListElement\":[{\"@type\":\"ListItem\",\"position\":1,\"name\":\"Home\",\"item\":\"https:\\\/\\\/shebeauty.ee\\\/\"},{\"@type\":\"ListItem\",\"position\":2,\"name\":\"Pood\",\"item\":\"https:\\\/\\\/shebeauty.ee\\\/e-pood\\\/\"},{\"@type\":\"ListItem\",\"position\":3,\"name\":\"K-Time Somina Proliss Smoothing juuksekreem 150ml\"}]},{\"@type\":\"WebSite\",\"@id\":\"https:\\\/\\\/shebeauty.ee\\\/#website\",\"url\":\"https:\\\/\\\/shebeauty.ee\\\/\",\"name\":\"She Beauty Studio\",\"description\":\"Juuksestuudio\",\"publisher\":{\"@id\":\"https:\\\/\\\/shebeauty.ee\\\/#organization\"},\"potentialAction\":[{\"@type\":\"SearchAction\",\"target\":{\"@type\":\"EntryPoint\",\"urlTemplate\":\"https:\\\/\\\/shebeauty.ee\\\/?s={search_term_string}\"},\"query-input\":{\"@type\":\"PropertyValueSpecification\",\"valueRequired\":true,\"valueName\":\"search_term_string\"}}],\"inLanguage\":\"en-US\"},{\"@type\":\"Organization\",\"@id\":\"https:\\\/\\\/shebeauty.ee\\\/#organization\",\"name\":\"She Beauty O\u00dc\",\"url\":\"https:\\\/\\\/shebeauty.ee\\\/\",\"logo\":{\"@type\":\"ImageObject\",\"inLanguage\":\"en-US\",\"@id\":\"https:\\\/\\\/shebeauty.ee\\\/#\\\/schema\\\/logo\\\/image\\\/\",\"url\":\"https:\\\/\\\/shebeauty.ee\\\/wp-content\\\/uploads\\\/2023\\\/10\\\/IMG_0585.jpg\",\"contentUrl\":\"https:\\\/\\\/shebeauty.ee\\\/wp-content\\\/uploads\\\/2023\\\/10\\\/IMG_0585.jpg\",\"width\":1284,\"height\":1300,\"caption\":\"She Beauty O\u00dc\"},\"image\":{\"@id\":\"https:\\\/\\\/shebeauty.ee\\\/#\\\/schema\\\/logo\\\/image\\\/\"}}]}<\/script>\n<!-- \/ Yoast SEO plugin. -->","yoast_head_json":{"title":"K-Time Somina Proliss Smoothing juuksekreem 150ml - She Beauty Studio","description":"Proliss siluv juuksekreem on intensiivselt niisutav hooldustoode, mis on m\u00f5eldud kahustele ja raskesti k\u00e4sitletavatele juustele.","robots":{"index":"index","follow":"follow","max-snippet":"max-snippet:-1","max-image-preview":"max-image-preview:large","max-video-preview":"max-video-preview:-1"},"canonical":"https:\/\/shebeauty.ee\/en\/product\/k-time-proliss-smoothing-juuksekreem-150ml\/","og_locale":"en_US","og_type":"article","og_title":"K-Time Somina Proliss Smoothing juuksekreem 150ml - She Beauty Studio","og_description":"Proliss siluv juuksekreem on intensiivselt niisutav hooldustoode, mis on m\u00f5eldud kahustele ja raskesti k\u00e4sitletavatele juustele.","og_url":"https:\/\/shebeauty.ee\/en\/product\/k-time-proliss-smoothing-juuksekreem-150ml\/","og_site_name":"She Beauty Studio","article_modified_time":"2025-08-20T09:40:20+00:00","og_image":[{"width":2560,"height":2560,"url":"https:\/\/shebeauty.ee\/wp-content\/uploads\/2023\/12\/Somnia-Proliss-150ml-cream-2-scaled.jpg","type":"image\/jpeg"}],"twitter_card":"summary_large_image","twitter_misc":{"Est. reading time":"2 minutes"},"schema":{"@context":"https:\/\/schema.org","@graph":[{"@type":"WebPage","@id":"https:\/\/shebeauty.ee\/toode\/k-time-proliss-smoothing-juuksekreem-150ml\/","url":"https:\/\/shebeauty.ee\/toode\/k-time-proliss-smoothing-juuksekreem-150ml\/","name":"K-Time Somina Proliss Smoothing juuksekreem 150ml - She Beauty Studio","isPartOf":{"@id":"https:\/\/shebeauty.ee\/#website"},"primaryImageOfPage":{"@id":"https:\/\/shebeauty.ee\/toode\/k-time-proliss-smoothing-juuksekreem-150ml\/#primaryimage"},"image":{"@id":"https:\/\/shebeauty.ee\/toode\/k-time-proliss-smoothing-juuksekreem-150ml\/#primaryimage"},"thumbnailUrl":"https:\/\/shebeauty.ee\/wp-content\/uploads\/2023\/12\/Somnia-Proliss-150ml-cream-2-scaled.jpg","datePublished":"2023-12-17T14:11:40+00:00","dateModified":"2025-08-20T09:40:20+00:00","description":"Proliss siluv juuksekreem on intensiivselt niisutav hooldustoode, mis on m\u00f5eldud kahustele ja raskesti k\u00e4sitletavatele juustele.","breadcrumb":{"@id":"https:\/\/shebeauty.ee\/toode\/k-time-proliss-smoothing-juuksekreem-150ml\/#breadcrumb"},"inLanguage":"en-US","potentialAction":[{"@type":"ReadAction","target":["https:\/\/shebeauty.ee\/toode\/k-time-proliss-smoothing-juuksekreem-150ml\/"]}]},{"@type":"ImageObject","inLanguage":"en-US","@id":"https:\/\/shebeauty.ee\/toode\/k-time-proliss-smoothing-juuksekreem-150ml\/#primaryimage","url":"https:\/\/shebeauty.ee\/wp-content\/uploads\/2023\/12\/Somnia-Proliss-150ml-cream-2-scaled.jpg","contentUrl":"https:\/\/shebeauty.ee\/wp-content\/uploads\/2023\/12\/Somnia-Proliss-150ml-cream-2-scaled.jpg","width":2560,"height":2560},{"@type":"BreadcrumbList","@id":"https:\/\/shebeauty.ee\/toode\/k-time-proliss-smoothing-juuksekreem-150ml\/#breadcrumb","itemListElement":[{"@type":"ListItem","position":1,"name":"Home","item":"https:\/\/shebeauty.ee\/"},{"@type":"ListItem","position":2,"name":"Pood","item":"https:\/\/shebeauty.ee\/e-pood\/"},{"@type":"ListItem","position":3,"name":"K-Time Somina Proliss Smoothing juuksekreem 150ml"}]},{"@type":"WebSite","@id":"https:\/\/shebeauty.ee\/#website","url":"https:\/\/shebeauty.ee\/","name":"She Beauty Studio","description":"Juuksestuudio","publisher":{"@id":"https:\/\/shebeauty.ee\/#organization"},"potentialAction":[{"@type":"SearchAction","target":{"@type":"EntryPoint","urlTemplate":"https:\/\/shebeauty.ee\/?s={search_term_string}"},"query-input":{"@type":"PropertyValueSpecification","valueRequired":true,"valueName":"search_term_string"}}],"inLanguage":"en-US"},{"@type":"Organization","@id":"https:\/\/shebeauty.ee\/#organization","name":"She Beauty O\u00dc","url":"https:\/\/shebeauty.ee\/","logo":{"@type":"ImageObject","inLanguage":"en-US","@id":"https:\/\/shebeauty.ee\/#\/schema\/logo\/image\/","url":"https:\/\/shebeauty.ee\/wp-content\/uploads\/2023\/10\/IMG_0585.jpg","contentUrl":"https:\/\/shebeauty.ee\/wp-content\/uploads\/2023\/10\/IMG_0585.jpg","width":1284,"height":1300,"caption":"She Beauty O\u00dc"},"image":{"@id":"https:\/\/shebeauty.ee\/#\/schema\/logo\/image\/"}}]}},"_links":{"self":[{"href":"https:\/\/shebeauty.ee\/en\/wp-json\/wp\/v2\/product\/3114","targetHints":{"allow":["GET"]}}],"collection":[{"href":"https:\/\/shebeauty.ee\/en\/wp-json\/wp\/v2\/product"}],"about":[{"href":"https:\/\/shebeauty.ee\/en\/wp-json\/wp\/v2\/types\/product"}],"replies":[{"embeddable":true,"href":"https:\/\/shebeauty.ee\/en\/wp-json\/wp\/v2\/comments?post=3114"}],"wp:featuredmedia":[{"embeddable":true,"href":"https:\/\/shebeauty.ee\/en\/wp-json\/wp\/v2\/media\/5565"}],"wp:attachment":[{"href":"https:\/\/shebeauty.ee\/en\/wp-json\/wp\/v2\/media?parent=3114"}],"wp:term":[{"taxonomy":"product_brand","embeddable":true,"href":"https:\/\/shebeauty.ee\/en\/wp-json\/wp\/v2\/product_brand?post=3114"},{"taxonomy":"product_cat","embeddable":true,"href":"https:\/\/shebeauty.ee\/en\/wp-json\/wp\/v2\/product_cat?post=3114"},{"taxonomy":"product_tag","embeddable":true,"href":"https:\/\/shebeauty.ee\/en\/wp-json\/wp\/v2\/product_tag?post=3114"},{"taxonomy":"giftcard-category","embeddable":true,"href":"https:\/\/shebeauty.ee\/en\/wp-json\/wp\/v2\/giftcard-category?post=3114"}],"curies":[{"name":"wp","href":"https:\/\/api.w.org\/{rel}","templated":true}]}}