{"id":3112,"date":"2023-12-17T16:02:23","date_gmt":"2023-12-17T14:02:23","guid":{"rendered":"https:\/\/shebeauty.ee\/?post_type=product&#038;p=3112"},"modified":"2025-08-23T17:13:48","modified_gmt":"2025-08-23T14:13:48","slug":"k-time-somnia-proliss-smoothing-anti-frizz-mask","status":"publish","type":"product","link":"https:\/\/shebeauty.ee\/en\/product\/k-time-somnia-proliss-smoothing-anti-frizz-mask\/","title":{"rendered":"K-Time Somnia Proliss Smoothing Anti-Frizz Mask"},"content":{"rendered":"<p data-start=\"232\" data-end=\"461\"><strong>K-Time Somnia Proliss siluv kahuvastane juuksemask<\/strong> on ideaalne t\u00e4iendus Somnia Proliss \u0161ampoonile, aidates koheselt juukseid lahti kammida. V\u00e4hendades kahusust, annab toode juustele siidise ja hoolitsetud v\u00e4limuse.<\/p>\n<p data-start=\"463\" data-end=\"795\">Mask on rikastatud keratiini, orhideeekstrakti ja E-vitamiiniga, mis toidavad juukseid s\u00fcgavuti. Siludes juuksepinda, neutraliseerib see staatilist elektrit \u2013 \u00fcht peamist kahususe p\u00f5hjustajat. Regulaarne kasutamine muudab juuksed pehmemaks, siledamaks ja l\u00e4ikivamaks, pakkudes pikaajalist kaitset kahususe vastu.<\/p>\n<p data-start=\"797\" data-end=\"876\">Sobib k\u00f5ikidele juukset\u00fc\u00fcpidele, mis vajavad taltsutamist ja lisaniisutust.<\/p>\n<p data-start=\"878\" data-end=\"1102\"><strong data-start=\"878\" data-end=\"893\">Usage:<\/strong><br data-start=\"893\" data-end=\"896\" \/>P\u00e4rast juuste pesemist kanna mask niisketele juustele, keskendudes juuksepikkusele ja -otstele. Lase m\u00f5juda 3\u20135 minutit, seej\u00e4rel loputa hoolikalt. Intensiivsema hoolduse korral lase m\u00f5juda kuni 10 minutit.<\/p>\n<p><strong>Ingredients:<br \/>\n<\/strong>AQUA (WATER), CETEARYL ALCOHOL, BEHENTRIMONIUM CHLORIDE, POLYQUATERNIUM-47, BIS-AMINOPROPYL DIMETHICONE, HYDROLYZED KERATIN, CYMBIDIUM GREAT FLOWER EXTRACT, CAPRYLIC\/CAPRIC TRIGLYCERIDE, TOCOPHERYL ACETATE, POLYQUATERNIUM-37, ISOPROPYL MYRISTATE, ISOPROPYL ALCOHOL, PROPYLENE GLYCOL, PROPYLENE GLYCOL DICAPRYLATE\/DICAPRATE, PPG-1 TRIDECETH-6, HYDROXYETHYLCELLULOSE, LACTIC ACID, PARFUM (FRAGRANCE), ALPHA-ISOMETHYL IONONE, BENZYL SALICYLATE.<\/p>\n<p><strong>The list of ingredients could change. Always refer to the product packaging for the most up-to-date ingredient list.<\/strong><br \/>\n<strong>Koostisosade loetelu v\u00f5ib muutuda. K\u00f5ige ajakohasema koostisosade loetelu leiad alati toote pakendilt.<\/strong><\/p>\n<p class=\"p1\"><span class=\"s1\">Importer: Beauty Cosmetics O\u00dc, Kaupmehe 6, Tallinn <a href=\"https:\/\/shebeauty.ee\/en\/\"><span class=\"s2\">www.shebeauty.ee<\/span><\/a><\/span><\/p>","protected":false},"excerpt":{"rendered":"<p>(<em>200ml Liitrihind: 120,00 \u20ac \/ l<\/em>)<br \/>\n(<em>500ml Liitrihind: 58,00 \u20ac \/ l<\/em>)<br \/>\nProliss siluv kahuvastane juuksemask on ideaalne t\u00e4iendus Somnia Proliss \u0161ampoonile, aidates koheselt juukseid lahti kammida.<br \/>\nSobib k\u00f5ikidele juukset\u00fc\u00fcpidele, mis vajavad taltsutamist ja lisaniisutust.<\/p>","protected":false},"featured_media":5568,"comment_status":"open","ping_status":"closed","template":"","meta":{"site-sidebar-layout":"default","site-content-layout":"","ast-site-content-layout":"default","site-content-style":"default","site-sidebar-style":"default","ast-global-header-display":"","ast-banner-title-visibility":"","ast-main-header-display":"","ast-hfb-above-header-display":"","ast-hfb-below-header-display":"","ast-hfb-mobile-header-display":"","site-post-title":"","ast-breadcrumbs-content":"","ast-featured-img":"","footer-sml-layout":"","ast-disable-related-posts":"","theme-transparent-header-meta":"default","adv-header-id-meta":"","stick-header-meta":"","header-above-stick-meta":"","header-main-stick-meta":"","header-below-stick-meta":"","astra-migrate-meta-layouts":"set","ast-page-background-enabled":"default","ast-page-background-meta":{"desktop":{"background-color":"var(--ast-global-color-4)","background-image":"","background-repeat":"repeat","background-position":"center center","background-size":"auto","background-attachment":"scroll","background-type":"","background-media":"","overlay-type":"","overlay-color":"","overlay-opacity":"","overlay-gradient":""},"tablet":{"background-color":"","background-image":"","background-repeat":"repeat","background-position":"center center","background-size":"auto","background-attachment":"scroll","background-type":"","background-media":"","overlay-type":"","overlay-color":"","overlay-opacity":"","overlay-gradient":""},"mobile":{"background-color":"","background-image":"","background-repeat":"repeat","background-position":"center center","background-size":"auto","background-attachment":"scroll","background-type":"","background-media":"","overlay-type":"","overlay-color":"","overlay-opacity":"","overlay-gradient":""}},"ast-content-background-meta":{"desktop":{"background-color":"var(--ast-global-color-5)","background-image":"","background-repeat":"repeat","background-position":"center center","background-size":"auto","background-attachment":"scroll","background-type":"","background-media":"","overlay-type":"","overlay-color":"","overlay-opacity":"","overlay-gradient":""},"tablet":{"background-color":"var(--ast-global-color-5)","background-image":"","background-repeat":"repeat","background-position":"center center","background-size":"auto","background-attachment":"scroll","background-type":"","background-media":"","overlay-type":"","overlay-color":"","overlay-opacity":"","overlay-gradient":""},"mobile":{"background-color":"var(--ast-global-color-5)","background-image":"","background-repeat":"repeat","background-position":"center center","background-size":"auto","background-attachment":"scroll","background-type":"","background-media":"","overlay-type":"","overlay-color":"","overlay-opacity":"","overlay-gradient":""}}},"product_brand":[],"product_cat":[20],"product_tag":[240,69,231,154,249,210],"giftcard-category":[],"class_list":{"0":"post-3112","1":"product","2":"type-product","3":"status-publish","4":"has-post-thumbnail","6":"product_cat-juuksehooldustooted-sampoon-palsam-mask","7":"product_tag-hooldustoode","8":"product_tag-juuksemask","9":"product_tag-k-time-somnia","10":"product_tag-kahuvaba-tulemus","11":"product_tag-proliss-sari","12":"product_tag-siluv","13":"desktop-align-center","14":"tablet-align-left","15":"mobile-align-left","17":"first","18":"instock","19":"taxable","20":"shipping-taxable","21":"purchasable","22":"product-type-variable"},"yoast_head":"<!-- This site is optimized with the Yoast SEO plugin v27.4 - https:\/\/yoast.com\/product\/yoast-seo-wordpress\/ -->\n<title>K-Time Somnia Proliss Smoothing Anti-Frizz Mask - She Beauty Studio<\/title>\n<meta name=\"description\" content=\"Anti-Frizz siluv hooldus on spetsiaalselt loodud kahustele juustele. Toode pehmendab juuksekiudu aidates v\u00e4hendada kahusust.\" \/>\n<meta name=\"robots\" content=\"index, follow, max-snippet:-1, max-image-preview:large, max-video-preview:-1\" \/>\n<link rel=\"canonical\" href=\"https:\/\/shebeauty.ee\/en\/product\/k-time-somnia-proliss-smoothing-anti-frizz-mask\/\" \/>\n<meta property=\"og:locale\" content=\"en_US\" \/>\n<meta property=\"og:type\" content=\"article\" \/>\n<meta property=\"og:title\" content=\"K-Time Somnia Proliss Smoothing Anti-Frizz Mask - She Beauty Studio\" \/>\n<meta property=\"og:description\" content=\"Anti-Frizz siluv hooldus on spetsiaalselt loodud kahustele juustele. Toode pehmendab juuksekiudu aidates v\u00e4hendada kahusust.\" \/>\n<meta property=\"og:url\" content=\"https:\/\/shebeauty.ee\/en\/product\/k-time-somnia-proliss-smoothing-anti-frizz-mask\/\" \/>\n<meta property=\"og:site_name\" content=\"She Beauty Studio\" \/>\n<meta property=\"article:modified_time\" content=\"2025-08-23T14:13:48+00:00\" \/>\n<meta property=\"og:image\" content=\"https:\/\/shebeauty.ee\/wp-content\/uploads\/2023\/12\/Somnia-Proliss-treatment-200ml-2-scaled.jpg\" \/>\n\t<meta property=\"og:image:width\" content=\"2560\" \/>\n\t<meta property=\"og:image:height\" content=\"2560\" \/>\n\t<meta property=\"og:image:type\" content=\"image\/jpeg\" \/>\n<meta name=\"twitter:card\" content=\"summary_large_image\" \/>\n<meta name=\"twitter:label1\" content=\"Est. reading time\" \/>\n\t<meta name=\"twitter:data1\" content=\"2 minutes\" \/>\n<script type=\"application\/ld+json\" class=\"yoast-schema-graph\">{\"@context\":\"https:\\\/\\\/schema.org\",\"@graph\":[{\"@type\":\"WebPage\",\"@id\":\"https:\\\/\\\/shebeauty.ee\\\/toode\\\/k-time-somnia-proliss-smoothing-anti-frizz-mask\\\/\",\"url\":\"https:\\\/\\\/shebeauty.ee\\\/toode\\\/k-time-somnia-proliss-smoothing-anti-frizz-mask\\\/\",\"name\":\"K-Time Somnia Proliss Smoothing Anti-Frizz Mask - She Beauty Studio\",\"isPartOf\":{\"@id\":\"https:\\\/\\\/shebeauty.ee\\\/#website\"},\"primaryImageOfPage\":{\"@id\":\"https:\\\/\\\/shebeauty.ee\\\/toode\\\/k-time-somnia-proliss-smoothing-anti-frizz-mask\\\/#primaryimage\"},\"image\":{\"@id\":\"https:\\\/\\\/shebeauty.ee\\\/toode\\\/k-time-somnia-proliss-smoothing-anti-frizz-mask\\\/#primaryimage\"},\"thumbnailUrl\":\"https:\\\/\\\/shebeauty.ee\\\/wp-content\\\/uploads\\\/2023\\\/12\\\/Somnia-Proliss-treatment-200ml-2-scaled.jpg\",\"datePublished\":\"2023-12-17T14:02:23+00:00\",\"dateModified\":\"2025-08-23T14:13:48+00:00\",\"description\":\"Anti-Frizz siluv hooldus on spetsiaalselt loodud kahustele juustele. Toode pehmendab juuksekiudu aidates v\u00e4hendada kahusust.\",\"breadcrumb\":{\"@id\":\"https:\\\/\\\/shebeauty.ee\\\/toode\\\/k-time-somnia-proliss-smoothing-anti-frizz-mask\\\/#breadcrumb\"},\"inLanguage\":\"en-US\",\"potentialAction\":[{\"@type\":\"ReadAction\",\"target\":[\"https:\\\/\\\/shebeauty.ee\\\/toode\\\/k-time-somnia-proliss-smoothing-anti-frizz-mask\\\/\"]}]},{\"@type\":\"ImageObject\",\"inLanguage\":\"en-US\",\"@id\":\"https:\\\/\\\/shebeauty.ee\\\/toode\\\/k-time-somnia-proliss-smoothing-anti-frizz-mask\\\/#primaryimage\",\"url\":\"https:\\\/\\\/shebeauty.ee\\\/wp-content\\\/uploads\\\/2023\\\/12\\\/Somnia-Proliss-treatment-200ml-2-scaled.jpg\",\"contentUrl\":\"https:\\\/\\\/shebeauty.ee\\\/wp-content\\\/uploads\\\/2023\\\/12\\\/Somnia-Proliss-treatment-200ml-2-scaled.jpg\",\"width\":2560,\"height\":2560},{\"@type\":\"BreadcrumbList\",\"@id\":\"https:\\\/\\\/shebeauty.ee\\\/toode\\\/k-time-somnia-proliss-smoothing-anti-frizz-mask\\\/#breadcrumb\",\"itemListElement\":[{\"@type\":\"ListItem\",\"position\":1,\"name\":\"Home\",\"item\":\"https:\\\/\\\/shebeauty.ee\\\/\"},{\"@type\":\"ListItem\",\"position\":2,\"name\":\"Pood\",\"item\":\"https:\\\/\\\/shebeauty.ee\\\/e-pood\\\/\"},{\"@type\":\"ListItem\",\"position\":3,\"name\":\"K-Time Somnia Proliss Smoothing Anti-Frizz Mask\"}]},{\"@type\":\"WebSite\",\"@id\":\"https:\\\/\\\/shebeauty.ee\\\/#website\",\"url\":\"https:\\\/\\\/shebeauty.ee\\\/\",\"name\":\"She Beauty Studio\",\"description\":\"Juuksestuudio\",\"publisher\":{\"@id\":\"https:\\\/\\\/shebeauty.ee\\\/#organization\"},\"potentialAction\":[{\"@type\":\"SearchAction\",\"target\":{\"@type\":\"EntryPoint\",\"urlTemplate\":\"https:\\\/\\\/shebeauty.ee\\\/?s={search_term_string}\"},\"query-input\":{\"@type\":\"PropertyValueSpecification\",\"valueRequired\":true,\"valueName\":\"search_term_string\"}}],\"inLanguage\":\"en-US\"},{\"@type\":\"Organization\",\"@id\":\"https:\\\/\\\/shebeauty.ee\\\/#organization\",\"name\":\"She Beauty O\u00dc\",\"url\":\"https:\\\/\\\/shebeauty.ee\\\/\",\"logo\":{\"@type\":\"ImageObject\",\"inLanguage\":\"en-US\",\"@id\":\"https:\\\/\\\/shebeauty.ee\\\/#\\\/schema\\\/logo\\\/image\\\/\",\"url\":\"https:\\\/\\\/shebeauty.ee\\\/wp-content\\\/uploads\\\/2023\\\/10\\\/IMG_0585.jpg\",\"contentUrl\":\"https:\\\/\\\/shebeauty.ee\\\/wp-content\\\/uploads\\\/2023\\\/10\\\/IMG_0585.jpg\",\"width\":1284,\"height\":1300,\"caption\":\"She Beauty O\u00dc\"},\"image\":{\"@id\":\"https:\\\/\\\/shebeauty.ee\\\/#\\\/schema\\\/logo\\\/image\\\/\"}}]}<\/script>\n<!-- \/ Yoast SEO plugin. -->","yoast_head_json":{"title":"K-Time Somnia Proliss Smoothing Anti-Frizz Mask - She Beauty Studio","description":"Anti-Frizz siluv hooldus on spetsiaalselt loodud kahustele juustele. Toode pehmendab juuksekiudu aidates v\u00e4hendada kahusust.","robots":{"index":"index","follow":"follow","max-snippet":"max-snippet:-1","max-image-preview":"max-image-preview:large","max-video-preview":"max-video-preview:-1"},"canonical":"https:\/\/shebeauty.ee\/en\/product\/k-time-somnia-proliss-smoothing-anti-frizz-mask\/","og_locale":"en_US","og_type":"article","og_title":"K-Time Somnia Proliss Smoothing Anti-Frizz Mask - She Beauty Studio","og_description":"Anti-Frizz siluv hooldus on spetsiaalselt loodud kahustele juustele. Toode pehmendab juuksekiudu aidates v\u00e4hendada kahusust.","og_url":"https:\/\/shebeauty.ee\/en\/product\/k-time-somnia-proliss-smoothing-anti-frizz-mask\/","og_site_name":"She Beauty Studio","article_modified_time":"2025-08-23T14:13:48+00:00","og_image":[{"width":2560,"height":2560,"url":"https:\/\/shebeauty.ee\/wp-content\/uploads\/2023\/12\/Somnia-Proliss-treatment-200ml-2-scaled.jpg","type":"image\/jpeg"}],"twitter_card":"summary_large_image","twitter_misc":{"Est. reading time":"2 minutes"},"schema":{"@context":"https:\/\/schema.org","@graph":[{"@type":"WebPage","@id":"https:\/\/shebeauty.ee\/toode\/k-time-somnia-proliss-smoothing-anti-frizz-mask\/","url":"https:\/\/shebeauty.ee\/toode\/k-time-somnia-proliss-smoothing-anti-frizz-mask\/","name":"K-Time Somnia Proliss Smoothing Anti-Frizz Mask - She Beauty Studio","isPartOf":{"@id":"https:\/\/shebeauty.ee\/#website"},"primaryImageOfPage":{"@id":"https:\/\/shebeauty.ee\/toode\/k-time-somnia-proliss-smoothing-anti-frizz-mask\/#primaryimage"},"image":{"@id":"https:\/\/shebeauty.ee\/toode\/k-time-somnia-proliss-smoothing-anti-frizz-mask\/#primaryimage"},"thumbnailUrl":"https:\/\/shebeauty.ee\/wp-content\/uploads\/2023\/12\/Somnia-Proliss-treatment-200ml-2-scaled.jpg","datePublished":"2023-12-17T14:02:23+00:00","dateModified":"2025-08-23T14:13:48+00:00","description":"Anti-Frizz siluv hooldus on spetsiaalselt loodud kahustele juustele. Toode pehmendab juuksekiudu aidates v\u00e4hendada kahusust.","breadcrumb":{"@id":"https:\/\/shebeauty.ee\/toode\/k-time-somnia-proliss-smoothing-anti-frizz-mask\/#breadcrumb"},"inLanguage":"en-US","potentialAction":[{"@type":"ReadAction","target":["https:\/\/shebeauty.ee\/toode\/k-time-somnia-proliss-smoothing-anti-frizz-mask\/"]}]},{"@type":"ImageObject","inLanguage":"en-US","@id":"https:\/\/shebeauty.ee\/toode\/k-time-somnia-proliss-smoothing-anti-frizz-mask\/#primaryimage","url":"https:\/\/shebeauty.ee\/wp-content\/uploads\/2023\/12\/Somnia-Proliss-treatment-200ml-2-scaled.jpg","contentUrl":"https:\/\/shebeauty.ee\/wp-content\/uploads\/2023\/12\/Somnia-Proliss-treatment-200ml-2-scaled.jpg","width":2560,"height":2560},{"@type":"BreadcrumbList","@id":"https:\/\/shebeauty.ee\/toode\/k-time-somnia-proliss-smoothing-anti-frizz-mask\/#breadcrumb","itemListElement":[{"@type":"ListItem","position":1,"name":"Home","item":"https:\/\/shebeauty.ee\/"},{"@type":"ListItem","position":2,"name":"Pood","item":"https:\/\/shebeauty.ee\/e-pood\/"},{"@type":"ListItem","position":3,"name":"K-Time Somnia Proliss Smoothing Anti-Frizz Mask"}]},{"@type":"WebSite","@id":"https:\/\/shebeauty.ee\/#website","url":"https:\/\/shebeauty.ee\/","name":"She Beauty Studio","description":"Juuksestuudio","publisher":{"@id":"https:\/\/shebeauty.ee\/#organization"},"potentialAction":[{"@type":"SearchAction","target":{"@type":"EntryPoint","urlTemplate":"https:\/\/shebeauty.ee\/?s={search_term_string}"},"query-input":{"@type":"PropertyValueSpecification","valueRequired":true,"valueName":"search_term_string"}}],"inLanguage":"en-US"},{"@type":"Organization","@id":"https:\/\/shebeauty.ee\/#organization","name":"She Beauty O\u00dc","url":"https:\/\/shebeauty.ee\/","logo":{"@type":"ImageObject","inLanguage":"en-US","@id":"https:\/\/shebeauty.ee\/#\/schema\/logo\/image\/","url":"https:\/\/shebeauty.ee\/wp-content\/uploads\/2023\/10\/IMG_0585.jpg","contentUrl":"https:\/\/shebeauty.ee\/wp-content\/uploads\/2023\/10\/IMG_0585.jpg","width":1284,"height":1300,"caption":"She Beauty O\u00dc"},"image":{"@id":"https:\/\/shebeauty.ee\/#\/schema\/logo\/image\/"}}]}},"_links":{"self":[{"href":"https:\/\/shebeauty.ee\/en\/wp-json\/wp\/v2\/product\/3112","targetHints":{"allow":["GET"]}}],"collection":[{"href":"https:\/\/shebeauty.ee\/en\/wp-json\/wp\/v2\/product"}],"about":[{"href":"https:\/\/shebeauty.ee\/en\/wp-json\/wp\/v2\/types\/product"}],"replies":[{"embeddable":true,"href":"https:\/\/shebeauty.ee\/en\/wp-json\/wp\/v2\/comments?post=3112"}],"wp:featuredmedia":[{"embeddable":true,"href":"https:\/\/shebeauty.ee\/en\/wp-json\/wp\/v2\/media\/5568"}],"wp:attachment":[{"href":"https:\/\/shebeauty.ee\/en\/wp-json\/wp\/v2\/media?parent=3112"}],"wp:term":[{"taxonomy":"product_brand","embeddable":true,"href":"https:\/\/shebeauty.ee\/en\/wp-json\/wp\/v2\/product_brand?post=3112"},{"taxonomy":"product_cat","embeddable":true,"href":"https:\/\/shebeauty.ee\/en\/wp-json\/wp\/v2\/product_cat?post=3112"},{"taxonomy":"product_tag","embeddable":true,"href":"https:\/\/shebeauty.ee\/en\/wp-json\/wp\/v2\/product_tag?post=3112"},{"taxonomy":"giftcard-category","embeddable":true,"href":"https:\/\/shebeauty.ee\/en\/wp-json\/wp\/v2\/giftcard-category?post=3112"}],"curies":[{"name":"wp","href":"https:\/\/api.w.org\/{rel}","templated":true}]}}