{"id":3109,"date":"2023-12-17T16:01:35","date_gmt":"2023-12-17T14:01:35","guid":{"rendered":"https:\/\/shebeauty.ee\/?post_type=product&#038;p=3109"},"modified":"2025-08-23T17:10:06","modified_gmt":"2025-08-23T14:10:06","slug":"k-time-somnia-proliss-smoothing-sampoon","status":"publish","type":"product","link":"https:\/\/shebeauty.ee\/en\/product\/k-time-somnia-proliss-smoothing-sampoon\/","title":{"rendered":"K-Time Somnia Proliss Smoothing Anti-Frizz shampoo"},"content":{"rendered":"<p><strong>K-time Somnia Proliss sarja Anti-Frizz \u0161ampoon<\/strong> on spetsiaalselt loodud kahuste ja raskesti k\u00e4sitletavate juuste taltsutamiseks. Rikastatud orhidee ekstrakti, keratiini ja E-vitamiiniga, puhastab \u0161ampoon juuksed \u00f5rnalt, samal ajal juuksekiudu toites ja siludes. Tulemuseks on siledamad, pehmemad ning kergemini k\u00e4sitletavad juuksed, millel on tervislik s\u00e4ra.<\/p>\n<p>T\u00e4nu oma niisutavale ja siluvale koostisele aitab toode v\u00e4hendada juuste kahusust juba p\u00e4rast esimest kasutuskorda. Sobib ideaalselt igap\u00e4evaseks kasutamiseks.<\/p>\n<p><strong>Usage:<\/strong><br \/>\nKanna \u0161ampoon m\u00e4rgadele juustele, masseeri \u00f5rnalt peanahale, kuni tekib vaht. Loputa hoolikalt. Vajadusel korda, j\u00e4ttes teisel korral \u0161ampooni m\u00f5neks sekundiks juustesse enne loputamist.<\/p>\n<p><span class=\"s1\"><strong>Ingredients:<\/strong><br \/>\nAQUA (WATER), SODIUM LAURETH SULFATE, COCAMIDOPROPYL BETAINE, HYDROLYZED KERATIN, CYMBIDIUM GREAT FLOWER EXTRACT, POLYQUATERNIUM-47, HYDROXYPROPYL GUAR, METHOXY PEG\/PPG-7\/3 AMINOPROPYL DIMETHICONE, POLYQUATERNIUM-10, TOCOPHERYL ACETATE, PEG-120 METHYL GLUCOSE TRIOLEATE, ISOPROPYL MYRISTATE, PROPYLENE GLYCOL, PPG-1-PEG-9 LAURYL GLYCOL ETHER, SODIUM CHLORIDE, CITRIC ACID, DISODIUM EDTA, PARFUM (FRAGRANCE), PHENOXYETHANOL, CHLORPHENESIN, BENZYL ALCOHOL, METHYLCHLOROISOTHIAZOLINONE, METHYLISOTHIAZOLINONE, ALPHA-ISOMETHYL IONONE, BENZYL SALICYLATE, COUMARIN, GERANIOL, LIMONENE.<\/span><\/p>\n<p><strong>The list of ingredients could change. Always refer to the product packaging for the most up-to-date ingredient list.<\/strong><br \/>\n<strong>Koostisosade loetelu v\u00f5ib muutuda. K\u00f5ige ajakohasema koostisosade loetelu leiad alati toote pakendilt.<\/strong><\/p>\n<p class=\"p1\"><span class=\"s1\">Importer: Beauty Cosmetics O\u00dc, Kaupmehe 6, Tallinn <a href=\"https:\/\/shebeauty.ee\/en\/\"><span class=\"s2\">www.shebeauty.ee<\/span><\/a><\/span><\/p>\n<p class=\"p1\">","protected":false},"excerpt":{"rendered":"<p>(<em>300ml liitrihind: 66,67 \u20ac \/ l<\/em>)<br \/>\n(<em>1000ml liitrihind: 36 \u20ac \/ l<\/em>)<br \/>\nAnti-Frizz \u0161ampoon on spetsiaalselt loodud kahustele ja raskesti k\u00e4sitletavatele juustele.<br \/>\nSobib igap\u00e4evaseks kasutamiseks.<\/p>","protected":false},"featured_media":5563,"comment_status":"open","ping_status":"closed","template":"","meta":{"site-sidebar-layout":"default","site-content-layout":"","ast-site-content-layout":"default","site-content-style":"default","site-sidebar-style":"default","ast-global-header-display":"","ast-banner-title-visibility":"","ast-main-header-display":"","ast-hfb-above-header-display":"","ast-hfb-below-header-display":"","ast-hfb-mobile-header-display":"","site-post-title":"","ast-breadcrumbs-content":"","ast-featured-img":"","footer-sml-layout":"","ast-disable-related-posts":"","theme-transparent-header-meta":"default","adv-header-id-meta":"","stick-header-meta":"","header-above-stick-meta":"","header-main-stick-meta":"","header-below-stick-meta":"","astra-migrate-meta-layouts":"set","ast-page-background-enabled":"default","ast-page-background-meta":{"desktop":{"background-color":"var(--ast-global-color-4)","background-image":"","background-repeat":"repeat","background-position":"center center","background-size":"auto","background-attachment":"scroll","background-type":"","background-media":"","overlay-type":"","overlay-color":"","overlay-opacity":"","overlay-gradient":""},"tablet":{"background-color":"","background-image":"","background-repeat":"repeat","background-position":"center center","background-size":"auto","background-attachment":"scroll","background-type":"","background-media":"","overlay-type":"","overlay-color":"","overlay-opacity":"","overlay-gradient":""},"mobile":{"background-color":"","background-image":"","background-repeat":"repeat","background-position":"center center","background-size":"auto","background-attachment":"scroll","background-type":"","background-media":"","overlay-type":"","overlay-color":"","overlay-opacity":"","overlay-gradient":""}},"ast-content-background-meta":{"desktop":{"background-color":"var(--ast-global-color-5)","background-image":"","background-repeat":"repeat","background-position":"center center","background-size":"auto","background-attachment":"scroll","background-type":"","background-media":"","overlay-type":"","overlay-color":"","overlay-opacity":"","overlay-gradient":""},"tablet":{"background-color":"var(--ast-global-color-5)","background-image":"","background-repeat":"repeat","background-position":"center center","background-size":"auto","background-attachment":"scroll","background-type":"","background-media":"","overlay-type":"","overlay-color":"","overlay-opacity":"","overlay-gradient":""},"mobile":{"background-color":"var(--ast-global-color-5)","background-image":"","background-repeat":"repeat","background-position":"center center","background-size":"auto","background-attachment":"scroll","background-type":"","background-media":"","overlay-type":"","overlay-color":"","overlay-opacity":"","overlay-gradient":""}}},"product_brand":[],"product_cat":[20],"product_tag":[248,231,154,249,129],"giftcard-category":[],"class_list":{"0":"post-3109","1":"product","2":"type-product","3":"status-publish","4":"has-post-thumbnail","6":"product_cat-juuksehooldustooted-sampoon-palsam-mask","7":"product_tag-anti-frizz","8":"product_tag-k-time-somnia","9":"product_tag-kahuvaba-tulemus","10":"product_tag-proliss-sari","11":"product_tag-shampoo","12":"desktop-align-center","13":"tablet-align-left","14":"mobile-align-left","16":"first","17":"instock","18":"taxable","19":"shipping-taxable","20":"purchasable","21":"product-type-variable"},"yoast_head":"<!-- This site is optimized with the Yoast SEO plugin v27.4 - https:\/\/yoast.com\/product\/yoast-seo-wordpress\/ -->\n<title>K-Time Somnia Proliss Smoothing Anti-Frizz shampoo - She Beauty Studio<\/title>\n<meta name=\"description\" content=\"Anti-Frizz \u0161ampoon on spetsiaalselt loodud kahustele juustele. Toode puhastab \u00f5rnalt juuksed, pehmendades juuksekiudu - v\u00e4hendades kahu.\" \/>\n<meta name=\"robots\" content=\"index, follow, max-snippet:-1, max-image-preview:large, max-video-preview:-1\" \/>\n<link rel=\"canonical\" href=\"https:\/\/shebeauty.ee\/en\/product\/k-time-somnia-proliss-smoothing-sampoon\/\" \/>\n<meta property=\"og:locale\" content=\"en_US\" \/>\n<meta property=\"og:type\" content=\"article\" \/>\n<meta property=\"og:title\" content=\"K-Time Somnia Proliss Smoothing Anti-Frizz shampoo - She Beauty Studio\" \/>\n<meta property=\"og:description\" content=\"Anti-Frizz \u0161ampoon on spetsiaalselt loodud kahustele juustele. Toode puhastab \u00f5rnalt juuksed, pehmendades juuksekiudu - v\u00e4hendades kahu.\" \/>\n<meta property=\"og:url\" content=\"https:\/\/shebeauty.ee\/en\/product\/k-time-somnia-proliss-smoothing-sampoon\/\" \/>\n<meta property=\"og:site_name\" content=\"She Beauty Studio\" \/>\n<meta property=\"article:modified_time\" content=\"2025-08-23T14:10:06+00:00\" \/>\n<meta property=\"og:image\" content=\"https:\/\/shebeauty.ee\/wp-content\/uploads\/2023\/12\/Somnia-Proliss-300ml-shampoo-scaled.jpg\" \/>\n\t<meta property=\"og:image:width\" content=\"2560\" \/>\n\t<meta property=\"og:image:height\" content=\"2560\" \/>\n\t<meta property=\"og:image:type\" content=\"image\/jpeg\" \/>\n<meta name=\"twitter:card\" content=\"summary_large_image\" \/>\n<meta name=\"twitter:label1\" content=\"Est. reading time\" \/>\n\t<meta name=\"twitter:data1\" content=\"2 minutes\" \/>\n<script type=\"application\/ld+json\" class=\"yoast-schema-graph\">{\"@context\":\"https:\\\/\\\/schema.org\",\"@graph\":[{\"@type\":\"WebPage\",\"@id\":\"https:\\\/\\\/shebeauty.ee\\\/toode\\\/k-time-somnia-proliss-smoothing-sampoon\\\/\",\"url\":\"https:\\\/\\\/shebeauty.ee\\\/toode\\\/k-time-somnia-proliss-smoothing-sampoon\\\/\",\"name\":\"K-Time Somnia Proliss Smoothing Anti-Frizz shampoo - She Beauty Studio\",\"isPartOf\":{\"@id\":\"https:\\\/\\\/shebeauty.ee\\\/#website\"},\"primaryImageOfPage\":{\"@id\":\"https:\\\/\\\/shebeauty.ee\\\/toode\\\/k-time-somnia-proliss-smoothing-sampoon\\\/#primaryimage\"},\"image\":{\"@id\":\"https:\\\/\\\/shebeauty.ee\\\/toode\\\/k-time-somnia-proliss-smoothing-sampoon\\\/#primaryimage\"},\"thumbnailUrl\":\"https:\\\/\\\/shebeauty.ee\\\/wp-content\\\/uploads\\\/2023\\\/12\\\/Somnia-Proliss-300ml-shampoo-scaled.jpg\",\"datePublished\":\"2023-12-17T14:01:35+00:00\",\"dateModified\":\"2025-08-23T14:10:06+00:00\",\"description\":\"Anti-Frizz \u0161ampoon on spetsiaalselt loodud kahustele juustele. Toode puhastab \u00f5rnalt juuksed, pehmendades juuksekiudu - v\u00e4hendades kahu.\",\"breadcrumb\":{\"@id\":\"https:\\\/\\\/shebeauty.ee\\\/toode\\\/k-time-somnia-proliss-smoothing-sampoon\\\/#breadcrumb\"},\"inLanguage\":\"en-US\",\"potentialAction\":[{\"@type\":\"ReadAction\",\"target\":[\"https:\\\/\\\/shebeauty.ee\\\/toode\\\/k-time-somnia-proliss-smoothing-sampoon\\\/\"]}]},{\"@type\":\"ImageObject\",\"inLanguage\":\"en-US\",\"@id\":\"https:\\\/\\\/shebeauty.ee\\\/toode\\\/k-time-somnia-proliss-smoothing-sampoon\\\/#primaryimage\",\"url\":\"https:\\\/\\\/shebeauty.ee\\\/wp-content\\\/uploads\\\/2023\\\/12\\\/Somnia-Proliss-300ml-shampoo-scaled.jpg\",\"contentUrl\":\"https:\\\/\\\/shebeauty.ee\\\/wp-content\\\/uploads\\\/2023\\\/12\\\/Somnia-Proliss-300ml-shampoo-scaled.jpg\",\"width\":2560,\"height\":2560},{\"@type\":\"BreadcrumbList\",\"@id\":\"https:\\\/\\\/shebeauty.ee\\\/toode\\\/k-time-somnia-proliss-smoothing-sampoon\\\/#breadcrumb\",\"itemListElement\":[{\"@type\":\"ListItem\",\"position\":1,\"name\":\"Home\",\"item\":\"https:\\\/\\\/shebeauty.ee\\\/\"},{\"@type\":\"ListItem\",\"position\":2,\"name\":\"Pood\",\"item\":\"https:\\\/\\\/shebeauty.ee\\\/e-pood\\\/\"},{\"@type\":\"ListItem\",\"position\":3,\"name\":\"K-Time Somnia Proliss Smoothing Anti-Frizz shampoo\"}]},{\"@type\":\"WebSite\",\"@id\":\"https:\\\/\\\/shebeauty.ee\\\/#website\",\"url\":\"https:\\\/\\\/shebeauty.ee\\\/\",\"name\":\"She Beauty Studio\",\"description\":\"Juuksestuudio\",\"publisher\":{\"@id\":\"https:\\\/\\\/shebeauty.ee\\\/#organization\"},\"potentialAction\":[{\"@type\":\"SearchAction\",\"target\":{\"@type\":\"EntryPoint\",\"urlTemplate\":\"https:\\\/\\\/shebeauty.ee\\\/?s={search_term_string}\"},\"query-input\":{\"@type\":\"PropertyValueSpecification\",\"valueRequired\":true,\"valueName\":\"search_term_string\"}}],\"inLanguage\":\"en-US\"},{\"@type\":\"Organization\",\"@id\":\"https:\\\/\\\/shebeauty.ee\\\/#organization\",\"name\":\"She Beauty O\u00dc\",\"url\":\"https:\\\/\\\/shebeauty.ee\\\/\",\"logo\":{\"@type\":\"ImageObject\",\"inLanguage\":\"en-US\",\"@id\":\"https:\\\/\\\/shebeauty.ee\\\/#\\\/schema\\\/logo\\\/image\\\/\",\"url\":\"https:\\\/\\\/shebeauty.ee\\\/wp-content\\\/uploads\\\/2023\\\/10\\\/IMG_0585.jpg\",\"contentUrl\":\"https:\\\/\\\/shebeauty.ee\\\/wp-content\\\/uploads\\\/2023\\\/10\\\/IMG_0585.jpg\",\"width\":1284,\"height\":1300,\"caption\":\"She Beauty O\u00dc\"},\"image\":{\"@id\":\"https:\\\/\\\/shebeauty.ee\\\/#\\\/schema\\\/logo\\\/image\\\/\"}}]}<\/script>\n<!-- \/ Yoast SEO plugin. -->","yoast_head_json":{"title":"K-Time Somnia Proliss Smoothing Anti-Frizz shampoo - She Beauty Studio","description":"Anti-Frizz \u0161ampoon on spetsiaalselt loodud kahustele juustele. Toode puhastab \u00f5rnalt juuksed, pehmendades juuksekiudu - v\u00e4hendades kahu.","robots":{"index":"index","follow":"follow","max-snippet":"max-snippet:-1","max-image-preview":"max-image-preview:large","max-video-preview":"max-video-preview:-1"},"canonical":"https:\/\/shebeauty.ee\/en\/product\/k-time-somnia-proliss-smoothing-sampoon\/","og_locale":"en_US","og_type":"article","og_title":"K-Time Somnia Proliss Smoothing Anti-Frizz shampoo - She Beauty Studio","og_description":"Anti-Frizz \u0161ampoon on spetsiaalselt loodud kahustele juustele. Toode puhastab \u00f5rnalt juuksed, pehmendades juuksekiudu - v\u00e4hendades kahu.","og_url":"https:\/\/shebeauty.ee\/en\/product\/k-time-somnia-proliss-smoothing-sampoon\/","og_site_name":"She Beauty Studio","article_modified_time":"2025-08-23T14:10:06+00:00","og_image":[{"width":2560,"height":2560,"url":"https:\/\/shebeauty.ee\/wp-content\/uploads\/2023\/12\/Somnia-Proliss-300ml-shampoo-scaled.jpg","type":"image\/jpeg"}],"twitter_card":"summary_large_image","twitter_misc":{"Est. reading time":"2 minutes"},"schema":{"@context":"https:\/\/schema.org","@graph":[{"@type":"WebPage","@id":"https:\/\/shebeauty.ee\/toode\/k-time-somnia-proliss-smoothing-sampoon\/","url":"https:\/\/shebeauty.ee\/toode\/k-time-somnia-proliss-smoothing-sampoon\/","name":"K-Time Somnia Proliss Smoothing Anti-Frizz shampoo - She Beauty Studio","isPartOf":{"@id":"https:\/\/shebeauty.ee\/#website"},"primaryImageOfPage":{"@id":"https:\/\/shebeauty.ee\/toode\/k-time-somnia-proliss-smoothing-sampoon\/#primaryimage"},"image":{"@id":"https:\/\/shebeauty.ee\/toode\/k-time-somnia-proliss-smoothing-sampoon\/#primaryimage"},"thumbnailUrl":"https:\/\/shebeauty.ee\/wp-content\/uploads\/2023\/12\/Somnia-Proliss-300ml-shampoo-scaled.jpg","datePublished":"2023-12-17T14:01:35+00:00","dateModified":"2025-08-23T14:10:06+00:00","description":"Anti-Frizz \u0161ampoon on spetsiaalselt loodud kahustele juustele. Toode puhastab \u00f5rnalt juuksed, pehmendades juuksekiudu - v\u00e4hendades kahu.","breadcrumb":{"@id":"https:\/\/shebeauty.ee\/toode\/k-time-somnia-proliss-smoothing-sampoon\/#breadcrumb"},"inLanguage":"en-US","potentialAction":[{"@type":"ReadAction","target":["https:\/\/shebeauty.ee\/toode\/k-time-somnia-proliss-smoothing-sampoon\/"]}]},{"@type":"ImageObject","inLanguage":"en-US","@id":"https:\/\/shebeauty.ee\/toode\/k-time-somnia-proliss-smoothing-sampoon\/#primaryimage","url":"https:\/\/shebeauty.ee\/wp-content\/uploads\/2023\/12\/Somnia-Proliss-300ml-shampoo-scaled.jpg","contentUrl":"https:\/\/shebeauty.ee\/wp-content\/uploads\/2023\/12\/Somnia-Proliss-300ml-shampoo-scaled.jpg","width":2560,"height":2560},{"@type":"BreadcrumbList","@id":"https:\/\/shebeauty.ee\/toode\/k-time-somnia-proliss-smoothing-sampoon\/#breadcrumb","itemListElement":[{"@type":"ListItem","position":1,"name":"Home","item":"https:\/\/shebeauty.ee\/"},{"@type":"ListItem","position":2,"name":"Pood","item":"https:\/\/shebeauty.ee\/e-pood\/"},{"@type":"ListItem","position":3,"name":"K-Time Somnia Proliss Smoothing Anti-Frizz shampoo"}]},{"@type":"WebSite","@id":"https:\/\/shebeauty.ee\/#website","url":"https:\/\/shebeauty.ee\/","name":"She Beauty Studio","description":"Juuksestuudio","publisher":{"@id":"https:\/\/shebeauty.ee\/#organization"},"potentialAction":[{"@type":"SearchAction","target":{"@type":"EntryPoint","urlTemplate":"https:\/\/shebeauty.ee\/?s={search_term_string}"},"query-input":{"@type":"PropertyValueSpecification","valueRequired":true,"valueName":"search_term_string"}}],"inLanguage":"en-US"},{"@type":"Organization","@id":"https:\/\/shebeauty.ee\/#organization","name":"She Beauty O\u00dc","url":"https:\/\/shebeauty.ee\/","logo":{"@type":"ImageObject","inLanguage":"en-US","@id":"https:\/\/shebeauty.ee\/#\/schema\/logo\/image\/","url":"https:\/\/shebeauty.ee\/wp-content\/uploads\/2023\/10\/IMG_0585.jpg","contentUrl":"https:\/\/shebeauty.ee\/wp-content\/uploads\/2023\/10\/IMG_0585.jpg","width":1284,"height":1300,"caption":"She Beauty O\u00dc"},"image":{"@id":"https:\/\/shebeauty.ee\/#\/schema\/logo\/image\/"}}]}},"_links":{"self":[{"href":"https:\/\/shebeauty.ee\/en\/wp-json\/wp\/v2\/product\/3109","targetHints":{"allow":["GET"]}}],"collection":[{"href":"https:\/\/shebeauty.ee\/en\/wp-json\/wp\/v2\/product"}],"about":[{"href":"https:\/\/shebeauty.ee\/en\/wp-json\/wp\/v2\/types\/product"}],"replies":[{"embeddable":true,"href":"https:\/\/shebeauty.ee\/en\/wp-json\/wp\/v2\/comments?post=3109"}],"wp:featuredmedia":[{"embeddable":true,"href":"https:\/\/shebeauty.ee\/en\/wp-json\/wp\/v2\/media\/5563"}],"wp:attachment":[{"href":"https:\/\/shebeauty.ee\/en\/wp-json\/wp\/v2\/media?parent=3109"}],"wp:term":[{"taxonomy":"product_brand","embeddable":true,"href":"https:\/\/shebeauty.ee\/en\/wp-json\/wp\/v2\/product_brand?post=3109"},{"taxonomy":"product_cat","embeddable":true,"href":"https:\/\/shebeauty.ee\/en\/wp-json\/wp\/v2\/product_cat?post=3109"},{"taxonomy":"product_tag","embeddable":true,"href":"https:\/\/shebeauty.ee\/en\/wp-json\/wp\/v2\/product_tag?post=3109"},{"taxonomy":"giftcard-category","embeddable":true,"href":"https:\/\/shebeauty.ee\/en\/wp-json\/wp\/v2\/giftcard-category?post=3109"}],"curies":[{"name":"wp","href":"https:\/\/api.w.org\/{rel}","templated":true}]}}