{"id":3089,"date":"2023-12-02T11:11:35","date_gmt":"2023-12-02T09:11:35","guid":{"rendered":"https:\/\/shebeauty.ee\/?post_type=product&#038;p=3089"},"modified":"2025-08-23T15:27:42","modified_gmt":"2025-08-23T12:27:42","slug":"k-time-argan-nourishing-oil-100ml","status":"publish","type":"product","link":"https:\/\/shebeauty.ee\/en\/product\/k-time-argan-nourishing-oil-100ml\/","title":{"rendered":"K-Time Argan Nourishing Oil 100ml"},"content":{"rendered":"<p class=\"p1\"><strong>K-Time Argan Nourishing Oil <\/strong>on j<span class=\"s1\">uukse\u00f5li, mis on sobib ideaalselt k\u00f5ikidele juukset\u00fc\u00fcpidele. <\/span>Rikastatud argaania\u00f5li ja E-vitamiiniga, millel on niisutavad, toitvad ja vananemisvastased omadused. Kerge koostis ei j\u00e4ta juukseid rasvaseks ega raskeks. M\u00f5ni tilk annab kohese pehmuse, l\u00e4ike ja aitab parandada juuste \u00fcldist seisukorda. Tulemuseks on siledad, siidised ja tervemad juuksed.<\/p>\n<p data-start=\"668\" data-end=\"854\"><strong data-start=\"668\" data-end=\"683\">Usage:<\/strong><br data-start=\"683\" data-end=\"686\" \/>Kanna paar tilka \u00f5li niisketesse v\u00f5i kuivadesse juustesse, keskosast kuni otsteni. \u00c4ra loputa. Sobib igap\u00e4evaseks kasutamiseks v\u00f5i viimistluseks p\u00e4rast soengu tegemist.<\/p>\n<p><strong>Ingredients:<br \/>\n<\/strong>CYCLOPENTASILOXANE, DIMETHICONE, ARGANIA SPINOSA KERNEL OIL, ALCOHOL DENAT., CI 47000 (YELLOW 11), CI 26100 (RED 17), PARFUM (FRAGRANCE), LINALOOL, LIMONENE, CITRONELLOL, COUMARIN.<\/p>\n<p><strong>The list of ingredients could change. Always refer to the product packaging for the most up-to-date ingredient list.<\/strong><br \/>\n<strong>Koostisosade loetelu v\u00f5ib muutuda. K\u00f5ige ajakohasema koostisosade loetelu leiad alati toote pakendilt.<\/strong><\/p>\n<p class=\"p1\"><span class=\"s1\">Importer: Beauty Cosmetics O\u00dc, Kaupmehe 6, Tallinn <a href=\"https:\/\/shebeauty.ee\/en\/\"><span class=\"s2\">www.shebeauty.ee<\/span><\/a><\/span><\/p>\n<p data-start=\"668\" data-end=\"854\"><strong>\u00a0<\/strong><\/p>","protected":false},"excerpt":{"rendered":"<p class=\"p1\"><span style=\"font-size: 16px;\" data-start=\"188\" data-end=\"298\">(<em>Liitrihind: 310,00\u20ac \/ l<\/em>)<\/span><br \/>\nIdeaalne valik juustele, mis vajavad turgutust, niisutust ja kaitset.<br \/>\nRikastatud argaania\u00f5li ja E-vitamiiniga.<br \/>\nIdeaalne \u00f5li igap\u00e4evaseks kasutuseks.<\/p>","protected":false},"featured_media":5668,"comment_status":"open","ping_status":"closed","template":"","meta":{"site-sidebar-layout":"default","site-content-layout":"","ast-site-content-layout":"default","site-content-style":"default","site-sidebar-style":"default","ast-global-header-display":"","ast-banner-title-visibility":"","ast-main-header-display":"","ast-hfb-above-header-display":"","ast-hfb-below-header-display":"","ast-hfb-mobile-header-display":"","site-post-title":"","ast-breadcrumbs-content":"","ast-featured-img":"","footer-sml-layout":"","ast-disable-related-posts":"","theme-transparent-header-meta":"default","adv-header-id-meta":"","stick-header-meta":"","header-above-stick-meta":"","header-main-stick-meta":"","header-below-stick-meta":"","astra-migrate-meta-layouts":"set","ast-page-background-enabled":"default","ast-page-background-meta":{"desktop":{"background-color":"var(--ast-global-color-4)","background-image":"","background-repeat":"repeat","background-position":"center center","background-size":"auto","background-attachment":"scroll","background-type":"","background-media":"","overlay-type":"","overlay-color":"","overlay-opacity":"","overlay-gradient":""},"tablet":{"background-color":"","background-image":"","background-repeat":"repeat","background-position":"center center","background-size":"auto","background-attachment":"scroll","background-type":"","background-media":"","overlay-type":"","overlay-color":"","overlay-opacity":"","overlay-gradient":""},"mobile":{"background-color":"","background-image":"","background-repeat":"repeat","background-position":"center center","background-size":"auto","background-attachment":"scroll","background-type":"","background-media":"","overlay-type":"","overlay-color":"","overlay-opacity":"","overlay-gradient":""}},"ast-content-background-meta":{"desktop":{"background-color":"var(--ast-global-color-5)","background-image":"","background-repeat":"repeat","background-position":"center center","background-size":"auto","background-attachment":"scroll","background-type":"","background-media":"","overlay-type":"","overlay-color":"","overlay-opacity":"","overlay-gradient":""},"tablet":{"background-color":"var(--ast-global-color-5)","background-image":"","background-repeat":"repeat","background-position":"center center","background-size":"auto","background-attachment":"scroll","background-type":"","background-media":"","overlay-type":"","overlay-color":"","overlay-opacity":"","overlay-gradient":""},"mobile":{"background-color":"var(--ast-global-color-5)","background-image":"","background-repeat":"repeat","background-position":"center center","background-size":"auto","background-attachment":"scroll","background-type":"","background-media":"","overlay-type":"","overlay-color":"","overlay-opacity":"","overlay-gradient":""}}},"product_brand":[],"product_cat":[20],"product_tag":[276,281,234,272,258,282],"giftcard-category":[],"class_list":{"0":"post-3089","1":"product","2":"type-product","3":"status-publish","4":"has-post-thumbnail","6":"product_cat-juuksehooldustooted-sampoon-palsam-mask","7":"product_tag-argaaniaoli","8":"product_tag-e-vitamiin","9":"product_tag-juukseoli","10":"product_tag-k-time-argan-sari","11":"product_tag-koikidele-juuksetuupidele","12":"product_tag-niisutav-ja-toitev","13":"desktop-align-center","14":"tablet-align-left","15":"mobile-align-left","17":"first","18":"instock","19":"taxable","20":"shipping-taxable","21":"purchasable","22":"product-type-simple"},"yoast_head":"<!-- This site is optimized with the Yoast SEO plugin v27.4 - https:\/\/yoast.com\/product\/yoast-seo-wordpress\/ -->\n<title>K-Time Argan Nourishing Oil 100ml - She Beauty Studio<\/title>\n<meta name=\"description\" content=\"Juukse\u00f5li, mis on sobib k\u00f5ikidele juukset\u00fc\u00fcpidele. Rikastatud argaania\u00f5li ja E-vitamiiniga, millel on niisutavad, toitvad ja vananemisvastased omadused.\" \/>\n<meta name=\"robots\" content=\"index, follow, max-snippet:-1, max-image-preview:large, max-video-preview:-1\" \/>\n<link rel=\"canonical\" href=\"https:\/\/shebeauty.ee\/en\/product\/k-time-argan-nourishing-oil-100ml\/\" \/>\n<meta property=\"og:locale\" content=\"en_US\" \/>\n<meta property=\"og:type\" content=\"article\" \/>\n<meta property=\"og:title\" content=\"K-Time Argan Nourishing Oil 100ml - She Beauty Studio\" \/>\n<meta property=\"og:description\" content=\"Juukse\u00f5li, mis on sobib k\u00f5ikidele juukset\u00fc\u00fcpidele. Rikastatud argaania\u00f5li ja E-vitamiiniga, millel on niisutavad, toitvad ja vananemisvastased omadused.\" \/>\n<meta property=\"og:url\" content=\"https:\/\/shebeauty.ee\/en\/product\/k-time-argan-nourishing-oil-100ml\/\" \/>\n<meta property=\"og:site_name\" content=\"She Beauty Studio\" \/>\n<meta property=\"article:modified_time\" content=\"2025-08-23T12:27:42+00:00\" \/>\n<meta property=\"og:image\" content=\"https:\/\/shebeauty.ee\/wp-content\/uploads\/2023\/12\/Argan-Nourishing-Oil-100ml-scaled.jpg\" \/>\n\t<meta property=\"og:image:width\" content=\"2560\" \/>\n\t<meta property=\"og:image:height\" content=\"2560\" \/>\n\t<meta property=\"og:image:type\" content=\"image\/jpeg\" \/>\n<meta name=\"twitter:card\" content=\"summary_large_image\" \/>\n<meta name=\"twitter:label1\" content=\"Est. reading time\" \/>\n\t<meta name=\"twitter:data1\" content=\"1 minute\" \/>\n<script type=\"application\/ld+json\" class=\"yoast-schema-graph\">{\"@context\":\"https:\\\/\\\/schema.org\",\"@graph\":[{\"@type\":\"WebPage\",\"@id\":\"https:\\\/\\\/shebeauty.ee\\\/toode\\\/k-time-argan-nourishing-oil-100ml\\\/\",\"url\":\"https:\\\/\\\/shebeauty.ee\\\/toode\\\/k-time-argan-nourishing-oil-100ml\\\/\",\"name\":\"K-Time Argan Nourishing Oil 100ml - She Beauty Studio\",\"isPartOf\":{\"@id\":\"https:\\\/\\\/shebeauty.ee\\\/#website\"},\"primaryImageOfPage\":{\"@id\":\"https:\\\/\\\/shebeauty.ee\\\/toode\\\/k-time-argan-nourishing-oil-100ml\\\/#primaryimage\"},\"image\":{\"@id\":\"https:\\\/\\\/shebeauty.ee\\\/toode\\\/k-time-argan-nourishing-oil-100ml\\\/#primaryimage\"},\"thumbnailUrl\":\"https:\\\/\\\/shebeauty.ee\\\/wp-content\\\/uploads\\\/2023\\\/12\\\/Argan-Nourishing-Oil-100ml-scaled.jpg\",\"datePublished\":\"2023-12-02T09:11:35+00:00\",\"dateModified\":\"2025-08-23T12:27:42+00:00\",\"description\":\"Juukse\u00f5li, mis on sobib k\u00f5ikidele juukset\u00fc\u00fcpidele. Rikastatud argaania\u00f5li ja E-vitamiiniga, millel on niisutavad, toitvad ja vananemisvastased omadused.\",\"breadcrumb\":{\"@id\":\"https:\\\/\\\/shebeauty.ee\\\/toode\\\/k-time-argan-nourishing-oil-100ml\\\/#breadcrumb\"},\"inLanguage\":\"en-US\",\"potentialAction\":[{\"@type\":\"ReadAction\",\"target\":[\"https:\\\/\\\/shebeauty.ee\\\/toode\\\/k-time-argan-nourishing-oil-100ml\\\/\"]}]},{\"@type\":\"ImageObject\",\"inLanguage\":\"en-US\",\"@id\":\"https:\\\/\\\/shebeauty.ee\\\/toode\\\/k-time-argan-nourishing-oil-100ml\\\/#primaryimage\",\"url\":\"https:\\\/\\\/shebeauty.ee\\\/wp-content\\\/uploads\\\/2023\\\/12\\\/Argan-Nourishing-Oil-100ml-scaled.jpg\",\"contentUrl\":\"https:\\\/\\\/shebeauty.ee\\\/wp-content\\\/uploads\\\/2023\\\/12\\\/Argan-Nourishing-Oil-100ml-scaled.jpg\",\"width\":2560,\"height\":2560},{\"@type\":\"BreadcrumbList\",\"@id\":\"https:\\\/\\\/shebeauty.ee\\\/toode\\\/k-time-argan-nourishing-oil-100ml\\\/#breadcrumb\",\"itemListElement\":[{\"@type\":\"ListItem\",\"position\":1,\"name\":\"Home\",\"item\":\"https:\\\/\\\/shebeauty.ee\\\/\"},{\"@type\":\"ListItem\",\"position\":2,\"name\":\"Pood\",\"item\":\"https:\\\/\\\/shebeauty.ee\\\/e-pood\\\/\"},{\"@type\":\"ListItem\",\"position\":3,\"name\":\"K-Time Argan Nourishing Oil 100ml\"}]},{\"@type\":\"WebSite\",\"@id\":\"https:\\\/\\\/shebeauty.ee\\\/#website\",\"url\":\"https:\\\/\\\/shebeauty.ee\\\/\",\"name\":\"She Beauty Studio\",\"description\":\"Juuksestuudio\",\"publisher\":{\"@id\":\"https:\\\/\\\/shebeauty.ee\\\/#organization\"},\"potentialAction\":[{\"@type\":\"SearchAction\",\"target\":{\"@type\":\"EntryPoint\",\"urlTemplate\":\"https:\\\/\\\/shebeauty.ee\\\/?s={search_term_string}\"},\"query-input\":{\"@type\":\"PropertyValueSpecification\",\"valueRequired\":true,\"valueName\":\"search_term_string\"}}],\"inLanguage\":\"en-US\"},{\"@type\":\"Organization\",\"@id\":\"https:\\\/\\\/shebeauty.ee\\\/#organization\",\"name\":\"She Beauty O\u00dc\",\"url\":\"https:\\\/\\\/shebeauty.ee\\\/\",\"logo\":{\"@type\":\"ImageObject\",\"inLanguage\":\"en-US\",\"@id\":\"https:\\\/\\\/shebeauty.ee\\\/#\\\/schema\\\/logo\\\/image\\\/\",\"url\":\"https:\\\/\\\/shebeauty.ee\\\/wp-content\\\/uploads\\\/2023\\\/10\\\/IMG_0585.jpg\",\"contentUrl\":\"https:\\\/\\\/shebeauty.ee\\\/wp-content\\\/uploads\\\/2023\\\/10\\\/IMG_0585.jpg\",\"width\":1284,\"height\":1300,\"caption\":\"She Beauty O\u00dc\"},\"image\":{\"@id\":\"https:\\\/\\\/shebeauty.ee\\\/#\\\/schema\\\/logo\\\/image\\\/\"}}]}<\/script>\n<!-- \/ Yoast SEO plugin. -->","yoast_head_json":{"title":"K-Time Argan Nourishing Oil 100ml - She Beauty Studio","description":"Juukse\u00f5li, mis on sobib k\u00f5ikidele juukset\u00fc\u00fcpidele. Rikastatud argaania\u00f5li ja E-vitamiiniga, millel on niisutavad, toitvad ja vananemisvastased omadused.","robots":{"index":"index","follow":"follow","max-snippet":"max-snippet:-1","max-image-preview":"max-image-preview:large","max-video-preview":"max-video-preview:-1"},"canonical":"https:\/\/shebeauty.ee\/en\/product\/k-time-argan-nourishing-oil-100ml\/","og_locale":"en_US","og_type":"article","og_title":"K-Time Argan Nourishing Oil 100ml - She Beauty Studio","og_description":"Juukse\u00f5li, mis on sobib k\u00f5ikidele juukset\u00fc\u00fcpidele. Rikastatud argaania\u00f5li ja E-vitamiiniga, millel on niisutavad, toitvad ja vananemisvastased omadused.","og_url":"https:\/\/shebeauty.ee\/en\/product\/k-time-argan-nourishing-oil-100ml\/","og_site_name":"She Beauty Studio","article_modified_time":"2025-08-23T12:27:42+00:00","og_image":[{"width":2560,"height":2560,"url":"https:\/\/shebeauty.ee\/wp-content\/uploads\/2023\/12\/Argan-Nourishing-Oil-100ml-scaled.jpg","type":"image\/jpeg"}],"twitter_card":"summary_large_image","twitter_misc":{"Est. reading time":"1 minute"},"schema":{"@context":"https:\/\/schema.org","@graph":[{"@type":"WebPage","@id":"https:\/\/shebeauty.ee\/toode\/k-time-argan-nourishing-oil-100ml\/","url":"https:\/\/shebeauty.ee\/toode\/k-time-argan-nourishing-oil-100ml\/","name":"K-Time Argan Nourishing Oil 100ml - She Beauty Studio","isPartOf":{"@id":"https:\/\/shebeauty.ee\/#website"},"primaryImageOfPage":{"@id":"https:\/\/shebeauty.ee\/toode\/k-time-argan-nourishing-oil-100ml\/#primaryimage"},"image":{"@id":"https:\/\/shebeauty.ee\/toode\/k-time-argan-nourishing-oil-100ml\/#primaryimage"},"thumbnailUrl":"https:\/\/shebeauty.ee\/wp-content\/uploads\/2023\/12\/Argan-Nourishing-Oil-100ml-scaled.jpg","datePublished":"2023-12-02T09:11:35+00:00","dateModified":"2025-08-23T12:27:42+00:00","description":"Juukse\u00f5li, mis on sobib k\u00f5ikidele juukset\u00fc\u00fcpidele. Rikastatud argaania\u00f5li ja E-vitamiiniga, millel on niisutavad, toitvad ja vananemisvastased omadused.","breadcrumb":{"@id":"https:\/\/shebeauty.ee\/toode\/k-time-argan-nourishing-oil-100ml\/#breadcrumb"},"inLanguage":"en-US","potentialAction":[{"@type":"ReadAction","target":["https:\/\/shebeauty.ee\/toode\/k-time-argan-nourishing-oil-100ml\/"]}]},{"@type":"ImageObject","inLanguage":"en-US","@id":"https:\/\/shebeauty.ee\/toode\/k-time-argan-nourishing-oil-100ml\/#primaryimage","url":"https:\/\/shebeauty.ee\/wp-content\/uploads\/2023\/12\/Argan-Nourishing-Oil-100ml-scaled.jpg","contentUrl":"https:\/\/shebeauty.ee\/wp-content\/uploads\/2023\/12\/Argan-Nourishing-Oil-100ml-scaled.jpg","width":2560,"height":2560},{"@type":"BreadcrumbList","@id":"https:\/\/shebeauty.ee\/toode\/k-time-argan-nourishing-oil-100ml\/#breadcrumb","itemListElement":[{"@type":"ListItem","position":1,"name":"Home","item":"https:\/\/shebeauty.ee\/"},{"@type":"ListItem","position":2,"name":"Pood","item":"https:\/\/shebeauty.ee\/e-pood\/"},{"@type":"ListItem","position":3,"name":"K-Time Argan Nourishing Oil 100ml"}]},{"@type":"WebSite","@id":"https:\/\/shebeauty.ee\/#website","url":"https:\/\/shebeauty.ee\/","name":"She Beauty Studio","description":"Juuksestuudio","publisher":{"@id":"https:\/\/shebeauty.ee\/#organization"},"potentialAction":[{"@type":"SearchAction","target":{"@type":"EntryPoint","urlTemplate":"https:\/\/shebeauty.ee\/?s={search_term_string}"},"query-input":{"@type":"PropertyValueSpecification","valueRequired":true,"valueName":"search_term_string"}}],"inLanguage":"en-US"},{"@type":"Organization","@id":"https:\/\/shebeauty.ee\/#organization","name":"She Beauty O\u00dc","url":"https:\/\/shebeauty.ee\/","logo":{"@type":"ImageObject","inLanguage":"en-US","@id":"https:\/\/shebeauty.ee\/#\/schema\/logo\/image\/","url":"https:\/\/shebeauty.ee\/wp-content\/uploads\/2023\/10\/IMG_0585.jpg","contentUrl":"https:\/\/shebeauty.ee\/wp-content\/uploads\/2023\/10\/IMG_0585.jpg","width":1284,"height":1300,"caption":"She Beauty O\u00dc"},"image":{"@id":"https:\/\/shebeauty.ee\/#\/schema\/logo\/image\/"}}]}},"_links":{"self":[{"href":"https:\/\/shebeauty.ee\/en\/wp-json\/wp\/v2\/product\/3089","targetHints":{"allow":["GET"]}}],"collection":[{"href":"https:\/\/shebeauty.ee\/en\/wp-json\/wp\/v2\/product"}],"about":[{"href":"https:\/\/shebeauty.ee\/en\/wp-json\/wp\/v2\/types\/product"}],"replies":[{"embeddable":true,"href":"https:\/\/shebeauty.ee\/en\/wp-json\/wp\/v2\/comments?post=3089"}],"wp:featuredmedia":[{"embeddable":true,"href":"https:\/\/shebeauty.ee\/en\/wp-json\/wp\/v2\/media\/5668"}],"wp:attachment":[{"href":"https:\/\/shebeauty.ee\/en\/wp-json\/wp\/v2\/media?parent=3089"}],"wp:term":[{"taxonomy":"product_brand","embeddable":true,"href":"https:\/\/shebeauty.ee\/en\/wp-json\/wp\/v2\/product_brand?post=3089"},{"taxonomy":"product_cat","embeddable":true,"href":"https:\/\/shebeauty.ee\/en\/wp-json\/wp\/v2\/product_cat?post=3089"},{"taxonomy":"product_tag","embeddable":true,"href":"https:\/\/shebeauty.ee\/en\/wp-json\/wp\/v2\/product_tag?post=3089"},{"taxonomy":"giftcard-category","embeddable":true,"href":"https:\/\/shebeauty.ee\/en\/wp-json\/wp\/v2\/giftcard-category?post=3089"}],"curies":[{"name":"wp","href":"https:\/\/api.w.org\/{rel}","templated":true}]}}