{"id":3087,"date":"2023-12-02T11:11:05","date_gmt":"2023-12-02T09:11:05","guid":{"rendered":"https:\/\/shebeauty.ee\/?post_type=product&#038;p=3087"},"modified":"2025-08-20T19:24:08","modified_gmt":"2025-08-20T16:24:08","slug":"k-time-argan-delight-high-lightness-oil-100ml","status":"publish","type":"product","link":"https:\/\/shebeauty.ee\/en\/product\/k-time-argan-delight-high-lightness-oil-100ml\/","title":{"rendered":"K-Time Argan Delight High Lightness Oil 100ml"},"content":{"rendered":"<p data-start=\"213\" data-end=\"430\"><strong>K-Time Argan Delight High Lightness juukse\u00f5li<\/strong> on rikastatud argaania-, linaseemne-, jojoba- ja avokaado\u00f5liga. See v\u00e4\u00e4rtuslik \u00f5lisegu koos spetsiaalsete UV-filtritega annab juustele erakordse l\u00e4ike ja elavdab nende loomulikku s\u00e4ra. \u00d5li taastab juuste eluj\u00f5u ja siidisuse, pakkudes samal ajal kaitset v\u00e4lism\u00f5jude eest. Kerge koostis ei muuda juukseid rasvaseks ega raskeks, j\u00e4ttes need s\u00e4ravaks ja kergesti k\u00e4sitletavaks.<br \/>\nKasutamiseks peenetele ja elututele juustele, mis vajavad s\u00e4ra ja kergust.<\/p>\n<p><strong>Usage:<\/strong> Kanna paar tilka \u00f5li niisketesse v\u00f5i kuivadesse juustesse, keskosast kuni otsteni. \u00c4ra loputa. Sobib igap\u00e4evaseks kasutamiseks v\u00f5i viimistluseks p\u00e4rast soengute tegemist.<\/p>\n<p><strong>Ingredients:<\/strong><br \/>\nCYCLOPENTASILOXANE, DIMETHICONE, ALCOHOL DENAT., PARFUM (FRAGRANCE), ARGANIA SPINOSA OIL (ARGANIA SPINOSA KERNELL OIL), LINUM USITATISSIMUM SEED OIL (LINUM USITATISSIMUM (LINSEED) SEED OIL), SIMMONDSIA CHINENSIS SEED OIL (SIMMONDSIA CHINENSIS (JOJOBA) SEED OIL), PERSEA GRATISSIMA OIL (PERSEA GRATISSIMA (AVOCADO) OIL), LIMONENE, ETHYLHEXYL METHOXYCINNAMATE, CITRAL, LINALOOL, AMYL CINNAMAL, CI 26100 (D &amp; C RED NO.17), CI 47000 (D &amp; C YELLOW NO.11).<\/p>\n<p><strong>The list of ingredients could change. Always refer to the product packaging for the most up-to-date ingredient list.<\/strong><br \/>\n<strong>Koostisosade loetelu v\u00f5ib muutuda. K\u00f5ige ajakohasema koostisosade loetelu leiad alati toote pakendilt.<\/strong><\/p>\n<p class=\"p1\"><span class=\"s1\">Importer: Beauty Cosmetics O\u00dc, Kaupmehe 6, Tallinn <a href=\"https:\/\/shebeauty.ee\/en\/\"><span class=\"s2\">www.shebeauty.ee<\/span><\/a><\/span><\/p>\n<p class=\"p1\">","protected":false},"excerpt":{"rendered":"<p>(<em>Liitrihind: 310,00 \u20ac\/l<\/em>)<br \/>\nKerge koostisega juukse\u00f5li, mis annab juustele s\u00e4ra.<br \/>\n\u00d5lis sisalduvad v\u00e4\u00e4ruslikud looduslikud \u00f5lid toidavad ja kaitsevad sinu juukseid.<br \/>\nSobib igap\u00e4evaseks kasutamiseks.<\/p>","protected":false},"featured_media":5671,"comment_status":"open","ping_status":"closed","template":"","meta":{"site-sidebar-layout":"default","site-content-layout":"","ast-site-content-layout":"default","site-content-style":"default","site-sidebar-style":"default","ast-global-header-display":"","ast-banner-title-visibility":"","ast-main-header-display":"","ast-hfb-above-header-display":"","ast-hfb-below-header-display":"","ast-hfb-mobile-header-display":"","site-post-title":"","ast-breadcrumbs-content":"","ast-featured-img":"","footer-sml-layout":"","ast-disable-related-posts":"","theme-transparent-header-meta":"default","adv-header-id-meta":"","stick-header-meta":"","header-above-stick-meta":"","header-main-stick-meta":"","header-below-stick-meta":"","astra-migrate-meta-layouts":"set","ast-page-background-enabled":"default","ast-page-background-meta":{"desktop":{"background-color":"var(--ast-global-color-4)","background-image":"","background-repeat":"repeat","background-position":"center center","background-size":"auto","background-attachment":"scroll","background-type":"","background-media":"","overlay-type":"","overlay-color":"","overlay-opacity":"","overlay-gradient":""},"tablet":{"background-color":"","background-image":"","background-repeat":"repeat","background-position":"center center","background-size":"auto","background-attachment":"scroll","background-type":"","background-media":"","overlay-type":"","overlay-color":"","overlay-opacity":"","overlay-gradient":""},"mobile":{"background-color":"","background-image":"","background-repeat":"repeat","background-position":"center center","background-size":"auto","background-attachment":"scroll","background-type":"","background-media":"","overlay-type":"","overlay-color":"","overlay-opacity":"","overlay-gradient":""}},"ast-content-background-meta":{"desktop":{"background-color":"var(--ast-global-color-5)","background-image":"","background-repeat":"repeat","background-position":"center center","background-size":"auto","background-attachment":"scroll","background-type":"","background-media":"","overlay-type":"","overlay-color":"","overlay-opacity":"","overlay-gradient":""},"tablet":{"background-color":"var(--ast-global-color-5)","background-image":"","background-repeat":"repeat","background-position":"center center","background-size":"auto","background-attachment":"scroll","background-type":"","background-media":"","overlay-type":"","overlay-color":"","overlay-opacity":"","overlay-gradient":""},"mobile":{"background-color":"var(--ast-global-color-5)","background-image":"","background-repeat":"repeat","background-position":"center center","background-size":"auto","background-attachment":"scroll","background-type":"","background-media":"","overlay-type":"","overlay-color":"","overlay-opacity":"","overlay-gradient":""}}},"product_brand":[],"product_cat":[20],"product_tag":[276,279,278,234,272,277,274,280],"giftcard-category":[],"class_list":{"0":"post-3087","1":"product","2":"type-product","3":"status-publish","4":"has-post-thumbnail","6":"product_cat-juuksehooldustooted-sampoon-palsam-mask","7":"product_tag-argaaniaoli","8":"product_tag-avokaadooli","9":"product_tag-jojobaoli","10":"product_tag-juukseoli","11":"product_tag-k-time-argan-sari","12":"product_tag-linaseemneoli","13":"product_tag-ulim-niisutus","14":"product_tag-uv-kaitse","15":"desktop-align-center","16":"tablet-align-left","17":"mobile-align-left","19":"first","20":"instock","21":"taxable","22":"shipping-taxable","23":"purchasable","24":"product-type-simple"},"yoast_head":"<!-- This site is optimized with the Yoast SEO plugin v27.4 - https:\/\/yoast.com\/product\/yoast-seo-wordpress\/ -->\n<title>K-Time Argan Delight High Lightness Oil 100ml - She Beauty Studio<\/title>\n<meta name=\"description\" content=\"Delight High Lightness juukse\u00f5li on rikastatud argaania-, linaseemne-, jojoba- ja avokaado\u00f5liga. See v\u00e4\u00e4rtuslik \u00f5lisegu koos spetsiaalsete UV-filtritega.\" \/>\n<meta name=\"robots\" content=\"index, follow, max-snippet:-1, max-image-preview:large, max-video-preview:-1\" \/>\n<link rel=\"canonical\" href=\"https:\/\/shebeauty.ee\/en\/product\/k-time-argan-delight-high-lightness-oil-100ml\/\" \/>\n<meta property=\"og:locale\" content=\"en_US\" \/>\n<meta property=\"og:type\" content=\"article\" \/>\n<meta property=\"og:title\" content=\"K-Time Argan Delight High Lightness Oil 100ml - She Beauty Studio\" \/>\n<meta property=\"og:description\" content=\"Delight High Lightness juukse\u00f5li on rikastatud argaania-, linaseemne-, jojoba- ja avokaado\u00f5liga. See v\u00e4\u00e4rtuslik \u00f5lisegu koos spetsiaalsete UV-filtritega.\" \/>\n<meta property=\"og:url\" content=\"https:\/\/shebeauty.ee\/en\/product\/k-time-argan-delight-high-lightness-oil-100ml\/\" \/>\n<meta property=\"og:site_name\" content=\"She Beauty Studio\" \/>\n<meta property=\"article:modified_time\" content=\"2025-08-20T16:24:08+00:00\" \/>\n<meta property=\"og:image\" content=\"https:\/\/shebeauty.ee\/wp-content\/uploads\/2023\/12\/K-Time-lightness-oil-100ml-scaled.jpg\" \/>\n\t<meta property=\"og:image:width\" content=\"2560\" \/>\n\t<meta property=\"og:image:height\" content=\"2560\" \/>\n\t<meta property=\"og:image:type\" content=\"image\/jpeg\" \/>\n<meta name=\"twitter:card\" content=\"summary_large_image\" \/>\n<meta name=\"twitter:label1\" content=\"Est. reading time\" \/>\n\t<meta name=\"twitter:data1\" content=\"2 minutes\" \/>\n<script type=\"application\/ld+json\" class=\"yoast-schema-graph\">{\"@context\":\"https:\\\/\\\/schema.org\",\"@graph\":[{\"@type\":\"WebPage\",\"@id\":\"https:\\\/\\\/shebeauty.ee\\\/toode\\\/k-time-argan-delight-high-lightness-oil-100ml\\\/\",\"url\":\"https:\\\/\\\/shebeauty.ee\\\/toode\\\/k-time-argan-delight-high-lightness-oil-100ml\\\/\",\"name\":\"K-Time Argan Delight High Lightness Oil 100ml - She Beauty Studio\",\"isPartOf\":{\"@id\":\"https:\\\/\\\/shebeauty.ee\\\/#website\"},\"primaryImageOfPage\":{\"@id\":\"https:\\\/\\\/shebeauty.ee\\\/toode\\\/k-time-argan-delight-high-lightness-oil-100ml\\\/#primaryimage\"},\"image\":{\"@id\":\"https:\\\/\\\/shebeauty.ee\\\/toode\\\/k-time-argan-delight-high-lightness-oil-100ml\\\/#primaryimage\"},\"thumbnailUrl\":\"https:\\\/\\\/shebeauty.ee\\\/wp-content\\\/uploads\\\/2023\\\/12\\\/K-Time-lightness-oil-100ml-scaled.jpg\",\"datePublished\":\"2023-12-02T09:11:05+00:00\",\"dateModified\":\"2025-08-20T16:24:08+00:00\",\"description\":\"Delight High Lightness juukse\u00f5li on rikastatud argaania-, linaseemne-, jojoba- ja avokaado\u00f5liga. See v\u00e4\u00e4rtuslik \u00f5lisegu koos spetsiaalsete UV-filtritega.\",\"breadcrumb\":{\"@id\":\"https:\\\/\\\/shebeauty.ee\\\/toode\\\/k-time-argan-delight-high-lightness-oil-100ml\\\/#breadcrumb\"},\"inLanguage\":\"en-US\",\"potentialAction\":[{\"@type\":\"ReadAction\",\"target\":[\"https:\\\/\\\/shebeauty.ee\\\/toode\\\/k-time-argan-delight-high-lightness-oil-100ml\\\/\"]}]},{\"@type\":\"ImageObject\",\"inLanguage\":\"en-US\",\"@id\":\"https:\\\/\\\/shebeauty.ee\\\/toode\\\/k-time-argan-delight-high-lightness-oil-100ml\\\/#primaryimage\",\"url\":\"https:\\\/\\\/shebeauty.ee\\\/wp-content\\\/uploads\\\/2023\\\/12\\\/K-Time-lightness-oil-100ml-scaled.jpg\",\"contentUrl\":\"https:\\\/\\\/shebeauty.ee\\\/wp-content\\\/uploads\\\/2023\\\/12\\\/K-Time-lightness-oil-100ml-scaled.jpg\",\"width\":2560,\"height\":2560},{\"@type\":\"BreadcrumbList\",\"@id\":\"https:\\\/\\\/shebeauty.ee\\\/toode\\\/k-time-argan-delight-high-lightness-oil-100ml\\\/#breadcrumb\",\"itemListElement\":[{\"@type\":\"ListItem\",\"position\":1,\"name\":\"Home\",\"item\":\"https:\\\/\\\/shebeauty.ee\\\/\"},{\"@type\":\"ListItem\",\"position\":2,\"name\":\"Pood\",\"item\":\"https:\\\/\\\/shebeauty.ee\\\/e-pood\\\/\"},{\"@type\":\"ListItem\",\"position\":3,\"name\":\"K-Time Argan Delight High Lightness Oil 100ml\"}]},{\"@type\":\"WebSite\",\"@id\":\"https:\\\/\\\/shebeauty.ee\\\/#website\",\"url\":\"https:\\\/\\\/shebeauty.ee\\\/\",\"name\":\"She Beauty Studio\",\"description\":\"Juuksestuudio\",\"publisher\":{\"@id\":\"https:\\\/\\\/shebeauty.ee\\\/#organization\"},\"potentialAction\":[{\"@type\":\"SearchAction\",\"target\":{\"@type\":\"EntryPoint\",\"urlTemplate\":\"https:\\\/\\\/shebeauty.ee\\\/?s={search_term_string}\"},\"query-input\":{\"@type\":\"PropertyValueSpecification\",\"valueRequired\":true,\"valueName\":\"search_term_string\"}}],\"inLanguage\":\"en-US\"},{\"@type\":\"Organization\",\"@id\":\"https:\\\/\\\/shebeauty.ee\\\/#organization\",\"name\":\"She Beauty O\u00dc\",\"url\":\"https:\\\/\\\/shebeauty.ee\\\/\",\"logo\":{\"@type\":\"ImageObject\",\"inLanguage\":\"en-US\",\"@id\":\"https:\\\/\\\/shebeauty.ee\\\/#\\\/schema\\\/logo\\\/image\\\/\",\"url\":\"https:\\\/\\\/shebeauty.ee\\\/wp-content\\\/uploads\\\/2023\\\/10\\\/IMG_0585.jpg\",\"contentUrl\":\"https:\\\/\\\/shebeauty.ee\\\/wp-content\\\/uploads\\\/2023\\\/10\\\/IMG_0585.jpg\",\"width\":1284,\"height\":1300,\"caption\":\"She Beauty O\u00dc\"},\"image\":{\"@id\":\"https:\\\/\\\/shebeauty.ee\\\/#\\\/schema\\\/logo\\\/image\\\/\"}}]}<\/script>\n<!-- \/ Yoast SEO plugin. -->","yoast_head_json":{"title":"K-Time Argan Delight High Lightness Oil 100ml - She Beauty Studio","description":"Delight High Lightness juukse\u00f5li on rikastatud argaania-, linaseemne-, jojoba- ja avokaado\u00f5liga. See v\u00e4\u00e4rtuslik \u00f5lisegu koos spetsiaalsete UV-filtritega.","robots":{"index":"index","follow":"follow","max-snippet":"max-snippet:-1","max-image-preview":"max-image-preview:large","max-video-preview":"max-video-preview:-1"},"canonical":"https:\/\/shebeauty.ee\/en\/product\/k-time-argan-delight-high-lightness-oil-100ml\/","og_locale":"en_US","og_type":"article","og_title":"K-Time Argan Delight High Lightness Oil 100ml - She Beauty Studio","og_description":"Delight High Lightness juukse\u00f5li on rikastatud argaania-, linaseemne-, jojoba- ja avokaado\u00f5liga. See v\u00e4\u00e4rtuslik \u00f5lisegu koos spetsiaalsete UV-filtritega.","og_url":"https:\/\/shebeauty.ee\/en\/product\/k-time-argan-delight-high-lightness-oil-100ml\/","og_site_name":"She Beauty Studio","article_modified_time":"2025-08-20T16:24:08+00:00","og_image":[{"width":2560,"height":2560,"url":"https:\/\/shebeauty.ee\/wp-content\/uploads\/2023\/12\/K-Time-lightness-oil-100ml-scaled.jpg","type":"image\/jpeg"}],"twitter_card":"summary_large_image","twitter_misc":{"Est. reading time":"2 minutes"},"schema":{"@context":"https:\/\/schema.org","@graph":[{"@type":"WebPage","@id":"https:\/\/shebeauty.ee\/toode\/k-time-argan-delight-high-lightness-oil-100ml\/","url":"https:\/\/shebeauty.ee\/toode\/k-time-argan-delight-high-lightness-oil-100ml\/","name":"K-Time Argan Delight High Lightness Oil 100ml - She Beauty Studio","isPartOf":{"@id":"https:\/\/shebeauty.ee\/#website"},"primaryImageOfPage":{"@id":"https:\/\/shebeauty.ee\/toode\/k-time-argan-delight-high-lightness-oil-100ml\/#primaryimage"},"image":{"@id":"https:\/\/shebeauty.ee\/toode\/k-time-argan-delight-high-lightness-oil-100ml\/#primaryimage"},"thumbnailUrl":"https:\/\/shebeauty.ee\/wp-content\/uploads\/2023\/12\/K-Time-lightness-oil-100ml-scaled.jpg","datePublished":"2023-12-02T09:11:05+00:00","dateModified":"2025-08-20T16:24:08+00:00","description":"Delight High Lightness juukse\u00f5li on rikastatud argaania-, linaseemne-, jojoba- ja avokaado\u00f5liga. See v\u00e4\u00e4rtuslik \u00f5lisegu koos spetsiaalsete UV-filtritega.","breadcrumb":{"@id":"https:\/\/shebeauty.ee\/toode\/k-time-argan-delight-high-lightness-oil-100ml\/#breadcrumb"},"inLanguage":"en-US","potentialAction":[{"@type":"ReadAction","target":["https:\/\/shebeauty.ee\/toode\/k-time-argan-delight-high-lightness-oil-100ml\/"]}]},{"@type":"ImageObject","inLanguage":"en-US","@id":"https:\/\/shebeauty.ee\/toode\/k-time-argan-delight-high-lightness-oil-100ml\/#primaryimage","url":"https:\/\/shebeauty.ee\/wp-content\/uploads\/2023\/12\/K-Time-lightness-oil-100ml-scaled.jpg","contentUrl":"https:\/\/shebeauty.ee\/wp-content\/uploads\/2023\/12\/K-Time-lightness-oil-100ml-scaled.jpg","width":2560,"height":2560},{"@type":"BreadcrumbList","@id":"https:\/\/shebeauty.ee\/toode\/k-time-argan-delight-high-lightness-oil-100ml\/#breadcrumb","itemListElement":[{"@type":"ListItem","position":1,"name":"Home","item":"https:\/\/shebeauty.ee\/"},{"@type":"ListItem","position":2,"name":"Pood","item":"https:\/\/shebeauty.ee\/e-pood\/"},{"@type":"ListItem","position":3,"name":"K-Time Argan Delight High Lightness Oil 100ml"}]},{"@type":"WebSite","@id":"https:\/\/shebeauty.ee\/#website","url":"https:\/\/shebeauty.ee\/","name":"She Beauty Studio","description":"Juuksestuudio","publisher":{"@id":"https:\/\/shebeauty.ee\/#organization"},"potentialAction":[{"@type":"SearchAction","target":{"@type":"EntryPoint","urlTemplate":"https:\/\/shebeauty.ee\/?s={search_term_string}"},"query-input":{"@type":"PropertyValueSpecification","valueRequired":true,"valueName":"search_term_string"}}],"inLanguage":"en-US"},{"@type":"Organization","@id":"https:\/\/shebeauty.ee\/#organization","name":"She Beauty O\u00dc","url":"https:\/\/shebeauty.ee\/","logo":{"@type":"ImageObject","inLanguage":"en-US","@id":"https:\/\/shebeauty.ee\/#\/schema\/logo\/image\/","url":"https:\/\/shebeauty.ee\/wp-content\/uploads\/2023\/10\/IMG_0585.jpg","contentUrl":"https:\/\/shebeauty.ee\/wp-content\/uploads\/2023\/10\/IMG_0585.jpg","width":1284,"height":1300,"caption":"She Beauty O\u00dc"},"image":{"@id":"https:\/\/shebeauty.ee\/#\/schema\/logo\/image\/"}}]}},"_links":{"self":[{"href":"https:\/\/shebeauty.ee\/en\/wp-json\/wp\/v2\/product\/3087","targetHints":{"allow":["GET"]}}],"collection":[{"href":"https:\/\/shebeauty.ee\/en\/wp-json\/wp\/v2\/product"}],"about":[{"href":"https:\/\/shebeauty.ee\/en\/wp-json\/wp\/v2\/types\/product"}],"replies":[{"embeddable":true,"href":"https:\/\/shebeauty.ee\/en\/wp-json\/wp\/v2\/comments?post=3087"}],"wp:featuredmedia":[{"embeddable":true,"href":"https:\/\/shebeauty.ee\/en\/wp-json\/wp\/v2\/media\/5671"}],"wp:attachment":[{"href":"https:\/\/shebeauty.ee\/en\/wp-json\/wp\/v2\/media?parent=3087"}],"wp:term":[{"taxonomy":"product_brand","embeddable":true,"href":"https:\/\/shebeauty.ee\/en\/wp-json\/wp\/v2\/product_brand?post=3087"},{"taxonomy":"product_cat","embeddable":true,"href":"https:\/\/shebeauty.ee\/en\/wp-json\/wp\/v2\/product_cat?post=3087"},{"taxonomy":"product_tag","embeddable":true,"href":"https:\/\/shebeauty.ee\/en\/wp-json\/wp\/v2\/product_tag?post=3087"},{"taxonomy":"giftcard-category","embeddable":true,"href":"https:\/\/shebeauty.ee\/en\/wp-json\/wp\/v2\/giftcard-category?post=3087"}],"curies":[{"name":"wp","href":"https:\/\/api.w.org\/{rel}","templated":true}]}}