{"id":3083,"date":"2023-12-02T11:11:47","date_gmt":"2023-12-02T09:11:47","guid":{"rendered":"https:\/\/shebeauty.ee\/?post_type=product&#038;p=3083"},"modified":"2025-08-23T13:13:36","modified_gmt":"2025-08-23T10:13:36","slug":"k-time-matrya-anti-dandruff-purifying-shampoo-250ml","status":"publish","type":"product","link":"https:\/\/shebeauty.ee\/en\/product\/k-time-matrya-anti-dandruff-purifying-shampoo-250ml\/","title":{"rendered":"K-Time Matrya Anti-dandruff Purifying Shampoo 250ml"},"content":{"rendered":"<p class=\"p1\"><span class=\"s1\"><strong>K-Time Matrya Anti-dandruff Purifying Shampoo <\/strong>o<\/span>n spetsiaalselt loodud k\u00f5\u00f5maga v\u00f5itlemiseks, \u00fchendades piroctone olamine&#8217;i antibakteriaalse toime ja puuviljahapete (AHA) kooriva efekti.<br data-start=\"670\" data-end=\"673\" \/>\u0160ampoon eemaldab t\u00f5husalt n\u00e4htava k\u00f5\u00f5ma, rahustab \u00e4rritunud peanahka ning aitab taastada selle loomuliku tasakaalu ilma nahka v\u00f5i juukseid kuivatamata.<\/p>\n<p data-start=\"826\" data-end=\"963\">T\u00e4nu tasakaalustatud koostisele sobib toode regulaarseks kasutamiseks, aidates hoida peanaha puhtana ning k\u00f5\u00f5mavabana pikema aja jooksul.<\/p>\n<p data-start=\"901\" data-end=\"1093\"><strong data-start=\"901\" data-end=\"916\">Usage:<\/strong><br data-start=\"916\" data-end=\"919\" \/>Kanna m\u00e4rjale peanahale ja juustesse, masseeri \u00f5rnalt, lase m\u00f5juda 2\u20133 minutit ning loputa hoolikalt. Vajadusel korda. Sobib nii kuiva kui rasuse k\u00f5\u00f5ma korral.<\/p>\n<p><strong>Ingredients:<br \/>\n<\/strong>AQUA (WATER), SODIUM COCETH SULFATE, COCAMIDOPROPYL BETAINE, SODIUM CHLORIDE, PIROCTONE OLAMINE, LAURYL LACTATE, PARFUM (FRAGRANCE), POLYQUATERNIUM-7, MENTHA PIPERITA OIL (MENTHA PIPERITA (PEPPERMINT) OIL), CITRIC ACID, LIMONENE, MELALEUCA ALTERNIFOLIA LEAF OIL (MELALEUCA ALTERNIFOLIA (TEA TREE) LEAF OIL), HEXYL CINNAMAL, LINALOOL, GLYCERIN, MAGNESIUM NITRATE, BENZYL SALICYLATE, SODIUM BENZOATE, LACTIC ACID, GLYCOLIC ACID, ALPHA-ISOMETHYL IONONE, MAGNESIUM CHLORIDE, METHYLCHLOROISOTHIAZOLINONE, MALIC ACID, TARTARIC ACID, MELIA AZADIRACHTA SEED OIL, METHYLISOTHIAZOLINONE, CITRUS LIMON PEEL EXTRACT (CITRUS MEDICA LIMONUM (LEMON) PEEL EXTRACT), SACCHARUM OFFICINARUM EXTRACT, PYRUS MALUS EXTRACT (PYRUS MALUS (APPLE) FRUIT EXTRACT), VITIS VINIFERA LEAF EXTRACT (VITIS VINIFERA (GRAPE) FRUIT EXTRACT), VACCINIUM MYRTILLUS EXTRACT (VACCINUM MYRTILLUS FRUIT EXTRACT).<strong><br \/>\n<\/strong><\/p>\n<p><strong>The list of ingredients could change. Always refer to the product packaging for the most up-to-date ingredient list.<\/strong><br \/>\n<strong>Koostisosade loetelu v\u00f5ib muutuda. K\u00f5ige ajakohasema koostisosade loetelu leiad alati toote pakendilt.<\/strong><\/p>\n<p class=\"p1\"><span class=\"s1\">Importer: Beauty Cosmetics O\u00dc, Kaupmehe 6, Tallinn <a href=\"https:\/\/shebeauty.ee\/en\/\"><span class=\"s2\">www.shebeauty.ee<\/span><\/a><\/span><\/p>","protected":false},"excerpt":{"rendered":"<p>(<em>Liitrihind: 104,00 \u20ac\/l<\/em>)<br data-start=\"327\" data-end=\"330\" \/>T\u00f5hus, kuid \u00f5rn k\u00f5\u00f5mavastane \u0161ampoon, mis puhastab s\u00fcgavuti ja tasakaalustab peanahka, s\u00e4ilitades naha ja juuste loomuliku pH.<\/p>","protected":false},"featured_media":5698,"comment_status":"open","ping_status":"closed","template":"","meta":{"site-sidebar-layout":"default","site-content-layout":"","ast-site-content-layout":"default","site-content-style":"default","site-sidebar-style":"default","ast-global-header-display":"","ast-banner-title-visibility":"","ast-main-header-display":"","ast-hfb-above-header-display":"","ast-hfb-below-header-display":"","ast-hfb-mobile-header-display":"","site-post-title":"","ast-breadcrumbs-content":"","ast-featured-img":"","footer-sml-layout":"","ast-disable-related-posts":"","theme-transparent-header-meta":"default","adv-header-id-meta":"","stick-header-meta":"","header-above-stick-meta":"","header-main-stick-meta":"","header-below-stick-meta":"","astra-migrate-meta-layouts":"set","ast-page-background-enabled":"default","ast-page-background-meta":{"desktop":{"background-color":"var(--ast-global-color-4)","background-image":"","background-repeat":"repeat","background-position":"center center","background-size":"auto","background-attachment":"scroll","background-type":"","background-media":"","overlay-type":"","overlay-color":"","overlay-opacity":"","overlay-gradient":""},"tablet":{"background-color":"","background-image":"","background-repeat":"repeat","background-position":"center center","background-size":"auto","background-attachment":"scroll","background-type":"","background-media":"","overlay-type":"","overlay-color":"","overlay-opacity":"","overlay-gradient":""},"mobile":{"background-color":"","background-image":"","background-repeat":"repeat","background-position":"center center","background-size":"auto","background-attachment":"scroll","background-type":"","background-media":"","overlay-type":"","overlay-color":"","overlay-opacity":"","overlay-gradient":""}},"ast-content-background-meta":{"desktop":{"background-color":"var(--ast-global-color-5)","background-image":"","background-repeat":"repeat","background-position":"center center","background-size":"auto","background-attachment":"scroll","background-type":"","background-media":"","overlay-type":"","overlay-color":"","overlay-opacity":"","overlay-gradient":""},"tablet":{"background-color":"var(--ast-global-color-5)","background-image":"","background-repeat":"repeat","background-position":"center center","background-size":"auto","background-attachment":"scroll","background-type":"","background-media":"","overlay-type":"","overlay-color":"","overlay-opacity":"","overlay-gradient":""},"mobile":{"background-color":"var(--ast-global-color-5)","background-image":"","background-repeat":"repeat","background-position":"center center","background-size":"auto","background-attachment":"scroll","background-type":"","background-media":"","overlay-type":"","overlay-color":"","overlay-opacity":"","overlay-gradient":""}}},"product_brand":[],"product_cat":[20],"product_tag":[296,298,142,301,300,299,267],"giftcard-category":[],"class_list":{"0":"post-3083","1":"product","2":"type-product","3":"status-publish","4":"has-post-thumbnail","6":"product_cat-juuksehooldustooted-sampoon-palsam-mask","7":"product_tag-k-time-matirya-sari","8":"product_tag-koomavastane","9":"product_tag-niisutav","10":"product_tag-rahustav","11":"product_tag-rasuse-ja-kuiva-kooma-puhul","12":"product_tag-sugavuti-puhastav","13":"product_tag-taastab-ph-tasakaalu","14":"desktop-align-center","15":"tablet-align-left","16":"mobile-align-left","18":"first","19":"instock","20":"taxable","21":"shipping-taxable","22":"purchasable","23":"product-type-simple"},"yoast_head":"<!-- This site is optimized with the Yoast SEO plugin v27.4 - https:\/\/yoast.com\/product\/yoast-seo-wordpress\/ -->\n<title>K-Time Matrya Anti-dandruff Purifying Shampoo 250ml - She Beauty Studio<\/title>\n<meta name=\"description\" content=\"T\u00f5hus, kuid \u00f5rn k\u00f5\u00f5mavastane \u0161ampoon, mis puhastab s\u00fcgavuti ja tasakaalustab peanahka, s\u00e4ilitades naha ja juuste loomuliku pH.\" \/>\n<meta name=\"robots\" content=\"index, follow, max-snippet:-1, max-image-preview:large, max-video-preview:-1\" \/>\n<link rel=\"canonical\" href=\"https:\/\/shebeauty.ee\/en\/product\/k-time-matrya-anti-dandruff-purifying-shampoo-250ml\/\" \/>\n<meta property=\"og:locale\" content=\"en_US\" \/>\n<meta property=\"og:type\" content=\"article\" \/>\n<meta property=\"og:title\" content=\"K-Time Matrya Anti-dandruff Purifying Shampoo 250ml - She Beauty Studio\" \/>\n<meta property=\"og:description\" content=\"T\u00f5hus, kuid \u00f5rn k\u00f5\u00f5mavastane \u0161ampoon, mis puhastab s\u00fcgavuti ja tasakaalustab peanahka, s\u00e4ilitades naha ja juuste loomuliku pH.\" \/>\n<meta property=\"og:url\" content=\"https:\/\/shebeauty.ee\/en\/product\/k-time-matrya-anti-dandruff-purifying-shampoo-250ml\/\" \/>\n<meta property=\"og:site_name\" content=\"She Beauty Studio\" \/>\n<meta property=\"article:modified_time\" content=\"2025-08-23T10:13:36+00:00\" \/>\n<meta property=\"og:image\" content=\"https:\/\/shebeauty.ee\/wp-content\/uploads\/2023\/12\/Matrya-Anti-dandruff-scaled.jpg\" \/>\n\t<meta property=\"og:image:width\" content=\"2560\" \/>\n\t<meta property=\"og:image:height\" content=\"2560\" \/>\n\t<meta property=\"og:image:type\" content=\"image\/jpeg\" \/>\n<meta name=\"twitter:card\" content=\"summary_large_image\" \/>\n<meta name=\"twitter:label1\" content=\"Est. reading time\" \/>\n\t<meta name=\"twitter:data1\" content=\"2 minutes\" \/>\n<script type=\"application\/ld+json\" class=\"yoast-schema-graph\">{\"@context\":\"https:\\\/\\\/schema.org\",\"@graph\":[{\"@type\":\"WebPage\",\"@id\":\"https:\\\/\\\/shebeauty.ee\\\/toode\\\/k-time-matrya-anti-dandruff-purifying-shampoo-250ml\\\/\",\"url\":\"https:\\\/\\\/shebeauty.ee\\\/toode\\\/k-time-matrya-anti-dandruff-purifying-shampoo-250ml\\\/\",\"name\":\"K-Time Matrya Anti-dandruff Purifying Shampoo 250ml - She Beauty Studio\",\"isPartOf\":{\"@id\":\"https:\\\/\\\/shebeauty.ee\\\/#website\"},\"primaryImageOfPage\":{\"@id\":\"https:\\\/\\\/shebeauty.ee\\\/toode\\\/k-time-matrya-anti-dandruff-purifying-shampoo-250ml\\\/#primaryimage\"},\"image\":{\"@id\":\"https:\\\/\\\/shebeauty.ee\\\/toode\\\/k-time-matrya-anti-dandruff-purifying-shampoo-250ml\\\/#primaryimage\"},\"thumbnailUrl\":\"https:\\\/\\\/shebeauty.ee\\\/wp-content\\\/uploads\\\/2023\\\/12\\\/Matrya-Anti-dandruff-scaled.jpg\",\"datePublished\":\"2023-12-02T09:11:47+00:00\",\"dateModified\":\"2025-08-23T10:13:36+00:00\",\"description\":\"T\u00f5hus, kuid \u00f5rn k\u00f5\u00f5mavastane \u0161ampoon, mis puhastab s\u00fcgavuti ja tasakaalustab peanahka, s\u00e4ilitades naha ja juuste loomuliku pH.\",\"breadcrumb\":{\"@id\":\"https:\\\/\\\/shebeauty.ee\\\/toode\\\/k-time-matrya-anti-dandruff-purifying-shampoo-250ml\\\/#breadcrumb\"},\"inLanguage\":\"en-US\",\"potentialAction\":[{\"@type\":\"ReadAction\",\"target\":[\"https:\\\/\\\/shebeauty.ee\\\/toode\\\/k-time-matrya-anti-dandruff-purifying-shampoo-250ml\\\/\"]}]},{\"@type\":\"ImageObject\",\"inLanguage\":\"en-US\",\"@id\":\"https:\\\/\\\/shebeauty.ee\\\/toode\\\/k-time-matrya-anti-dandruff-purifying-shampoo-250ml\\\/#primaryimage\",\"url\":\"https:\\\/\\\/shebeauty.ee\\\/wp-content\\\/uploads\\\/2023\\\/12\\\/Matrya-Anti-dandruff-scaled.jpg\",\"contentUrl\":\"https:\\\/\\\/shebeauty.ee\\\/wp-content\\\/uploads\\\/2023\\\/12\\\/Matrya-Anti-dandruff-scaled.jpg\",\"width\":2560,\"height\":2560},{\"@type\":\"BreadcrumbList\",\"@id\":\"https:\\\/\\\/shebeauty.ee\\\/toode\\\/k-time-matrya-anti-dandruff-purifying-shampoo-250ml\\\/#breadcrumb\",\"itemListElement\":[{\"@type\":\"ListItem\",\"position\":1,\"name\":\"Home\",\"item\":\"https:\\\/\\\/shebeauty.ee\\\/\"},{\"@type\":\"ListItem\",\"position\":2,\"name\":\"Pood\",\"item\":\"https:\\\/\\\/shebeauty.ee\\\/e-pood\\\/\"},{\"@type\":\"ListItem\",\"position\":3,\"name\":\"K-Time Matrya Anti-dandruff Purifying Shampoo 250ml\"}]},{\"@type\":\"WebSite\",\"@id\":\"https:\\\/\\\/shebeauty.ee\\\/#website\",\"url\":\"https:\\\/\\\/shebeauty.ee\\\/\",\"name\":\"She Beauty Studio\",\"description\":\"Juuksestuudio\",\"publisher\":{\"@id\":\"https:\\\/\\\/shebeauty.ee\\\/#organization\"},\"potentialAction\":[{\"@type\":\"SearchAction\",\"target\":{\"@type\":\"EntryPoint\",\"urlTemplate\":\"https:\\\/\\\/shebeauty.ee\\\/?s={search_term_string}\"},\"query-input\":{\"@type\":\"PropertyValueSpecification\",\"valueRequired\":true,\"valueName\":\"search_term_string\"}}],\"inLanguage\":\"en-US\"},{\"@type\":\"Organization\",\"@id\":\"https:\\\/\\\/shebeauty.ee\\\/#organization\",\"name\":\"She Beauty O\u00dc\",\"url\":\"https:\\\/\\\/shebeauty.ee\\\/\",\"logo\":{\"@type\":\"ImageObject\",\"inLanguage\":\"en-US\",\"@id\":\"https:\\\/\\\/shebeauty.ee\\\/#\\\/schema\\\/logo\\\/image\\\/\",\"url\":\"https:\\\/\\\/shebeauty.ee\\\/wp-content\\\/uploads\\\/2023\\\/10\\\/IMG_0585.jpg\",\"contentUrl\":\"https:\\\/\\\/shebeauty.ee\\\/wp-content\\\/uploads\\\/2023\\\/10\\\/IMG_0585.jpg\",\"width\":1284,\"height\":1300,\"caption\":\"She Beauty O\u00dc\"},\"image\":{\"@id\":\"https:\\\/\\\/shebeauty.ee\\\/#\\\/schema\\\/logo\\\/image\\\/\"}}]}<\/script>\n<!-- \/ Yoast SEO plugin. -->","yoast_head_json":{"title":"K-Time Matrya Anti-dandruff Purifying Shampoo 250ml - She Beauty Studio","description":"T\u00f5hus, kuid \u00f5rn k\u00f5\u00f5mavastane \u0161ampoon, mis puhastab s\u00fcgavuti ja tasakaalustab peanahka, s\u00e4ilitades naha ja juuste loomuliku pH.","robots":{"index":"index","follow":"follow","max-snippet":"max-snippet:-1","max-image-preview":"max-image-preview:large","max-video-preview":"max-video-preview:-1"},"canonical":"https:\/\/shebeauty.ee\/en\/product\/k-time-matrya-anti-dandruff-purifying-shampoo-250ml\/","og_locale":"en_US","og_type":"article","og_title":"K-Time Matrya Anti-dandruff Purifying Shampoo 250ml - She Beauty Studio","og_description":"T\u00f5hus, kuid \u00f5rn k\u00f5\u00f5mavastane \u0161ampoon, mis puhastab s\u00fcgavuti ja tasakaalustab peanahka, s\u00e4ilitades naha ja juuste loomuliku pH.","og_url":"https:\/\/shebeauty.ee\/en\/product\/k-time-matrya-anti-dandruff-purifying-shampoo-250ml\/","og_site_name":"She Beauty Studio","article_modified_time":"2025-08-23T10:13:36+00:00","og_image":[{"width":2560,"height":2560,"url":"https:\/\/shebeauty.ee\/wp-content\/uploads\/2023\/12\/Matrya-Anti-dandruff-scaled.jpg","type":"image\/jpeg"}],"twitter_card":"summary_large_image","twitter_misc":{"Est. reading time":"2 minutes"},"schema":{"@context":"https:\/\/schema.org","@graph":[{"@type":"WebPage","@id":"https:\/\/shebeauty.ee\/toode\/k-time-matrya-anti-dandruff-purifying-shampoo-250ml\/","url":"https:\/\/shebeauty.ee\/toode\/k-time-matrya-anti-dandruff-purifying-shampoo-250ml\/","name":"K-Time Matrya Anti-dandruff Purifying Shampoo 250ml - She Beauty Studio","isPartOf":{"@id":"https:\/\/shebeauty.ee\/#website"},"primaryImageOfPage":{"@id":"https:\/\/shebeauty.ee\/toode\/k-time-matrya-anti-dandruff-purifying-shampoo-250ml\/#primaryimage"},"image":{"@id":"https:\/\/shebeauty.ee\/toode\/k-time-matrya-anti-dandruff-purifying-shampoo-250ml\/#primaryimage"},"thumbnailUrl":"https:\/\/shebeauty.ee\/wp-content\/uploads\/2023\/12\/Matrya-Anti-dandruff-scaled.jpg","datePublished":"2023-12-02T09:11:47+00:00","dateModified":"2025-08-23T10:13:36+00:00","description":"T\u00f5hus, kuid \u00f5rn k\u00f5\u00f5mavastane \u0161ampoon, mis puhastab s\u00fcgavuti ja tasakaalustab peanahka, s\u00e4ilitades naha ja juuste loomuliku pH.","breadcrumb":{"@id":"https:\/\/shebeauty.ee\/toode\/k-time-matrya-anti-dandruff-purifying-shampoo-250ml\/#breadcrumb"},"inLanguage":"en-US","potentialAction":[{"@type":"ReadAction","target":["https:\/\/shebeauty.ee\/toode\/k-time-matrya-anti-dandruff-purifying-shampoo-250ml\/"]}]},{"@type":"ImageObject","inLanguage":"en-US","@id":"https:\/\/shebeauty.ee\/toode\/k-time-matrya-anti-dandruff-purifying-shampoo-250ml\/#primaryimage","url":"https:\/\/shebeauty.ee\/wp-content\/uploads\/2023\/12\/Matrya-Anti-dandruff-scaled.jpg","contentUrl":"https:\/\/shebeauty.ee\/wp-content\/uploads\/2023\/12\/Matrya-Anti-dandruff-scaled.jpg","width":2560,"height":2560},{"@type":"BreadcrumbList","@id":"https:\/\/shebeauty.ee\/toode\/k-time-matrya-anti-dandruff-purifying-shampoo-250ml\/#breadcrumb","itemListElement":[{"@type":"ListItem","position":1,"name":"Home","item":"https:\/\/shebeauty.ee\/"},{"@type":"ListItem","position":2,"name":"Pood","item":"https:\/\/shebeauty.ee\/e-pood\/"},{"@type":"ListItem","position":3,"name":"K-Time Matrya Anti-dandruff Purifying Shampoo 250ml"}]},{"@type":"WebSite","@id":"https:\/\/shebeauty.ee\/#website","url":"https:\/\/shebeauty.ee\/","name":"She Beauty Studio","description":"Juuksestuudio","publisher":{"@id":"https:\/\/shebeauty.ee\/#organization"},"potentialAction":[{"@type":"SearchAction","target":{"@type":"EntryPoint","urlTemplate":"https:\/\/shebeauty.ee\/?s={search_term_string}"},"query-input":{"@type":"PropertyValueSpecification","valueRequired":true,"valueName":"search_term_string"}}],"inLanguage":"en-US"},{"@type":"Organization","@id":"https:\/\/shebeauty.ee\/#organization","name":"She Beauty O\u00dc","url":"https:\/\/shebeauty.ee\/","logo":{"@type":"ImageObject","inLanguage":"en-US","@id":"https:\/\/shebeauty.ee\/#\/schema\/logo\/image\/","url":"https:\/\/shebeauty.ee\/wp-content\/uploads\/2023\/10\/IMG_0585.jpg","contentUrl":"https:\/\/shebeauty.ee\/wp-content\/uploads\/2023\/10\/IMG_0585.jpg","width":1284,"height":1300,"caption":"She Beauty O\u00dc"},"image":{"@id":"https:\/\/shebeauty.ee\/#\/schema\/logo\/image\/"}}]}},"_links":{"self":[{"href":"https:\/\/shebeauty.ee\/en\/wp-json\/wp\/v2\/product\/3083","targetHints":{"allow":["GET"]}}],"collection":[{"href":"https:\/\/shebeauty.ee\/en\/wp-json\/wp\/v2\/product"}],"about":[{"href":"https:\/\/shebeauty.ee\/en\/wp-json\/wp\/v2\/types\/product"}],"replies":[{"embeddable":true,"href":"https:\/\/shebeauty.ee\/en\/wp-json\/wp\/v2\/comments?post=3083"}],"wp:featuredmedia":[{"embeddable":true,"href":"https:\/\/shebeauty.ee\/en\/wp-json\/wp\/v2\/media\/5698"}],"wp:attachment":[{"href":"https:\/\/shebeauty.ee\/en\/wp-json\/wp\/v2\/media?parent=3083"}],"wp:term":[{"taxonomy":"product_brand","embeddable":true,"href":"https:\/\/shebeauty.ee\/en\/wp-json\/wp\/v2\/product_brand?post=3083"},{"taxonomy":"product_cat","embeddable":true,"href":"https:\/\/shebeauty.ee\/en\/wp-json\/wp\/v2\/product_cat?post=3083"},{"taxonomy":"product_tag","embeddable":true,"href":"https:\/\/shebeauty.ee\/en\/wp-json\/wp\/v2\/product_tag?post=3083"},{"taxonomy":"giftcard-category","embeddable":true,"href":"https:\/\/shebeauty.ee\/en\/wp-json\/wp\/v2\/giftcard-category?post=3083"}],"curies":[{"name":"wp","href":"https:\/\/api.w.org\/{rel}","templated":true}]}}